{"id":53500,"date":"2019-08-02T12:52:27","date_gmt":"2019-08-02T09:52:27","guid":{"rendered":"https:\/\/rodoaed.ee\/toode\/hakkuri-tc-12-el-160-elegantti\/"},"modified":"2026-04-13T11:07:10","modified_gmt":"2026-04-13T08:07:10","slug":"hakkuri-tc-12-el-160-elegantti","status":"publish","type":"product","link":"https:\/\/rodoaed.ee\/fi\/tuote\/hakkuri-tc-12-el-160-elegantti\/","title":{"rendered":"Hakkuri TC-12 EL\/160 Elegantti"},"content":{"rendered":"<h2>TRE Spade -jauhatusmyllyt, jotka on suunniteltu k\u00e4ytett\u00e4v\u00e4ksi kotikeitti\u00f6iss\u00e4, ravintoloissa ja suurkeitti\u00f6iss\u00e4.<\/h2>\n<p>TRE Spade -tuotemerkki on ollut tunnettu Euroopassa ja ymp\u00e4ri maailmaa yli 120 vuoden ajan eritt\u00e4in kest\u00e4vien eli &#8221;elinik\u00e4isten&#8221; keitti\u00f6koneiden valmistajana. T\u00e4h\u00e4n asti laitteet on valmistettu Euroopassa, Italian tehtaalla Torinossa.  Ainoastaan kest\u00e4vimpi\u00e4 materiaaleja, kuten ruostumatonta ter\u00e4st\u00e4 ja valurautaa, k\u00e4ytet\u00e4\u00e4n.<\/p>\n<p>TRE Spade on kuuluisa my\u00f6s palkituista muotoiluistaan. Tavallisesti ammattikeitti\u00f6ihin tarkoitettuja laitteita valmistavat tehtaat eiv\u00e4t aseta suunnittelua etusijalle, vaan tehokkuus on etusijalla. Italialainen edell\u00e4k\u00e4vij\u00e4 on kuitenkin tunnettu teknologisesta innovaatiosta, pitk\u00e4aikaisesta kest\u00e4vyydest\u00e4 ja palkitusta muotoilusta.   Viime vuosina heid\u00e4n tuotteilleen on my\u00f6nnetty useita Euroopan parhaita muotoilupalkintoja.<\/p>\n<h2>T\u00e4rkeimm\u00e4t ominaisuudet:<\/h2>\n<ul>\n<li>Runko, ruuvi ja ruuvirengas on valmistettu valuraudasta.<\/li>\n<li>Yl\u00e4alusta ja pohja ruostumatonta ter\u00e4st\u00e4<\/li>\n<li>Moottorin kansi ruostumatonta ter\u00e4st\u00e4<\/li>\n<li>Itsest\u00e4\u00e4n teroittuvat ruostumattomasta ter\u00e4ksest\u00e4 valmistetut veitset ja lautaset<\/li>\n<li>Asynkroninen yksivaiheinen induktiomoottori 220 V\/50Hz<\/li>\n<li>Nopea purkaminen k\u00e4tev\u00e4\u00e4 puhdistusta varten<\/li>\n<li>Tomaattipuristin ja mehunpoistomoduuli voidaan lis\u00e4t\u00e4 lis\u00e4varusteena.<\/li>\n<li><span style=\"line-height: 1;\">Helppo k\u00e4ytt\u00e4\u00e4<\/span><\/li>\n<\/ul>\n<ul>\n<li>Kompakti ja vakaa<\/li>\n<li><span style=\"line-height: 1;\">PLUS ruostumattomasta ter\u00e4ksest\u00e4 valmistettu pohjalevy<\/span><\/li>\n<\/ul>\n<h2>Tekniset tiedot:<\/h2>\n<ul>\n<li>Moottorin teho: 480 W<\/li>\n<li>Ruuvin py\u00f6rimisnopeus: 160 rpm<\/li>\n<li>Tuottavuus: 120 kg tunnissa<\/li>\n<li>Paino: 13 kg<\/li>\n<li>Mitat: 24x 47x 39 cm<\/li>\n<\/ul>\n<p><a href=\"https:\/\/rodoaed.ee\/fi\/\">kotisivu<\/a> <a href=\"https:\/\/rodoaed.ee\/fi\/tootekategooria\/keittiolaitteet\/\">k\u00e4ynnist\u00e4<\/a> <a href=\"https:\/\/rodoaed.ee\/fi\/tootekategooria\/keittiolaitteet\/chippers\/\">jauhelihakoneet<\/a><\/p>\n<div data-fullscreen=\"disabled\" data-mode=\"normal\" data-oembed=\"1\" data-provider=\"youtube\" data-reset-after-played id=\"arve-youtube-nyfn1wyz8mk\" class=\"arve\">\n<div class=\"arve-inner\">\n<div style=\"aspect-ratio:1140\/641\" class=\"arve-embed arve-embed--has-aspect-ratio\">\n<div class=\"arve-ar\" style=\"padding-top:56.228070%\"><\/div>\n<p>\t\t\t<iframe allow=\"accelerometer &apos;none&apos;;autoplay &apos;none&apos;;bluetooth &apos;none&apos;;browsing-topics &apos;none&apos;;camera &apos;none&apos;;clipboard-read &apos;none&apos;;clipboard-write;display-capture &apos;none&apos;;encrypted-media &apos;none&apos;;gamepad &apos;none&apos;;geolocation &apos;none&apos;;gyroscope &apos;none&apos;;hid &apos;none&apos;;identity-credentials-get &apos;none&apos;;idle-detection &apos;none&apos;;keyboard-map &apos;none&apos;;local-fonts;magnetometer &apos;none&apos;;microphone &apos;none&apos;;midi &apos;none&apos;;otp-credentials &apos;none&apos;;payment &apos;none&apos;;picture-in-picture;publickey-credentials-create &apos;none&apos;;publickey-credentials-get &apos;none&apos;;screen-wake-lock &apos;none&apos;;serial &apos;none&apos;;summarizer &apos;none&apos;;sync-xhr;usb &apos;none&apos;;web-share;window-management &apos;none&apos;;xr-spatial-tracking &apos;none&apos;;\" allowfullscreen=\"\" class=\"arve-iframe fitvidsignore\" credentialless data-arve=\"arve-youtube-nyfn1wyz8mk\" data-lenis-prevent=\"\" data-src-no-ap=\"https:\/\/www.youtube-nocookie.com\/embed\/NYFN1wyz8Mk?feature=oembed&amp;iv_load_policy=3&amp;modestbranding=1&amp;rel=0&amp;autohide=1&amp;playsinline=0&amp;autoplay=0&amp;enablejsapi=1\" frameborder=\"0\" height=\"0\" loading=\"lazy\" name=\"\" referrerpolicy=\"strict-origin-when-cross-origin\" sandbox=\"allow-scripts allow-same-origin allow-presentation allow-popups allow-popups-to-escape-sandbox\" scrolling=\"no\" src=\"https:\/\/www.youtube-nocookie.com\/embed\/NYFN1wyz8Mk?feature=oembed&#038;iv_load_policy=3&#038;modestbranding=1&#038;rel=0&#038;autohide=1&#038;playsinline=0&#038;autoplay=0&#038;enablejsapi=1\" title=\"hakklihamasina valimine\" width=\"0\"><\/iframe><\/p><\/div>\n<\/p><\/div>\n<p>\t<script type=\"application\/ld+json\">{\"@context\":\"http:\\\/\\\/schema.org\\\/\",\"@id\":\"https:\\\/\\\/rodoaed.ee\\\/fi\\\/tuote\\\/hakkuri-tc-12-el-160-elegantti\\\/#arve-youtube-nyfn1wyz8mk\",\"type\":\"VideoObject\",\"embedURL\":\"https:\\\/\\\/www.youtube-nocookie.com\\\/embed\\\/NYFN1wyz8Mk?feature=oembed&iv_load_policy=3&modestbranding=1&rel=0&autohide=1&playsinline=0&autoplay=0&enablejsapi=1\",\"name\":\"hakklihamasina valimine\",\"thumbnailUrl\":\"https:\\\/\\\/i.ytimg.com\\\/vi\\\/NYFN1wyz8Mk\\\/hqdefault.jpg\",\"uploadDate\":\"2026-04-20T17:40:38+03:00\",\"author\":\"www.Rodoaed.ee\",\"description\":\"TRE Spade -jauhatusmyllyt, jotka on suunniteltu k\\u00e4ytett\\u00e4v\\u00e4ksi kotikeitti\\u00f6iss\\u00e4, ravintoloissa ja suurkeitti\\u00f6iss\\u00e4. TRE Spade -tuotemerkki on ollut tunnettu Euroopassa ja ymp\\u00e4ri maailmaa yli 120 vuoden ajan eritt\\u00e4in kest\\u00e4vien eli \\\"elinik\\u00e4isten\\\" keitti\\u00f6koneiden valmistajana. T\\u00e4h\\u00e4n asti laitteet on valmi\"}<\/script><\/p>\n<\/div>\n<p>&nbsp;<\/p>\n","protected":false},"excerpt":{"rendered":"<p>TRE Spade -jauhatusmyllyt, jotka on suunniteltu k\u00e4ytett\u00e4v\u00e4ksi kotikeitti\u00f6iss\u00e4, ravintoloissa ja suurkeitti\u00f6iss\u00e4. TRE Spade -tuotemerkki on ollut tunnettu Euroopassa ja ymp\u00e4ri maailmaa yli 120 vuoden ajan eritt\u00e4in kest\u00e4vien eli &#8221;elinik\u00e4isten&#8221; keitti\u00f6koneiden valmistajana. T\u00e4h\u00e4n asti laitteet on valmistettu Euroopassa, Italian tehtaalla Torinossa. Ainoastaan kest\u00e4vimpi\u00e4 materiaaleja, kuten ruostumatonta ter\u00e4st\u00e4 ja valurautaa, k\u00e4ytet\u00e4\u00e4n. TRE Spade on kuuluisa my\u00f6s palkituista muotoiluistaan. Tavallisesti ammattikeitti\u00f6ihin tarkoitettuja laitteita valmistavat tehtaat eiv\u00e4t aseta suunnittelua&#8230;<\/p>\n","protected":false},"featured_media":17870,"template":"","meta":{"_acf_changed":false},"product_brand":[],"product_cat":[1919,1751,1834],"product_tag":[],"class_list":{"0":"post-53500","1":"product","2":"type-product","3":"status-publish","4":"has-post-thumbnail","6":"product_cat-chippers","7":"product_cat-keittiolaitteet","8":"product_cat-lahjat-metsastajalle","9":"product_shipping_class-toimitus-1-3-tyopaivan-kuluessa","10":"pa_variatsioon-15-hakkuri-tc-12-el-160-elegantti","12":"first","13":"onbackorder","14":"sale","15":"taxable","16":"shipping-taxable","17":"purchasable","18":"product-type-simple"},"acf":[],"yoast_head":"<!-- This site is optimized with the Yoast SEO Premium plugin v27.3 (Yoast SEO v27.3) - https:\/\/yoast.com\/product\/yoast-seo-premium-wordpress\/ -->\n<title>Hakkuri TC-12 EL\/160 Elegantti -% Rodoaed jauhinkoneet<\/title>\n<meta name=\"description\" content=\"Luotettavat italialaiset jauhelihapihvit kotikeitti\u00f6\u00f6n ja ammattik\u00e4ytt\u00e4jille. Kiinte\u00e4t metalliset liikkuvat osat takaavat korkean luotettavuuden my\u00f6s eritt\u00e4in raskaassa ty\u00f6tahdissa.\" \/>\n<meta name=\"robots\" content=\"index, follow, max-snippet:-1, max-image-preview:large, max-video-preview:-1\" \/>\n<link rel=\"canonical\" href=\"https:\/\/rodoaed.ee\/fi\/toode\/hakkuri-tc-12-el-160-elegantti\/\" \/>\n<meta property=\"og:locale\" content=\"fi_FI\" \/>\n<meta property=\"og:type\" content=\"article\" \/>\n<meta property=\"og:title\" content=\"Hakkuri TC-12 EL\/160 Elegantti\" \/>\n<meta property=\"og:description\" content=\"TRE Spade -jauhatusmyllyt, jotka on suunniteltu k\u00e4ytett\u00e4v\u00e4ksi kotikeitti\u00f6iss\u00e4, ravintoloissa ja suurkeitti\u00f6iss\u00e4. TRE Spade -tuotemerkki on ollut tunnettu\" \/>\n<meta property=\"og:url\" content=\"https:\/\/rodoaed.ee\/fi\/toode\/hakkuri-tc-12-el-160-elegantti\/\" \/>\n<meta property=\"og:site_name\" content=\"Rodoaed\" \/>\n<meta property=\"article:publisher\" content=\"https:\/\/www.facebook.com\/kasvuhooned\/\" \/>\n<meta property=\"article:modified_time\" content=\"2026-04-13T08:07:10+00:00\" \/>\n<meta property=\"og:image\" content=\"https:\/\/rodoaed.ee\/wp-content\/uploads\/2019\/07\/hakklihamasin_TC12EL160-Elegant_19000_VE.jpg\" \/>\n\t<meta property=\"og:image:width\" content=\"533\" \/>\n\t<meta property=\"og:image:height\" content=\"800\" \/>\n\t<meta property=\"og:image:type\" content=\"image\/jpeg\" \/>\n<meta name=\"twitter:card\" content=\"summary_large_image\" \/>\n<meta name=\"twitter:label1\" content=\"Arvioitu lukuaika\" \/>\n\t<meta name=\"twitter:data1\" content=\"1 minuutti\" \/>\n<script type=\"application\/ld+json\" class=\"yoast-schema-graph\">{\"@context\":\"https:\\\/\\\/schema.org\",\"@graph\":[{\"@type\":\"WebPage\",\"@id\":\"https:\\\/\\\/rodoaed.ee\\\/fi\\\/toode\\\/hakkuri-tc-12-el-160-elegantti\\\/\",\"url\":\"https:\\\/\\\/rodoaed.ee\\\/fi\\\/toode\\\/hakkuri-tc-12-el-160-elegantti\\\/\",\"name\":\"Hakkuri TC-12 EL\\\/160 Elegantti -% Rodoaed jauhinkoneet\",\"isPartOf\":{\"@id\":\"https:\\\/\\\/rodoaed.ee\\\/#website\"},\"primaryImageOfPage\":{\"@id\":\"https:\\\/\\\/rodoaed.ee\\\/fi\\\/toode\\\/hakkuri-tc-12-el-160-elegantti\\\/#primaryimage\"},\"image\":{\"@id\":\"https:\\\/\\\/rodoaed.ee\\\/fi\\\/toode\\\/hakkuri-tc-12-el-160-elegantti\\\/#primaryimage\"},\"thumbnailUrl\":\"https:\\\/\\\/rodoaed.ee\\\/wp-content\\\/uploads\\\/2019\\\/07\\\/hakklihamasin_TC12EL160-Elegant_19000_VE.jpg\",\"datePublished\":\"2019-08-02T09:52:27+00:00\",\"dateModified\":\"2026-04-13T08:07:10+00:00\",\"description\":\"Luotettavat italialaiset jauhelihapihvit kotikeitti\u00f6\u00f6n ja ammattik\u00e4ytt\u00e4jille. Kiinte\u00e4t metalliset liikkuvat osat takaavat korkean luotettavuuden my\u00f6s eritt\u00e4in raskaassa ty\u00f6tahdissa.\",\"breadcrumb\":{\"@id\":\"https:\\\/\\\/rodoaed.ee\\\/fi\\\/toode\\\/hakkuri-tc-12-el-160-elegantti\\\/#breadcrumb\"},\"inLanguage\":\"fi\",\"potentialAction\":[{\"@type\":\"ReadAction\",\"target\":[\"https:\\\/\\\/rodoaed.ee\\\/fi\\\/toode\\\/hakkuri-tc-12-el-160-elegantti\\\/\"]}]},{\"@type\":\"ImageObject\",\"inLanguage\":\"fi\",\"@id\":\"https:\\\/\\\/rodoaed.ee\\\/fi\\\/toode\\\/hakkuri-tc-12-el-160-elegantti\\\/#primaryimage\",\"url\":\"https:\\\/\\\/rodoaed.ee\\\/wp-content\\\/uploads\\\/2019\\\/07\\\/hakklihamasin_TC12EL160-Elegant_19000_VE.jpg\",\"contentUrl\":\"https:\\\/\\\/rodoaed.ee\\\/wp-content\\\/uploads\\\/2019\\\/07\\\/hakklihamasin_TC12EL160-Elegant_19000_VE.jpg\",\"width\":533,\"height\":800},{\"@type\":\"BreadcrumbList\",\"@id\":\"https:\\\/\\\/rodoaed.ee\\\/fi\\\/toode\\\/hakkuri-tc-12-el-160-elegantti\\\/#breadcrumb\",\"itemListElement\":[{\"@type\":\"ListItem\",\"position\":1,\"name\":\"Home\",\"item\":\"https:\\\/\\\/rodoaed.ee\\\/fi\\\/\"},{\"@type\":\"ListItem\",\"position\":2,\"name\":\"Osta osoitteessa\",\"item\":\"https:\\\/\\\/rodoaed.ee\\\/osta-osoitteessa\\\/\"},{\"@type\":\"ListItem\",\"position\":3,\"name\":\"Hakkuri TC-12 EL\\\/160 Elegantti\"}]},{\"@type\":\"WebSite\",\"@id\":\"https:\\\/\\\/rodoaed.ee\\\/#website\",\"url\":\"https:\\\/\\\/rodoaed.ee\\\/\",\"name\":\"Rodoaed\",\"description\":\"\",\"publisher\":{\"@id\":\"https:\\\/\\\/rodoaed.ee\\\/#organization\"},\"potentialAction\":[{\"@type\":\"SearchAction\",\"target\":{\"@type\":\"EntryPoint\",\"urlTemplate\":\"https:\\\/\\\/rodoaed.ee\\\/?s={search_term_string}\"},\"query-input\":{\"@type\":\"PropertyValueSpecification\",\"valueRequired\":true,\"valueName\":\"search_term_string\"}}],\"inLanguage\":\"fi\"},{\"@type\":\"Organization\",\"@id\":\"https:\\\/\\\/rodoaed.ee\\\/#organization\",\"name\":\"Rodoaed\",\"url\":\"https:\\\/\\\/rodoaed.ee\\\/\",\"logo\":{\"@type\":\"ImageObject\",\"inLanguage\":\"fi\",\"@id\":\"https:\\\/\\\/rodoaed.ee\\\/#\\\/schema\\\/logo\\\/image\\\/\",\"url\":\"https:\\\/\\\/rodoaed.ee\\\/wp-content\\\/uploads\\\/2019\\\/11\\\/rodoaed-logo-ilma-taustata.jpg\",\"contentUrl\":\"https:\\\/\\\/rodoaed.ee\\\/wp-content\\\/uploads\\\/2019\\\/11\\\/rodoaed-logo-ilma-taustata.jpg\",\"width\":769,\"height\":268,\"caption\":\"Rodoaed\"},\"image\":{\"@id\":\"https:\\\/\\\/rodoaed.ee\\\/#\\\/schema\\\/logo\\\/image\\\/\"},\"sameAs\":[\"https:\\\/\\\/www.facebook.com\\\/kasvuhooned\\\/\",\"https:\\\/\\\/rodoaed.ee\"]}]}<\/script>\n<!-- \/ Yoast SEO Premium plugin. -->","yoast_head_json":{"title":"Hakkuri TC-12 EL\/160 Elegantti -% Rodoaed jauhinkoneet","description":"Luotettavat italialaiset jauhelihapihvit kotikeitti\u00f6\u00f6n ja ammattik\u00e4ytt\u00e4jille. Kiinte\u00e4t metalliset liikkuvat osat takaavat korkean luotettavuuden my\u00f6s eritt\u00e4in raskaassa ty\u00f6tahdissa.","robots":{"index":"index","follow":"follow","max-snippet":"max-snippet:-1","max-image-preview":"max-image-preview:large","max-video-preview":"max-video-preview:-1"},"canonical":"https:\/\/rodoaed.ee\/fi\/toode\/hakkuri-tc-12-el-160-elegantti\/","og_locale":"fi_FI","og_type":"article","og_title":"Hakkuri TC-12 EL\/160 Elegantti","og_description":"TRE Spade -jauhatusmyllyt, jotka on suunniteltu k\u00e4ytett\u00e4v\u00e4ksi kotikeitti\u00f6iss\u00e4, ravintoloissa ja suurkeitti\u00f6iss\u00e4. TRE Spade -tuotemerkki on ollut tunnettu","og_url":"https:\/\/rodoaed.ee\/fi\/toode\/hakkuri-tc-12-el-160-elegantti\/","og_site_name":"Rodoaed","article_publisher":"https:\/\/www.facebook.com\/kasvuhooned\/","article_modified_time":"2026-04-13T08:07:10+00:00","og_image":[{"width":533,"height":800,"url":"https:\/\/rodoaed.ee\/wp-content\/uploads\/2019\/07\/hakklihamasin_TC12EL160-Elegant_19000_VE.jpg","type":"image\/jpeg"}],"twitter_card":"summary_large_image","twitter_misc":{"Arvioitu lukuaika":"1 minuutti"},"schema":{"@context":"https:\/\/schema.org","@graph":[{"@type":"WebPage","@id":"https:\/\/rodoaed.ee\/fi\/toode\/hakkuri-tc-12-el-160-elegantti\/","url":"https:\/\/rodoaed.ee\/fi\/toode\/hakkuri-tc-12-el-160-elegantti\/","name":"Hakkuri TC-12 EL\/160 Elegantti -% Rodoaed jauhinkoneet","isPartOf":{"@id":"https:\/\/rodoaed.ee\/#website"},"primaryImageOfPage":{"@id":"https:\/\/rodoaed.ee\/fi\/toode\/hakkuri-tc-12-el-160-elegantti\/#primaryimage"},"image":{"@id":"https:\/\/rodoaed.ee\/fi\/toode\/hakkuri-tc-12-el-160-elegantti\/#primaryimage"},"thumbnailUrl":"https:\/\/rodoaed.ee\/wp-content\/uploads\/2019\/07\/hakklihamasin_TC12EL160-Elegant_19000_VE.jpg","datePublished":"2019-08-02T09:52:27+00:00","dateModified":"2026-04-13T08:07:10+00:00","description":"Luotettavat italialaiset jauhelihapihvit kotikeitti\u00f6\u00f6n ja ammattik\u00e4ytt\u00e4jille. Kiinte\u00e4t metalliset liikkuvat osat takaavat korkean luotettavuuden my\u00f6s eritt\u00e4in raskaassa ty\u00f6tahdissa.","breadcrumb":{"@id":"https:\/\/rodoaed.ee\/fi\/toode\/hakkuri-tc-12-el-160-elegantti\/#breadcrumb"},"inLanguage":"fi","potentialAction":[{"@type":"ReadAction","target":["https:\/\/rodoaed.ee\/fi\/toode\/hakkuri-tc-12-el-160-elegantti\/"]}]},{"@type":"ImageObject","inLanguage":"fi","@id":"https:\/\/rodoaed.ee\/fi\/toode\/hakkuri-tc-12-el-160-elegantti\/#primaryimage","url":"https:\/\/rodoaed.ee\/wp-content\/uploads\/2019\/07\/hakklihamasin_TC12EL160-Elegant_19000_VE.jpg","contentUrl":"https:\/\/rodoaed.ee\/wp-content\/uploads\/2019\/07\/hakklihamasin_TC12EL160-Elegant_19000_VE.jpg","width":533,"height":800},{"@type":"BreadcrumbList","@id":"https:\/\/rodoaed.ee\/fi\/toode\/hakkuri-tc-12-el-160-elegantti\/#breadcrumb","itemListElement":[{"@type":"ListItem","position":1,"name":"Home","item":"https:\/\/rodoaed.ee\/fi\/"},{"@type":"ListItem","position":2,"name":"Osta osoitteessa","item":"https:\/\/rodoaed.ee\/osta-osoitteessa\/"},{"@type":"ListItem","position":3,"name":"Hakkuri TC-12 EL\/160 Elegantti"}]},{"@type":"WebSite","@id":"https:\/\/rodoaed.ee\/#website","url":"https:\/\/rodoaed.ee\/","name":"Rodoaed","description":"","publisher":{"@id":"https:\/\/rodoaed.ee\/#organization"},"potentialAction":[{"@type":"SearchAction","target":{"@type":"EntryPoint","urlTemplate":"https:\/\/rodoaed.ee\/?s={search_term_string}"},"query-input":{"@type":"PropertyValueSpecification","valueRequired":true,"valueName":"search_term_string"}}],"inLanguage":"fi"},{"@type":"Organization","@id":"https:\/\/rodoaed.ee\/#organization","name":"Rodoaed","url":"https:\/\/rodoaed.ee\/","logo":{"@type":"ImageObject","inLanguage":"fi","@id":"https:\/\/rodoaed.ee\/#\/schema\/logo\/image\/","url":"https:\/\/rodoaed.ee\/wp-content\/uploads\/2019\/11\/rodoaed-logo-ilma-taustata.jpg","contentUrl":"https:\/\/rodoaed.ee\/wp-content\/uploads\/2019\/11\/rodoaed-logo-ilma-taustata.jpg","width":769,"height":268,"caption":"Rodoaed"},"image":{"@id":"https:\/\/rodoaed.ee\/#\/schema\/logo\/image\/"},"sameAs":["https:\/\/www.facebook.com\/kasvuhooned\/","https:\/\/rodoaed.ee"]}]}},"_links":{"self":[{"href":"https:\/\/rodoaed.ee\/fi\/wp-json\/wp\/v2\/product\/53500","targetHints":{"allow":["GET"]}}],"collection":[{"href":"https:\/\/rodoaed.ee\/fi\/wp-json\/wp\/v2\/product"}],"about":[{"href":"https:\/\/rodoaed.ee\/fi\/wp-json\/wp\/v2\/types\/product"}],"wp:featuredmedia":[{"embeddable":true,"href":"https:\/\/rodoaed.ee\/fi\/wp-json\/wp\/v2\/media\/17870"}],"wp:attachment":[{"href":"https:\/\/rodoaed.ee\/fi\/wp-json\/wp\/v2\/media?parent=53500"}],"wp:term":[{"taxonomy":"product_brand","embeddable":true,"href":"https:\/\/rodoaed.ee\/fi\/wp-json\/wp\/v2\/product_brand?post=53500"},{"taxonomy":"product_cat","embeddable":true,"href":"https:\/\/rodoaed.ee\/fi\/wp-json\/wp\/v2\/product_cat?post=53500"},{"taxonomy":"product_tag","embeddable":true,"href":"https:\/\/rodoaed.ee\/fi\/wp-json\/wp\/v2\/product_tag?post=53500"}],"curies":[{"name":"wp","href":"https:\/\/api.w.org\/{rel}","templated":true}]}}