{"id":53506,"date":"2019-08-02T12:52:27","date_gmt":"2019-08-02T09:52:27","guid":{"rendered":"https:\/\/rodoaed.ee\/toode\/yleissekoitin-skm-24\/"},"modified":"2026-04-13T11:07:18","modified_gmt":"2026-04-13T08:07:18","slug":"yleissekoitin-skm-24","status":"publish","type":"product","link":"https:\/\/rodoaed.ee\/fi\/tuote\/yleissekoitin-skm-24\/","title":{"rendered":"Yleissekoitin SKM-24"},"content":{"rendered":"<h2>Yleisk\u00e4ytt\u00f6inen sekoitin on t\u00e4ydellinen ratkaisu leip\u00e4taikinan, pizzataikinan, leivonnaistaikinan ja muiden taikinoiden sekoittamiseen.<\/h2>\n<p><span style=\"color: #000000; line-height: 18px;\">TRE Spade -tuotemerkki on ollut tunnettu Euroopassa ja ymp\u00e4ri maailmaa yli 120 vuoden ajan eritt\u00e4in kest\u00e4vien eli &#8221;elinik\u00e4isten&#8221; keitti\u00f6koneiden valmistajana. T\u00e4h\u00e4n asti laitteet on valmistettu Euroopassa, Italian tehtaalla Torinossa.  Ainoastaan kest\u00e4vimpi\u00e4 materiaaleja, kuten ruostumatonta ter\u00e4st\u00e4 ja valurautaa, k\u00e4ytet\u00e4\u00e4n.<\/span><\/p>\n<p>TRE Spade on kuuluisa my\u00f6s palkituista muotoiluistaan. Tavallisesti ammattikeitti\u00f6ihin tarkoitettuja laitteita valmistavat tehtaat eiv\u00e4t aseta suunnittelua etusijalle, vaan tehokkuus on etusijalla. Italialainen edell\u00e4k\u00e4vij\u00e4 on kuitenkin tunnettu teknologisesta innovaatiosta, pitk\u00e4aikaisesta kest\u00e4vyydest\u00e4 ja palkitusta muotoilusta.   Viime vuosina heid\u00e4n tuotteilleen on my\u00f6nnetty useita Euroopan parhaita muotoilupalkintoja.<\/p>\n<h2>T\u00e4rkeimm\u00e4t ominaisuudet:<\/h2>\n<ul>\n<li>Sekoitusspiraali tai sekoitusmela, s\u00e4ili\u00f6, suojaseula ja keskikansi ovat kaikki ruostumatonta ter\u00e4st\u00e4.<\/li>\n<li>Runko on maalattua ter\u00e4slevy\u00e4<\/li>\n<li>moottori, jossa on ketjuvoimansiirto ja \u00f6ljypohjaiset vaihteet<\/li>\n<li>Kaikki py\u00f6riv\u00e4t osat ovat kuulalaakeroituja<\/li>\n<li><span style=\"line-height: 1;\">Helppo k\u00e4ytt\u00e4\u00e4 ja puhdistaa<\/span><\/li>\n<\/ul>\n<ul>\n<li>Kompakti ja vakaa<\/li>\n<li>PLUS py\u00f6rill\u00e4<\/li>\n<\/ul>\n<h2>Tekniset tiedot:<\/h2>\n<ul>\n<li>Moottorin teho: 750 W<\/li>\n<li>Taikinan paino: 20 kg<\/li>\n<li>Jauhojen paino: 13 kg<\/li>\n<li>Sekoitettavan taikinan v\u00e4himm\u00e4ispaino: 4 kg.<\/li>\n<li>S\u00e4ili\u00f6n tilavuus: 24 L<\/li>\n<\/ul>\n<ul>\n<li>Paino: 70 kg<\/li>\n<li>Mitat: 65 x 39 x 67 cm<\/li>\n<\/ul>\n","protected":false},"excerpt":{"rendered":"<p>Yleisk\u00e4ytt\u00f6inen sekoitin on t\u00e4ydellinen ratkaisu leip\u00e4taikinan, pizzataikinan, leivonnaistaikinan ja muiden taikinoiden sekoittamiseen. TRE Spade -tuotemerkki on ollut tunnettu Euroopassa ja ymp\u00e4ri maailmaa yli 120 vuoden ajan eritt\u00e4in kest\u00e4vien eli &#8221;elinik\u00e4isten&#8221; keitti\u00f6koneiden valmistajana. T\u00e4h\u00e4n asti laitteet on valmistettu Euroopassa, Italian tehtaalla Torinossa. Ainoastaan kest\u00e4vimpi\u00e4 materiaaleja, kuten ruostumatonta ter\u00e4st\u00e4 ja valurautaa, k\u00e4ytet\u00e4\u00e4n. TRE Spade on kuuluisa my\u00f6s palkituista muotoiluistaan. Tavallisesti ammattikeitti\u00f6ihin tarkoitettuja laitteita valmistavat tehtaat eiv\u00e4t aseta&#8230;<\/p>\n","protected":false},"featured_media":17840,"template":"","meta":{"_acf_changed":false},"product_brand":[],"product_cat":[1751,1754],"product_tag":[],"class_list":{"0":"post-53506","1":"product","2":"type-product","3":"status-publish","4":"has-post-thumbnail","6":"product_cat-keittiolaitteet","7":"product_cat-yleissekoittimet","8":"product_shipping_class-kuljetus-ainoastaan-kuriiripalvelun-valityksella","9":"pa_variatsioon-yleissekoitin-skm-24","11":"first","12":"outofstock","13":"sale","14":"taxable","15":"shipping-taxable","16":"purchasable","17":"product-type-simple"},"acf":[],"yoast_head":"<!-- This site is optimized with the Yoast SEO Premium plugin v27.3 (Yoast SEO v27.3) - https:\/\/yoast.com\/product\/yoast-seo-premium-wordpress\/ -->\n<title>Yleissekoitin SKM-24 - Rodoaed<\/title>\n<meta name=\"robots\" content=\"index, follow, max-snippet:-1, max-image-preview:large, max-video-preview:-1\" \/>\n<link rel=\"canonical\" href=\"https:\/\/rodoaed.ee\/toode\/yleissekoitin-skm-24\/\" \/>\n<meta property=\"og:locale\" content=\"fi_FI\" \/>\n<meta property=\"og:type\" content=\"article\" \/>\n<meta property=\"og:title\" content=\"Yleissekoitin SKM-24\" \/>\n<meta property=\"og:description\" content=\"Yleisk\u00e4ytt\u00f6inen sekoitin on t\u00e4ydellinen ratkaisu leip\u00e4taikinan, pizzataikinan, leivonnaistaikinan ja muiden taikinoiden sekoittamiseen. TRE Spade\" \/>\n<meta property=\"og:url\" content=\"https:\/\/rodoaed.ee\/toode\/yleissekoitin-skm-24\/\" \/>\n<meta property=\"og:site_name\" content=\"Rodoaed\" \/>\n<meta property=\"article:publisher\" content=\"https:\/\/www.facebook.com\/kasvuhooned\/\" \/>\n<meta property=\"article:modified_time\" content=\"2026-04-13T08:07:18+00:00\" \/>\n<meta name=\"twitter:card\" content=\"summary_large_image\" \/>\n<meta name=\"twitter:label1\" content=\"Arvioitu lukuaika\" \/>\n\t<meta name=\"twitter:data1\" content=\"1 minuutti\" \/>\n<script type=\"application\/ld+json\" class=\"yoast-schema-graph\">{\"@context\":\"https:\\\/\\\/schema.org\",\"@graph\":[{\"@type\":\"WebPage\",\"@id\":\"https:\\\/\\\/rodoaed.ee\\\/toode\\\/yleissekoitin-skm-24\\\/\",\"url\":\"https:\\\/\\\/rodoaed.ee\\\/toode\\\/yleissekoitin-skm-24\\\/\",\"name\":\"Yleissekoitin SKM-24 - Rodoaed\",\"isPartOf\":{\"@id\":\"https:\\\/\\\/rodoaed.ee\\\/#website\"},\"primaryImageOfPage\":{\"@id\":\"https:\\\/\\\/rodoaed.ee\\\/toode\\\/yleissekoitin-skm-24\\\/#primaryimage\"},\"image\":{\"@id\":\"https:\\\/\\\/rodoaed.ee\\\/toode\\\/yleissekoitin-skm-24\\\/#primaryimage\"},\"thumbnailUrl\":\"https:\\\/\\\/rodoaed.ee\\\/wp-content\\\/uploads\\\/2019\\\/07\\\/universaalmikser_SKM-24_75200.jpg\",\"datePublished\":\"2019-08-02T09:52:27+00:00\",\"dateModified\":\"2026-04-13T08:07:18+00:00\",\"breadcrumb\":{\"@id\":\"https:\\\/\\\/rodoaed.ee\\\/toode\\\/yleissekoitin-skm-24\\\/#breadcrumb\"},\"inLanguage\":\"fi\",\"potentialAction\":[{\"@type\":\"ReadAction\",\"target\":[\"https:\\\/\\\/rodoaed.ee\\\/toode\\\/yleissekoitin-skm-24\\\/\"]}]},{\"@type\":\"ImageObject\",\"inLanguage\":\"fi\",\"@id\":\"https:\\\/\\\/rodoaed.ee\\\/toode\\\/yleissekoitin-skm-24\\\/#primaryimage\",\"url\":\"https:\\\/\\\/rodoaed.ee\\\/wp-content\\\/uploads\\\/2019\\\/07\\\/universaalmikser_SKM-24_75200.jpg\",\"contentUrl\":\"https:\\\/\\\/rodoaed.ee\\\/wp-content\\\/uploads\\\/2019\\\/07\\\/universaalmikser_SKM-24_75200.jpg\",\"width\":533,\"height\":800},{\"@type\":\"BreadcrumbList\",\"@id\":\"https:\\\/\\\/rodoaed.ee\\\/toode\\\/yleissekoitin-skm-24\\\/#breadcrumb\",\"itemListElement\":[{\"@type\":\"ListItem\",\"position\":1,\"name\":\"Home\",\"item\":\"https:\\\/\\\/rodoaed.ee\\\/fi\\\/\"},{\"@type\":\"ListItem\",\"position\":2,\"name\":\"Osta osoitteessa\",\"item\":\"https:\\\/\\\/rodoaed.ee\\\/osta-osoitteessa\\\/\"},{\"@type\":\"ListItem\",\"position\":3,\"name\":\"Yleissekoitin SKM-24\"}]},{\"@type\":\"WebSite\",\"@id\":\"https:\\\/\\\/rodoaed.ee\\\/#website\",\"url\":\"https:\\\/\\\/rodoaed.ee\\\/\",\"name\":\"Rodoaed\",\"description\":\"\",\"publisher\":{\"@id\":\"https:\\\/\\\/rodoaed.ee\\\/#organization\"},\"potentialAction\":[{\"@type\":\"SearchAction\",\"target\":{\"@type\":\"EntryPoint\",\"urlTemplate\":\"https:\\\/\\\/rodoaed.ee\\\/?s={search_term_string}\"},\"query-input\":{\"@type\":\"PropertyValueSpecification\",\"valueRequired\":true,\"valueName\":\"search_term_string\"}}],\"inLanguage\":\"fi\"},{\"@type\":\"Organization\",\"@id\":\"https:\\\/\\\/rodoaed.ee\\\/#organization\",\"name\":\"Rodoaed\",\"url\":\"https:\\\/\\\/rodoaed.ee\\\/\",\"logo\":{\"@type\":\"ImageObject\",\"inLanguage\":\"fi\",\"@id\":\"https:\\\/\\\/rodoaed.ee\\\/#\\\/schema\\\/logo\\\/image\\\/\",\"url\":\"https:\\\/\\\/rodoaed.ee\\\/wp-content\\\/uploads\\\/2019\\\/11\\\/rodoaed-logo-ilma-taustata.jpg\",\"contentUrl\":\"https:\\\/\\\/rodoaed.ee\\\/wp-content\\\/uploads\\\/2019\\\/11\\\/rodoaed-logo-ilma-taustata.jpg\",\"width\":769,\"height\":268,\"caption\":\"Rodoaed\"},\"image\":{\"@id\":\"https:\\\/\\\/rodoaed.ee\\\/#\\\/schema\\\/logo\\\/image\\\/\"},\"sameAs\":[\"https:\\\/\\\/www.facebook.com\\\/kasvuhooned\\\/\",\"https:\\\/\\\/rodoaed.ee\"]}]}<\/script>\n<!-- \/ Yoast SEO Premium plugin. -->","yoast_head_json":{"title":"Yleissekoitin SKM-24 - Rodoaed","robots":{"index":"index","follow":"follow","max-snippet":"max-snippet:-1","max-image-preview":"max-image-preview:large","max-video-preview":"max-video-preview:-1"},"canonical":"https:\/\/rodoaed.ee\/toode\/yleissekoitin-skm-24\/","og_locale":"fi_FI","og_type":"article","og_title":"Yleissekoitin SKM-24","og_description":"Yleisk\u00e4ytt\u00f6inen sekoitin on t\u00e4ydellinen ratkaisu leip\u00e4taikinan, pizzataikinan, leivonnaistaikinan ja muiden taikinoiden sekoittamiseen. TRE Spade","og_url":"https:\/\/rodoaed.ee\/toode\/yleissekoitin-skm-24\/","og_site_name":"Rodoaed","article_publisher":"https:\/\/www.facebook.com\/kasvuhooned\/","article_modified_time":"2026-04-13T08:07:18+00:00","twitter_card":"summary_large_image","twitter_misc":{"Arvioitu lukuaika":"1 minuutti"},"schema":{"@context":"https:\/\/schema.org","@graph":[{"@type":"WebPage","@id":"https:\/\/rodoaed.ee\/toode\/yleissekoitin-skm-24\/","url":"https:\/\/rodoaed.ee\/toode\/yleissekoitin-skm-24\/","name":"Yleissekoitin SKM-24 - Rodoaed","isPartOf":{"@id":"https:\/\/rodoaed.ee\/#website"},"primaryImageOfPage":{"@id":"https:\/\/rodoaed.ee\/toode\/yleissekoitin-skm-24\/#primaryimage"},"image":{"@id":"https:\/\/rodoaed.ee\/toode\/yleissekoitin-skm-24\/#primaryimage"},"thumbnailUrl":"https:\/\/rodoaed.ee\/wp-content\/uploads\/2019\/07\/universaalmikser_SKM-24_75200.jpg","datePublished":"2019-08-02T09:52:27+00:00","dateModified":"2026-04-13T08:07:18+00:00","breadcrumb":{"@id":"https:\/\/rodoaed.ee\/toode\/yleissekoitin-skm-24\/#breadcrumb"},"inLanguage":"fi","potentialAction":[{"@type":"ReadAction","target":["https:\/\/rodoaed.ee\/toode\/yleissekoitin-skm-24\/"]}]},{"@type":"ImageObject","inLanguage":"fi","@id":"https:\/\/rodoaed.ee\/toode\/yleissekoitin-skm-24\/#primaryimage","url":"https:\/\/rodoaed.ee\/wp-content\/uploads\/2019\/07\/universaalmikser_SKM-24_75200.jpg","contentUrl":"https:\/\/rodoaed.ee\/wp-content\/uploads\/2019\/07\/universaalmikser_SKM-24_75200.jpg","width":533,"height":800},{"@type":"BreadcrumbList","@id":"https:\/\/rodoaed.ee\/toode\/yleissekoitin-skm-24\/#breadcrumb","itemListElement":[{"@type":"ListItem","position":1,"name":"Home","item":"https:\/\/rodoaed.ee\/fi\/"},{"@type":"ListItem","position":2,"name":"Osta osoitteessa","item":"https:\/\/rodoaed.ee\/osta-osoitteessa\/"},{"@type":"ListItem","position":3,"name":"Yleissekoitin SKM-24"}]},{"@type":"WebSite","@id":"https:\/\/rodoaed.ee\/#website","url":"https:\/\/rodoaed.ee\/","name":"Rodoaed","description":"","publisher":{"@id":"https:\/\/rodoaed.ee\/#organization"},"potentialAction":[{"@type":"SearchAction","target":{"@type":"EntryPoint","urlTemplate":"https:\/\/rodoaed.ee\/?s={search_term_string}"},"query-input":{"@type":"PropertyValueSpecification","valueRequired":true,"valueName":"search_term_string"}}],"inLanguage":"fi"},{"@type":"Organization","@id":"https:\/\/rodoaed.ee\/#organization","name":"Rodoaed","url":"https:\/\/rodoaed.ee\/","logo":{"@type":"ImageObject","inLanguage":"fi","@id":"https:\/\/rodoaed.ee\/#\/schema\/logo\/image\/","url":"https:\/\/rodoaed.ee\/wp-content\/uploads\/2019\/11\/rodoaed-logo-ilma-taustata.jpg","contentUrl":"https:\/\/rodoaed.ee\/wp-content\/uploads\/2019\/11\/rodoaed-logo-ilma-taustata.jpg","width":769,"height":268,"caption":"Rodoaed"},"image":{"@id":"https:\/\/rodoaed.ee\/#\/schema\/logo\/image\/"},"sameAs":["https:\/\/www.facebook.com\/kasvuhooned\/","https:\/\/rodoaed.ee"]}]}},"_links":{"self":[{"href":"https:\/\/rodoaed.ee\/fi\/wp-json\/wp\/v2\/product\/53506","targetHints":{"allow":["GET"]}}],"collection":[{"href":"https:\/\/rodoaed.ee\/fi\/wp-json\/wp\/v2\/product"}],"about":[{"href":"https:\/\/rodoaed.ee\/fi\/wp-json\/wp\/v2\/types\/product"}],"wp:featuredmedia":[{"embeddable":true,"href":"https:\/\/rodoaed.ee\/fi\/wp-json\/wp\/v2\/media\/17840"}],"wp:attachment":[{"href":"https:\/\/rodoaed.ee\/fi\/wp-json\/wp\/v2\/media?parent=53506"}],"wp:term":[{"taxonomy":"product_brand","embeddable":true,"href":"https:\/\/rodoaed.ee\/fi\/wp-json\/wp\/v2\/product_brand?post=53506"},{"taxonomy":"product_cat","embeddable":true,"href":"https:\/\/rodoaed.ee\/fi\/wp-json\/wp\/v2\/product_cat?post=53506"},{"taxonomy":"product_tag","embeddable":true,"href":"https:\/\/rodoaed.ee\/fi\/wp-json\/wp\/v2\/product_tag?post=53506"}],"curies":[{"name":"wp","href":"https:\/\/api.w.org\/{rel}","templated":true}]}}