{"id":53514,"date":"2019-08-02T12:52:46","date_gmt":"2019-08-02T09:52:46","guid":{"rendered":"https:\/\/rodoaed.ee\/toode\/makkaraleikkuri-malli-5-vertikaalinen\/"},"modified":"2026-04-13T11:07:25","modified_gmt":"2026-04-13T08:07:25","slug":"makkaraleikkuri-malli-5-vertikaalinen","status":"publish","type":"product","link":"https:\/\/rodoaed.ee\/fi\/tuote\/makkaraleikkuri-malli-5-vertikaalinen\/","title":{"rendered":"Makkaraleikkuri malli 5\/Vertikaalinen"},"content":{"rendered":"<h2>K\u00e4sin sekoitettava makkaranleikkuri sek\u00e4 koti- ett\u00e4 ammattik\u00e4ytt\u00f6\u00f6n.<\/h2>\n<h2><span style=\"font-family: Tahoma, Geneva, sans-serif; font-size: 16px; font-style: normal; font-variant: normal; font-weight: bold; line-height: normal;\">TRE Spade -makkaraleikkurit on suunniteltu k\u00e4ytett\u00e4v\u00e4ksi kotikeitti\u00f6iss\u00e4, ravintoloissa ja ammattikeitti\u00f6iss\u00e4.<\/span><\/h2>\n<p>TRE Spade -tuotemerkki on ollut tunnettu Euroopassa ja ymp\u00e4ri maailmaa yli 120 vuoden ajan eritt\u00e4in kest\u00e4vien eli &#8221;elinik\u00e4isten&#8221; keitti\u00f6koneiden valmistajana. T\u00e4h\u00e4n asti laitteet on valmistettu Euroopassa, Italian tehtaalla Torinossa.  Ainoastaan kest\u00e4vimpi\u00e4 materiaaleja, kuten ruostumatonta ter\u00e4st\u00e4 ja valurautaa, k\u00e4ytet\u00e4\u00e4n.<\/p>\n<p>TRE Spade on kuuluisa my\u00f6s palkituista muotoiluistaan. Tavallisesti ammattikeitti\u00f6ihin tarkoitettuja laitteita valmistavat tehtaat eiv\u00e4t aseta suunnittelua etusijalle, vaan tehokkuus on etusijalla. Italialainen edell\u00e4k\u00e4vij\u00e4 on kuitenkin tunnettu teknologisesta innovaatiosta, pitk\u00e4aikaisesta kest\u00e4vyydest\u00e4 ja palkitusta muotoilusta.   Viime vuosina heid\u00e4n tuotteilleen on my\u00f6nnetty useita Euroopan parhaita muotoilupalkintoja.<\/p>\n<h2>T\u00e4rkeimm\u00e4t ominaisuudet:<\/h2>\n<ul>\n<li>Sylinterit ovat ruostumatonta ter\u00e4st\u00e4, vedenpit\u00e4vi\u00e4 ja helposti puhdistettavia.<\/li>\n<li>Jalka ruostumatonta ter\u00e4st\u00e4<\/li>\n<li>Pohjakehykset ovat hiiliter\u00e4st\u00e4<\/li>\n<li>Hammaspy\u00f6r\u00e4t ovat taottua ja karkaistua ter\u00e4st\u00e4.<\/li>\n<li>Vaihteisto on itsevaihtava j\u00e4rjestelm\u00e4, jossa on alumiininen kansi.<\/li>\n<li>Annostelus\u00e4ili\u00f6 on nopeasti irrotettavissa, jotta runko on helppo puhdistaa.<\/li>\n<li>M\u00e4nt\u00e4 varustettu ilmaventtiilill\u00e4 ja silikonitiivisteell\u00e4.<\/li>\n<li><span style=\"line-height: 1;\">Helppo k\u00e4ytt\u00e4\u00e4 ja puhdistaa<\/span><\/li>\n<\/ul>\n<ul>\n<li>Kompakti ja vakaa<\/li>\n<li>PLUS Kaksoisnopeus nopeaa t\u00e4ytt\u00f6\u00e4 varten<\/li>\n<li>PLUS tilaa s\u00e4\u00e4st\u00e4v\u00e4 pystyasennus<\/li>\n<li>PLUS ihanteellinen pehmeiden seosten t\u00e4ytt\u00e4miseen<\/li>\n<\/ul>\n<h2>Tekniset tiedot:<\/h2>\n<ul>\n<li>Annostelupullon tilavuus: 5 L<\/li>\n<\/ul>\n<ul>\n<li>Paino: 12,5 kg<\/li>\n<li>Mitat: 25 x 29 x 58 cm<\/li>\n<li>Sopivat annosteluk\u00e4rjet: 10, 20, 30, 40 mm.<\/li>\n<\/ul>\n","protected":false},"excerpt":{"rendered":"<p>K\u00e4sin sekoitettava makkaranleikkuri sek\u00e4 koti- ett\u00e4 ammattik\u00e4ytt\u00f6\u00f6n. TRE Spade -makkaraleikkurit on suunniteltu k\u00e4ytett\u00e4v\u00e4ksi kotikeitti\u00f6iss\u00e4, ravintoloissa ja ammattikeitti\u00f6iss\u00e4. TRE Spade -tuotemerkki on ollut tunnettu Euroopassa ja ymp\u00e4ri maailmaa yli 120 vuoden ajan eritt\u00e4in kest\u00e4vien eli &#8221;elinik\u00e4isten&#8221; keitti\u00f6koneiden valmistajana. T\u00e4h\u00e4n asti laitteet on valmistettu Euroopassa, Italian tehtaalla Torinossa. Ainoastaan kest\u00e4vimpi\u00e4 materiaaleja, kuten ruostumatonta ter\u00e4st\u00e4 ja valurautaa, k\u00e4ytet\u00e4\u00e4n. TRE Spade on kuuluisa my\u00f6s palkituista muotoiluistaan. Tavallisesti ammattikeitti\u00f6ihin tarkoitettuja&#8230;<\/p>\n","protected":false},"featured_media":17813,"template":"","meta":{"_acf_changed":false},"product_brand":[],"product_cat":[1751,2393],"product_tag":[],"class_list":{"0":"post-53514","1":"product","2":"type-product","3":"status-publish","4":"has-post-thumbnail","6":"product_cat-keittiolaitteet","7":"product_cat-makkararinkelit","8":"product_shipping_class-toimitus-5-7-tyopaivan-kuluessa","9":"pa_variatsioon-makkaraleikkuri-malli-5-vertikaalinen","11":"first","12":"onbackorder","13":"taxable","14":"shipping-taxable","15":"purchasable","16":"product-type-simple"},"acf":[],"yoast_head":"<!-- This site is optimized with the Yoast SEO Premium plugin v27.3 (Yoast SEO v27.3) - https:\/\/yoast.com\/product\/yoast-seo-premium-wordpress\/ -->\n<title>Makkaraleikkuri malli 5\/Vertikaalinen% % -% Rodoaed makkaraspritzerit<\/title>\n<meta name=\"description\" content=\"TRE Spade -makkaraleikkurit on suunniteltu k\u00e4ytett\u00e4v\u00e4ksi kotikeitti\u00f6iss\u00e4, ravintoloissa ja ammattikeitti\u00f6iss\u00e4.\" \/>\n<meta name=\"robots\" content=\"index, follow, max-snippet:-1, max-image-preview:large, max-video-preview:-1\" \/>\n<link rel=\"canonical\" href=\"https:\/\/rodoaed.ee\/fi\/toode\/makkaraleikkuri-malli-5-vertikaalinen\/\" \/>\n<meta property=\"og:locale\" content=\"fi_FI\" \/>\n<meta property=\"og:type\" content=\"article\" \/>\n<meta property=\"og:title\" content=\"Makkaraleikkuri malli 5\/Vertikaalinen\" \/>\n<meta property=\"og:description\" content=\"K\u00e4sin sekoitettava makkaranleikkuri sek\u00e4 koti- ett\u00e4 ammattik\u00e4ytt\u00f6\u00f6n. TRE Spade -makkaraleikkurit on suunniteltu k\u00e4ytett\u00e4v\u00e4ksi kotikeitti\u00f6iss\u00e4,\" \/>\n<meta property=\"og:url\" content=\"https:\/\/rodoaed.ee\/fi\/toode\/makkaraleikkuri-malli-5-vertikaalinen\/\" \/>\n<meta property=\"og:site_name\" content=\"Rodoaed\" \/>\n<meta property=\"article:publisher\" content=\"https:\/\/www.facebook.com\/kasvuhooned\/\" \/>\n<meta property=\"article:modified_time\" content=\"2026-04-13T08:07:25+00:00\" \/>\n<meta property=\"og:image\" content=\"https:\/\/rodoaed.ee\/wp-content\/uploads\/2019\/07\/vorstiprits_mod5V_20500_V.jpg\" \/>\n\t<meta property=\"og:image:width\" content=\"533\" \/>\n\t<meta property=\"og:image:height\" content=\"800\" \/>\n\t<meta property=\"og:image:type\" content=\"image\/jpeg\" \/>\n<meta name=\"twitter:card\" content=\"summary_large_image\" \/>\n<meta name=\"twitter:label1\" content=\"Arvioitu lukuaika\" \/>\n\t<meta name=\"twitter:data1\" content=\"1 minuutti\" \/>\n<script type=\"application\/ld+json\" class=\"yoast-schema-graph\">{\"@context\":\"https:\\\/\\\/schema.org\",\"@graph\":[{\"@type\":\"WebPage\",\"@id\":\"https:\\\/\\\/rodoaed.ee\\\/fi\\\/toode\\\/makkaraleikkuri-malli-5-vertikaalinen\\\/\",\"url\":\"https:\\\/\\\/rodoaed.ee\\\/fi\\\/toode\\\/makkaraleikkuri-malli-5-vertikaalinen\\\/\",\"name\":\"Makkaraleikkuri malli 5\\\/Vertikaalinen% % -% Rodoaed makkaraspritzerit\",\"isPartOf\":{\"@id\":\"https:\\\/\\\/rodoaed.ee\\\/#website\"},\"primaryImageOfPage\":{\"@id\":\"https:\\\/\\\/rodoaed.ee\\\/fi\\\/toode\\\/makkaraleikkuri-malli-5-vertikaalinen\\\/#primaryimage\"},\"image\":{\"@id\":\"https:\\\/\\\/rodoaed.ee\\\/fi\\\/toode\\\/makkaraleikkuri-malli-5-vertikaalinen\\\/#primaryimage\"},\"thumbnailUrl\":\"https:\\\/\\\/rodoaed.ee\\\/wp-content\\\/uploads\\\/2019\\\/07\\\/vorstiprits_mod5V_20500_V.jpg\",\"datePublished\":\"2019-08-02T09:52:46+00:00\",\"dateModified\":\"2026-04-13T08:07:25+00:00\",\"description\":\"TRE Spade -makkaraleikkurit on suunniteltu k\u00e4ytett\u00e4v\u00e4ksi kotikeitti\u00f6iss\u00e4, ravintoloissa ja ammattikeitti\u00f6iss\u00e4.\",\"breadcrumb\":{\"@id\":\"https:\\\/\\\/rodoaed.ee\\\/fi\\\/toode\\\/makkaraleikkuri-malli-5-vertikaalinen\\\/#breadcrumb\"},\"inLanguage\":\"fi\",\"potentialAction\":[{\"@type\":\"ReadAction\",\"target\":[\"https:\\\/\\\/rodoaed.ee\\\/fi\\\/toode\\\/makkaraleikkuri-malli-5-vertikaalinen\\\/\"]}]},{\"@type\":\"ImageObject\",\"inLanguage\":\"fi\",\"@id\":\"https:\\\/\\\/rodoaed.ee\\\/fi\\\/toode\\\/makkaraleikkuri-malli-5-vertikaalinen\\\/#primaryimage\",\"url\":\"https:\\\/\\\/rodoaed.ee\\\/wp-content\\\/uploads\\\/2019\\\/07\\\/vorstiprits_mod5V_20500_V.jpg\",\"contentUrl\":\"https:\\\/\\\/rodoaed.ee\\\/wp-content\\\/uploads\\\/2019\\\/07\\\/vorstiprits_mod5V_20500_V.jpg\",\"width\":533,\"height\":800},{\"@type\":\"BreadcrumbList\",\"@id\":\"https:\\\/\\\/rodoaed.ee\\\/fi\\\/toode\\\/makkaraleikkuri-malli-5-vertikaalinen\\\/#breadcrumb\",\"itemListElement\":[{\"@type\":\"ListItem\",\"position\":1,\"name\":\"Home\",\"item\":\"https:\\\/\\\/rodoaed.ee\\\/fi\\\/\"},{\"@type\":\"ListItem\",\"position\":2,\"name\":\"Osta osoitteessa\",\"item\":\"https:\\\/\\\/rodoaed.ee\\\/osta-osoitteessa\\\/\"},{\"@type\":\"ListItem\",\"position\":3,\"name\":\"Makkaraleikkuri malli 5\\\/Vertikaalinen\"}]},{\"@type\":\"WebSite\",\"@id\":\"https:\\\/\\\/rodoaed.ee\\\/#website\",\"url\":\"https:\\\/\\\/rodoaed.ee\\\/\",\"name\":\"Rodoaed\",\"description\":\"\",\"publisher\":{\"@id\":\"https:\\\/\\\/rodoaed.ee\\\/#organization\"},\"potentialAction\":[{\"@type\":\"SearchAction\",\"target\":{\"@type\":\"EntryPoint\",\"urlTemplate\":\"https:\\\/\\\/rodoaed.ee\\\/?s={search_term_string}\"},\"query-input\":{\"@type\":\"PropertyValueSpecification\",\"valueRequired\":true,\"valueName\":\"search_term_string\"}}],\"inLanguage\":\"fi\"},{\"@type\":\"Organization\",\"@id\":\"https:\\\/\\\/rodoaed.ee\\\/#organization\",\"name\":\"Rodoaed\",\"url\":\"https:\\\/\\\/rodoaed.ee\\\/\",\"logo\":{\"@type\":\"ImageObject\",\"inLanguage\":\"fi\",\"@id\":\"https:\\\/\\\/rodoaed.ee\\\/#\\\/schema\\\/logo\\\/image\\\/\",\"url\":\"https:\\\/\\\/rodoaed.ee\\\/wp-content\\\/uploads\\\/2019\\\/11\\\/rodoaed-logo-ilma-taustata.jpg\",\"contentUrl\":\"https:\\\/\\\/rodoaed.ee\\\/wp-content\\\/uploads\\\/2019\\\/11\\\/rodoaed-logo-ilma-taustata.jpg\",\"width\":769,\"height\":268,\"caption\":\"Rodoaed\"},\"image\":{\"@id\":\"https:\\\/\\\/rodoaed.ee\\\/#\\\/schema\\\/logo\\\/image\\\/\"},\"sameAs\":[\"https:\\\/\\\/www.facebook.com\\\/kasvuhooned\\\/\",\"https:\\\/\\\/rodoaed.ee\"]}]}<\/script>\n<!-- \/ Yoast SEO Premium plugin. -->","yoast_head_json":{"title":"Makkaraleikkuri malli 5\/Vertikaalinen% % -% Rodoaed makkaraspritzerit","description":"TRE Spade -makkaraleikkurit on suunniteltu k\u00e4ytett\u00e4v\u00e4ksi kotikeitti\u00f6iss\u00e4, ravintoloissa ja ammattikeitti\u00f6iss\u00e4.","robots":{"index":"index","follow":"follow","max-snippet":"max-snippet:-1","max-image-preview":"max-image-preview:large","max-video-preview":"max-video-preview:-1"},"canonical":"https:\/\/rodoaed.ee\/fi\/toode\/makkaraleikkuri-malli-5-vertikaalinen\/","og_locale":"fi_FI","og_type":"article","og_title":"Makkaraleikkuri malli 5\/Vertikaalinen","og_description":"K\u00e4sin sekoitettava makkaranleikkuri sek\u00e4 koti- ett\u00e4 ammattik\u00e4ytt\u00f6\u00f6n. TRE Spade -makkaraleikkurit on suunniteltu k\u00e4ytett\u00e4v\u00e4ksi kotikeitti\u00f6iss\u00e4,","og_url":"https:\/\/rodoaed.ee\/fi\/toode\/makkaraleikkuri-malli-5-vertikaalinen\/","og_site_name":"Rodoaed","article_publisher":"https:\/\/www.facebook.com\/kasvuhooned\/","article_modified_time":"2026-04-13T08:07:25+00:00","og_image":[{"width":533,"height":800,"url":"https:\/\/rodoaed.ee\/wp-content\/uploads\/2019\/07\/vorstiprits_mod5V_20500_V.jpg","type":"image\/jpeg"}],"twitter_card":"summary_large_image","twitter_misc":{"Arvioitu lukuaika":"1 minuutti"},"schema":{"@context":"https:\/\/schema.org","@graph":[{"@type":"WebPage","@id":"https:\/\/rodoaed.ee\/fi\/toode\/makkaraleikkuri-malli-5-vertikaalinen\/","url":"https:\/\/rodoaed.ee\/fi\/toode\/makkaraleikkuri-malli-5-vertikaalinen\/","name":"Makkaraleikkuri malli 5\/Vertikaalinen% % -% Rodoaed makkaraspritzerit","isPartOf":{"@id":"https:\/\/rodoaed.ee\/#website"},"primaryImageOfPage":{"@id":"https:\/\/rodoaed.ee\/fi\/toode\/makkaraleikkuri-malli-5-vertikaalinen\/#primaryimage"},"image":{"@id":"https:\/\/rodoaed.ee\/fi\/toode\/makkaraleikkuri-malli-5-vertikaalinen\/#primaryimage"},"thumbnailUrl":"https:\/\/rodoaed.ee\/wp-content\/uploads\/2019\/07\/vorstiprits_mod5V_20500_V.jpg","datePublished":"2019-08-02T09:52:46+00:00","dateModified":"2026-04-13T08:07:25+00:00","description":"TRE Spade -makkaraleikkurit on suunniteltu k\u00e4ytett\u00e4v\u00e4ksi kotikeitti\u00f6iss\u00e4, ravintoloissa ja ammattikeitti\u00f6iss\u00e4.","breadcrumb":{"@id":"https:\/\/rodoaed.ee\/fi\/toode\/makkaraleikkuri-malli-5-vertikaalinen\/#breadcrumb"},"inLanguage":"fi","potentialAction":[{"@type":"ReadAction","target":["https:\/\/rodoaed.ee\/fi\/toode\/makkaraleikkuri-malli-5-vertikaalinen\/"]}]},{"@type":"ImageObject","inLanguage":"fi","@id":"https:\/\/rodoaed.ee\/fi\/toode\/makkaraleikkuri-malli-5-vertikaalinen\/#primaryimage","url":"https:\/\/rodoaed.ee\/wp-content\/uploads\/2019\/07\/vorstiprits_mod5V_20500_V.jpg","contentUrl":"https:\/\/rodoaed.ee\/wp-content\/uploads\/2019\/07\/vorstiprits_mod5V_20500_V.jpg","width":533,"height":800},{"@type":"BreadcrumbList","@id":"https:\/\/rodoaed.ee\/fi\/toode\/makkaraleikkuri-malli-5-vertikaalinen\/#breadcrumb","itemListElement":[{"@type":"ListItem","position":1,"name":"Home","item":"https:\/\/rodoaed.ee\/fi\/"},{"@type":"ListItem","position":2,"name":"Osta osoitteessa","item":"https:\/\/rodoaed.ee\/osta-osoitteessa\/"},{"@type":"ListItem","position":3,"name":"Makkaraleikkuri malli 5\/Vertikaalinen"}]},{"@type":"WebSite","@id":"https:\/\/rodoaed.ee\/#website","url":"https:\/\/rodoaed.ee\/","name":"Rodoaed","description":"","publisher":{"@id":"https:\/\/rodoaed.ee\/#organization"},"potentialAction":[{"@type":"SearchAction","target":{"@type":"EntryPoint","urlTemplate":"https:\/\/rodoaed.ee\/?s={search_term_string}"},"query-input":{"@type":"PropertyValueSpecification","valueRequired":true,"valueName":"search_term_string"}}],"inLanguage":"fi"},{"@type":"Organization","@id":"https:\/\/rodoaed.ee\/#organization","name":"Rodoaed","url":"https:\/\/rodoaed.ee\/","logo":{"@type":"ImageObject","inLanguage":"fi","@id":"https:\/\/rodoaed.ee\/#\/schema\/logo\/image\/","url":"https:\/\/rodoaed.ee\/wp-content\/uploads\/2019\/11\/rodoaed-logo-ilma-taustata.jpg","contentUrl":"https:\/\/rodoaed.ee\/wp-content\/uploads\/2019\/11\/rodoaed-logo-ilma-taustata.jpg","width":769,"height":268,"caption":"Rodoaed"},"image":{"@id":"https:\/\/rodoaed.ee\/#\/schema\/logo\/image\/"},"sameAs":["https:\/\/www.facebook.com\/kasvuhooned\/","https:\/\/rodoaed.ee"]}]}},"_links":{"self":[{"href":"https:\/\/rodoaed.ee\/fi\/wp-json\/wp\/v2\/product\/53514","targetHints":{"allow":["GET"]}}],"collection":[{"href":"https:\/\/rodoaed.ee\/fi\/wp-json\/wp\/v2\/product"}],"about":[{"href":"https:\/\/rodoaed.ee\/fi\/wp-json\/wp\/v2\/types\/product"}],"wp:featuredmedia":[{"embeddable":true,"href":"https:\/\/rodoaed.ee\/fi\/wp-json\/wp\/v2\/media\/17813"}],"wp:attachment":[{"href":"https:\/\/rodoaed.ee\/fi\/wp-json\/wp\/v2\/media?parent=53514"}],"wp:term":[{"taxonomy":"product_brand","embeddable":true,"href":"https:\/\/rodoaed.ee\/fi\/wp-json\/wp\/v2\/product_brand?post=53514"},{"taxonomy":"product_cat","embeddable":true,"href":"https:\/\/rodoaed.ee\/fi\/wp-json\/wp\/v2\/product_cat?post=53514"},{"taxonomy":"product_tag","embeddable":true,"href":"https:\/\/rodoaed.ee\/fi\/wp-json\/wp\/v2\/product_tag?post=53514"}],"curies":[{"name":"wp","href":"https:\/\/api.w.org\/{rel}","templated":true}]}}