{"id":53517,"date":"2019-08-02T12:52:46","date_gmt":"2019-08-02T09:52:46","guid":{"rendered":"https:\/\/rodoaed.ee\/toode\/suojasukka-kanavalla-ammattilaissarja-30x600cm-2-rullaa-per-pakkaus\/"},"modified":"2026-04-13T11:07:31","modified_gmt":"2026-04-13T08:07:31","slug":"suojasukka-kanavalla-ammattilaissarja-30x600cm-2-rullaa-per-pakkaus","status":"publish","type":"product","link":"https:\/\/rodoaed.ee\/fi\/tuote\/suojasukka-kanavalla-ammattilaissarja-30x600cm-2-rullaa-per-pakkaus\/","title":{"rendered":"Suojasukka kanavalla &#8211; ammattilaissarja, 30x600cm, 2 rullaa per pakkaus"},"content":{"rendered":"<h2>Tyhji\u00f6pakkauskalvopussi kutistekalvopakkausten tyhji\u00f6pakkaamiseen.<\/h2>\n<p>Tyhji\u00f6pakkaus kalvopussit, korkealaatuinen, erikoismateriaali, joka on suunniteltu erityisesti tyhji\u00f6pakkaamiseen. Muovipusseissa on aallotettu takapinta ja etupuoli on kirkas l\u00e4pin\u00e4kyv\u00e4. Kohokuvioidun takapinnan ansiosta tyhji\u00f6pumppu saa ilman ulos pakkauksesta nopeammin ja paremmin. Koska kyseess\u00e4 on erityisen korkealaatuinen pakkausmateriaali, tyhji\u00f6pakattu ruoka n\u00e4ytt\u00e4\u00e4 itse asiassa jopa paremmalta kuin irtotavarana. Sopii erinomaisesti elintarvikkeiden asettamiseen kaupan hyllylle tai torille.    <\/p>\n<p>Pident\u00e4\u00e4 elintarvikkeiden normaalia parasta ennen -p\u00e4iv\u00e4m\u00e4\u00e4r\u00e4\u00e4 jopa 3 kertaa.<\/p>\n<h2>Tyhji\u00f6pakkaaminen Tre Spade Takaje -tyhji\u00f6pumpulla<\/h2>\n<p>Tyhji\u00f6pakkaaminen antaa sinulle mahdollisuuden pident\u00e4\u00e4 tuoreiden elintarvikkeiden s\u00e4ilyvyytt\u00e4 jopa kolme kertaa. S\u00e4\u00e4st\u00e4t my\u00f6s rahaa ruoassa, koska et tuhlaa en\u00e4\u00e4 yht\u00e4\u00e4n ruokaa. Pakastettujen elintarvikkeiden kanssa voit esimerkiksi s\u00e4ilytt\u00e4\u00e4 pakastettua lihaa jopa 3 vuotta kuluttamatta energiaa j\u00e4\u00e4kaapissa.  <\/p>\n<p>Takajen tyhji\u00f6pakkausj\u00e4rjestelm\u00e4 mahdollistaa monenlaisten elintarvikkeiden s\u00e4ilytt\u00e4misen tyhji\u00f6pusseissa sek\u00e4 uudelleenk\u00e4ytett\u00e4viss\u00e4 lasiastioissa, kuten pulloissa ja purkeissa. Teknologia, jossa lasitavaroita k\u00e4ytet\u00e4\u00e4n tyhji\u00f6pakkauksina, on ainutlaatuinen Tre Spaden keksint\u00f6. <\/p>\n<p>Ihmiset ovat aikojen alusta l\u00e4htien etsineet tapoja s\u00e4ilytt\u00e4\u00e4 ruokaa selviyty\u00e4kseen. On k\u00e4ytetty suolaamista ja pakastamista ja nyt tyhji\u00f6pakkaamista. Tyhji\u00f6pakkaaminen tuo s\u00e4il\u00f6nt\u00e4\u00e4n uuden ulottuvuuden, sill\u00e4 se s\u00e4\u00e4st\u00e4\u00e4 valtavia rahasummia hy\u00f6dynt\u00e4m\u00e4ll\u00e4 elintarvikkeita paremmin. Ruokaa menee v\u00e4hemm\u00e4n hukkaan. Samalla voit s\u00e4ilytt\u00e4\u00e4 enemm\u00e4n ruokaa pienemmiss\u00e4 annoksissa ja sy\u00f6d\u00e4 sen aina tuoreena.    <\/p>\n<p><strong>Tre Spade -ruokakuivaimet ovat Euroopan suosituimpia ja luotettavimpia ruokakuivaimia. Tre Spade Takaje -tyhji\u00f6pakkauslaitteet puolestaan voittivat hiljattain Euroopan parhaan muotoilupalkinnon 2014. <\/strong><\/p>\n<p><a href=\"https:\/\/rodoaed.ee\/fi\/tootekategooria\/keittiolaitteet\/tyhjiopakkaajat\/\">Takaje-tyhji\u00f6pakkauslaitteet<\/a><\/p>\n","protected":false},"excerpt":{"rendered":"<p>Tyhji\u00f6pakkauskalvopussi kutistekalvopakkausten tyhji\u00f6pakkaamiseen. Tyhji\u00f6pakkaus kalvopussit, korkealaatuinen, erikoismateriaali, joka on suunniteltu erityisesti tyhji\u00f6pakkaamiseen. Muovipusseissa on aallotettu takapinta ja etupuoli on kirkas l\u00e4pin\u00e4kyv\u00e4. Kohokuvioidun takapinnan ansiosta tyhji\u00f6pumppu saa ilman ulos pakkauksesta nopeammin ja paremmin. Koska kyseess\u00e4 on erityisen korkealaatuinen pakkausmateriaali, tyhji\u00f6pakattu ruoka n\u00e4ytt\u00e4\u00e4 itse asiassa jopa paremmalta kuin irtotavarana. Sopii erinomaisesti elintarvikkeiden asettamiseen kaupan hyllylle tai torille. Pident\u00e4\u00e4 elintarvikkeiden normaalia parasta ennen -p\u00e4iv\u00e4m\u00e4\u00e4r\u00e4\u00e4 jopa 3 kertaa. Tyhji\u00f6pakkaaminen&#8230;<\/p>\n","protected":false},"featured_media":18100,"template":"","meta":{"_acf_changed":false},"product_brand":[],"product_cat":[1743,1745,2232],"product_tag":[],"class_list":{"0":"post-53517","1":"product","2":"type-product","3":"status-publish","4":"has-post-thumbnail","6":"product_cat-lisalahjat-lahjat","7":"product_cat-suuri-varaston-tyhjennysmyynti","8":"product_cat-tyhjiopakkaajat","9":"product_shipping_class-toimitus-1-3-tyopaivan-kuluessa","10":"pa_variatsioon-tyhjiopakkaussukka-rullissa-30x600cm-2-rullaa-per-pakkaus","12":"first","13":"instock","14":"sale","15":"taxable","16":"shipping-taxable","17":"purchasable","18":"product-type-simple"},"acf":[],"yoast_head":"<!-- This site is optimized with the Yoast SEO Premium plugin v27.3 (Yoast SEO v27.3) - https:\/\/yoast.com\/product\/yoast-seo-premium-wordpress\/ -->\n<title>Suojasukka kanavalla - ammattilaissarja, 30x600cm, 2 rullaa per pakkaus - Rodoaed<\/title>\n<meta name=\"robots\" content=\"index, follow, max-snippet:-1, max-image-preview:large, max-video-preview:-1\" \/>\n<link rel=\"canonical\" href=\"https:\/\/rodoaed.ee\/fi\/toode\/suojasukka-kanavalla-ammattilaissarja-30x600cm-2-rullaa-per-pakkaus\/\" \/>\n<meta property=\"og:locale\" content=\"fi_FI\" \/>\n<meta property=\"og:type\" content=\"article\" \/>\n<meta property=\"og:title\" content=\"Suojasukka kanavalla - ammattilaissarja, 30x600cm, 2 rullaa per pakkaus\" \/>\n<meta property=\"og:description\" content=\"Tyhji\u00f6pakkauskalvopussi kutistekalvopakkausten tyhji\u00f6pakkaamiseen. Tyhji\u00f6pakkaus kalvopussit, korkealaatuinen, erikoismateriaali, joka on suunniteltu\" \/>\n<meta property=\"og:url\" content=\"https:\/\/rodoaed.ee\/fi\/toode\/suojasukka-kanavalla-ammattilaissarja-30x600cm-2-rullaa-per-pakkaus\/\" \/>\n<meta property=\"og:site_name\" content=\"Rodoaed\" \/>\n<meta property=\"article:publisher\" content=\"https:\/\/www.facebook.com\/kasvuhooned\/\" \/>\n<meta property=\"article:modified_time\" content=\"2026-04-13T08:07:31+00:00\" \/>\n<meta property=\"og:image\" content=\"https:\/\/rodoaed.ee\/wp-content\/uploads\/2019\/07\/vaakummasina-kilekotid.jpg\" \/>\n\t<meta property=\"og:image:width\" content=\"800\" \/>\n\t<meta property=\"og:image:height\" content=\"533\" \/>\n\t<meta property=\"og:image:type\" content=\"image\/jpeg\" \/>\n<meta name=\"twitter:card\" content=\"summary_large_image\" \/>\n<meta name=\"twitter:label1\" content=\"Arvioitu lukuaika\" \/>\n\t<meta name=\"twitter:data1\" content=\"1 minuutti\" \/>\n<script type=\"application\/ld+json\" class=\"yoast-schema-graph\">{\"@context\":\"https:\\\/\\\/schema.org\",\"@graph\":[{\"@type\":\"WebPage\",\"@id\":\"https:\\\/\\\/rodoaed.ee\\\/fi\\\/toode\\\/suojasukka-kanavalla-ammattilaissarja-30x600cm-2-rullaa-per-pakkaus\\\/\",\"url\":\"https:\\\/\\\/rodoaed.ee\\\/fi\\\/toode\\\/suojasukka-kanavalla-ammattilaissarja-30x600cm-2-rullaa-per-pakkaus\\\/\",\"name\":\"Suojasukka kanavalla - ammattilaissarja, 30x600cm, 2 rullaa per pakkaus - Rodoaed\",\"isPartOf\":{\"@id\":\"https:\\\/\\\/rodoaed.ee\\\/#website\"},\"primaryImageOfPage\":{\"@id\":\"https:\\\/\\\/rodoaed.ee\\\/fi\\\/toode\\\/suojasukka-kanavalla-ammattilaissarja-30x600cm-2-rullaa-per-pakkaus\\\/#primaryimage\"},\"image\":{\"@id\":\"https:\\\/\\\/rodoaed.ee\\\/fi\\\/toode\\\/suojasukka-kanavalla-ammattilaissarja-30x600cm-2-rullaa-per-pakkaus\\\/#primaryimage\"},\"thumbnailUrl\":\"https:\\\/\\\/rodoaed.ee\\\/wp-content\\\/uploads\\\/2019\\\/07\\\/vaakummasina-kilekotid.jpg\",\"datePublished\":\"2019-08-02T09:52:46+00:00\",\"dateModified\":\"2026-04-13T08:07:31+00:00\",\"breadcrumb\":{\"@id\":\"https:\\\/\\\/rodoaed.ee\\\/fi\\\/toode\\\/suojasukka-kanavalla-ammattilaissarja-30x600cm-2-rullaa-per-pakkaus\\\/#breadcrumb\"},\"inLanguage\":\"fi\",\"potentialAction\":[{\"@type\":\"ReadAction\",\"target\":[\"https:\\\/\\\/rodoaed.ee\\\/fi\\\/toode\\\/suojasukka-kanavalla-ammattilaissarja-30x600cm-2-rullaa-per-pakkaus\\\/\"]}]},{\"@type\":\"ImageObject\",\"inLanguage\":\"fi\",\"@id\":\"https:\\\/\\\/rodoaed.ee\\\/fi\\\/toode\\\/suojasukka-kanavalla-ammattilaissarja-30x600cm-2-rullaa-per-pakkaus\\\/#primaryimage\",\"url\":\"https:\\\/\\\/rodoaed.ee\\\/wp-content\\\/uploads\\\/2019\\\/07\\\/vaakummasina-kilekotid.jpg\",\"contentUrl\":\"https:\\\/\\\/rodoaed.ee\\\/wp-content\\\/uploads\\\/2019\\\/07\\\/vaakummasina-kilekotid.jpg\",\"width\":800,\"height\":533,\"caption\":\"Tyhji\u00f6pakkaaja suojattu sukka rullissa\"},{\"@type\":\"BreadcrumbList\",\"@id\":\"https:\\\/\\\/rodoaed.ee\\\/fi\\\/toode\\\/suojasukka-kanavalla-ammattilaissarja-30x600cm-2-rullaa-per-pakkaus\\\/#breadcrumb\",\"itemListElement\":[{\"@type\":\"ListItem\",\"position\":1,\"name\":\"Home\",\"item\":\"https:\\\/\\\/rodoaed.ee\\\/fi\\\/\"},{\"@type\":\"ListItem\",\"position\":2,\"name\":\"Osta osoitteessa\",\"item\":\"https:\\\/\\\/rodoaed.ee\\\/osta-osoitteessa\\\/\"},{\"@type\":\"ListItem\",\"position\":3,\"name\":\"Suojasukka kanavalla &#8211; ammattilaissarja, 30x600cm, 2 rullaa per pakkaus\"}]},{\"@type\":\"WebSite\",\"@id\":\"https:\\\/\\\/rodoaed.ee\\\/#website\",\"url\":\"https:\\\/\\\/rodoaed.ee\\\/\",\"name\":\"Rodoaed\",\"description\":\"\",\"publisher\":{\"@id\":\"https:\\\/\\\/rodoaed.ee\\\/#organization\"},\"potentialAction\":[{\"@type\":\"SearchAction\",\"target\":{\"@type\":\"EntryPoint\",\"urlTemplate\":\"https:\\\/\\\/rodoaed.ee\\\/?s={search_term_string}\"},\"query-input\":{\"@type\":\"PropertyValueSpecification\",\"valueRequired\":true,\"valueName\":\"search_term_string\"}}],\"inLanguage\":\"fi\"},{\"@type\":\"Organization\",\"@id\":\"https:\\\/\\\/rodoaed.ee\\\/#organization\",\"name\":\"Rodoaed\",\"url\":\"https:\\\/\\\/rodoaed.ee\\\/\",\"logo\":{\"@type\":\"ImageObject\",\"inLanguage\":\"fi\",\"@id\":\"https:\\\/\\\/rodoaed.ee\\\/#\\\/schema\\\/logo\\\/image\\\/\",\"url\":\"https:\\\/\\\/rodoaed.ee\\\/wp-content\\\/uploads\\\/2019\\\/11\\\/rodoaed-logo-ilma-taustata.jpg\",\"contentUrl\":\"https:\\\/\\\/rodoaed.ee\\\/wp-content\\\/uploads\\\/2019\\\/11\\\/rodoaed-logo-ilma-taustata.jpg\",\"width\":769,\"height\":268,\"caption\":\"Rodoaed\"},\"image\":{\"@id\":\"https:\\\/\\\/rodoaed.ee\\\/#\\\/schema\\\/logo\\\/image\\\/\"},\"sameAs\":[\"https:\\\/\\\/www.facebook.com\\\/kasvuhooned\\\/\",\"https:\\\/\\\/rodoaed.ee\"]}]}<\/script>\n<!-- \/ Yoast SEO Premium plugin. -->","yoast_head_json":{"title":"Suojasukka kanavalla - ammattilaissarja, 30x600cm, 2 rullaa per pakkaus - Rodoaed","robots":{"index":"index","follow":"follow","max-snippet":"max-snippet:-1","max-image-preview":"max-image-preview:large","max-video-preview":"max-video-preview:-1"},"canonical":"https:\/\/rodoaed.ee\/fi\/toode\/suojasukka-kanavalla-ammattilaissarja-30x600cm-2-rullaa-per-pakkaus\/","og_locale":"fi_FI","og_type":"article","og_title":"Suojasukka kanavalla - ammattilaissarja, 30x600cm, 2 rullaa per pakkaus","og_description":"Tyhji\u00f6pakkauskalvopussi kutistekalvopakkausten tyhji\u00f6pakkaamiseen. Tyhji\u00f6pakkaus kalvopussit, korkealaatuinen, erikoismateriaali, joka on suunniteltu","og_url":"https:\/\/rodoaed.ee\/fi\/toode\/suojasukka-kanavalla-ammattilaissarja-30x600cm-2-rullaa-per-pakkaus\/","og_site_name":"Rodoaed","article_publisher":"https:\/\/www.facebook.com\/kasvuhooned\/","article_modified_time":"2026-04-13T08:07:31+00:00","og_image":[{"width":800,"height":533,"url":"https:\/\/rodoaed.ee\/wp-content\/uploads\/2019\/07\/vaakummasina-kilekotid.jpg","type":"image\/jpeg"}],"twitter_card":"summary_large_image","twitter_misc":{"Arvioitu lukuaika":"1 minuutti"},"schema":{"@context":"https:\/\/schema.org","@graph":[{"@type":"WebPage","@id":"https:\/\/rodoaed.ee\/fi\/toode\/suojasukka-kanavalla-ammattilaissarja-30x600cm-2-rullaa-per-pakkaus\/","url":"https:\/\/rodoaed.ee\/fi\/toode\/suojasukka-kanavalla-ammattilaissarja-30x600cm-2-rullaa-per-pakkaus\/","name":"Suojasukka kanavalla - ammattilaissarja, 30x600cm, 2 rullaa per pakkaus - Rodoaed","isPartOf":{"@id":"https:\/\/rodoaed.ee\/#website"},"primaryImageOfPage":{"@id":"https:\/\/rodoaed.ee\/fi\/toode\/suojasukka-kanavalla-ammattilaissarja-30x600cm-2-rullaa-per-pakkaus\/#primaryimage"},"image":{"@id":"https:\/\/rodoaed.ee\/fi\/toode\/suojasukka-kanavalla-ammattilaissarja-30x600cm-2-rullaa-per-pakkaus\/#primaryimage"},"thumbnailUrl":"https:\/\/rodoaed.ee\/wp-content\/uploads\/2019\/07\/vaakummasina-kilekotid.jpg","datePublished":"2019-08-02T09:52:46+00:00","dateModified":"2026-04-13T08:07:31+00:00","breadcrumb":{"@id":"https:\/\/rodoaed.ee\/fi\/toode\/suojasukka-kanavalla-ammattilaissarja-30x600cm-2-rullaa-per-pakkaus\/#breadcrumb"},"inLanguage":"fi","potentialAction":[{"@type":"ReadAction","target":["https:\/\/rodoaed.ee\/fi\/toode\/suojasukka-kanavalla-ammattilaissarja-30x600cm-2-rullaa-per-pakkaus\/"]}]},{"@type":"ImageObject","inLanguage":"fi","@id":"https:\/\/rodoaed.ee\/fi\/toode\/suojasukka-kanavalla-ammattilaissarja-30x600cm-2-rullaa-per-pakkaus\/#primaryimage","url":"https:\/\/rodoaed.ee\/wp-content\/uploads\/2019\/07\/vaakummasina-kilekotid.jpg","contentUrl":"https:\/\/rodoaed.ee\/wp-content\/uploads\/2019\/07\/vaakummasina-kilekotid.jpg","width":800,"height":533,"caption":"Tyhji\u00f6pakkaaja suojattu sukka rullissa"},{"@type":"BreadcrumbList","@id":"https:\/\/rodoaed.ee\/fi\/toode\/suojasukka-kanavalla-ammattilaissarja-30x600cm-2-rullaa-per-pakkaus\/#breadcrumb","itemListElement":[{"@type":"ListItem","position":1,"name":"Home","item":"https:\/\/rodoaed.ee\/fi\/"},{"@type":"ListItem","position":2,"name":"Osta osoitteessa","item":"https:\/\/rodoaed.ee\/osta-osoitteessa\/"},{"@type":"ListItem","position":3,"name":"Suojasukka kanavalla &#8211; ammattilaissarja, 30x600cm, 2 rullaa per pakkaus"}]},{"@type":"WebSite","@id":"https:\/\/rodoaed.ee\/#website","url":"https:\/\/rodoaed.ee\/","name":"Rodoaed","description":"","publisher":{"@id":"https:\/\/rodoaed.ee\/#organization"},"potentialAction":[{"@type":"SearchAction","target":{"@type":"EntryPoint","urlTemplate":"https:\/\/rodoaed.ee\/?s={search_term_string}"},"query-input":{"@type":"PropertyValueSpecification","valueRequired":true,"valueName":"search_term_string"}}],"inLanguage":"fi"},{"@type":"Organization","@id":"https:\/\/rodoaed.ee\/#organization","name":"Rodoaed","url":"https:\/\/rodoaed.ee\/","logo":{"@type":"ImageObject","inLanguage":"fi","@id":"https:\/\/rodoaed.ee\/#\/schema\/logo\/image\/","url":"https:\/\/rodoaed.ee\/wp-content\/uploads\/2019\/11\/rodoaed-logo-ilma-taustata.jpg","contentUrl":"https:\/\/rodoaed.ee\/wp-content\/uploads\/2019\/11\/rodoaed-logo-ilma-taustata.jpg","width":769,"height":268,"caption":"Rodoaed"},"image":{"@id":"https:\/\/rodoaed.ee\/#\/schema\/logo\/image\/"},"sameAs":["https:\/\/www.facebook.com\/kasvuhooned\/","https:\/\/rodoaed.ee"]}]}},"_links":{"self":[{"href":"https:\/\/rodoaed.ee\/fi\/wp-json\/wp\/v2\/product\/53517","targetHints":{"allow":["GET"]}}],"collection":[{"href":"https:\/\/rodoaed.ee\/fi\/wp-json\/wp\/v2\/product"}],"about":[{"href":"https:\/\/rodoaed.ee\/fi\/wp-json\/wp\/v2\/types\/product"}],"wp:featuredmedia":[{"embeddable":true,"href":"https:\/\/rodoaed.ee\/fi\/wp-json\/wp\/v2\/media\/18100"}],"wp:attachment":[{"href":"https:\/\/rodoaed.ee\/fi\/wp-json\/wp\/v2\/media?parent=53517"}],"wp:term":[{"taxonomy":"product_brand","embeddable":true,"href":"https:\/\/rodoaed.ee\/fi\/wp-json\/wp\/v2\/product_brand?post=53517"},{"taxonomy":"product_cat","embeddable":true,"href":"https:\/\/rodoaed.ee\/fi\/wp-json\/wp\/v2\/product_cat?post=53517"},{"taxonomy":"product_tag","embeddable":true,"href":"https:\/\/rodoaed.ee\/fi\/wp-json\/wp\/v2\/product_tag?post=53517"}],"curies":[{"name":"wp","href":"https:\/\/api.w.org\/{rel}","templated":true}]}}