{"id":53523,"date":"2019-08-02T12:52:46","date_gmt":"2019-08-02T09:52:46","guid":{"rendered":"https:\/\/rodoaed.ee\/toode\/kasvihuoneen-lampopuhallin-phoenix\/"},"modified":"2026-04-13T11:07:34","modified_gmt":"2026-04-13T08:07:34","slug":"kasvihuoneen-lampopuhallin-phoenix","status":"publish","type":"product","link":"https:\/\/rodoaed.ee\/fi\/tuote\/kasvihuoneen-lampopuhallin-phoenix\/","title":{"rendered":"Kasvihuoneen l\u00e4mp\u00f6puhallin Phoenix"},"content":{"rendered":"<h3>Phoenix-kasvihuonetuuletin on riitt\u00e4v\u00e4n tehokas my\u00f6s suurempiin kasvihuoneisiin.<\/h3>\n<p><strong>Soveltuu parhaiten noin 4m2 &#8211; 16m2 kasvihuoneiden l\u00e4mmitykseen.<\/strong><\/p>\n<p>(Kaikki riippuu kasvihuoneen l\u00e4mm\u00f6npid\u00e4tyskyvyst\u00e4 ja ilman l\u00e4mp\u00f6tilasta.) Hyvin eristetyiss\u00e4 Euro-Serre-kasvihuoneissa neli\u00f6metrien m\u00e4\u00e4r\u00e4 voi olla huomattavasti suurempi).<\/p>\n<p>Phoenix on kosteudenkest\u00e4v\u00e4 l\u00e4mmitin, joka sopii erinomaisesti kosteisiin tiloihin, kuten kasvihuoneisiin, talvihuoneisiin, verannoille ja asuintiloihin. Kaikkialla, miss\u00e4 sinun on pidett\u00e4v\u00e4 automaattisesti vakiol\u00e4mp\u00f6tila. Puhallin voidaan asettaa yll\u00e4pit\u00e4m\u00e4\u00e4n vakiol\u00e4mp\u00f6tilaa my\u00f6s ilman digitaalista anturia. Digitaalinen Thermo 2 -termostaatti on todellinen helmi.   <\/p>\n<p>Jos haluat pit\u00e4\u00e4 kasvihuoneesi l\u00e4mpim\u00e4n\u00e4 kev\u00e4\u00e4ll\u00e4 esikasvatusta varten tai tarvitset automaattista suojaa kylmin\u00e4 \u00f6in\u00e4, t\u00e4m\u00e4 on ratkaisu sinulle.<\/p>\n<p>Jos haluat pit\u00e4\u00e4 orkideat tai muut herk\u00e4t huonekasvit oikeassa l\u00e4mp\u00f6tilassa puskurihuoneessa, t\u00e4m\u00e4 on my\u00f6s paras ratkaisu.<\/p>\n<h4>Phoenixin kasvihuonel\u00e4mp\u00f6puhallin toimii eritt\u00e4in hiljaisesti mutta tehokkaasti kierr\u00e4tt\u00e4m\u00e4ll\u00e4 koko huoneen ilmamassan.<\/h4>\n<h2>Tekniset tiedot<\/h2>\n<ul>\n<li>Maksimiteho 2800 W (kolmella tehoalueella 1,0KW, 1,8KW ja 2,8KW).<\/li>\n<li>Tuulettimen teho 53W<\/li>\n<li>Ilmanvaihtokapasiteetti 460 m3\/h<\/li>\n<li>L\u00e4mp\u00f6tilan s\u00e4\u00e4t\u00f6alue 0-26 C (l\u00e4mp\u00f6tilaa ohjataan termostaatilla)<\/li>\n<li>Suunniteltu seisomaan pystyasennossa tai roikkumaan katosta vakauden vuoksi.<\/li>\n<li>Vedenkest\u00e4vyys IPX4<\/li>\n<li>Leveys 22 cm, korkeus 33 cm, pituus 41 cm.<\/li>\n<li>2 vuoden takuu<\/li>\n<\/ul>\n<div><a href=\"https:\/\/rodoaed.ee\/fi\/\">kotisivu<\/a> <a href=\"https:\/\/rodoaed.ee\/tootekategooria\/kasvuhooned-ja-talveaiad\/\">k\u00e4ynnist\u00e4<\/a> <a href=\"https:\/\/rodoaed.ee\/fi\/tootekategooria\/kasvihuoneen-tarvikkeet\/\">tarvikkeet<\/a> <a href=\"https:\/\/rodoaed.ee\/fi\/tootekategooria\/kasvihuoneen-tarvikkeet\/kasvihuoneen-lammitys\/\">l\u00e4mmitys<\/a> <a href=\"https:\/\/rodoaed.ee\/?post_type=product&#038;p=23174\">kasvihuone tuuletin Palma<\/a> <a href=\"https:\/\/rodoaed.ee\/toode\/minikasvuhoone-jumbo-koos-soojendusmati-ning-termostaadiga\/\">Mini kasvihuone Jumbo<\/a><\/div>\n<div><\/div>\n","protected":false},"excerpt":{"rendered":"<p>Phoenix-kasvihuonetuuletin on riitt\u00e4v\u00e4n tehokas my\u00f6s suurempiin kasvihuoneisiin. Soveltuu parhaiten noin 4m2 &#8211; 16m2 kasvihuoneiden l\u00e4mmitykseen. (Kaikki riippuu kasvihuoneen l\u00e4mm\u00f6npid\u00e4tyskyvyst\u00e4 ja ilman l\u00e4mp\u00f6tilasta.) Hyvin eristetyiss\u00e4 Euro-Serre-kasvihuoneissa neli\u00f6metrien m\u00e4\u00e4r\u00e4 voi olla huomattavasti suurempi). Phoenix on kosteudenkest\u00e4v\u00e4 l\u00e4mmitin, joka sopii erinomaisesti kosteisiin tiloihin, kuten kasvihuoneisiin, talvihuoneisiin, verannoille ja asuintiloihin. Kaikkialla, miss\u00e4 sinun on pidett\u00e4v\u00e4 automaattisesti vakiol\u00e4mp\u00f6tila. Puhallin voidaan asettaa yll\u00e4pit\u00e4m\u00e4\u00e4n vakiol\u00e4mp\u00f6tilaa my\u00f6s ilman digitaalista anturia. Digitaalinen Thermo 2&#8230;<\/p>\n","protected":false},"featured_media":17774,"template":"","meta":{"_acf_changed":false},"product_brand":[],"product_cat":[1992,1869],"product_tag":[],"class_list":{"0":"post-53523","1":"product","2":"type-product","3":"status-publish","4":"has-post-thumbnail","6":"product_cat-kasvihuoneen-lammitys","7":"product_cat-kasvihuoneen-tarvikkeet","8":"product_shipping_class-toimitus-1-3-tyopaivan-kuluessa","9":"pa_variatsioon-15-phoenix-kasvihuoneen-lampopuhallin","11":"first","12":"onbackorder","13":"sale","14":"taxable","15":"shipping-taxable","16":"purchasable","17":"product-type-simple"},"acf":[],"yoast_head":"<!-- This site is optimized with the Yoast SEO Premium plugin v27.3 (Yoast SEO v27.3) - https:\/\/yoast.com\/product\/yoast-seo-premium-wordpress\/ -->\n<title>Kasvihuoneen l\u00e4mp\u00f6puhallin Phoenix - Rodoaed<\/title>\n<meta name=\"description\" content=\"Phoenix Greenhouse Fan Heater -l\u00e4mmitin on kosteudenkest\u00e4v\u00e4 l\u00e4mmitin, joka sopii erinomaisesti kosteisiin tiloihin, kuten kasvihuoneisiin, talvihuoneisiin, verannoille ja my\u00f6s asuintiloihin.\" \/>\n<meta name=\"robots\" content=\"index, follow, max-snippet:-1, max-image-preview:large, max-video-preview:-1\" \/>\n<link rel=\"canonical\" href=\"https:\/\/rodoaed.ee\/fi\/toode\/kasvihuoneen-lampopuhallin-phoenix\/\" \/>\n<meta property=\"og:locale\" content=\"fi_FI\" \/>\n<meta property=\"og:type\" content=\"article\" \/>\n<meta property=\"og:title\" content=\"Kasvihuoneen l\u00e4mp\u00f6puhallin Phoenix\" \/>\n<meta property=\"og:description\" content=\"Phoenix-kasvihuonetuuletin on riitt\u00e4v\u00e4n tehokas my\u00f6s suurempiin kasvihuoneisiin. Soveltuu parhaiten noin 4m2 - 16m2 kasvihuoneiden l\u00e4mmitykseen. (Kaikki\" \/>\n<meta property=\"og:url\" content=\"https:\/\/rodoaed.ee\/fi\/toode\/kasvihuoneen-lampopuhallin-phoenix\/\" \/>\n<meta property=\"og:site_name\" content=\"Rodoaed\" \/>\n<meta property=\"article:publisher\" content=\"https:\/\/www.facebook.com\/kasvuhooned\/\" \/>\n<meta property=\"article:modified_time\" content=\"2026-04-13T08:07:34+00:00\" \/>\n<meta property=\"og:image\" content=\"https:\/\/rodoaed.ee\/wp-content\/uploads\/2019\/07\/kasvuhoone-puhur-Phoenix_1.jpg\" \/>\n\t<meta property=\"og:image:width\" content=\"700\" \/>\n\t<meta property=\"og:image:height\" content=\"700\" \/>\n\t<meta property=\"og:image:type\" content=\"image\/jpeg\" \/>\n<meta name=\"twitter:card\" content=\"summary_large_image\" \/>\n<meta name=\"twitter:label1\" content=\"Arvioitu lukuaika\" \/>\n\t<meta name=\"twitter:data1\" content=\"1 minuutti\" \/>\n<script type=\"application\/ld+json\" class=\"yoast-schema-graph\">{\"@context\":\"https:\\\/\\\/schema.org\",\"@graph\":[{\"@type\":\"WebPage\",\"@id\":\"https:\\\/\\\/rodoaed.ee\\\/fi\\\/toode\\\/kasvihuoneen-lampopuhallin-phoenix\\\/\",\"url\":\"https:\\\/\\\/rodoaed.ee\\\/fi\\\/toode\\\/kasvihuoneen-lampopuhallin-phoenix\\\/\",\"name\":\"Kasvihuoneen l\u00e4mp\u00f6puhallin Phoenix - Rodoaed\",\"isPartOf\":{\"@id\":\"https:\\\/\\\/rodoaed.ee\\\/#website\"},\"primaryImageOfPage\":{\"@id\":\"https:\\\/\\\/rodoaed.ee\\\/fi\\\/toode\\\/kasvihuoneen-lampopuhallin-phoenix\\\/#primaryimage\"},\"image\":{\"@id\":\"https:\\\/\\\/rodoaed.ee\\\/fi\\\/toode\\\/kasvihuoneen-lampopuhallin-phoenix\\\/#primaryimage\"},\"thumbnailUrl\":\"https:\\\/\\\/rodoaed.ee\\\/wp-content\\\/uploads\\\/2019\\\/07\\\/kasvuhoone-puhur-Phoenix_1.jpg\",\"datePublished\":\"2019-08-02T09:52:46+00:00\",\"dateModified\":\"2026-04-13T08:07:34+00:00\",\"description\":\"Phoenix Greenhouse Fan Heater -l\u00e4mmitin on kosteudenkest\u00e4v\u00e4 l\u00e4mmitin, joka sopii erinomaisesti kosteisiin tiloihin, kuten kasvihuoneisiin, talvihuoneisiin, verannoille ja my\u00f6s asuintiloihin.\",\"breadcrumb\":{\"@id\":\"https:\\\/\\\/rodoaed.ee\\\/fi\\\/toode\\\/kasvihuoneen-lampopuhallin-phoenix\\\/#breadcrumb\"},\"inLanguage\":\"fi\",\"potentialAction\":[{\"@type\":\"ReadAction\",\"target\":[\"https:\\\/\\\/rodoaed.ee\\\/fi\\\/toode\\\/kasvihuoneen-lampopuhallin-phoenix\\\/\"]}]},{\"@type\":\"ImageObject\",\"inLanguage\":\"fi\",\"@id\":\"https:\\\/\\\/rodoaed.ee\\\/fi\\\/toode\\\/kasvihuoneen-lampopuhallin-phoenix\\\/#primaryimage\",\"url\":\"https:\\\/\\\/rodoaed.ee\\\/wp-content\\\/uploads\\\/2019\\\/07\\\/kasvuhoone-puhur-Phoenix_1.jpg\",\"contentUrl\":\"https:\\\/\\\/rodoaed.ee\\\/wp-content\\\/uploads\\\/2019\\\/07\\\/kasvuhoone-puhur-Phoenix_1.jpg\",\"width\":700,\"height\":700},{\"@type\":\"BreadcrumbList\",\"@id\":\"https:\\\/\\\/rodoaed.ee\\\/fi\\\/toode\\\/kasvihuoneen-lampopuhallin-phoenix\\\/#breadcrumb\",\"itemListElement\":[{\"@type\":\"ListItem\",\"position\":1,\"name\":\"Home\",\"item\":\"https:\\\/\\\/rodoaed.ee\\\/fi\\\/\"},{\"@type\":\"ListItem\",\"position\":2,\"name\":\"Osta osoitteessa\",\"item\":\"https:\\\/\\\/rodoaed.ee\\\/osta-osoitteessa\\\/\"},{\"@type\":\"ListItem\",\"position\":3,\"name\":\"Kasvihuoneen l\u00e4mp\u00f6puhallin Phoenix\"}]},{\"@type\":\"WebSite\",\"@id\":\"https:\\\/\\\/rodoaed.ee\\\/#website\",\"url\":\"https:\\\/\\\/rodoaed.ee\\\/\",\"name\":\"Rodoaed\",\"description\":\"\",\"publisher\":{\"@id\":\"https:\\\/\\\/rodoaed.ee\\\/#organization\"},\"potentialAction\":[{\"@type\":\"SearchAction\",\"target\":{\"@type\":\"EntryPoint\",\"urlTemplate\":\"https:\\\/\\\/rodoaed.ee\\\/?s={search_term_string}\"},\"query-input\":{\"@type\":\"PropertyValueSpecification\",\"valueRequired\":true,\"valueName\":\"search_term_string\"}}],\"inLanguage\":\"fi\"},{\"@type\":\"Organization\",\"@id\":\"https:\\\/\\\/rodoaed.ee\\\/#organization\",\"name\":\"Rodoaed\",\"url\":\"https:\\\/\\\/rodoaed.ee\\\/\",\"logo\":{\"@type\":\"ImageObject\",\"inLanguage\":\"fi\",\"@id\":\"https:\\\/\\\/rodoaed.ee\\\/#\\\/schema\\\/logo\\\/image\\\/\",\"url\":\"https:\\\/\\\/rodoaed.ee\\\/wp-content\\\/uploads\\\/2019\\\/11\\\/rodoaed-logo-ilma-taustata.jpg\",\"contentUrl\":\"https:\\\/\\\/rodoaed.ee\\\/wp-content\\\/uploads\\\/2019\\\/11\\\/rodoaed-logo-ilma-taustata.jpg\",\"width\":769,\"height\":268,\"caption\":\"Rodoaed\"},\"image\":{\"@id\":\"https:\\\/\\\/rodoaed.ee\\\/#\\\/schema\\\/logo\\\/image\\\/\"},\"sameAs\":[\"https:\\\/\\\/www.facebook.com\\\/kasvuhooned\\\/\",\"https:\\\/\\\/rodoaed.ee\"]}]}<\/script>\n<!-- \/ Yoast SEO Premium plugin. -->","yoast_head_json":{"title":"Kasvihuoneen l\u00e4mp\u00f6puhallin Phoenix - Rodoaed","description":"Phoenix Greenhouse Fan Heater -l\u00e4mmitin on kosteudenkest\u00e4v\u00e4 l\u00e4mmitin, joka sopii erinomaisesti kosteisiin tiloihin, kuten kasvihuoneisiin, talvihuoneisiin, verannoille ja my\u00f6s asuintiloihin.","robots":{"index":"index","follow":"follow","max-snippet":"max-snippet:-1","max-image-preview":"max-image-preview:large","max-video-preview":"max-video-preview:-1"},"canonical":"https:\/\/rodoaed.ee\/fi\/toode\/kasvihuoneen-lampopuhallin-phoenix\/","og_locale":"fi_FI","og_type":"article","og_title":"Kasvihuoneen l\u00e4mp\u00f6puhallin Phoenix","og_description":"Phoenix-kasvihuonetuuletin on riitt\u00e4v\u00e4n tehokas my\u00f6s suurempiin kasvihuoneisiin. Soveltuu parhaiten noin 4m2 - 16m2 kasvihuoneiden l\u00e4mmitykseen. (Kaikki","og_url":"https:\/\/rodoaed.ee\/fi\/toode\/kasvihuoneen-lampopuhallin-phoenix\/","og_site_name":"Rodoaed","article_publisher":"https:\/\/www.facebook.com\/kasvuhooned\/","article_modified_time":"2026-04-13T08:07:34+00:00","og_image":[{"width":700,"height":700,"url":"https:\/\/rodoaed.ee\/wp-content\/uploads\/2019\/07\/kasvuhoone-puhur-Phoenix_1.jpg","type":"image\/jpeg"}],"twitter_card":"summary_large_image","twitter_misc":{"Arvioitu lukuaika":"1 minuutti"},"schema":{"@context":"https:\/\/schema.org","@graph":[{"@type":"WebPage","@id":"https:\/\/rodoaed.ee\/fi\/toode\/kasvihuoneen-lampopuhallin-phoenix\/","url":"https:\/\/rodoaed.ee\/fi\/toode\/kasvihuoneen-lampopuhallin-phoenix\/","name":"Kasvihuoneen l\u00e4mp\u00f6puhallin Phoenix - Rodoaed","isPartOf":{"@id":"https:\/\/rodoaed.ee\/#website"},"primaryImageOfPage":{"@id":"https:\/\/rodoaed.ee\/fi\/toode\/kasvihuoneen-lampopuhallin-phoenix\/#primaryimage"},"image":{"@id":"https:\/\/rodoaed.ee\/fi\/toode\/kasvihuoneen-lampopuhallin-phoenix\/#primaryimage"},"thumbnailUrl":"https:\/\/rodoaed.ee\/wp-content\/uploads\/2019\/07\/kasvuhoone-puhur-Phoenix_1.jpg","datePublished":"2019-08-02T09:52:46+00:00","dateModified":"2026-04-13T08:07:34+00:00","description":"Phoenix Greenhouse Fan Heater -l\u00e4mmitin on kosteudenkest\u00e4v\u00e4 l\u00e4mmitin, joka sopii erinomaisesti kosteisiin tiloihin, kuten kasvihuoneisiin, talvihuoneisiin, verannoille ja my\u00f6s asuintiloihin.","breadcrumb":{"@id":"https:\/\/rodoaed.ee\/fi\/toode\/kasvihuoneen-lampopuhallin-phoenix\/#breadcrumb"},"inLanguage":"fi","potentialAction":[{"@type":"ReadAction","target":["https:\/\/rodoaed.ee\/fi\/toode\/kasvihuoneen-lampopuhallin-phoenix\/"]}]},{"@type":"ImageObject","inLanguage":"fi","@id":"https:\/\/rodoaed.ee\/fi\/toode\/kasvihuoneen-lampopuhallin-phoenix\/#primaryimage","url":"https:\/\/rodoaed.ee\/wp-content\/uploads\/2019\/07\/kasvuhoone-puhur-Phoenix_1.jpg","contentUrl":"https:\/\/rodoaed.ee\/wp-content\/uploads\/2019\/07\/kasvuhoone-puhur-Phoenix_1.jpg","width":700,"height":700},{"@type":"BreadcrumbList","@id":"https:\/\/rodoaed.ee\/fi\/toode\/kasvihuoneen-lampopuhallin-phoenix\/#breadcrumb","itemListElement":[{"@type":"ListItem","position":1,"name":"Home","item":"https:\/\/rodoaed.ee\/fi\/"},{"@type":"ListItem","position":2,"name":"Osta osoitteessa","item":"https:\/\/rodoaed.ee\/osta-osoitteessa\/"},{"@type":"ListItem","position":3,"name":"Kasvihuoneen l\u00e4mp\u00f6puhallin Phoenix"}]},{"@type":"WebSite","@id":"https:\/\/rodoaed.ee\/#website","url":"https:\/\/rodoaed.ee\/","name":"Rodoaed","description":"","publisher":{"@id":"https:\/\/rodoaed.ee\/#organization"},"potentialAction":[{"@type":"SearchAction","target":{"@type":"EntryPoint","urlTemplate":"https:\/\/rodoaed.ee\/?s={search_term_string}"},"query-input":{"@type":"PropertyValueSpecification","valueRequired":true,"valueName":"search_term_string"}}],"inLanguage":"fi"},{"@type":"Organization","@id":"https:\/\/rodoaed.ee\/#organization","name":"Rodoaed","url":"https:\/\/rodoaed.ee\/","logo":{"@type":"ImageObject","inLanguage":"fi","@id":"https:\/\/rodoaed.ee\/#\/schema\/logo\/image\/","url":"https:\/\/rodoaed.ee\/wp-content\/uploads\/2019\/11\/rodoaed-logo-ilma-taustata.jpg","contentUrl":"https:\/\/rodoaed.ee\/wp-content\/uploads\/2019\/11\/rodoaed-logo-ilma-taustata.jpg","width":769,"height":268,"caption":"Rodoaed"},"image":{"@id":"https:\/\/rodoaed.ee\/#\/schema\/logo\/image\/"},"sameAs":["https:\/\/www.facebook.com\/kasvuhooned\/","https:\/\/rodoaed.ee"]}]}},"_links":{"self":[{"href":"https:\/\/rodoaed.ee\/fi\/wp-json\/wp\/v2\/product\/53523","targetHints":{"allow":["GET"]}}],"collection":[{"href":"https:\/\/rodoaed.ee\/fi\/wp-json\/wp\/v2\/product"}],"about":[{"href":"https:\/\/rodoaed.ee\/fi\/wp-json\/wp\/v2\/types\/product"}],"wp:featuredmedia":[{"embeddable":true,"href":"https:\/\/rodoaed.ee\/fi\/wp-json\/wp\/v2\/media\/17774"}],"wp:attachment":[{"href":"https:\/\/rodoaed.ee\/fi\/wp-json\/wp\/v2\/media?parent=53523"}],"wp:term":[{"taxonomy":"product_brand","embeddable":true,"href":"https:\/\/rodoaed.ee\/fi\/wp-json\/wp\/v2\/product_brand?post=53523"},{"taxonomy":"product_cat","embeddable":true,"href":"https:\/\/rodoaed.ee\/fi\/wp-json\/wp\/v2\/product_cat?post=53523"},{"taxonomy":"product_tag","embeddable":true,"href":"https:\/\/rodoaed.ee\/fi\/wp-json\/wp\/v2\/product_tag?post=53523"}],"curies":[{"name":"wp","href":"https:\/\/api.w.org\/{rel}","templated":true}]}}