{"id":53524,"date":"2019-08-02T12:52:46","date_gmt":"2019-08-02T09:52:46","guid":{"rendered":"https:\/\/rodoaed.ee\/toode\/tyhjiopakkauslaite-t-43-pro\/"},"modified":"2026-04-13T11:07:35","modified_gmt":"2026-04-13T08:07:35","slug":"tyhjiopakkauslaite-t-43-pro","status":"publish","type":"product","link":"https:\/\/rodoaed.ee\/fi\/tuote\/tyhjiopakkauslaite-t-43-pro\/","title":{"rendered":"Tyhji\u00f6pakkauslaite &#8211; T-43 PRO"},"content":{"rendered":"<h2>Takaje-tyhji\u00f6pakkauksen avulla voit s\u00e4ilytt\u00e4\u00e4 erilaisia tuoreita elintarvikkeita jopa kolme kertaa pidemp\u00e4\u00e4n kuin pit\u00e4m\u00e4ll\u00e4 niit\u00e4 avoinna j\u00e4\u00e4kaapissa.<\/h2>\n<h2>T-43 PRO -malli on suunniteltu ammattik\u00e4ytt\u00f6\u00f6n ravintolakeitti\u00f6iss\u00e4, elintarviketuottajissa ja n\u00e4yttelytiloissa.<\/h2>\n<p>Tyhji\u00f6pakkaaminen antaa sinulle mahdollisuuden pident\u00e4\u00e4 tuoreiden elintarvikkeiden s\u00e4ilyvyytt\u00e4 jopa kolme kertaa. S\u00e4\u00e4st\u00e4t my\u00f6s rahaa ruoassa, koska et tuhlaa en\u00e4\u00e4 yht\u00e4\u00e4n ruokaa. Pakastettujen elintarvikkeiden kanssa voit esimerkiksi s\u00e4ilytt\u00e4\u00e4 pakastettua lihaa jopa 3 vuotta kuluttamatta energiaa j\u00e4\u00e4kaapissa.  <\/p>\n<p>Takajen tyhji\u00f6pakkausj\u00e4rjestelm\u00e4 mahdollistaa monenlaisten elintarvikkeiden s\u00e4ilytt\u00e4misen tyhji\u00f6pusseissa sek\u00e4 uudelleenk\u00e4ytett\u00e4viss\u00e4 lasiastioissa, kuten pulloissa ja purkeissa. Teknologia, jossa lasitavaroita k\u00e4ytet\u00e4\u00e4n tyhji\u00f6pakkauksina, on ainutlaatuinen Tre Spaden keksint\u00f6. <\/p>\n<p>Ihmiset ovat aikojen alusta l\u00e4htien etsineet tapoja s\u00e4ilytt\u00e4\u00e4 ruokaa selviyty\u00e4kseen. On k\u00e4ytetty suolaamista ja pakastamista ja nyt tyhji\u00f6pakkaamista. Tyhji\u00f6pakkaaminen tuo s\u00e4il\u00f6nt\u00e4\u00e4n uuden ulottuvuuden, sill\u00e4 se s\u00e4\u00e4st\u00e4\u00e4 valtavia rahasummia hy\u00f6dynt\u00e4m\u00e4ll\u00e4 elintarvikkeita paremmin. Ruokaa menee v\u00e4hemm\u00e4n hukkaan. Samalla voit s\u00e4ilytt\u00e4\u00e4 enemm\u00e4n ruokaa pienemmiss\u00e4 annoksissa ja sy\u00f6d\u00e4 sen aina tuoreena.    <\/p>\n<p><strong>Tre Spade -ruokakuivaimet ovat Euroopan suosituimpia ja luotettavimpia ruokakuivaimia. Tre Spade Takaje -tyhji\u00f6pakkauslaitteet puolestaan voittivat hiljattain Euroopan parhaan muotoilupalkinnon 2014. <\/strong><\/p>\n<p><strong>Tyhji\u00f6pumppu on varustettu automaattisella suojausj\u00e4rjestelm\u00e4ll\u00e4, joka est\u00e4\u00e4 nesteiden imeytymisen koneeseen.<\/strong><\/p>\n<h2>HUOM T\u00e4m\u00e4 on maailman ainoa tyhji\u00f6pakkausj\u00e4rjestelm\u00e4, joka mahdollistaa uusien tai k\u00e4ytettyjen lasiesineiden k\u00e4yt\u00f6n tyhji\u00f6pakkaamiseen.<\/h2>\n<h2>T\u00e4rkeimm\u00e4t ominaisuudet:<\/h2>\n<ul>\n<li>Ruostumattomasta ter\u00e4ksest\u00e4 valmistettu kotelo<\/li>\n<li>Nelj\u00e4 eri toimintatapaa: automaattinen sykli &#8211; manuaalinen sykli &#8211; t\u00f6lkkien tyhji\u00f6pakkaussykli &#8211; rullakalvopussin tyhji\u00f6pakkaussykli.<\/li>\n<li>Kaksoistankosulkemisj\u00e4rjestelm\u00e4. Kalvopakkauksen sulkemiseen tarkoitetut kuumasauvat on<span style=\"line-height: 1;\"> valmistettu eritt\u00e4in kest\u00e4v\u00e4st\u00e4 metallista, jonka paksuus on 3 mm.<\/span> <\/li>\n<li>10 eri s\u00e4\u00e4t\u00f6tasoa helppoon ja tarkkaan pakkauksen sokerointiin<\/li>\n<li>Eritt\u00e4in yksinkertainen ja tarkka tyhji\u00f6pakkauksen tiivistyslaite<\/li>\n<li>Palkittu korin muotoilu<\/li>\n<li>Lasipurkkien tyhji\u00f6sulkemislaite sis\u00e4ltyy jo vakiopakkaukseen.<\/li>\n<li>Tyhji\u00f6pumpun kammio on helposti irrotettavissa helppoa puhdistusta varten.<\/li>\n<li>Helppo k\u00e4ytt\u00e4\u00e4<\/li>\n<li>Kompakti ja kevyt<\/li>\n<\/ul>\n<h2>Tekniset tiedot:<\/h2>\n<ul>\n<li>Paino: 8,2 kg<\/li>\n<li>Mitat: 48 x 24,5 x 15,5 cm.<\/li>\n<li>Teho: 600 W<\/li>\n<li>Tyhji\u00f6pumpun imuteho: 32 litraa minuutissa.<\/li>\n<li>Maksimi tyhji\u00f6: 900 mbar<\/li>\n<li>Sulkemisen pituus: 43 cm<\/li>\n<li><strong>PLUS<\/strong> tyhji\u00f6paineen ilmaisin<\/li>\n<li><strong>PLUS<\/strong> Tyhji\u00f6kammiossa on automaattinen nestetiiviste, joka suojaa laitetta nesteen tahattomalta sis\u00e4\u00e4np\u00e4\u00e4sylt\u00e4.<\/li>\n<\/ul>\n<h2>Setti sis\u00e4lt\u00e4\u00e4:<\/h2>\n<div><strong>tyhji\u00f6pumpun kanssa: 2 venttiili\u00e4, 10 tyhji\u00f6pussia ja 3 leivontaan sopivaa tyhji\u00f6pussia.<\/strong><\/div>\n<div><\/div>\n<div><a href=\"https:\/\/rodoaed.ee\/fi\/tootekategooria\/keittiolaitteet\/tyhjiopakkaajat\/\">Takaje-tyhji\u00f6pakkauslaitteet<\/a><\/div>\n<div><\/div>\n","protected":false},"excerpt":{"rendered":"<p>Takaje-tyhji\u00f6pakkauksen avulla voit s\u00e4ilytt\u00e4\u00e4 erilaisia tuoreita elintarvikkeita jopa kolme kertaa pidemp\u00e4\u00e4n kuin pit\u00e4m\u00e4ll\u00e4 niit\u00e4 avoinna j\u00e4\u00e4kaapissa. T-43 PRO -malli on suunniteltu ammattik\u00e4ytt\u00f6\u00f6n ravintolakeitti\u00f6iss\u00e4, elintarviketuottajissa ja n\u00e4yttelytiloissa. Tyhji\u00f6pakkaaminen antaa sinulle mahdollisuuden pident\u00e4\u00e4 tuoreiden elintarvikkeiden s\u00e4ilyvyytt\u00e4 jopa kolme kertaa. S\u00e4\u00e4st\u00e4t my\u00f6s rahaa ruoassa, koska et tuhlaa en\u00e4\u00e4 yht\u00e4\u00e4n ruokaa. Pakastettujen elintarvikkeiden kanssa voit esimerkiksi s\u00e4ilytt\u00e4\u00e4 pakastettua lihaa jopa 3 vuotta kuluttamatta energiaa j\u00e4\u00e4kaapissa. Takajen tyhji\u00f6pakkausj\u00e4rjestelm\u00e4 mahdollistaa monenlaisten&#8230;<\/p>\n","protected":false},"featured_media":17769,"template":"","meta":{"_acf_changed":false},"product_brand":[],"product_cat":[1751,2410,2232],"product_tag":[],"class_list":{"0":"post-53524","1":"product","2":"type-product","3":"status-publish","4":"has-post-thumbnail","6":"product_cat-keittiolaitteet","7":"product_cat-souse-vide-keitin","8":"product_cat-tyhjiopakkaajat","9":"product_shipping_class-toimitus-5-7-tyopaivan-kuluessa","10":"pa_variatsioon-tyhjiopakkauslaite-t-43-pro","12":"first","13":"onbackorder","14":"sale","15":"taxable","16":"shipping-taxable","17":"purchasable","18":"product-type-simple"},"acf":[],"yoast_head":"<!-- This site is optimized with the Yoast SEO Premium plugin v27.3 (Yoast SEO v27.3) - https:\/\/yoast.com\/product\/yoast-seo-premium-wordpress\/ -->\n<title>Tyhji\u00f6pakkauslaite - T-43 PRO -% Rodoaed-tyhji\u00f6pakkauslaite<\/title>\n<meta name=\"description\" content=\"Takaje-tyhji\u00f6pakkauksen avulla voit s\u00e4ilytt\u00e4\u00e4 erilaisia tuoreita elintarvikkeita jopa kolme kertaa pidemp\u00e4\u00e4n kuin pit\u00e4m\u00e4ll\u00e4 niit\u00e4 avoinna j\u00e4\u00e4kaapissa.\" \/>\n<meta name=\"robots\" content=\"index, follow, max-snippet:-1, max-image-preview:large, max-video-preview:-1\" \/>\n<link rel=\"canonical\" href=\"https:\/\/rodoaed.ee\/fi\/toode\/tyhjiopakkauslaite-t-43-pro\/\" \/>\n<meta property=\"og:locale\" content=\"fi_FI\" \/>\n<meta property=\"og:type\" content=\"article\" \/>\n<meta property=\"og:title\" content=\"Tyhji\u00f6pakkauslaite - T-43 PRO\" \/>\n<meta property=\"og:description\" content=\"Takaje-tyhji\u00f6pakkauksen avulla voit s\u00e4ilytt\u00e4\u00e4 erilaisia tuoreita elintarvikkeita jopa kolme kertaa pidemp\u00e4\u00e4n kuin pit\u00e4m\u00e4ll\u00e4 niit\u00e4 avoinna j\u00e4\u00e4kaapissa.\" \/>\n<meta property=\"og:url\" content=\"https:\/\/rodoaed.ee\/fi\/toode\/tyhjiopakkauslaite-t-43-pro\/\" \/>\n<meta property=\"og:site_name\" content=\"Rodoaed\" \/>\n<meta property=\"article:publisher\" content=\"https:\/\/www.facebook.com\/kasvuhooned\/\" \/>\n<meta property=\"article:modified_time\" content=\"2026-04-13T08:07:35+00:00\" \/>\n<meta property=\"og:image\" content=\"https:\/\/rodoaed.ee\/wp-content\/uploads\/2019\/07\/Tre-Sapde-vaakumpump_PRO_68000.jpg\" \/>\n\t<meta property=\"og:image:width\" content=\"800\" \/>\n\t<meta property=\"og:image:height\" content=\"604\" \/>\n\t<meta property=\"og:image:type\" content=\"image\/jpeg\" \/>\n<meta name=\"twitter:card\" content=\"summary_large_image\" \/>\n<meta name=\"twitter:label1\" content=\"Arvioitu lukuaika\" \/>\n\t<meta name=\"twitter:data1\" content=\"2 minuuttia\" \/>\n<script type=\"application\/ld+json\" class=\"yoast-schema-graph\">{\"@context\":\"https:\\\/\\\/schema.org\",\"@graph\":[{\"@type\":\"WebPage\",\"@id\":\"https:\\\/\\\/rodoaed.ee\\\/fi\\\/toode\\\/tyhjiopakkauslaite-t-43-pro\\\/\",\"url\":\"https:\\\/\\\/rodoaed.ee\\\/fi\\\/toode\\\/tyhjiopakkauslaite-t-43-pro\\\/\",\"name\":\"Tyhji\u00f6pakkauslaite - T-43 PRO -% Rodoaed-tyhji\u00f6pakkauslaite\",\"isPartOf\":{\"@id\":\"https:\\\/\\\/rodoaed.ee\\\/#website\"},\"primaryImageOfPage\":{\"@id\":\"https:\\\/\\\/rodoaed.ee\\\/fi\\\/toode\\\/tyhjiopakkauslaite-t-43-pro\\\/#primaryimage\"},\"image\":{\"@id\":\"https:\\\/\\\/rodoaed.ee\\\/fi\\\/toode\\\/tyhjiopakkauslaite-t-43-pro\\\/#primaryimage\"},\"thumbnailUrl\":\"https:\\\/\\\/rodoaed.ee\\\/wp-content\\\/uploads\\\/2019\\\/07\\\/Tre-Sapde-vaakumpump_PRO_68000.jpg\",\"datePublished\":\"2019-08-02T09:52:46+00:00\",\"dateModified\":\"2026-04-13T08:07:35+00:00\",\"description\":\"Takaje-tyhji\u00f6pakkauksen avulla voit s\u00e4ilytt\u00e4\u00e4 erilaisia tuoreita elintarvikkeita jopa kolme kertaa pidemp\u00e4\u00e4n kuin pit\u00e4m\u00e4ll\u00e4 niit\u00e4 avoinna j\u00e4\u00e4kaapissa.\",\"breadcrumb\":{\"@id\":\"https:\\\/\\\/rodoaed.ee\\\/fi\\\/toode\\\/tyhjiopakkauslaite-t-43-pro\\\/#breadcrumb\"},\"inLanguage\":\"fi\",\"potentialAction\":[{\"@type\":\"ReadAction\",\"target\":[\"https:\\\/\\\/rodoaed.ee\\\/fi\\\/toode\\\/tyhjiopakkauslaite-t-43-pro\\\/\"]}]},{\"@type\":\"ImageObject\",\"inLanguage\":\"fi\",\"@id\":\"https:\\\/\\\/rodoaed.ee\\\/fi\\\/toode\\\/tyhjiopakkauslaite-t-43-pro\\\/#primaryimage\",\"url\":\"https:\\\/\\\/rodoaed.ee\\\/wp-content\\\/uploads\\\/2019\\\/07\\\/Tre-Sapde-vaakumpump_PRO_68000.jpg\",\"contentUrl\":\"https:\\\/\\\/rodoaed.ee\\\/wp-content\\\/uploads\\\/2019\\\/07\\\/Tre-Sapde-vaakumpump_PRO_68000.jpg\",\"width\":800,\"height\":604},{\"@type\":\"BreadcrumbList\",\"@id\":\"https:\\\/\\\/rodoaed.ee\\\/fi\\\/toode\\\/tyhjiopakkauslaite-t-43-pro\\\/#breadcrumb\",\"itemListElement\":[{\"@type\":\"ListItem\",\"position\":1,\"name\":\"Home\",\"item\":\"https:\\\/\\\/rodoaed.ee\\\/fi\\\/\"},{\"@type\":\"ListItem\",\"position\":2,\"name\":\"Osta osoitteessa\",\"item\":\"https:\\\/\\\/rodoaed.ee\\\/osta-osoitteessa\\\/\"},{\"@type\":\"ListItem\",\"position\":3,\"name\":\"Tyhji\u00f6pakkauslaite &#8211; T-43 PRO\"}]},{\"@type\":\"WebSite\",\"@id\":\"https:\\\/\\\/rodoaed.ee\\\/#website\",\"url\":\"https:\\\/\\\/rodoaed.ee\\\/\",\"name\":\"Rodoaed\",\"description\":\"\",\"publisher\":{\"@id\":\"https:\\\/\\\/rodoaed.ee\\\/#organization\"},\"potentialAction\":[{\"@type\":\"SearchAction\",\"target\":{\"@type\":\"EntryPoint\",\"urlTemplate\":\"https:\\\/\\\/rodoaed.ee\\\/?s={search_term_string}\"},\"query-input\":{\"@type\":\"PropertyValueSpecification\",\"valueRequired\":true,\"valueName\":\"search_term_string\"}}],\"inLanguage\":\"fi\"},{\"@type\":\"Organization\",\"@id\":\"https:\\\/\\\/rodoaed.ee\\\/#organization\",\"name\":\"Rodoaed\",\"url\":\"https:\\\/\\\/rodoaed.ee\\\/\",\"logo\":{\"@type\":\"ImageObject\",\"inLanguage\":\"fi\",\"@id\":\"https:\\\/\\\/rodoaed.ee\\\/#\\\/schema\\\/logo\\\/image\\\/\",\"url\":\"https:\\\/\\\/rodoaed.ee\\\/wp-content\\\/uploads\\\/2019\\\/11\\\/rodoaed-logo-ilma-taustata.jpg\",\"contentUrl\":\"https:\\\/\\\/rodoaed.ee\\\/wp-content\\\/uploads\\\/2019\\\/11\\\/rodoaed-logo-ilma-taustata.jpg\",\"width\":769,\"height\":268,\"caption\":\"Rodoaed\"},\"image\":{\"@id\":\"https:\\\/\\\/rodoaed.ee\\\/#\\\/schema\\\/logo\\\/image\\\/\"},\"sameAs\":[\"https:\\\/\\\/www.facebook.com\\\/kasvuhooned\\\/\",\"https:\\\/\\\/rodoaed.ee\"]}]}<\/script>\n<!-- \/ Yoast SEO Premium plugin. -->","yoast_head_json":{"title":"Tyhji\u00f6pakkauslaite - T-43 PRO -% Rodoaed-tyhji\u00f6pakkauslaite","description":"Takaje-tyhji\u00f6pakkauksen avulla voit s\u00e4ilytt\u00e4\u00e4 erilaisia tuoreita elintarvikkeita jopa kolme kertaa pidemp\u00e4\u00e4n kuin pit\u00e4m\u00e4ll\u00e4 niit\u00e4 avoinna j\u00e4\u00e4kaapissa.","robots":{"index":"index","follow":"follow","max-snippet":"max-snippet:-1","max-image-preview":"max-image-preview:large","max-video-preview":"max-video-preview:-1"},"canonical":"https:\/\/rodoaed.ee\/fi\/toode\/tyhjiopakkauslaite-t-43-pro\/","og_locale":"fi_FI","og_type":"article","og_title":"Tyhji\u00f6pakkauslaite - T-43 PRO","og_description":"Takaje-tyhji\u00f6pakkauksen avulla voit s\u00e4ilytt\u00e4\u00e4 erilaisia tuoreita elintarvikkeita jopa kolme kertaa pidemp\u00e4\u00e4n kuin pit\u00e4m\u00e4ll\u00e4 niit\u00e4 avoinna j\u00e4\u00e4kaapissa.","og_url":"https:\/\/rodoaed.ee\/fi\/toode\/tyhjiopakkauslaite-t-43-pro\/","og_site_name":"Rodoaed","article_publisher":"https:\/\/www.facebook.com\/kasvuhooned\/","article_modified_time":"2026-04-13T08:07:35+00:00","og_image":[{"width":800,"height":604,"url":"https:\/\/rodoaed.ee\/wp-content\/uploads\/2019\/07\/Tre-Sapde-vaakumpump_PRO_68000.jpg","type":"image\/jpeg"}],"twitter_card":"summary_large_image","twitter_misc":{"Arvioitu lukuaika":"2 minuuttia"},"schema":{"@context":"https:\/\/schema.org","@graph":[{"@type":"WebPage","@id":"https:\/\/rodoaed.ee\/fi\/toode\/tyhjiopakkauslaite-t-43-pro\/","url":"https:\/\/rodoaed.ee\/fi\/toode\/tyhjiopakkauslaite-t-43-pro\/","name":"Tyhji\u00f6pakkauslaite - T-43 PRO -% Rodoaed-tyhji\u00f6pakkauslaite","isPartOf":{"@id":"https:\/\/rodoaed.ee\/#website"},"primaryImageOfPage":{"@id":"https:\/\/rodoaed.ee\/fi\/toode\/tyhjiopakkauslaite-t-43-pro\/#primaryimage"},"image":{"@id":"https:\/\/rodoaed.ee\/fi\/toode\/tyhjiopakkauslaite-t-43-pro\/#primaryimage"},"thumbnailUrl":"https:\/\/rodoaed.ee\/wp-content\/uploads\/2019\/07\/Tre-Sapde-vaakumpump_PRO_68000.jpg","datePublished":"2019-08-02T09:52:46+00:00","dateModified":"2026-04-13T08:07:35+00:00","description":"Takaje-tyhji\u00f6pakkauksen avulla voit s\u00e4ilytt\u00e4\u00e4 erilaisia tuoreita elintarvikkeita jopa kolme kertaa pidemp\u00e4\u00e4n kuin pit\u00e4m\u00e4ll\u00e4 niit\u00e4 avoinna j\u00e4\u00e4kaapissa.","breadcrumb":{"@id":"https:\/\/rodoaed.ee\/fi\/toode\/tyhjiopakkauslaite-t-43-pro\/#breadcrumb"},"inLanguage":"fi","potentialAction":[{"@type":"ReadAction","target":["https:\/\/rodoaed.ee\/fi\/toode\/tyhjiopakkauslaite-t-43-pro\/"]}]},{"@type":"ImageObject","inLanguage":"fi","@id":"https:\/\/rodoaed.ee\/fi\/toode\/tyhjiopakkauslaite-t-43-pro\/#primaryimage","url":"https:\/\/rodoaed.ee\/wp-content\/uploads\/2019\/07\/Tre-Sapde-vaakumpump_PRO_68000.jpg","contentUrl":"https:\/\/rodoaed.ee\/wp-content\/uploads\/2019\/07\/Tre-Sapde-vaakumpump_PRO_68000.jpg","width":800,"height":604},{"@type":"BreadcrumbList","@id":"https:\/\/rodoaed.ee\/fi\/toode\/tyhjiopakkauslaite-t-43-pro\/#breadcrumb","itemListElement":[{"@type":"ListItem","position":1,"name":"Home","item":"https:\/\/rodoaed.ee\/fi\/"},{"@type":"ListItem","position":2,"name":"Osta osoitteessa","item":"https:\/\/rodoaed.ee\/osta-osoitteessa\/"},{"@type":"ListItem","position":3,"name":"Tyhji\u00f6pakkauslaite &#8211; T-43 PRO"}]},{"@type":"WebSite","@id":"https:\/\/rodoaed.ee\/#website","url":"https:\/\/rodoaed.ee\/","name":"Rodoaed","description":"","publisher":{"@id":"https:\/\/rodoaed.ee\/#organization"},"potentialAction":[{"@type":"SearchAction","target":{"@type":"EntryPoint","urlTemplate":"https:\/\/rodoaed.ee\/?s={search_term_string}"},"query-input":{"@type":"PropertyValueSpecification","valueRequired":true,"valueName":"search_term_string"}}],"inLanguage":"fi"},{"@type":"Organization","@id":"https:\/\/rodoaed.ee\/#organization","name":"Rodoaed","url":"https:\/\/rodoaed.ee\/","logo":{"@type":"ImageObject","inLanguage":"fi","@id":"https:\/\/rodoaed.ee\/#\/schema\/logo\/image\/","url":"https:\/\/rodoaed.ee\/wp-content\/uploads\/2019\/11\/rodoaed-logo-ilma-taustata.jpg","contentUrl":"https:\/\/rodoaed.ee\/wp-content\/uploads\/2019\/11\/rodoaed-logo-ilma-taustata.jpg","width":769,"height":268,"caption":"Rodoaed"},"image":{"@id":"https:\/\/rodoaed.ee\/#\/schema\/logo\/image\/"},"sameAs":["https:\/\/www.facebook.com\/kasvuhooned\/","https:\/\/rodoaed.ee"]}]}},"_links":{"self":[{"href":"https:\/\/rodoaed.ee\/fi\/wp-json\/wp\/v2\/product\/53524","targetHints":{"allow":["GET"]}}],"collection":[{"href":"https:\/\/rodoaed.ee\/fi\/wp-json\/wp\/v2\/product"}],"about":[{"href":"https:\/\/rodoaed.ee\/fi\/wp-json\/wp\/v2\/types\/product"}],"wp:featuredmedia":[{"embeddable":true,"href":"https:\/\/rodoaed.ee\/fi\/wp-json\/wp\/v2\/media\/17769"}],"wp:attachment":[{"href":"https:\/\/rodoaed.ee\/fi\/wp-json\/wp\/v2\/media?parent=53524"}],"wp:term":[{"taxonomy":"product_brand","embeddable":true,"href":"https:\/\/rodoaed.ee\/fi\/wp-json\/wp\/v2\/product_brand?post=53524"},{"taxonomy":"product_cat","embeddable":true,"href":"https:\/\/rodoaed.ee\/fi\/wp-json\/wp\/v2\/product_cat?post=53524"},{"taxonomy":"product_tag","embeddable":true,"href":"https:\/\/rodoaed.ee\/fi\/wp-json\/wp\/v2\/product_tag?post=53524"}],"curies":[{"name":"wp","href":"https:\/\/api.w.org\/{rel}","templated":true}]}}