{"id":53525,"date":"2019-08-02T12:53:06","date_gmt":"2019-08-02T09:53:06","guid":{"rendered":"https:\/\/rodoaed.ee\/toode\/tyhjiopakkauslaite-neo-dome-30-uutuus\/"},"modified":"2026-04-13T11:07:38","modified_gmt":"2026-04-13T08:07:38","slug":"tyhjiopakkauslaite-neo-dome-30-uutuus","status":"publish","type":"product","link":"https:\/\/rodoaed.ee\/fi\/tuote\/tyhjiopakkauslaite-neo-dome-30-uutuus\/","title":{"rendered":"Tyhji\u00f6pakkauslaite &#8211; NEO DOME 30- UUTUUS!"},"content":{"rendered":"<p><strong>NEO DOME 30 -tyhji\u00f6pakkauslaite on suunniteltu kaikenlaisiin ammattik\u00e4ytt\u00f6\u00f6n.<\/strong><\/p>\n<p>Tre Spaden NEO DOME 30 -kammiotyhji\u00f6pakkauslaite on ammattik\u00e4ytt\u00f6\u00f6n tarkoitettu kammiopakkauslaite, joka on ihanteellinen tuoreiden ja valmistettujen elintarvikkeiden optimaaliseen s\u00e4ilytt\u00e4miseen ja suojaamiseen. Ruostumattomasta ter\u00e4ksest\u00e4 valmistetun rakenteensa ja irrotettavan 30 cm:n sulkutangon ansiosta se tarjoaa korkean suorituskyvyn ja maksimaalisen monipuolisuuden kaikissa tilanteissa. <\/p>\n<p>Se on varustettu kolmella ohjelmoitavalla asetuksella, marinadi- ja pumppupuhdistusjaksolla, ja se on suunniteltu helpottamaan p\u00e4ivitt\u00e4ist\u00e4 ty\u00f6t\u00e4 ja saavuttamaan erinomaisia tuloksia. M\u00e4nt\u00e4k\u00e4ytt\u00f6inen pikavaihtoj\u00e4rjestelm\u00e4 ja automaattinen kammion avautuminen takaavat k\u00e4yt\u00e4nn\u00f6llisen ja tehokkaan k\u00e4yt\u00f6n. <\/p>\n<p><strong>T\u00e4rkeimm\u00e4t ominaisuudet:<\/strong><\/p>\n<ul>\n<li>Kest\u00e4v\u00e4 ruostumattomasta ter\u00e4ksest\u00e4 valmistettu runko: kest\u00e4vyys, hygienia ja helppo puhdistus.<\/li>\n<li>Irrotettava sulkuhihna: 30 cm pitk\u00e4, sopii erikokoisiin laukkuihin.<\/li>\n<li>Suurin tyhji\u00f6taso: 998 mbar<\/li>\n<li>\u00d6ljykylvypumppu: 8 m\u00b3\/h kapasiteetti takaa korkean ja tasaisen suorituskyvyn.<\/li>\n<li>Edistyneet toiminnot: 3 ohjelmoitavaa asetusta, peittausjakso, pumpun puhdistusjakso.<\/li>\n<li>Laajennettu yhteensopivuus: tyhji\u00f6j\u00e4rjestelm\u00e4 t\u00f6lkkej\u00e4 ja Gastronorm-astioita varten, valmiiksi suunniteltu inertin kaasun ruiskutusta varten.<\/li>\n<li>Automaattinen kammion avautuminen: helpottaa k\u00e4ytt\u00f6\u00e4<\/li>\n<li>Tilava lokero: 31 x 35 x 12 cm, sopii erikokoisille tuotteille.<\/li>\n<li>Tehonkulutus: 750 W &#8211; virtal\u00e4hde 230 V \/ 50 Hz<\/li>\n<\/ul>\n<p>Tre Spade NEO DOME 30 -kammioinen tyhji\u00f6pakkauslaite tarjoaa ammattimaista laatua ja luotettavuutta, mik\u00e4 takaa elintarvikkeiden turvallisen ja pitk\u00e4aikaisen s\u00e4ilymisen moitteettomilla tuloksilla.<\/p>\n<p><strong>Tekniset tiedot:<\/strong><\/p>\n<ul>\n<li>Paino: 34,5 kg<\/li>\n<li>Mitat: 42 x 46 x 37 cm<\/li>\n<li>Sis\u00e4tilan mitat: 31 x 35 x 12 cm.<\/li>\n<li>Teho: 750 W<\/li>\n<li>Tyhji\u00f6pumpun imuteho: 130 litraa minuutissa.<\/li>\n<li>Maksimi alipaine: 998 mbar<\/li>\n<li>Suljettavan kuumakapulan pituus: 30 cm<\/li>\n<li>Ohjauspaneeli, jossa on painemittari<\/li>\n<\/ul>\n<p><a href=\"https:\/\/rodoaed.ee\/fi\/tootekategooria\/keittiolaitteet\/tyhjiopakkaajat\/\">Takaje-tyhji\u00f6pakkauslaitteet<\/a><\/p>\n","protected":false},"excerpt":{"rendered":"<p>NEO DOME 30 -tyhji\u00f6pakkauslaite on suunniteltu kaikenlaisiin ammattik\u00e4ytt\u00f6\u00f6n. Tre Spaden NEO DOME 30 -kammiotyhji\u00f6pakkauslaite on ammattik\u00e4ytt\u00f6\u00f6n tarkoitettu kammiopakkauslaite, joka on ihanteellinen tuoreiden ja valmistettujen elintarvikkeiden optimaaliseen s\u00e4ilytt\u00e4miseen ja suojaamiseen. Ruostumattomasta ter\u00e4ksest\u00e4 valmistetun rakenteensa ja irrotettavan 30 cm:n sulkutangon ansiosta se tarjoaa korkean suorituskyvyn ja maksimaalisen monipuolisuuden kaikissa tilanteissa. Se on varustettu kolmella ohjelmoitavalla asetuksella, marinadi- ja pumppupuhdistusjaksolla, ja se on suunniteltu helpottamaan p\u00e4ivitt\u00e4ist\u00e4 ty\u00f6t\u00e4 ja&#8230;<\/p>\n","protected":false},"featured_media":51148,"template":"","meta":{"_acf_changed":false},"product_brand":[],"product_cat":[1751,2232],"product_tag":[],"class_list":{"0":"post-53525","1":"product","2":"type-product","3":"status-publish","4":"has-post-thumbnail","6":"product_cat-keittiolaitteet","7":"product_cat-tyhjiopakkaajat","8":"pa_variatsioon-tyhjiopakkauslaite-dome-33","10":"first","11":"onbackorder","12":"taxable","13":"shipping-taxable","14":"purchasable","15":"product-type-simple"},"acf":[],"yoast_head":"<!-- This site is optimized with the Yoast SEO Premium plugin v27.3 (Yoast SEO v27.3) - https:\/\/yoast.com\/product\/yoast-seo-premium-wordpress\/ -->\n<title>Tyhji\u00f6pakkauslaite - NEO DOME 30- UUTUUS! - Rodoaed<\/title>\n<meta name=\"robots\" content=\"index, follow, max-snippet:-1, max-image-preview:large, max-video-preview:-1\" \/>\n<link rel=\"canonical\" href=\"https:\/\/rodoaed.ee\/fi\/toode\/tyhjiopakkauslaite-neo-dome-30-uutuus\/\" \/>\n<meta property=\"og:locale\" content=\"fi_FI\" \/>\n<meta property=\"og:type\" content=\"article\" \/>\n<meta property=\"og:title\" content=\"Tyhji\u00f6pakkauslaite - NEO DOME 30- UUTUUS!\" \/>\n<meta property=\"og:description\" content=\"NEO DOME 30 -tyhji\u00f6pakkauslaite on suunniteltu kaikenlaisiin ammattik\u00e4ytt\u00f6\u00f6n. Tre Spaden NEO DOME 30 -kammiotyhji\u00f6pakkauslaite on ammattik\u00e4ytt\u00f6\u00f6n\" \/>\n<meta property=\"og:url\" content=\"https:\/\/rodoaed.ee\/fi\/toode\/tyhjiopakkauslaite-neo-dome-30-uutuus\/\" \/>\n<meta property=\"og:site_name\" content=\"Rodoaed\" \/>\n<meta property=\"article:publisher\" content=\"https:\/\/www.facebook.com\/kasvuhooned\/\" \/>\n<meta property=\"article:modified_time\" content=\"2026-04-13T08:07:38+00:00\" \/>\n<meta property=\"og:image\" content=\"https:\/\/rodoaed.ee\/wp-content\/uploads\/2019\/08\/NEODOME30.jpg.webp\" \/>\n\t<meta property=\"og:image:width\" content=\"2048\" \/>\n\t<meta property=\"og:image:height\" content=\"2048\" \/>\n\t<meta property=\"og:image:type\" content=\"image\/webp\" \/>\n<meta name=\"twitter:card\" content=\"summary_large_image\" \/>\n<meta name=\"twitter:label1\" content=\"Arvioitu lukuaika\" \/>\n\t<meta name=\"twitter:data1\" content=\"1 minuutti\" \/>\n<script type=\"application\/ld+json\" class=\"yoast-schema-graph\">{\"@context\":\"https:\\\/\\\/schema.org\",\"@graph\":[{\"@type\":\"WebPage\",\"@id\":\"https:\\\/\\\/rodoaed.ee\\\/fi\\\/toode\\\/tyhjiopakkauslaite-neo-dome-30-uutuus\\\/\",\"url\":\"https:\\\/\\\/rodoaed.ee\\\/fi\\\/toode\\\/tyhjiopakkauslaite-neo-dome-30-uutuus\\\/\",\"name\":\"Tyhji\u00f6pakkauslaite - NEO DOME 30- UUTUUS! - Rodoaed\",\"isPartOf\":{\"@id\":\"https:\\\/\\\/rodoaed.ee\\\/#website\"},\"primaryImageOfPage\":{\"@id\":\"https:\\\/\\\/rodoaed.ee\\\/fi\\\/toode\\\/tyhjiopakkauslaite-neo-dome-30-uutuus\\\/#primaryimage\"},\"image\":{\"@id\":\"https:\\\/\\\/rodoaed.ee\\\/fi\\\/toode\\\/tyhjiopakkauslaite-neo-dome-30-uutuus\\\/#primaryimage\"},\"thumbnailUrl\":\"https:\\\/\\\/rodoaed.ee\\\/wp-content\\\/uploads\\\/2019\\\/08\\\/NEODOME30.jpg.webp\",\"datePublished\":\"2019-08-02T09:53:06+00:00\",\"dateModified\":\"2026-04-13T08:07:38+00:00\",\"breadcrumb\":{\"@id\":\"https:\\\/\\\/rodoaed.ee\\\/fi\\\/toode\\\/tyhjiopakkauslaite-neo-dome-30-uutuus\\\/#breadcrumb\"},\"inLanguage\":\"fi\",\"potentialAction\":[{\"@type\":\"ReadAction\",\"target\":[\"https:\\\/\\\/rodoaed.ee\\\/fi\\\/toode\\\/tyhjiopakkauslaite-neo-dome-30-uutuus\\\/\"]}]},{\"@type\":\"ImageObject\",\"inLanguage\":\"fi\",\"@id\":\"https:\\\/\\\/rodoaed.ee\\\/fi\\\/toode\\\/tyhjiopakkauslaite-neo-dome-30-uutuus\\\/#primaryimage\",\"url\":\"https:\\\/\\\/rodoaed.ee\\\/wp-content\\\/uploads\\\/2019\\\/08\\\/NEODOME30.jpg.webp\",\"contentUrl\":\"https:\\\/\\\/rodoaed.ee\\\/wp-content\\\/uploads\\\/2019\\\/08\\\/NEODOME30.jpg.webp\",\"width\":2048,\"height\":2048},{\"@type\":\"BreadcrumbList\",\"@id\":\"https:\\\/\\\/rodoaed.ee\\\/fi\\\/toode\\\/tyhjiopakkauslaite-neo-dome-30-uutuus\\\/#breadcrumb\",\"itemListElement\":[{\"@type\":\"ListItem\",\"position\":1,\"name\":\"Home\",\"item\":\"https:\\\/\\\/rodoaed.ee\\\/fi\\\/\"},{\"@type\":\"ListItem\",\"position\":2,\"name\":\"Osta osoitteessa\",\"item\":\"https:\\\/\\\/rodoaed.ee\\\/osta-osoitteessa\\\/\"},{\"@type\":\"ListItem\",\"position\":3,\"name\":\"Tyhji\u00f6pakkauslaite &#8211; NEO DOME 30- UUTUUS!\"}]},{\"@type\":\"WebSite\",\"@id\":\"https:\\\/\\\/rodoaed.ee\\\/#website\",\"url\":\"https:\\\/\\\/rodoaed.ee\\\/\",\"name\":\"Rodoaed\",\"description\":\"\",\"publisher\":{\"@id\":\"https:\\\/\\\/rodoaed.ee\\\/#organization\"},\"potentialAction\":[{\"@type\":\"SearchAction\",\"target\":{\"@type\":\"EntryPoint\",\"urlTemplate\":\"https:\\\/\\\/rodoaed.ee\\\/?s={search_term_string}\"},\"query-input\":{\"@type\":\"PropertyValueSpecification\",\"valueRequired\":true,\"valueName\":\"search_term_string\"}}],\"inLanguage\":\"fi\"},{\"@type\":\"Organization\",\"@id\":\"https:\\\/\\\/rodoaed.ee\\\/#organization\",\"name\":\"Rodoaed\",\"url\":\"https:\\\/\\\/rodoaed.ee\\\/\",\"logo\":{\"@type\":\"ImageObject\",\"inLanguage\":\"fi\",\"@id\":\"https:\\\/\\\/rodoaed.ee\\\/#\\\/schema\\\/logo\\\/image\\\/\",\"url\":\"https:\\\/\\\/rodoaed.ee\\\/wp-content\\\/uploads\\\/2019\\\/11\\\/rodoaed-logo-ilma-taustata.jpg\",\"contentUrl\":\"https:\\\/\\\/rodoaed.ee\\\/wp-content\\\/uploads\\\/2019\\\/11\\\/rodoaed-logo-ilma-taustata.jpg\",\"width\":769,\"height\":268,\"caption\":\"Rodoaed\"},\"image\":{\"@id\":\"https:\\\/\\\/rodoaed.ee\\\/#\\\/schema\\\/logo\\\/image\\\/\"},\"sameAs\":[\"https:\\\/\\\/www.facebook.com\\\/kasvuhooned\\\/\",\"https:\\\/\\\/rodoaed.ee\"]}]}<\/script>\n<!-- \/ Yoast SEO Premium plugin. -->","yoast_head_json":{"title":"Tyhji\u00f6pakkauslaite - NEO DOME 30- UUTUUS! - Rodoaed","robots":{"index":"index","follow":"follow","max-snippet":"max-snippet:-1","max-image-preview":"max-image-preview:large","max-video-preview":"max-video-preview:-1"},"canonical":"https:\/\/rodoaed.ee\/fi\/toode\/tyhjiopakkauslaite-neo-dome-30-uutuus\/","og_locale":"fi_FI","og_type":"article","og_title":"Tyhji\u00f6pakkauslaite - NEO DOME 30- UUTUUS!","og_description":"NEO DOME 30 -tyhji\u00f6pakkauslaite on suunniteltu kaikenlaisiin ammattik\u00e4ytt\u00f6\u00f6n. Tre Spaden NEO DOME 30 -kammiotyhji\u00f6pakkauslaite on ammattik\u00e4ytt\u00f6\u00f6n","og_url":"https:\/\/rodoaed.ee\/fi\/toode\/tyhjiopakkauslaite-neo-dome-30-uutuus\/","og_site_name":"Rodoaed","article_publisher":"https:\/\/www.facebook.com\/kasvuhooned\/","article_modified_time":"2026-04-13T08:07:38+00:00","og_image":[{"width":2048,"height":2048,"url":"https:\/\/rodoaed.ee\/wp-content\/uploads\/2019\/08\/NEODOME30.jpg.webp","type":"image\/webp"}],"twitter_card":"summary_large_image","twitter_misc":{"Arvioitu lukuaika":"1 minuutti"},"schema":{"@context":"https:\/\/schema.org","@graph":[{"@type":"WebPage","@id":"https:\/\/rodoaed.ee\/fi\/toode\/tyhjiopakkauslaite-neo-dome-30-uutuus\/","url":"https:\/\/rodoaed.ee\/fi\/toode\/tyhjiopakkauslaite-neo-dome-30-uutuus\/","name":"Tyhji\u00f6pakkauslaite - NEO DOME 30- UUTUUS! - Rodoaed","isPartOf":{"@id":"https:\/\/rodoaed.ee\/#website"},"primaryImageOfPage":{"@id":"https:\/\/rodoaed.ee\/fi\/toode\/tyhjiopakkauslaite-neo-dome-30-uutuus\/#primaryimage"},"image":{"@id":"https:\/\/rodoaed.ee\/fi\/toode\/tyhjiopakkauslaite-neo-dome-30-uutuus\/#primaryimage"},"thumbnailUrl":"https:\/\/rodoaed.ee\/wp-content\/uploads\/2019\/08\/NEODOME30.jpg.webp","datePublished":"2019-08-02T09:53:06+00:00","dateModified":"2026-04-13T08:07:38+00:00","breadcrumb":{"@id":"https:\/\/rodoaed.ee\/fi\/toode\/tyhjiopakkauslaite-neo-dome-30-uutuus\/#breadcrumb"},"inLanguage":"fi","potentialAction":[{"@type":"ReadAction","target":["https:\/\/rodoaed.ee\/fi\/toode\/tyhjiopakkauslaite-neo-dome-30-uutuus\/"]}]},{"@type":"ImageObject","inLanguage":"fi","@id":"https:\/\/rodoaed.ee\/fi\/toode\/tyhjiopakkauslaite-neo-dome-30-uutuus\/#primaryimage","url":"https:\/\/rodoaed.ee\/wp-content\/uploads\/2019\/08\/NEODOME30.jpg.webp","contentUrl":"https:\/\/rodoaed.ee\/wp-content\/uploads\/2019\/08\/NEODOME30.jpg.webp","width":2048,"height":2048},{"@type":"BreadcrumbList","@id":"https:\/\/rodoaed.ee\/fi\/toode\/tyhjiopakkauslaite-neo-dome-30-uutuus\/#breadcrumb","itemListElement":[{"@type":"ListItem","position":1,"name":"Home","item":"https:\/\/rodoaed.ee\/fi\/"},{"@type":"ListItem","position":2,"name":"Osta osoitteessa","item":"https:\/\/rodoaed.ee\/osta-osoitteessa\/"},{"@type":"ListItem","position":3,"name":"Tyhji\u00f6pakkauslaite &#8211; NEO DOME 30- UUTUUS!"}]},{"@type":"WebSite","@id":"https:\/\/rodoaed.ee\/#website","url":"https:\/\/rodoaed.ee\/","name":"Rodoaed","description":"","publisher":{"@id":"https:\/\/rodoaed.ee\/#organization"},"potentialAction":[{"@type":"SearchAction","target":{"@type":"EntryPoint","urlTemplate":"https:\/\/rodoaed.ee\/?s={search_term_string}"},"query-input":{"@type":"PropertyValueSpecification","valueRequired":true,"valueName":"search_term_string"}}],"inLanguage":"fi"},{"@type":"Organization","@id":"https:\/\/rodoaed.ee\/#organization","name":"Rodoaed","url":"https:\/\/rodoaed.ee\/","logo":{"@type":"ImageObject","inLanguage":"fi","@id":"https:\/\/rodoaed.ee\/#\/schema\/logo\/image\/","url":"https:\/\/rodoaed.ee\/wp-content\/uploads\/2019\/11\/rodoaed-logo-ilma-taustata.jpg","contentUrl":"https:\/\/rodoaed.ee\/wp-content\/uploads\/2019\/11\/rodoaed-logo-ilma-taustata.jpg","width":769,"height":268,"caption":"Rodoaed"},"image":{"@id":"https:\/\/rodoaed.ee\/#\/schema\/logo\/image\/"},"sameAs":["https:\/\/www.facebook.com\/kasvuhooned\/","https:\/\/rodoaed.ee"]}]}},"_links":{"self":[{"href":"https:\/\/rodoaed.ee\/fi\/wp-json\/wp\/v2\/product\/53525","targetHints":{"allow":["GET"]}}],"collection":[{"href":"https:\/\/rodoaed.ee\/fi\/wp-json\/wp\/v2\/product"}],"about":[{"href":"https:\/\/rodoaed.ee\/fi\/wp-json\/wp\/v2\/types\/product"}],"wp:featuredmedia":[{"embeddable":true,"href":"https:\/\/rodoaed.ee\/fi\/wp-json\/wp\/v2\/media\/51148"}],"wp:attachment":[{"href":"https:\/\/rodoaed.ee\/fi\/wp-json\/wp\/v2\/media?parent=53525"}],"wp:term":[{"taxonomy":"product_brand","embeddable":true,"href":"https:\/\/rodoaed.ee\/fi\/wp-json\/wp\/v2\/product_brand?post=53525"},{"taxonomy":"product_cat","embeddable":true,"href":"https:\/\/rodoaed.ee\/fi\/wp-json\/wp\/v2\/product_cat?post=53525"},{"taxonomy":"product_tag","embeddable":true,"href":"https:\/\/rodoaed.ee\/fi\/wp-json\/wp\/v2\/product_tag?post=53525"}],"curies":[{"name":"wp","href":"https:\/\/api.w.org\/{rel}","templated":true}]}}