{"id":53526,"date":"2019-08-02T12:53:06","date_gmt":"2019-08-02T09:53:06","guid":{"rendered":"https:\/\/rodoaed.ee\/toode\/tyhjiopakkauslaite-neo-dome-40-uutuus\/"},"modified":"2026-04-13T11:07:42","modified_gmt":"2026-04-13T08:07:42","slug":"tyhjiopakkauslaite-neo-dome-40-uutuus","status":"publish","type":"product","link":"https:\/\/rodoaed.ee\/fi\/tuote\/tyhjiopakkauslaite-neo-dome-40-uutuus\/","title":{"rendered":"Tyhji\u00f6pakkauslaite &#8211; NEO DOME 40- UUTUUS!"},"content":{"rendered":"<p><strong>NEO DOME 40 -tyhji\u00f6pakkauslaite on suunniteltu ammattik\u00e4ytt\u00f6\u00f6n.<\/strong><\/p>\n<p>Tre Spaden NEO DOME 40 -kammiotyhji\u00f6kuivain on ammattik\u00e4ytt\u00f6\u00f6n suunniteltu huippuluokan kammiokuivain &#8211; ihanteellinen tuoreiden ja valmistettujen elintarvikkeiden maksimaaliseen suojaamiseen ja s\u00e4ilytt\u00e4miseen. Siin\u00e4 on vankka ruostumattomasta ter\u00e4ksest\u00e4 valmistettu runko ja irrotettava 40 cm:n tiivistystanko, ja se on ihanteellinen suurten formaattien tiivist\u00e4miseen moitteettomilla tuloksilla. <\/p>\n<p>Tehokkaan 20 m\u00b3\/h-sumppupumpun ja 998 mbar:n enimm\u00e4istyhji\u00f6tason ansiosta NEO DOME 40 tarjoaa korkean suorituskyvyn vaativimmissakin ymp\u00e4rist\u00f6iss\u00e4. Edistykselliset ominaisuudet, kuten peittausjakso, pumpun puhdistusjakso ja suojakaasun ruiskutuksen esiasetus, tekev\u00e4t siit\u00e4 eritt\u00e4in monipuolisen ja sopivan monenlaisiin ammattik\u00e4ytt\u00f6\u00f6n. <\/p>\n<p><strong>T\u00e4rkeimm\u00e4t ominaisuudet:<\/strong><\/p>\n<ul>\n<li>Kest\u00e4v\u00e4 ruostumattomasta ter\u00e4ksest\u00e4 valmistettu runko: hygieeninen, kest\u00e4v\u00e4 ja helppo puhdistaa.<\/li>\n<li>Irrotettava 40 cm:n sulkuhihna: ihanteellinen suurille laukuille.<\/li>\n<li>Tehokas pumppu: 20 m\u00b3\/h virtausnopeus takaa tasaisen korkean suorituskyvyn.<\/li>\n<li>Suurin tyhji\u00f6taso: 998 mbar<\/li>\n<li>Edistyneet toiminnot: 3 ohjelmoitavaa sykli\u00e4, peittausjakso, pumpun puhdistusjakso.<\/li>\n<li>Laajennettu yhteensopivuus: tyhji\u00f6j\u00e4rjestelm\u00e4 t\u00f6lkeille ja Gastronorm-astioille, valmiina inertin kaasun ruiskutukseen.<\/li>\n<li>Automaattinen kammion avautuminen: k\u00e4yt\u00e4nn\u00f6llisempi ja tehokkaampi ty\u00f6skentely.<\/li>\n<li>Suuri lokero: mitat 41 x 45 x 22 cm tilaa vieville tuotteille.<\/li>\n<li>Tehonkulutus: 1150 W &#8211; virtal\u00e4hde 230 V \/ 50 Hz<\/li>\n<\/ul>\n<p>Tre Spaden NEO DOME 40 -kammioinen tyhji\u00f6pakkauslaite tarjoaa erinomaista ammattilaissuorituskyky\u00e4 &#8211; ihanteellinen niille, jotka etsiv\u00e4t luotettavuutta, monipuolisuutta ja virheett\u00f6mi\u00e4 tyhji\u00f6pakkaustuloksia.<\/p>\n<p><strong>Tekniset tiedot:<\/strong><\/p>\n<ul>\n<li>Paino: 54,5 kg<\/li>\n<li>Mitat: 51 x 56 x 45 cm<\/li>\n<li>Sis\u00e4tilan mitat: 41 x 45 x 22 cm.<\/li>\n<li>Teho: 1150 W<\/li>\n<li>Tyhji\u00f6pumpun imuteho: 330 litraa minuutissa.<\/li>\n<li>Maksimi alipaine: 998 mbar<\/li>\n<li>Sulkemisen pituus: 41 cm<\/li>\n<li>Ohjauspaneeli, jossa on painemittari<\/li>\n<\/ul>\n<p><a href=\"https:\/\/rodoaed.ee\/fi\/tootekategooria\/keittiolaitteet\/tyhjiopakkaajat\/\">Takaje-tyhji\u00f6pakkauslaitteet<\/a><\/p>\n","protected":false},"excerpt":{"rendered":"<p>NEO DOME 40 -tyhji\u00f6pakkauslaite on suunniteltu ammattik\u00e4ytt\u00f6\u00f6n. Tre Spaden NEO DOME 40 -kammiotyhji\u00f6kuivain on ammattik\u00e4ytt\u00f6\u00f6n suunniteltu huippuluokan kammiokuivain &#8211; ihanteellinen tuoreiden ja valmistettujen elintarvikkeiden maksimaaliseen suojaamiseen ja s\u00e4ilytt\u00e4miseen. Siin\u00e4 on vankka ruostumattomasta ter\u00e4ksest\u00e4 valmistettu runko ja irrotettava 40 cm:n tiivistystanko, ja se on ihanteellinen suurten formaattien tiivist\u00e4miseen moitteettomilla tuloksilla. Tehokkaan 20 m\u00b3\/h-sumppupumpun ja 998 mbar:n enimm\u00e4istyhji\u00f6tason ansiosta NEO DOME 40 tarjoaa korkean suorituskyvyn vaativimmissakin ymp\u00e4rist\u00f6iss\u00e4&#8230;.<\/p>\n","protected":false},"featured_media":51152,"template":"","meta":{"_acf_changed":false},"product_brand":[],"product_cat":[1751,2232],"product_tag":[],"class_list":{"0":"post-53526","1":"product","2":"type-product","3":"status-publish","4":"has-post-thumbnail","6":"product_cat-keittiolaitteet","7":"product_cat-tyhjiopakkaajat","8":"pa_variatsioon-tyhjiopakkauslaite-dome-43","10":"first","11":"onbackorder","12":"taxable","13":"shipping-taxable","14":"purchasable","15":"product-type-simple"},"acf":[],"yoast_head":"<!-- This site is optimized with the Yoast SEO Premium plugin v27.3 (Yoast SEO v27.3) - https:\/\/yoast.com\/product\/yoast-seo-premium-wordpress\/ -->\n<title>Tyhji\u00f6pakkauslaite - NEO DOME 40- UUTUUS! - Rodoaed<\/title>\n<meta name=\"robots\" content=\"index, follow, max-snippet:-1, max-image-preview:large, max-video-preview:-1\" \/>\n<link rel=\"canonical\" href=\"https:\/\/rodoaed.ee\/fi\/toode\/tyhjiopakkauslaite-neo-dome-40-uutuus\/\" \/>\n<meta property=\"og:locale\" content=\"fi_FI\" \/>\n<meta property=\"og:type\" content=\"article\" \/>\n<meta property=\"og:title\" content=\"Tyhji\u00f6pakkauslaite - NEO DOME 40- UUTUUS!\" \/>\n<meta property=\"og:description\" content=\"NEO DOME 40 -tyhji\u00f6pakkauslaite on suunniteltu ammattik\u00e4ytt\u00f6\u00f6n. Tre Spaden NEO DOME 40 -kammiotyhji\u00f6kuivain on ammattik\u00e4ytt\u00f6\u00f6n suunniteltu huippuluokan\" \/>\n<meta property=\"og:url\" content=\"https:\/\/rodoaed.ee\/fi\/toode\/tyhjiopakkauslaite-neo-dome-40-uutuus\/\" \/>\n<meta property=\"og:site_name\" content=\"Rodoaed\" \/>\n<meta property=\"article:publisher\" content=\"https:\/\/www.facebook.com\/kasvuhooned\/\" \/>\n<meta property=\"article:modified_time\" content=\"2026-04-13T08:07:42+00:00\" \/>\n<meta property=\"og:image\" content=\"https:\/\/rodoaed.ee\/wp-content\/uploads\/2019\/08\/NEODOME40.jpg.webp\" \/>\n\t<meta property=\"og:image:width\" content=\"2048\" \/>\n\t<meta property=\"og:image:height\" content=\"2048\" \/>\n\t<meta property=\"og:image:type\" content=\"image\/webp\" \/>\n<meta name=\"twitter:card\" content=\"summary_large_image\" \/>\n<meta name=\"twitter:label1\" content=\"Arvioitu lukuaika\" \/>\n\t<meta name=\"twitter:data1\" content=\"1 minuutti\" \/>\n<script type=\"application\/ld+json\" class=\"yoast-schema-graph\">{\"@context\":\"https:\\\/\\\/schema.org\",\"@graph\":[{\"@type\":\"WebPage\",\"@id\":\"https:\\\/\\\/rodoaed.ee\\\/fi\\\/toode\\\/tyhjiopakkauslaite-neo-dome-40-uutuus\\\/\",\"url\":\"https:\\\/\\\/rodoaed.ee\\\/fi\\\/toode\\\/tyhjiopakkauslaite-neo-dome-40-uutuus\\\/\",\"name\":\"Tyhji\u00f6pakkauslaite - NEO DOME 40- UUTUUS! - Rodoaed\",\"isPartOf\":{\"@id\":\"https:\\\/\\\/rodoaed.ee\\\/#website\"},\"primaryImageOfPage\":{\"@id\":\"https:\\\/\\\/rodoaed.ee\\\/fi\\\/toode\\\/tyhjiopakkauslaite-neo-dome-40-uutuus\\\/#primaryimage\"},\"image\":{\"@id\":\"https:\\\/\\\/rodoaed.ee\\\/fi\\\/toode\\\/tyhjiopakkauslaite-neo-dome-40-uutuus\\\/#primaryimage\"},\"thumbnailUrl\":\"https:\\\/\\\/rodoaed.ee\\\/wp-content\\\/uploads\\\/2019\\\/08\\\/NEODOME40.jpg.webp\",\"datePublished\":\"2019-08-02T09:53:06+00:00\",\"dateModified\":\"2026-04-13T08:07:42+00:00\",\"breadcrumb\":{\"@id\":\"https:\\\/\\\/rodoaed.ee\\\/fi\\\/toode\\\/tyhjiopakkauslaite-neo-dome-40-uutuus\\\/#breadcrumb\"},\"inLanguage\":\"fi\",\"potentialAction\":[{\"@type\":\"ReadAction\",\"target\":[\"https:\\\/\\\/rodoaed.ee\\\/fi\\\/toode\\\/tyhjiopakkauslaite-neo-dome-40-uutuus\\\/\"]}]},{\"@type\":\"ImageObject\",\"inLanguage\":\"fi\",\"@id\":\"https:\\\/\\\/rodoaed.ee\\\/fi\\\/toode\\\/tyhjiopakkauslaite-neo-dome-40-uutuus\\\/#primaryimage\",\"url\":\"https:\\\/\\\/rodoaed.ee\\\/wp-content\\\/uploads\\\/2019\\\/08\\\/NEODOME40.jpg.webp\",\"contentUrl\":\"https:\\\/\\\/rodoaed.ee\\\/wp-content\\\/uploads\\\/2019\\\/08\\\/NEODOME40.jpg.webp\",\"width\":2048,\"height\":2048},{\"@type\":\"BreadcrumbList\",\"@id\":\"https:\\\/\\\/rodoaed.ee\\\/fi\\\/toode\\\/tyhjiopakkauslaite-neo-dome-40-uutuus\\\/#breadcrumb\",\"itemListElement\":[{\"@type\":\"ListItem\",\"position\":1,\"name\":\"Home\",\"item\":\"https:\\\/\\\/rodoaed.ee\\\/fi\\\/\"},{\"@type\":\"ListItem\",\"position\":2,\"name\":\"Osta osoitteessa\",\"item\":\"https:\\\/\\\/rodoaed.ee\\\/osta-osoitteessa\\\/\"},{\"@type\":\"ListItem\",\"position\":3,\"name\":\"Tyhji\u00f6pakkauslaite &#8211; NEO DOME 40- UUTUUS!\"}]},{\"@type\":\"WebSite\",\"@id\":\"https:\\\/\\\/rodoaed.ee\\\/#website\",\"url\":\"https:\\\/\\\/rodoaed.ee\\\/\",\"name\":\"Rodoaed\",\"description\":\"\",\"publisher\":{\"@id\":\"https:\\\/\\\/rodoaed.ee\\\/#organization\"},\"potentialAction\":[{\"@type\":\"SearchAction\",\"target\":{\"@type\":\"EntryPoint\",\"urlTemplate\":\"https:\\\/\\\/rodoaed.ee\\\/?s={search_term_string}\"},\"query-input\":{\"@type\":\"PropertyValueSpecification\",\"valueRequired\":true,\"valueName\":\"search_term_string\"}}],\"inLanguage\":\"fi\"},{\"@type\":\"Organization\",\"@id\":\"https:\\\/\\\/rodoaed.ee\\\/#organization\",\"name\":\"Rodoaed\",\"url\":\"https:\\\/\\\/rodoaed.ee\\\/\",\"logo\":{\"@type\":\"ImageObject\",\"inLanguage\":\"fi\",\"@id\":\"https:\\\/\\\/rodoaed.ee\\\/#\\\/schema\\\/logo\\\/image\\\/\",\"url\":\"https:\\\/\\\/rodoaed.ee\\\/wp-content\\\/uploads\\\/2019\\\/11\\\/rodoaed-logo-ilma-taustata.jpg\",\"contentUrl\":\"https:\\\/\\\/rodoaed.ee\\\/wp-content\\\/uploads\\\/2019\\\/11\\\/rodoaed-logo-ilma-taustata.jpg\",\"width\":769,\"height\":268,\"caption\":\"Rodoaed\"},\"image\":{\"@id\":\"https:\\\/\\\/rodoaed.ee\\\/#\\\/schema\\\/logo\\\/image\\\/\"},\"sameAs\":[\"https:\\\/\\\/www.facebook.com\\\/kasvuhooned\\\/\",\"https:\\\/\\\/rodoaed.ee\"]}]}<\/script>\n<!-- \/ Yoast SEO Premium plugin. -->","yoast_head_json":{"title":"Tyhji\u00f6pakkauslaite - NEO DOME 40- UUTUUS! - Rodoaed","robots":{"index":"index","follow":"follow","max-snippet":"max-snippet:-1","max-image-preview":"max-image-preview:large","max-video-preview":"max-video-preview:-1"},"canonical":"https:\/\/rodoaed.ee\/fi\/toode\/tyhjiopakkauslaite-neo-dome-40-uutuus\/","og_locale":"fi_FI","og_type":"article","og_title":"Tyhji\u00f6pakkauslaite - NEO DOME 40- UUTUUS!","og_description":"NEO DOME 40 -tyhji\u00f6pakkauslaite on suunniteltu ammattik\u00e4ytt\u00f6\u00f6n. Tre Spaden NEO DOME 40 -kammiotyhji\u00f6kuivain on ammattik\u00e4ytt\u00f6\u00f6n suunniteltu huippuluokan","og_url":"https:\/\/rodoaed.ee\/fi\/toode\/tyhjiopakkauslaite-neo-dome-40-uutuus\/","og_site_name":"Rodoaed","article_publisher":"https:\/\/www.facebook.com\/kasvuhooned\/","article_modified_time":"2026-04-13T08:07:42+00:00","og_image":[{"width":2048,"height":2048,"url":"https:\/\/rodoaed.ee\/wp-content\/uploads\/2019\/08\/NEODOME40.jpg.webp","type":"image\/webp"}],"twitter_card":"summary_large_image","twitter_misc":{"Arvioitu lukuaika":"1 minuutti"},"schema":{"@context":"https:\/\/schema.org","@graph":[{"@type":"WebPage","@id":"https:\/\/rodoaed.ee\/fi\/toode\/tyhjiopakkauslaite-neo-dome-40-uutuus\/","url":"https:\/\/rodoaed.ee\/fi\/toode\/tyhjiopakkauslaite-neo-dome-40-uutuus\/","name":"Tyhji\u00f6pakkauslaite - NEO DOME 40- UUTUUS! - Rodoaed","isPartOf":{"@id":"https:\/\/rodoaed.ee\/#website"},"primaryImageOfPage":{"@id":"https:\/\/rodoaed.ee\/fi\/toode\/tyhjiopakkauslaite-neo-dome-40-uutuus\/#primaryimage"},"image":{"@id":"https:\/\/rodoaed.ee\/fi\/toode\/tyhjiopakkauslaite-neo-dome-40-uutuus\/#primaryimage"},"thumbnailUrl":"https:\/\/rodoaed.ee\/wp-content\/uploads\/2019\/08\/NEODOME40.jpg.webp","datePublished":"2019-08-02T09:53:06+00:00","dateModified":"2026-04-13T08:07:42+00:00","breadcrumb":{"@id":"https:\/\/rodoaed.ee\/fi\/toode\/tyhjiopakkauslaite-neo-dome-40-uutuus\/#breadcrumb"},"inLanguage":"fi","potentialAction":[{"@type":"ReadAction","target":["https:\/\/rodoaed.ee\/fi\/toode\/tyhjiopakkauslaite-neo-dome-40-uutuus\/"]}]},{"@type":"ImageObject","inLanguage":"fi","@id":"https:\/\/rodoaed.ee\/fi\/toode\/tyhjiopakkauslaite-neo-dome-40-uutuus\/#primaryimage","url":"https:\/\/rodoaed.ee\/wp-content\/uploads\/2019\/08\/NEODOME40.jpg.webp","contentUrl":"https:\/\/rodoaed.ee\/wp-content\/uploads\/2019\/08\/NEODOME40.jpg.webp","width":2048,"height":2048},{"@type":"BreadcrumbList","@id":"https:\/\/rodoaed.ee\/fi\/toode\/tyhjiopakkauslaite-neo-dome-40-uutuus\/#breadcrumb","itemListElement":[{"@type":"ListItem","position":1,"name":"Home","item":"https:\/\/rodoaed.ee\/fi\/"},{"@type":"ListItem","position":2,"name":"Osta osoitteessa","item":"https:\/\/rodoaed.ee\/osta-osoitteessa\/"},{"@type":"ListItem","position":3,"name":"Tyhji\u00f6pakkauslaite &#8211; NEO DOME 40- UUTUUS!"}]},{"@type":"WebSite","@id":"https:\/\/rodoaed.ee\/#website","url":"https:\/\/rodoaed.ee\/","name":"Rodoaed","description":"","publisher":{"@id":"https:\/\/rodoaed.ee\/#organization"},"potentialAction":[{"@type":"SearchAction","target":{"@type":"EntryPoint","urlTemplate":"https:\/\/rodoaed.ee\/?s={search_term_string}"},"query-input":{"@type":"PropertyValueSpecification","valueRequired":true,"valueName":"search_term_string"}}],"inLanguage":"fi"},{"@type":"Organization","@id":"https:\/\/rodoaed.ee\/#organization","name":"Rodoaed","url":"https:\/\/rodoaed.ee\/","logo":{"@type":"ImageObject","inLanguage":"fi","@id":"https:\/\/rodoaed.ee\/#\/schema\/logo\/image\/","url":"https:\/\/rodoaed.ee\/wp-content\/uploads\/2019\/11\/rodoaed-logo-ilma-taustata.jpg","contentUrl":"https:\/\/rodoaed.ee\/wp-content\/uploads\/2019\/11\/rodoaed-logo-ilma-taustata.jpg","width":769,"height":268,"caption":"Rodoaed"},"image":{"@id":"https:\/\/rodoaed.ee\/#\/schema\/logo\/image\/"},"sameAs":["https:\/\/www.facebook.com\/kasvuhooned\/","https:\/\/rodoaed.ee"]}]}},"_links":{"self":[{"href":"https:\/\/rodoaed.ee\/fi\/wp-json\/wp\/v2\/product\/53526","targetHints":{"allow":["GET"]}}],"collection":[{"href":"https:\/\/rodoaed.ee\/fi\/wp-json\/wp\/v2\/product"}],"about":[{"href":"https:\/\/rodoaed.ee\/fi\/wp-json\/wp\/v2\/types\/product"}],"wp:featuredmedia":[{"embeddable":true,"href":"https:\/\/rodoaed.ee\/fi\/wp-json\/wp\/v2\/media\/51152"}],"wp:attachment":[{"href":"https:\/\/rodoaed.ee\/fi\/wp-json\/wp\/v2\/media?parent=53526"}],"wp:term":[{"taxonomy":"product_brand","embeddable":true,"href":"https:\/\/rodoaed.ee\/fi\/wp-json\/wp\/v2\/product_brand?post=53526"},{"taxonomy":"product_cat","embeddable":true,"href":"https:\/\/rodoaed.ee\/fi\/wp-json\/wp\/v2\/product_cat?post=53526"},{"taxonomy":"product_tag","embeddable":true,"href":"https:\/\/rodoaed.ee\/fi\/wp-json\/wp\/v2\/product_tag?post=53526"}],"curies":[{"name":"wp","href":"https:\/\/api.w.org\/{rel}","templated":true}]}}