{"id":53528,"date":"2019-08-02T12:53:06","date_gmt":"2019-08-02T09:53:06","guid":{"rendered":"https:\/\/rodoaed.ee\/toode\/sous-vide-keitin\/"},"modified":"2026-04-13T11:07:43","modified_gmt":"2026-04-13T08:07:43","slug":"sous-vide-keitin","status":"publish","type":"product","link":"https:\/\/rodoaed.ee\/fi\/tuote\/sous-vide-keitin\/","title":{"rendered":"Sous Vide -keitin"},"content":{"rendered":"<h2><span style=\"font-family: Tahoma, Geneva, sans-serif; font-size: 16px; font-style: normal; font-variant: normal; font-weight: bold; line-height: normal;\">TRE Spade Sous Vide -keitin on suunniteltu ammattik\u00e4ytt\u00f6\u00f6n ammattikeitti\u00f6iss\u00e4, mutta se sopii my\u00f6s kotikeitti\u00f6\u00f6n.<\/span><\/h2>\n<p><span style=\"line-height: 18px; color: #000000;\">Sous-vide (ranskaksi tyhji\u00f6kypsennys) on ruoan kypsennysmenetelm\u00e4, jossa ruoka tyhji\u00f6pakataan ja kypsennet\u00e4\u00e4n sitten homogeenisessa ymp\u00e4rist\u00f6ss\u00e4 huomattavasti normaalia pidemp\u00e4\u00e4n. Kypsennys kuumassa vedess\u00e4 tai h\u00f6yryss\u00e4 96 tuntia tai kauemmin on yleist\u00e4. <\/span><\/p>\n<p>Kypsennysl\u00e4mp\u00f6tilaa s\u00e4\u00e4det\u00e4\u00e4n eritt\u00e4in tarkasti ja se on alhaisempi kuin tavallisessa kypsennyksess\u00e4 eli +55 C:n ja +60 C:n v\u00e4lill\u00e4. Tavoitteena on kypsent\u00e4\u00e4 liha ja vihannekset tasaisesti ja perusteellisesti sek\u00e4 sis\u00e4lt\u00e4 ett\u00e4 ulkoa ilman, ett\u00e4 ne kypsyv\u00e4t liikaa ja menett\u00e4v\u00e4t kosteutta. Tuloksena on poikkeuksellisen mehev\u00e4 ja ravitseva ruoka.  <\/p>\n<p>Sous Vide -keittimen k\u00e4ytt\u00f6\u00e4 varten tarvitset my\u00f6s tyhji\u00f6pakkauslaitteen ja erityisi\u00e4 Sous Vide -tyhji\u00f6pusseja. Kaikki TRE Spade -mallit, my\u00f6s pienimm\u00e4t, soveltuvat k\u00e4ytett\u00e4v\u00e4ksi tyhji\u00f6pakkaajana. <\/p>\n<p>&nbsp;<\/p>\n<h2>T\u00e4rkeimm\u00e4t ominaisuudet:<\/h2>\n<ul>\n<li>Yl\u00e4osan l\u00e4mm\u00f6ns\u00e4\u00e4timell\u00e4<\/li>\n<li>Runko, ritil\u00e4 ja ulkoiset osat ruostumatonta ter\u00e4st\u00e4<\/li>\n<li>Digitaalisella ohjauspaneelilla<\/li>\n<li>L\u00e4mp\u00f6tila ja syklin pituus n\u00e4kyv\u00e4t jatkuvasti n\u00e4yt\u00f6ll\u00e4.<\/li>\n<li>5 valmista ohjelmaa<\/li>\n<li>Suojalaite, jos vahingossa &#8221;kuivak\u00e4ynti&#8221;.<\/li>\n<li>Automaattinen moottorin lukitus s\u00e4hk\u00f6katkon tai ylikuormituksen yhteydess\u00e4.<\/li>\n<li>Erityinen juoksupy\u00f6r\u00e4 tasaista veden kiertoa varten<\/li>\n<\/ul>\n<h2>Tekniset tiedot:<\/h2>\n<ul>\n<li>Paino: 4,5 kg<\/li>\n<\/ul>\n<ul>\n<li>Mitat: 13 x 26 x 34 cm<\/li>\n<li><span style=\"line-height: 1;\">Teho: 2 kW<\/span><\/li>\n<\/ul>\n<ul>\n<li>K\u00e4ytt\u00f6l\u00e4mp\u00f6tila-alue: 40C &#8211; 115C<\/li>\n<li>Soveltuu k\u00e4ytett\u00e4v\u00e4ksi enint\u00e4\u00e4n 16,5 cm:n syvyisess\u00e4 vedess\u00e4 ja 50 l:n ja 80 l:n v\u00e4lill\u00e4.<\/li>\n<\/ul>\n","protected":false},"excerpt":{"rendered":"<p>TRE Spade Sous Vide -keitin on suunniteltu ammattik\u00e4ytt\u00f6\u00f6n ammattikeitti\u00f6iss\u00e4, mutta se sopii my\u00f6s kotikeitti\u00f6\u00f6n. Sous-vide (ranskaksi tyhji\u00f6kypsennys) on ruoan kypsennysmenetelm\u00e4, jossa ruoka tyhji\u00f6pakataan ja kypsennet\u00e4\u00e4n sitten homogeenisessa ymp\u00e4rist\u00f6ss\u00e4 huomattavasti normaalia pidemp\u00e4\u00e4n. Kypsennys kuumassa vedess\u00e4 tai h\u00f6yryss\u00e4 96 tuntia tai kauemmin on yleist\u00e4. Kypsennysl\u00e4mp\u00f6tilaa s\u00e4\u00e4det\u00e4\u00e4n eritt\u00e4in tarkasti ja se on alhaisempi kuin tavallisessa kypsennyksess\u00e4 eli +55 C:n ja +60 C:n v\u00e4lill\u00e4. Tavoitteena on kypsent\u00e4\u00e4 liha ja&#8230;<\/p>\n","protected":false},"featured_media":17760,"template":"","meta":{"_acf_changed":false},"product_brand":[],"product_cat":[1751,2410],"product_tag":[],"class_list":{"0":"post-53528","1":"product","2":"type-product","3":"status-publish","4":"has-post-thumbnail","6":"product_cat-keittiolaitteet","7":"product_cat-souse-vide-keitin","8":"pa_variatsioon-sous-vide-keitin","10":"first","11":"onbackorder","12":"taxable","13":"shipping-taxable","14":"purchasable","15":"product-type-simple"},"acf":[],"yoast_head":"<!-- This site is optimized with the Yoast SEO Premium plugin v27.3 (Yoast SEO v27.3) - https:\/\/yoast.com\/product\/yoast-seo-premium-wordpress\/ -->\n<title>Sous Vide -keitin - Rodoaed<\/title>\n<meta name=\"robots\" content=\"index, follow, max-snippet:-1, max-image-preview:large, max-video-preview:-1\" \/>\n<link rel=\"canonical\" href=\"https:\/\/rodoaed.ee\/toode\/sous-vide-keitin\/\" \/>\n<meta property=\"og:locale\" content=\"fi_FI\" \/>\n<meta property=\"og:type\" content=\"article\" \/>\n<meta property=\"og:title\" content=\"Sous Vide -keitin\" \/>\n<meta property=\"og:description\" content=\"TRE Spade Sous Vide -keitin on suunniteltu ammattik\u00e4ytt\u00f6\u00f6n ammattikeitti\u00f6iss\u00e4, mutta se sopii my\u00f6s kotikeitti\u00f6\u00f6n. Sous-vide (ranskaksi tyhji\u00f6kypsennys) on\" \/>\n<meta property=\"og:url\" content=\"https:\/\/rodoaed.ee\/toode\/sous-vide-keitin\/\" \/>\n<meta property=\"og:site_name\" content=\"Rodoaed\" \/>\n<meta property=\"article:publisher\" content=\"https:\/\/www.facebook.com\/kasvuhooned\/\" \/>\n<meta property=\"article:modified_time\" content=\"2026-04-13T08:07:43+00:00\" \/>\n<meta name=\"twitter:card\" content=\"summary_large_image\" \/>\n<meta name=\"twitter:label1\" content=\"Arvioitu lukuaika\" \/>\n\t<meta name=\"twitter:data1\" content=\"1 minuutti\" \/>\n<script type=\"application\/ld+json\" class=\"yoast-schema-graph\">{\"@context\":\"https:\\\/\\\/schema.org\",\"@graph\":[{\"@type\":\"WebPage\",\"@id\":\"https:\\\/\\\/rodoaed.ee\\\/toode\\\/sous-vide-keitin\\\/\",\"url\":\"https:\\\/\\\/rodoaed.ee\\\/toode\\\/sous-vide-keitin\\\/\",\"name\":\"Sous Vide -keitin - Rodoaed\",\"isPartOf\":{\"@id\":\"https:\\\/\\\/rodoaed.ee\\\/#website\"},\"primaryImageOfPage\":{\"@id\":\"https:\\\/\\\/rodoaed.ee\\\/toode\\\/sous-vide-keitin\\\/#primaryimage\"},\"image\":{\"@id\":\"https:\\\/\\\/rodoaed.ee\\\/toode\\\/sous-vide-keitin\\\/#primaryimage\"},\"thumbnailUrl\":\"https:\\\/\\\/rodoaed.ee\\\/wp-content\\\/uploads\\\/2019\\\/07\\\/TRE-Spade_Sous-Vide-COOKER.jpg\",\"datePublished\":\"2019-08-02T09:53:06+00:00\",\"dateModified\":\"2026-04-13T08:07:43+00:00\",\"breadcrumb\":{\"@id\":\"https:\\\/\\\/rodoaed.ee\\\/toode\\\/sous-vide-keitin\\\/#breadcrumb\"},\"inLanguage\":\"fi\",\"potentialAction\":[{\"@type\":\"ReadAction\",\"target\":[\"https:\\\/\\\/rodoaed.ee\\\/toode\\\/sous-vide-keitin\\\/\"]}]},{\"@type\":\"ImageObject\",\"inLanguage\":\"fi\",\"@id\":\"https:\\\/\\\/rodoaed.ee\\\/toode\\\/sous-vide-keitin\\\/#primaryimage\",\"url\":\"https:\\\/\\\/rodoaed.ee\\\/wp-content\\\/uploads\\\/2019\\\/07\\\/TRE-Spade_Sous-Vide-COOKER.jpg\",\"contentUrl\":\"https:\\\/\\\/rodoaed.ee\\\/wp-content\\\/uploads\\\/2019\\\/07\\\/TRE-Spade_Sous-Vide-COOKER.jpg\",\"width\":510,\"height\":721},{\"@type\":\"BreadcrumbList\",\"@id\":\"https:\\\/\\\/rodoaed.ee\\\/toode\\\/sous-vide-keitin\\\/#breadcrumb\",\"itemListElement\":[{\"@type\":\"ListItem\",\"position\":1,\"name\":\"Home\",\"item\":\"https:\\\/\\\/rodoaed.ee\\\/fi\\\/\"},{\"@type\":\"ListItem\",\"position\":2,\"name\":\"Osta osoitteessa\",\"item\":\"https:\\\/\\\/rodoaed.ee\\\/osta-osoitteessa\\\/\"},{\"@type\":\"ListItem\",\"position\":3,\"name\":\"Sous Vide -keitin\"}]},{\"@type\":\"WebSite\",\"@id\":\"https:\\\/\\\/rodoaed.ee\\\/#website\",\"url\":\"https:\\\/\\\/rodoaed.ee\\\/\",\"name\":\"Rodoaed\",\"description\":\"\",\"publisher\":{\"@id\":\"https:\\\/\\\/rodoaed.ee\\\/#organization\"},\"potentialAction\":[{\"@type\":\"SearchAction\",\"target\":{\"@type\":\"EntryPoint\",\"urlTemplate\":\"https:\\\/\\\/rodoaed.ee\\\/?s={search_term_string}\"},\"query-input\":{\"@type\":\"PropertyValueSpecification\",\"valueRequired\":true,\"valueName\":\"search_term_string\"}}],\"inLanguage\":\"fi\"},{\"@type\":\"Organization\",\"@id\":\"https:\\\/\\\/rodoaed.ee\\\/#organization\",\"name\":\"Rodoaed\",\"url\":\"https:\\\/\\\/rodoaed.ee\\\/\",\"logo\":{\"@type\":\"ImageObject\",\"inLanguage\":\"fi\",\"@id\":\"https:\\\/\\\/rodoaed.ee\\\/#\\\/schema\\\/logo\\\/image\\\/\",\"url\":\"https:\\\/\\\/rodoaed.ee\\\/wp-content\\\/uploads\\\/2019\\\/11\\\/rodoaed-logo-ilma-taustata.jpg\",\"contentUrl\":\"https:\\\/\\\/rodoaed.ee\\\/wp-content\\\/uploads\\\/2019\\\/11\\\/rodoaed-logo-ilma-taustata.jpg\",\"width\":769,\"height\":268,\"caption\":\"Rodoaed\"},\"image\":{\"@id\":\"https:\\\/\\\/rodoaed.ee\\\/#\\\/schema\\\/logo\\\/image\\\/\"},\"sameAs\":[\"https:\\\/\\\/www.facebook.com\\\/kasvuhooned\\\/\",\"https:\\\/\\\/rodoaed.ee\"]}]}<\/script>\n<!-- \/ Yoast SEO Premium plugin. -->","yoast_head_json":{"title":"Sous Vide -keitin - Rodoaed","robots":{"index":"index","follow":"follow","max-snippet":"max-snippet:-1","max-image-preview":"max-image-preview:large","max-video-preview":"max-video-preview:-1"},"canonical":"https:\/\/rodoaed.ee\/toode\/sous-vide-keitin\/","og_locale":"fi_FI","og_type":"article","og_title":"Sous Vide -keitin","og_description":"TRE Spade Sous Vide -keitin on suunniteltu ammattik\u00e4ytt\u00f6\u00f6n ammattikeitti\u00f6iss\u00e4, mutta se sopii my\u00f6s kotikeitti\u00f6\u00f6n. Sous-vide (ranskaksi tyhji\u00f6kypsennys) on","og_url":"https:\/\/rodoaed.ee\/toode\/sous-vide-keitin\/","og_site_name":"Rodoaed","article_publisher":"https:\/\/www.facebook.com\/kasvuhooned\/","article_modified_time":"2026-04-13T08:07:43+00:00","twitter_card":"summary_large_image","twitter_misc":{"Arvioitu lukuaika":"1 minuutti"},"schema":{"@context":"https:\/\/schema.org","@graph":[{"@type":"WebPage","@id":"https:\/\/rodoaed.ee\/toode\/sous-vide-keitin\/","url":"https:\/\/rodoaed.ee\/toode\/sous-vide-keitin\/","name":"Sous Vide -keitin - Rodoaed","isPartOf":{"@id":"https:\/\/rodoaed.ee\/#website"},"primaryImageOfPage":{"@id":"https:\/\/rodoaed.ee\/toode\/sous-vide-keitin\/#primaryimage"},"image":{"@id":"https:\/\/rodoaed.ee\/toode\/sous-vide-keitin\/#primaryimage"},"thumbnailUrl":"https:\/\/rodoaed.ee\/wp-content\/uploads\/2019\/07\/TRE-Spade_Sous-Vide-COOKER.jpg","datePublished":"2019-08-02T09:53:06+00:00","dateModified":"2026-04-13T08:07:43+00:00","breadcrumb":{"@id":"https:\/\/rodoaed.ee\/toode\/sous-vide-keitin\/#breadcrumb"},"inLanguage":"fi","potentialAction":[{"@type":"ReadAction","target":["https:\/\/rodoaed.ee\/toode\/sous-vide-keitin\/"]}]},{"@type":"ImageObject","inLanguage":"fi","@id":"https:\/\/rodoaed.ee\/toode\/sous-vide-keitin\/#primaryimage","url":"https:\/\/rodoaed.ee\/wp-content\/uploads\/2019\/07\/TRE-Spade_Sous-Vide-COOKER.jpg","contentUrl":"https:\/\/rodoaed.ee\/wp-content\/uploads\/2019\/07\/TRE-Spade_Sous-Vide-COOKER.jpg","width":510,"height":721},{"@type":"BreadcrumbList","@id":"https:\/\/rodoaed.ee\/toode\/sous-vide-keitin\/#breadcrumb","itemListElement":[{"@type":"ListItem","position":1,"name":"Home","item":"https:\/\/rodoaed.ee\/fi\/"},{"@type":"ListItem","position":2,"name":"Osta osoitteessa","item":"https:\/\/rodoaed.ee\/osta-osoitteessa\/"},{"@type":"ListItem","position":3,"name":"Sous Vide -keitin"}]},{"@type":"WebSite","@id":"https:\/\/rodoaed.ee\/#website","url":"https:\/\/rodoaed.ee\/","name":"Rodoaed","description":"","publisher":{"@id":"https:\/\/rodoaed.ee\/#organization"},"potentialAction":[{"@type":"SearchAction","target":{"@type":"EntryPoint","urlTemplate":"https:\/\/rodoaed.ee\/?s={search_term_string}"},"query-input":{"@type":"PropertyValueSpecification","valueRequired":true,"valueName":"search_term_string"}}],"inLanguage":"fi"},{"@type":"Organization","@id":"https:\/\/rodoaed.ee\/#organization","name":"Rodoaed","url":"https:\/\/rodoaed.ee\/","logo":{"@type":"ImageObject","inLanguage":"fi","@id":"https:\/\/rodoaed.ee\/#\/schema\/logo\/image\/","url":"https:\/\/rodoaed.ee\/wp-content\/uploads\/2019\/11\/rodoaed-logo-ilma-taustata.jpg","contentUrl":"https:\/\/rodoaed.ee\/wp-content\/uploads\/2019\/11\/rodoaed-logo-ilma-taustata.jpg","width":769,"height":268,"caption":"Rodoaed"},"image":{"@id":"https:\/\/rodoaed.ee\/#\/schema\/logo\/image\/"},"sameAs":["https:\/\/www.facebook.com\/kasvuhooned\/","https:\/\/rodoaed.ee"]}]}},"_links":{"self":[{"href":"https:\/\/rodoaed.ee\/fi\/wp-json\/wp\/v2\/product\/53528","targetHints":{"allow":["GET"]}}],"collection":[{"href":"https:\/\/rodoaed.ee\/fi\/wp-json\/wp\/v2\/product"}],"about":[{"href":"https:\/\/rodoaed.ee\/fi\/wp-json\/wp\/v2\/types\/product"}],"wp:featuredmedia":[{"embeddable":true,"href":"https:\/\/rodoaed.ee\/fi\/wp-json\/wp\/v2\/media\/17760"}],"wp:attachment":[{"href":"https:\/\/rodoaed.ee\/fi\/wp-json\/wp\/v2\/media?parent=53528"}],"wp:term":[{"taxonomy":"product_brand","embeddable":true,"href":"https:\/\/rodoaed.ee\/fi\/wp-json\/wp\/v2\/product_brand?post=53528"},{"taxonomy":"product_cat","embeddable":true,"href":"https:\/\/rodoaed.ee\/fi\/wp-json\/wp\/v2\/product_cat?post=53528"},{"taxonomy":"product_tag","embeddable":true,"href":"https:\/\/rodoaed.ee\/fi\/wp-json\/wp\/v2\/product_tag?post=53528"}],"curies":[{"name":"wp","href":"https:\/\/api.w.org\/{rel}","templated":true}]}}