{"id":53530,"date":"2019-08-02T12:53:06","date_gmt":"2019-08-02T09:53:06","guid":{"rendered":"https:\/\/rodoaed.ee\/toode\/sous-vide-ruoanlaitto-tyhjiopussi-20x30cm-50kpl\/"},"modified":"2026-04-13T11:07:44","modified_gmt":"2026-04-13T08:07:44","slug":"sous-vide-ruoanlaitto-tyhjiopussi-20x30cm-50kpl","status":"publish","type":"product","link":"https:\/\/rodoaed.ee\/fi\/tuote\/sous-vide-ruoanlaitto-tyhjiopussi-20x30cm-50kpl\/","title":{"rendered":"Sous Vide ruoanlaitto tyhji\u00f6pussi &#8211; 20x30cm, 50kpl"},"content":{"rendered":"<h2>Souse Vide -tyhji\u00f6pussit on suunniteltu erityisesti souse vide -ruoanvalmistukseen.<\/h2>\n<h2>Puristetut kalvopakkaukset tyhji\u00f6pakkauksia ja Souse Vide -uunien k\u00e4ytt\u00f6\u00e4 varten<\/h2>\n<p>Laadukkaat, erikoismateriaalista valmistetut aaltopahviset muovipussit, jotka on suunniteltu erityisesti tyhji\u00f6pakkaamiseen. Muovipusseissa on aallotettu takapinta ja kirkas l\u00e4pin\u00e4kyv\u00e4 etupinta. Kohokuvioidun takapinnan ansiosta tyhji\u00f6pumppu saa ilman ulos pakkauksesta nopeammin ja paremmin. Koska kyseess\u00e4 on erityisen korkealaatuinen pakkausmateriaali, tyhji\u00f6pakattu ruoka n\u00e4ytt\u00e4\u00e4 itse asiassa jopa paremmalta kuin irtotavarana. Sopii erinomaisesti elintarvikkeiden asettamiseen kaupan hyllylle tai torille.    <\/p>\n<p>Pident\u00e4\u00e4 elintarvikkeiden normaalia parasta ennen -p\u00e4iv\u00e4m\u00e4\u00e4r\u00e4\u00e4 jopa 3 kertaa.<\/p>\n<p><a href=\"https:\/\/rodoaed.ee\/fi\/tootekategooria\/keittiolaitteet\/tyhjiopakkaajat\/\">Takaje-tyhji\u00f6pakkauslaitteet<\/a><\/p>\n","protected":false},"excerpt":{"rendered":"<p>Souse Vide -tyhji\u00f6pussit on suunniteltu erityisesti souse vide -ruoanvalmistukseen. Puristetut kalvopakkaukset tyhji\u00f6pakkauksia ja Souse Vide -uunien k\u00e4ytt\u00f6\u00e4 varten Laadukkaat, erikoismateriaalista valmistetut aaltopahviset muovipussit, jotka on suunniteltu erityisesti tyhji\u00f6pakkaamiseen. Muovipusseissa on aallotettu takapinta ja kirkas l\u00e4pin\u00e4kyv\u00e4 etupinta. Kohokuvioidun takapinnan ansiosta tyhji\u00f6pumppu saa ilman ulos pakkauksesta nopeammin ja paremmin. Koska kyseess\u00e4 on erityisen korkealaatuinen pakkausmateriaali, tyhji\u00f6pakattu ruoka n\u00e4ytt\u00e4\u00e4 itse asiassa jopa paremmalta kuin irtotavarana. Sopii erinomaisesti elintarvikkeiden&#8230;<\/p>\n","protected":false},"featured_media":18100,"template":"","meta":{"_acf_changed":false},"product_brand":[],"product_cat":[1751,2410,2232],"product_tag":[],"class_list":{"0":"post-53530","1":"product","2":"type-product","3":"status-publish","4":"has-post-thumbnail","6":"product_cat-keittiolaitteet","7":"product_cat-souse-vide-keitin","8":"product_cat-tyhjiopakkaajat","9":"product_shipping_class-toimitus-1-3-tyopaivan-kuluessa","10":"pa_variatsioon-sous-vide-ruoanlaitto-tyhjiopussi-20x30cm-50kpl","12":"first","13":"outofstock","14":"sale","15":"taxable","16":"shipping-taxable","17":"purchasable","18":"product-type-simple"},"acf":[],"yoast_head":"<!-- This site is optimized with the Yoast SEO Premium plugin v27.3 (Yoast SEO v27.3) - https:\/\/yoast.com\/product\/yoast-seo-premium-wordpress\/ -->\n<title>Sous Vide ruoanlaitto tyhji\u00f6pussi - 20x30cm, 50kpl - Rodoaed<\/title>\n<meta name=\"robots\" content=\"index, follow, max-snippet:-1, max-image-preview:large, max-video-preview:-1\" \/>\n<link rel=\"canonical\" href=\"https:\/\/rodoaed.ee\/fi\/toode\/sous-vide-ruoanlaitto-tyhjiopussi-20x30cm-50kpl\/\" \/>\n<meta property=\"og:locale\" content=\"fi_FI\" \/>\n<meta property=\"og:type\" content=\"article\" \/>\n<meta property=\"og:title\" content=\"Sous Vide ruoanlaitto tyhji\u00f6pussi - 20x30cm, 50kpl\" \/>\n<meta property=\"og:description\" content=\"Souse Vide -tyhji\u00f6pussit on suunniteltu erityisesti souse vide -ruoanvalmistukseen. Puristetut kalvopakkaukset tyhji\u00f6pakkauksia ja Souse Vide -uunien\" \/>\n<meta property=\"og:url\" content=\"https:\/\/rodoaed.ee\/fi\/toode\/sous-vide-ruoanlaitto-tyhjiopussi-20x30cm-50kpl\/\" \/>\n<meta property=\"og:site_name\" content=\"Rodoaed\" \/>\n<meta property=\"article:publisher\" content=\"https:\/\/www.facebook.com\/kasvuhooned\/\" \/>\n<meta property=\"article:modified_time\" content=\"2026-04-13T08:07:44+00:00\" \/>\n<meta property=\"og:image\" content=\"https:\/\/rodoaed.ee\/wp-content\/uploads\/2019\/07\/vaakummasina-kilekotid.jpg\" \/>\n\t<meta property=\"og:image:width\" content=\"800\" \/>\n\t<meta property=\"og:image:height\" content=\"533\" \/>\n\t<meta property=\"og:image:type\" content=\"image\/jpeg\" \/>\n<meta name=\"twitter:card\" content=\"summary_large_image\" \/>\n<script type=\"application\/ld+json\" class=\"yoast-schema-graph\">{\"@context\":\"https:\\\/\\\/schema.org\",\"@graph\":[{\"@type\":\"WebPage\",\"@id\":\"https:\\\/\\\/rodoaed.ee\\\/fi\\\/toode\\\/sous-vide-ruoanlaitto-tyhjiopussi-20x30cm-50kpl\\\/\",\"url\":\"https:\\\/\\\/rodoaed.ee\\\/fi\\\/toode\\\/sous-vide-ruoanlaitto-tyhjiopussi-20x30cm-50kpl\\\/\",\"name\":\"Sous Vide ruoanlaitto tyhji\u00f6pussi - 20x30cm, 50kpl - Rodoaed\",\"isPartOf\":{\"@id\":\"https:\\\/\\\/rodoaed.ee\\\/#website\"},\"primaryImageOfPage\":{\"@id\":\"https:\\\/\\\/rodoaed.ee\\\/fi\\\/toode\\\/sous-vide-ruoanlaitto-tyhjiopussi-20x30cm-50kpl\\\/#primaryimage\"},\"image\":{\"@id\":\"https:\\\/\\\/rodoaed.ee\\\/fi\\\/toode\\\/sous-vide-ruoanlaitto-tyhjiopussi-20x30cm-50kpl\\\/#primaryimage\"},\"thumbnailUrl\":\"https:\\\/\\\/rodoaed.ee\\\/wp-content\\\/uploads\\\/2019\\\/07\\\/vaakummasina-kilekotid.jpg\",\"datePublished\":\"2019-08-02T09:53:06+00:00\",\"dateModified\":\"2026-04-13T08:07:44+00:00\",\"breadcrumb\":{\"@id\":\"https:\\\/\\\/rodoaed.ee\\\/fi\\\/toode\\\/sous-vide-ruoanlaitto-tyhjiopussi-20x30cm-50kpl\\\/#breadcrumb\"},\"inLanguage\":\"fi\",\"potentialAction\":[{\"@type\":\"ReadAction\",\"target\":[\"https:\\\/\\\/rodoaed.ee\\\/fi\\\/toode\\\/sous-vide-ruoanlaitto-tyhjiopussi-20x30cm-50kpl\\\/\"]}]},{\"@type\":\"ImageObject\",\"inLanguage\":\"fi\",\"@id\":\"https:\\\/\\\/rodoaed.ee\\\/fi\\\/toode\\\/sous-vide-ruoanlaitto-tyhjiopussi-20x30cm-50kpl\\\/#primaryimage\",\"url\":\"https:\\\/\\\/rodoaed.ee\\\/wp-content\\\/uploads\\\/2019\\\/07\\\/vaakummasina-kilekotid.jpg\",\"contentUrl\":\"https:\\\/\\\/rodoaed.ee\\\/wp-content\\\/uploads\\\/2019\\\/07\\\/vaakummasina-kilekotid.jpg\",\"width\":800,\"height\":533,\"caption\":\"Tyhji\u00f6pakkaaja suojattu sukka rullissa\"},{\"@type\":\"BreadcrumbList\",\"@id\":\"https:\\\/\\\/rodoaed.ee\\\/fi\\\/toode\\\/sous-vide-ruoanlaitto-tyhjiopussi-20x30cm-50kpl\\\/#breadcrumb\",\"itemListElement\":[{\"@type\":\"ListItem\",\"position\":1,\"name\":\"Home\",\"item\":\"https:\\\/\\\/rodoaed.ee\\\/fi\\\/\"},{\"@type\":\"ListItem\",\"position\":2,\"name\":\"Osta osoitteessa\",\"item\":\"https:\\\/\\\/rodoaed.ee\\\/osta-osoitteessa\\\/\"},{\"@type\":\"ListItem\",\"position\":3,\"name\":\"Sous Vide ruoanlaitto tyhji\u00f6pussi &#8211; 20x30cm, 50kpl\"}]},{\"@type\":\"WebSite\",\"@id\":\"https:\\\/\\\/rodoaed.ee\\\/#website\",\"url\":\"https:\\\/\\\/rodoaed.ee\\\/\",\"name\":\"Rodoaed\",\"description\":\"\",\"publisher\":{\"@id\":\"https:\\\/\\\/rodoaed.ee\\\/#organization\"},\"potentialAction\":[{\"@type\":\"SearchAction\",\"target\":{\"@type\":\"EntryPoint\",\"urlTemplate\":\"https:\\\/\\\/rodoaed.ee\\\/?s={search_term_string}\"},\"query-input\":{\"@type\":\"PropertyValueSpecification\",\"valueRequired\":true,\"valueName\":\"search_term_string\"}}],\"inLanguage\":\"fi\"},{\"@type\":\"Organization\",\"@id\":\"https:\\\/\\\/rodoaed.ee\\\/#organization\",\"name\":\"Rodoaed\",\"url\":\"https:\\\/\\\/rodoaed.ee\\\/\",\"logo\":{\"@type\":\"ImageObject\",\"inLanguage\":\"fi\",\"@id\":\"https:\\\/\\\/rodoaed.ee\\\/#\\\/schema\\\/logo\\\/image\\\/\",\"url\":\"https:\\\/\\\/rodoaed.ee\\\/wp-content\\\/uploads\\\/2019\\\/11\\\/rodoaed-logo-ilma-taustata.jpg\",\"contentUrl\":\"https:\\\/\\\/rodoaed.ee\\\/wp-content\\\/uploads\\\/2019\\\/11\\\/rodoaed-logo-ilma-taustata.jpg\",\"width\":769,\"height\":268,\"caption\":\"Rodoaed\"},\"image\":{\"@id\":\"https:\\\/\\\/rodoaed.ee\\\/#\\\/schema\\\/logo\\\/image\\\/\"},\"sameAs\":[\"https:\\\/\\\/www.facebook.com\\\/kasvuhooned\\\/\",\"https:\\\/\\\/rodoaed.ee\"]}]}<\/script>\n<!-- \/ Yoast SEO Premium plugin. -->","yoast_head_json":{"title":"Sous Vide ruoanlaitto tyhji\u00f6pussi - 20x30cm, 50kpl - Rodoaed","robots":{"index":"index","follow":"follow","max-snippet":"max-snippet:-1","max-image-preview":"max-image-preview:large","max-video-preview":"max-video-preview:-1"},"canonical":"https:\/\/rodoaed.ee\/fi\/toode\/sous-vide-ruoanlaitto-tyhjiopussi-20x30cm-50kpl\/","og_locale":"fi_FI","og_type":"article","og_title":"Sous Vide ruoanlaitto tyhji\u00f6pussi - 20x30cm, 50kpl","og_description":"Souse Vide -tyhji\u00f6pussit on suunniteltu erityisesti souse vide -ruoanvalmistukseen. Puristetut kalvopakkaukset tyhji\u00f6pakkauksia ja Souse Vide -uunien","og_url":"https:\/\/rodoaed.ee\/fi\/toode\/sous-vide-ruoanlaitto-tyhjiopussi-20x30cm-50kpl\/","og_site_name":"Rodoaed","article_publisher":"https:\/\/www.facebook.com\/kasvuhooned\/","article_modified_time":"2026-04-13T08:07:44+00:00","og_image":[{"width":800,"height":533,"url":"https:\/\/rodoaed.ee\/wp-content\/uploads\/2019\/07\/vaakummasina-kilekotid.jpg","type":"image\/jpeg"}],"twitter_card":"summary_large_image","schema":{"@context":"https:\/\/schema.org","@graph":[{"@type":"WebPage","@id":"https:\/\/rodoaed.ee\/fi\/toode\/sous-vide-ruoanlaitto-tyhjiopussi-20x30cm-50kpl\/","url":"https:\/\/rodoaed.ee\/fi\/toode\/sous-vide-ruoanlaitto-tyhjiopussi-20x30cm-50kpl\/","name":"Sous Vide ruoanlaitto tyhji\u00f6pussi - 20x30cm, 50kpl - Rodoaed","isPartOf":{"@id":"https:\/\/rodoaed.ee\/#website"},"primaryImageOfPage":{"@id":"https:\/\/rodoaed.ee\/fi\/toode\/sous-vide-ruoanlaitto-tyhjiopussi-20x30cm-50kpl\/#primaryimage"},"image":{"@id":"https:\/\/rodoaed.ee\/fi\/toode\/sous-vide-ruoanlaitto-tyhjiopussi-20x30cm-50kpl\/#primaryimage"},"thumbnailUrl":"https:\/\/rodoaed.ee\/wp-content\/uploads\/2019\/07\/vaakummasina-kilekotid.jpg","datePublished":"2019-08-02T09:53:06+00:00","dateModified":"2026-04-13T08:07:44+00:00","breadcrumb":{"@id":"https:\/\/rodoaed.ee\/fi\/toode\/sous-vide-ruoanlaitto-tyhjiopussi-20x30cm-50kpl\/#breadcrumb"},"inLanguage":"fi","potentialAction":[{"@type":"ReadAction","target":["https:\/\/rodoaed.ee\/fi\/toode\/sous-vide-ruoanlaitto-tyhjiopussi-20x30cm-50kpl\/"]}]},{"@type":"ImageObject","inLanguage":"fi","@id":"https:\/\/rodoaed.ee\/fi\/toode\/sous-vide-ruoanlaitto-tyhjiopussi-20x30cm-50kpl\/#primaryimage","url":"https:\/\/rodoaed.ee\/wp-content\/uploads\/2019\/07\/vaakummasina-kilekotid.jpg","contentUrl":"https:\/\/rodoaed.ee\/wp-content\/uploads\/2019\/07\/vaakummasina-kilekotid.jpg","width":800,"height":533,"caption":"Tyhji\u00f6pakkaaja suojattu sukka rullissa"},{"@type":"BreadcrumbList","@id":"https:\/\/rodoaed.ee\/fi\/toode\/sous-vide-ruoanlaitto-tyhjiopussi-20x30cm-50kpl\/#breadcrumb","itemListElement":[{"@type":"ListItem","position":1,"name":"Home","item":"https:\/\/rodoaed.ee\/fi\/"},{"@type":"ListItem","position":2,"name":"Osta osoitteessa","item":"https:\/\/rodoaed.ee\/osta-osoitteessa\/"},{"@type":"ListItem","position":3,"name":"Sous Vide ruoanlaitto tyhji\u00f6pussi &#8211; 20x30cm, 50kpl"}]},{"@type":"WebSite","@id":"https:\/\/rodoaed.ee\/#website","url":"https:\/\/rodoaed.ee\/","name":"Rodoaed","description":"","publisher":{"@id":"https:\/\/rodoaed.ee\/#organization"},"potentialAction":[{"@type":"SearchAction","target":{"@type":"EntryPoint","urlTemplate":"https:\/\/rodoaed.ee\/?s={search_term_string}"},"query-input":{"@type":"PropertyValueSpecification","valueRequired":true,"valueName":"search_term_string"}}],"inLanguage":"fi"},{"@type":"Organization","@id":"https:\/\/rodoaed.ee\/#organization","name":"Rodoaed","url":"https:\/\/rodoaed.ee\/","logo":{"@type":"ImageObject","inLanguage":"fi","@id":"https:\/\/rodoaed.ee\/#\/schema\/logo\/image\/","url":"https:\/\/rodoaed.ee\/wp-content\/uploads\/2019\/11\/rodoaed-logo-ilma-taustata.jpg","contentUrl":"https:\/\/rodoaed.ee\/wp-content\/uploads\/2019\/11\/rodoaed-logo-ilma-taustata.jpg","width":769,"height":268,"caption":"Rodoaed"},"image":{"@id":"https:\/\/rodoaed.ee\/#\/schema\/logo\/image\/"},"sameAs":["https:\/\/www.facebook.com\/kasvuhooned\/","https:\/\/rodoaed.ee"]}]}},"_links":{"self":[{"href":"https:\/\/rodoaed.ee\/fi\/wp-json\/wp\/v2\/product\/53530","targetHints":{"allow":["GET"]}}],"collection":[{"href":"https:\/\/rodoaed.ee\/fi\/wp-json\/wp\/v2\/product"}],"about":[{"href":"https:\/\/rodoaed.ee\/fi\/wp-json\/wp\/v2\/types\/product"}],"wp:featuredmedia":[{"embeddable":true,"href":"https:\/\/rodoaed.ee\/fi\/wp-json\/wp\/v2\/media\/18100"}],"wp:attachment":[{"href":"https:\/\/rodoaed.ee\/fi\/wp-json\/wp\/v2\/media?parent=53530"}],"wp:term":[{"taxonomy":"product_brand","embeddable":true,"href":"https:\/\/rodoaed.ee\/fi\/wp-json\/wp\/v2\/product_brand?post=53530"},{"taxonomy":"product_cat","embeddable":true,"href":"https:\/\/rodoaed.ee\/fi\/wp-json\/wp\/v2\/product_cat?post=53530"},{"taxonomy":"product_tag","embeddable":true,"href":"https:\/\/rodoaed.ee\/fi\/wp-json\/wp\/v2\/product_tag?post=53530"}],"curies":[{"name":"wp","href":"https:\/\/api.w.org\/{rel}","templated":true}]}}