{"id":53537,"date":"2019-08-02T12:53:29","date_gmt":"2019-08-02T09:53:29","guid":{"rendered":"https:\/\/rodoaed.ee\/toode\/kasvihuone-prestige-s-306x445cm-14m2\/"},"modified":"2026-04-13T11:07:52","modified_gmt":"2026-04-13T08:07:52","slug":"kasvihuone-prestige-s-306x445cm-14m2","status":"publish","type":"product","link":"https:\/\/rodoaed.ee\/fi\/tuote\/kasvihuone-prestige-s-306x445cm-14m2\/","title":{"rendered":"Kasvihuone Prestige S 306x445cm <sup>14m2<\/sup>"},"content":{"rendered":"<h2>Prestige S on kasvihuonemalli, jossa on kaltevat sein\u00e4t.<\/h2>\n<p><strong>Kaltevat sivusein\u00e4t antavat kasvihuoneelle sen edun, ett\u00e4 se saa enemm\u00e4n auringonvaloa, erityisesti aikaisin kev\u00e4\u00e4ll\u00e4, kun aurinko on matalalla.<\/strong><\/p>\n<h2>Kasvihuoneen mitat<\/h2>\n<p>Kasvihuoneen leveys on 306 cm ja pituus 445 cm. Kattoharjan korkeus peruskehikko mukaan lukien on 237 cm ja sivusein\u00e4n korkeus peruskehikko mukaan lukien 172 cm. Suuret kattoaukot varmistavat hyv\u00e4n ilmankierron. Kasvihuoneessa on my\u00f6s sadevesiputket.   <\/p>\n<p>Toimitetaan 1 liukuovella ja 2 kattoikkunalla. Oviaukon koko on 185 x 68 cm. <\/p>\n<h2>Lasikatto<\/h2>\n<p>Kaikissa ACD:n kasvihuoneissa on 4 mm:n karkaistu lasi. Sein\u00e4t kiillotettua ja hyvin l\u00e4pin\u00e4kyv\u00e4\u00e4 lasia, katto himme\u00e4\u00e4 lasia. Kaikkien mallien katot on p\u00e4\u00e4llystetty s\u00e4ihkyv\u00e4ll\u00e4 kuvioidulla j\u00e4\u00e4lasilla, joka suojaa auringonpolttamiselta ja liialliselta kuumuudelta. Se on yht\u00e4 mukava kuin polykarbonaattikatto.   <\/p>\n<p>Karkaistu lasi on jopa 7 kertaa vahvempaa kuin tavallinen kasvihuonelasi. T\u00e4m\u00e4 merkitsee suurempaa turvallisuutta asennuksen aikana ja my\u00f6hemm\u00e4ss\u00e4 k\u00e4yt\u00f6ss\u00e4. Jos lasi rikkoutuu, siit\u00e4 ei tule vaarallisia ter\u00e4vi\u00e4 sirpaleita, vaan vain lasinsiruja, kuten auton lasin rikkoutuessa. N\u00e4m\u00e4 roskat eiv\u00e4t vahingoita eiv\u00e4tk\u00e4 riko kasvihuoneen pintaa.   <\/p>\n<h2>Alusraam<\/h2>\n<p>Tukeva alumiininen pohjakehys antaa kasvihuoneelle enemm\u00e4n vakautta ja helpottaa kokoamista huomattavasti. Pohjakehys on valmistettu tukevasta karapintaprofiilista ja se on kaksikammioinen, mik\u00e4 antaa sille lis\u00e4\u00e4 j\u00e4ykkyytt\u00e4 esimerkiksi pakkasrapautumista vastaan. Peruskehikkoon on kiinnitetty ankkurik\u00f6ydet, jotka voidaan kaivaa maahan tai valaa sekaan. N\u00e4in ollen sit\u00e4 voidaan k\u00e4ytt\u00e4\u00e4 erillisen perustuksen korvikkeena.   <\/p>\n<h2>RAL maalattu runko<\/h2>\n<p>Kasvihuoneen runko on tavallisesti matta-alumiinia, mutta se voidaan my\u00f6s tilata pulverimaalattuna RAL-v\u00e4reiss\u00e4 (9010, 8019, 5010, 7016, 6005, 3005, 6009 ja 3011).<\/p>\n<p><a href=\"https:\/\/rodoaed.ee\/fi\/\">kotisivu<\/a> <a href=\"https:\/\/rodoaed.ee\/tootekategooria\/kasvuhooned-ja-talveaiad\/\">k\u00e4ynnist\u00e4<\/a> <a href=\"https:\/\/rodoaed.ee\/fi\/tootekategooria\/acdn-kasvihuoneet\/\">ACD<\/a><\/p>\n<p>&nbsp;<\/p>\n","protected":false},"excerpt":{"rendered":"<p>Prestige S on kasvihuonemalli, jossa on kaltevat sein\u00e4t. Kaltevat sivusein\u00e4t antavat kasvihuoneelle sen edun, ett\u00e4 se saa enemm\u00e4n auringonvaloa, erityisesti aikaisin kev\u00e4\u00e4ll\u00e4, kun aurinko on matalalla. Kasvihuoneen mitat Kasvihuoneen leveys on 306 cm ja pituus 445 cm. Kattoharjan korkeus peruskehikko mukaan lukien on 237 cm ja sivusein\u00e4n korkeus peruskehikko mukaan lukien 172 cm. Suuret kattoaukot varmistavat hyv\u00e4n ilmankierron. Kasvihuoneessa on my\u00f6s sadevesiputket. Toimitetaan 1 liukuovella&#8230;<\/p>\n","protected":false},"featured_media":17731,"template":"","meta":{"_acf_changed":false},"product_brand":[],"product_cat":[2428],"product_tag":[],"class_list":{"0":"post-53537","1":"product","2":"type-product","3":"status-publish","4":"has-post-thumbnail","6":"product_cat-acdn-kasvihuoneet","7":"pa_variatsioon-kasvihuone-prestige-s-306x445cm-14m2","9":"first","10":"instock","11":"taxable","12":"shipping-taxable","13":"purchasable","14":"product-type-simple"},"acf":[],"yoast_head":"<!-- This site is optimized with the Yoast SEO Premium plugin v27.3 (Yoast SEO v27.3) - https:\/\/yoast.com\/product\/yoast-seo-premium-wordpress\/ -->\n<title>Kasvihuone Prestige S 306x445cm 14m2 - Rodoaed<\/title>\n<meta name=\"robots\" content=\"index, follow, max-snippet:-1, max-image-preview:large, max-video-preview:-1\" \/>\n<link rel=\"canonical\" href=\"https:\/\/rodoaed.ee\/fi\/toode\/kasvihuone-prestige-s-306x445cm-14m2\/\" \/>\n<meta property=\"og:locale\" content=\"fi_FI\" \/>\n<meta property=\"og:type\" content=\"article\" \/>\n<meta property=\"og:title\" content=\"Kasvihuone Prestige S 306x445cm 14m2\" \/>\n<meta property=\"og:description\" content=\"Prestige S on kasvihuonemalli, jossa on kaltevat sein\u00e4t. Kaltevat sivusein\u00e4t antavat kasvihuoneelle sen edun, ett\u00e4 se saa enemm\u00e4n auringonvaloa,\" \/>\n<meta property=\"og:url\" content=\"https:\/\/rodoaed.ee\/fi\/toode\/kasvihuone-prestige-s-306x445cm-14m2\/\" \/>\n<meta property=\"og:site_name\" content=\"Rodoaed\" \/>\n<meta property=\"article:publisher\" content=\"https:\/\/www.facebook.com\/kasvuhooned\/\" \/>\n<meta property=\"article:modified_time\" content=\"2026-04-13T08:07:52+00:00\" \/>\n<meta property=\"og:image\" content=\"https:\/\/rodoaed.ee\/wp-content\/uploads\/2019\/07\/kasvuhoone-prestige_S106_2.jpg\" \/>\n\t<meta property=\"og:image:width\" content=\"5456\" \/>\n\t<meta property=\"og:image:height\" content=\"3632\" \/>\n\t<meta property=\"og:image:type\" content=\"image\/jpeg\" \/>\n<meta name=\"twitter:card\" content=\"summary_large_image\" \/>\n<meta name=\"twitter:label1\" content=\"Arvioitu lukuaika\" \/>\n\t<meta name=\"twitter:data1\" content=\"1 minuutti\" \/>\n<script type=\"application\/ld+json\" class=\"yoast-schema-graph\">{\"@context\":\"https:\\\/\\\/schema.org\",\"@graph\":[{\"@type\":\"WebPage\",\"@id\":\"https:\\\/\\\/rodoaed.ee\\\/fi\\\/toode\\\/kasvihuone-prestige-s-306x445cm-14m2\\\/\",\"url\":\"https:\\\/\\\/rodoaed.ee\\\/fi\\\/toode\\\/kasvihuone-prestige-s-306x445cm-14m2\\\/\",\"name\":\"Kasvihuone Prestige S 306x445cm 14m2 - Rodoaed\",\"isPartOf\":{\"@id\":\"https:\\\/\\\/rodoaed.ee\\\/#website\"},\"primaryImageOfPage\":{\"@id\":\"https:\\\/\\\/rodoaed.ee\\\/fi\\\/toode\\\/kasvihuone-prestige-s-306x445cm-14m2\\\/#primaryimage\"},\"image\":{\"@id\":\"https:\\\/\\\/rodoaed.ee\\\/fi\\\/toode\\\/kasvihuone-prestige-s-306x445cm-14m2\\\/#primaryimage\"},\"thumbnailUrl\":\"https:\\\/\\\/rodoaed.ee\\\/wp-content\\\/uploads\\\/2019\\\/07\\\/kasvuhoone-prestige_S106_2.jpg\",\"datePublished\":\"2019-08-02T09:53:29+00:00\",\"dateModified\":\"2026-04-13T08:07:52+00:00\",\"breadcrumb\":{\"@id\":\"https:\\\/\\\/rodoaed.ee\\\/fi\\\/toode\\\/kasvihuone-prestige-s-306x445cm-14m2\\\/#breadcrumb\"},\"inLanguage\":\"fi\",\"potentialAction\":[{\"@type\":\"ReadAction\",\"target\":[\"https:\\\/\\\/rodoaed.ee\\\/fi\\\/toode\\\/kasvihuone-prestige-s-306x445cm-14m2\\\/\"]}]},{\"@type\":\"ImageObject\",\"inLanguage\":\"fi\",\"@id\":\"https:\\\/\\\/rodoaed.ee\\\/fi\\\/toode\\\/kasvihuone-prestige-s-306x445cm-14m2\\\/#primaryimage\",\"url\":\"https:\\\/\\\/rodoaed.ee\\\/wp-content\\\/uploads\\\/2019\\\/07\\\/kasvuhoone-prestige_S106_2.jpg\",\"contentUrl\":\"https:\\\/\\\/rodoaed.ee\\\/wp-content\\\/uploads\\\/2019\\\/07\\\/kasvuhoone-prestige_S106_2.jpg\",\"width\":5456,\"height\":3632},{\"@type\":\"BreadcrumbList\",\"@id\":\"https:\\\/\\\/rodoaed.ee\\\/fi\\\/toode\\\/kasvihuone-prestige-s-306x445cm-14m2\\\/#breadcrumb\",\"itemListElement\":[{\"@type\":\"ListItem\",\"position\":1,\"name\":\"Home\",\"item\":\"https:\\\/\\\/rodoaed.ee\\\/fi\\\/\"},{\"@type\":\"ListItem\",\"position\":2,\"name\":\"Osta osoitteessa\",\"item\":\"https:\\\/\\\/rodoaed.ee\\\/osta-osoitteessa\\\/\"},{\"@type\":\"ListItem\",\"position\":3,\"name\":\"Kasvihuone Prestige S 306x445cm 14m2\"}]},{\"@type\":\"WebSite\",\"@id\":\"https:\\\/\\\/rodoaed.ee\\\/#website\",\"url\":\"https:\\\/\\\/rodoaed.ee\\\/\",\"name\":\"Rodoaed\",\"description\":\"\",\"publisher\":{\"@id\":\"https:\\\/\\\/rodoaed.ee\\\/#organization\"},\"potentialAction\":[{\"@type\":\"SearchAction\",\"target\":{\"@type\":\"EntryPoint\",\"urlTemplate\":\"https:\\\/\\\/rodoaed.ee\\\/?s={search_term_string}\"},\"query-input\":{\"@type\":\"PropertyValueSpecification\",\"valueRequired\":true,\"valueName\":\"search_term_string\"}}],\"inLanguage\":\"fi\"},{\"@type\":\"Organization\",\"@id\":\"https:\\\/\\\/rodoaed.ee\\\/#organization\",\"name\":\"Rodoaed\",\"url\":\"https:\\\/\\\/rodoaed.ee\\\/\",\"logo\":{\"@type\":\"ImageObject\",\"inLanguage\":\"fi\",\"@id\":\"https:\\\/\\\/rodoaed.ee\\\/#\\\/schema\\\/logo\\\/image\\\/\",\"url\":\"https:\\\/\\\/rodoaed.ee\\\/wp-content\\\/uploads\\\/2019\\\/11\\\/rodoaed-logo-ilma-taustata.jpg\",\"contentUrl\":\"https:\\\/\\\/rodoaed.ee\\\/wp-content\\\/uploads\\\/2019\\\/11\\\/rodoaed-logo-ilma-taustata.jpg\",\"width\":769,\"height\":268,\"caption\":\"Rodoaed\"},\"image\":{\"@id\":\"https:\\\/\\\/rodoaed.ee\\\/#\\\/schema\\\/logo\\\/image\\\/\"},\"sameAs\":[\"https:\\\/\\\/www.facebook.com\\\/kasvuhooned\\\/\",\"https:\\\/\\\/rodoaed.ee\"]}]}<\/script>\n<!-- \/ Yoast SEO Premium plugin. -->","yoast_head_json":{"title":"Kasvihuone Prestige S 306x445cm 14m2 - Rodoaed","robots":{"index":"index","follow":"follow","max-snippet":"max-snippet:-1","max-image-preview":"max-image-preview:large","max-video-preview":"max-video-preview:-1"},"canonical":"https:\/\/rodoaed.ee\/fi\/toode\/kasvihuone-prestige-s-306x445cm-14m2\/","og_locale":"fi_FI","og_type":"article","og_title":"Kasvihuone Prestige S 306x445cm 14m2","og_description":"Prestige S on kasvihuonemalli, jossa on kaltevat sein\u00e4t. Kaltevat sivusein\u00e4t antavat kasvihuoneelle sen edun, ett\u00e4 se saa enemm\u00e4n auringonvaloa,","og_url":"https:\/\/rodoaed.ee\/fi\/toode\/kasvihuone-prestige-s-306x445cm-14m2\/","og_site_name":"Rodoaed","article_publisher":"https:\/\/www.facebook.com\/kasvuhooned\/","article_modified_time":"2026-04-13T08:07:52+00:00","og_image":[{"width":5456,"height":3632,"url":"https:\/\/rodoaed.ee\/wp-content\/uploads\/2019\/07\/kasvuhoone-prestige_S106_2.jpg","type":"image\/jpeg"}],"twitter_card":"summary_large_image","twitter_misc":{"Arvioitu lukuaika":"1 minuutti"},"schema":{"@context":"https:\/\/schema.org","@graph":[{"@type":"WebPage","@id":"https:\/\/rodoaed.ee\/fi\/toode\/kasvihuone-prestige-s-306x445cm-14m2\/","url":"https:\/\/rodoaed.ee\/fi\/toode\/kasvihuone-prestige-s-306x445cm-14m2\/","name":"Kasvihuone Prestige S 306x445cm 14m2 - Rodoaed","isPartOf":{"@id":"https:\/\/rodoaed.ee\/#website"},"primaryImageOfPage":{"@id":"https:\/\/rodoaed.ee\/fi\/toode\/kasvihuone-prestige-s-306x445cm-14m2\/#primaryimage"},"image":{"@id":"https:\/\/rodoaed.ee\/fi\/toode\/kasvihuone-prestige-s-306x445cm-14m2\/#primaryimage"},"thumbnailUrl":"https:\/\/rodoaed.ee\/wp-content\/uploads\/2019\/07\/kasvuhoone-prestige_S106_2.jpg","datePublished":"2019-08-02T09:53:29+00:00","dateModified":"2026-04-13T08:07:52+00:00","breadcrumb":{"@id":"https:\/\/rodoaed.ee\/fi\/toode\/kasvihuone-prestige-s-306x445cm-14m2\/#breadcrumb"},"inLanguage":"fi","potentialAction":[{"@type":"ReadAction","target":["https:\/\/rodoaed.ee\/fi\/toode\/kasvihuone-prestige-s-306x445cm-14m2\/"]}]},{"@type":"ImageObject","inLanguage":"fi","@id":"https:\/\/rodoaed.ee\/fi\/toode\/kasvihuone-prestige-s-306x445cm-14m2\/#primaryimage","url":"https:\/\/rodoaed.ee\/wp-content\/uploads\/2019\/07\/kasvuhoone-prestige_S106_2.jpg","contentUrl":"https:\/\/rodoaed.ee\/wp-content\/uploads\/2019\/07\/kasvuhoone-prestige_S106_2.jpg","width":5456,"height":3632},{"@type":"BreadcrumbList","@id":"https:\/\/rodoaed.ee\/fi\/toode\/kasvihuone-prestige-s-306x445cm-14m2\/#breadcrumb","itemListElement":[{"@type":"ListItem","position":1,"name":"Home","item":"https:\/\/rodoaed.ee\/fi\/"},{"@type":"ListItem","position":2,"name":"Osta osoitteessa","item":"https:\/\/rodoaed.ee\/osta-osoitteessa\/"},{"@type":"ListItem","position":3,"name":"Kasvihuone Prestige S 306x445cm 14m2"}]},{"@type":"WebSite","@id":"https:\/\/rodoaed.ee\/#website","url":"https:\/\/rodoaed.ee\/","name":"Rodoaed","description":"","publisher":{"@id":"https:\/\/rodoaed.ee\/#organization"},"potentialAction":[{"@type":"SearchAction","target":{"@type":"EntryPoint","urlTemplate":"https:\/\/rodoaed.ee\/?s={search_term_string}"},"query-input":{"@type":"PropertyValueSpecification","valueRequired":true,"valueName":"search_term_string"}}],"inLanguage":"fi"},{"@type":"Organization","@id":"https:\/\/rodoaed.ee\/#organization","name":"Rodoaed","url":"https:\/\/rodoaed.ee\/","logo":{"@type":"ImageObject","inLanguage":"fi","@id":"https:\/\/rodoaed.ee\/#\/schema\/logo\/image\/","url":"https:\/\/rodoaed.ee\/wp-content\/uploads\/2019\/11\/rodoaed-logo-ilma-taustata.jpg","contentUrl":"https:\/\/rodoaed.ee\/wp-content\/uploads\/2019\/11\/rodoaed-logo-ilma-taustata.jpg","width":769,"height":268,"caption":"Rodoaed"},"image":{"@id":"https:\/\/rodoaed.ee\/#\/schema\/logo\/image\/"},"sameAs":["https:\/\/www.facebook.com\/kasvuhooned\/","https:\/\/rodoaed.ee"]}]}},"_links":{"self":[{"href":"https:\/\/rodoaed.ee\/fi\/wp-json\/wp\/v2\/product\/53537","targetHints":{"allow":["GET"]}}],"collection":[{"href":"https:\/\/rodoaed.ee\/fi\/wp-json\/wp\/v2\/product"}],"about":[{"href":"https:\/\/rodoaed.ee\/fi\/wp-json\/wp\/v2\/types\/product"}],"wp:featuredmedia":[{"embeddable":true,"href":"https:\/\/rodoaed.ee\/fi\/wp-json\/wp\/v2\/media\/17731"}],"wp:attachment":[{"href":"https:\/\/rodoaed.ee\/fi\/wp-json\/wp\/v2\/media?parent=53537"}],"wp:term":[{"taxonomy":"product_brand","embeddable":true,"href":"https:\/\/rodoaed.ee\/fi\/wp-json\/wp\/v2\/product_brand?post=53537"},{"taxonomy":"product_cat","embeddable":true,"href":"https:\/\/rodoaed.ee\/fi\/wp-json\/wp\/v2\/product_cat?post=53537"},{"taxonomy":"product_tag","embeddable":true,"href":"https:\/\/rodoaed.ee\/fi\/wp-json\/wp\/v2\/product_tag?post=53537"}],"curies":[{"name":"wp","href":"https:\/\/api.w.org\/{rel}","templated":true}]}}