{"id":53541,"date":"2019-08-02T12:53:29","date_gmt":"2019-08-02T09:53:29","guid":{"rendered":"https:\/\/rodoaed.ee\/toode\/kasvihuonepaviljonki-babette-ral-154m2\/"},"modified":"2026-04-13T11:07:54","modified_gmt":"2026-04-13T08:07:54","slug":"kasvihuonepaviljonki-babette-ral-154m2","status":"publish","type":"product","link":"https:\/\/rodoaed.ee\/fi\/tuote\/kasvihuonepaviljonki-babette-ral-154m2\/","title":{"rendered":"Kasvihuonepaviljonki Babette RAL 15<sup>,4m2<\/sup>"},"content":{"rendered":"<h2>Kasvihuone tai paviljonki Babette on T-muotoinen maalattu paviljonki.<\/h2>\n<p><strong>Kaikki mallit on jo tehtaalla pulverimaalattu RAL9005 tai yksiv\u00e4risen mustaksi.<\/strong><\/p>\n<h2>Kasvihuoneen mitat<\/h2>\n<p>Kasvihuoneen pohjaratkaisu on T-muotoinen.  <span style=\"line-height: 18px;\">Kasvihuoneen kokonaisleveys on 377 cm ja kokonaispituus 519 cm. P\u00e4\u00e4tyseinien leveys on 232cm ja pinta-ala 15,4m2. <\/span><\/p>\n<p>Katon harjan korkeus perusrungon kanssa on 235 cm ja sivusein\u00e4n korkeus perusrungon kanssa 179 cm. Suuret kattoaukot varmistavat hyv\u00e4n ilmankierron. Kasvihuoneen mukana toimitetaan my\u00f6s sadevesiputket. Lasitettu kokonaispinta-ala on 45,32m2.   <\/p>\n<p>Toimitetaan 1 liukuovella ja 2 kattoikkunalla.<\/p>\n<h2>Lasikatto<\/h2>\n<p>Kaikissa ACD:n kasvihuoneissa on 4 mm:n karkaistu lasi.<\/p>\n<p>Karkaistu lasi on jopa 7 kertaa vahvempaa kuin tavallinen kasvihuonelasi. T\u00e4m\u00e4 merkitsee suurempaa turvallisuutta asennuksen aikana ja my\u00f6hemm\u00e4ss\u00e4 k\u00e4yt\u00f6ss\u00e4. Jos lasi rikkoutuu, siit\u00e4 ei tule vaarallisia ter\u00e4vi\u00e4 sirpaleita, vaan vain lasinsiruja, kuten auton lasin rikkoutuessa. N\u00e4m\u00e4 roskat eiv\u00e4t vahingoita eiv\u00e4tk\u00e4 riko kasvihuoneen pintaa.   <\/p>\n<h2>Alusraam<\/h2>\n<p>Tukeva alumiininen pohjakehys antaa kasvihuoneelle enemm\u00e4n vakautta ja helpottaa kokoamista huomattavasti. Pohjakehys on valmistettu tukevasta karapintaprofiilista ja se on kaksikammioinen, mik\u00e4 antaa sille lis\u00e4\u00e4 j\u00e4ykkyytt\u00e4 esimerkiksi pakkasrapautumista vastaan. Peruskehikkoon on kiinnitetty ankkurik\u00f6ydet, jotka voidaan kaivaa maahan tai valaa sekaan. N\u00e4in ollen sit\u00e4 voidaan k\u00e4ytt\u00e4\u00e4 erillisen perustuksen korvikkeena.   <\/p>\n<h2>RAL maalattu runko<\/h2>\n<p>Kaikki mallit ovat vakiona jauhemaalattuja RAL 9005. Muita v\u00e4rej\u00e4 ei ole tarjolla t\u00e4h\u00e4n malliin. <\/p>\n<p><strong>HUOM Tuotekuvassa on Babette-malli<\/strong><\/p>\n<p><a href=\"https:\/\/rodoaed.ee\/fi\/\">kotisivu<\/a> <a href=\"https:\/\/rodoaed.ee\/tootekategooria\/kasvuhooned-ja-talveaiad\/\">k\u00e4ynnist\u00e4<\/a> <a href=\"https:\/\/rodoaed.ee\/fi\/tootekategooria\/acdn-kasvihuoneet\/\">ACD<\/a><\/p>\n<p>&nbsp;<\/p>\n","protected":false},"excerpt":{"rendered":"<p>Kasvihuone tai paviljonki Babette on T-muotoinen maalattu paviljonki. Kaikki mallit on jo tehtaalla pulverimaalattu RAL9005 tai yksiv\u00e4risen mustaksi. Kasvihuoneen mitat Kasvihuoneen pohjaratkaisu on T-muotoinen. Kasvihuoneen kokonaisleveys on 377 cm ja kokonaispituus 519 cm. P\u00e4\u00e4tyseinien leveys on 232cm ja pinta-ala 15,4m2. Katon harjan korkeus perusrungon kanssa on 235 cm ja sivusein\u00e4n korkeus perusrungon kanssa 179 cm. Suuret kattoaukot varmistavat hyv\u00e4n ilmankierron. Kasvihuoneen mukana toimitetaan my\u00f6s sadevesiputket&#8230;.<\/p>\n","protected":false},"featured_media":17719,"template":"","meta":{"_acf_changed":false},"product_brand":[],"product_cat":[2428],"product_tag":[],"class_list":{"0":"post-53541","1":"product","2":"type-product","3":"status-publish","4":"has-post-thumbnail","6":"product_cat-acdn-kasvihuoneet","7":"pa_variatsioon-kasvihuonepaviljonki-babette-ral-154m2","9":"first","10":"instock","11":"sale","12":"taxable","13":"shipping-taxable","14":"purchasable","15":"product-type-simple"},"acf":[],"yoast_head":"<!-- This site is optimized with the Yoast SEO Premium plugin v27.3 (Yoast SEO v27.3) - https:\/\/yoast.com\/product\/yoast-seo-premium-wordpress\/ -->\n<title>Kasvihuonepaviljonki Babette RAL 15,4m2 - Rodoaed<\/title>\n<meta name=\"robots\" content=\"index, follow, max-snippet:-1, max-image-preview:large, max-video-preview:-1\" \/>\n<link rel=\"canonical\" href=\"https:\/\/rodoaed.ee\/fi\/toode\/kasvihuonepaviljonki-babette-ral-154m2\/\" \/>\n<meta property=\"og:locale\" content=\"fi_FI\" \/>\n<meta property=\"og:type\" content=\"article\" \/>\n<meta property=\"og:title\" content=\"Kasvihuonepaviljonki Babette RAL 15,4m2\" \/>\n<meta property=\"og:description\" content=\"Kasvihuone tai paviljonki Babette on T-muotoinen maalattu paviljonki. Kaikki mallit on jo tehtaalla pulverimaalattu RAL9005 tai yksiv\u00e4risen mustaksi.\" \/>\n<meta property=\"og:url\" content=\"https:\/\/rodoaed.ee\/fi\/toode\/kasvihuonepaviljonki-babette-ral-154m2\/\" \/>\n<meta property=\"og:site_name\" content=\"Rodoaed\" \/>\n<meta property=\"article:publisher\" content=\"https:\/\/www.facebook.com\/kasvuhooned\/\" \/>\n<meta property=\"article:modified_time\" content=\"2026-04-13T08:07:54+00:00\" \/>\n<meta property=\"og:image\" content=\"https:\/\/rodoaed.ee\/wp-content\/uploads\/2019\/07\/kasvuhoone-Aurelie_11.jpg\" \/>\n\t<meta property=\"og:image:width\" content=\"2351\" \/>\n\t<meta property=\"og:image:height\" content=\"1940\" \/>\n\t<meta property=\"og:image:type\" content=\"image\/jpeg\" \/>\n<meta name=\"twitter:card\" content=\"summary_large_image\" \/>\n<meta name=\"twitter:label1\" content=\"Arvioitu lukuaika\" \/>\n\t<meta name=\"twitter:data1\" content=\"1 minuutti\" \/>\n<script type=\"application\/ld+json\" class=\"yoast-schema-graph\">{\"@context\":\"https:\\\/\\\/schema.org\",\"@graph\":[{\"@type\":\"WebPage\",\"@id\":\"https:\\\/\\\/rodoaed.ee\\\/fi\\\/toode\\\/kasvihuonepaviljonki-babette-ral-154m2\\\/\",\"url\":\"https:\\\/\\\/rodoaed.ee\\\/fi\\\/toode\\\/kasvihuonepaviljonki-babette-ral-154m2\\\/\",\"name\":\"Kasvihuonepaviljonki Babette RAL 15,4m2 - Rodoaed\",\"isPartOf\":{\"@id\":\"https:\\\/\\\/rodoaed.ee\\\/#website\"},\"primaryImageOfPage\":{\"@id\":\"https:\\\/\\\/rodoaed.ee\\\/fi\\\/toode\\\/kasvihuonepaviljonki-babette-ral-154m2\\\/#primaryimage\"},\"image\":{\"@id\":\"https:\\\/\\\/rodoaed.ee\\\/fi\\\/toode\\\/kasvihuonepaviljonki-babette-ral-154m2\\\/#primaryimage\"},\"thumbnailUrl\":\"https:\\\/\\\/rodoaed.ee\\\/wp-content\\\/uploads\\\/2019\\\/07\\\/kasvuhoone-Aurelie_11.jpg\",\"datePublished\":\"2019-08-02T09:53:29+00:00\",\"dateModified\":\"2026-04-13T08:07:54+00:00\",\"breadcrumb\":{\"@id\":\"https:\\\/\\\/rodoaed.ee\\\/fi\\\/toode\\\/kasvihuonepaviljonki-babette-ral-154m2\\\/#breadcrumb\"},\"inLanguage\":\"fi\",\"potentialAction\":[{\"@type\":\"ReadAction\",\"target\":[\"https:\\\/\\\/rodoaed.ee\\\/fi\\\/toode\\\/kasvihuonepaviljonki-babette-ral-154m2\\\/\"]}]},{\"@type\":\"ImageObject\",\"inLanguage\":\"fi\",\"@id\":\"https:\\\/\\\/rodoaed.ee\\\/fi\\\/toode\\\/kasvihuonepaviljonki-babette-ral-154m2\\\/#primaryimage\",\"url\":\"https:\\\/\\\/rodoaed.ee\\\/wp-content\\\/uploads\\\/2019\\\/07\\\/kasvuhoone-Aurelie_11.jpg\",\"contentUrl\":\"https:\\\/\\\/rodoaed.ee\\\/wp-content\\\/uploads\\\/2019\\\/07\\\/kasvuhoone-Aurelie_11.jpg\",\"width\":2351,\"height\":1940},{\"@type\":\"BreadcrumbList\",\"@id\":\"https:\\\/\\\/rodoaed.ee\\\/fi\\\/toode\\\/kasvihuonepaviljonki-babette-ral-154m2\\\/#breadcrumb\",\"itemListElement\":[{\"@type\":\"ListItem\",\"position\":1,\"name\":\"Home\",\"item\":\"https:\\\/\\\/rodoaed.ee\\\/fi\\\/\"},{\"@type\":\"ListItem\",\"position\":2,\"name\":\"Osta osoitteessa\",\"item\":\"https:\\\/\\\/rodoaed.ee\\\/osta-osoitteessa\\\/\"},{\"@type\":\"ListItem\",\"position\":3,\"name\":\"Kasvihuonepaviljonki Babette RAL 15,4m2\"}]},{\"@type\":\"WebSite\",\"@id\":\"https:\\\/\\\/rodoaed.ee\\\/#website\",\"url\":\"https:\\\/\\\/rodoaed.ee\\\/\",\"name\":\"Rodoaed\",\"description\":\"\",\"publisher\":{\"@id\":\"https:\\\/\\\/rodoaed.ee\\\/#organization\"},\"potentialAction\":[{\"@type\":\"SearchAction\",\"target\":{\"@type\":\"EntryPoint\",\"urlTemplate\":\"https:\\\/\\\/rodoaed.ee\\\/?s={search_term_string}\"},\"query-input\":{\"@type\":\"PropertyValueSpecification\",\"valueRequired\":true,\"valueName\":\"search_term_string\"}}],\"inLanguage\":\"fi\"},{\"@type\":\"Organization\",\"@id\":\"https:\\\/\\\/rodoaed.ee\\\/#organization\",\"name\":\"Rodoaed\",\"url\":\"https:\\\/\\\/rodoaed.ee\\\/\",\"logo\":{\"@type\":\"ImageObject\",\"inLanguage\":\"fi\",\"@id\":\"https:\\\/\\\/rodoaed.ee\\\/#\\\/schema\\\/logo\\\/image\\\/\",\"url\":\"https:\\\/\\\/rodoaed.ee\\\/wp-content\\\/uploads\\\/2019\\\/11\\\/rodoaed-logo-ilma-taustata.jpg\",\"contentUrl\":\"https:\\\/\\\/rodoaed.ee\\\/wp-content\\\/uploads\\\/2019\\\/11\\\/rodoaed-logo-ilma-taustata.jpg\",\"width\":769,\"height\":268,\"caption\":\"Rodoaed\"},\"image\":{\"@id\":\"https:\\\/\\\/rodoaed.ee\\\/#\\\/schema\\\/logo\\\/image\\\/\"},\"sameAs\":[\"https:\\\/\\\/www.facebook.com\\\/kasvuhooned\\\/\",\"https:\\\/\\\/rodoaed.ee\"]}]}<\/script>\n<!-- \/ Yoast SEO Premium plugin. -->","yoast_head_json":{"title":"Kasvihuonepaviljonki Babette RAL 15,4m2 - Rodoaed","robots":{"index":"index","follow":"follow","max-snippet":"max-snippet:-1","max-image-preview":"max-image-preview:large","max-video-preview":"max-video-preview:-1"},"canonical":"https:\/\/rodoaed.ee\/fi\/toode\/kasvihuonepaviljonki-babette-ral-154m2\/","og_locale":"fi_FI","og_type":"article","og_title":"Kasvihuonepaviljonki Babette RAL 15,4m2","og_description":"Kasvihuone tai paviljonki Babette on T-muotoinen maalattu paviljonki. Kaikki mallit on jo tehtaalla pulverimaalattu RAL9005 tai yksiv\u00e4risen mustaksi.","og_url":"https:\/\/rodoaed.ee\/fi\/toode\/kasvihuonepaviljonki-babette-ral-154m2\/","og_site_name":"Rodoaed","article_publisher":"https:\/\/www.facebook.com\/kasvuhooned\/","article_modified_time":"2026-04-13T08:07:54+00:00","og_image":[{"width":2351,"height":1940,"url":"https:\/\/rodoaed.ee\/wp-content\/uploads\/2019\/07\/kasvuhoone-Aurelie_11.jpg","type":"image\/jpeg"}],"twitter_card":"summary_large_image","twitter_misc":{"Arvioitu lukuaika":"1 minuutti"},"schema":{"@context":"https:\/\/schema.org","@graph":[{"@type":"WebPage","@id":"https:\/\/rodoaed.ee\/fi\/toode\/kasvihuonepaviljonki-babette-ral-154m2\/","url":"https:\/\/rodoaed.ee\/fi\/toode\/kasvihuonepaviljonki-babette-ral-154m2\/","name":"Kasvihuonepaviljonki Babette RAL 15,4m2 - Rodoaed","isPartOf":{"@id":"https:\/\/rodoaed.ee\/#website"},"primaryImageOfPage":{"@id":"https:\/\/rodoaed.ee\/fi\/toode\/kasvihuonepaviljonki-babette-ral-154m2\/#primaryimage"},"image":{"@id":"https:\/\/rodoaed.ee\/fi\/toode\/kasvihuonepaviljonki-babette-ral-154m2\/#primaryimage"},"thumbnailUrl":"https:\/\/rodoaed.ee\/wp-content\/uploads\/2019\/07\/kasvuhoone-Aurelie_11.jpg","datePublished":"2019-08-02T09:53:29+00:00","dateModified":"2026-04-13T08:07:54+00:00","breadcrumb":{"@id":"https:\/\/rodoaed.ee\/fi\/toode\/kasvihuonepaviljonki-babette-ral-154m2\/#breadcrumb"},"inLanguage":"fi","potentialAction":[{"@type":"ReadAction","target":["https:\/\/rodoaed.ee\/fi\/toode\/kasvihuonepaviljonki-babette-ral-154m2\/"]}]},{"@type":"ImageObject","inLanguage":"fi","@id":"https:\/\/rodoaed.ee\/fi\/toode\/kasvihuonepaviljonki-babette-ral-154m2\/#primaryimage","url":"https:\/\/rodoaed.ee\/wp-content\/uploads\/2019\/07\/kasvuhoone-Aurelie_11.jpg","contentUrl":"https:\/\/rodoaed.ee\/wp-content\/uploads\/2019\/07\/kasvuhoone-Aurelie_11.jpg","width":2351,"height":1940},{"@type":"BreadcrumbList","@id":"https:\/\/rodoaed.ee\/fi\/toode\/kasvihuonepaviljonki-babette-ral-154m2\/#breadcrumb","itemListElement":[{"@type":"ListItem","position":1,"name":"Home","item":"https:\/\/rodoaed.ee\/fi\/"},{"@type":"ListItem","position":2,"name":"Osta osoitteessa","item":"https:\/\/rodoaed.ee\/osta-osoitteessa\/"},{"@type":"ListItem","position":3,"name":"Kasvihuonepaviljonki Babette RAL 15,4m2"}]},{"@type":"WebSite","@id":"https:\/\/rodoaed.ee\/#website","url":"https:\/\/rodoaed.ee\/","name":"Rodoaed","description":"","publisher":{"@id":"https:\/\/rodoaed.ee\/#organization"},"potentialAction":[{"@type":"SearchAction","target":{"@type":"EntryPoint","urlTemplate":"https:\/\/rodoaed.ee\/?s={search_term_string}"},"query-input":{"@type":"PropertyValueSpecification","valueRequired":true,"valueName":"search_term_string"}}],"inLanguage":"fi"},{"@type":"Organization","@id":"https:\/\/rodoaed.ee\/#organization","name":"Rodoaed","url":"https:\/\/rodoaed.ee\/","logo":{"@type":"ImageObject","inLanguage":"fi","@id":"https:\/\/rodoaed.ee\/#\/schema\/logo\/image\/","url":"https:\/\/rodoaed.ee\/wp-content\/uploads\/2019\/11\/rodoaed-logo-ilma-taustata.jpg","contentUrl":"https:\/\/rodoaed.ee\/wp-content\/uploads\/2019\/11\/rodoaed-logo-ilma-taustata.jpg","width":769,"height":268,"caption":"Rodoaed"},"image":{"@id":"https:\/\/rodoaed.ee\/#\/schema\/logo\/image\/"},"sameAs":["https:\/\/www.facebook.com\/kasvuhooned\/","https:\/\/rodoaed.ee"]}]}},"_links":{"self":[{"href":"https:\/\/rodoaed.ee\/fi\/wp-json\/wp\/v2\/product\/53541","targetHints":{"allow":["GET"]}}],"collection":[{"href":"https:\/\/rodoaed.ee\/fi\/wp-json\/wp\/v2\/product"}],"about":[{"href":"https:\/\/rodoaed.ee\/fi\/wp-json\/wp\/v2\/types\/product"}],"wp:featuredmedia":[{"embeddable":true,"href":"https:\/\/rodoaed.ee\/fi\/wp-json\/wp\/v2\/media\/17719"}],"wp:attachment":[{"href":"https:\/\/rodoaed.ee\/fi\/wp-json\/wp\/v2\/media?parent=53541"}],"wp:term":[{"taxonomy":"product_brand","embeddable":true,"href":"https:\/\/rodoaed.ee\/fi\/wp-json\/wp\/v2\/product_brand?post=53541"},{"taxonomy":"product_cat","embeddable":true,"href":"https:\/\/rodoaed.ee\/fi\/wp-json\/wp\/v2\/product_cat?post=53541"},{"taxonomy":"product_tag","embeddable":true,"href":"https:\/\/rodoaed.ee\/fi\/wp-json\/wp\/v2\/product_tag?post=53541"}],"curies":[{"name":"wp","href":"https:\/\/api.w.org\/{rel}","templated":true}]}}