{"id":53545,"date":"2019-08-02T12:53:29","date_gmt":"2019-08-02T09:53:29","guid":{"rendered":"https:\/\/rodoaed.ee\/toode\/kasvihuoneen-seina-233x530cm-123m2\/"},"modified":"2026-04-13T11:07:57","modified_gmt":"2026-04-13T08:07:57","slug":"kasvihuoneen-seina-233x530cm-123m2","status":"publish","type":"product","link":"https:\/\/rodoaed.ee\/fi\/tuote\/kasvihuoneen-seina-233x530cm-123m2\/","title":{"rendered":"Kasvihuoneen sein\u00e4 233x530cm 12<sup>,3m2<\/sup>"},"content":{"rendered":"<h2>Kasvihuoneen mitat<\/h2>\n<p>Kasvihuoneen leveys on 233 cm ja pituus 309 cm &#8211; 902 cm. <strong>Wall-mallien kattokaltevuus on vakiona 25 astetta <\/strong>, mutta ne voidaan tilata my\u00f6s 11 asteen kaltevuudella. <\/p>\n<p>Kattoharjanne on 276 cm korkeudella perusrungon kanssa. Sivusein\u00e4n korkeus 13 cm:n pohjakehyksen kanssa on 181 cm. Pyynn\u00f6st\u00e4 sivusein\u00e4n korkeutta voidaan lis\u00e4t\u00e4 +20cm tai 201cm. Suuret kattoaukot varmistavat hyv\u00e4n ilmankierron.    Kunkin sein\u00e4n raon leveys on noin 75 cm. Kasvihuoneen mukana toimitetaan leve\u00e4t kourut ja asianmukaiset alumiiniset sy\u00f6ksyputket. <\/p>\n<h2>Joustava oviasettelu<\/h2>\n<p>84 cm leve\u00e4 liukuovi asennetaan oletusarvoisesti p\u00e4\u00e4tysein\u00e4\u00e4n, mutta se voidaan asentaa mihin tahansa sein\u00e4\u00e4n pyynn\u00f6st\u00e4. Vakiovet voidaan korvata tai p\u00e4ivitt\u00e4\u00e4 2x 70 cm:n pariovella tai 144 cm:n kaksoisleve\u00e4ll\u00e4 ovella. <\/p>\n<h2>Polykarbonaatti tai lasi<\/h2>\n<p>Kasvihuoneen katoksi voit valita joko vahvan kirkkaan polykarbonaatin tai 4 mm:n karkaistua lasia. Vahva 8 mm:n polykarbonaatti on vakiovaruste. Polykarbonaatin No-Drop-pinnoite est\u00e4\u00e4 kondenssiveden muodostumista ja parantaa l\u00e4pin\u00e4kyvyytt\u00e4. Voit halutessasi valita kasvihuoneen katteeksi 4 mm:n karkaistua lasia.   <\/p>\n<p>On my\u00f6s mahdollista tilata yhdistelm\u00e4paketti eli lasisein\u00e4t ja polykarbonaattikatto. T\u00e4m\u00e4 on k\u00e4tev\u00e4 vaihtoehto, sill\u00e4 katon polykarbonaatti hajottaa sek\u00e4 valoa ett\u00e4 l\u00e4mp\u00f6\u00e4. <\/p>\n<h2>Alusraam<\/h2>\n<p>Tukeva alumiininen pohjakehys antaa kasvihuoneelle enemm\u00e4n vakautta ja helpottaa kokoamista huomattavasti. Pohjakehys on valmistettu vahvasta karppiprofiilista, jonka korkeus on noin 13 cm.  Pohjakehykseen on kiinnitetty ankkurik\u00f6ydet, jotka voidaan kaivaa maahan tai kaataa sekaan. N\u00e4in ollen aluskehyst\u00e4 voidaan k\u00e4ytt\u00e4\u00e4 erillisen perustuksen korvikkeena.  Peruskehys sis\u00e4ltyy hintaan.<\/p>\n<h2>RAL maalattu runko<\/h2>\n<p>Kasvihuoneen runko on tavallisesti matta-alumiinia, mutta se voidaan my\u00f6s tilata pulverimaalattuna RAL-v\u00e4rein (1013, 1019, 3004, 3011, 6005, 6009, 6013, 7016, 9005). Erikoistilauksesta on saatavana my\u00f6s muita RAL-s\u00e4vyj\u00e4. <\/p>\n<p><a href=\"https:\/\/www.rodoaed.ee\/wp-content\/uploads\/2012\/02\/euro-wall.pdf\" target=\"_blank\" rel=\"noopener noreferrer\">Kokoonpano-ohjeet<\/a><\/p>\n<p><a href=\"https:\/\/rodoaed.ee\/fi\/\">kotisivu<\/a> <a href=\"https:\/\/rodoaed.ee\/tootekategooria\/kasvuhooned-ja-talveaiad\/\">k\u00e4ynnist\u00e4<\/a> <a href=\"https:\/\/rodoaed.ee\/fi\/tootekategooria\/euro-serren-kasvihuoneet\/\">Euro-Serre<\/a><\/p>\n<p>&nbsp;<\/p>\n","protected":false},"excerpt":{"rendered":"<p>Kasvihuoneen mitat Kasvihuoneen leveys on 233 cm ja pituus 309 cm &#8211; 902 cm. Wall-mallien kattokaltevuus on vakiona 25 astetta , mutta ne voidaan tilata my\u00f6s 11 asteen kaltevuudella. Kattoharjanne on 276 cm korkeudella perusrungon kanssa. Sivusein\u00e4n korkeus 13 cm:n pohjakehyksen kanssa on 181 cm. Pyynn\u00f6st\u00e4 sivusein\u00e4n korkeutta voidaan lis\u00e4t\u00e4 +20cm tai 201cm. Suuret kattoaukot varmistavat hyv\u00e4n ilmankierron. Kunkin sein\u00e4n raon leveys on noin 75&#8230;<\/p>\n","protected":false},"featured_media":20488,"template":"","meta":{"_acf_changed":false},"product_brand":[],"product_cat":[1907,2355],"product_tag":[],"class_list":{"0":"post-53545","1":"product","2":"type-product","3":"status-publish","4":"has-post-thumbnail","6":"product_cat-euro-serren-kasvihuoneet","7":"product_cat-kasvihuoneen-seinamalli-seina","8":"pa_variatsioon-kasvihuoneen-seina-233x530cm-123m2","9":"pa_variatsioon-kasvihuoneen-seina-233x530cm-123m2-maalattu-runko-alumiinirunko","10":"pa_variatsioon-kasvihuoneen-seina-233x530cm-123m2-maalattu-runko-ral-varilla-maalattu-runko","12":"first","13":"instock","14":"taxable","15":"shipping-taxable","16":"purchasable","17":"product-type-simple"},"acf":[],"yoast_head":"<!-- This site is optimized with the Yoast SEO Premium plugin v27.3 (Yoast SEO v27.3) - https:\/\/yoast.com\/product\/yoast-seo-premium-wordpress\/ -->\n<title>Kasvihuoneen sein\u00e4 233x530cm 12,3m2 - Rodoaed<\/title>\n<meta name=\"robots\" content=\"index, follow, max-snippet:-1, max-image-preview:large, max-video-preview:-1\" \/>\n<link rel=\"canonical\" href=\"https:\/\/rodoaed.ee\/fi\/toode\/kasvihuoneen-seina-233x530cm-123m2\/\" \/>\n<meta property=\"og:locale\" content=\"fi_FI\" \/>\n<meta property=\"og:type\" content=\"article\" \/>\n<meta property=\"og:title\" content=\"Kasvihuoneen sein\u00e4 233x530cm 12,3m2\" \/>\n<meta property=\"og:description\" content=\"Kasvihuoneen mitat Kasvihuoneen leveys on 233 cm ja pituus 309 cm - 902 cm. Wall-mallien kattokaltevuus on vakiona 25 astetta , mutta ne voidaan tilata\" \/>\n<meta property=\"og:url\" content=\"https:\/\/rodoaed.ee\/fi\/toode\/kasvihuoneen-seina-233x530cm-123m2\/\" \/>\n<meta property=\"og:site_name\" content=\"Rodoaed\" \/>\n<meta property=\"article:publisher\" content=\"https:\/\/www.facebook.com\/kasvuhooned\/\" \/>\n<meta property=\"article:modified_time\" content=\"2026-04-13T08:07:57+00:00\" \/>\n<meta property=\"og:image\" content=\"https:\/\/rodoaed.ee\/wp-content\/uploads\/2019\/07\/Kasvuhoone_Wall-3.jpg\" \/>\n\t<meta property=\"og:image:width\" content=\"1772\" \/>\n\t<meta property=\"og:image:height\" content=\"1181\" \/>\n\t<meta property=\"og:image:type\" content=\"image\/jpeg\" \/>\n<meta name=\"twitter:card\" content=\"summary_large_image\" \/>\n<meta name=\"twitter:label1\" content=\"Arvioitu lukuaika\" \/>\n\t<meta name=\"twitter:data1\" content=\"1 minuutti\" \/>\n<script type=\"application\/ld+json\" class=\"yoast-schema-graph\">{\"@context\":\"https:\\\/\\\/schema.org\",\"@graph\":[{\"@type\":\"WebPage\",\"@id\":\"https:\\\/\\\/rodoaed.ee\\\/fi\\\/toode\\\/kasvihuoneen-seina-233x530cm-123m2\\\/\",\"url\":\"https:\\\/\\\/rodoaed.ee\\\/fi\\\/toode\\\/kasvihuoneen-seina-233x530cm-123m2\\\/\",\"name\":\"Kasvihuoneen sein\u00e4 233x530cm 12,3m2 - Rodoaed\",\"isPartOf\":{\"@id\":\"https:\\\/\\\/rodoaed.ee\\\/#website\"},\"primaryImageOfPage\":{\"@id\":\"https:\\\/\\\/rodoaed.ee\\\/fi\\\/toode\\\/kasvihuoneen-seina-233x530cm-123m2\\\/#primaryimage\"},\"image\":{\"@id\":\"https:\\\/\\\/rodoaed.ee\\\/fi\\\/toode\\\/kasvihuoneen-seina-233x530cm-123m2\\\/#primaryimage\"},\"thumbnailUrl\":\"https:\\\/\\\/rodoaed.ee\\\/wp-content\\\/uploads\\\/2019\\\/07\\\/Kasvuhoone_Wall-3.jpg\",\"datePublished\":\"2019-08-02T09:53:29+00:00\",\"dateModified\":\"2026-04-13T08:07:57+00:00\",\"breadcrumb\":{\"@id\":\"https:\\\/\\\/rodoaed.ee\\\/fi\\\/toode\\\/kasvihuoneen-seina-233x530cm-123m2\\\/#breadcrumb\"},\"inLanguage\":\"fi\",\"potentialAction\":[{\"@type\":\"ReadAction\",\"target\":[\"https:\\\/\\\/rodoaed.ee\\\/fi\\\/toode\\\/kasvihuoneen-seina-233x530cm-123m2\\\/\"]}]},{\"@type\":\"ImageObject\",\"inLanguage\":\"fi\",\"@id\":\"https:\\\/\\\/rodoaed.ee\\\/fi\\\/toode\\\/kasvihuoneen-seina-233x530cm-123m2\\\/#primaryimage\",\"url\":\"https:\\\/\\\/rodoaed.ee\\\/wp-content\\\/uploads\\\/2019\\\/07\\\/Kasvuhoone_Wall-3.jpg\",\"contentUrl\":\"https:\\\/\\\/rodoaed.ee\\\/wp-content\\\/uploads\\\/2019\\\/07\\\/Kasvuhoone_Wall-3.jpg\",\"width\":1772,\"height\":1181},{\"@type\":\"BreadcrumbList\",\"@id\":\"https:\\\/\\\/rodoaed.ee\\\/fi\\\/toode\\\/kasvihuoneen-seina-233x530cm-123m2\\\/#breadcrumb\",\"itemListElement\":[{\"@type\":\"ListItem\",\"position\":1,\"name\":\"Home\",\"item\":\"https:\\\/\\\/rodoaed.ee\\\/fi\\\/\"},{\"@type\":\"ListItem\",\"position\":2,\"name\":\"Osta osoitteessa\",\"item\":\"https:\\\/\\\/rodoaed.ee\\\/osta-osoitteessa\\\/\"},{\"@type\":\"ListItem\",\"position\":3,\"name\":\"Kasvihuoneen sein\u00e4 233x530cm 12,3m2\"}]},{\"@type\":\"WebSite\",\"@id\":\"https:\\\/\\\/rodoaed.ee\\\/#website\",\"url\":\"https:\\\/\\\/rodoaed.ee\\\/\",\"name\":\"Rodoaed\",\"description\":\"\",\"publisher\":{\"@id\":\"https:\\\/\\\/rodoaed.ee\\\/#organization\"},\"potentialAction\":[{\"@type\":\"SearchAction\",\"target\":{\"@type\":\"EntryPoint\",\"urlTemplate\":\"https:\\\/\\\/rodoaed.ee\\\/?s={search_term_string}\"},\"query-input\":{\"@type\":\"PropertyValueSpecification\",\"valueRequired\":true,\"valueName\":\"search_term_string\"}}],\"inLanguage\":\"fi\"},{\"@type\":\"Organization\",\"@id\":\"https:\\\/\\\/rodoaed.ee\\\/#organization\",\"name\":\"Rodoaed\",\"url\":\"https:\\\/\\\/rodoaed.ee\\\/\",\"logo\":{\"@type\":\"ImageObject\",\"inLanguage\":\"fi\",\"@id\":\"https:\\\/\\\/rodoaed.ee\\\/#\\\/schema\\\/logo\\\/image\\\/\",\"url\":\"https:\\\/\\\/rodoaed.ee\\\/wp-content\\\/uploads\\\/2019\\\/11\\\/rodoaed-logo-ilma-taustata.jpg\",\"contentUrl\":\"https:\\\/\\\/rodoaed.ee\\\/wp-content\\\/uploads\\\/2019\\\/11\\\/rodoaed-logo-ilma-taustata.jpg\",\"width\":769,\"height\":268,\"caption\":\"Rodoaed\"},\"image\":{\"@id\":\"https:\\\/\\\/rodoaed.ee\\\/#\\\/schema\\\/logo\\\/image\\\/\"},\"sameAs\":[\"https:\\\/\\\/www.facebook.com\\\/kasvuhooned\\\/\",\"https:\\\/\\\/rodoaed.ee\"]}]}<\/script>\n<!-- \/ Yoast SEO Premium plugin. -->","yoast_head_json":{"title":"Kasvihuoneen sein\u00e4 233x530cm 12,3m2 - Rodoaed","robots":{"index":"index","follow":"follow","max-snippet":"max-snippet:-1","max-image-preview":"max-image-preview:large","max-video-preview":"max-video-preview:-1"},"canonical":"https:\/\/rodoaed.ee\/fi\/toode\/kasvihuoneen-seina-233x530cm-123m2\/","og_locale":"fi_FI","og_type":"article","og_title":"Kasvihuoneen sein\u00e4 233x530cm 12,3m2","og_description":"Kasvihuoneen mitat Kasvihuoneen leveys on 233 cm ja pituus 309 cm - 902 cm. Wall-mallien kattokaltevuus on vakiona 25 astetta , mutta ne voidaan tilata","og_url":"https:\/\/rodoaed.ee\/fi\/toode\/kasvihuoneen-seina-233x530cm-123m2\/","og_site_name":"Rodoaed","article_publisher":"https:\/\/www.facebook.com\/kasvuhooned\/","article_modified_time":"2026-04-13T08:07:57+00:00","og_image":[{"width":1772,"height":1181,"url":"https:\/\/rodoaed.ee\/wp-content\/uploads\/2019\/07\/Kasvuhoone_Wall-3.jpg","type":"image\/jpeg"}],"twitter_card":"summary_large_image","twitter_misc":{"Arvioitu lukuaika":"1 minuutti"},"schema":{"@context":"https:\/\/schema.org","@graph":[{"@type":"WebPage","@id":"https:\/\/rodoaed.ee\/fi\/toode\/kasvihuoneen-seina-233x530cm-123m2\/","url":"https:\/\/rodoaed.ee\/fi\/toode\/kasvihuoneen-seina-233x530cm-123m2\/","name":"Kasvihuoneen sein\u00e4 233x530cm 12,3m2 - Rodoaed","isPartOf":{"@id":"https:\/\/rodoaed.ee\/#website"},"primaryImageOfPage":{"@id":"https:\/\/rodoaed.ee\/fi\/toode\/kasvihuoneen-seina-233x530cm-123m2\/#primaryimage"},"image":{"@id":"https:\/\/rodoaed.ee\/fi\/toode\/kasvihuoneen-seina-233x530cm-123m2\/#primaryimage"},"thumbnailUrl":"https:\/\/rodoaed.ee\/wp-content\/uploads\/2019\/07\/Kasvuhoone_Wall-3.jpg","datePublished":"2019-08-02T09:53:29+00:00","dateModified":"2026-04-13T08:07:57+00:00","breadcrumb":{"@id":"https:\/\/rodoaed.ee\/fi\/toode\/kasvihuoneen-seina-233x530cm-123m2\/#breadcrumb"},"inLanguage":"fi","potentialAction":[{"@type":"ReadAction","target":["https:\/\/rodoaed.ee\/fi\/toode\/kasvihuoneen-seina-233x530cm-123m2\/"]}]},{"@type":"ImageObject","inLanguage":"fi","@id":"https:\/\/rodoaed.ee\/fi\/toode\/kasvihuoneen-seina-233x530cm-123m2\/#primaryimage","url":"https:\/\/rodoaed.ee\/wp-content\/uploads\/2019\/07\/Kasvuhoone_Wall-3.jpg","contentUrl":"https:\/\/rodoaed.ee\/wp-content\/uploads\/2019\/07\/Kasvuhoone_Wall-3.jpg","width":1772,"height":1181},{"@type":"BreadcrumbList","@id":"https:\/\/rodoaed.ee\/fi\/toode\/kasvihuoneen-seina-233x530cm-123m2\/#breadcrumb","itemListElement":[{"@type":"ListItem","position":1,"name":"Home","item":"https:\/\/rodoaed.ee\/fi\/"},{"@type":"ListItem","position":2,"name":"Osta osoitteessa","item":"https:\/\/rodoaed.ee\/osta-osoitteessa\/"},{"@type":"ListItem","position":3,"name":"Kasvihuoneen sein\u00e4 233x530cm 12,3m2"}]},{"@type":"WebSite","@id":"https:\/\/rodoaed.ee\/#website","url":"https:\/\/rodoaed.ee\/","name":"Rodoaed","description":"","publisher":{"@id":"https:\/\/rodoaed.ee\/#organization"},"potentialAction":[{"@type":"SearchAction","target":{"@type":"EntryPoint","urlTemplate":"https:\/\/rodoaed.ee\/?s={search_term_string}"},"query-input":{"@type":"PropertyValueSpecification","valueRequired":true,"valueName":"search_term_string"}}],"inLanguage":"fi"},{"@type":"Organization","@id":"https:\/\/rodoaed.ee\/#organization","name":"Rodoaed","url":"https:\/\/rodoaed.ee\/","logo":{"@type":"ImageObject","inLanguage":"fi","@id":"https:\/\/rodoaed.ee\/#\/schema\/logo\/image\/","url":"https:\/\/rodoaed.ee\/wp-content\/uploads\/2019\/11\/rodoaed-logo-ilma-taustata.jpg","contentUrl":"https:\/\/rodoaed.ee\/wp-content\/uploads\/2019\/11\/rodoaed-logo-ilma-taustata.jpg","width":769,"height":268,"caption":"Rodoaed"},"image":{"@id":"https:\/\/rodoaed.ee\/#\/schema\/logo\/image\/"},"sameAs":["https:\/\/www.facebook.com\/kasvuhooned\/","https:\/\/rodoaed.ee"]}]}},"_links":{"self":[{"href":"https:\/\/rodoaed.ee\/fi\/wp-json\/wp\/v2\/product\/53545","targetHints":{"allow":["GET"]}}],"collection":[{"href":"https:\/\/rodoaed.ee\/fi\/wp-json\/wp\/v2\/product"}],"about":[{"href":"https:\/\/rodoaed.ee\/fi\/wp-json\/wp\/v2\/types\/product"}],"wp:featuredmedia":[{"embeddable":true,"href":"https:\/\/rodoaed.ee\/fi\/wp-json\/wp\/v2\/media\/20488"}],"wp:attachment":[{"href":"https:\/\/rodoaed.ee\/fi\/wp-json\/wp\/v2\/media?parent=53545"}],"wp:term":[{"taxonomy":"product_brand","embeddable":true,"href":"https:\/\/rodoaed.ee\/fi\/wp-json\/wp\/v2\/product_brand?post=53545"},{"taxonomy":"product_cat","embeddable":true,"href":"https:\/\/rodoaed.ee\/fi\/wp-json\/wp\/v2\/product_cat?post=53545"},{"taxonomy":"product_tag","embeddable":true,"href":"https:\/\/rodoaed.ee\/fi\/wp-json\/wp\/v2\/product_tag?post=53545"}],"curies":[{"name":"wp","href":"https:\/\/api.w.org\/{rel}","templated":true}]}}