{"id":53557,"date":"2019-08-02T12:54:22","date_gmt":"2019-08-02T09:54:22","guid":{"rendered":"https:\/\/rodoaed.ee\/toode\/superseder-kylvokone\/"},"modified":"2026-04-13T11:08:10","modified_gmt":"2026-04-13T08:08:10","slug":"superseder-kylvokone","status":"publish","type":"product","link":"https:\/\/rodoaed.ee\/fi\/tuote\/superseder-kylvokone\/","title":{"rendered":"Superseder-kylv\u00f6kone"},"content":{"rendered":"<h2>Superseeder on eritt\u00e4in k\u00e4tev\u00e4 kylv\u00f6kone kotipuutarhaan.<\/h2>\n<h2>Soveltuu kaikkien vihannesten siementen kylv\u00e4miseen.<\/h2>\n<figure id=\"attachment_9329\" aria-describedby=\"caption-attachment-9329\" style=\"width: 200px\" class=\"wp-caption alignright\"><img loading=\"lazy\" decoding=\"async\" class=\"size-medium-single-product wp-image-9329 \" src=\"https:\/\/www.rodoaed.ee\/wp-content\/uploads\/2016\/03\/superseeder-k%C3%BClvimasin_1-200x150.jpg\" alt=\"\" width=\"200\" height=\"150\"><figcaption id=\"caption-attachment-9329\" class=\"wp-caption-text\">Sinun ei tarvitse edes kumartua k\u00e4ytt\u00e4m\u00e4\u00e4n Supersederi\u00e4.<\/figcaption><\/figure>\n<p>T\u00e4yt\u00e4 kylv\u00f6alusta ja kulje vain valmisteltua maata pitkin tontilla. SuperSeeder vet\u00e4\u00e4 itse olkea ja vapauttaa siemenet oikeilla v\u00e4leill\u00e4. Siin\u00e4 on s\u00e4\u00e4dett\u00e4v\u00e4 syvyys kasan tekemisess\u00e4 ja erikokoisia siemeni\u00e4 varten erikokoiset jakokiekot, jotka sopivat kaikille siementyypeille.    <span style=\"line-height: 18px;\">Laitteessa on 6 vaihdettavaa kiekkoa eri siementyypeille ja 3 siementiheystasoa.<\/span><\/p>\n<p>Eritt\u00e4in suositeltava jokaiselle itsekasvattajalle, olipa kyseess\u00e4 sitten aloittelija tai kokenut hein\u00e4nkasvattaja. Se on luotettava apuri, joka tekee siementen kylv\u00e4misen tarkasta ty\u00f6st\u00e4 paljon hauskempaa ja lopputuloksesta niin siistin, ett\u00e4 voit esitell\u00e4 sit\u00e4 naapureillesi. <\/p>\n<h2>T\u00e4rkeimm\u00e4t ominaisuudet :<\/h2>\n<ul>\n<li>Eritt\u00e4in helppo ja k\u00e4tev\u00e4 k\u00e4ytt\u00e4\u00e4<\/li>\n<li>Levyjen vaihtaminen on todella helppoa<\/li>\n<li>Suojaa siemeni\u00e4 tuulelta kylv\u00f6n aikana<\/li>\n<li>Kylv\u00f6koneen kokoamiseen ja purkamiseen ei tarvita ty\u00f6kaluja.<\/li>\n<li>Sopii kaikille vihanneksille\n<p><figure id=\"attachment_9330\" aria-describedby=\"caption-attachment-9330\" style=\"width: 200px\" class=\"wp-caption alignright\"><img loading=\"lazy\" decoding=\"async\" class=\"size-medium-single-product wp-image-9330 \" src=\"https:\/\/www.rodoaed.ee\/wp-content\/uploads\/2016\/03\/superseeder-k%C3%BClvimasin_5-200x150.jpg\" alt=\"\" width=\"200\" height=\"150\"><figcaption id=\"caption-attachment-9330\" class=\"wp-caption-text\">Vaihdettavien kiekkojen valikoima takaa soveltuvuuden kaikenlaiselle siemenmateriaalille.<\/figcaption><\/figure><\/li>\n<\/ul>\n","protected":false},"excerpt":{"rendered":"<p>Superseeder on eritt\u00e4in k\u00e4tev\u00e4 kylv\u00f6kone kotipuutarhaan. Soveltuu kaikkien vihannesten siementen kylv\u00e4miseen. T\u00e4yt\u00e4 kylv\u00f6alusta ja kulje vain valmisteltua maata pitkin tontilla. SuperSeeder vet\u00e4\u00e4 itse olkea ja vapauttaa siemenet oikeilla v\u00e4leill\u00e4. Siin\u00e4 on s\u00e4\u00e4dett\u00e4v\u00e4 syvyys kasan tekemisess\u00e4 ja erikokoisia siemeni\u00e4 varten erikokoiset jakokiekot, jotka sopivat kaikille siementyypeille. Laitteessa on 6 vaihdettavaa kiekkoa eri siementyypeille ja 3 siementiheystasoa. Eritt\u00e4in suositeltava jokaiselle itsekasvattajalle, olipa kyseess\u00e4 sitten aloittelija tai kokenut&#8230;<\/p>\n","protected":false},"featured_media":25355,"template":"","meta":{"_acf_changed":false},"product_brand":[],"product_cat":[1771,1776,1790,1833,1772,1743],"product_tag":[],"class_list":{"0":"post-53557","1":"product","2":"type-product","3":"status-publish","4":"has-post-thumbnail","6":"product_cat-fiksuja-auttajia","7":"product_cat-hyodylliset-lisavarusteet","8":"product_cat-kasvuun-tarvittavat-tyokalut","9":"product_cat-lahjat-naisille","10":"product_cat-lahjat-puutarhurille","11":"product_cat-lisalahjat-lahjat","12":"product_shipping_class-toimitus-1-3-tyopaivan-kuluessa","13":"pa_variatsioon-superseeder-kylvokone-21","15":"first","16":"onbackorder","17":"sale","18":"taxable","19":"shipping-taxable","20":"purchasable","21":"product-type-simple"},"acf":[],"yoast_head":"<!-- This site is optimized with the Yoast SEO Premium plugin v27.3 (Yoast SEO v27.3) - https:\/\/yoast.com\/product\/yoast-seo-premium-wordpress\/ -->\n<title>Superseder-kylv\u00f6kone - Rodoaed<\/title>\n<meta name=\"robots\" content=\"index, follow, max-snippet:-1, max-image-preview:large, max-video-preview:-1\" \/>\n<link rel=\"canonical\" href=\"https:\/\/rodoaed.ee\/fi\/toode\/superseder-kylvokone\/\" \/>\n<meta property=\"og:locale\" content=\"fi_FI\" \/>\n<meta property=\"og:type\" content=\"article\" \/>\n<meta property=\"og:title\" content=\"Superseder-kylv\u00f6kone\" \/>\n<meta property=\"og:description\" content=\"Superseeder on eritt\u00e4in k\u00e4tev\u00e4 kylv\u00f6kone kotipuutarhaan. Soveltuu kaikkien vihannesten siementen kylv\u00e4miseen. T\u00e4yt\u00e4 kylv\u00f6alusta ja kulje vain valmisteltua\" \/>\n<meta property=\"og:url\" content=\"https:\/\/rodoaed.ee\/fi\/toode\/superseder-kylvokone\/\" \/>\n<meta property=\"og:site_name\" content=\"Rodoaed\" \/>\n<meta property=\"article:publisher\" content=\"https:\/\/www.facebook.com\/kasvuhooned\/\" \/>\n<meta property=\"article:modified_time\" content=\"2026-04-13T08:08:10+00:00\" \/>\n<meta property=\"og:image\" content=\"https:\/\/rodoaed.ee\/wp-content\/uploads\/2019\/08\/superseeder-k\u00fclvimasin_2.jpg\" \/>\n\t<meta property=\"og:image:width\" content=\"700\" \/>\n\t<meta property=\"og:image:height\" content=\"700\" \/>\n\t<meta property=\"og:image:type\" content=\"image\/jpeg\" \/>\n<meta name=\"twitter:card\" content=\"summary_large_image\" \/>\n<meta name=\"twitter:label1\" content=\"Arvioitu lukuaika\" \/>\n\t<meta name=\"twitter:data1\" content=\"1 minuutti\" \/>\n<script type=\"application\/ld+json\" class=\"yoast-schema-graph\">{\"@context\":\"https:\\\/\\\/schema.org\",\"@graph\":[{\"@type\":\"WebPage\",\"@id\":\"https:\\\/\\\/rodoaed.ee\\\/fi\\\/toode\\\/superseder-kylvokone\\\/\",\"url\":\"https:\\\/\\\/rodoaed.ee\\\/fi\\\/toode\\\/superseder-kylvokone\\\/\",\"name\":\"Superseder-kylv\u00f6kone - Rodoaed\",\"isPartOf\":{\"@id\":\"https:\\\/\\\/rodoaed.ee\\\/#website\"},\"primaryImageOfPage\":{\"@id\":\"https:\\\/\\\/rodoaed.ee\\\/fi\\\/toode\\\/superseder-kylvokone\\\/#primaryimage\"},\"image\":{\"@id\":\"https:\\\/\\\/rodoaed.ee\\\/fi\\\/toode\\\/superseder-kylvokone\\\/#primaryimage\"},\"thumbnailUrl\":\"https:\\\/\\\/rodoaed.ee\\\/wp-content\\\/uploads\\\/2019\\\/08\\\/superseeder-k\u00fclvimasin_2.jpg\",\"datePublished\":\"2019-08-02T09:54:22+00:00\",\"dateModified\":\"2026-04-13T08:08:10+00:00\",\"breadcrumb\":{\"@id\":\"https:\\\/\\\/rodoaed.ee\\\/fi\\\/toode\\\/superseder-kylvokone\\\/#breadcrumb\"},\"inLanguage\":\"fi\",\"potentialAction\":[{\"@type\":\"ReadAction\",\"target\":[\"https:\\\/\\\/rodoaed.ee\\\/fi\\\/toode\\\/superseder-kylvokone\\\/\"]}]},{\"@type\":\"ImageObject\",\"inLanguage\":\"fi\",\"@id\":\"https:\\\/\\\/rodoaed.ee\\\/fi\\\/toode\\\/superseder-kylvokone\\\/#primaryimage\",\"url\":\"https:\\\/\\\/rodoaed.ee\\\/wp-content\\\/uploads\\\/2019\\\/08\\\/superseeder-k\u00fclvimasin_2.jpg\",\"contentUrl\":\"https:\\\/\\\/rodoaed.ee\\\/wp-content\\\/uploads\\\/2019\\\/08\\\/superseeder-k\u00fclvimasin_2.jpg\",\"width\":700,\"height\":700},{\"@type\":\"BreadcrumbList\",\"@id\":\"https:\\\/\\\/rodoaed.ee\\\/fi\\\/toode\\\/superseder-kylvokone\\\/#breadcrumb\",\"itemListElement\":[{\"@type\":\"ListItem\",\"position\":1,\"name\":\"Home\",\"item\":\"https:\\\/\\\/rodoaed.ee\\\/fi\\\/\"},{\"@type\":\"ListItem\",\"position\":2,\"name\":\"Osta osoitteessa\",\"item\":\"https:\\\/\\\/rodoaed.ee\\\/osta-osoitteessa\\\/\"},{\"@type\":\"ListItem\",\"position\":3,\"name\":\"Superseder-kylv\u00f6kone\"}]},{\"@type\":\"WebSite\",\"@id\":\"https:\\\/\\\/rodoaed.ee\\\/#website\",\"url\":\"https:\\\/\\\/rodoaed.ee\\\/\",\"name\":\"Rodoaed\",\"description\":\"\",\"publisher\":{\"@id\":\"https:\\\/\\\/rodoaed.ee\\\/#organization\"},\"potentialAction\":[{\"@type\":\"SearchAction\",\"target\":{\"@type\":\"EntryPoint\",\"urlTemplate\":\"https:\\\/\\\/rodoaed.ee\\\/?s={search_term_string}\"},\"query-input\":{\"@type\":\"PropertyValueSpecification\",\"valueRequired\":true,\"valueName\":\"search_term_string\"}}],\"inLanguage\":\"fi\"},{\"@type\":\"Organization\",\"@id\":\"https:\\\/\\\/rodoaed.ee\\\/#organization\",\"name\":\"Rodoaed\",\"url\":\"https:\\\/\\\/rodoaed.ee\\\/\",\"logo\":{\"@type\":\"ImageObject\",\"inLanguage\":\"fi\",\"@id\":\"https:\\\/\\\/rodoaed.ee\\\/#\\\/schema\\\/logo\\\/image\\\/\",\"url\":\"https:\\\/\\\/rodoaed.ee\\\/wp-content\\\/uploads\\\/2019\\\/11\\\/rodoaed-logo-ilma-taustata.jpg\",\"contentUrl\":\"https:\\\/\\\/rodoaed.ee\\\/wp-content\\\/uploads\\\/2019\\\/11\\\/rodoaed-logo-ilma-taustata.jpg\",\"width\":769,\"height\":268,\"caption\":\"Rodoaed\"},\"image\":{\"@id\":\"https:\\\/\\\/rodoaed.ee\\\/#\\\/schema\\\/logo\\\/image\\\/\"},\"sameAs\":[\"https:\\\/\\\/www.facebook.com\\\/kasvuhooned\\\/\",\"https:\\\/\\\/rodoaed.ee\"]}]}<\/script>\n<!-- \/ Yoast SEO Premium plugin. -->","yoast_head_json":{"title":"Superseder-kylv\u00f6kone - Rodoaed","robots":{"index":"index","follow":"follow","max-snippet":"max-snippet:-1","max-image-preview":"max-image-preview:large","max-video-preview":"max-video-preview:-1"},"canonical":"https:\/\/rodoaed.ee\/fi\/toode\/superseder-kylvokone\/","og_locale":"fi_FI","og_type":"article","og_title":"Superseder-kylv\u00f6kone","og_description":"Superseeder on eritt\u00e4in k\u00e4tev\u00e4 kylv\u00f6kone kotipuutarhaan. Soveltuu kaikkien vihannesten siementen kylv\u00e4miseen. T\u00e4yt\u00e4 kylv\u00f6alusta ja kulje vain valmisteltua","og_url":"https:\/\/rodoaed.ee\/fi\/toode\/superseder-kylvokone\/","og_site_name":"Rodoaed","article_publisher":"https:\/\/www.facebook.com\/kasvuhooned\/","article_modified_time":"2026-04-13T08:08:10+00:00","og_image":[{"width":700,"height":700,"url":"https:\/\/rodoaed.ee\/wp-content\/uploads\/2019\/08\/superseeder-k\u00fclvimasin_2.jpg","type":"image\/jpeg"}],"twitter_card":"summary_large_image","twitter_misc":{"Arvioitu lukuaika":"1 minuutti"},"schema":{"@context":"https:\/\/schema.org","@graph":[{"@type":"WebPage","@id":"https:\/\/rodoaed.ee\/fi\/toode\/superseder-kylvokone\/","url":"https:\/\/rodoaed.ee\/fi\/toode\/superseder-kylvokone\/","name":"Superseder-kylv\u00f6kone - Rodoaed","isPartOf":{"@id":"https:\/\/rodoaed.ee\/#website"},"primaryImageOfPage":{"@id":"https:\/\/rodoaed.ee\/fi\/toode\/superseder-kylvokone\/#primaryimage"},"image":{"@id":"https:\/\/rodoaed.ee\/fi\/toode\/superseder-kylvokone\/#primaryimage"},"thumbnailUrl":"https:\/\/rodoaed.ee\/wp-content\/uploads\/2019\/08\/superseeder-k\u00fclvimasin_2.jpg","datePublished":"2019-08-02T09:54:22+00:00","dateModified":"2026-04-13T08:08:10+00:00","breadcrumb":{"@id":"https:\/\/rodoaed.ee\/fi\/toode\/superseder-kylvokone\/#breadcrumb"},"inLanguage":"fi","potentialAction":[{"@type":"ReadAction","target":["https:\/\/rodoaed.ee\/fi\/toode\/superseder-kylvokone\/"]}]},{"@type":"ImageObject","inLanguage":"fi","@id":"https:\/\/rodoaed.ee\/fi\/toode\/superseder-kylvokone\/#primaryimage","url":"https:\/\/rodoaed.ee\/wp-content\/uploads\/2019\/08\/superseeder-k\u00fclvimasin_2.jpg","contentUrl":"https:\/\/rodoaed.ee\/wp-content\/uploads\/2019\/08\/superseeder-k\u00fclvimasin_2.jpg","width":700,"height":700},{"@type":"BreadcrumbList","@id":"https:\/\/rodoaed.ee\/fi\/toode\/superseder-kylvokone\/#breadcrumb","itemListElement":[{"@type":"ListItem","position":1,"name":"Home","item":"https:\/\/rodoaed.ee\/fi\/"},{"@type":"ListItem","position":2,"name":"Osta osoitteessa","item":"https:\/\/rodoaed.ee\/osta-osoitteessa\/"},{"@type":"ListItem","position":3,"name":"Superseder-kylv\u00f6kone"}]},{"@type":"WebSite","@id":"https:\/\/rodoaed.ee\/#website","url":"https:\/\/rodoaed.ee\/","name":"Rodoaed","description":"","publisher":{"@id":"https:\/\/rodoaed.ee\/#organization"},"potentialAction":[{"@type":"SearchAction","target":{"@type":"EntryPoint","urlTemplate":"https:\/\/rodoaed.ee\/?s={search_term_string}"},"query-input":{"@type":"PropertyValueSpecification","valueRequired":true,"valueName":"search_term_string"}}],"inLanguage":"fi"},{"@type":"Organization","@id":"https:\/\/rodoaed.ee\/#organization","name":"Rodoaed","url":"https:\/\/rodoaed.ee\/","logo":{"@type":"ImageObject","inLanguage":"fi","@id":"https:\/\/rodoaed.ee\/#\/schema\/logo\/image\/","url":"https:\/\/rodoaed.ee\/wp-content\/uploads\/2019\/11\/rodoaed-logo-ilma-taustata.jpg","contentUrl":"https:\/\/rodoaed.ee\/wp-content\/uploads\/2019\/11\/rodoaed-logo-ilma-taustata.jpg","width":769,"height":268,"caption":"Rodoaed"},"image":{"@id":"https:\/\/rodoaed.ee\/#\/schema\/logo\/image\/"},"sameAs":["https:\/\/www.facebook.com\/kasvuhooned\/","https:\/\/rodoaed.ee"]}]}},"_links":{"self":[{"href":"https:\/\/rodoaed.ee\/fi\/wp-json\/wp\/v2\/product\/53557","targetHints":{"allow":["GET"]}}],"collection":[{"href":"https:\/\/rodoaed.ee\/fi\/wp-json\/wp\/v2\/product"}],"about":[{"href":"https:\/\/rodoaed.ee\/fi\/wp-json\/wp\/v2\/types\/product"}],"wp:featuredmedia":[{"embeddable":true,"href":"https:\/\/rodoaed.ee\/fi\/wp-json\/wp\/v2\/media\/25355"}],"wp:attachment":[{"href":"https:\/\/rodoaed.ee\/fi\/wp-json\/wp\/v2\/media?parent=53557"}],"wp:term":[{"taxonomy":"product_brand","embeddable":true,"href":"https:\/\/rodoaed.ee\/fi\/wp-json\/wp\/v2\/product_brand?post=53557"},{"taxonomy":"product_cat","embeddable":true,"href":"https:\/\/rodoaed.ee\/fi\/wp-json\/wp\/v2\/product_cat?post=53557"},{"taxonomy":"product_tag","embeddable":true,"href":"https:\/\/rodoaed.ee\/fi\/wp-json\/wp\/v2\/product_tag?post=53557"}],"curies":[{"name":"wp","href":"https:\/\/api.w.org\/{rel}","templated":true}]}}