{"id":53558,"date":"2019-08-02T12:54:22","date_gmt":"2019-08-02T09:54:22","guid":{"rendered":"https:\/\/rodoaed.ee\/toode\/lepakon-pesakotelo-2fn\/"},"modified":"2026-04-13T11:08:11","modified_gmt":"2026-04-13T08:08:11","slug":"lepakon-pesakotelo-2fn","status":"publish","type":"product","link":"https:\/\/rodoaed.ee\/fi\/tuote\/lepakon-pesakotelo-2fn\/","title":{"rendered":"Lepakon pes\u00e4kotelo 2FN"},"content":{"rendered":"<h2>Lepakkokoppa 2FN kes\u00e4k\u00e4ytt\u00f6\u00f6n eli lepakoiden pitoon.<\/h2>\n<h2>Lepakoiden kannalta on hyv\u00e4, ett\u00e4 alueella on useita k\u00e4mppi\u00e4 l\u00e4hell\u00e4 toisiaan, sill\u00e4 ne liikkuvat kes\u00e4n aikana useiden k\u00e4mppien v\u00e4lill\u00e4 riippuen poikasten koosta jne.<\/h2>\n<p>T\u00e4m\u00e4 lepakkokotelomalli on kehitetty pitk\u00e4aikaisen testauksen tuloksena. Pes\u00e4kotelossa on v\u00e4lipohja, joka tarjoaa parhaan mahdollisen suojan pienpedoilta, tuulivirroilta ja auringonvalolta. <\/p>\n<p><strong>Kaksi sis\u00e4\u00e4nk\u00e4ynti\u00e4<\/strong><\/p>\n<p>T\u00e4ss\u00e4 mallissa on kaksi sis\u00e4\u00e4nk\u00e4ynti\u00e4 &#8211; lepakot voivat laskeutua puunrungon p\u00e4\u00e4lle ja tulla sis\u00e4\u00e4n suoraan puunrunkoa vasten olevasta taka-aukosta ja lent\u00e4\u00e4 suoraan ensimm\u00e4isest\u00e4 sis\u00e4\u00e4nk\u00e4ynnist\u00e4.<\/p>\n<p>Pes\u00e4laatikko on pitk\u00e4lti itsepuhdistuva, sill\u00e4 suurin osa munista putoaa pohjassa olevista aukoista. Sen vuoksi pes\u00e4kotelo on tarkistettava ja puhdistettava ajoittain. Varsinkin jos pes\u00e4ss\u00e4 on suuri kolonia. (Jopa 28 Nyctalus noctalus -lepakkoa, joilla on 9 poikasta, on liotettu t\u00e4h\u00e4n pes\u00e4koppiin).   <\/p>\n<p><strong>HUOM T\u00e4m\u00e4 malli soveltuu erityisen hyvin asennettavaksi metsiin ja puistoihin.<\/strong><\/p>\n<p><span style=\"line-height: 18px;\">Kaikkien pes\u00e4laatikoiden mukana toimitetaan ripustuskannattimet ja erityinen Schweglerin alumiininaulain. <\/span><\/p>\n<p>&nbsp;<\/p>\n<p><strong>Pes\u00e4laatikon asennuspaikka:<\/strong><\/p>\n<p>Puunesteet<\/p>\n<p><strong>Puhdistus ja tarkastus:<\/strong><\/p>\n<p>Helppo puhdistaa ja tarkastaa irrotettavan etupaneelin ansiosta<\/p>\n<p><strong>Materiaali:<\/strong><\/p>\n<p>SCHWEGLER ilmaa l\u00e4p\u00e4isev\u00e4 ja pitk\u00e4ik\u00e4inen puubetoni<\/p>\n<p><strong>Setti sis\u00e4lt\u00e4\u00e4:<\/strong><\/p>\n<ul>\n<li>Pes\u00e4laatikko, jossa on irrotettava etupaneeli<\/li>\n<li>Sinkitty ter\u00e4skiinnike &#8211; mets\u00e4talous hyv\u00e4ksytty.<\/li>\n<li>Alumiinipiikki &#8211; mets\u00e4talouden hyv\u00e4ksym\u00e4<\/li>\n<\/ul>\n<p><strong>V\u00e4ri:<\/strong><\/p>\n<p>Musta<\/p>\n<p><strong>Pes\u00e4kotelon mitat:<\/strong><\/p>\n<p>Halkaisija noin 16 cm<\/p>\n<p>Korkeus: 36 cm<\/p>\n<p><strong>Kuka t\u00e4ytt\u00e4\u00e4 pes\u00e4kotelon:<\/strong><\/p>\n<p><em><em>Eri lepakkolajit<\/em><\/em><\/p>\n<p><strong>Pes\u00e4kotelon paino: 4<\/strong>,9 kg<\/p>\n<p>&nbsp;<\/p>\n","protected":false},"excerpt":{"rendered":"<p>Lepakkokoppa 2FN kes\u00e4k\u00e4ytt\u00f6\u00f6n eli lepakoiden pitoon. Lepakoiden kannalta on hyv\u00e4, ett\u00e4 alueella on useita k\u00e4mppi\u00e4 l\u00e4hell\u00e4 toisiaan, sill\u00e4 ne liikkuvat kes\u00e4n aikana useiden k\u00e4mppien v\u00e4lill\u00e4 riippuen poikasten koosta jne. T\u00e4m\u00e4 lepakkokotelomalli on kehitetty pitk\u00e4aikaisen testauksen tuloksena. Pes\u00e4kotelossa on v\u00e4lipohja, joka tarjoaa parhaan mahdollisen suojan pienpedoilta, tuulivirroilta ja auringonvalolta. Kaksi sis\u00e4\u00e4nk\u00e4ynti\u00e4 T\u00e4ss\u00e4 mallissa on kaksi sis\u00e4\u00e4nk\u00e4ynti\u00e4 &#8211; lepakot voivat laskeutua puunrungon p\u00e4\u00e4lle ja tulla sis\u00e4\u00e4n suoraan&#8230;<\/p>\n","protected":false},"featured_media":17663,"template":"","meta":{"_acf_changed":false},"product_brand":[],"product_cat":[1958,1743,1851,1745],"product_tag":[],"class_list":{"0":"post-53558","1":"product","2":"type-product","3":"status-publish","4":"has-post-thumbnail","6":"product_cat-lepakoiden-pesakotelot","7":"product_cat-lisalahjat-lahjat","8":"product_cat-pesakotelot","9":"product_cat-suuri-varaston-tyhjennysmyynti","10":"product_shipping_class-toimitus-1-3-tyopaivan-kuluessa","11":"pa_variatsioon-lepakon-pesalaatikko-2fn-viimeiset-varastossa","13":"first","14":"instock","15":"sale","16":"taxable","17":"shipping-taxable","18":"purchasable","19":"product-type-simple"},"acf":[],"yoast_head":"<!-- This site is optimized with the Yoast SEO Premium plugin v27.3 (Yoast SEO v27.3) - https:\/\/yoast.com\/product\/yoast-seo-premium-wordpress\/ -->\n<title>Lepakon pes\u00e4kotelo 2FN - Rodoaed<\/title>\n<meta name=\"robots\" content=\"index, follow, max-snippet:-1, max-image-preview:large, max-video-preview:-1\" \/>\n<link rel=\"canonical\" href=\"https:\/\/rodoaed.ee\/fi\/toode\/lepakon-pesakotelo-2fn\/\" \/>\n<meta property=\"og:locale\" content=\"fi_FI\" \/>\n<meta property=\"og:type\" content=\"article\" \/>\n<meta property=\"og:title\" content=\"Lepakon pes\u00e4kotelo 2FN\" \/>\n<meta property=\"og:description\" content=\"Lepakkokoppa 2FN kes\u00e4k\u00e4ytt\u00f6\u00f6n eli lepakoiden pitoon. Lepakoiden kannalta on hyv\u00e4, ett\u00e4 alueella on useita k\u00e4mppi\u00e4 l\u00e4hell\u00e4 toisiaan, sill\u00e4 ne liikkuvat\" \/>\n<meta property=\"og:url\" content=\"https:\/\/rodoaed.ee\/fi\/toode\/lepakon-pesakotelo-2fn\/\" \/>\n<meta property=\"og:site_name\" content=\"Rodoaed\" \/>\n<meta property=\"article:publisher\" content=\"https:\/\/www.facebook.com\/kasvuhooned\/\" \/>\n<meta property=\"article:modified_time\" content=\"2026-04-13T08:08:11+00:00\" \/>\n<meta property=\"og:image\" content=\"https:\/\/rodoaed.ee\/wp-content\/uploads\/2019\/07\/nahkhiire-pesakast_2FN.jpg\" \/>\n\t<meta property=\"og:image:width\" content=\"265\" \/>\n\t<meta property=\"og:image:height\" content=\"400\" \/>\n\t<meta property=\"og:image:type\" content=\"image\/jpeg\" \/>\n<meta name=\"twitter:card\" content=\"summary_large_image\" \/>\n<meta name=\"twitter:label1\" content=\"Arvioitu lukuaika\" \/>\n\t<meta name=\"twitter:data1\" content=\"1 minuutti\" \/>\n<script type=\"application\/ld+json\" class=\"yoast-schema-graph\">{\"@context\":\"https:\\\/\\\/schema.org\",\"@graph\":[{\"@type\":\"WebPage\",\"@id\":\"https:\\\/\\\/rodoaed.ee\\\/fi\\\/toode\\\/lepakon-pesakotelo-2fn\\\/\",\"url\":\"https:\\\/\\\/rodoaed.ee\\\/fi\\\/toode\\\/lepakon-pesakotelo-2fn\\\/\",\"name\":\"Lepakon pes\u00e4kotelo 2FN - Rodoaed\",\"isPartOf\":{\"@id\":\"https:\\\/\\\/rodoaed.ee\\\/#website\"},\"primaryImageOfPage\":{\"@id\":\"https:\\\/\\\/rodoaed.ee\\\/fi\\\/toode\\\/lepakon-pesakotelo-2fn\\\/#primaryimage\"},\"image\":{\"@id\":\"https:\\\/\\\/rodoaed.ee\\\/fi\\\/toode\\\/lepakon-pesakotelo-2fn\\\/#primaryimage\"},\"thumbnailUrl\":\"https:\\\/\\\/rodoaed.ee\\\/wp-content\\\/uploads\\\/2019\\\/07\\\/nahkhiire-pesakast_2FN.jpg\",\"datePublished\":\"2019-08-02T09:54:22+00:00\",\"dateModified\":\"2026-04-13T08:08:11+00:00\",\"breadcrumb\":{\"@id\":\"https:\\\/\\\/rodoaed.ee\\\/fi\\\/toode\\\/lepakon-pesakotelo-2fn\\\/#breadcrumb\"},\"inLanguage\":\"fi\",\"potentialAction\":[{\"@type\":\"ReadAction\",\"target\":[\"https:\\\/\\\/rodoaed.ee\\\/fi\\\/toode\\\/lepakon-pesakotelo-2fn\\\/\"]}]},{\"@type\":\"ImageObject\",\"inLanguage\":\"fi\",\"@id\":\"https:\\\/\\\/rodoaed.ee\\\/fi\\\/toode\\\/lepakon-pesakotelo-2fn\\\/#primaryimage\",\"url\":\"https:\\\/\\\/rodoaed.ee\\\/wp-content\\\/uploads\\\/2019\\\/07\\\/nahkhiire-pesakast_2FN.jpg\",\"contentUrl\":\"https:\\\/\\\/rodoaed.ee\\\/wp-content\\\/uploads\\\/2019\\\/07\\\/nahkhiire-pesakast_2FN.jpg\",\"width\":265,\"height\":400},{\"@type\":\"BreadcrumbList\",\"@id\":\"https:\\\/\\\/rodoaed.ee\\\/fi\\\/toode\\\/lepakon-pesakotelo-2fn\\\/#breadcrumb\",\"itemListElement\":[{\"@type\":\"ListItem\",\"position\":1,\"name\":\"Home\",\"item\":\"https:\\\/\\\/rodoaed.ee\\\/fi\\\/\"},{\"@type\":\"ListItem\",\"position\":2,\"name\":\"Osta osoitteessa\",\"item\":\"https:\\\/\\\/rodoaed.ee\\\/osta-osoitteessa\\\/\"},{\"@type\":\"ListItem\",\"position\":3,\"name\":\"Lepakon pes\u00e4kotelo 2FN\"}]},{\"@type\":\"WebSite\",\"@id\":\"https:\\\/\\\/rodoaed.ee\\\/#website\",\"url\":\"https:\\\/\\\/rodoaed.ee\\\/\",\"name\":\"Rodoaed\",\"description\":\"\",\"publisher\":{\"@id\":\"https:\\\/\\\/rodoaed.ee\\\/#organization\"},\"potentialAction\":[{\"@type\":\"SearchAction\",\"target\":{\"@type\":\"EntryPoint\",\"urlTemplate\":\"https:\\\/\\\/rodoaed.ee\\\/?s={search_term_string}\"},\"query-input\":{\"@type\":\"PropertyValueSpecification\",\"valueRequired\":true,\"valueName\":\"search_term_string\"}}],\"inLanguage\":\"fi\"},{\"@type\":\"Organization\",\"@id\":\"https:\\\/\\\/rodoaed.ee\\\/#organization\",\"name\":\"Rodoaed\",\"url\":\"https:\\\/\\\/rodoaed.ee\\\/\",\"logo\":{\"@type\":\"ImageObject\",\"inLanguage\":\"fi\",\"@id\":\"https:\\\/\\\/rodoaed.ee\\\/#\\\/schema\\\/logo\\\/image\\\/\",\"url\":\"https:\\\/\\\/rodoaed.ee\\\/wp-content\\\/uploads\\\/2019\\\/11\\\/rodoaed-logo-ilma-taustata.jpg\",\"contentUrl\":\"https:\\\/\\\/rodoaed.ee\\\/wp-content\\\/uploads\\\/2019\\\/11\\\/rodoaed-logo-ilma-taustata.jpg\",\"width\":769,\"height\":268,\"caption\":\"Rodoaed\"},\"image\":{\"@id\":\"https:\\\/\\\/rodoaed.ee\\\/#\\\/schema\\\/logo\\\/image\\\/\"},\"sameAs\":[\"https:\\\/\\\/www.facebook.com\\\/kasvuhooned\\\/\",\"https:\\\/\\\/rodoaed.ee\"]}]}<\/script>\n<!-- \/ Yoast SEO Premium plugin. -->","yoast_head_json":{"title":"Lepakon pes\u00e4kotelo 2FN - Rodoaed","robots":{"index":"index","follow":"follow","max-snippet":"max-snippet:-1","max-image-preview":"max-image-preview:large","max-video-preview":"max-video-preview:-1"},"canonical":"https:\/\/rodoaed.ee\/fi\/toode\/lepakon-pesakotelo-2fn\/","og_locale":"fi_FI","og_type":"article","og_title":"Lepakon pes\u00e4kotelo 2FN","og_description":"Lepakkokoppa 2FN kes\u00e4k\u00e4ytt\u00f6\u00f6n eli lepakoiden pitoon. Lepakoiden kannalta on hyv\u00e4, ett\u00e4 alueella on useita k\u00e4mppi\u00e4 l\u00e4hell\u00e4 toisiaan, sill\u00e4 ne liikkuvat","og_url":"https:\/\/rodoaed.ee\/fi\/toode\/lepakon-pesakotelo-2fn\/","og_site_name":"Rodoaed","article_publisher":"https:\/\/www.facebook.com\/kasvuhooned\/","article_modified_time":"2026-04-13T08:08:11+00:00","og_image":[{"width":265,"height":400,"url":"https:\/\/rodoaed.ee\/wp-content\/uploads\/2019\/07\/nahkhiire-pesakast_2FN.jpg","type":"image\/jpeg"}],"twitter_card":"summary_large_image","twitter_misc":{"Arvioitu lukuaika":"1 minuutti"},"schema":{"@context":"https:\/\/schema.org","@graph":[{"@type":"WebPage","@id":"https:\/\/rodoaed.ee\/fi\/toode\/lepakon-pesakotelo-2fn\/","url":"https:\/\/rodoaed.ee\/fi\/toode\/lepakon-pesakotelo-2fn\/","name":"Lepakon pes\u00e4kotelo 2FN - Rodoaed","isPartOf":{"@id":"https:\/\/rodoaed.ee\/#website"},"primaryImageOfPage":{"@id":"https:\/\/rodoaed.ee\/fi\/toode\/lepakon-pesakotelo-2fn\/#primaryimage"},"image":{"@id":"https:\/\/rodoaed.ee\/fi\/toode\/lepakon-pesakotelo-2fn\/#primaryimage"},"thumbnailUrl":"https:\/\/rodoaed.ee\/wp-content\/uploads\/2019\/07\/nahkhiire-pesakast_2FN.jpg","datePublished":"2019-08-02T09:54:22+00:00","dateModified":"2026-04-13T08:08:11+00:00","breadcrumb":{"@id":"https:\/\/rodoaed.ee\/fi\/toode\/lepakon-pesakotelo-2fn\/#breadcrumb"},"inLanguage":"fi","potentialAction":[{"@type":"ReadAction","target":["https:\/\/rodoaed.ee\/fi\/toode\/lepakon-pesakotelo-2fn\/"]}]},{"@type":"ImageObject","inLanguage":"fi","@id":"https:\/\/rodoaed.ee\/fi\/toode\/lepakon-pesakotelo-2fn\/#primaryimage","url":"https:\/\/rodoaed.ee\/wp-content\/uploads\/2019\/07\/nahkhiire-pesakast_2FN.jpg","contentUrl":"https:\/\/rodoaed.ee\/wp-content\/uploads\/2019\/07\/nahkhiire-pesakast_2FN.jpg","width":265,"height":400},{"@type":"BreadcrumbList","@id":"https:\/\/rodoaed.ee\/fi\/toode\/lepakon-pesakotelo-2fn\/#breadcrumb","itemListElement":[{"@type":"ListItem","position":1,"name":"Home","item":"https:\/\/rodoaed.ee\/fi\/"},{"@type":"ListItem","position":2,"name":"Osta osoitteessa","item":"https:\/\/rodoaed.ee\/osta-osoitteessa\/"},{"@type":"ListItem","position":3,"name":"Lepakon pes\u00e4kotelo 2FN"}]},{"@type":"WebSite","@id":"https:\/\/rodoaed.ee\/#website","url":"https:\/\/rodoaed.ee\/","name":"Rodoaed","description":"","publisher":{"@id":"https:\/\/rodoaed.ee\/#organization"},"potentialAction":[{"@type":"SearchAction","target":{"@type":"EntryPoint","urlTemplate":"https:\/\/rodoaed.ee\/?s={search_term_string}"},"query-input":{"@type":"PropertyValueSpecification","valueRequired":true,"valueName":"search_term_string"}}],"inLanguage":"fi"},{"@type":"Organization","@id":"https:\/\/rodoaed.ee\/#organization","name":"Rodoaed","url":"https:\/\/rodoaed.ee\/","logo":{"@type":"ImageObject","inLanguage":"fi","@id":"https:\/\/rodoaed.ee\/#\/schema\/logo\/image\/","url":"https:\/\/rodoaed.ee\/wp-content\/uploads\/2019\/11\/rodoaed-logo-ilma-taustata.jpg","contentUrl":"https:\/\/rodoaed.ee\/wp-content\/uploads\/2019\/11\/rodoaed-logo-ilma-taustata.jpg","width":769,"height":268,"caption":"Rodoaed"},"image":{"@id":"https:\/\/rodoaed.ee\/#\/schema\/logo\/image\/"},"sameAs":["https:\/\/www.facebook.com\/kasvuhooned\/","https:\/\/rodoaed.ee"]}]}},"_links":{"self":[{"href":"https:\/\/rodoaed.ee\/fi\/wp-json\/wp\/v2\/product\/53558","targetHints":{"allow":["GET"]}}],"collection":[{"href":"https:\/\/rodoaed.ee\/fi\/wp-json\/wp\/v2\/product"}],"about":[{"href":"https:\/\/rodoaed.ee\/fi\/wp-json\/wp\/v2\/types\/product"}],"wp:featuredmedia":[{"embeddable":true,"href":"https:\/\/rodoaed.ee\/fi\/wp-json\/wp\/v2\/media\/17663"}],"wp:attachment":[{"href":"https:\/\/rodoaed.ee\/fi\/wp-json\/wp\/v2\/media?parent=53558"}],"wp:term":[{"taxonomy":"product_brand","embeddable":true,"href":"https:\/\/rodoaed.ee\/fi\/wp-json\/wp\/v2\/product_brand?post=53558"},{"taxonomy":"product_cat","embeddable":true,"href":"https:\/\/rodoaed.ee\/fi\/wp-json\/wp\/v2\/product_cat?post=53558"},{"taxonomy":"product_tag","embeddable":true,"href":"https:\/\/rodoaed.ee\/fi\/wp-json\/wp\/v2\/product_tag?post=53558"}],"curies":[{"name":"wp","href":"https:\/\/api.w.org\/{rel}","templated":true}]}}