{"id":53563,"date":"2019-08-02T12:54:42","date_gmt":"2019-08-02T09:54:42","guid":{"rendered":"https:\/\/rodoaed.ee\/toode\/onyx-medium-ruokailutalo-linnuille\/"},"modified":"2026-04-13T11:08:13","modified_gmt":"2026-04-13T08:08:13","slug":"onyx-medium-ruokailutalo-linnuille","status":"publish","type":"product","link":"https:\/\/rodoaed.ee\/fi\/tuote\/onyx-medium-ruokailutalo-linnuille\/","title":{"rendered":"Onyx Medium ruokailutalo linnuille"},"content":{"rendered":"<h2>Onyx Medium -lintujen ruokinta on nopea avata ja helppo puhdistaa.<\/h2>\n<p><strong>Riippuva ruokala. Ihanteellinen lintujen ruokintakippo, joka voidaan kiinnitt\u00e4\u00e4 oksalle tai jalkaan. <\/strong><\/p>\n<p>Eritt\u00e4in korkealaatuisesta polykarbonaatista ja ruostumattomasta metallista valmistettu ruokap\u00f6yt\u00e4, joka on helppo t\u00e4ytt\u00e4\u00e4 ja puhdistaa. L\u00e4pin\u00e4kyv\u00e4 polykarbonaattiputki. <\/p>\n<p>Onyx-lintukodossa on irrotettava kansi ja j\u00e4ykk\u00e4 pohja &#8211; molemmat on valmistettu arvokkaasta ja kest\u00e4v\u00e4st\u00e4 metalliseoksesta. Metalliset ahvenet ovat ruostumattomia, ruokintakuopat on valmistettu ruostumattomasta ter\u00e4ksest\u00e4, joka kest\u00e4\u00e4 my\u00f6s oravia, ja putket on valmistettu l\u00e4pin\u00e4kyv\u00e4st\u00e4 ja UV-s\u00e4teily\u00e4 kest\u00e4v\u00e4st\u00e4 polykarbonaatista, joka ei muuta v\u00e4ri\u00e4\u00e4n eik\u00e4 halkeile ajan my\u00f6t\u00e4. Linnunruokinnassa on eritt\u00e4in mukavat pillit, joista linnut voivat pit\u00e4\u00e4 kiinni.  <\/p>\n<p><strong>Sijainti ja asennus<\/strong><\/p>\n<p>T\u00e4m\u00e4 linnan ruokailutila on kevyt mutta eritt\u00e4in vahva ja kest\u00e4v\u00e4. Sopii ripustettavaksi oksaan tai erityiseen metallitelineeseen. Kummassakin tapauksessa j\u00e4rjestely on kissojen kest\u00e4v\u00e4 ja turvallinen linnuille.  <\/p>\n<p><strong>Suositeltu t\u00e4yteaine<\/strong><\/p>\n<p>Auringonkukansiemenet tai siemenseokset<\/p>\n<p><strong>Puhdistus<\/strong><\/p>\n<p>Avaa ruokailutalo yksinkertaisesti k\u00e4\u00e4nt\u00e4m\u00e4ll\u00e4 pohjaa pohjan alla ja irrottamalla se napsauttamalla. Pese ja kuivaa linnunp\u00f6ntt\u00f6 huolellisesti ja kokoa se uudelleen. Kokoa uudelleen k\u00e4\u00e4nt\u00e4m\u00e4ll\u00e4 pohja takaisin ja kiinnitt\u00e4m\u00e4ll\u00e4. Linnunp\u00f6ntt\u00f6 kest\u00e4\u00e4 hyvin pitk\u00e4\u00e4n k\u00e4ytt\u00f6\u00e4.   <\/p>\n<p><strong>Materiaali per\u00e4isin<\/strong><\/p>\n<p>Polykarbonaattiputki ja ruostumattomasta metallista valmistettu kansi, pohja ja keittoavat. 4 ruokinta-aukkoa linnuille. Eksklusiivinen kiilt\u00e4v\u00e4 musta muotoilu.  <\/p>\n<p><strong>Toimitetaan ilman ateriaa<\/strong><\/p>\n<p><strong>V\u00e4ri:<\/strong> kiilt\u00e4v\u00e4 musta<\/p>\n<p><strong>Mitat: <\/strong>\u00d8 7 cm x korkeus 45 cm. Tilavuus noin 1,5 litraa <\/p>\n<p><a href=\"\/?product_cat=linnusoogimajad-ja-sootjad\">Ruokailu linnassa<\/a><\/p>\n","protected":false},"excerpt":{"rendered":"<p>Onyx Medium -lintujen ruokinta on nopea avata ja helppo puhdistaa. Riippuva ruokala. Ihanteellinen lintujen ruokintakippo, joka voidaan kiinnitt\u00e4\u00e4 oksalle tai jalkaan. Eritt\u00e4in korkealaatuisesta polykarbonaatista ja ruostumattomasta metallista valmistettu ruokap\u00f6yt\u00e4, joka on helppo t\u00e4ytt\u00e4\u00e4 ja puhdistaa. L\u00e4pin\u00e4kyv\u00e4 polykarbonaattiputki. Onyx-lintukodossa on irrotettava kansi ja j\u00e4ykk\u00e4 pohja &#8211; molemmat on valmistettu arvokkaasta ja kest\u00e4v\u00e4st\u00e4 metalliseoksesta. Metalliset ahvenet ovat ruostumattomia, ruokintakuopat on valmistettu ruostumattomasta ter\u00e4ksest\u00e4, joka kest\u00e4\u00e4 my\u00f6s oravia,&#8230;<\/p>\n","protected":false},"featured_media":17610,"template":"","meta":{"_acf_changed":false},"product_brand":[],"product_cat":[1767,1954,1883],"product_tag":[],"class_list":{"0":"post-53563","1":"product","2":"type-product","3":"status-publish","4":"has-post-thumbnail","6":"product_cat-linnaillalliset-ja-linnan-ravintolat","7":"product_cat-ring-pull-linnan-ravintolat","8":"product_cat-ruokailu-linnassa","9":"product_shipping_class-toimitus-1-3-tyopaivan-kuluessa","10":"pa_variatsioon-25-ruokailuhuone-onyx-medium","12":"first","13":"outofstock","14":"sale","15":"taxable","16":"shipping-taxable","17":"purchasable","18":"product-type-simple"},"acf":[],"yoast_head":"<!-- This site is optimized with the Yoast SEO Premium plugin v27.3 (Yoast SEO v27.3) - https:\/\/yoast.com\/product\/yoast-seo-premium-wordpress\/ -->\n<title>Onyx Medium ruokailutalo linnuille% % -% Rodoaed% castle taverns<\/title>\n<meta name=\"description\" content=\"Onyx-linnunp\u00f6ntt\u00f6 on valmistettu kest\u00e4v\u00e4st\u00e4 ja l\u00e4pin\u00e4kyv\u00e4st\u00e4 polykarbonaatista, jossa on ruostumattomia metalliosia. Onyx on eritt\u00e4in kest\u00e4v\u00e4.\" \/>\n<meta name=\"robots\" content=\"index, follow, max-snippet:-1, max-image-preview:large, max-video-preview:-1\" \/>\n<link rel=\"canonical\" href=\"https:\/\/rodoaed.ee\/fi\/toode\/onyx-medium-ruokailutalo-linnuille\/\" \/>\n<meta property=\"og:locale\" content=\"fi_FI\" \/>\n<meta property=\"og:type\" content=\"article\" \/>\n<meta property=\"og:title\" content=\"Onyx Medium ruokailutalo linnuille\" \/>\n<meta property=\"og:description\" content=\"Onyx Medium -lintujen ruokinta on nopea avata ja helppo puhdistaa. Riippuva ruokala. Ihanteellinen lintujen ruokintakippo, joka voidaan kiinnitt\u00e4\u00e4 oksalle\" \/>\n<meta property=\"og:url\" content=\"https:\/\/rodoaed.ee\/fi\/toode\/onyx-medium-ruokailutalo-linnuille\/\" \/>\n<meta property=\"og:site_name\" content=\"Rodoaed\" \/>\n<meta property=\"article:publisher\" content=\"https:\/\/www.facebook.com\/kasvuhooned\/\" \/>\n<meta property=\"article:modified_time\" content=\"2026-04-13T08:08:13+00:00\" \/>\n<meta property=\"og:image\" content=\"https:\/\/rodoaed.ee\/wp-content\/uploads\/2019\/07\/soogimaja-onyx-medium.jpg\" \/>\n\t<meta property=\"og:image:width\" content=\"300\" \/>\n\t<meta property=\"og:image:height\" content=\"444\" \/>\n\t<meta property=\"og:image:type\" content=\"image\/jpeg\" \/>\n<meta name=\"twitter:card\" content=\"summary_large_image\" \/>\n<meta name=\"twitter:label1\" content=\"Arvioitu lukuaika\" \/>\n\t<meta name=\"twitter:data1\" content=\"1 minuutti\" \/>\n<script type=\"application\/ld+json\" class=\"yoast-schema-graph\">{\"@context\":\"https:\\\/\\\/schema.org\",\"@graph\":[{\"@type\":\"WebPage\",\"@id\":\"https:\\\/\\\/rodoaed.ee\\\/fi\\\/toode\\\/onyx-medium-ruokailutalo-linnuille\\\/\",\"url\":\"https:\\\/\\\/rodoaed.ee\\\/fi\\\/toode\\\/onyx-medium-ruokailutalo-linnuille\\\/\",\"name\":\"Onyx Medium ruokailutalo linnuille% % -% Rodoaed% castle taverns\",\"isPartOf\":{\"@id\":\"https:\\\/\\\/rodoaed.ee\\\/#website\"},\"primaryImageOfPage\":{\"@id\":\"https:\\\/\\\/rodoaed.ee\\\/fi\\\/toode\\\/onyx-medium-ruokailutalo-linnuille\\\/#primaryimage\"},\"image\":{\"@id\":\"https:\\\/\\\/rodoaed.ee\\\/fi\\\/toode\\\/onyx-medium-ruokailutalo-linnuille\\\/#primaryimage\"},\"thumbnailUrl\":\"https:\\\/\\\/rodoaed.ee\\\/wp-content\\\/uploads\\\/2019\\\/07\\\/soogimaja-onyx-medium.jpg\",\"datePublished\":\"2019-08-02T09:54:42+00:00\",\"dateModified\":\"2026-04-13T08:08:13+00:00\",\"description\":\"Onyx-linnunp\u00f6ntt\u00f6 on valmistettu kest\u00e4v\u00e4st\u00e4 ja l\u00e4pin\u00e4kyv\u00e4st\u00e4 polykarbonaatista, jossa on ruostumattomia metalliosia. Onyx on eritt\u00e4in kest\u00e4v\u00e4.\",\"breadcrumb\":{\"@id\":\"https:\\\/\\\/rodoaed.ee\\\/fi\\\/toode\\\/onyx-medium-ruokailutalo-linnuille\\\/#breadcrumb\"},\"inLanguage\":\"fi\",\"potentialAction\":[{\"@type\":\"ReadAction\",\"target\":[\"https:\\\/\\\/rodoaed.ee\\\/fi\\\/toode\\\/onyx-medium-ruokailutalo-linnuille\\\/\"]}]},{\"@type\":\"ImageObject\",\"inLanguage\":\"fi\",\"@id\":\"https:\\\/\\\/rodoaed.ee\\\/fi\\\/toode\\\/onyx-medium-ruokailutalo-linnuille\\\/#primaryimage\",\"url\":\"https:\\\/\\\/rodoaed.ee\\\/wp-content\\\/uploads\\\/2019\\\/07\\\/soogimaja-onyx-medium.jpg\",\"contentUrl\":\"https:\\\/\\\/rodoaed.ee\\\/wp-content\\\/uploads\\\/2019\\\/07\\\/soogimaja-onyx-medium.jpg\",\"width\":300,\"height\":444,\"caption\":\"lintujen ruokinta onyx medium\"},{\"@type\":\"BreadcrumbList\",\"@id\":\"https:\\\/\\\/rodoaed.ee\\\/fi\\\/toode\\\/onyx-medium-ruokailutalo-linnuille\\\/#breadcrumb\",\"itemListElement\":[{\"@type\":\"ListItem\",\"position\":1,\"name\":\"Home\",\"item\":\"https:\\\/\\\/rodoaed.ee\\\/fi\\\/\"},{\"@type\":\"ListItem\",\"position\":2,\"name\":\"Osta osoitteessa\",\"item\":\"https:\\\/\\\/rodoaed.ee\\\/osta-osoitteessa\\\/\"},{\"@type\":\"ListItem\",\"position\":3,\"name\":\"Onyx Medium ruokailutalo linnuille\"}]},{\"@type\":\"WebSite\",\"@id\":\"https:\\\/\\\/rodoaed.ee\\\/#website\",\"url\":\"https:\\\/\\\/rodoaed.ee\\\/\",\"name\":\"Rodoaed\",\"description\":\"\",\"publisher\":{\"@id\":\"https:\\\/\\\/rodoaed.ee\\\/#organization\"},\"potentialAction\":[{\"@type\":\"SearchAction\",\"target\":{\"@type\":\"EntryPoint\",\"urlTemplate\":\"https:\\\/\\\/rodoaed.ee\\\/?s={search_term_string}\"},\"query-input\":{\"@type\":\"PropertyValueSpecification\",\"valueRequired\":true,\"valueName\":\"search_term_string\"}}],\"inLanguage\":\"fi\"},{\"@type\":\"Organization\",\"@id\":\"https:\\\/\\\/rodoaed.ee\\\/#organization\",\"name\":\"Rodoaed\",\"url\":\"https:\\\/\\\/rodoaed.ee\\\/\",\"logo\":{\"@type\":\"ImageObject\",\"inLanguage\":\"fi\",\"@id\":\"https:\\\/\\\/rodoaed.ee\\\/#\\\/schema\\\/logo\\\/image\\\/\",\"url\":\"https:\\\/\\\/rodoaed.ee\\\/wp-content\\\/uploads\\\/2019\\\/11\\\/rodoaed-logo-ilma-taustata.jpg\",\"contentUrl\":\"https:\\\/\\\/rodoaed.ee\\\/wp-content\\\/uploads\\\/2019\\\/11\\\/rodoaed-logo-ilma-taustata.jpg\",\"width\":769,\"height\":268,\"caption\":\"Rodoaed\"},\"image\":{\"@id\":\"https:\\\/\\\/rodoaed.ee\\\/#\\\/schema\\\/logo\\\/image\\\/\"},\"sameAs\":[\"https:\\\/\\\/www.facebook.com\\\/kasvuhooned\\\/\",\"https:\\\/\\\/rodoaed.ee\"]}]}<\/script>\n<!-- \/ Yoast SEO Premium plugin. -->","yoast_head_json":{"title":"Onyx Medium ruokailutalo linnuille% % -% Rodoaed% castle taverns","description":"Onyx-linnunp\u00f6ntt\u00f6 on valmistettu kest\u00e4v\u00e4st\u00e4 ja l\u00e4pin\u00e4kyv\u00e4st\u00e4 polykarbonaatista, jossa on ruostumattomia metalliosia. Onyx on eritt\u00e4in kest\u00e4v\u00e4.","robots":{"index":"index","follow":"follow","max-snippet":"max-snippet:-1","max-image-preview":"max-image-preview:large","max-video-preview":"max-video-preview:-1"},"canonical":"https:\/\/rodoaed.ee\/fi\/toode\/onyx-medium-ruokailutalo-linnuille\/","og_locale":"fi_FI","og_type":"article","og_title":"Onyx Medium ruokailutalo linnuille","og_description":"Onyx Medium -lintujen ruokinta on nopea avata ja helppo puhdistaa. Riippuva ruokala. Ihanteellinen lintujen ruokintakippo, joka voidaan kiinnitt\u00e4\u00e4 oksalle","og_url":"https:\/\/rodoaed.ee\/fi\/toode\/onyx-medium-ruokailutalo-linnuille\/","og_site_name":"Rodoaed","article_publisher":"https:\/\/www.facebook.com\/kasvuhooned\/","article_modified_time":"2026-04-13T08:08:13+00:00","og_image":[{"width":300,"height":444,"url":"https:\/\/rodoaed.ee\/wp-content\/uploads\/2019\/07\/soogimaja-onyx-medium.jpg","type":"image\/jpeg"}],"twitter_card":"summary_large_image","twitter_misc":{"Arvioitu lukuaika":"1 minuutti"},"schema":{"@context":"https:\/\/schema.org","@graph":[{"@type":"WebPage","@id":"https:\/\/rodoaed.ee\/fi\/toode\/onyx-medium-ruokailutalo-linnuille\/","url":"https:\/\/rodoaed.ee\/fi\/toode\/onyx-medium-ruokailutalo-linnuille\/","name":"Onyx Medium ruokailutalo linnuille% % -% Rodoaed% castle taverns","isPartOf":{"@id":"https:\/\/rodoaed.ee\/#website"},"primaryImageOfPage":{"@id":"https:\/\/rodoaed.ee\/fi\/toode\/onyx-medium-ruokailutalo-linnuille\/#primaryimage"},"image":{"@id":"https:\/\/rodoaed.ee\/fi\/toode\/onyx-medium-ruokailutalo-linnuille\/#primaryimage"},"thumbnailUrl":"https:\/\/rodoaed.ee\/wp-content\/uploads\/2019\/07\/soogimaja-onyx-medium.jpg","datePublished":"2019-08-02T09:54:42+00:00","dateModified":"2026-04-13T08:08:13+00:00","description":"Onyx-linnunp\u00f6ntt\u00f6 on valmistettu kest\u00e4v\u00e4st\u00e4 ja l\u00e4pin\u00e4kyv\u00e4st\u00e4 polykarbonaatista, jossa on ruostumattomia metalliosia. Onyx on eritt\u00e4in kest\u00e4v\u00e4.","breadcrumb":{"@id":"https:\/\/rodoaed.ee\/fi\/toode\/onyx-medium-ruokailutalo-linnuille\/#breadcrumb"},"inLanguage":"fi","potentialAction":[{"@type":"ReadAction","target":["https:\/\/rodoaed.ee\/fi\/toode\/onyx-medium-ruokailutalo-linnuille\/"]}]},{"@type":"ImageObject","inLanguage":"fi","@id":"https:\/\/rodoaed.ee\/fi\/toode\/onyx-medium-ruokailutalo-linnuille\/#primaryimage","url":"https:\/\/rodoaed.ee\/wp-content\/uploads\/2019\/07\/soogimaja-onyx-medium.jpg","contentUrl":"https:\/\/rodoaed.ee\/wp-content\/uploads\/2019\/07\/soogimaja-onyx-medium.jpg","width":300,"height":444,"caption":"lintujen ruokinta onyx medium"},{"@type":"BreadcrumbList","@id":"https:\/\/rodoaed.ee\/fi\/toode\/onyx-medium-ruokailutalo-linnuille\/#breadcrumb","itemListElement":[{"@type":"ListItem","position":1,"name":"Home","item":"https:\/\/rodoaed.ee\/fi\/"},{"@type":"ListItem","position":2,"name":"Osta osoitteessa","item":"https:\/\/rodoaed.ee\/osta-osoitteessa\/"},{"@type":"ListItem","position":3,"name":"Onyx Medium ruokailutalo linnuille"}]},{"@type":"WebSite","@id":"https:\/\/rodoaed.ee\/#website","url":"https:\/\/rodoaed.ee\/","name":"Rodoaed","description":"","publisher":{"@id":"https:\/\/rodoaed.ee\/#organization"},"potentialAction":[{"@type":"SearchAction","target":{"@type":"EntryPoint","urlTemplate":"https:\/\/rodoaed.ee\/?s={search_term_string}"},"query-input":{"@type":"PropertyValueSpecification","valueRequired":true,"valueName":"search_term_string"}}],"inLanguage":"fi"},{"@type":"Organization","@id":"https:\/\/rodoaed.ee\/#organization","name":"Rodoaed","url":"https:\/\/rodoaed.ee\/","logo":{"@type":"ImageObject","inLanguage":"fi","@id":"https:\/\/rodoaed.ee\/#\/schema\/logo\/image\/","url":"https:\/\/rodoaed.ee\/wp-content\/uploads\/2019\/11\/rodoaed-logo-ilma-taustata.jpg","contentUrl":"https:\/\/rodoaed.ee\/wp-content\/uploads\/2019\/11\/rodoaed-logo-ilma-taustata.jpg","width":769,"height":268,"caption":"Rodoaed"},"image":{"@id":"https:\/\/rodoaed.ee\/#\/schema\/logo\/image\/"},"sameAs":["https:\/\/www.facebook.com\/kasvuhooned\/","https:\/\/rodoaed.ee"]}]}},"_links":{"self":[{"href":"https:\/\/rodoaed.ee\/fi\/wp-json\/wp\/v2\/product\/53563","targetHints":{"allow":["GET"]}}],"collection":[{"href":"https:\/\/rodoaed.ee\/fi\/wp-json\/wp\/v2\/product"}],"about":[{"href":"https:\/\/rodoaed.ee\/fi\/wp-json\/wp\/v2\/types\/product"}],"wp:featuredmedia":[{"embeddable":true,"href":"https:\/\/rodoaed.ee\/fi\/wp-json\/wp\/v2\/media\/17610"}],"wp:attachment":[{"href":"https:\/\/rodoaed.ee\/fi\/wp-json\/wp\/v2\/media?parent=53563"}],"wp:term":[{"taxonomy":"product_brand","embeddable":true,"href":"https:\/\/rodoaed.ee\/fi\/wp-json\/wp\/v2\/product_brand?post=53563"},{"taxonomy":"product_cat","embeddable":true,"href":"https:\/\/rodoaed.ee\/fi\/wp-json\/wp\/v2\/product_cat?post=53563"},{"taxonomy":"product_tag","embeddable":true,"href":"https:\/\/rodoaed.ee\/fi\/wp-json\/wp\/v2\/product_tag?post=53563"}],"curies":[{"name":"wp","href":"https:\/\/api.w.org\/{rel}","templated":true}]}}