{"id":53564,"date":"2019-08-02T12:54:42","date_gmt":"2019-08-02T09:54:42","guid":{"rendered":"https:\/\/rodoaed.ee\/toode\/lautanen-ruokailutiloihin-ring-pull\/"},"modified":"2026-04-13T11:08:13","modified_gmt":"2026-04-13T08:08:13","slug":"lautanen-ruokailutiloihin-ring-pull","status":"publish","type":"product","link":"https:\/\/rodoaed.ee\/fi\/tuote\/lautanen-ruokailutiloihin-ring-pull\/","title":{"rendered":"Lautanen ruokailutiloihin Ring-Pull"},"content":{"rendered":"<h2>Lautanen ruokailutiloihin Ring-Pull<\/h2>\n<p>Tarjotin ruokakasseja varten. Korkealaatuisesta muovista valmistetut lintujen ruokintalautaset tekev\u00e4t lintujen ruokinnasta puhtaampaa ja hygieenisemp\u00e4\u00e4. Kaikki lintujen pudottamat siemenet putoavat tarjottimelle, josta linnut voivat poimia ne uudelleen ja sy\u00f6d\u00e4 ne.  <\/p>\n<p>Se puhdistaa my\u00f6s ruokasalin alla olevaa maata, jonne muuten kertyisi paljon roskia ja sy\u00f6m\u00e4tt\u00f6mi\u00e4 siemeni\u00e4. Soveltuu k\u00e4ytett\u00e4v\u00e4ksi yhdess\u00e4 kaikkien Ring-Pull-ruokaloiden kanssa. <\/p>\n<h2>T\u00e4rkeimm\u00e4t ominaisuudet<\/h2>\n<p>Soveltuu sek\u00e4 Ring-Pull- ett\u00e4 muihin ruokapaikkoihin.<\/p>\n<p>Materiaali: polykarbonaatti<\/p>\n<p>V\u00e4ri: l\u00e4pin\u00e4kyv\u00e4<\/p>\n<p>Koko: halkaisija 270 mm<\/p>\n<p>&nbsp;<\/p>\n<p><a href=\"\/?product_cat=linnusoogimajad-ja-sootjad\">Ruokailu linnassa<\/a><\/p>\n<p>&nbsp;<\/p>\n<p>&nbsp;<\/p>\n","protected":false},"excerpt":{"rendered":"<p>Lautanen ruokailutiloihin Ring-Pull Tarjotin ruokakasseja varten. Korkealaatuisesta muovista valmistetut lintujen ruokintalautaset tekev\u00e4t lintujen ruokinnasta puhtaampaa ja hygieenisemp\u00e4\u00e4. Kaikki lintujen pudottamat siemenet putoavat tarjottimelle, josta linnut voivat poimia ne uudelleen ja sy\u00f6d\u00e4 ne. Se puhdistaa my\u00f6s ruokasalin alla olevaa maata, jonne muuten kertyisi paljon roskia ja sy\u00f6m\u00e4tt\u00f6mi\u00e4 siemeni\u00e4. Soveltuu k\u00e4ytett\u00e4v\u00e4ksi yhdess\u00e4 kaikkien Ring-Pull-ruokaloiden kanssa. T\u00e4rkeimm\u00e4t ominaisuudet Soveltuu sek\u00e4 Ring-Pull- ett\u00e4 muihin ruokapaikkoihin. Materiaali: polykarbonaatti V\u00e4ri: l\u00e4pin\u00e4kyv\u00e4&#8230;<\/p>\n","protected":false},"featured_media":17602,"template":"","meta":{"_acf_changed":false},"product_brand":[],"product_cat":[1767,1954],"product_tag":[],"class_list":{"0":"post-53564","1":"product","2":"type-product","3":"status-publish","4":"has-post-thumbnail","6":"product_cat-linnaillalliset-ja-linnan-ravintolat","7":"product_cat-ring-pull-linnan-ravintolat","8":"product_shipping_class-toimitus-1-3-tyopaivan-kuluessa","9":"pa_variatsioon-ring-pull-diner-siemenkodin","11":"first","12":"outofstock","13":"sale","14":"taxable","15":"shipping-taxable","16":"purchasable","17":"product-type-simple"},"acf":[],"yoast_head":"<!-- This site is optimized with the Yoast SEO Premium plugin v27.3 (Yoast SEO v27.3) - https:\/\/yoast.com\/product\/yoast-seo-premium-wordpress\/ -->\n<title>Lautanen ruokailutiloihin Ring-Pull% % -% Rodoaed% castle taverns<\/title>\n<meta name=\"description\" content=\"Lintujen ruokinta-alusta tekee lintujen ateriasta puhtaampaa ja hygieenisemp\u00e4\u00e4. Lokero on valmistettu vahvasta polykarbonaatista.\" \/>\n<meta name=\"robots\" content=\"index, follow, max-snippet:-1, max-image-preview:large, max-video-preview:-1\" \/>\n<link rel=\"canonical\" href=\"https:\/\/rodoaed.ee\/fi\/toode\/lautanen-ruokailutiloihin-ring-pull\/\" \/>\n<meta property=\"og:locale\" content=\"fi_FI\" \/>\n<meta property=\"og:type\" content=\"article\" \/>\n<meta property=\"og:title\" content=\"Lautanen ruokailutiloihin Ring-Pull\" \/>\n<meta property=\"og:description\" content=\"Lautanen ruokailutiloihin Ring-Pull Tarjotin ruokakasseja varten. Korkealaatuisesta muovista valmistetut lintujen ruokintalautaset tekev\u00e4t lintujen\" \/>\n<meta property=\"og:url\" content=\"https:\/\/rodoaed.ee\/fi\/toode\/lautanen-ruokailutiloihin-ring-pull\/\" \/>\n<meta property=\"og:site_name\" content=\"Rodoaed\" \/>\n<meta property=\"article:publisher\" content=\"https:\/\/www.facebook.com\/kasvuhooned\/\" \/>\n<meta property=\"article:modified_time\" content=\"2026-04-13T08:08:13+00:00\" \/>\n<meta property=\"og:image\" content=\"https:\/\/rodoaed.ee\/wp-content\/uploads\/2019\/07\/soogimaja-istumisalus.jpg\" \/>\n\t<meta property=\"og:image:width\" content=\"400\" \/>\n\t<meta property=\"og:image:height\" content=\"305\" \/>\n\t<meta property=\"og:image:type\" content=\"image\/jpeg\" \/>\n<meta name=\"twitter:card\" content=\"summary_large_image\" \/>\n<script type=\"application\/ld+json\" class=\"yoast-schema-graph\">{\"@context\":\"https:\\\/\\\/schema.org\",\"@graph\":[{\"@type\":\"WebPage\",\"@id\":\"https:\\\/\\\/rodoaed.ee\\\/fi\\\/toode\\\/lautanen-ruokailutiloihin-ring-pull\\\/\",\"url\":\"https:\\\/\\\/rodoaed.ee\\\/fi\\\/toode\\\/lautanen-ruokailutiloihin-ring-pull\\\/\",\"name\":\"Lautanen ruokailutiloihin Ring-Pull% % -% Rodoaed% castle taverns\",\"isPartOf\":{\"@id\":\"https:\\\/\\\/rodoaed.ee\\\/#website\"},\"primaryImageOfPage\":{\"@id\":\"https:\\\/\\\/rodoaed.ee\\\/fi\\\/toode\\\/lautanen-ruokailutiloihin-ring-pull\\\/#primaryimage\"},\"image\":{\"@id\":\"https:\\\/\\\/rodoaed.ee\\\/fi\\\/toode\\\/lautanen-ruokailutiloihin-ring-pull\\\/#primaryimage\"},\"thumbnailUrl\":\"https:\\\/\\\/rodoaed.ee\\\/wp-content\\\/uploads\\\/2019\\\/07\\\/soogimaja-istumisalus.jpg\",\"datePublished\":\"2019-08-02T09:54:42+00:00\",\"dateModified\":\"2026-04-13T08:08:13+00:00\",\"description\":\"Lintujen ruokinta-alusta tekee lintujen ateriasta puhtaampaa ja hygieenisemp\u00e4\u00e4. Lokero on valmistettu vahvasta polykarbonaatista.\",\"breadcrumb\":{\"@id\":\"https:\\\/\\\/rodoaed.ee\\\/fi\\\/toode\\\/lautanen-ruokailutiloihin-ring-pull\\\/#breadcrumb\"},\"inLanguage\":\"fi\",\"potentialAction\":[{\"@type\":\"ReadAction\",\"target\":[\"https:\\\/\\\/rodoaed.ee\\\/fi\\\/toode\\\/lautanen-ruokailutiloihin-ring-pull\\\/\"]}]},{\"@type\":\"ImageObject\",\"inLanguage\":\"fi\",\"@id\":\"https:\\\/\\\/rodoaed.ee\\\/fi\\\/toode\\\/lautanen-ruokailutiloihin-ring-pull\\\/#primaryimage\",\"url\":\"https:\\\/\\\/rodoaed.ee\\\/wp-content\\\/uploads\\\/2019\\\/07\\\/soogimaja-istumisalus.jpg\",\"contentUrl\":\"https:\\\/\\\/rodoaed.ee\\\/wp-content\\\/uploads\\\/2019\\\/07\\\/soogimaja-istumisalus.jpg\",\"width\":400,\"height\":305,\"caption\":\"tarjotin ruokaloita varten\"},{\"@type\":\"BreadcrumbList\",\"@id\":\"https:\\\/\\\/rodoaed.ee\\\/fi\\\/toode\\\/lautanen-ruokailutiloihin-ring-pull\\\/#breadcrumb\",\"itemListElement\":[{\"@type\":\"ListItem\",\"position\":1,\"name\":\"Home\",\"item\":\"https:\\\/\\\/rodoaed.ee\\\/fi\\\/\"},{\"@type\":\"ListItem\",\"position\":2,\"name\":\"Osta osoitteessa\",\"item\":\"https:\\\/\\\/rodoaed.ee\\\/osta-osoitteessa\\\/\"},{\"@type\":\"ListItem\",\"position\":3,\"name\":\"Lautanen ruokailutiloihin Ring-Pull\"}]},{\"@type\":\"WebSite\",\"@id\":\"https:\\\/\\\/rodoaed.ee\\\/#website\",\"url\":\"https:\\\/\\\/rodoaed.ee\\\/\",\"name\":\"Rodoaed\",\"description\":\"\",\"publisher\":{\"@id\":\"https:\\\/\\\/rodoaed.ee\\\/#organization\"},\"potentialAction\":[{\"@type\":\"SearchAction\",\"target\":{\"@type\":\"EntryPoint\",\"urlTemplate\":\"https:\\\/\\\/rodoaed.ee\\\/?s={search_term_string}\"},\"query-input\":{\"@type\":\"PropertyValueSpecification\",\"valueRequired\":true,\"valueName\":\"search_term_string\"}}],\"inLanguage\":\"fi\"},{\"@type\":\"Organization\",\"@id\":\"https:\\\/\\\/rodoaed.ee\\\/#organization\",\"name\":\"Rodoaed\",\"url\":\"https:\\\/\\\/rodoaed.ee\\\/\",\"logo\":{\"@type\":\"ImageObject\",\"inLanguage\":\"fi\",\"@id\":\"https:\\\/\\\/rodoaed.ee\\\/#\\\/schema\\\/logo\\\/image\\\/\",\"url\":\"https:\\\/\\\/rodoaed.ee\\\/wp-content\\\/uploads\\\/2019\\\/11\\\/rodoaed-logo-ilma-taustata.jpg\",\"contentUrl\":\"https:\\\/\\\/rodoaed.ee\\\/wp-content\\\/uploads\\\/2019\\\/11\\\/rodoaed-logo-ilma-taustata.jpg\",\"width\":769,\"height\":268,\"caption\":\"Rodoaed\"},\"image\":{\"@id\":\"https:\\\/\\\/rodoaed.ee\\\/#\\\/schema\\\/logo\\\/image\\\/\"},\"sameAs\":[\"https:\\\/\\\/www.facebook.com\\\/kasvuhooned\\\/\",\"https:\\\/\\\/rodoaed.ee\"]}]}<\/script>\n<!-- \/ Yoast SEO Premium plugin. -->","yoast_head_json":{"title":"Lautanen ruokailutiloihin Ring-Pull% % -% Rodoaed% castle taverns","description":"Lintujen ruokinta-alusta tekee lintujen ateriasta puhtaampaa ja hygieenisemp\u00e4\u00e4. Lokero on valmistettu vahvasta polykarbonaatista.","robots":{"index":"index","follow":"follow","max-snippet":"max-snippet:-1","max-image-preview":"max-image-preview:large","max-video-preview":"max-video-preview:-1"},"canonical":"https:\/\/rodoaed.ee\/fi\/toode\/lautanen-ruokailutiloihin-ring-pull\/","og_locale":"fi_FI","og_type":"article","og_title":"Lautanen ruokailutiloihin Ring-Pull","og_description":"Lautanen ruokailutiloihin Ring-Pull Tarjotin ruokakasseja varten. Korkealaatuisesta muovista valmistetut lintujen ruokintalautaset tekev\u00e4t lintujen","og_url":"https:\/\/rodoaed.ee\/fi\/toode\/lautanen-ruokailutiloihin-ring-pull\/","og_site_name":"Rodoaed","article_publisher":"https:\/\/www.facebook.com\/kasvuhooned\/","article_modified_time":"2026-04-13T08:08:13+00:00","og_image":[{"width":400,"height":305,"url":"https:\/\/rodoaed.ee\/wp-content\/uploads\/2019\/07\/soogimaja-istumisalus.jpg","type":"image\/jpeg"}],"twitter_card":"summary_large_image","schema":{"@context":"https:\/\/schema.org","@graph":[{"@type":"WebPage","@id":"https:\/\/rodoaed.ee\/fi\/toode\/lautanen-ruokailutiloihin-ring-pull\/","url":"https:\/\/rodoaed.ee\/fi\/toode\/lautanen-ruokailutiloihin-ring-pull\/","name":"Lautanen ruokailutiloihin Ring-Pull% % -% Rodoaed% castle taverns","isPartOf":{"@id":"https:\/\/rodoaed.ee\/#website"},"primaryImageOfPage":{"@id":"https:\/\/rodoaed.ee\/fi\/toode\/lautanen-ruokailutiloihin-ring-pull\/#primaryimage"},"image":{"@id":"https:\/\/rodoaed.ee\/fi\/toode\/lautanen-ruokailutiloihin-ring-pull\/#primaryimage"},"thumbnailUrl":"https:\/\/rodoaed.ee\/wp-content\/uploads\/2019\/07\/soogimaja-istumisalus.jpg","datePublished":"2019-08-02T09:54:42+00:00","dateModified":"2026-04-13T08:08:13+00:00","description":"Lintujen ruokinta-alusta tekee lintujen ateriasta puhtaampaa ja hygieenisemp\u00e4\u00e4. Lokero on valmistettu vahvasta polykarbonaatista.","breadcrumb":{"@id":"https:\/\/rodoaed.ee\/fi\/toode\/lautanen-ruokailutiloihin-ring-pull\/#breadcrumb"},"inLanguage":"fi","potentialAction":[{"@type":"ReadAction","target":["https:\/\/rodoaed.ee\/fi\/toode\/lautanen-ruokailutiloihin-ring-pull\/"]}]},{"@type":"ImageObject","inLanguage":"fi","@id":"https:\/\/rodoaed.ee\/fi\/toode\/lautanen-ruokailutiloihin-ring-pull\/#primaryimage","url":"https:\/\/rodoaed.ee\/wp-content\/uploads\/2019\/07\/soogimaja-istumisalus.jpg","contentUrl":"https:\/\/rodoaed.ee\/wp-content\/uploads\/2019\/07\/soogimaja-istumisalus.jpg","width":400,"height":305,"caption":"tarjotin ruokaloita varten"},{"@type":"BreadcrumbList","@id":"https:\/\/rodoaed.ee\/fi\/toode\/lautanen-ruokailutiloihin-ring-pull\/#breadcrumb","itemListElement":[{"@type":"ListItem","position":1,"name":"Home","item":"https:\/\/rodoaed.ee\/fi\/"},{"@type":"ListItem","position":2,"name":"Osta osoitteessa","item":"https:\/\/rodoaed.ee\/osta-osoitteessa\/"},{"@type":"ListItem","position":3,"name":"Lautanen ruokailutiloihin Ring-Pull"}]},{"@type":"WebSite","@id":"https:\/\/rodoaed.ee\/#website","url":"https:\/\/rodoaed.ee\/","name":"Rodoaed","description":"","publisher":{"@id":"https:\/\/rodoaed.ee\/#organization"},"potentialAction":[{"@type":"SearchAction","target":{"@type":"EntryPoint","urlTemplate":"https:\/\/rodoaed.ee\/?s={search_term_string}"},"query-input":{"@type":"PropertyValueSpecification","valueRequired":true,"valueName":"search_term_string"}}],"inLanguage":"fi"},{"@type":"Organization","@id":"https:\/\/rodoaed.ee\/#organization","name":"Rodoaed","url":"https:\/\/rodoaed.ee\/","logo":{"@type":"ImageObject","inLanguage":"fi","@id":"https:\/\/rodoaed.ee\/#\/schema\/logo\/image\/","url":"https:\/\/rodoaed.ee\/wp-content\/uploads\/2019\/11\/rodoaed-logo-ilma-taustata.jpg","contentUrl":"https:\/\/rodoaed.ee\/wp-content\/uploads\/2019\/11\/rodoaed-logo-ilma-taustata.jpg","width":769,"height":268,"caption":"Rodoaed"},"image":{"@id":"https:\/\/rodoaed.ee\/#\/schema\/logo\/image\/"},"sameAs":["https:\/\/www.facebook.com\/kasvuhooned\/","https:\/\/rodoaed.ee"]}]}},"_links":{"self":[{"href":"https:\/\/rodoaed.ee\/fi\/wp-json\/wp\/v2\/product\/53564","targetHints":{"allow":["GET"]}}],"collection":[{"href":"https:\/\/rodoaed.ee\/fi\/wp-json\/wp\/v2\/product"}],"about":[{"href":"https:\/\/rodoaed.ee\/fi\/wp-json\/wp\/v2\/types\/product"}],"wp:featuredmedia":[{"embeddable":true,"href":"https:\/\/rodoaed.ee\/fi\/wp-json\/wp\/v2\/media\/17602"}],"wp:attachment":[{"href":"https:\/\/rodoaed.ee\/fi\/wp-json\/wp\/v2\/media?parent=53564"}],"wp:term":[{"taxonomy":"product_brand","embeddable":true,"href":"https:\/\/rodoaed.ee\/fi\/wp-json\/wp\/v2\/product_brand?post=53564"},{"taxonomy":"product_cat","embeddable":true,"href":"https:\/\/rodoaed.ee\/fi\/wp-json\/wp\/v2\/product_cat?post=53564"},{"taxonomy":"product_tag","embeddable":true,"href":"https:\/\/rodoaed.ee\/fi\/wp-json\/wp\/v2\/product_tag?post=53564"}],"curies":[{"name":"wp","href":"https:\/\/api.w.org\/{rel}","templated":true}]}}