{"id":53565,"date":"2019-08-02T12:54:22","date_gmt":"2019-08-02T09:54:22","guid":{"rendered":"https:\/\/rodoaed.ee\/toode\/hidas-hiomakone-medium-ilman-moottoroitua-osaa\/"},"modified":"2026-04-13T11:08:14","modified_gmt":"2026-04-13T08:08:14","slug":"hidas-hiomakone-medium-ilman-moottoroitua-osaa","status":"publish","type":"product","link":"https:\/\/rodoaed.ee\/fi\/tuote\/hidas-hiomakone-medium-ilman-moottoroitua-osaa\/","title":{"rendered":"Hidas hiomakone MEDIUM ilman moottoroitua osaa"},"content":{"rendered":"<h2>TRE Spade -mehupuristimen suutin, joka kiinnitet\u00e4\u00e4n teholohkoon tai jauhinmyllyyn. MEDIUM on tarkoitettu kokoja TC8 ja TC12 varten. <\/h2>\n<p><strong>Soveltuu TRE Spade -murskaimiin ja saattaa soveltua my\u00f6s muiden valmistajien murskaimiin.<\/strong><\/p>\n<p><strong>Mehu- ja tomaattipuristimet on suunniteltu k\u00e4ytett\u00e4v\u00e4ksi kotikeitti\u00f6iss\u00e4, ravintoloissa ja kaupallisissa keitti\u00f6iss\u00e4.<\/strong><\/p>\n<p>TRE Spade -mehunpuristimet irrottavat marjoista tuoremehua murskaamalla ja erottamalla kuoret ja siemenet siististi toisistaan. Koneet ovat tehokkaita, mutta toimivat keskim\u00e4\u00e4r\u00e4ist\u00e4 alhaisemmalla nopeudella, mik\u00e4 s\u00e4\u00e4st\u00e4\u00e4 ravintoaineita ja vitamiineja. Kaupallisesti saatavilla olevat massamehuautomaatit jauhavat ja piiskaavat yleens\u00e4 kaiken hedelm\u00e4lihan ja siemenet, mutta perinteinen kylm\u00e4puristus s\u00e4ilytt\u00e4\u00e4 mehun aromin, maun ja rakenteen.  <\/p>\n<p>Jauhinsuuttimia voidaan lis\u00e4t\u00e4 my\u00f6s olemassa olevaan TRE Spade -jauhinmyllyyn. Jos sinulla on jo hakkuri, sinun ei tarvitse ostaa moottorin osaa uudelleen. <\/p>\n<p><em>TRE Spade -tuotemerkki on ollut tunnettu Euroopassa ja ymp\u00e4ri maailmaa yli 120 vuoden ajan eritt\u00e4in kest\u00e4vien eli &#8221;elinik\u00e4isten&#8221; keitti\u00f6koneiden valmistajana. T\u00e4h\u00e4n asti laitteet on valmistettu Euroopassa, Italian tehtaalla Torinossa.  Ainoastaan kest\u00e4vimpi\u00e4 materiaaleja, kuten ruostumatonta ter\u00e4st\u00e4 ja valurautaa, k\u00e4ytet\u00e4\u00e4n.<\/em><\/p>\n<p><em>TRE Spade on kuuluisa my\u00f6s palkituista muotoiluistaan. Tavallisesti ammattikeitti\u00f6ihin tarkoitettuja laitteita valmistavat tehtaat eiv\u00e4t aseta suunnittelua etusijalle, vaan tehokkuus on etusijalla. Italialainen edell\u00e4k\u00e4vij\u00e4 on kuitenkin tunnettu teknologisesta innovaatiosta, pitk\u00e4aikaisesta kest\u00e4vyydest\u00e4 ja palkitusta muotoilusta.   Viime vuosina heid\u00e4n tuotteilleen on my\u00f6nnetty useita Euroopan parhaita muotoilupalkintoja.<\/em><\/p>\n<h2>T\u00e4rkeimm\u00e4t ominaisuudet:<\/h2>\n<ul>\n<li>Runko, ruuvi ja ruuvirengas on valmistettu valuraudasta.<\/li>\n<li>Yl\u00e4alusta ja mehunker\u00e4ysalusta ruostumatonta ter\u00e4st\u00e4<\/li>\n<li><span style=\"line-height: 1;\">Nopea purkaminen k\u00e4tev\u00e4\u00e4 puhdistusta varten<\/span><\/li>\n<li><span style=\"line-height: 1;\">Helppo k\u00e4ytt\u00e4\u00e4<\/span><\/li>\n<li>Toimii alhaisella nopeudella (riippuu moottorin osasta).<\/li>\n<\/ul>\n<div data-fullscreen=\"disabled\" data-mode=\"normal\" data-oembed=\"1\" data-provider=\"youtube\" data-reset-after-played id=\"arve-youtube-7zipefgj8pg\" class=\"arve\">\n<div class=\"arve-inner\">\n<div style=\"aspect-ratio:1140\/641\" class=\"arve-embed arve-embed--has-aspect-ratio\">\n<div class=\"arve-ar\" style=\"padding-top:56.228070%\"><\/div>\n<p>\t\t\t<iframe allow=\"accelerometer &apos;none&apos;;autoplay &apos;none&apos;;bluetooth &apos;none&apos;;browsing-topics &apos;none&apos;;camera &apos;none&apos;;clipboard-read &apos;none&apos;;clipboard-write;display-capture &apos;none&apos;;encrypted-media &apos;none&apos;;gamepad &apos;none&apos;;geolocation &apos;none&apos;;gyroscope &apos;none&apos;;hid &apos;none&apos;;identity-credentials-get &apos;none&apos;;idle-detection &apos;none&apos;;keyboard-map &apos;none&apos;;local-fonts;magnetometer &apos;none&apos;;microphone &apos;none&apos;;midi &apos;none&apos;;otp-credentials &apos;none&apos;;payment &apos;none&apos;;picture-in-picture;publickey-credentials-create &apos;none&apos;;publickey-credentials-get &apos;none&apos;;screen-wake-lock &apos;none&apos;;serial &apos;none&apos;;summarizer &apos;none&apos;;sync-xhr;usb &apos;none&apos;;web-share;window-management &apos;none&apos;;xr-spatial-tracking &apos;none&apos;;\" allowfullscreen=\"\" class=\"arve-iframe fitvidsignore\" credentialless data-arve=\"arve-youtube-7zipefgj8pg\" data-lenis-prevent=\"\" data-src-no-ap=\"https:\/\/www.youtube-nocookie.com\/embed\/7ZIPeFgJ8pg?feature=oembed&amp;iv_load_policy=3&amp;modestbranding=1&amp;rel=0&amp;autohide=1&amp;playsinline=0&amp;autoplay=0&amp;enablejsapi=1\" frameborder=\"0\" height=\"0\" loading=\"lazy\" name=\"\" referrerpolicy=\"strict-origin-when-cross-origin\" sandbox=\"allow-scripts allow-same-origin allow-presentation allow-popups allow-popups-to-escape-sandbox\" scrolling=\"no\" src=\"https:\/\/www.youtube-nocookie.com\/embed\/7ZIPeFgJ8pg?feature=oembed&#038;iv_load_policy=3&#038;modestbranding=1&#038;rel=0&#038;autohide=1&#038;playsinline=0&#038;autoplay=0&#038;enablejsapi=1\" title=\"Toormahla tegemine TRE Spade mahlapressiga, 2 osa\" width=\"0\"><\/iframe><\/p><\/div>\n<\/p><\/div>\n<p>\t<script type=\"application\/ld+json\">{\"@context\":\"http:\\\/\\\/schema.org\\\/\",\"@id\":\"https:\\\/\\\/rodoaed.ee\\\/fi\\\/tuote\\\/hidas-hiomakone-medium-ilman-moottoroitua-osaa\\\/#arve-youtube-7zipefgj8pg\",\"type\":\"VideoObject\",\"embedURL\":\"https:\\\/\\\/www.youtube-nocookie.com\\\/embed\\\/7ZIPeFgJ8pg?feature=oembed&iv_load_policy=3&modestbranding=1&rel=0&autohide=1&playsinline=0&autoplay=0&enablejsapi=1\",\"name\":\"Toormahla tegemine TRE Spade mahlapressiga, 2 osa\",\"thumbnailUrl\":\"https:\\\/\\\/i.ytimg.com\\\/vi\\\/7ZIPeFgJ8pg\\\/hqdefault.jpg\",\"uploadDate\":\"2026-04-20T18:49:08+03:00\",\"author\":\"www.Rodoaed.ee\",\"description\":\"TRE Spade -mehupuristimen suutin, joka kiinnitet\\u00e4\\u00e4n teholohkoon tai jauhinmyllyyn. MEDIUM on tarkoitettu kokoja TC8 ja TC12 varten. Soveltuu TRE Spade -murskaimiin ja saattaa soveltua my\\u00f6s muiden valmistajien murskaimiin. Mehu- ja tomaattipuristimet on suunniteltu k\\u00e4ytett\\u00e4v\\u00e4ksi kotikeitti\\u00f6iss\\u00e4, ravi\"}<\/script><\/p>\n<\/div>\n","protected":false},"excerpt":{"rendered":"<p>TRE Spade -mehupuristimen suutin, joka kiinnitet\u00e4\u00e4n teholohkoon tai jauhinmyllyyn. MEDIUM on tarkoitettu kokoja TC8 ja TC12 varten. Soveltuu TRE Spade -murskaimiin ja saattaa soveltua my\u00f6s muiden valmistajien murskaimiin. Mehu- ja tomaattipuristimet on suunniteltu k\u00e4ytett\u00e4v\u00e4ksi kotikeitti\u00f6iss\u00e4, ravintoloissa ja kaupallisissa keitti\u00f6iss\u00e4. TRE Spade -mehunpuristimet irrottavat marjoista tuoremehua murskaamalla ja erottamalla kuoret ja siemenet siististi toisistaan. Koneet ovat tehokkaita, mutta toimivat keskim\u00e4\u00e4r\u00e4ist\u00e4 alhaisemmalla nopeudella, mik\u00e4 s\u00e4\u00e4st\u00e4\u00e4 ravintoaineita ja&#8230;<\/p>\n","protected":false},"featured_media":17655,"template":"","meta":{"_acf_changed":false},"product_brand":[],"product_cat":[1898,1751],"product_tag":[],"class_list":{"0":"post-53565","1":"product","2":"type-product","3":"status-publish","4":"has-post-thumbnail","6":"product_cat-hiontapuristimet","7":"product_cat-keittiolaitteet","8":"product_shipping_class-toimitus-1-3-tyopaivan-kuluessa","9":"pa_variatsioon-hiomakone-medium-ilman-moottoriosaa","11":"first","12":"onbackorder","13":"sale","14":"taxable","15":"shipping-taxable","16":"purchasable","17":"product-type-simple"},"acf":[],"yoast_head":"<!-- This site is optimized with the Yoast SEO Premium plugin v27.3 (Yoast SEO v27.3) - https:\/\/yoast.com\/product\/yoast-seo-premium-wordpress\/ -->\n<title>Hidas hiomakone MEDIUM ilman moottoroitua osaa -% Rodoaed-juicerit<\/title>\n<meta name=\"description\" content=\"TRE Spade -mehunpuristimet irrottavat marjoista tuoremehua murskaamalla ja erottamalla kuoret ja siemenet siististi toisistaan. Mehustin on suuritehoinen.\" \/>\n<meta name=\"robots\" content=\"index, follow, max-snippet:-1, max-image-preview:large, max-video-preview:-1\" \/>\n<link rel=\"canonical\" href=\"https:\/\/rodoaed.ee\/fi\/toode\/hidas-hiomakone-medium-ilman-moottoroitua-osaa\/\" \/>\n<meta property=\"og:locale\" content=\"fi_FI\" \/>\n<meta property=\"og:type\" content=\"article\" \/>\n<meta property=\"og:title\" content=\"Hidas hiomakone MEDIUM ilman moottoroitua osaa\" \/>\n<meta property=\"og:description\" content=\"TRE Spade -mehupuristimen suutin, joka kiinnitet\u00e4\u00e4n teholohkoon tai jauhinmyllyyn. MEDIUM on tarkoitettu kokoja TC8 ja TC12 varten. Soveltuu TRE Spade\" \/>\n<meta property=\"og:url\" content=\"https:\/\/rodoaed.ee\/fi\/toode\/hidas-hiomakone-medium-ilman-moottoroitua-osaa\/\" \/>\n<meta property=\"og:site_name\" content=\"Rodoaed\" \/>\n<meta property=\"article:publisher\" content=\"https:\/\/www.facebook.com\/kasvuhooned\/\" \/>\n<meta property=\"article:modified_time\" content=\"2026-04-13T08:08:14+00:00\" \/>\n<meta property=\"og:image\" content=\"https:\/\/rodoaed.ee\/wp-content\/uploads\/2019\/07\/mahlapressi-otsik_CORPO_SPREMI.jpg\" \/>\n\t<meta property=\"og:image:width\" content=\"752\" \/>\n\t<meta property=\"og:image:height\" content=\"800\" \/>\n\t<meta property=\"og:image:type\" content=\"image\/jpeg\" \/>\n<meta name=\"twitter:card\" content=\"summary_large_image\" \/>\n<meta name=\"twitter:label1\" content=\"Arvioitu lukuaika\" \/>\n\t<meta name=\"twitter:data1\" content=\"1 minuutti\" \/>\n<script type=\"application\/ld+json\" class=\"yoast-schema-graph\">{\"@context\":\"https:\\\/\\\/schema.org\",\"@graph\":[{\"@type\":\"WebPage\",\"@id\":\"https:\\\/\\\/rodoaed.ee\\\/fi\\\/toode\\\/hidas-hiomakone-medium-ilman-moottoroitua-osaa\\\/\",\"url\":\"https:\\\/\\\/rodoaed.ee\\\/fi\\\/toode\\\/hidas-hiomakone-medium-ilman-moottoroitua-osaa\\\/\",\"name\":\"Hidas hiomakone MEDIUM ilman moottoroitua osaa -% Rodoaed-juicerit\",\"isPartOf\":{\"@id\":\"https:\\\/\\\/rodoaed.ee\\\/#website\"},\"primaryImageOfPage\":{\"@id\":\"https:\\\/\\\/rodoaed.ee\\\/fi\\\/toode\\\/hidas-hiomakone-medium-ilman-moottoroitua-osaa\\\/#primaryimage\"},\"image\":{\"@id\":\"https:\\\/\\\/rodoaed.ee\\\/fi\\\/toode\\\/hidas-hiomakone-medium-ilman-moottoroitua-osaa\\\/#primaryimage\"},\"thumbnailUrl\":\"https:\\\/\\\/rodoaed.ee\\\/wp-content\\\/uploads\\\/2019\\\/07\\\/mahlapressi-otsik_CORPO_SPREMI.jpg\",\"datePublished\":\"2019-08-02T09:54:22+00:00\",\"dateModified\":\"2026-04-13T08:08:14+00:00\",\"description\":\"TRE Spade -mehunpuristimet irrottavat marjoista tuoremehua murskaamalla ja erottamalla kuoret ja siemenet siististi toisistaan. Mehustin on suuritehoinen.\",\"breadcrumb\":{\"@id\":\"https:\\\/\\\/rodoaed.ee\\\/fi\\\/toode\\\/hidas-hiomakone-medium-ilman-moottoroitua-osaa\\\/#breadcrumb\"},\"inLanguage\":\"fi\",\"potentialAction\":[{\"@type\":\"ReadAction\",\"target\":[\"https:\\\/\\\/rodoaed.ee\\\/fi\\\/toode\\\/hidas-hiomakone-medium-ilman-moottoroitua-osaa\\\/\"]}]},{\"@type\":\"ImageObject\",\"inLanguage\":\"fi\",\"@id\":\"https:\\\/\\\/rodoaed.ee\\\/fi\\\/toode\\\/hidas-hiomakone-medium-ilman-moottoroitua-osaa\\\/#primaryimage\",\"url\":\"https:\\\/\\\/rodoaed.ee\\\/wp-content\\\/uploads\\\/2019\\\/07\\\/mahlapressi-otsik_CORPO_SPREMI.jpg\",\"contentUrl\":\"https:\\\/\\\/rodoaed.ee\\\/wp-content\\\/uploads\\\/2019\\\/07\\\/mahlapressi-otsik_CORPO_SPREMI.jpg\",\"width\":752,\"height\":800},{\"@type\":\"BreadcrumbList\",\"@id\":\"https:\\\/\\\/rodoaed.ee\\\/fi\\\/toode\\\/hidas-hiomakone-medium-ilman-moottoroitua-osaa\\\/#breadcrumb\",\"itemListElement\":[{\"@type\":\"ListItem\",\"position\":1,\"name\":\"Home\",\"item\":\"https:\\\/\\\/rodoaed.ee\\\/fi\\\/\"},{\"@type\":\"ListItem\",\"position\":2,\"name\":\"Osta osoitteessa\",\"item\":\"https:\\\/\\\/rodoaed.ee\\\/osta-osoitteessa\\\/\"},{\"@type\":\"ListItem\",\"position\":3,\"name\":\"Hidas hiomakone MEDIUM ilman moottoroitua osaa\"}]},{\"@type\":\"WebSite\",\"@id\":\"https:\\\/\\\/rodoaed.ee\\\/#website\",\"url\":\"https:\\\/\\\/rodoaed.ee\\\/\",\"name\":\"Rodoaed\",\"description\":\"\",\"publisher\":{\"@id\":\"https:\\\/\\\/rodoaed.ee\\\/#organization\"},\"potentialAction\":[{\"@type\":\"SearchAction\",\"target\":{\"@type\":\"EntryPoint\",\"urlTemplate\":\"https:\\\/\\\/rodoaed.ee\\\/?s={search_term_string}\"},\"query-input\":{\"@type\":\"PropertyValueSpecification\",\"valueRequired\":true,\"valueName\":\"search_term_string\"}}],\"inLanguage\":\"fi\"},{\"@type\":\"Organization\",\"@id\":\"https:\\\/\\\/rodoaed.ee\\\/#organization\",\"name\":\"Rodoaed\",\"url\":\"https:\\\/\\\/rodoaed.ee\\\/\",\"logo\":{\"@type\":\"ImageObject\",\"inLanguage\":\"fi\",\"@id\":\"https:\\\/\\\/rodoaed.ee\\\/#\\\/schema\\\/logo\\\/image\\\/\",\"url\":\"https:\\\/\\\/rodoaed.ee\\\/wp-content\\\/uploads\\\/2019\\\/11\\\/rodoaed-logo-ilma-taustata.jpg\",\"contentUrl\":\"https:\\\/\\\/rodoaed.ee\\\/wp-content\\\/uploads\\\/2019\\\/11\\\/rodoaed-logo-ilma-taustata.jpg\",\"width\":769,\"height\":268,\"caption\":\"Rodoaed\"},\"image\":{\"@id\":\"https:\\\/\\\/rodoaed.ee\\\/#\\\/schema\\\/logo\\\/image\\\/\"},\"sameAs\":[\"https:\\\/\\\/www.facebook.com\\\/kasvuhooned\\\/\",\"https:\\\/\\\/rodoaed.ee\"]}]}<\/script>\n<!-- \/ Yoast SEO Premium plugin. -->","yoast_head_json":{"title":"Hidas hiomakone MEDIUM ilman moottoroitua osaa -% Rodoaed-juicerit","description":"TRE Spade -mehunpuristimet irrottavat marjoista tuoremehua murskaamalla ja erottamalla kuoret ja siemenet siististi toisistaan. Mehustin on suuritehoinen.","robots":{"index":"index","follow":"follow","max-snippet":"max-snippet:-1","max-image-preview":"max-image-preview:large","max-video-preview":"max-video-preview:-1"},"canonical":"https:\/\/rodoaed.ee\/fi\/toode\/hidas-hiomakone-medium-ilman-moottoroitua-osaa\/","og_locale":"fi_FI","og_type":"article","og_title":"Hidas hiomakone MEDIUM ilman moottoroitua osaa","og_description":"TRE Spade -mehupuristimen suutin, joka kiinnitet\u00e4\u00e4n teholohkoon tai jauhinmyllyyn. MEDIUM on tarkoitettu kokoja TC8 ja TC12 varten. Soveltuu TRE Spade","og_url":"https:\/\/rodoaed.ee\/fi\/toode\/hidas-hiomakone-medium-ilman-moottoroitua-osaa\/","og_site_name":"Rodoaed","article_publisher":"https:\/\/www.facebook.com\/kasvuhooned\/","article_modified_time":"2026-04-13T08:08:14+00:00","og_image":[{"width":752,"height":800,"url":"https:\/\/rodoaed.ee\/wp-content\/uploads\/2019\/07\/mahlapressi-otsik_CORPO_SPREMI.jpg","type":"image\/jpeg"}],"twitter_card":"summary_large_image","twitter_misc":{"Arvioitu lukuaika":"1 minuutti"},"schema":{"@context":"https:\/\/schema.org","@graph":[{"@type":"WebPage","@id":"https:\/\/rodoaed.ee\/fi\/toode\/hidas-hiomakone-medium-ilman-moottoroitua-osaa\/","url":"https:\/\/rodoaed.ee\/fi\/toode\/hidas-hiomakone-medium-ilman-moottoroitua-osaa\/","name":"Hidas hiomakone MEDIUM ilman moottoroitua osaa -% Rodoaed-juicerit","isPartOf":{"@id":"https:\/\/rodoaed.ee\/#website"},"primaryImageOfPage":{"@id":"https:\/\/rodoaed.ee\/fi\/toode\/hidas-hiomakone-medium-ilman-moottoroitua-osaa\/#primaryimage"},"image":{"@id":"https:\/\/rodoaed.ee\/fi\/toode\/hidas-hiomakone-medium-ilman-moottoroitua-osaa\/#primaryimage"},"thumbnailUrl":"https:\/\/rodoaed.ee\/wp-content\/uploads\/2019\/07\/mahlapressi-otsik_CORPO_SPREMI.jpg","datePublished":"2019-08-02T09:54:22+00:00","dateModified":"2026-04-13T08:08:14+00:00","description":"TRE Spade -mehunpuristimet irrottavat marjoista tuoremehua murskaamalla ja erottamalla kuoret ja siemenet siististi toisistaan. Mehustin on suuritehoinen.","breadcrumb":{"@id":"https:\/\/rodoaed.ee\/fi\/toode\/hidas-hiomakone-medium-ilman-moottoroitua-osaa\/#breadcrumb"},"inLanguage":"fi","potentialAction":[{"@type":"ReadAction","target":["https:\/\/rodoaed.ee\/fi\/toode\/hidas-hiomakone-medium-ilman-moottoroitua-osaa\/"]}]},{"@type":"ImageObject","inLanguage":"fi","@id":"https:\/\/rodoaed.ee\/fi\/toode\/hidas-hiomakone-medium-ilman-moottoroitua-osaa\/#primaryimage","url":"https:\/\/rodoaed.ee\/wp-content\/uploads\/2019\/07\/mahlapressi-otsik_CORPO_SPREMI.jpg","contentUrl":"https:\/\/rodoaed.ee\/wp-content\/uploads\/2019\/07\/mahlapressi-otsik_CORPO_SPREMI.jpg","width":752,"height":800},{"@type":"BreadcrumbList","@id":"https:\/\/rodoaed.ee\/fi\/toode\/hidas-hiomakone-medium-ilman-moottoroitua-osaa\/#breadcrumb","itemListElement":[{"@type":"ListItem","position":1,"name":"Home","item":"https:\/\/rodoaed.ee\/fi\/"},{"@type":"ListItem","position":2,"name":"Osta osoitteessa","item":"https:\/\/rodoaed.ee\/osta-osoitteessa\/"},{"@type":"ListItem","position":3,"name":"Hidas hiomakone MEDIUM ilman moottoroitua osaa"}]},{"@type":"WebSite","@id":"https:\/\/rodoaed.ee\/#website","url":"https:\/\/rodoaed.ee\/","name":"Rodoaed","description":"","publisher":{"@id":"https:\/\/rodoaed.ee\/#organization"},"potentialAction":[{"@type":"SearchAction","target":{"@type":"EntryPoint","urlTemplate":"https:\/\/rodoaed.ee\/?s={search_term_string}"},"query-input":{"@type":"PropertyValueSpecification","valueRequired":true,"valueName":"search_term_string"}}],"inLanguage":"fi"},{"@type":"Organization","@id":"https:\/\/rodoaed.ee\/#organization","name":"Rodoaed","url":"https:\/\/rodoaed.ee\/","logo":{"@type":"ImageObject","inLanguage":"fi","@id":"https:\/\/rodoaed.ee\/#\/schema\/logo\/image\/","url":"https:\/\/rodoaed.ee\/wp-content\/uploads\/2019\/11\/rodoaed-logo-ilma-taustata.jpg","contentUrl":"https:\/\/rodoaed.ee\/wp-content\/uploads\/2019\/11\/rodoaed-logo-ilma-taustata.jpg","width":769,"height":268,"caption":"Rodoaed"},"image":{"@id":"https:\/\/rodoaed.ee\/#\/schema\/logo\/image\/"},"sameAs":["https:\/\/www.facebook.com\/kasvuhooned\/","https:\/\/rodoaed.ee"]}]}},"_links":{"self":[{"href":"https:\/\/rodoaed.ee\/fi\/wp-json\/wp\/v2\/product\/53565","targetHints":{"allow":["GET"]}}],"collection":[{"href":"https:\/\/rodoaed.ee\/fi\/wp-json\/wp\/v2\/product"}],"about":[{"href":"https:\/\/rodoaed.ee\/fi\/wp-json\/wp\/v2\/types\/product"}],"wp:featuredmedia":[{"embeddable":true,"href":"https:\/\/rodoaed.ee\/fi\/wp-json\/wp\/v2\/media\/17655"}],"wp:attachment":[{"href":"https:\/\/rodoaed.ee\/fi\/wp-json\/wp\/v2\/media?parent=53565"}],"wp:term":[{"taxonomy":"product_brand","embeddable":true,"href":"https:\/\/rodoaed.ee\/fi\/wp-json\/wp\/v2\/product_brand?post=53565"},{"taxonomy":"product_cat","embeddable":true,"href":"https:\/\/rodoaed.ee\/fi\/wp-json\/wp\/v2\/product_cat?post=53565"},{"taxonomy":"product_tag","embeddable":true,"href":"https:\/\/rodoaed.ee\/fi\/wp-json\/wp\/v2\/product_tag?post=53565"}],"curies":[{"name":"wp","href":"https:\/\/api.w.org\/{rel}","templated":true}]}}