{"id":53566,"date":"2019-08-02T12:54:42","date_gmt":"2019-08-02T09:54:42","guid":{"rendered":"https:\/\/rodoaed.ee\/toode\/ruoan-kuivausrumpu-atacama-pro\/"},"modified":"2026-04-13T11:08:18","modified_gmt":"2026-04-13T08:08:18","slug":"ruoan-kuivausrumpu-atacama-pro","status":"publish","type":"product","link":"https:\/\/rodoaed.ee\/fi\/tuote\/ruoan-kuivausrumpu-atacama-pro\/","title":{"rendered":"Ruoan kuivausrumpu Atacama Pro"},"content":{"rendered":"<h2><span style=\"font-family: Tahoma, Geneva, sans-serif; font-size: 16px; font-style: normal; font-variant-caps: normal; font-weight: bold;\">Kasvien ja elintarvikkeiden nopeaan, k\u00e4tev\u00e4\u00e4n ja hygieeniseen kuivaamiseen. Saat terveellisen lopputuloksen nopeasti ja turvallisesti automaattisten kuivaustilojen ansiosta. <\/span><\/h2>\n<p>T\u00e4ll\u00e4 kuivauslaitteella voit kuivata k\u00e4yt\u00e4nn\u00f6ss\u00e4 mit\u00e4 tahansa niin, ett\u00e4 vitamiinit, kivenn\u00e4isaineet ja aurinkoenergia s\u00e4ilyv\u00e4t. L\u00e4\u00e4kekasvit, juuret, mukulat, kasvimateriaali, kuten kukat, lehdet, hedelm\u00e4t ja juuret. My\u00f6s sienet, marjat mets\u00e4st\u00e4 ja puutarhasta. Hedelm\u00e4t &#8211; omenat, p\u00e4\u00e4ryn\u00e4t, luumut&#8230; Mutta ei vain. Voit k\u00e4ytt\u00e4\u00e4 dehydraattoria my\u00f6s lihan, kalan ja muiden elintarvikkeiden kuivattamiseen.<\/p>\n<p>Raakaruoan yst\u00e4v\u00e4t voivat kuivata omia leip\u00e4- ja vihannessekoituksiaan. Retkeilij\u00e4t voivat valmistaa pitk\u00e4\u00e4n s\u00e4ilyvi\u00e4 jouluherkkuja mukaansa. T\u00e4m\u00e4n kuivauslaitteen k\u00e4yt\u00e4nn\u00f6n sovelluksia on liian paljon lueteltavaksi t\u00e4ss\u00e4.  <\/p>\n<p><strong>Tre Spade -ruokakuivaimet ovat Euroopan suosituimpia ja luotettavimpia ruokakuivaimia. Tre Spade Takaje -tyhji\u00f6pakkauslaitteet puolestaan voittivat hiljattain Euroopan parhaat muotoilupalkinnot vuosina 2014 ja 2016. <\/strong><\/p>\n<h2>T\u00e4rkeimm\u00e4t ominaisuudet:<\/h2>\n<ul>\n<li><strong>Maalattua ter\u00e4st\u00e4 ja vahvistettua nailonkuitua <\/strong>sis\u00e4lt\u00e4v\u00e4 kotelo.<\/li>\n<li>Digitaalisella n\u00e4yt\u00f6ll\u00e4 varustettu ohjauspaneeli antaa yleiskuvan koko k\u00e4ynniss\u00e4 olevasta prosessista (l\u00e4mp\u00f6tila, ohjelma ja j\u00e4ljell\u00e4 oleva aika).<\/li>\n<li>Termostaatti kuivausl\u00e4mp\u00f6tilan s\u00e4\u00e4t\u00f6\u00e4 varten<\/li>\n<li>Patentoitu Wide Flow -tekniikka nopeuttaa ja tasoittaa kuivausprosessia ja v\u00e4hent\u00e4\u00e4 energiankulutusta.<\/li>\n<li>5 erilaista automaattista ohjelmaa mukavaan k\u00e4ytt\u00f6\u00f6n, +1 EVO-ohjelma edistyneille k\u00e4ytt\u00e4jille, jossa aikaa, l\u00e4mp\u00f6tilaa ja ilmanvaihdon voimakkuutta voidaan muuttaa, +1 DELAY-ohjelma ajastettuun k\u00e4ytt\u00f6\u00f6n.<\/li>\n<li>Yll\u00e4pitoj\u00e4rjestelm\u00e4 on automaattinen ohjelmien p\u00e4\u00e4ttyess\u00e4<\/li>\n<li>Liukumista ja t\u00e4rin\u00e4\u00e4 kest\u00e4v\u00e4t kumijalat<\/li>\n<li>Helppo k\u00e4ytt\u00e4\u00e4<\/li>\n<li>Kompakti ja kevyt<\/li>\n<\/ul>\n<h2>Tekniset tiedot:<\/h2>\n<ul>\n<li>Paino: 5,5 kg<\/li>\n<li>Mitat: 27x26x50 cm<\/li>\n<li>Teho: 500 W<\/li>\n<li><span style=\"line-height: 1;\">Tuulettimen teho: 15 W<\/span><\/li>\n<li><strong>6 elintarvikeyst\u00e4v\u00e4llist\u00e4 ABS-materiaalista valmistettua kuivauslaatikkoa<\/strong><\/li>\n<li><strong>K\u00e4ytt\u00f6kelpoinen kuivauksen kokonaispinta-ala 5500 cm2<\/strong><\/li>\n<\/ul>\n<div>\n<p><a href=\"https:\/\/rodoaed.ee\/fi\/\">kotisivu<\/a> <a href=\"https:\/\/rodoaed.ee\/fi\/tootekategooria\/keittiolaitteet\/\">k\u00e4ynnist\u00e4<\/a> <a href=\"https:\/\/rodoaed.ee\/fi\/tootekategooria\/keittiolaitteet\/elintarvikkeiden-kuivausrummut\/\">elintarvikekuivurit<\/a><\/p>\n<p>&nbsp;<\/p>\n<\/div>\n","protected":false},"excerpt":{"rendered":"<p>Kasvien ja elintarvikkeiden nopeaan, k\u00e4tev\u00e4\u00e4n ja hygieeniseen kuivaamiseen. Saat terveellisen lopputuloksen nopeasti ja turvallisesti automaattisten kuivaustilojen ansiosta. T\u00e4ll\u00e4 kuivauslaitteella voit kuivata k\u00e4yt\u00e4nn\u00f6ss\u00e4 mit\u00e4 tahansa niin, ett\u00e4 vitamiinit, kivenn\u00e4isaineet ja aurinkoenergia s\u00e4ilyv\u00e4t. L\u00e4\u00e4kekasvit, juuret, mukulat, kasvimateriaali, kuten kukat, lehdet, hedelm\u00e4t ja juuret. My\u00f6s sienet, marjat mets\u00e4st\u00e4 ja puutarhasta. Hedelm\u00e4t &#8211; omenat, p\u00e4\u00e4ryn\u00e4t, luumut&#8230; Mutta ei vain. Voit k\u00e4ytt\u00e4\u00e4 dehydraattoria my\u00f6s lihan, kalan ja muiden elintarvikkeiden kuivattamiseen&#8230;.<\/p>\n","protected":false},"featured_media":17230,"template":"","meta":{"_acf_changed":false},"product_brand":[],"product_cat":[1770,1743,1745],"product_tag":[],"class_list":{"0":"post-53566","1":"product","2":"type-product","3":"status-publish","4":"has-post-thumbnail","6":"product_cat-elintarvikkeiden-kuivausrummut","7":"product_cat-lisalahjat-lahjat","8":"product_cat-suuri-varaston-tyhjennysmyynti","9":"product_shipping_class-toimitus-1-3-tyopaivan-kuluessa","10":"pa_variatsioon-15-uutta-elintarvikkeiden-kuivausrumpu-atacama-pro","12":"first","13":"instock","14":"sale","15":"taxable","16":"shipping-taxable","17":"purchasable","18":"product-type-simple"},"acf":[],"yoast_head":"<!-- This site is optimized with the Yoast SEO Premium plugin v27.3 (Yoast SEO v27.3) - https:\/\/yoast.com\/product\/yoast-seo-premium-wordpress\/ -->\n<title>Ruoan kuivausrumpu Atacama Pro - Rodoaed<\/title>\n<meta name=\"description\" content=\"T\u00e4ll\u00e4 kuivauslaitteella voit kuivata k\u00e4yt\u00e4nn\u00f6ss\u00e4 mit\u00e4 tahansa s\u00e4ilytt\u00e4en vitamiineja, kivenn\u00e4isaineita ja aurinkoenergiaa. Liha, kala, raakaruoka, sienet ja yrtit.\" \/>\n<meta name=\"robots\" content=\"index, follow, max-snippet:-1, max-image-preview:large, max-video-preview:-1\" \/>\n<link rel=\"canonical\" href=\"https:\/\/rodoaed.ee\/fi\/toode\/ruoan-kuivausrumpu-atacama-pro\/\" \/>\n<meta property=\"og:locale\" content=\"fi_FI\" \/>\n<meta property=\"og:type\" content=\"article\" \/>\n<meta property=\"og:title\" content=\"Ruoan kuivausrumpu Atacama Pro\" \/>\n<meta property=\"og:description\" content=\"Kasvien ja elintarvikkeiden nopeaan, k\u00e4tev\u00e4\u00e4n ja hygieeniseen kuivaamiseen. Saat terveellisen lopputuloksen nopeasti ja turvallisesti automaattisten\" \/>\n<meta property=\"og:url\" content=\"https:\/\/rodoaed.ee\/fi\/toode\/ruoan-kuivausrumpu-atacama-pro\/\" \/>\n<meta property=\"og:site_name\" content=\"Rodoaed\" \/>\n<meta property=\"article:publisher\" content=\"https:\/\/www.facebook.com\/kasvuhooned\/\" \/>\n<meta property=\"article:modified_time\" content=\"2026-04-13T08:08:18+00:00\" \/>\n<meta property=\"og:image\" content=\"https:\/\/rodoaed.ee\/wp-content\/uploads\/2019\/07\/toidukuivati_Acatama-PRO_s.jpg\" \/>\n\t<meta property=\"og:image:width\" content=\"4192\" \/>\n\t<meta property=\"og:image:height\" content=\"3040\" \/>\n\t<meta property=\"og:image:type\" content=\"image\/jpeg\" \/>\n<meta name=\"twitter:card\" content=\"summary_large_image\" \/>\n<meta name=\"twitter:label1\" content=\"Arvioitu lukuaika\" \/>\n\t<meta name=\"twitter:data1\" content=\"1 minuutti\" \/>\n<script type=\"application\/ld+json\" class=\"yoast-schema-graph\">{\"@context\":\"https:\\\/\\\/schema.org\",\"@graph\":[{\"@type\":\"WebPage\",\"@id\":\"https:\\\/\\\/rodoaed.ee\\\/fi\\\/toode\\\/ruoan-kuivausrumpu-atacama-pro\\\/\",\"url\":\"https:\\\/\\\/rodoaed.ee\\\/fi\\\/toode\\\/ruoan-kuivausrumpu-atacama-pro\\\/\",\"name\":\"Ruoan kuivausrumpu Atacama Pro - Rodoaed\",\"isPartOf\":{\"@id\":\"https:\\\/\\\/rodoaed.ee\\\/#website\"},\"primaryImageOfPage\":{\"@id\":\"https:\\\/\\\/rodoaed.ee\\\/fi\\\/toode\\\/ruoan-kuivausrumpu-atacama-pro\\\/#primaryimage\"},\"image\":{\"@id\":\"https:\\\/\\\/rodoaed.ee\\\/fi\\\/toode\\\/ruoan-kuivausrumpu-atacama-pro\\\/#primaryimage\"},\"thumbnailUrl\":\"https:\\\/\\\/rodoaed.ee\\\/wp-content\\\/uploads\\\/2019\\\/07\\\/toidukuivati_Acatama-PRO_s.jpg\",\"datePublished\":\"2019-08-02T09:54:42+00:00\",\"dateModified\":\"2026-04-13T08:08:18+00:00\",\"description\":\"T\u00e4ll\u00e4 kuivauslaitteella voit kuivata k\u00e4yt\u00e4nn\u00f6ss\u00e4 mit\u00e4 tahansa s\u00e4ilytt\u00e4en vitamiineja, kivenn\u00e4isaineita ja aurinkoenergiaa. Liha, kala, raakaruoka, sienet ja yrtit.\",\"breadcrumb\":{\"@id\":\"https:\\\/\\\/rodoaed.ee\\\/fi\\\/toode\\\/ruoan-kuivausrumpu-atacama-pro\\\/#breadcrumb\"},\"inLanguage\":\"fi\",\"potentialAction\":[{\"@type\":\"ReadAction\",\"target\":[\"https:\\\/\\\/rodoaed.ee\\\/fi\\\/toode\\\/ruoan-kuivausrumpu-atacama-pro\\\/\"]}]},{\"@type\":\"ImageObject\",\"inLanguage\":\"fi\",\"@id\":\"https:\\\/\\\/rodoaed.ee\\\/fi\\\/toode\\\/ruoan-kuivausrumpu-atacama-pro\\\/#primaryimage\",\"url\":\"https:\\\/\\\/rodoaed.ee\\\/wp-content\\\/uploads\\\/2019\\\/07\\\/toidukuivati_Acatama-PRO_s.jpg\",\"contentUrl\":\"https:\\\/\\\/rodoaed.ee\\\/wp-content\\\/uploads\\\/2019\\\/07\\\/toidukuivati_Acatama-PRO_s.jpg\",\"width\":4192,\"height\":3040},{\"@type\":\"BreadcrumbList\",\"@id\":\"https:\\\/\\\/rodoaed.ee\\\/fi\\\/toode\\\/ruoan-kuivausrumpu-atacama-pro\\\/#breadcrumb\",\"itemListElement\":[{\"@type\":\"ListItem\",\"position\":1,\"name\":\"Home\",\"item\":\"https:\\\/\\\/rodoaed.ee\\\/fi\\\/\"},{\"@type\":\"ListItem\",\"position\":2,\"name\":\"Osta osoitteessa\",\"item\":\"https:\\\/\\\/rodoaed.ee\\\/osta-osoitteessa\\\/\"},{\"@type\":\"ListItem\",\"position\":3,\"name\":\"Ruoan kuivausrumpu Atacama Pro\"}]},{\"@type\":\"WebSite\",\"@id\":\"https:\\\/\\\/rodoaed.ee\\\/#website\",\"url\":\"https:\\\/\\\/rodoaed.ee\\\/\",\"name\":\"Rodoaed\",\"description\":\"\",\"publisher\":{\"@id\":\"https:\\\/\\\/rodoaed.ee\\\/#organization\"},\"potentialAction\":[{\"@type\":\"SearchAction\",\"target\":{\"@type\":\"EntryPoint\",\"urlTemplate\":\"https:\\\/\\\/rodoaed.ee\\\/?s={search_term_string}\"},\"query-input\":{\"@type\":\"PropertyValueSpecification\",\"valueRequired\":true,\"valueName\":\"search_term_string\"}}],\"inLanguage\":\"fi\"},{\"@type\":\"Organization\",\"@id\":\"https:\\\/\\\/rodoaed.ee\\\/#organization\",\"name\":\"Rodoaed\",\"url\":\"https:\\\/\\\/rodoaed.ee\\\/\",\"logo\":{\"@type\":\"ImageObject\",\"inLanguage\":\"fi\",\"@id\":\"https:\\\/\\\/rodoaed.ee\\\/#\\\/schema\\\/logo\\\/image\\\/\",\"url\":\"https:\\\/\\\/rodoaed.ee\\\/wp-content\\\/uploads\\\/2019\\\/11\\\/rodoaed-logo-ilma-taustata.jpg\",\"contentUrl\":\"https:\\\/\\\/rodoaed.ee\\\/wp-content\\\/uploads\\\/2019\\\/11\\\/rodoaed-logo-ilma-taustata.jpg\",\"width\":769,\"height\":268,\"caption\":\"Rodoaed\"},\"image\":{\"@id\":\"https:\\\/\\\/rodoaed.ee\\\/#\\\/schema\\\/logo\\\/image\\\/\"},\"sameAs\":[\"https:\\\/\\\/www.facebook.com\\\/kasvuhooned\\\/\",\"https:\\\/\\\/rodoaed.ee\"]}]}<\/script>\n<!-- \/ Yoast SEO Premium plugin. -->","yoast_head_json":{"title":"Ruoan kuivausrumpu Atacama Pro - Rodoaed","description":"T\u00e4ll\u00e4 kuivauslaitteella voit kuivata k\u00e4yt\u00e4nn\u00f6ss\u00e4 mit\u00e4 tahansa s\u00e4ilytt\u00e4en vitamiineja, kivenn\u00e4isaineita ja aurinkoenergiaa. Liha, kala, raakaruoka, sienet ja yrtit.","robots":{"index":"index","follow":"follow","max-snippet":"max-snippet:-1","max-image-preview":"max-image-preview:large","max-video-preview":"max-video-preview:-1"},"canonical":"https:\/\/rodoaed.ee\/fi\/toode\/ruoan-kuivausrumpu-atacama-pro\/","og_locale":"fi_FI","og_type":"article","og_title":"Ruoan kuivausrumpu Atacama Pro","og_description":"Kasvien ja elintarvikkeiden nopeaan, k\u00e4tev\u00e4\u00e4n ja hygieeniseen kuivaamiseen. Saat terveellisen lopputuloksen nopeasti ja turvallisesti automaattisten","og_url":"https:\/\/rodoaed.ee\/fi\/toode\/ruoan-kuivausrumpu-atacama-pro\/","og_site_name":"Rodoaed","article_publisher":"https:\/\/www.facebook.com\/kasvuhooned\/","article_modified_time":"2026-04-13T08:08:18+00:00","og_image":[{"width":4192,"height":3040,"url":"https:\/\/rodoaed.ee\/wp-content\/uploads\/2019\/07\/toidukuivati_Acatama-PRO_s.jpg","type":"image\/jpeg"}],"twitter_card":"summary_large_image","twitter_misc":{"Arvioitu lukuaika":"1 minuutti"},"schema":{"@context":"https:\/\/schema.org","@graph":[{"@type":"WebPage","@id":"https:\/\/rodoaed.ee\/fi\/toode\/ruoan-kuivausrumpu-atacama-pro\/","url":"https:\/\/rodoaed.ee\/fi\/toode\/ruoan-kuivausrumpu-atacama-pro\/","name":"Ruoan kuivausrumpu Atacama Pro - Rodoaed","isPartOf":{"@id":"https:\/\/rodoaed.ee\/#website"},"primaryImageOfPage":{"@id":"https:\/\/rodoaed.ee\/fi\/toode\/ruoan-kuivausrumpu-atacama-pro\/#primaryimage"},"image":{"@id":"https:\/\/rodoaed.ee\/fi\/toode\/ruoan-kuivausrumpu-atacama-pro\/#primaryimage"},"thumbnailUrl":"https:\/\/rodoaed.ee\/wp-content\/uploads\/2019\/07\/toidukuivati_Acatama-PRO_s.jpg","datePublished":"2019-08-02T09:54:42+00:00","dateModified":"2026-04-13T08:08:18+00:00","description":"T\u00e4ll\u00e4 kuivauslaitteella voit kuivata k\u00e4yt\u00e4nn\u00f6ss\u00e4 mit\u00e4 tahansa s\u00e4ilytt\u00e4en vitamiineja, kivenn\u00e4isaineita ja aurinkoenergiaa. Liha, kala, raakaruoka, sienet ja yrtit.","breadcrumb":{"@id":"https:\/\/rodoaed.ee\/fi\/toode\/ruoan-kuivausrumpu-atacama-pro\/#breadcrumb"},"inLanguage":"fi","potentialAction":[{"@type":"ReadAction","target":["https:\/\/rodoaed.ee\/fi\/toode\/ruoan-kuivausrumpu-atacama-pro\/"]}]},{"@type":"ImageObject","inLanguage":"fi","@id":"https:\/\/rodoaed.ee\/fi\/toode\/ruoan-kuivausrumpu-atacama-pro\/#primaryimage","url":"https:\/\/rodoaed.ee\/wp-content\/uploads\/2019\/07\/toidukuivati_Acatama-PRO_s.jpg","contentUrl":"https:\/\/rodoaed.ee\/wp-content\/uploads\/2019\/07\/toidukuivati_Acatama-PRO_s.jpg","width":4192,"height":3040},{"@type":"BreadcrumbList","@id":"https:\/\/rodoaed.ee\/fi\/toode\/ruoan-kuivausrumpu-atacama-pro\/#breadcrumb","itemListElement":[{"@type":"ListItem","position":1,"name":"Home","item":"https:\/\/rodoaed.ee\/fi\/"},{"@type":"ListItem","position":2,"name":"Osta osoitteessa","item":"https:\/\/rodoaed.ee\/osta-osoitteessa\/"},{"@type":"ListItem","position":3,"name":"Ruoan kuivausrumpu Atacama Pro"}]},{"@type":"WebSite","@id":"https:\/\/rodoaed.ee\/#website","url":"https:\/\/rodoaed.ee\/","name":"Rodoaed","description":"","publisher":{"@id":"https:\/\/rodoaed.ee\/#organization"},"potentialAction":[{"@type":"SearchAction","target":{"@type":"EntryPoint","urlTemplate":"https:\/\/rodoaed.ee\/?s={search_term_string}"},"query-input":{"@type":"PropertyValueSpecification","valueRequired":true,"valueName":"search_term_string"}}],"inLanguage":"fi"},{"@type":"Organization","@id":"https:\/\/rodoaed.ee\/#organization","name":"Rodoaed","url":"https:\/\/rodoaed.ee\/","logo":{"@type":"ImageObject","inLanguage":"fi","@id":"https:\/\/rodoaed.ee\/#\/schema\/logo\/image\/","url":"https:\/\/rodoaed.ee\/wp-content\/uploads\/2019\/11\/rodoaed-logo-ilma-taustata.jpg","contentUrl":"https:\/\/rodoaed.ee\/wp-content\/uploads\/2019\/11\/rodoaed-logo-ilma-taustata.jpg","width":769,"height":268,"caption":"Rodoaed"},"image":{"@id":"https:\/\/rodoaed.ee\/#\/schema\/logo\/image\/"},"sameAs":["https:\/\/www.facebook.com\/kasvuhooned\/","https:\/\/rodoaed.ee"]}]}},"_links":{"self":[{"href":"https:\/\/rodoaed.ee\/fi\/wp-json\/wp\/v2\/product\/53566","targetHints":{"allow":["GET"]}}],"collection":[{"href":"https:\/\/rodoaed.ee\/fi\/wp-json\/wp\/v2\/product"}],"about":[{"href":"https:\/\/rodoaed.ee\/fi\/wp-json\/wp\/v2\/types\/product"}],"wp:featuredmedia":[{"embeddable":true,"href":"https:\/\/rodoaed.ee\/fi\/wp-json\/wp\/v2\/media\/17230"}],"wp:attachment":[{"href":"https:\/\/rodoaed.ee\/fi\/wp-json\/wp\/v2\/media?parent=53566"}],"wp:term":[{"taxonomy":"product_brand","embeddable":true,"href":"https:\/\/rodoaed.ee\/fi\/wp-json\/wp\/v2\/product_brand?post=53566"},{"taxonomy":"product_cat","embeddable":true,"href":"https:\/\/rodoaed.ee\/fi\/wp-json\/wp\/v2\/product_cat?post=53566"},{"taxonomy":"product_tag","embeddable":true,"href":"https:\/\/rodoaed.ee\/fi\/wp-json\/wp\/v2\/product_tag?post=53566"}],"curies":[{"name":"wp","href":"https:\/\/api.w.org\/{rel}","templated":true}]}}