{"id":53578,"date":"2019-08-02T12:54:42","date_gmt":"2019-08-02T09:54:42","guid":{"rendered":"https:\/\/rodoaed.ee\/toode\/ruostumattomasta-teraksesta-valmistettu-seula-tc-12-jossa-on-45-mmn-reiat\/"},"modified":"2026-04-13T11:08:32","modified_gmt":"2026-04-13T08:08:32","slug":"ruostumattomasta-teraksesta-valmistettu-seula-tc-12-jossa-on-45-mmn-reiat","status":"publish","type":"product","link":"https:\/\/rodoaed.ee\/fi\/tuote\/ruostumattomasta-teraksesta-valmistettu-seula-tc-12-jossa-on-45-mmn-reiat\/","title":{"rendered":"Ruostumattomasta ter\u00e4ksest\u00e4 valmistettu seula TC-12, jossa on 4,5 mm:n rei\u00e4t."},"content":{"rendered":"<h2>Ruostumattomasta ter\u00e4ksest\u00e4 valmistetut levyt TRE Spade -lihamylly\u00e4 varten<\/h2>\n<p>Jauhelihakoneen mukana tulevan leikkuuter\u00e4n ja -lautasen lis\u00e4ksi voit lis\u00e4t\u00e4 koneeseen erikokoisia reiki\u00e4 sis\u00e4lt\u00e4vi\u00e4 ohjainlautasia, jolloin voit valmistaa jauhelihaa eri koostumuksin.<\/p>\n<p>TRE Spaden jauhelihakoneet ovat niin tehokkaita, ett\u00e4 niill\u00e4 voidaan leikata raakaa sianlihan nahkaa, toisin kuin perinteisill\u00e4 jauhelihakoneilla. T\u00e4m\u00e4 on eritt\u00e4in houkutteleva vaihtoehto erityisesti makkaranvalmistajille. T\u00e4t\u00e4 varten on k\u00e4ytett\u00e4v\u00e4 erityist\u00e4 TRIS-leikkuulevy\u00e4, jota on saatavana koossa 12, 22 ja 32.  <\/p>\n<p>TRE Spade -leikkurin ter\u00e4t on valmistettu karkaistusta ter\u00e4ksest\u00e4 ja ne ovat itsest\u00e4\u00e4n l\u00e4mpenevi\u00e4, joten ne kest\u00e4v\u00e4t pitk\u00e4\u00e4n. Mutta jos haluat silti oman varater\u00e4n tai vaihtoter\u00e4n, valitse yksinkertaisesti oikea koko 5, 8, 12, 22 tai 32:sta. <\/p>\n<p><a href=\"https:\/\/rodoaed.ee\/fi\/\">kotisivu<\/a> <a href=\"https:\/\/rodoaed.ee\/fi\/tootekategooria\/keittiolaitteet\/\">k\u00e4ynnist\u00e4<\/a> <a href=\"https:\/\/rodoaed.ee\/fi\/tootekategooria\/keittiolaitteet\/chippers\/\">jauhelihakoneet<\/a> <a href=\"https:\/\/rodoaed.ee\/fi\/tootekategooria\/keittiolaitteet\/hakkurin-lisavarusteet\/\">tarvikkeet<\/a> <a href=\"https:\/\/rodoaed.ee\/fi\/tootekategooria\/keittiolaitteet\/hakkurin-lisavarusteet\/hakkuri-tc-8-seulat-ja-veitset\/\">seulat<\/a><\/p>\n<p>&nbsp;<\/p>\n","protected":false},"excerpt":{"rendered":"<p>Ruostumattomasta ter\u00e4ksest\u00e4 valmistetut levyt TRE Spade -lihamylly\u00e4 varten Jauhelihakoneen mukana tulevan leikkuuter\u00e4n ja -lautasen lis\u00e4ksi voit lis\u00e4t\u00e4 koneeseen erikokoisia reiki\u00e4 sis\u00e4lt\u00e4vi\u00e4 ohjainlautasia, jolloin voit valmistaa jauhelihaa eri koostumuksin. TRE Spaden jauhelihakoneet ovat niin tehokkaita, ett\u00e4 niill\u00e4 voidaan leikata raakaa sianlihan nahkaa, toisin kuin perinteisill\u00e4 jauhelihakoneilla. T\u00e4m\u00e4 on eritt\u00e4in houkutteleva vaihtoehto erityisesti makkaranvalmistajille. T\u00e4t\u00e4 varten on k\u00e4ytett\u00e4v\u00e4 erityist\u00e4 TRIS-leikkuulevy\u00e4, jota on saatavana koossa 12, 22 ja&#8230;<\/p>\n","protected":false},"featured_media":17551,"template":"","meta":{"_acf_changed":false},"product_brand":[],"product_cat":[2492,2484,1751],"product_tag":[],"class_list":{"0":"post-53578","1":"product","2":"type-product","3":"status-publish","4":"has-post-thumbnail","6":"product_cat-hakkuri-tc-12-seulat-ja-veitset","7":"product_cat-hakkurin-lisavarusteet","8":"product_cat-keittiolaitteet","9":"product_shipping_class-toimitus-1-3-tyopaivan-kuluessa","10":"pa_variatsioon-ruostumattomasta-teraksesta-valmistettu-levy-45-mm-reiilla-tc-12","12":"first","13":"instock","14":"taxable","15":"shipping-taxable","16":"purchasable","17":"product-type-simple"},"acf":[],"yoast_head":"<!-- This site is optimized with the Yoast SEO Premium plugin v27.3 (Yoast SEO v27.3) - https:\/\/yoast.com\/product\/yoast-seo-premium-wordpress\/ -->\n<title>Ruostumattomasta ter\u00e4ksest\u00e4 valmistettu seula TC-12, jossa on 4,5 mm:n rei\u00e4t. - Rodoaed<\/title>\n<meta name=\"robots\" content=\"index, follow, max-snippet:-1, max-image-preview:large, max-video-preview:-1\" \/>\n<link rel=\"canonical\" href=\"https:\/\/rodoaed.ee\/fi\/toode\/ruostumattomasta-teraksesta-valmistettu-seula-tc-12-jossa-on-45-mmn-reiat\/\" \/>\n<meta property=\"og:locale\" content=\"fi_FI\" \/>\n<meta property=\"og:type\" content=\"article\" \/>\n<meta property=\"og:title\" content=\"Ruostumattomasta ter\u00e4ksest\u00e4 valmistettu seula TC-12, jossa on 4,5 mm:n rei\u00e4t.\" \/>\n<meta property=\"og:description\" content=\"Ruostumattomasta ter\u00e4ksest\u00e4 valmistetut levyt TRE Spade -lihamylly\u00e4 varten Jauhelihakoneen mukana tulevan leikkuuter\u00e4n ja -lautasen lis\u00e4ksi voit lis\u00e4t\u00e4\" \/>\n<meta property=\"og:url\" content=\"https:\/\/rodoaed.ee\/fi\/toode\/ruostumattomasta-teraksesta-valmistettu-seula-tc-12-jossa-on-45-mmn-reiat\/\" \/>\n<meta property=\"og:site_name\" content=\"Rodoaed\" \/>\n<meta property=\"article:publisher\" content=\"https:\/\/www.facebook.com\/kasvuhooned\/\" \/>\n<meta property=\"article:modified_time\" content=\"2026-04-13T08:08:32+00:00\" \/>\n<meta property=\"og:image\" content=\"https:\/\/rodoaed.ee\/wp-content\/uploads\/2019\/07\/Hakklihamasin_TC12_4.5mm_11064_IR.jpg\" \/>\n\t<meta property=\"og:image:width\" content=\"1600\" \/>\n\t<meta property=\"og:image:height\" content=\"1067\" \/>\n\t<meta property=\"og:image:type\" content=\"image\/jpeg\" \/>\n<meta name=\"twitter:card\" content=\"summary_large_image\" \/>\n<meta name=\"twitter:label1\" content=\"Arvioitu lukuaika\" \/>\n\t<meta name=\"twitter:data1\" content=\"1 minuutti\" \/>\n<script type=\"application\/ld+json\" class=\"yoast-schema-graph\">{\"@context\":\"https:\\\/\\\/schema.org\",\"@graph\":[{\"@type\":\"WebPage\",\"@id\":\"https:\\\/\\\/rodoaed.ee\\\/fi\\\/toode\\\/ruostumattomasta-teraksesta-valmistettu-seula-tc-12-jossa-on-45-mmn-reiat\\\/\",\"url\":\"https:\\\/\\\/rodoaed.ee\\\/fi\\\/toode\\\/ruostumattomasta-teraksesta-valmistettu-seula-tc-12-jossa-on-45-mmn-reiat\\\/\",\"name\":\"Ruostumattomasta ter\u00e4ksest\u00e4 valmistettu seula TC-12, jossa on 4,5 mm:n rei\u00e4t. - Rodoaed\",\"isPartOf\":{\"@id\":\"https:\\\/\\\/rodoaed.ee\\\/#website\"},\"primaryImageOfPage\":{\"@id\":\"https:\\\/\\\/rodoaed.ee\\\/fi\\\/toode\\\/ruostumattomasta-teraksesta-valmistettu-seula-tc-12-jossa-on-45-mmn-reiat\\\/#primaryimage\"},\"image\":{\"@id\":\"https:\\\/\\\/rodoaed.ee\\\/fi\\\/toode\\\/ruostumattomasta-teraksesta-valmistettu-seula-tc-12-jossa-on-45-mmn-reiat\\\/#primaryimage\"},\"thumbnailUrl\":\"https:\\\/\\\/rodoaed.ee\\\/wp-content\\\/uploads\\\/2019\\\/07\\\/Hakklihamasin_TC12_4.5mm_11064_IR.jpg\",\"datePublished\":\"2019-08-02T09:54:42+00:00\",\"dateModified\":\"2026-04-13T08:08:32+00:00\",\"breadcrumb\":{\"@id\":\"https:\\\/\\\/rodoaed.ee\\\/fi\\\/toode\\\/ruostumattomasta-teraksesta-valmistettu-seula-tc-12-jossa-on-45-mmn-reiat\\\/#breadcrumb\"},\"inLanguage\":\"fi\",\"potentialAction\":[{\"@type\":\"ReadAction\",\"target\":[\"https:\\\/\\\/rodoaed.ee\\\/fi\\\/toode\\\/ruostumattomasta-teraksesta-valmistettu-seula-tc-12-jossa-on-45-mmn-reiat\\\/\"]}]},{\"@type\":\"ImageObject\",\"inLanguage\":\"fi\",\"@id\":\"https:\\\/\\\/rodoaed.ee\\\/fi\\\/toode\\\/ruostumattomasta-teraksesta-valmistettu-seula-tc-12-jossa-on-45-mmn-reiat\\\/#primaryimage\",\"url\":\"https:\\\/\\\/rodoaed.ee\\\/wp-content\\\/uploads\\\/2019\\\/07\\\/Hakklihamasin_TC12_4.5mm_11064_IR.jpg\",\"contentUrl\":\"https:\\\/\\\/rodoaed.ee\\\/wp-content\\\/uploads\\\/2019\\\/07\\\/Hakklihamasin_TC12_4.5mm_11064_IR.jpg\",\"width\":1600,\"height\":1067},{\"@type\":\"BreadcrumbList\",\"@id\":\"https:\\\/\\\/rodoaed.ee\\\/fi\\\/toode\\\/ruostumattomasta-teraksesta-valmistettu-seula-tc-12-jossa-on-45-mmn-reiat\\\/#breadcrumb\",\"itemListElement\":[{\"@type\":\"ListItem\",\"position\":1,\"name\":\"Home\",\"item\":\"https:\\\/\\\/rodoaed.ee\\\/fi\\\/\"},{\"@type\":\"ListItem\",\"position\":2,\"name\":\"Osta osoitteessa\",\"item\":\"https:\\\/\\\/rodoaed.ee\\\/osta-osoitteessa\\\/\"},{\"@type\":\"ListItem\",\"position\":3,\"name\":\"Ruostumattomasta ter\u00e4ksest\u00e4 valmistettu seula TC-12, jossa on 4,5 mm:n rei\u00e4t.\"}]},{\"@type\":\"WebSite\",\"@id\":\"https:\\\/\\\/rodoaed.ee\\\/#website\",\"url\":\"https:\\\/\\\/rodoaed.ee\\\/\",\"name\":\"Rodoaed\",\"description\":\"\",\"publisher\":{\"@id\":\"https:\\\/\\\/rodoaed.ee\\\/#organization\"},\"potentialAction\":[{\"@type\":\"SearchAction\",\"target\":{\"@type\":\"EntryPoint\",\"urlTemplate\":\"https:\\\/\\\/rodoaed.ee\\\/?s={search_term_string}\"},\"query-input\":{\"@type\":\"PropertyValueSpecification\",\"valueRequired\":true,\"valueName\":\"search_term_string\"}}],\"inLanguage\":\"fi\"},{\"@type\":\"Organization\",\"@id\":\"https:\\\/\\\/rodoaed.ee\\\/#organization\",\"name\":\"Rodoaed\",\"url\":\"https:\\\/\\\/rodoaed.ee\\\/\",\"logo\":{\"@type\":\"ImageObject\",\"inLanguage\":\"fi\",\"@id\":\"https:\\\/\\\/rodoaed.ee\\\/#\\\/schema\\\/logo\\\/image\\\/\",\"url\":\"https:\\\/\\\/rodoaed.ee\\\/wp-content\\\/uploads\\\/2019\\\/11\\\/rodoaed-logo-ilma-taustata.jpg\",\"contentUrl\":\"https:\\\/\\\/rodoaed.ee\\\/wp-content\\\/uploads\\\/2019\\\/11\\\/rodoaed-logo-ilma-taustata.jpg\",\"width\":769,\"height\":268,\"caption\":\"Rodoaed\"},\"image\":{\"@id\":\"https:\\\/\\\/rodoaed.ee\\\/#\\\/schema\\\/logo\\\/image\\\/\"},\"sameAs\":[\"https:\\\/\\\/www.facebook.com\\\/kasvuhooned\\\/\",\"https:\\\/\\\/rodoaed.ee\"]}]}<\/script>\n<!-- \/ Yoast SEO Premium plugin. -->","yoast_head_json":{"title":"Ruostumattomasta ter\u00e4ksest\u00e4 valmistettu seula TC-12, jossa on 4,5 mm:n rei\u00e4t. - Rodoaed","robots":{"index":"index","follow":"follow","max-snippet":"max-snippet:-1","max-image-preview":"max-image-preview:large","max-video-preview":"max-video-preview:-1"},"canonical":"https:\/\/rodoaed.ee\/fi\/toode\/ruostumattomasta-teraksesta-valmistettu-seula-tc-12-jossa-on-45-mmn-reiat\/","og_locale":"fi_FI","og_type":"article","og_title":"Ruostumattomasta ter\u00e4ksest\u00e4 valmistettu seula TC-12, jossa on 4,5 mm:n rei\u00e4t.","og_description":"Ruostumattomasta ter\u00e4ksest\u00e4 valmistetut levyt TRE Spade -lihamylly\u00e4 varten Jauhelihakoneen mukana tulevan leikkuuter\u00e4n ja -lautasen lis\u00e4ksi voit lis\u00e4t\u00e4","og_url":"https:\/\/rodoaed.ee\/fi\/toode\/ruostumattomasta-teraksesta-valmistettu-seula-tc-12-jossa-on-45-mmn-reiat\/","og_site_name":"Rodoaed","article_publisher":"https:\/\/www.facebook.com\/kasvuhooned\/","article_modified_time":"2026-04-13T08:08:32+00:00","og_image":[{"width":1600,"height":1067,"url":"https:\/\/rodoaed.ee\/wp-content\/uploads\/2019\/07\/Hakklihamasin_TC12_4.5mm_11064_IR.jpg","type":"image\/jpeg"}],"twitter_card":"summary_large_image","twitter_misc":{"Arvioitu lukuaika":"1 minuutti"},"schema":{"@context":"https:\/\/schema.org","@graph":[{"@type":"WebPage","@id":"https:\/\/rodoaed.ee\/fi\/toode\/ruostumattomasta-teraksesta-valmistettu-seula-tc-12-jossa-on-45-mmn-reiat\/","url":"https:\/\/rodoaed.ee\/fi\/toode\/ruostumattomasta-teraksesta-valmistettu-seula-tc-12-jossa-on-45-mmn-reiat\/","name":"Ruostumattomasta ter\u00e4ksest\u00e4 valmistettu seula TC-12, jossa on 4,5 mm:n rei\u00e4t. - Rodoaed","isPartOf":{"@id":"https:\/\/rodoaed.ee\/#website"},"primaryImageOfPage":{"@id":"https:\/\/rodoaed.ee\/fi\/toode\/ruostumattomasta-teraksesta-valmistettu-seula-tc-12-jossa-on-45-mmn-reiat\/#primaryimage"},"image":{"@id":"https:\/\/rodoaed.ee\/fi\/toode\/ruostumattomasta-teraksesta-valmistettu-seula-tc-12-jossa-on-45-mmn-reiat\/#primaryimage"},"thumbnailUrl":"https:\/\/rodoaed.ee\/wp-content\/uploads\/2019\/07\/Hakklihamasin_TC12_4.5mm_11064_IR.jpg","datePublished":"2019-08-02T09:54:42+00:00","dateModified":"2026-04-13T08:08:32+00:00","breadcrumb":{"@id":"https:\/\/rodoaed.ee\/fi\/toode\/ruostumattomasta-teraksesta-valmistettu-seula-tc-12-jossa-on-45-mmn-reiat\/#breadcrumb"},"inLanguage":"fi","potentialAction":[{"@type":"ReadAction","target":["https:\/\/rodoaed.ee\/fi\/toode\/ruostumattomasta-teraksesta-valmistettu-seula-tc-12-jossa-on-45-mmn-reiat\/"]}]},{"@type":"ImageObject","inLanguage":"fi","@id":"https:\/\/rodoaed.ee\/fi\/toode\/ruostumattomasta-teraksesta-valmistettu-seula-tc-12-jossa-on-45-mmn-reiat\/#primaryimage","url":"https:\/\/rodoaed.ee\/wp-content\/uploads\/2019\/07\/Hakklihamasin_TC12_4.5mm_11064_IR.jpg","contentUrl":"https:\/\/rodoaed.ee\/wp-content\/uploads\/2019\/07\/Hakklihamasin_TC12_4.5mm_11064_IR.jpg","width":1600,"height":1067},{"@type":"BreadcrumbList","@id":"https:\/\/rodoaed.ee\/fi\/toode\/ruostumattomasta-teraksesta-valmistettu-seula-tc-12-jossa-on-45-mmn-reiat\/#breadcrumb","itemListElement":[{"@type":"ListItem","position":1,"name":"Home","item":"https:\/\/rodoaed.ee\/fi\/"},{"@type":"ListItem","position":2,"name":"Osta osoitteessa","item":"https:\/\/rodoaed.ee\/osta-osoitteessa\/"},{"@type":"ListItem","position":3,"name":"Ruostumattomasta ter\u00e4ksest\u00e4 valmistettu seula TC-12, jossa on 4,5 mm:n rei\u00e4t."}]},{"@type":"WebSite","@id":"https:\/\/rodoaed.ee\/#website","url":"https:\/\/rodoaed.ee\/","name":"Rodoaed","description":"","publisher":{"@id":"https:\/\/rodoaed.ee\/#organization"},"potentialAction":[{"@type":"SearchAction","target":{"@type":"EntryPoint","urlTemplate":"https:\/\/rodoaed.ee\/?s={search_term_string}"},"query-input":{"@type":"PropertyValueSpecification","valueRequired":true,"valueName":"search_term_string"}}],"inLanguage":"fi"},{"@type":"Organization","@id":"https:\/\/rodoaed.ee\/#organization","name":"Rodoaed","url":"https:\/\/rodoaed.ee\/","logo":{"@type":"ImageObject","inLanguage":"fi","@id":"https:\/\/rodoaed.ee\/#\/schema\/logo\/image\/","url":"https:\/\/rodoaed.ee\/wp-content\/uploads\/2019\/11\/rodoaed-logo-ilma-taustata.jpg","contentUrl":"https:\/\/rodoaed.ee\/wp-content\/uploads\/2019\/11\/rodoaed-logo-ilma-taustata.jpg","width":769,"height":268,"caption":"Rodoaed"},"image":{"@id":"https:\/\/rodoaed.ee\/#\/schema\/logo\/image\/"},"sameAs":["https:\/\/www.facebook.com\/kasvuhooned\/","https:\/\/rodoaed.ee"]}]}},"_links":{"self":[{"href":"https:\/\/rodoaed.ee\/fi\/wp-json\/wp\/v2\/product\/53578","targetHints":{"allow":["GET"]}}],"collection":[{"href":"https:\/\/rodoaed.ee\/fi\/wp-json\/wp\/v2\/product"}],"about":[{"href":"https:\/\/rodoaed.ee\/fi\/wp-json\/wp\/v2\/types\/product"}],"wp:featuredmedia":[{"embeddable":true,"href":"https:\/\/rodoaed.ee\/fi\/wp-json\/wp\/v2\/media\/17551"}],"wp:attachment":[{"href":"https:\/\/rodoaed.ee\/fi\/wp-json\/wp\/v2\/media?parent=53578"}],"wp:term":[{"taxonomy":"product_brand","embeddable":true,"href":"https:\/\/rodoaed.ee\/fi\/wp-json\/wp\/v2\/product_brand?post=53578"},{"taxonomy":"product_cat","embeddable":true,"href":"https:\/\/rodoaed.ee\/fi\/wp-json\/wp\/v2\/product_cat?post=53578"},{"taxonomy":"product_tag","embeddable":true,"href":"https:\/\/rodoaed.ee\/fi\/wp-json\/wp\/v2\/product_tag?post=53578"}],"curies":[{"name":"wp","href":"https:\/\/api.w.org\/{rel}","templated":true}]}}