{"id":53632,"date":"2019-08-02T12:55:42","date_gmt":"2019-08-02T09:55:42","guid":{"rendered":"https:\/\/rodoaed.ee\/toode\/kasvihuone-hobby-23m2-380x604cm\/"},"modified":"2026-04-13T11:09:18","modified_gmt":"2026-04-13T08:09:18","slug":"kasvihuone-hobby-23m2-380x604cm","status":"publish","type":"product","link":"https:\/\/rodoaed.ee\/fi\/tuote\/kasvihuone-hobby-23m2-380x604cm\/","title":{"rendered":"Kasvihuone Hobby <sup>23m2<\/sup> 380x604cm"},"content":{"rendered":"<h2>Greenhouse Hobby on pohjoisiin olosuhteisiin suunniteltu vankka kasvihuone, joka kest\u00e4\u00e4 kylmi\u00e4 talvia ja myrskytuulia. Paksumpi 10 mm:n polykarbonaattikatto takaa erityisen hyv\u00e4n l\u00e4mm\u00f6neristyksen. <\/h2>\n<p>Paksumpi 10 mm:n polykarbonaatti antaa kasvihuoneellesi paremman l\u00e4mm\u00f6neristyksen, mik\u00e4 on suuri voitto meid\u00e4n olosuhteissa. Kasvihuoneen hinta on eritt\u00e4in edullinen paksummasta 10mm polykarbonaatista huolimatta. Meill\u00e4 on mahdollisuus tarjota sinulle maailmanluokan tuote eritt\u00e4in kilpailukykyiseen hintaan.  <\/p>\n<p>Hobby 23:ssa on 5 kattoikkunaa ja yksi tavallinen liukuovi p\u00e4\u00e4tysein\u00e4ss\u00e4.<\/p>\n<h2>Kasvihuoneen mitat<\/h2>\n<p>Kasvihuoneen leveys on 380 cm ja pituus 380 cm &#8211; 826 cm. Kattoharjan korkeus peruskehyksen kanssa on 272cm ja sivusein\u00e4n korkeus 13cm peruskehyksell\u00e4 on 181cm. Pyynn\u00f6st\u00e4 sivusein\u00e4n korkeutta voidaan lis\u00e4t\u00e4 +20cm tai 201cm. Suuret kattoaukot varmistavat hyv\u00e4n ilmankierron. Kunkin sein\u00e4n rako on noin 75cm leve\u00e4. Kasvihuoneen mukana toimitetaan my\u00f6s sadevesiputket.     <\/p>\n<h2>Joustava oviasettelu<\/h2>\n<p>84 cm leve\u00e4 liukuovi asennetaan oletusarvoisesti p\u00e4\u00e4tysein\u00e4\u00e4n, mutta se voidaan asentaa mihin tahansa sein\u00e4\u00e4n pyynn\u00f6st\u00e4. Vakiovet voidaan korvata tai p\u00e4ivitt\u00e4\u00e4 144 cm:n kaksoisleve\u00e4ll\u00e4 ovella. <\/p>\n<h2>Polykarbonaatti<\/h2>\n<p>Kasvihuone on jo vakiona katettu vahvalla <strong>10 mm:n polykarbonaatilla<\/strong>, joka on tiivistetty p\u00e4ist\u00e4. Polykarbonaatin sis\u00e4pinnalla oleva No-Drop-pinnoite est\u00e4\u00e4 kondenssiveden muodostumisen ja tarjoaa paremman l\u00e4pin\u00e4kyvyyden kuin mik\u00e4\u00e4n muu kasvihuone. <\/p>\n<h2>Alusraam<\/h2>\n<p>Tukeva alumiininen pohjakehys antaa kasvihuoneelle enemm\u00e4n vakautta ja helpottaa kokoamista huomattavasti. Pohjakehys on valmistettu vahvasta karppiprofiilista, jonka korkeus on noin 13 cm.  Pohjakehykseen on kiinnitetty ankkurik\u00f6ydet, jotka voidaan kaivaa maahan tai kaataa sekaan. N\u00e4in ollen aluskehyst\u00e4 voidaan k\u00e4ytt\u00e4\u00e4 erillisen perustuksen korvikkeena. <\/p>\n<h2>RAL maalattu runko<\/h2>\n<p>Kasvihuoneen runko on tavallisesti matta-alumiinia, mutta se voidaan my\u00f6s tilata pulverimaalattuna RAL-v\u00e4rein. Vakiov\u00e4rit ovat 9010, 8019, 5010, 7016, 6005, 3005, 6009 ja 3011, mutta kasvihuone voidaan tilata my\u00f6s kaikissa muissa RAL-v\u00e4reiss\u00e4. <\/p>\n<p><a href=\"https:\/\/rodoaed.ee\/fi\/\">kotisivu<\/a> <a href=\"https:\/\/rodoaed.ee\/tootekategooria\/kasvuhooned-ja-talveaiad\/\">k\u00e4ynnist\u00e4<\/a> <a href=\"https:\/\/rodoaed.ee\/fi\/tootekategooria\/harrastekasvihuoneet\/\">Harrastus<\/a><\/p>\n<p>&nbsp;<\/p>\n","protected":false},"excerpt":{"rendered":"<p>Greenhouse Hobby on pohjoisiin olosuhteisiin suunniteltu vankka kasvihuone, joka kest\u00e4\u00e4 kylmi\u00e4 talvia ja myrskytuulia. Paksumpi 10 mm:n polykarbonaattikatto takaa erityisen hyv\u00e4n l\u00e4mm\u00f6neristyksen. Paksumpi 10 mm:n polykarbonaatti antaa kasvihuoneellesi paremman l\u00e4mm\u00f6neristyksen, mik\u00e4 on suuri voitto meid\u00e4n olosuhteissa. Kasvihuoneen hinta on eritt\u00e4in edullinen paksummasta 10mm polykarbonaatista huolimatta. Meill\u00e4 on mahdollisuus tarjota sinulle maailmanluokan tuote eritt\u00e4in kilpailukykyiseen hintaan. Hobby 23:ssa on 5 kattoikkunaa ja yksi tavallinen liukuovi p\u00e4\u00e4tysein\u00e4ss\u00e4&#8230;.<\/p>\n","protected":false},"featured_media":44181,"template":"","meta":{"_acf_changed":false},"product_brand":[],"product_cat":[1968,2081],"product_tag":[],"class_list":{"0":"post-53632","1":"product","2":"type-product","3":"status-publish","4":"has-post-thumbnail","6":"product_cat-harrastekasvihuoneet","7":"product_cat-kasvihuoneet-hobby-plus","8":"pa_variatsioon-10-kasvihuone-hobby-23m2-380x604cm","10":"first","11":"instock","12":"sale","13":"taxable","14":"shipping-taxable","15":"purchasable","16":"product-type-simple"},"acf":[],"yoast_head":"<!-- This site is optimized with the Yoast SEO Premium plugin v27.3 (Yoast SEO v27.3) - https:\/\/yoast.com\/product\/yoast-seo-premium-wordpress\/ -->\n<title>Kasvihuone Hobby 23m2 380x604cm - Rodoaed<\/title>\n<meta name=\"robots\" content=\"index, follow, max-snippet:-1, max-image-preview:large, max-video-preview:-1\" \/>\n<link rel=\"canonical\" href=\"https:\/\/rodoaed.ee\/fi\/toode\/kasvihuone-hobby-23m2-380x604cm\/\" \/>\n<meta property=\"og:locale\" content=\"fi_FI\" \/>\n<meta property=\"og:type\" content=\"article\" \/>\n<meta property=\"og:title\" content=\"Kasvihuone Hobby 23m2 380x604cm\" \/>\n<meta property=\"og:description\" content=\"Greenhouse Hobby on pohjoisiin olosuhteisiin suunniteltu vankka kasvihuone, joka kest\u00e4\u00e4 kylmi\u00e4 talvia ja myrskytuulia. Paksumpi 10 mm:n\" \/>\n<meta property=\"og:url\" content=\"https:\/\/rodoaed.ee\/fi\/toode\/kasvihuone-hobby-23m2-380x604cm\/\" \/>\n<meta property=\"og:site_name\" content=\"Rodoaed\" \/>\n<meta property=\"article:publisher\" content=\"https:\/\/www.facebook.com\/kasvuhooned\/\" \/>\n<meta property=\"article:modified_time\" content=\"2026-04-13T08:09:18+00:00\" \/>\n<meta property=\"og:image\" content=\"https:\/\/rodoaed.ee\/wp-content\/uploads\/2019\/08\/rodoaed_kasvuhoone-hobby-Plus_2S-scaled.jpg\" \/>\n\t<meta property=\"og:image:width\" content=\"2560\" \/>\n\t<meta property=\"og:image:height\" content=\"1707\" \/>\n\t<meta property=\"og:image:type\" content=\"image\/jpeg\" \/>\n<meta name=\"twitter:card\" content=\"summary_large_image\" \/>\n<meta name=\"twitter:label1\" content=\"Arvioitu lukuaika\" \/>\n\t<meta name=\"twitter:data1\" content=\"1 minuutti\" \/>\n<script type=\"application\/ld+json\" class=\"yoast-schema-graph\">{\"@context\":\"https:\\\/\\\/schema.org\",\"@graph\":[{\"@type\":\"WebPage\",\"@id\":\"https:\\\/\\\/rodoaed.ee\\\/fi\\\/toode\\\/kasvihuone-hobby-23m2-380x604cm\\\/\",\"url\":\"https:\\\/\\\/rodoaed.ee\\\/fi\\\/toode\\\/kasvihuone-hobby-23m2-380x604cm\\\/\",\"name\":\"Kasvihuone Hobby 23m2 380x604cm - Rodoaed\",\"isPartOf\":{\"@id\":\"https:\\\/\\\/rodoaed.ee\\\/#website\"},\"primaryImageOfPage\":{\"@id\":\"https:\\\/\\\/rodoaed.ee\\\/fi\\\/toode\\\/kasvihuone-hobby-23m2-380x604cm\\\/#primaryimage\"},\"image\":{\"@id\":\"https:\\\/\\\/rodoaed.ee\\\/fi\\\/toode\\\/kasvihuone-hobby-23m2-380x604cm\\\/#primaryimage\"},\"thumbnailUrl\":\"https:\\\/\\\/rodoaed.ee\\\/wp-content\\\/uploads\\\/2019\\\/08\\\/rodoaed_kasvuhoone-hobby-Plus_2S-scaled.jpg\",\"datePublished\":\"2019-08-02T09:55:42+00:00\",\"dateModified\":\"2026-04-13T08:09:18+00:00\",\"breadcrumb\":{\"@id\":\"https:\\\/\\\/rodoaed.ee\\\/fi\\\/toode\\\/kasvihuone-hobby-23m2-380x604cm\\\/#breadcrumb\"},\"inLanguage\":\"fi\",\"potentialAction\":[{\"@type\":\"ReadAction\",\"target\":[\"https:\\\/\\\/rodoaed.ee\\\/fi\\\/toode\\\/kasvihuone-hobby-23m2-380x604cm\\\/\"]}]},{\"@type\":\"ImageObject\",\"inLanguage\":\"fi\",\"@id\":\"https:\\\/\\\/rodoaed.ee\\\/fi\\\/toode\\\/kasvihuone-hobby-23m2-380x604cm\\\/#primaryimage\",\"url\":\"https:\\\/\\\/rodoaed.ee\\\/wp-content\\\/uploads\\\/2019\\\/08\\\/rodoaed_kasvuhoone-hobby-Plus_2S-scaled.jpg\",\"contentUrl\":\"https:\\\/\\\/rodoaed.ee\\\/wp-content\\\/uploads\\\/2019\\\/08\\\/rodoaed_kasvuhoone-hobby-Plus_2S-scaled.jpg\",\"width\":2560,\"height\":1707},{\"@type\":\"BreadcrumbList\",\"@id\":\"https:\\\/\\\/rodoaed.ee\\\/fi\\\/toode\\\/kasvihuone-hobby-23m2-380x604cm\\\/#breadcrumb\",\"itemListElement\":[{\"@type\":\"ListItem\",\"position\":1,\"name\":\"Home\",\"item\":\"https:\\\/\\\/rodoaed.ee\\\/fi\\\/\"},{\"@type\":\"ListItem\",\"position\":2,\"name\":\"Osta osoitteessa\",\"item\":\"https:\\\/\\\/rodoaed.ee\\\/osta-osoitteessa\\\/\"},{\"@type\":\"ListItem\",\"position\":3,\"name\":\"Kasvihuone Hobby 23m2 380x604cm\"}]},{\"@type\":\"WebSite\",\"@id\":\"https:\\\/\\\/rodoaed.ee\\\/#website\",\"url\":\"https:\\\/\\\/rodoaed.ee\\\/\",\"name\":\"Rodoaed\",\"description\":\"\",\"publisher\":{\"@id\":\"https:\\\/\\\/rodoaed.ee\\\/#organization\"},\"potentialAction\":[{\"@type\":\"SearchAction\",\"target\":{\"@type\":\"EntryPoint\",\"urlTemplate\":\"https:\\\/\\\/rodoaed.ee\\\/?s={search_term_string}\"},\"query-input\":{\"@type\":\"PropertyValueSpecification\",\"valueRequired\":true,\"valueName\":\"search_term_string\"}}],\"inLanguage\":\"fi\"},{\"@type\":\"Organization\",\"@id\":\"https:\\\/\\\/rodoaed.ee\\\/#organization\",\"name\":\"Rodoaed\",\"url\":\"https:\\\/\\\/rodoaed.ee\\\/\",\"logo\":{\"@type\":\"ImageObject\",\"inLanguage\":\"fi\",\"@id\":\"https:\\\/\\\/rodoaed.ee\\\/#\\\/schema\\\/logo\\\/image\\\/\",\"url\":\"https:\\\/\\\/rodoaed.ee\\\/wp-content\\\/uploads\\\/2019\\\/11\\\/rodoaed-logo-ilma-taustata.jpg\",\"contentUrl\":\"https:\\\/\\\/rodoaed.ee\\\/wp-content\\\/uploads\\\/2019\\\/11\\\/rodoaed-logo-ilma-taustata.jpg\",\"width\":769,\"height\":268,\"caption\":\"Rodoaed\"},\"image\":{\"@id\":\"https:\\\/\\\/rodoaed.ee\\\/#\\\/schema\\\/logo\\\/image\\\/\"},\"sameAs\":[\"https:\\\/\\\/www.facebook.com\\\/kasvuhooned\\\/\",\"https:\\\/\\\/rodoaed.ee\"]}]}<\/script>\n<!-- \/ Yoast SEO Premium plugin. -->","yoast_head_json":{"title":"Kasvihuone Hobby 23m2 380x604cm - Rodoaed","robots":{"index":"index","follow":"follow","max-snippet":"max-snippet:-1","max-image-preview":"max-image-preview:large","max-video-preview":"max-video-preview:-1"},"canonical":"https:\/\/rodoaed.ee\/fi\/toode\/kasvihuone-hobby-23m2-380x604cm\/","og_locale":"fi_FI","og_type":"article","og_title":"Kasvihuone Hobby 23m2 380x604cm","og_description":"Greenhouse Hobby on pohjoisiin olosuhteisiin suunniteltu vankka kasvihuone, joka kest\u00e4\u00e4 kylmi\u00e4 talvia ja myrskytuulia. Paksumpi 10 mm:n","og_url":"https:\/\/rodoaed.ee\/fi\/toode\/kasvihuone-hobby-23m2-380x604cm\/","og_site_name":"Rodoaed","article_publisher":"https:\/\/www.facebook.com\/kasvuhooned\/","article_modified_time":"2026-04-13T08:09:18+00:00","og_image":[{"width":2560,"height":1707,"url":"https:\/\/rodoaed.ee\/wp-content\/uploads\/2019\/08\/rodoaed_kasvuhoone-hobby-Plus_2S-scaled.jpg","type":"image\/jpeg"}],"twitter_card":"summary_large_image","twitter_misc":{"Arvioitu lukuaika":"1 minuutti"},"schema":{"@context":"https:\/\/schema.org","@graph":[{"@type":"WebPage","@id":"https:\/\/rodoaed.ee\/fi\/toode\/kasvihuone-hobby-23m2-380x604cm\/","url":"https:\/\/rodoaed.ee\/fi\/toode\/kasvihuone-hobby-23m2-380x604cm\/","name":"Kasvihuone Hobby 23m2 380x604cm - Rodoaed","isPartOf":{"@id":"https:\/\/rodoaed.ee\/#website"},"primaryImageOfPage":{"@id":"https:\/\/rodoaed.ee\/fi\/toode\/kasvihuone-hobby-23m2-380x604cm\/#primaryimage"},"image":{"@id":"https:\/\/rodoaed.ee\/fi\/toode\/kasvihuone-hobby-23m2-380x604cm\/#primaryimage"},"thumbnailUrl":"https:\/\/rodoaed.ee\/wp-content\/uploads\/2019\/08\/rodoaed_kasvuhoone-hobby-Plus_2S-scaled.jpg","datePublished":"2019-08-02T09:55:42+00:00","dateModified":"2026-04-13T08:09:18+00:00","breadcrumb":{"@id":"https:\/\/rodoaed.ee\/fi\/toode\/kasvihuone-hobby-23m2-380x604cm\/#breadcrumb"},"inLanguage":"fi","potentialAction":[{"@type":"ReadAction","target":["https:\/\/rodoaed.ee\/fi\/toode\/kasvihuone-hobby-23m2-380x604cm\/"]}]},{"@type":"ImageObject","inLanguage":"fi","@id":"https:\/\/rodoaed.ee\/fi\/toode\/kasvihuone-hobby-23m2-380x604cm\/#primaryimage","url":"https:\/\/rodoaed.ee\/wp-content\/uploads\/2019\/08\/rodoaed_kasvuhoone-hobby-Plus_2S-scaled.jpg","contentUrl":"https:\/\/rodoaed.ee\/wp-content\/uploads\/2019\/08\/rodoaed_kasvuhoone-hobby-Plus_2S-scaled.jpg","width":2560,"height":1707},{"@type":"BreadcrumbList","@id":"https:\/\/rodoaed.ee\/fi\/toode\/kasvihuone-hobby-23m2-380x604cm\/#breadcrumb","itemListElement":[{"@type":"ListItem","position":1,"name":"Home","item":"https:\/\/rodoaed.ee\/fi\/"},{"@type":"ListItem","position":2,"name":"Osta osoitteessa","item":"https:\/\/rodoaed.ee\/osta-osoitteessa\/"},{"@type":"ListItem","position":3,"name":"Kasvihuone Hobby 23m2 380x604cm"}]},{"@type":"WebSite","@id":"https:\/\/rodoaed.ee\/#website","url":"https:\/\/rodoaed.ee\/","name":"Rodoaed","description":"","publisher":{"@id":"https:\/\/rodoaed.ee\/#organization"},"potentialAction":[{"@type":"SearchAction","target":{"@type":"EntryPoint","urlTemplate":"https:\/\/rodoaed.ee\/?s={search_term_string}"},"query-input":{"@type":"PropertyValueSpecification","valueRequired":true,"valueName":"search_term_string"}}],"inLanguage":"fi"},{"@type":"Organization","@id":"https:\/\/rodoaed.ee\/#organization","name":"Rodoaed","url":"https:\/\/rodoaed.ee\/","logo":{"@type":"ImageObject","inLanguage":"fi","@id":"https:\/\/rodoaed.ee\/#\/schema\/logo\/image\/","url":"https:\/\/rodoaed.ee\/wp-content\/uploads\/2019\/11\/rodoaed-logo-ilma-taustata.jpg","contentUrl":"https:\/\/rodoaed.ee\/wp-content\/uploads\/2019\/11\/rodoaed-logo-ilma-taustata.jpg","width":769,"height":268,"caption":"Rodoaed"},"image":{"@id":"https:\/\/rodoaed.ee\/#\/schema\/logo\/image\/"},"sameAs":["https:\/\/www.facebook.com\/kasvuhooned\/","https:\/\/rodoaed.ee"]}]}},"_links":{"self":[{"href":"https:\/\/rodoaed.ee\/fi\/wp-json\/wp\/v2\/product\/53632","targetHints":{"allow":["GET"]}}],"collection":[{"href":"https:\/\/rodoaed.ee\/fi\/wp-json\/wp\/v2\/product"}],"about":[{"href":"https:\/\/rodoaed.ee\/fi\/wp-json\/wp\/v2\/types\/product"}],"wp:featuredmedia":[{"embeddable":true,"href":"https:\/\/rodoaed.ee\/fi\/wp-json\/wp\/v2\/media\/44181"}],"wp:attachment":[{"href":"https:\/\/rodoaed.ee\/fi\/wp-json\/wp\/v2\/media?parent=53632"}],"wp:term":[{"taxonomy":"product_brand","embeddable":true,"href":"https:\/\/rodoaed.ee\/fi\/wp-json\/wp\/v2\/product_brand?post=53632"},{"taxonomy":"product_cat","embeddable":true,"href":"https:\/\/rodoaed.ee\/fi\/wp-json\/wp\/v2\/product_cat?post=53632"},{"taxonomy":"product_tag","embeddable":true,"href":"https:\/\/rodoaed.ee\/fi\/wp-json\/wp\/v2\/product_tag?post=53632"}],"curies":[{"name":"wp","href":"https:\/\/api.w.org\/{rel}","templated":true}]}}