{"id":53641,"date":"2019-08-02T12:56:01","date_gmt":"2019-08-02T09:56:01","guid":{"rendered":"https:\/\/rodoaed.ee\/toode\/talvipuutarha-royal-extra-457x380m-40cm-ral-jauhemaalattu\/"},"modified":"2026-04-13T11:09:25","modified_gmt":"2026-04-13T08:09:25","slug":"talvipuutarha-royal-extra-457x380m-40cm-ral-jauhemaalattu","status":"publish","type":"product","link":"https:\/\/rodoaed.ee\/fi\/tuote\/talvipuutarha-royal-extra-457x380m-40cm-ral-jauhemaalattu\/","title":{"rendered":"Talvipuutarha Royal Extra 4,57\u00d73,80m +40cm RAL jauhemaalattu"},"content":{"rendered":"<h2>Rakennuksen julkisivuun kiinnitetty konservatorio. Lis\u00e4n\u00e4 40 cm korkea sein\u00e4osa. <\/h2>\n<h2>Talvipuutarhan mitat<\/h2>\n<p>Talvihuoneen leveys on 457 cm ja pituus 380 cm. Sivusein\u00e4n korkeus 13 cm:n pohjakehyksell\u00e4 on 257 cm ja katon harjan korkeus on 420 cm. Talvihuoneen mukana tulee jo pohjakehys. Mukana tulee my\u00f6s kunnon alumiiniset alaslaskuputket.   <\/p>\n<p>Voimme my\u00f6s tehd\u00e4 erikoistilauksia tietyiss\u00e4 rajoissa. Talvihuoneen sein\u00e4n korkeutta voidaan tarvittaessa korottaa, ovia voidaan lis\u00e4t\u00e4 jne. Kerro meille, mit\u00e4 haluat.  <\/p>\n<p><strong>Oheinen kuva on havainnollistava ja saattaa poiketa yksityiskohdiltaan vakiopaketista.<\/strong><\/p>\n<h2>Talvipuutarhan ovet<\/h2>\n<p>Mukana yksi kaksinkertainen liukuovi 2 x 70cm. Ovessa on lukko. Katossa on viktoriaaninen harjakoriste. 2 kattoikkunaa.   <\/p>\n<h2>Polykarbonaatti tai lasi<\/h2>\n<p>Talvihuone on vakiona p\u00e4\u00e4llystetty 4 mm:n karkaistulla lasilla, mutta voit halutessasi tilata kattoon 8 mm:n polykarbonaattia ja seiniin lasia. Polykarbonaatin No-Drop-pinnoite est\u00e4\u00e4 kondenssiveden muodostumista ja parantaa l\u00e4pin\u00e4kyvyytt\u00e4. Katon polykarbonaatti suojaa paahtavalta kes\u00e4auringolta ja takaa tasaisemman valon ja l\u00e4mp\u00f6tilan sis\u00e4ll\u00e4.  <\/p>\n<h2>Konservatorion aluskehys<\/h2>\n<p>Tukeva alumiininen runko antaa talvihuoneelle suuremman vakauden ja helpottaa kokoamista huomattavasti. Runko on valmistettu vahvasta karppiprofiilista ja se on noin 13 cm korkea. Peruskehyksess\u00e4 on ankkurointitapit, jotka voidaan kaivaa maahan tai valaa sekaan. N\u00e4in ollen sit\u00e4 voidaan k\u00e4ytt\u00e4\u00e4 erillisen perustuksen korvikkeena.   <\/p>\n<h2>RAL maalattu runko<\/h2>\n<p>Talvipuutarha sis\u00e4ltyy jo hintaan jauhemaalauksella RAL-v\u00e4reiss\u00e4 (9010, 6005, 6009, 7016, 1013, 3004, 3011, 9005, 6013 ja 1019).<\/p>\n<p>T\u00e4t\u00e4 mallia on k\u00e4ytetty k\u00e4yt\u00e4nn\u00f6ss\u00e4 perheen ruokailu- ja kokoontumispaikkana, kasvien kasvihuoneena ja ammattivalokuvaajien valokuvausstudiona luonnonvalon hy\u00f6dynt\u00e4miseksi.<\/p>\n<p><a href=\"https:\/\/www.rodoaed.ee\/wp-content\/uploads\/2012\/02\/royal.pdf\" target=\"_blank\" rel=\"noopener noreferrer\">Kokoonpano-ohjeet<\/a><\/p>\n<p><a href=\"https:\/\/rodoaed.ee\/fi\/\">kotisivu<\/a> <a href=\"https:\/\/rodoaed.ee\/tootekategooria\/kasvuhooned-ja-talveaiad\/\">k\u00e4ynnist\u00e4<\/a> <a href=\"https:\/\/rodoaed.ee\/fi\/tootekategooria\/euro-serren-talvipuutarhat\/\">konservatoriot<\/a><\/p>\n<p>&nbsp;<\/p>\n","protected":false},"excerpt":{"rendered":"<p>Rakennuksen julkisivuun kiinnitetty konservatorio. Lis\u00e4n\u00e4 40 cm korkea sein\u00e4osa. Talvipuutarhan mitat Talvihuoneen leveys on 457 cm ja pituus 380 cm. Sivusein\u00e4n korkeus 13 cm:n pohjakehyksell\u00e4 on 257 cm ja katon harjan korkeus on 420 cm. Talvihuoneen mukana tulee jo pohjakehys. Mukana tulee my\u00f6s kunnon alumiiniset alaslaskuputket. Voimme my\u00f6s tehd\u00e4 erikoistilauksia tietyiss\u00e4 rajoissa. Talvihuoneen sein\u00e4n korkeutta voidaan tarvittaessa korottaa, ovia voidaan lis\u00e4t\u00e4 jne. Kerro meille, mit\u00e4&#8230;<\/p>\n","protected":false},"featured_media":17348,"template":"","meta":{"_acf_changed":false},"product_brand":[],"product_cat":[1828,1840],"product_tag":[],"class_list":{"0":"post-53641","1":"product","2":"type-product","3":"status-publish","4":"has-post-thumbnail","6":"product_cat-euro-serren-talvipuutarhat","7":"product_cat-winter-garden-royal","8":"pa_variatsioon-talvipuutarha-royal-extra-457x380m-40cm-ral-jauhemaalattu","10":"first","11":"instock","12":"taxable","13":"shipping-taxable","14":"purchasable","15":"product-type-simple"},"acf":[],"yoast_head":"<!-- This site is optimized with the Yoast SEO Premium plugin v27.3 (Yoast SEO v27.3) - https:\/\/yoast.com\/product\/yoast-seo-premium-wordpress\/ -->\n<title>Talvipuutarha Royal Extra 4,57\u00d73,80m +40cm RAL jauhemaalattu - Rodoaed<\/title>\n<meta name=\"robots\" content=\"index, follow, max-snippet:-1, max-image-preview:large, max-video-preview:-1\" \/>\n<link rel=\"canonical\" href=\"https:\/\/rodoaed.ee\/fi\/toode\/talvipuutarha-royal-extra-457x380m-40cm-ral-jauhemaalattu\/\" \/>\n<meta property=\"og:locale\" content=\"fi_FI\" \/>\n<meta property=\"og:type\" content=\"article\" \/>\n<meta property=\"og:title\" content=\"Talvipuutarha Royal Extra 4,57\u00d73,80m +40cm RAL jauhemaalattu\" \/>\n<meta property=\"og:description\" content=\"Rakennuksen julkisivuun kiinnitetty konservatorio. Lis\u00e4n\u00e4 40 cm korkea sein\u00e4osa. Talvipuutarhan mitat Talvihuoneen leveys on 457 cm ja pituus 380 cm.\" \/>\n<meta property=\"og:url\" content=\"https:\/\/rodoaed.ee\/fi\/toode\/talvipuutarha-royal-extra-457x380m-40cm-ral-jauhemaalattu\/\" \/>\n<meta property=\"og:site_name\" content=\"Rodoaed\" \/>\n<meta property=\"article:publisher\" content=\"https:\/\/www.facebook.com\/kasvuhooned\/\" \/>\n<meta property=\"article:modified_time\" content=\"2026-04-13T08:09:25+00:00\" \/>\n<meta property=\"og:image\" content=\"https:\/\/rodoaed.ee\/wp-content\/uploads\/2019\/07\/Talveaed_Kasvuhooned_Royalextra_01.jpg\" \/>\n\t<meta property=\"og:image:width\" content=\"2349\" \/>\n\t<meta property=\"og:image:height\" content=\"1671\" \/>\n\t<meta property=\"og:image:type\" content=\"image\/jpeg\" \/>\n<meta name=\"twitter:card\" content=\"summary_large_image\" \/>\n<meta name=\"twitter:label1\" content=\"Arvioitu lukuaika\" \/>\n\t<meta name=\"twitter:data1\" content=\"1 minuutti\" \/>\n<script type=\"application\/ld+json\" class=\"yoast-schema-graph\">{\"@context\":\"https:\\\/\\\/schema.org\",\"@graph\":[{\"@type\":\"WebPage\",\"@id\":\"https:\\\/\\\/rodoaed.ee\\\/fi\\\/toode\\\/talvipuutarha-royal-extra-457x380m-40cm-ral-jauhemaalattu\\\/\",\"url\":\"https:\\\/\\\/rodoaed.ee\\\/fi\\\/toode\\\/talvipuutarha-royal-extra-457x380m-40cm-ral-jauhemaalattu\\\/\",\"name\":\"Talvipuutarha Royal Extra 4,57\u00d73,80m +40cm RAL jauhemaalattu - Rodoaed\",\"isPartOf\":{\"@id\":\"https:\\\/\\\/rodoaed.ee\\\/#website\"},\"primaryImageOfPage\":{\"@id\":\"https:\\\/\\\/rodoaed.ee\\\/fi\\\/toode\\\/talvipuutarha-royal-extra-457x380m-40cm-ral-jauhemaalattu\\\/#primaryimage\"},\"image\":{\"@id\":\"https:\\\/\\\/rodoaed.ee\\\/fi\\\/toode\\\/talvipuutarha-royal-extra-457x380m-40cm-ral-jauhemaalattu\\\/#primaryimage\"},\"thumbnailUrl\":\"https:\\\/\\\/rodoaed.ee\\\/wp-content\\\/uploads\\\/2019\\\/07\\\/Talveaed_Kasvuhooned_Royalextra_01.jpg\",\"datePublished\":\"2019-08-02T09:56:01+00:00\",\"dateModified\":\"2026-04-13T08:09:25+00:00\",\"breadcrumb\":{\"@id\":\"https:\\\/\\\/rodoaed.ee\\\/fi\\\/toode\\\/talvipuutarha-royal-extra-457x380m-40cm-ral-jauhemaalattu\\\/#breadcrumb\"},\"inLanguage\":\"fi\",\"potentialAction\":[{\"@type\":\"ReadAction\",\"target\":[\"https:\\\/\\\/rodoaed.ee\\\/fi\\\/toode\\\/talvipuutarha-royal-extra-457x380m-40cm-ral-jauhemaalattu\\\/\"]}]},{\"@type\":\"ImageObject\",\"inLanguage\":\"fi\",\"@id\":\"https:\\\/\\\/rodoaed.ee\\\/fi\\\/toode\\\/talvipuutarha-royal-extra-457x380m-40cm-ral-jauhemaalattu\\\/#primaryimage\",\"url\":\"https:\\\/\\\/rodoaed.ee\\\/wp-content\\\/uploads\\\/2019\\\/07\\\/Talveaed_Kasvuhooned_Royalextra_01.jpg\",\"contentUrl\":\"https:\\\/\\\/rodoaed.ee\\\/wp-content\\\/uploads\\\/2019\\\/07\\\/Talveaed_Kasvuhooned_Royalextra_01.jpg\",\"width\":2349,\"height\":1671},{\"@type\":\"BreadcrumbList\",\"@id\":\"https:\\\/\\\/rodoaed.ee\\\/fi\\\/toode\\\/talvipuutarha-royal-extra-457x380m-40cm-ral-jauhemaalattu\\\/#breadcrumb\",\"itemListElement\":[{\"@type\":\"ListItem\",\"position\":1,\"name\":\"Home\",\"item\":\"https:\\\/\\\/rodoaed.ee\\\/fi\\\/\"},{\"@type\":\"ListItem\",\"position\":2,\"name\":\"Osta osoitteessa\",\"item\":\"https:\\\/\\\/rodoaed.ee\\\/osta-osoitteessa\\\/\"},{\"@type\":\"ListItem\",\"position\":3,\"name\":\"Talvipuutarha Royal Extra 4,57\u00d73,80m +40cm RAL jauhemaalattu\"}]},{\"@type\":\"WebSite\",\"@id\":\"https:\\\/\\\/rodoaed.ee\\\/#website\",\"url\":\"https:\\\/\\\/rodoaed.ee\\\/\",\"name\":\"Rodoaed\",\"description\":\"\",\"publisher\":{\"@id\":\"https:\\\/\\\/rodoaed.ee\\\/#organization\"},\"potentialAction\":[{\"@type\":\"SearchAction\",\"target\":{\"@type\":\"EntryPoint\",\"urlTemplate\":\"https:\\\/\\\/rodoaed.ee\\\/?s={search_term_string}\"},\"query-input\":{\"@type\":\"PropertyValueSpecification\",\"valueRequired\":true,\"valueName\":\"search_term_string\"}}],\"inLanguage\":\"fi\"},{\"@type\":\"Organization\",\"@id\":\"https:\\\/\\\/rodoaed.ee\\\/#organization\",\"name\":\"Rodoaed\",\"url\":\"https:\\\/\\\/rodoaed.ee\\\/\",\"logo\":{\"@type\":\"ImageObject\",\"inLanguage\":\"fi\",\"@id\":\"https:\\\/\\\/rodoaed.ee\\\/#\\\/schema\\\/logo\\\/image\\\/\",\"url\":\"https:\\\/\\\/rodoaed.ee\\\/wp-content\\\/uploads\\\/2019\\\/11\\\/rodoaed-logo-ilma-taustata.jpg\",\"contentUrl\":\"https:\\\/\\\/rodoaed.ee\\\/wp-content\\\/uploads\\\/2019\\\/11\\\/rodoaed-logo-ilma-taustata.jpg\",\"width\":769,\"height\":268,\"caption\":\"Rodoaed\"},\"image\":{\"@id\":\"https:\\\/\\\/rodoaed.ee\\\/#\\\/schema\\\/logo\\\/image\\\/\"},\"sameAs\":[\"https:\\\/\\\/www.facebook.com\\\/kasvuhooned\\\/\",\"https:\\\/\\\/rodoaed.ee\"]}]}<\/script>\n<!-- \/ Yoast SEO Premium plugin. -->","yoast_head_json":{"title":"Talvipuutarha Royal Extra 4,57\u00d73,80m +40cm RAL jauhemaalattu - Rodoaed","robots":{"index":"index","follow":"follow","max-snippet":"max-snippet:-1","max-image-preview":"max-image-preview:large","max-video-preview":"max-video-preview:-1"},"canonical":"https:\/\/rodoaed.ee\/fi\/toode\/talvipuutarha-royal-extra-457x380m-40cm-ral-jauhemaalattu\/","og_locale":"fi_FI","og_type":"article","og_title":"Talvipuutarha Royal Extra 4,57\u00d73,80m +40cm RAL jauhemaalattu","og_description":"Rakennuksen julkisivuun kiinnitetty konservatorio. Lis\u00e4n\u00e4 40 cm korkea sein\u00e4osa. Talvipuutarhan mitat Talvihuoneen leveys on 457 cm ja pituus 380 cm.","og_url":"https:\/\/rodoaed.ee\/fi\/toode\/talvipuutarha-royal-extra-457x380m-40cm-ral-jauhemaalattu\/","og_site_name":"Rodoaed","article_publisher":"https:\/\/www.facebook.com\/kasvuhooned\/","article_modified_time":"2026-04-13T08:09:25+00:00","og_image":[{"width":2349,"height":1671,"url":"https:\/\/rodoaed.ee\/wp-content\/uploads\/2019\/07\/Talveaed_Kasvuhooned_Royalextra_01.jpg","type":"image\/jpeg"}],"twitter_card":"summary_large_image","twitter_misc":{"Arvioitu lukuaika":"1 minuutti"},"schema":{"@context":"https:\/\/schema.org","@graph":[{"@type":"WebPage","@id":"https:\/\/rodoaed.ee\/fi\/toode\/talvipuutarha-royal-extra-457x380m-40cm-ral-jauhemaalattu\/","url":"https:\/\/rodoaed.ee\/fi\/toode\/talvipuutarha-royal-extra-457x380m-40cm-ral-jauhemaalattu\/","name":"Talvipuutarha Royal Extra 4,57\u00d73,80m +40cm RAL jauhemaalattu - Rodoaed","isPartOf":{"@id":"https:\/\/rodoaed.ee\/#website"},"primaryImageOfPage":{"@id":"https:\/\/rodoaed.ee\/fi\/toode\/talvipuutarha-royal-extra-457x380m-40cm-ral-jauhemaalattu\/#primaryimage"},"image":{"@id":"https:\/\/rodoaed.ee\/fi\/toode\/talvipuutarha-royal-extra-457x380m-40cm-ral-jauhemaalattu\/#primaryimage"},"thumbnailUrl":"https:\/\/rodoaed.ee\/wp-content\/uploads\/2019\/07\/Talveaed_Kasvuhooned_Royalextra_01.jpg","datePublished":"2019-08-02T09:56:01+00:00","dateModified":"2026-04-13T08:09:25+00:00","breadcrumb":{"@id":"https:\/\/rodoaed.ee\/fi\/toode\/talvipuutarha-royal-extra-457x380m-40cm-ral-jauhemaalattu\/#breadcrumb"},"inLanguage":"fi","potentialAction":[{"@type":"ReadAction","target":["https:\/\/rodoaed.ee\/fi\/toode\/talvipuutarha-royal-extra-457x380m-40cm-ral-jauhemaalattu\/"]}]},{"@type":"ImageObject","inLanguage":"fi","@id":"https:\/\/rodoaed.ee\/fi\/toode\/talvipuutarha-royal-extra-457x380m-40cm-ral-jauhemaalattu\/#primaryimage","url":"https:\/\/rodoaed.ee\/wp-content\/uploads\/2019\/07\/Talveaed_Kasvuhooned_Royalextra_01.jpg","contentUrl":"https:\/\/rodoaed.ee\/wp-content\/uploads\/2019\/07\/Talveaed_Kasvuhooned_Royalextra_01.jpg","width":2349,"height":1671},{"@type":"BreadcrumbList","@id":"https:\/\/rodoaed.ee\/fi\/toode\/talvipuutarha-royal-extra-457x380m-40cm-ral-jauhemaalattu\/#breadcrumb","itemListElement":[{"@type":"ListItem","position":1,"name":"Home","item":"https:\/\/rodoaed.ee\/fi\/"},{"@type":"ListItem","position":2,"name":"Osta osoitteessa","item":"https:\/\/rodoaed.ee\/osta-osoitteessa\/"},{"@type":"ListItem","position":3,"name":"Talvipuutarha Royal Extra 4,57\u00d73,80m +40cm RAL jauhemaalattu"}]},{"@type":"WebSite","@id":"https:\/\/rodoaed.ee\/#website","url":"https:\/\/rodoaed.ee\/","name":"Rodoaed","description":"","publisher":{"@id":"https:\/\/rodoaed.ee\/#organization"},"potentialAction":[{"@type":"SearchAction","target":{"@type":"EntryPoint","urlTemplate":"https:\/\/rodoaed.ee\/?s={search_term_string}"},"query-input":{"@type":"PropertyValueSpecification","valueRequired":true,"valueName":"search_term_string"}}],"inLanguage":"fi"},{"@type":"Organization","@id":"https:\/\/rodoaed.ee\/#organization","name":"Rodoaed","url":"https:\/\/rodoaed.ee\/","logo":{"@type":"ImageObject","inLanguage":"fi","@id":"https:\/\/rodoaed.ee\/#\/schema\/logo\/image\/","url":"https:\/\/rodoaed.ee\/wp-content\/uploads\/2019\/11\/rodoaed-logo-ilma-taustata.jpg","contentUrl":"https:\/\/rodoaed.ee\/wp-content\/uploads\/2019\/11\/rodoaed-logo-ilma-taustata.jpg","width":769,"height":268,"caption":"Rodoaed"},"image":{"@id":"https:\/\/rodoaed.ee\/#\/schema\/logo\/image\/"},"sameAs":["https:\/\/www.facebook.com\/kasvuhooned\/","https:\/\/rodoaed.ee"]}]}},"_links":{"self":[{"href":"https:\/\/rodoaed.ee\/fi\/wp-json\/wp\/v2\/product\/53641","targetHints":{"allow":["GET"]}}],"collection":[{"href":"https:\/\/rodoaed.ee\/fi\/wp-json\/wp\/v2\/product"}],"about":[{"href":"https:\/\/rodoaed.ee\/fi\/wp-json\/wp\/v2\/types\/product"}],"wp:featuredmedia":[{"embeddable":true,"href":"https:\/\/rodoaed.ee\/fi\/wp-json\/wp\/v2\/media\/17348"}],"wp:attachment":[{"href":"https:\/\/rodoaed.ee\/fi\/wp-json\/wp\/v2\/media?parent=53641"}],"wp:term":[{"taxonomy":"product_brand","embeddable":true,"href":"https:\/\/rodoaed.ee\/fi\/wp-json\/wp\/v2\/product_brand?post=53641"},{"taxonomy":"product_cat","embeddable":true,"href":"https:\/\/rodoaed.ee\/fi\/wp-json\/wp\/v2\/product_cat?post=53641"},{"taxonomy":"product_tag","embeddable":true,"href":"https:\/\/rodoaed.ee\/fi\/wp-json\/wp\/v2\/product_tag?post=53641"}],"curies":[{"name":"wp","href":"https:\/\/api.w.org\/{rel}","templated":true}]}}