{"id":53646,"date":"2019-08-02T12:56:01","date_gmt":"2019-08-02T09:56:01","guid":{"rendered":"https:\/\/rodoaed.ee\/toode\/pro-chipper-tc-22-inox-deluxe\/"},"modified":"2026-04-13T11:09:31","modified_gmt":"2026-04-13T08:09:31","slug":"pro-chipper-tc-22-inox-deluxe","status":"publish","type":"product","link":"https:\/\/rodoaed.ee\/fi\/tuote\/pro-chipper-tc-22-inox-deluxe\/","title":{"rendered":"Pro Chipper TC-22 Inox Deluxe"},"content":{"rendered":"<h2>TRE Spade PRO -sarjan jauhatusmyllyt on suunniteltu erityisesti ravintola- ja suurkeitti\u00f6k\u00e4ytt\u00f6\u00f6n.<\/h2>\n<p><strong>PRO-sarjan hakkurit on valmistettu kokonaan ruostumattomasta ter\u00e4ksest\u00e4, ja niiss\u00e4 on erityisen kest\u00e4v\u00e4 moottori ja voimansiirto, jotka kest\u00e4v\u00e4t jatkuvaa raskasta k\u00e4ytt\u00f6\u00e4.<\/strong><\/p>\n<p>02200\/1PRO<\/p>\n<p>TRE Spade -tuotemerkki on ollut tunnettu Euroopassa ja ymp\u00e4ri maailmaa yli 120 vuoden ajan eritt\u00e4in kest\u00e4vien eli &#8221;elinik\u00e4isten&#8221; keitti\u00f6koneiden valmistajana. T\u00e4h\u00e4n asti laitteet on valmistettu Euroopassa, Italian tehtaalla Torinossa.  Ainoastaan kest\u00e4vimpi\u00e4 materiaaleja, kuten ruostumatonta ter\u00e4st\u00e4 ja valurautaa, k\u00e4ytet\u00e4\u00e4n.<\/p>\n<p>TRE Spade on kuuluisa my\u00f6s palkituista muotoiluistaan. Tavallisesti ammattikeitti\u00f6ihin tarkoitettuja laitteita valmistavat tehtaat eiv\u00e4t aseta suunnittelua etusijalle, vaan tehokkuus on etusijalla. Italialainen edell\u00e4k\u00e4vij\u00e4 on kuitenkin tunnettu teknologisesta innovaatiosta, pitk\u00e4aikaisesta kest\u00e4vyydest\u00e4 ja palkitusta muotoilusta.   Viime vuosina heid\u00e4n tuotteilleen on my\u00f6nnetty useita Euroopan parhaita muotoilupalkintoja.<\/p>\n<h2>T\u00e4rkeimm\u00e4t ominaisuudet:<\/h2>\n<ul>\n<li>Runko, ruuvi, ruuvirengas, levy ja itsekierteitt\u00e4v\u00e4 ter\u00e4 <strong>ovat kaikki ruostumatonta ter\u00e4st\u00e4.<\/strong><\/li>\n<li>Yl\u00e4alusta ja pohja ruostumatonta ter\u00e4st\u00e4<\/li>\n<li>Itsest\u00e4\u00e4n teroittuvat ruostumattomasta ter\u00e4ksest\u00e4 valmistetut veitset ja siivil\u00e4t.<\/li>\n<li>Asynkroninen yksivaiheinen induktiomoottori 220 V\/50Hz<\/li>\n<li><strong>Moottori on sertifioitu jatkuvaan k\u00e4ytt\u00f6\u00f6n<\/strong><\/li>\n<li>Nopea purkaminen k\u00e4tev\u00e4\u00e4 puhdistusta varten<\/li>\n<li>Tomaattipuristin ja mehunpoistomoduuli voidaan lis\u00e4t\u00e4 lis\u00e4varusteena.<\/li>\n<li><span style=\"line-height: 1;\">Helppo k\u00e4ytt\u00e4\u00e4<\/span><\/li>\n<\/ul>\n<ul>\n<li>Kompakti ja vakaa<\/li>\n<li>PLUS <strong>Vaihdelaatikko<\/strong>, jossa on karkaistut ter\u00e4ksiset hammaspy\u00f6r\u00e4t <strong>jatkuvassa \u00f6ljykylvyss\u00e4.<\/strong><\/li>\n<li>PLUS liukastumista est\u00e4v\u00e4t vakaat jalat<\/li>\n<li><strong>PLUS eritt\u00e4in suuri tarjotin<\/strong><\/li>\n<\/ul>\n<h2>Tekniset tiedot:<\/h2>\n<ul>\n<li>Moottorin teho: 1100 W (1,5 HP)<\/li>\n<li>Ruuvin py\u00f6rimisnopeus: 120 rpm<\/li>\n<li>Tuottavuus: 180 kg tunnissa<\/li>\n<li>Paino: 28,5 kg<\/li>\n<li>Mitat: 53 x 27 x 45 cm<\/li>\n<\/ul>\n<p><a href=\"https:\/\/rodoaed.ee\/fi\/\">kotisivu<\/a> <a href=\"https:\/\/rodoaed.ee\/fi\/tootekategooria\/keittiolaitteet\/\">k\u00e4ynnist\u00e4<\/a> <a href=\"https:\/\/rodoaed.ee\/fi\/tootekategooria\/keittiolaitteet\/chippers\/\">jauhelihakoneet<\/a><\/p>\n<p>&nbsp;<\/p>\n","protected":false},"excerpt":{"rendered":"<p>TRE Spade PRO -sarjan jauhatusmyllyt on suunniteltu erityisesti ravintola- ja suurkeitti\u00f6k\u00e4ytt\u00f6\u00f6n. PRO-sarjan hakkurit on valmistettu kokonaan ruostumattomasta ter\u00e4ksest\u00e4, ja niiss\u00e4 on erityisen kest\u00e4v\u00e4 moottori ja voimansiirto, jotka kest\u00e4v\u00e4t jatkuvaa raskasta k\u00e4ytt\u00f6\u00e4. 02200\/1PRO TRE Spade -tuotemerkki on ollut tunnettu Euroopassa ja ymp\u00e4ri maailmaa yli 120 vuoden ajan eritt\u00e4in kest\u00e4vien eli &#8221;elinik\u00e4isten&#8221; keitti\u00f6koneiden valmistajana. T\u00e4h\u00e4n asti laitteet on valmistettu Euroopassa, Italian tehtaalla Torinossa. Ainoastaan kest\u00e4vimpi\u00e4 materiaaleja, kuten&#8230;<\/p>\n","protected":false},"featured_media":17339,"template":"","meta":{"_acf_changed":false},"product_brand":[],"product_cat":[1919,1751],"product_tag":[],"class_list":{"0":"post-53646","1":"product","2":"type-product","3":"status-publish","4":"has-post-thumbnail","6":"product_cat-chippers","7":"product_cat-keittiolaitteet","8":"pa_variatsioon-8-ammattilaisvasara-tc-22-inox-deluxe","10":"first","11":"onbackorder","12":"taxable","13":"shipping-taxable","14":"purchasable","15":"product-type-simple"},"acf":[],"yoast_head":"<!-- This site is optimized with the Yoast SEO Premium plugin v27.3 (Yoast SEO v27.3) - https:\/\/yoast.com\/product\/yoast-seo-premium-wordpress\/ -->\n<title>Pro Chipper TC-22 Inox Deluxe - Rodoaed<\/title>\n<meta name=\"robots\" content=\"index, follow, max-snippet:-1, max-image-preview:large, max-video-preview:-1\" \/>\n<link rel=\"canonical\" href=\"https:\/\/rodoaed.ee\/fi\/toode\/pro-chipper-tc-22-inox-deluxe\/\" \/>\n<meta property=\"og:locale\" content=\"fi_FI\" \/>\n<meta property=\"og:type\" content=\"article\" \/>\n<meta property=\"og:title\" content=\"Pro Chipper TC-22 Inox Deluxe\" \/>\n<meta property=\"og:description\" content=\"TRE Spade PRO -sarjan jauhatusmyllyt on suunniteltu erityisesti ravintola- ja suurkeitti\u00f6k\u00e4ytt\u00f6\u00f6n. PRO-sarjan hakkurit on valmistettu kokonaan\" \/>\n<meta property=\"og:url\" content=\"https:\/\/rodoaed.ee\/fi\/toode\/pro-chipper-tc-22-inox-deluxe\/\" \/>\n<meta property=\"og:site_name\" content=\"Rodoaed\" \/>\n<meta property=\"article:publisher\" content=\"https:\/\/www.facebook.com\/kasvuhooned\/\" \/>\n<meta property=\"article:modified_time\" content=\"2026-04-13T08:09:31+00:00\" \/>\n<meta property=\"og:image\" content=\"https:\/\/rodoaed.ee\/wp-content\/uploads\/2019\/07\/hakklihamasin_F02200_1PRO.jpg\" \/>\n\t<meta property=\"og:image:width\" content=\"800\" \/>\n\t<meta property=\"og:image:height\" content=\"534\" \/>\n\t<meta property=\"og:image:type\" content=\"image\/jpeg\" \/>\n<meta name=\"twitter:card\" content=\"summary_large_image\" \/>\n<meta name=\"twitter:label1\" content=\"Arvioitu lukuaika\" \/>\n\t<meta name=\"twitter:data1\" content=\"1 minuutti\" \/>\n<script type=\"application\/ld+json\" class=\"yoast-schema-graph\">{\"@context\":\"https:\\\/\\\/schema.org\",\"@graph\":[{\"@type\":\"WebPage\",\"@id\":\"https:\\\/\\\/rodoaed.ee\\\/fi\\\/toode\\\/pro-chipper-tc-22-inox-deluxe\\\/\",\"url\":\"https:\\\/\\\/rodoaed.ee\\\/fi\\\/toode\\\/pro-chipper-tc-22-inox-deluxe\\\/\",\"name\":\"Pro Chipper TC-22 Inox Deluxe - Rodoaed\",\"isPartOf\":{\"@id\":\"https:\\\/\\\/rodoaed.ee\\\/#website\"},\"primaryImageOfPage\":{\"@id\":\"https:\\\/\\\/rodoaed.ee\\\/fi\\\/toode\\\/pro-chipper-tc-22-inox-deluxe\\\/#primaryimage\"},\"image\":{\"@id\":\"https:\\\/\\\/rodoaed.ee\\\/fi\\\/toode\\\/pro-chipper-tc-22-inox-deluxe\\\/#primaryimage\"},\"thumbnailUrl\":\"https:\\\/\\\/rodoaed.ee\\\/wp-content\\\/uploads\\\/2019\\\/07\\\/hakklihamasin_F02200_1PRO.jpg\",\"datePublished\":\"2019-08-02T09:56:01+00:00\",\"dateModified\":\"2026-04-13T08:09:31+00:00\",\"breadcrumb\":{\"@id\":\"https:\\\/\\\/rodoaed.ee\\\/fi\\\/toode\\\/pro-chipper-tc-22-inox-deluxe\\\/#breadcrumb\"},\"inLanguage\":\"fi\",\"potentialAction\":[{\"@type\":\"ReadAction\",\"target\":[\"https:\\\/\\\/rodoaed.ee\\\/fi\\\/toode\\\/pro-chipper-tc-22-inox-deluxe\\\/\"]}]},{\"@type\":\"ImageObject\",\"inLanguage\":\"fi\",\"@id\":\"https:\\\/\\\/rodoaed.ee\\\/fi\\\/toode\\\/pro-chipper-tc-22-inox-deluxe\\\/#primaryimage\",\"url\":\"https:\\\/\\\/rodoaed.ee\\\/wp-content\\\/uploads\\\/2019\\\/07\\\/hakklihamasin_F02200_1PRO.jpg\",\"contentUrl\":\"https:\\\/\\\/rodoaed.ee\\\/wp-content\\\/uploads\\\/2019\\\/07\\\/hakklihamasin_F02200_1PRO.jpg\",\"width\":800,\"height\":534},{\"@type\":\"BreadcrumbList\",\"@id\":\"https:\\\/\\\/rodoaed.ee\\\/fi\\\/toode\\\/pro-chipper-tc-22-inox-deluxe\\\/#breadcrumb\",\"itemListElement\":[{\"@type\":\"ListItem\",\"position\":1,\"name\":\"Home\",\"item\":\"https:\\\/\\\/rodoaed.ee\\\/fi\\\/\"},{\"@type\":\"ListItem\",\"position\":2,\"name\":\"Osta osoitteessa\",\"item\":\"https:\\\/\\\/rodoaed.ee\\\/osta-osoitteessa\\\/\"},{\"@type\":\"ListItem\",\"position\":3,\"name\":\"Pro Chipper TC-22 Inox Deluxe\"}]},{\"@type\":\"WebSite\",\"@id\":\"https:\\\/\\\/rodoaed.ee\\\/#website\",\"url\":\"https:\\\/\\\/rodoaed.ee\\\/\",\"name\":\"Rodoaed\",\"description\":\"\",\"publisher\":{\"@id\":\"https:\\\/\\\/rodoaed.ee\\\/#organization\"},\"potentialAction\":[{\"@type\":\"SearchAction\",\"target\":{\"@type\":\"EntryPoint\",\"urlTemplate\":\"https:\\\/\\\/rodoaed.ee\\\/?s={search_term_string}\"},\"query-input\":{\"@type\":\"PropertyValueSpecification\",\"valueRequired\":true,\"valueName\":\"search_term_string\"}}],\"inLanguage\":\"fi\"},{\"@type\":\"Organization\",\"@id\":\"https:\\\/\\\/rodoaed.ee\\\/#organization\",\"name\":\"Rodoaed\",\"url\":\"https:\\\/\\\/rodoaed.ee\\\/\",\"logo\":{\"@type\":\"ImageObject\",\"inLanguage\":\"fi\",\"@id\":\"https:\\\/\\\/rodoaed.ee\\\/#\\\/schema\\\/logo\\\/image\\\/\",\"url\":\"https:\\\/\\\/rodoaed.ee\\\/wp-content\\\/uploads\\\/2019\\\/11\\\/rodoaed-logo-ilma-taustata.jpg\",\"contentUrl\":\"https:\\\/\\\/rodoaed.ee\\\/wp-content\\\/uploads\\\/2019\\\/11\\\/rodoaed-logo-ilma-taustata.jpg\",\"width\":769,\"height\":268,\"caption\":\"Rodoaed\"},\"image\":{\"@id\":\"https:\\\/\\\/rodoaed.ee\\\/#\\\/schema\\\/logo\\\/image\\\/\"},\"sameAs\":[\"https:\\\/\\\/www.facebook.com\\\/kasvuhooned\\\/\",\"https:\\\/\\\/rodoaed.ee\"]}]}<\/script>\n<!-- \/ Yoast SEO Premium plugin. -->","yoast_head_json":{"title":"Pro Chipper TC-22 Inox Deluxe - Rodoaed","robots":{"index":"index","follow":"follow","max-snippet":"max-snippet:-1","max-image-preview":"max-image-preview:large","max-video-preview":"max-video-preview:-1"},"canonical":"https:\/\/rodoaed.ee\/fi\/toode\/pro-chipper-tc-22-inox-deluxe\/","og_locale":"fi_FI","og_type":"article","og_title":"Pro Chipper TC-22 Inox Deluxe","og_description":"TRE Spade PRO -sarjan jauhatusmyllyt on suunniteltu erityisesti ravintola- ja suurkeitti\u00f6k\u00e4ytt\u00f6\u00f6n. PRO-sarjan hakkurit on valmistettu kokonaan","og_url":"https:\/\/rodoaed.ee\/fi\/toode\/pro-chipper-tc-22-inox-deluxe\/","og_site_name":"Rodoaed","article_publisher":"https:\/\/www.facebook.com\/kasvuhooned\/","article_modified_time":"2026-04-13T08:09:31+00:00","og_image":[{"width":800,"height":534,"url":"https:\/\/rodoaed.ee\/wp-content\/uploads\/2019\/07\/hakklihamasin_F02200_1PRO.jpg","type":"image\/jpeg"}],"twitter_card":"summary_large_image","twitter_misc":{"Arvioitu lukuaika":"1 minuutti"},"schema":{"@context":"https:\/\/schema.org","@graph":[{"@type":"WebPage","@id":"https:\/\/rodoaed.ee\/fi\/toode\/pro-chipper-tc-22-inox-deluxe\/","url":"https:\/\/rodoaed.ee\/fi\/toode\/pro-chipper-tc-22-inox-deluxe\/","name":"Pro Chipper TC-22 Inox Deluxe - Rodoaed","isPartOf":{"@id":"https:\/\/rodoaed.ee\/#website"},"primaryImageOfPage":{"@id":"https:\/\/rodoaed.ee\/fi\/toode\/pro-chipper-tc-22-inox-deluxe\/#primaryimage"},"image":{"@id":"https:\/\/rodoaed.ee\/fi\/toode\/pro-chipper-tc-22-inox-deluxe\/#primaryimage"},"thumbnailUrl":"https:\/\/rodoaed.ee\/wp-content\/uploads\/2019\/07\/hakklihamasin_F02200_1PRO.jpg","datePublished":"2019-08-02T09:56:01+00:00","dateModified":"2026-04-13T08:09:31+00:00","breadcrumb":{"@id":"https:\/\/rodoaed.ee\/fi\/toode\/pro-chipper-tc-22-inox-deluxe\/#breadcrumb"},"inLanguage":"fi","potentialAction":[{"@type":"ReadAction","target":["https:\/\/rodoaed.ee\/fi\/toode\/pro-chipper-tc-22-inox-deluxe\/"]}]},{"@type":"ImageObject","inLanguage":"fi","@id":"https:\/\/rodoaed.ee\/fi\/toode\/pro-chipper-tc-22-inox-deluxe\/#primaryimage","url":"https:\/\/rodoaed.ee\/wp-content\/uploads\/2019\/07\/hakklihamasin_F02200_1PRO.jpg","contentUrl":"https:\/\/rodoaed.ee\/wp-content\/uploads\/2019\/07\/hakklihamasin_F02200_1PRO.jpg","width":800,"height":534},{"@type":"BreadcrumbList","@id":"https:\/\/rodoaed.ee\/fi\/toode\/pro-chipper-tc-22-inox-deluxe\/#breadcrumb","itemListElement":[{"@type":"ListItem","position":1,"name":"Home","item":"https:\/\/rodoaed.ee\/fi\/"},{"@type":"ListItem","position":2,"name":"Osta osoitteessa","item":"https:\/\/rodoaed.ee\/osta-osoitteessa\/"},{"@type":"ListItem","position":3,"name":"Pro Chipper TC-22 Inox Deluxe"}]},{"@type":"WebSite","@id":"https:\/\/rodoaed.ee\/#website","url":"https:\/\/rodoaed.ee\/","name":"Rodoaed","description":"","publisher":{"@id":"https:\/\/rodoaed.ee\/#organization"},"potentialAction":[{"@type":"SearchAction","target":{"@type":"EntryPoint","urlTemplate":"https:\/\/rodoaed.ee\/?s={search_term_string}"},"query-input":{"@type":"PropertyValueSpecification","valueRequired":true,"valueName":"search_term_string"}}],"inLanguage":"fi"},{"@type":"Organization","@id":"https:\/\/rodoaed.ee\/#organization","name":"Rodoaed","url":"https:\/\/rodoaed.ee\/","logo":{"@type":"ImageObject","inLanguage":"fi","@id":"https:\/\/rodoaed.ee\/#\/schema\/logo\/image\/","url":"https:\/\/rodoaed.ee\/wp-content\/uploads\/2019\/11\/rodoaed-logo-ilma-taustata.jpg","contentUrl":"https:\/\/rodoaed.ee\/wp-content\/uploads\/2019\/11\/rodoaed-logo-ilma-taustata.jpg","width":769,"height":268,"caption":"Rodoaed"},"image":{"@id":"https:\/\/rodoaed.ee\/#\/schema\/logo\/image\/"},"sameAs":["https:\/\/www.facebook.com\/kasvuhooned\/","https:\/\/rodoaed.ee"]}]}},"_links":{"self":[{"href":"https:\/\/rodoaed.ee\/fi\/wp-json\/wp\/v2\/product\/53646","targetHints":{"allow":["GET"]}}],"collection":[{"href":"https:\/\/rodoaed.ee\/fi\/wp-json\/wp\/v2\/product"}],"about":[{"href":"https:\/\/rodoaed.ee\/fi\/wp-json\/wp\/v2\/types\/product"}],"wp:featuredmedia":[{"embeddable":true,"href":"https:\/\/rodoaed.ee\/fi\/wp-json\/wp\/v2\/media\/17339"}],"wp:attachment":[{"href":"https:\/\/rodoaed.ee\/fi\/wp-json\/wp\/v2\/media?parent=53646"}],"wp:term":[{"taxonomy":"product_brand","embeddable":true,"href":"https:\/\/rodoaed.ee\/fi\/wp-json\/wp\/v2\/product_brand?post=53646"},{"taxonomy":"product_cat","embeddable":true,"href":"https:\/\/rodoaed.ee\/fi\/wp-json\/wp\/v2\/product_cat?post=53646"},{"taxonomy":"product_tag","embeddable":true,"href":"https:\/\/rodoaed.ee\/fi\/wp-json\/wp\/v2\/product_tag?post=53646"}],"curies":[{"name":"wp","href":"https:\/\/api.w.org\/{rel}","templated":true}]}}