{"id":53647,"date":"2019-08-02T12:56:21","date_gmt":"2019-08-02T09:56:21","guid":{"rendered":"https:\/\/rodoaed.ee\/toode\/ruokakone-toollio-vihannesraastin-moduuli\/"},"modified":"2026-04-13T11:09:31","modified_gmt":"2026-04-13T08:09:31","slug":"ruokakone-toollio-vihannesraastin-moduuli","status":"publish","type":"product","link":"https:\/\/rodoaed.ee\/fi\/tuote\/ruokakone-toollio-vihannesraastin-moduuli\/","title":{"rendered":"Ruokakone TOOLLIO Vihannesraastin moduuli"},"content":{"rendered":"<h2>Moduuli: vihannesraastin (+ mozzarellaleikkuri)<\/h2>\n<h2>Suunnittelija: Adriano design<\/h2>\n<h2><span style=\"font-family: Tahoma, Geneva, sans-serif; font-size: 16px; font-style: normal; font-variant: normal; font-weight: bold; line-height: normal;\">TOOLLIO-monitoiminen ruoank\u00e4sittelykone sopii kotik\u00e4ytt\u00f6\u00f6n mutta erityisesti ammattikeitti\u00f6\u00f6n.<\/span><\/h2>\n<p><strong>Kolmen vaihdettavan leikkuukartionsa ansiosta Toollio soveltuu t\u00e4ydellisesti kaikkiin tarkoituksiin. Vihannekset voidaan leikata viipaleiksi, paloiksi ja kuutioiksi. Sylinterim\u00e4inen leikkuuter\u00e4 takaa, ett\u00e4 pienetkin vihannekset ja mukulat leikataan kunnolla ja tasaisesti optimaalisessa kulmassa.  <\/strong><\/p>\n<div><\/div>\n<p>TOOLLIO on todella k\u00e4yt\u00e4nn\u00f6llinen ruoank\u00e4sittelykone, jonka on suunnitellut arvostettu Adriano-suunnittelustudio ja jonka on valmistanut TRE Spade, italialainen tehdas, jolla on 125 vuoden kokemus.<\/p>\n<p>TOOLLIO koostuu moduuleista, mik\u00e4 takaa suuren k\u00e4ytt\u00e4j\u00e4yst\u00e4v\u00e4llisyyden ja joustavuuden. Koska kaikki t\u00e4rkeimm\u00e4t liikkuvat osat on valmistettu korkealaatuisista metalleista, luotettavuus on korkea ja kest\u00e4vyys eritt\u00e4in hyv\u00e4. <\/p>\n<p>TOOLLIO koostuu p\u00e4\u00e4moduulista, joka sis\u00e4lt\u00e4\u00e4 moottorilohkon, ja lis\u00e4moduuleista, kuten jauhinmyllyst\u00e4, juustoraasteesta, lihanmureuttajasta ja vihannesviipalointilaitteesta. Voit valita koko sarjan heti tai k\u00e4ytt\u00e4\u00e4 vain sit\u00e4, mit\u00e4 tarvitset eniten, ja lis\u00e4t\u00e4 lis\u00e4moduuleja my\u00f6hemmin tarvittaessa. <\/p>\n<p>&nbsp;<\/p>\n<p><strong>TOOLLIO Italian food processor antaa aivan uuden merkityksen monipuolisuudelle ja k\u00e4tevyydelle keitti\u00f6ss\u00e4<\/strong>. Se on ensimm\u00e4inen ammattik\u00e4ytt\u00f6\u00f6n tarkoitettu keitti\u00f6robotti, joka yhdist\u00e4\u00e4 monia eri toimintoja yhteen koteloon. Se on t\u00e4ydellinen ratkaisu ty\u00f6tilan k\u00e4yt\u00f6n optimointiin &#8211; todellinen taloudellinen etu niille, jotka normaalisti k\u00e4ytt\u00e4v\u00e4t jokaiseen prosessiin erillist\u00e4 konetta.  <\/p>\n<p>Toollion ergonomisen muotoilun ansiosta k\u00e4ytt\u00e4j\u00e4 voi ty\u00f6skennell\u00e4 yht\u00e4 mukavasti laitteen edess\u00e4 tai sivulla, joten k\u00e4yt\u00e4nn\u00f6llisyys ja k\u00e4ytt\u00f6mukavuus on optimoitu \u00e4\u00e4rimmilleen.<\/p>\n<h2>T\u00e4rkeimm\u00e4t ominaisuudet:<\/h2>\n<ul>\n<li>Runko alumiinia<\/li>\n<li>3 leikkuukartiota (ruostumattomasta ter\u00e4ksest\u00e4 valmistetut ter\u00e4t viipaleille ja py\u00f6reille paloille; ruostumattomasta ter\u00e4ksest\u00e4 valmistettu kartio, jossa on 4 mm:n rei\u00e4t julienne-tyyliseen viipalointiin; ruostumattomasta ter\u00e4ksest\u00e4 valmistettu kartio, jossa on 7 mm:n rei\u00e4t vihannesten, mozzarellan ja juuston viipalointiin).<\/li>\n<li>Integroitu lukitusmekanismi (ei tarvita avaimia tai ty\u00f6kaluja)<\/li>\n<li>Juurileikkurin ohjaustangon kotelo ja suojus sis\u00e4ltyv\u00e4t jo vakiona.<\/li>\n<li>PLUS-viipalointiter\u00e4 sopii my\u00f6s mozzarellan viipalointiin, joka sopii erityisen hyvin leipomotuotteisiin.<\/li>\n<li>\n<\/li>\n<\/ul>\n<h2>Tekniset tiedot:<\/h2>\n<ul>\n<li>Kaikki lis\u00e4moduulit voidaan nopeasti ja k\u00e4tev\u00e4sti purkaa kokonaan, jolloin ne on helppo puhdistaa.<\/li>\n<li>Purkamiseen ei tarvita ty\u00f6kaluja<\/li>\n<\/ul>\n<ul>\n<li>Paino: 2 kg<\/li>\n<li>Mitat: 24 x 30 x 37 cm<\/li>\n<\/ul>\n<p>&nbsp;<\/p>\n","protected":false},"excerpt":{"rendered":"<p>Moduuli: vihannesraastin (+ mozzarellaleikkuri) Suunnittelija: Adriano design TOOLLIO-monitoiminen ruoank\u00e4sittelykone sopii kotik\u00e4ytt\u00f6\u00f6n mutta erityisesti ammattikeitti\u00f6\u00f6n. Kolmen vaihdettavan leikkuukartionsa ansiosta Toollio soveltuu t\u00e4ydellisesti kaikkiin tarkoituksiin. Vihannekset voidaan leikata viipaleiksi, paloiksi ja kuutioiksi. Sylinterim\u00e4inen leikkuuter\u00e4 takaa, ett\u00e4 pienetkin vihannekset ja mukulat leikataan kunnolla ja tasaisesti optimaalisessa kulmassa. TOOLLIO on todella k\u00e4yt\u00e4nn\u00f6llinen ruoank\u00e4sittelykone, jonka on suunnitellut arvostettu Adriano-suunnittelustudio ja jonka on valmistanut TRE Spade, italialainen tehdas, jolla on 125&#8230;<\/p>\n","protected":false},"featured_media":17316,"template":"","meta":{"_acf_changed":false},"product_brand":[],"product_cat":[1751,2565],"product_tag":[],"class_list":{"0":"post-53647","1":"product","2":"type-product","3":"status-publish","4":"has-post-thumbnail","6":"product_cat-keittiolaitteet","7":"product_cat-keittiosekoitin-toollio","8":"pa_variatsioon-toollio-kasvisten-raastinmoduuli","10":"first","11":"onbackorder","12":"taxable","13":"shipping-taxable","14":"purchasable","15":"product-type-simple"},"acf":[],"yoast_head":"<!-- This site is optimized with the Yoast SEO Premium plugin v27.3 (Yoast SEO v27.3) - https:\/\/yoast.com\/product\/yoast-seo-premium-wordpress\/ -->\n<title>Ruokakone TOOLLIO Vihannesraastin moduuli - Rodoaed<\/title>\n<meta name=\"robots\" content=\"index, follow, max-snippet:-1, max-image-preview:large, max-video-preview:-1\" \/>\n<link rel=\"canonical\" href=\"https:\/\/rodoaed.ee\/toode\/ruokakone-toollio-vihannesraastin-moduuli\/\" \/>\n<meta property=\"og:locale\" content=\"fi_FI\" \/>\n<meta property=\"og:type\" content=\"article\" \/>\n<meta property=\"og:title\" content=\"Ruokakone TOOLLIO Vihannesraastin moduuli\" \/>\n<meta property=\"og:description\" content=\"Moduuli: vihannesraastin (+ mozzarellaleikkuri) Suunnittelija: Adriano design TOOLLIO-monitoiminen ruoank\u00e4sittelykone sopii kotik\u00e4ytt\u00f6\u00f6n mutta erityisesti\" \/>\n<meta property=\"og:url\" content=\"https:\/\/rodoaed.ee\/toode\/ruokakone-toollio-vihannesraastin-moduuli\/\" \/>\n<meta property=\"og:site_name\" content=\"Rodoaed\" \/>\n<meta property=\"article:publisher\" content=\"https:\/\/www.facebook.com\/kasvuhooned\/\" \/>\n<meta property=\"article:modified_time\" content=\"2026-04-13T08:09:31+00:00\" \/>\n<meta name=\"twitter:card\" content=\"summary_large_image\" \/>\n<meta name=\"twitter:label1\" content=\"Arvioitu lukuaika\" \/>\n\t<meta name=\"twitter:data1\" content=\"2 minuuttia\" \/>\n<script type=\"application\/ld+json\" class=\"yoast-schema-graph\">{\"@context\":\"https:\\\/\\\/schema.org\",\"@graph\":[{\"@type\":\"WebPage\",\"@id\":\"https:\\\/\\\/rodoaed.ee\\\/toode\\\/ruokakone-toollio-vihannesraastin-moduuli\\\/\",\"url\":\"https:\\\/\\\/rodoaed.ee\\\/toode\\\/ruokakone-toollio-vihannesraastin-moduuli\\\/\",\"name\":\"Ruokakone TOOLLIO Vihannesraastin moduuli - Rodoaed\",\"isPartOf\":{\"@id\":\"https:\\\/\\\/rodoaed.ee\\\/#website\"},\"primaryImageOfPage\":{\"@id\":\"https:\\\/\\\/rodoaed.ee\\\/toode\\\/ruokakone-toollio-vihannesraastin-moduuli\\\/#primaryimage\"},\"image\":{\"@id\":\"https:\\\/\\\/rodoaed.ee\\\/toode\\\/ruokakone-toollio-vihannesraastin-moduuli\\\/#primaryimage\"},\"thumbnailUrl\":\"https:\\\/\\\/rodoaed.ee\\\/wp-content\\\/uploads\\\/2019\\\/07\\\/k\u00f6\u00f6gikombain_toollio_F95700.jpg\",\"datePublished\":\"2019-08-02T09:56:21+00:00\",\"dateModified\":\"2026-04-13T08:09:31+00:00\",\"breadcrumb\":{\"@id\":\"https:\\\/\\\/rodoaed.ee\\\/toode\\\/ruokakone-toollio-vihannesraastin-moduuli\\\/#breadcrumb\"},\"inLanguage\":\"fi\",\"potentialAction\":[{\"@type\":\"ReadAction\",\"target\":[\"https:\\\/\\\/rodoaed.ee\\\/toode\\\/ruokakone-toollio-vihannesraastin-moduuli\\\/\"]}]},{\"@type\":\"ImageObject\",\"inLanguage\":\"fi\",\"@id\":\"https:\\\/\\\/rodoaed.ee\\\/toode\\\/ruokakone-toollio-vihannesraastin-moduuli\\\/#primaryimage\",\"url\":\"https:\\\/\\\/rodoaed.ee\\\/wp-content\\\/uploads\\\/2019\\\/07\\\/k\u00f6\u00f6gikombain_toollio_F95700.jpg\",\"contentUrl\":\"https:\\\/\\\/rodoaed.ee\\\/wp-content\\\/uploads\\\/2019\\\/07\\\/k\u00f6\u00f6gikombain_toollio_F95700.jpg\",\"width\":800,\"height\":600},{\"@type\":\"BreadcrumbList\",\"@id\":\"https:\\\/\\\/rodoaed.ee\\\/toode\\\/ruokakone-toollio-vihannesraastin-moduuli\\\/#breadcrumb\",\"itemListElement\":[{\"@type\":\"ListItem\",\"position\":1,\"name\":\"Home\",\"item\":\"https:\\\/\\\/rodoaed.ee\\\/fi\\\/\"},{\"@type\":\"ListItem\",\"position\":2,\"name\":\"Osta osoitteessa\",\"item\":\"https:\\\/\\\/rodoaed.ee\\\/osta-osoitteessa\\\/\"},{\"@type\":\"ListItem\",\"position\":3,\"name\":\"Ruokakone TOOLLIO Vihannesraastin moduuli\"}]},{\"@type\":\"WebSite\",\"@id\":\"https:\\\/\\\/rodoaed.ee\\\/#website\",\"url\":\"https:\\\/\\\/rodoaed.ee\\\/\",\"name\":\"Rodoaed\",\"description\":\"\",\"publisher\":{\"@id\":\"https:\\\/\\\/rodoaed.ee\\\/#organization\"},\"potentialAction\":[{\"@type\":\"SearchAction\",\"target\":{\"@type\":\"EntryPoint\",\"urlTemplate\":\"https:\\\/\\\/rodoaed.ee\\\/?s={search_term_string}\"},\"query-input\":{\"@type\":\"PropertyValueSpecification\",\"valueRequired\":true,\"valueName\":\"search_term_string\"}}],\"inLanguage\":\"fi\"},{\"@type\":\"Organization\",\"@id\":\"https:\\\/\\\/rodoaed.ee\\\/#organization\",\"name\":\"Rodoaed\",\"url\":\"https:\\\/\\\/rodoaed.ee\\\/\",\"logo\":{\"@type\":\"ImageObject\",\"inLanguage\":\"fi\",\"@id\":\"https:\\\/\\\/rodoaed.ee\\\/#\\\/schema\\\/logo\\\/image\\\/\",\"url\":\"https:\\\/\\\/rodoaed.ee\\\/wp-content\\\/uploads\\\/2019\\\/11\\\/rodoaed-logo-ilma-taustata.jpg\",\"contentUrl\":\"https:\\\/\\\/rodoaed.ee\\\/wp-content\\\/uploads\\\/2019\\\/11\\\/rodoaed-logo-ilma-taustata.jpg\",\"width\":769,\"height\":268,\"caption\":\"Rodoaed\"},\"image\":{\"@id\":\"https:\\\/\\\/rodoaed.ee\\\/#\\\/schema\\\/logo\\\/image\\\/\"},\"sameAs\":[\"https:\\\/\\\/www.facebook.com\\\/kasvuhooned\\\/\",\"https:\\\/\\\/rodoaed.ee\"]}]}<\/script>\n<!-- \/ Yoast SEO Premium plugin. -->","yoast_head_json":{"title":"Ruokakone TOOLLIO Vihannesraastin moduuli - Rodoaed","robots":{"index":"index","follow":"follow","max-snippet":"max-snippet:-1","max-image-preview":"max-image-preview:large","max-video-preview":"max-video-preview:-1"},"canonical":"https:\/\/rodoaed.ee\/toode\/ruokakone-toollio-vihannesraastin-moduuli\/","og_locale":"fi_FI","og_type":"article","og_title":"Ruokakone TOOLLIO Vihannesraastin moduuli","og_description":"Moduuli: vihannesraastin (+ mozzarellaleikkuri) Suunnittelija: Adriano design TOOLLIO-monitoiminen ruoank\u00e4sittelykone sopii kotik\u00e4ytt\u00f6\u00f6n mutta erityisesti","og_url":"https:\/\/rodoaed.ee\/toode\/ruokakone-toollio-vihannesraastin-moduuli\/","og_site_name":"Rodoaed","article_publisher":"https:\/\/www.facebook.com\/kasvuhooned\/","article_modified_time":"2026-04-13T08:09:31+00:00","twitter_card":"summary_large_image","twitter_misc":{"Arvioitu lukuaika":"2 minuuttia"},"schema":{"@context":"https:\/\/schema.org","@graph":[{"@type":"WebPage","@id":"https:\/\/rodoaed.ee\/toode\/ruokakone-toollio-vihannesraastin-moduuli\/","url":"https:\/\/rodoaed.ee\/toode\/ruokakone-toollio-vihannesraastin-moduuli\/","name":"Ruokakone TOOLLIO Vihannesraastin moduuli - Rodoaed","isPartOf":{"@id":"https:\/\/rodoaed.ee\/#website"},"primaryImageOfPage":{"@id":"https:\/\/rodoaed.ee\/toode\/ruokakone-toollio-vihannesraastin-moduuli\/#primaryimage"},"image":{"@id":"https:\/\/rodoaed.ee\/toode\/ruokakone-toollio-vihannesraastin-moduuli\/#primaryimage"},"thumbnailUrl":"https:\/\/rodoaed.ee\/wp-content\/uploads\/2019\/07\/k\u00f6\u00f6gikombain_toollio_F95700.jpg","datePublished":"2019-08-02T09:56:21+00:00","dateModified":"2026-04-13T08:09:31+00:00","breadcrumb":{"@id":"https:\/\/rodoaed.ee\/toode\/ruokakone-toollio-vihannesraastin-moduuli\/#breadcrumb"},"inLanguage":"fi","potentialAction":[{"@type":"ReadAction","target":["https:\/\/rodoaed.ee\/toode\/ruokakone-toollio-vihannesraastin-moduuli\/"]}]},{"@type":"ImageObject","inLanguage":"fi","@id":"https:\/\/rodoaed.ee\/toode\/ruokakone-toollio-vihannesraastin-moduuli\/#primaryimage","url":"https:\/\/rodoaed.ee\/wp-content\/uploads\/2019\/07\/k\u00f6\u00f6gikombain_toollio_F95700.jpg","contentUrl":"https:\/\/rodoaed.ee\/wp-content\/uploads\/2019\/07\/k\u00f6\u00f6gikombain_toollio_F95700.jpg","width":800,"height":600},{"@type":"BreadcrumbList","@id":"https:\/\/rodoaed.ee\/toode\/ruokakone-toollio-vihannesraastin-moduuli\/#breadcrumb","itemListElement":[{"@type":"ListItem","position":1,"name":"Home","item":"https:\/\/rodoaed.ee\/fi\/"},{"@type":"ListItem","position":2,"name":"Osta osoitteessa","item":"https:\/\/rodoaed.ee\/osta-osoitteessa\/"},{"@type":"ListItem","position":3,"name":"Ruokakone TOOLLIO Vihannesraastin moduuli"}]},{"@type":"WebSite","@id":"https:\/\/rodoaed.ee\/#website","url":"https:\/\/rodoaed.ee\/","name":"Rodoaed","description":"","publisher":{"@id":"https:\/\/rodoaed.ee\/#organization"},"potentialAction":[{"@type":"SearchAction","target":{"@type":"EntryPoint","urlTemplate":"https:\/\/rodoaed.ee\/?s={search_term_string}"},"query-input":{"@type":"PropertyValueSpecification","valueRequired":true,"valueName":"search_term_string"}}],"inLanguage":"fi"},{"@type":"Organization","@id":"https:\/\/rodoaed.ee\/#organization","name":"Rodoaed","url":"https:\/\/rodoaed.ee\/","logo":{"@type":"ImageObject","inLanguage":"fi","@id":"https:\/\/rodoaed.ee\/#\/schema\/logo\/image\/","url":"https:\/\/rodoaed.ee\/wp-content\/uploads\/2019\/11\/rodoaed-logo-ilma-taustata.jpg","contentUrl":"https:\/\/rodoaed.ee\/wp-content\/uploads\/2019\/11\/rodoaed-logo-ilma-taustata.jpg","width":769,"height":268,"caption":"Rodoaed"},"image":{"@id":"https:\/\/rodoaed.ee\/#\/schema\/logo\/image\/"},"sameAs":["https:\/\/www.facebook.com\/kasvuhooned\/","https:\/\/rodoaed.ee"]}]}},"_links":{"self":[{"href":"https:\/\/rodoaed.ee\/fi\/wp-json\/wp\/v2\/product\/53647","targetHints":{"allow":["GET"]}}],"collection":[{"href":"https:\/\/rodoaed.ee\/fi\/wp-json\/wp\/v2\/product"}],"about":[{"href":"https:\/\/rodoaed.ee\/fi\/wp-json\/wp\/v2\/types\/product"}],"wp:featuredmedia":[{"embeddable":true,"href":"https:\/\/rodoaed.ee\/fi\/wp-json\/wp\/v2\/media\/17316"}],"wp:attachment":[{"href":"https:\/\/rodoaed.ee\/fi\/wp-json\/wp\/v2\/media?parent=53647"}],"wp:term":[{"taxonomy":"product_brand","embeddable":true,"href":"https:\/\/rodoaed.ee\/fi\/wp-json\/wp\/v2\/product_brand?post=53647"},{"taxonomy":"product_cat","embeddable":true,"href":"https:\/\/rodoaed.ee\/fi\/wp-json\/wp\/v2\/product_cat?post=53647"},{"taxonomy":"product_tag","embeddable":true,"href":"https:\/\/rodoaed.ee\/fi\/wp-json\/wp\/v2\/product_tag?post=53647"}],"curies":[{"name":"wp","href":"https:\/\/api.w.org\/{rel}","templated":true}]}}