{"id":53651,"date":"2019-08-02T12:56:21","date_gmt":"2019-08-02T09:56:21","guid":{"rendered":"https:\/\/rodoaed.ee\/toode\/ruokaprosessori-toollio-lihanmureuttaja-moduuli\/"},"modified":"2026-04-13T11:09:34","modified_gmt":"2026-04-13T08:09:34","slug":"ruokaprosessori-toollio-lihanmureuttaja-moduuli","status":"publish","type":"product","link":"https:\/\/rodoaed.ee\/fi\/tuote\/ruokaprosessori-toollio-lihanmureuttaja-moduuli\/","title":{"rendered":"Ruokaprosessori TOOLLIO lihanmureuttaja moduuli"},"content":{"rendered":"<h2>Moduuli: lihan mureutusmoduuli<\/h2>\n<h2>Suunnittelija: Adriano design<\/h2>\n<h2><span style=\"font-family: Tahoma, Geneva, sans-serif; font-size: 16px; font-style: normal; font-variant: normal; font-weight: bold; line-height: normal;\">TOOLLIO-monitoiminen ruoank\u00e4sittelykone sopii kotik\u00e4ytt\u00f6\u00f6n mutta erityisesti ammattikeitti\u00f6\u00f6n.<\/span><\/h2>\n<p><strong>900 000 ly\u00f6nnin minuutissa ansiosta Toollio lihanmureuttaja on eritt\u00e4in nopea ja tehokas apuri kaikissa tilanteissa. Alumiinirunko takaa keveyden ja mukavuuden, kun taas ter\u00e4ksiset leikkuuter\u00e4t takaavat t\u00e4ydelliset tulokset kaikenlaisille luuttomille paloille. <\/strong><\/p>\n<p>&nbsp;<\/p>\n<p>TOOLLIO on todella k\u00e4yt\u00e4nn\u00f6llinen ruoank\u00e4sittelykone, jonka on suunnitellut arvostettu Adriano-suunnittelustudio ja jonka on valmistanut TRE Spade, italialainen tehdas, jolla on 125 vuoden kokemus.<\/p>\n<p>TOOLLIO koostuu moduuleista, mik\u00e4 takaa suuren k\u00e4ytt\u00e4j\u00e4yst\u00e4v\u00e4llisyyden ja joustavuuden. Koska kaikki t\u00e4rkeimm\u00e4t liikkuvat osat on valmistettu korkealaatuisista metalleista, luotettavuus on korkea ja kest\u00e4vyys eritt\u00e4in hyv\u00e4. <\/p>\n<p>TOOLLIO koostuu p\u00e4\u00e4moduulista, joka sis\u00e4lt\u00e4\u00e4 moottorilohkon, ja lis\u00e4moduuleista, kuten jauhinmyllyst\u00e4, juustoraasteesta, lihanmureuttajasta ja vihannesviipalointilaitteesta. Voit valita koko sarjan heti tai k\u00e4ytt\u00e4\u00e4 vain sit\u00e4, mit\u00e4 tarvitset eniten, ja lis\u00e4t\u00e4 lis\u00e4moduuleja my\u00f6hemmin tarvittaessa. <\/p>\n<p>&nbsp;<\/p>\n<p><strong>TOOLLIO Italian food processor antaa aivan uuden merkityksen monipuolisuudelle ja k\u00e4tevyydelle keitti\u00f6ss\u00e4<\/strong>. Se on ensimm\u00e4inen ammattik\u00e4ytt\u00f6\u00f6n tarkoitettu keitti\u00f6robotti, joka yhdist\u00e4\u00e4 monia eri toimintoja yhteen koteloon. Se on t\u00e4ydellinen ratkaisu ty\u00f6tilan k\u00e4yt\u00f6n optimointiin &#8211; todellinen taloudellinen etu niille, jotka normaalisti k\u00e4ytt\u00e4v\u00e4t jokaiseen prosessiin erillist\u00e4 konetta.  <\/p>\n<p>Toollion ergonomisen muotoilun ansiosta k\u00e4ytt\u00e4j\u00e4 voi ty\u00f6skennell\u00e4 yht\u00e4 mukavasti laitteen edess\u00e4 tai sivussa, joten k\u00e4yt\u00e4nn\u00f6llisyys ja k\u00e4ytt\u00f6mukavuus on optimoinnissa viety \u00e4\u00e4rimmilleen.<\/p>\n<h2>T\u00e4rkeimm\u00e4t ominaisuudet:<\/h2>\n<ul>\n<li>Runko alumiinia<\/li>\n<li>2 ruostumattomasta ter\u00e4ksest\u00e4 valmistettua leikkuuter\u00e4\u00e4<\/li>\n<li>Kaksi eritt\u00e4in kest\u00e4v\u00e4\u00e4 ter\u00e4ksist\u00e4 ter\u00e4ohjainta<\/li>\n<\/ul>\n<div><\/div>\n<h2>Tekniset tiedot:<\/h2>\n<ul>\n<li>Kaikki lis\u00e4moduulit voidaan nopeasti ja k\u00e4tev\u00e4sti purkaa kokonaan, jolloin ne on helppo puhdistaa.<\/li>\n<li>Purkamiseen ei tarvita ty\u00f6kaluja<\/li>\n<\/ul>\n<ul>\n<li>Nopeus 924 000 kappaletta minuutissa<\/li>\n<li>Ty\u00f6nt\u00f6aukon mitat: 30x 155 mm.<\/li>\n<li>Paino: 4,5 kg<\/li>\n<li>Mitat: 28 x 13 x 30,5 cm.<\/li>\n<\/ul>\n<p>&nbsp;<\/p>\n","protected":false},"excerpt":{"rendered":"<p>Moduuli: lihan mureutusmoduuli Suunnittelija: Adriano design TOOLLIO-monitoiminen ruoank\u00e4sittelykone sopii kotik\u00e4ytt\u00f6\u00f6n mutta erityisesti ammattikeitti\u00f6\u00f6n. 900 000 ly\u00f6nnin minuutissa ansiosta Toollio lihanmureuttaja on eritt\u00e4in nopea ja tehokas apuri kaikissa tilanteissa. Alumiinirunko takaa keveyden ja mukavuuden, kun taas ter\u00e4ksiset leikkuuter\u00e4t takaavat t\u00e4ydelliset tulokset kaikenlaisille luuttomille paloille. &nbsp; TOOLLIO on todella k\u00e4yt\u00e4nn\u00f6llinen ruoank\u00e4sittelykone, jonka on suunnitellut arvostettu Adriano-suunnittelustudio ja jonka on valmistanut TRE Spade, italialainen tehdas, jolla on 125&#8230;<\/p>\n","protected":false},"featured_media":17313,"template":"","meta":{"_acf_changed":false},"product_brand":[],"product_cat":[1751,2565],"product_tag":[],"class_list":{"0":"post-53651","1":"product","2":"type-product","3":"status-publish","4":"has-post-thumbnail","6":"product_cat-keittiolaitteet","7":"product_cat-keittiosekoitin-toollio","8":"pa_variatsioon-ruokaprosessori-toollio-lihan-mureuttaja-moduuli","10":"first","11":"onbackorder","12":"taxable","13":"shipping-taxable","14":"purchasable","15":"product-type-simple"},"acf":[],"yoast_head":"<!-- This site is optimized with the Yoast SEO Premium plugin v27.3 (Yoast SEO v27.3) - https:\/\/yoast.com\/product\/yoast-seo-premium-wordpress\/ -->\n<title>Ruokaprosessori TOOLLIO lihanmureuttaja moduuli - Rodoaed<\/title>\n<meta name=\"robots\" content=\"index, follow, max-snippet:-1, max-image-preview:large, max-video-preview:-1\" \/>\n<link rel=\"canonical\" href=\"https:\/\/rodoaed.ee\/toode\/ruokaprosessori-toollio-lihanmureuttaja-moduuli\/\" \/>\n<meta property=\"og:locale\" content=\"fi_FI\" \/>\n<meta property=\"og:type\" content=\"article\" \/>\n<meta property=\"og:title\" content=\"Ruokaprosessori TOOLLIO lihanmureuttaja moduuli\" \/>\n<meta property=\"og:description\" content=\"Moduuli: lihan mureutusmoduuli Suunnittelija: Adriano design TOOLLIO-monitoiminen ruoank\u00e4sittelykone sopii kotik\u00e4ytt\u00f6\u00f6n mutta erityisesti\" \/>\n<meta property=\"og:url\" content=\"https:\/\/rodoaed.ee\/toode\/ruokaprosessori-toollio-lihanmureuttaja-moduuli\/\" \/>\n<meta property=\"og:site_name\" content=\"Rodoaed\" \/>\n<meta property=\"article:publisher\" content=\"https:\/\/www.facebook.com\/kasvuhooned\/\" \/>\n<meta property=\"article:modified_time\" content=\"2026-04-13T08:09:34+00:00\" \/>\n<meta name=\"twitter:card\" content=\"summary_large_image\" \/>\n<meta name=\"twitter:label1\" content=\"Arvioitu lukuaika\" \/>\n\t<meta name=\"twitter:data1\" content=\"1 minuutti\" \/>\n<script type=\"application\/ld+json\" class=\"yoast-schema-graph\">{\"@context\":\"https:\\\/\\\/schema.org\",\"@graph\":[{\"@type\":\"WebPage\",\"@id\":\"https:\\\/\\\/rodoaed.ee\\\/toode\\\/ruokaprosessori-toollio-lihanmureuttaja-moduuli\\\/\",\"url\":\"https:\\\/\\\/rodoaed.ee\\\/toode\\\/ruokaprosessori-toollio-lihanmureuttaja-moduuli\\\/\",\"name\":\"Ruokaprosessori TOOLLIO lihanmureuttaja moduuli - Rodoaed\",\"isPartOf\":{\"@id\":\"https:\\\/\\\/rodoaed.ee\\\/#website\"},\"primaryImageOfPage\":{\"@id\":\"https:\\\/\\\/rodoaed.ee\\\/toode\\\/ruokaprosessori-toollio-lihanmureuttaja-moduuli\\\/#primaryimage\"},\"image\":{\"@id\":\"https:\\\/\\\/rodoaed.ee\\\/toode\\\/ruokaprosessori-toollio-lihanmureuttaja-moduuli\\\/#primaryimage\"},\"thumbnailUrl\":\"https:\\\/\\\/rodoaed.ee\\\/wp-content\\\/uploads\\\/2019\\\/07\\\/k\u00f6\u00f6gikombain_toollio_F95650.jpg\",\"datePublished\":\"2019-08-02T09:56:21+00:00\",\"dateModified\":\"2026-04-13T08:09:34+00:00\",\"breadcrumb\":{\"@id\":\"https:\\\/\\\/rodoaed.ee\\\/toode\\\/ruokaprosessori-toollio-lihanmureuttaja-moduuli\\\/#breadcrumb\"},\"inLanguage\":\"fi\",\"potentialAction\":[{\"@type\":\"ReadAction\",\"target\":[\"https:\\\/\\\/rodoaed.ee\\\/toode\\\/ruokaprosessori-toollio-lihanmureuttaja-moduuli\\\/\"]}]},{\"@type\":\"ImageObject\",\"inLanguage\":\"fi\",\"@id\":\"https:\\\/\\\/rodoaed.ee\\\/toode\\\/ruokaprosessori-toollio-lihanmureuttaja-moduuli\\\/#primaryimage\",\"url\":\"https:\\\/\\\/rodoaed.ee\\\/wp-content\\\/uploads\\\/2019\\\/07\\\/k\u00f6\u00f6gikombain_toollio_F95650.jpg\",\"contentUrl\":\"https:\\\/\\\/rodoaed.ee\\\/wp-content\\\/uploads\\\/2019\\\/07\\\/k\u00f6\u00f6gikombain_toollio_F95650.jpg\",\"width\":800,\"height\":600},{\"@type\":\"BreadcrumbList\",\"@id\":\"https:\\\/\\\/rodoaed.ee\\\/toode\\\/ruokaprosessori-toollio-lihanmureuttaja-moduuli\\\/#breadcrumb\",\"itemListElement\":[{\"@type\":\"ListItem\",\"position\":1,\"name\":\"Home\",\"item\":\"https:\\\/\\\/rodoaed.ee\\\/fi\\\/\"},{\"@type\":\"ListItem\",\"position\":2,\"name\":\"Osta osoitteessa\",\"item\":\"https:\\\/\\\/rodoaed.ee\\\/osta-osoitteessa\\\/\"},{\"@type\":\"ListItem\",\"position\":3,\"name\":\"Ruokaprosessori TOOLLIO lihanmureuttaja moduuli\"}]},{\"@type\":\"WebSite\",\"@id\":\"https:\\\/\\\/rodoaed.ee\\\/#website\",\"url\":\"https:\\\/\\\/rodoaed.ee\\\/\",\"name\":\"Rodoaed\",\"description\":\"\",\"publisher\":{\"@id\":\"https:\\\/\\\/rodoaed.ee\\\/#organization\"},\"potentialAction\":[{\"@type\":\"SearchAction\",\"target\":{\"@type\":\"EntryPoint\",\"urlTemplate\":\"https:\\\/\\\/rodoaed.ee\\\/?s={search_term_string}\"},\"query-input\":{\"@type\":\"PropertyValueSpecification\",\"valueRequired\":true,\"valueName\":\"search_term_string\"}}],\"inLanguage\":\"fi\"},{\"@type\":\"Organization\",\"@id\":\"https:\\\/\\\/rodoaed.ee\\\/#organization\",\"name\":\"Rodoaed\",\"url\":\"https:\\\/\\\/rodoaed.ee\\\/\",\"logo\":{\"@type\":\"ImageObject\",\"inLanguage\":\"fi\",\"@id\":\"https:\\\/\\\/rodoaed.ee\\\/#\\\/schema\\\/logo\\\/image\\\/\",\"url\":\"https:\\\/\\\/rodoaed.ee\\\/wp-content\\\/uploads\\\/2019\\\/11\\\/rodoaed-logo-ilma-taustata.jpg\",\"contentUrl\":\"https:\\\/\\\/rodoaed.ee\\\/wp-content\\\/uploads\\\/2019\\\/11\\\/rodoaed-logo-ilma-taustata.jpg\",\"width\":769,\"height\":268,\"caption\":\"Rodoaed\"},\"image\":{\"@id\":\"https:\\\/\\\/rodoaed.ee\\\/#\\\/schema\\\/logo\\\/image\\\/\"},\"sameAs\":[\"https:\\\/\\\/www.facebook.com\\\/kasvuhooned\\\/\",\"https:\\\/\\\/rodoaed.ee\"]}]}<\/script>\n<!-- \/ Yoast SEO Premium plugin. -->","yoast_head_json":{"title":"Ruokaprosessori TOOLLIO lihanmureuttaja moduuli - Rodoaed","robots":{"index":"index","follow":"follow","max-snippet":"max-snippet:-1","max-image-preview":"max-image-preview:large","max-video-preview":"max-video-preview:-1"},"canonical":"https:\/\/rodoaed.ee\/toode\/ruokaprosessori-toollio-lihanmureuttaja-moduuli\/","og_locale":"fi_FI","og_type":"article","og_title":"Ruokaprosessori TOOLLIO lihanmureuttaja moduuli","og_description":"Moduuli: lihan mureutusmoduuli Suunnittelija: Adriano design TOOLLIO-monitoiminen ruoank\u00e4sittelykone sopii kotik\u00e4ytt\u00f6\u00f6n mutta erityisesti","og_url":"https:\/\/rodoaed.ee\/toode\/ruokaprosessori-toollio-lihanmureuttaja-moduuli\/","og_site_name":"Rodoaed","article_publisher":"https:\/\/www.facebook.com\/kasvuhooned\/","article_modified_time":"2026-04-13T08:09:34+00:00","twitter_card":"summary_large_image","twitter_misc":{"Arvioitu lukuaika":"1 minuutti"},"schema":{"@context":"https:\/\/schema.org","@graph":[{"@type":"WebPage","@id":"https:\/\/rodoaed.ee\/toode\/ruokaprosessori-toollio-lihanmureuttaja-moduuli\/","url":"https:\/\/rodoaed.ee\/toode\/ruokaprosessori-toollio-lihanmureuttaja-moduuli\/","name":"Ruokaprosessori TOOLLIO lihanmureuttaja moduuli - Rodoaed","isPartOf":{"@id":"https:\/\/rodoaed.ee\/#website"},"primaryImageOfPage":{"@id":"https:\/\/rodoaed.ee\/toode\/ruokaprosessori-toollio-lihanmureuttaja-moduuli\/#primaryimage"},"image":{"@id":"https:\/\/rodoaed.ee\/toode\/ruokaprosessori-toollio-lihanmureuttaja-moduuli\/#primaryimage"},"thumbnailUrl":"https:\/\/rodoaed.ee\/wp-content\/uploads\/2019\/07\/k\u00f6\u00f6gikombain_toollio_F95650.jpg","datePublished":"2019-08-02T09:56:21+00:00","dateModified":"2026-04-13T08:09:34+00:00","breadcrumb":{"@id":"https:\/\/rodoaed.ee\/toode\/ruokaprosessori-toollio-lihanmureuttaja-moduuli\/#breadcrumb"},"inLanguage":"fi","potentialAction":[{"@type":"ReadAction","target":["https:\/\/rodoaed.ee\/toode\/ruokaprosessori-toollio-lihanmureuttaja-moduuli\/"]}]},{"@type":"ImageObject","inLanguage":"fi","@id":"https:\/\/rodoaed.ee\/toode\/ruokaprosessori-toollio-lihanmureuttaja-moduuli\/#primaryimage","url":"https:\/\/rodoaed.ee\/wp-content\/uploads\/2019\/07\/k\u00f6\u00f6gikombain_toollio_F95650.jpg","contentUrl":"https:\/\/rodoaed.ee\/wp-content\/uploads\/2019\/07\/k\u00f6\u00f6gikombain_toollio_F95650.jpg","width":800,"height":600},{"@type":"BreadcrumbList","@id":"https:\/\/rodoaed.ee\/toode\/ruokaprosessori-toollio-lihanmureuttaja-moduuli\/#breadcrumb","itemListElement":[{"@type":"ListItem","position":1,"name":"Home","item":"https:\/\/rodoaed.ee\/fi\/"},{"@type":"ListItem","position":2,"name":"Osta osoitteessa","item":"https:\/\/rodoaed.ee\/osta-osoitteessa\/"},{"@type":"ListItem","position":3,"name":"Ruokaprosessori TOOLLIO lihanmureuttaja moduuli"}]},{"@type":"WebSite","@id":"https:\/\/rodoaed.ee\/#website","url":"https:\/\/rodoaed.ee\/","name":"Rodoaed","description":"","publisher":{"@id":"https:\/\/rodoaed.ee\/#organization"},"potentialAction":[{"@type":"SearchAction","target":{"@type":"EntryPoint","urlTemplate":"https:\/\/rodoaed.ee\/?s={search_term_string}"},"query-input":{"@type":"PropertyValueSpecification","valueRequired":true,"valueName":"search_term_string"}}],"inLanguage":"fi"},{"@type":"Organization","@id":"https:\/\/rodoaed.ee\/#organization","name":"Rodoaed","url":"https:\/\/rodoaed.ee\/","logo":{"@type":"ImageObject","inLanguage":"fi","@id":"https:\/\/rodoaed.ee\/#\/schema\/logo\/image\/","url":"https:\/\/rodoaed.ee\/wp-content\/uploads\/2019\/11\/rodoaed-logo-ilma-taustata.jpg","contentUrl":"https:\/\/rodoaed.ee\/wp-content\/uploads\/2019\/11\/rodoaed-logo-ilma-taustata.jpg","width":769,"height":268,"caption":"Rodoaed"},"image":{"@id":"https:\/\/rodoaed.ee\/#\/schema\/logo\/image\/"},"sameAs":["https:\/\/www.facebook.com\/kasvuhooned\/","https:\/\/rodoaed.ee"]}]}},"_links":{"self":[{"href":"https:\/\/rodoaed.ee\/fi\/wp-json\/wp\/v2\/product\/53651","targetHints":{"allow":["GET"]}}],"collection":[{"href":"https:\/\/rodoaed.ee\/fi\/wp-json\/wp\/v2\/product"}],"about":[{"href":"https:\/\/rodoaed.ee\/fi\/wp-json\/wp\/v2\/types\/product"}],"wp:featuredmedia":[{"embeddable":true,"href":"https:\/\/rodoaed.ee\/fi\/wp-json\/wp\/v2\/media\/17313"}],"wp:attachment":[{"href":"https:\/\/rodoaed.ee\/fi\/wp-json\/wp\/v2\/media?parent=53651"}],"wp:term":[{"taxonomy":"product_brand","embeddable":true,"href":"https:\/\/rodoaed.ee\/fi\/wp-json\/wp\/v2\/product_brand?post=53651"},{"taxonomy":"product_cat","embeddable":true,"href":"https:\/\/rodoaed.ee\/fi\/wp-json\/wp\/v2\/product_cat?post=53651"},{"taxonomy":"product_tag","embeddable":true,"href":"https:\/\/rodoaed.ee\/fi\/wp-json\/wp\/v2\/product_tag?post=53651"}],"curies":[{"name":"wp","href":"https:\/\/api.w.org\/{rel}","templated":true}]}}