{"id":53655,"date":"2019-08-02T12:56:21","date_gmt":"2019-08-02T09:56:21","guid":{"rendered":"https:\/\/rodoaed.ee\/toode\/hakkuri-tc-8-inox-comby-lisavarustepaketilla-varustettuna\/"},"modified":"2026-04-13T11:09:36","modified_gmt":"2026-04-13T08:09:36","slug":"hakkuri-tc-8-inox-comby-lisavarustepaketilla-varustettuna","status":"publish","type":"product","link":"https:\/\/rodoaed.ee\/fi\/tuote\/hakkuri-tc-8-inox-comby-lisavarustepaketilla-varustettuna\/","title":{"rendered":"Hakkuri TC-8 Inox Comby lis\u00e4varustepaketilla varustettuna"},"content":{"rendered":"<h2>TC-8 ruostumattomasta ter\u00e4ksest\u00e4 valmistettu k\u00e4sik\u00e4ytt\u00f6inen jauhelihakone, jossa on tarvikesarja:<\/h2>\n<p><strong>1. Tomaattisose- ja mehustinsarja<\/strong><\/p>\n<p><strong>2. Juurikasvissilppuri<\/strong><\/p>\n<p><strong>3. Mandliriiv<\/strong><\/p>\n<p><strong>4. Juustoviipaleiden setti<\/strong><\/p>\n<p>Lis\u00e4varustepakkaus tekee uudesta jauhinmyllyst\u00e4si pienen ja kompaktin ruokaprosessorin. Jos sinulla ei ole paljon ruokaa etk\u00e4 k\u00e4yt\u00e4 sit\u00e4 joka p\u00e4iv\u00e4, pieni mekaaninen ruoank\u00e4sittelykone on k\u00e4tev\u00e4mpi kuin suurempi moottoroitu malli, joka vie tilaa odottaessasi. <\/p>\n<p><a href=\"https:\/\/rodoaed.ee\/fi\/\">kotisivu<\/a> <a href=\"https:\/\/rodoaed.ee\/fi\/tootekategooria\/keittiolaitteet\/\">k\u00e4ynnist\u00e4<\/a> <a href=\"https:\/\/rodoaed.ee\/fi\/tootekategooria\/keittiolaitteet\/chippers\/\">jauhelihakoneet<\/a><\/p>\n<div data-fullscreen=\"disabled\" data-mode=\"normal\" data-oembed=\"1\" data-provider=\"youtube\" data-reset-after-played id=\"arve-youtube-nyfn1wyz8mk\" class=\"arve\">\n<div class=\"arve-inner\">\n<div style=\"aspect-ratio:1140\/641\" class=\"arve-embed arve-embed--has-aspect-ratio\">\n<div class=\"arve-ar\" style=\"padding-top:56.228070%\"><\/div>\n<p>\t\t\t<iframe allow=\"accelerometer &apos;none&apos;;autoplay &apos;none&apos;;bluetooth &apos;none&apos;;browsing-topics &apos;none&apos;;camera &apos;none&apos;;clipboard-read &apos;none&apos;;clipboard-write;display-capture &apos;none&apos;;encrypted-media &apos;none&apos;;gamepad &apos;none&apos;;geolocation &apos;none&apos;;gyroscope &apos;none&apos;;hid &apos;none&apos;;identity-credentials-get &apos;none&apos;;idle-detection &apos;none&apos;;keyboard-map &apos;none&apos;;local-fonts;magnetometer &apos;none&apos;;microphone &apos;none&apos;;midi &apos;none&apos;;otp-credentials &apos;none&apos;;payment &apos;none&apos;;picture-in-picture;publickey-credentials-create &apos;none&apos;;publickey-credentials-get &apos;none&apos;;screen-wake-lock &apos;none&apos;;serial &apos;none&apos;;summarizer &apos;none&apos;;sync-xhr;usb &apos;none&apos;;web-share;window-management &apos;none&apos;;xr-spatial-tracking &apos;none&apos;;\" allowfullscreen=\"\" class=\"arve-iframe fitvidsignore\" credentialless data-arve=\"arve-youtube-nyfn1wyz8mk\" data-lenis-prevent=\"\" data-src-no-ap=\"https:\/\/www.youtube-nocookie.com\/embed\/NYFN1wyz8Mk?feature=oembed&amp;iv_load_policy=3&amp;modestbranding=1&amp;rel=0&amp;autohide=1&amp;playsinline=0&amp;autoplay=0&amp;enablejsapi=1\" frameborder=\"0\" height=\"0\" loading=\"lazy\" name=\"\" referrerpolicy=\"strict-origin-when-cross-origin\" sandbox=\"allow-scripts allow-same-origin allow-presentation allow-popups allow-popups-to-escape-sandbox\" scrolling=\"no\" src=\"https:\/\/www.youtube-nocookie.com\/embed\/NYFN1wyz8Mk?feature=oembed&#038;iv_load_policy=3&#038;modestbranding=1&#038;rel=0&#038;autohide=1&#038;playsinline=0&#038;autoplay=0&#038;enablejsapi=1\" title=\"hakklihamasina valimine\" width=\"0\"><\/iframe><\/p><\/div>\n<\/p><\/div>\n<p>\t<script type=\"application\/ld+json\">{\"@context\":\"http:\\\/\\\/schema.org\\\/\",\"@id\":\"https:\\\/\\\/rodoaed.ee\\\/fi\\\/tuote\\\/hakkuri-tc-8-inox-comby-lisavarustepaketilla-varustettuna\\\/#arve-youtube-nyfn1wyz8mk\",\"type\":\"VideoObject\",\"embedURL\":\"https:\\\/\\\/www.youtube-nocookie.com\\\/embed\\\/NYFN1wyz8Mk?feature=oembed&iv_load_policy=3&modestbranding=1&rel=0&autohide=1&playsinline=0&autoplay=0&enablejsapi=1\",\"name\":\"hakklihamasina valimine\",\"thumbnailUrl\":\"https:\\\/\\\/i.ytimg.com\\\/vi\\\/NYFN1wyz8Mk\\\/hqdefault.jpg\",\"uploadDate\":\"2026-04-20T18:56:19+03:00\",\"author\":\"www.Rodoaed.ee\",\"description\":\"TC-8 ruostumattomasta ter\\u00e4ksest\\u00e4 valmistettu k\\u00e4sik\\u00e4ytt\\u00f6inen jauhelihakone, jossa on tarvikesarja: 1. Tomaattisose- ja mehustinsarja 2. Juurikasvissilppuri 3. Mandliriiv 4. Juustoviipaleiden setti Lis\\u00e4varustepakkaus tekee uudesta jauhinmyllyst\\u00e4si pienen ja kompaktin ruokaprosessorin. Jos sinulla ei o\"}<\/script><\/p>\n<\/div>\n<p>&nbsp;<\/p>\n","protected":false},"excerpt":{"rendered":"<p>TC-8 ruostumattomasta ter\u00e4ksest\u00e4 valmistettu k\u00e4sik\u00e4ytt\u00f6inen jauhelihakone, jossa on tarvikesarja: 1. Tomaattisose- ja mehustinsarja 2. Juurikasvissilppuri 3. Mandliriiv 4. Juustoviipaleiden setti Lis\u00e4varustepakkaus tekee uudesta jauhinmyllyst\u00e4si pienen ja kompaktin ruokaprosessorin. Jos sinulla ei ole paljon ruokaa etk\u00e4 k\u00e4yt\u00e4 sit\u00e4 joka p\u00e4iv\u00e4, pieni mekaaninen ruoank\u00e4sittelykone on k\u00e4tev\u00e4mpi kuin suurempi moottoroitu malli, joka vie tilaa odottaessasi. kotisivu k\u00e4ynnist\u00e4 jauhelihakoneet &nbsp;<\/p>\n","protected":false},"featured_media":17304,"template":"","meta":{"_acf_changed":false},"product_brand":[],"product_cat":[1919,1751],"product_tag":[],"class_list":{"0":"post-53655","1":"product","2":"type-product","3":"status-publish","4":"has-post-thumbnail","6":"product_cat-chippers","7":"product_cat-keittiolaitteet","8":"product_shipping_class-toimitus-1-3-tyopaivan-kuluessa","9":"pa_variatsioon-hakkuri-tc-8-inox-tarvikesarja","11":"first","12":"outofstock","13":"sale","14":"taxable","15":"shipping-taxable","16":"purchasable","17":"product-type-simple"},"acf":[],"yoast_head":"<!-- This site is optimized with the Yoast SEO Premium plugin v27.3 (Yoast SEO v27.3) - https:\/\/yoast.com\/product\/yoast-seo-premium-wordpress\/ -->\n<title>Hakkuri TC-8 Inox Comby lis\u00e4varustepaketilla varustettuna -% Rodoaed jauhinkoneet<\/title>\n<meta name=\"description\" content=\"TC-8 jauhin, jossa on ruostumattomasta ter\u00e4ksest\u00e4 valmistettu kahva. Romanttisen k\u00e4sikahvaisen jauhelihan etuna on kompakti rakenne ja edullisempi hinta.\" \/>\n<meta name=\"robots\" content=\"index, follow, max-snippet:-1, max-image-preview:large, max-video-preview:-1\" \/>\n<link rel=\"canonical\" href=\"https:\/\/rodoaed.ee\/fi\/toode\/hakkuri-tc-8-inox-comby-lisavarustepaketilla-varustettuna\/\" \/>\n<meta property=\"og:locale\" content=\"fi_FI\" \/>\n<meta property=\"og:type\" content=\"article\" \/>\n<meta property=\"og:title\" content=\"Hakkuri TC-8 Inox Comby lis\u00e4varustepaketilla varustettuna\" \/>\n<meta property=\"og:description\" content=\"TC-8 ruostumattomasta ter\u00e4ksest\u00e4 valmistettu k\u00e4sik\u00e4ytt\u00f6inen jauhelihakone, jossa on tarvikesarja: 1. Tomaattisose- ja mehustinsarja 2. Juurikasvissilppuri\" \/>\n<meta property=\"og:url\" content=\"https:\/\/rodoaed.ee\/fi\/toode\/hakkuri-tc-8-inox-comby-lisavarustepaketilla-varustettuna\/\" \/>\n<meta property=\"og:site_name\" content=\"Rodoaed\" \/>\n<meta property=\"article:publisher\" content=\"https:\/\/www.facebook.com\/kasvuhooned\/\" \/>\n<meta property=\"article:modified_time\" content=\"2026-04-13T08:09:36+00:00\" \/>\n<meta property=\"og:image\" content=\"https:\/\/rodoaed.ee\/wp-content\/uploads\/2019\/07\/hakklihamasina-tarvikud_F10800_IF13850_I.jpg\" \/>\n\t<meta property=\"og:image:width\" content=\"800\" \/>\n\t<meta property=\"og:image:height\" content=\"639\" \/>\n\t<meta property=\"og:image:type\" content=\"image\/jpeg\" \/>\n<meta name=\"twitter:card\" content=\"summary_large_image\" \/>\n<script type=\"application\/ld+json\" class=\"yoast-schema-graph\">{\"@context\":\"https:\\\/\\\/schema.org\",\"@graph\":[{\"@type\":\"WebPage\",\"@id\":\"https:\\\/\\\/rodoaed.ee\\\/fi\\\/toode\\\/hakkuri-tc-8-inox-comby-lisavarustepaketilla-varustettuna\\\/\",\"url\":\"https:\\\/\\\/rodoaed.ee\\\/fi\\\/toode\\\/hakkuri-tc-8-inox-comby-lisavarustepaketilla-varustettuna\\\/\",\"name\":\"Hakkuri TC-8 Inox Comby lis\u00e4varustepaketilla varustettuna -% Rodoaed jauhinkoneet\",\"isPartOf\":{\"@id\":\"https:\\\/\\\/rodoaed.ee\\\/#website\"},\"primaryImageOfPage\":{\"@id\":\"https:\\\/\\\/rodoaed.ee\\\/fi\\\/toode\\\/hakkuri-tc-8-inox-comby-lisavarustepaketilla-varustettuna\\\/#primaryimage\"},\"image\":{\"@id\":\"https:\\\/\\\/rodoaed.ee\\\/fi\\\/toode\\\/hakkuri-tc-8-inox-comby-lisavarustepaketilla-varustettuna\\\/#primaryimage\"},\"thumbnailUrl\":\"https:\\\/\\\/rodoaed.ee\\\/wp-content\\\/uploads\\\/2019\\\/07\\\/hakklihamasina-tarvikud_F10800_IF13850_I.jpg\",\"datePublished\":\"2019-08-02T09:56:21+00:00\",\"dateModified\":\"2026-04-13T08:09:36+00:00\",\"description\":\"TC-8 jauhin, jossa on ruostumattomasta ter\u00e4ksest\u00e4 valmistettu kahva. Romanttisen k\u00e4sikahvaisen jauhelihan etuna on kompakti rakenne ja edullisempi hinta.\",\"breadcrumb\":{\"@id\":\"https:\\\/\\\/rodoaed.ee\\\/fi\\\/toode\\\/hakkuri-tc-8-inox-comby-lisavarustepaketilla-varustettuna\\\/#breadcrumb\"},\"inLanguage\":\"fi\",\"potentialAction\":[{\"@type\":\"ReadAction\",\"target\":[\"https:\\\/\\\/rodoaed.ee\\\/fi\\\/toode\\\/hakkuri-tc-8-inox-comby-lisavarustepaketilla-varustettuna\\\/\"]}]},{\"@type\":\"ImageObject\",\"inLanguage\":\"fi\",\"@id\":\"https:\\\/\\\/rodoaed.ee\\\/fi\\\/toode\\\/hakkuri-tc-8-inox-comby-lisavarustepaketilla-varustettuna\\\/#primaryimage\",\"url\":\"https:\\\/\\\/rodoaed.ee\\\/wp-content\\\/uploads\\\/2019\\\/07\\\/hakklihamasina-tarvikud_F10800_IF13850_I.jpg\",\"contentUrl\":\"https:\\\/\\\/rodoaed.ee\\\/wp-content\\\/uploads\\\/2019\\\/07\\\/hakklihamasina-tarvikud_F10800_IF13850_I.jpg\",\"width\":800,\"height\":639},{\"@type\":\"BreadcrumbList\",\"@id\":\"https:\\\/\\\/rodoaed.ee\\\/fi\\\/toode\\\/hakkuri-tc-8-inox-comby-lisavarustepaketilla-varustettuna\\\/#breadcrumb\",\"itemListElement\":[{\"@type\":\"ListItem\",\"position\":1,\"name\":\"Home\",\"item\":\"https:\\\/\\\/rodoaed.ee\\\/fi\\\/\"},{\"@type\":\"ListItem\",\"position\":2,\"name\":\"Osta osoitteessa\",\"item\":\"https:\\\/\\\/rodoaed.ee\\\/osta-osoitteessa\\\/\"},{\"@type\":\"ListItem\",\"position\":3,\"name\":\"Hakkuri TC-8 Inox Comby lis\u00e4varustepaketilla varustettuna\"}]},{\"@type\":\"WebSite\",\"@id\":\"https:\\\/\\\/rodoaed.ee\\\/#website\",\"url\":\"https:\\\/\\\/rodoaed.ee\\\/\",\"name\":\"Rodoaed\",\"description\":\"\",\"publisher\":{\"@id\":\"https:\\\/\\\/rodoaed.ee\\\/#organization\"},\"potentialAction\":[{\"@type\":\"SearchAction\",\"target\":{\"@type\":\"EntryPoint\",\"urlTemplate\":\"https:\\\/\\\/rodoaed.ee\\\/?s={search_term_string}\"},\"query-input\":{\"@type\":\"PropertyValueSpecification\",\"valueRequired\":true,\"valueName\":\"search_term_string\"}}],\"inLanguage\":\"fi\"},{\"@type\":\"Organization\",\"@id\":\"https:\\\/\\\/rodoaed.ee\\\/#organization\",\"name\":\"Rodoaed\",\"url\":\"https:\\\/\\\/rodoaed.ee\\\/\",\"logo\":{\"@type\":\"ImageObject\",\"inLanguage\":\"fi\",\"@id\":\"https:\\\/\\\/rodoaed.ee\\\/#\\\/schema\\\/logo\\\/image\\\/\",\"url\":\"https:\\\/\\\/rodoaed.ee\\\/wp-content\\\/uploads\\\/2019\\\/11\\\/rodoaed-logo-ilma-taustata.jpg\",\"contentUrl\":\"https:\\\/\\\/rodoaed.ee\\\/wp-content\\\/uploads\\\/2019\\\/11\\\/rodoaed-logo-ilma-taustata.jpg\",\"width\":769,\"height\":268,\"caption\":\"Rodoaed\"},\"image\":{\"@id\":\"https:\\\/\\\/rodoaed.ee\\\/#\\\/schema\\\/logo\\\/image\\\/\"},\"sameAs\":[\"https:\\\/\\\/www.facebook.com\\\/kasvuhooned\\\/\",\"https:\\\/\\\/rodoaed.ee\"]}]}<\/script>\n<!-- \/ Yoast SEO Premium plugin. -->","yoast_head_json":{"title":"Hakkuri TC-8 Inox Comby lis\u00e4varustepaketilla varustettuna -% Rodoaed jauhinkoneet","description":"TC-8 jauhin, jossa on ruostumattomasta ter\u00e4ksest\u00e4 valmistettu kahva. Romanttisen k\u00e4sikahvaisen jauhelihan etuna on kompakti rakenne ja edullisempi hinta.","robots":{"index":"index","follow":"follow","max-snippet":"max-snippet:-1","max-image-preview":"max-image-preview:large","max-video-preview":"max-video-preview:-1"},"canonical":"https:\/\/rodoaed.ee\/fi\/toode\/hakkuri-tc-8-inox-comby-lisavarustepaketilla-varustettuna\/","og_locale":"fi_FI","og_type":"article","og_title":"Hakkuri TC-8 Inox Comby lis\u00e4varustepaketilla varustettuna","og_description":"TC-8 ruostumattomasta ter\u00e4ksest\u00e4 valmistettu k\u00e4sik\u00e4ytt\u00f6inen jauhelihakone, jossa on tarvikesarja: 1. Tomaattisose- ja mehustinsarja 2. Juurikasvissilppuri","og_url":"https:\/\/rodoaed.ee\/fi\/toode\/hakkuri-tc-8-inox-comby-lisavarustepaketilla-varustettuna\/","og_site_name":"Rodoaed","article_publisher":"https:\/\/www.facebook.com\/kasvuhooned\/","article_modified_time":"2026-04-13T08:09:36+00:00","og_image":[{"width":800,"height":639,"url":"https:\/\/rodoaed.ee\/wp-content\/uploads\/2019\/07\/hakklihamasina-tarvikud_F10800_IF13850_I.jpg","type":"image\/jpeg"}],"twitter_card":"summary_large_image","schema":{"@context":"https:\/\/schema.org","@graph":[{"@type":"WebPage","@id":"https:\/\/rodoaed.ee\/fi\/toode\/hakkuri-tc-8-inox-comby-lisavarustepaketilla-varustettuna\/","url":"https:\/\/rodoaed.ee\/fi\/toode\/hakkuri-tc-8-inox-comby-lisavarustepaketilla-varustettuna\/","name":"Hakkuri TC-8 Inox Comby lis\u00e4varustepaketilla varustettuna -% Rodoaed jauhinkoneet","isPartOf":{"@id":"https:\/\/rodoaed.ee\/#website"},"primaryImageOfPage":{"@id":"https:\/\/rodoaed.ee\/fi\/toode\/hakkuri-tc-8-inox-comby-lisavarustepaketilla-varustettuna\/#primaryimage"},"image":{"@id":"https:\/\/rodoaed.ee\/fi\/toode\/hakkuri-tc-8-inox-comby-lisavarustepaketilla-varustettuna\/#primaryimage"},"thumbnailUrl":"https:\/\/rodoaed.ee\/wp-content\/uploads\/2019\/07\/hakklihamasina-tarvikud_F10800_IF13850_I.jpg","datePublished":"2019-08-02T09:56:21+00:00","dateModified":"2026-04-13T08:09:36+00:00","description":"TC-8 jauhin, jossa on ruostumattomasta ter\u00e4ksest\u00e4 valmistettu kahva. Romanttisen k\u00e4sikahvaisen jauhelihan etuna on kompakti rakenne ja edullisempi hinta.","breadcrumb":{"@id":"https:\/\/rodoaed.ee\/fi\/toode\/hakkuri-tc-8-inox-comby-lisavarustepaketilla-varustettuna\/#breadcrumb"},"inLanguage":"fi","potentialAction":[{"@type":"ReadAction","target":["https:\/\/rodoaed.ee\/fi\/toode\/hakkuri-tc-8-inox-comby-lisavarustepaketilla-varustettuna\/"]}]},{"@type":"ImageObject","inLanguage":"fi","@id":"https:\/\/rodoaed.ee\/fi\/toode\/hakkuri-tc-8-inox-comby-lisavarustepaketilla-varustettuna\/#primaryimage","url":"https:\/\/rodoaed.ee\/wp-content\/uploads\/2019\/07\/hakklihamasina-tarvikud_F10800_IF13850_I.jpg","contentUrl":"https:\/\/rodoaed.ee\/wp-content\/uploads\/2019\/07\/hakklihamasina-tarvikud_F10800_IF13850_I.jpg","width":800,"height":639},{"@type":"BreadcrumbList","@id":"https:\/\/rodoaed.ee\/fi\/toode\/hakkuri-tc-8-inox-comby-lisavarustepaketilla-varustettuna\/#breadcrumb","itemListElement":[{"@type":"ListItem","position":1,"name":"Home","item":"https:\/\/rodoaed.ee\/fi\/"},{"@type":"ListItem","position":2,"name":"Osta osoitteessa","item":"https:\/\/rodoaed.ee\/osta-osoitteessa\/"},{"@type":"ListItem","position":3,"name":"Hakkuri TC-8 Inox Comby lis\u00e4varustepaketilla varustettuna"}]},{"@type":"WebSite","@id":"https:\/\/rodoaed.ee\/#website","url":"https:\/\/rodoaed.ee\/","name":"Rodoaed","description":"","publisher":{"@id":"https:\/\/rodoaed.ee\/#organization"},"potentialAction":[{"@type":"SearchAction","target":{"@type":"EntryPoint","urlTemplate":"https:\/\/rodoaed.ee\/?s={search_term_string}"},"query-input":{"@type":"PropertyValueSpecification","valueRequired":true,"valueName":"search_term_string"}}],"inLanguage":"fi"},{"@type":"Organization","@id":"https:\/\/rodoaed.ee\/#organization","name":"Rodoaed","url":"https:\/\/rodoaed.ee\/","logo":{"@type":"ImageObject","inLanguage":"fi","@id":"https:\/\/rodoaed.ee\/#\/schema\/logo\/image\/","url":"https:\/\/rodoaed.ee\/wp-content\/uploads\/2019\/11\/rodoaed-logo-ilma-taustata.jpg","contentUrl":"https:\/\/rodoaed.ee\/wp-content\/uploads\/2019\/11\/rodoaed-logo-ilma-taustata.jpg","width":769,"height":268,"caption":"Rodoaed"},"image":{"@id":"https:\/\/rodoaed.ee\/#\/schema\/logo\/image\/"},"sameAs":["https:\/\/www.facebook.com\/kasvuhooned\/","https:\/\/rodoaed.ee"]}]}},"_links":{"self":[{"href":"https:\/\/rodoaed.ee\/fi\/wp-json\/wp\/v2\/product\/53655","targetHints":{"allow":["GET"]}}],"collection":[{"href":"https:\/\/rodoaed.ee\/fi\/wp-json\/wp\/v2\/product"}],"about":[{"href":"https:\/\/rodoaed.ee\/fi\/wp-json\/wp\/v2\/types\/product"}],"wp:featuredmedia":[{"embeddable":true,"href":"https:\/\/rodoaed.ee\/fi\/wp-json\/wp\/v2\/media\/17304"}],"wp:attachment":[{"href":"https:\/\/rodoaed.ee\/fi\/wp-json\/wp\/v2\/media?parent=53655"}],"wp:term":[{"taxonomy":"product_brand","embeddable":true,"href":"https:\/\/rodoaed.ee\/fi\/wp-json\/wp\/v2\/product_brand?post=53655"},{"taxonomy":"product_cat","embeddable":true,"href":"https:\/\/rodoaed.ee\/fi\/wp-json\/wp\/v2\/product_cat?post=53655"},{"taxonomy":"product_tag","embeddable":true,"href":"https:\/\/rodoaed.ee\/fi\/wp-json\/wp\/v2\/product_tag?post=53655"}],"curies":[{"name":"wp","href":"https:\/\/api.w.org\/{rel}","templated":true}]}}