{"id":53656,"date":"2019-08-02T12:56:21","date_gmt":"2019-08-02T09:56:21","guid":{"rendered":"https:\/\/rodoaed.ee\/toode\/mallijuna-saksan-kansallinen-rautatie-digitaalinen-aloitussarja\/"},"modified":"2026-04-13T11:09:40","modified_gmt":"2026-04-13T08:09:40","slug":"mallijuna-saksan-kansallinen-rautatie-digitaalinen-aloitussarja","status":"publish","type":"product","link":"https:\/\/rodoaed.ee\/fi\/tuote\/mallijuna-saksan-kansallinen-rautatie-digitaalinen-aloitussarja\/","title":{"rendered":"Mallijuna &#8221;Saksan kansallinen rautatie&#8221; Digitaalinen aloitussarja"},"content":{"rendered":"<h2>Digitaalinen pienoisjunan aloituspakkaus yli 15-vuotiaille.<\/h2>\n<h2>Sopii erinomaiseksi lahjaksi sek\u00e4 teini-ik\u00e4iselle ett\u00e4 keski-ik\u00e4iselle uteliaalle.<\/h2>\n<p><strong>Prototyyppi:<\/strong> Saksan valtionrautateiden (DB) V 80 -luokan dieselveturi ja 4 erilaista tavaravaunua. Juna n\u00e4ytt\u00e4\u00e4 silt\u00e4 kuin se olisi ollut vuosina 1967\/68. <\/p>\n<p><strong>Malli: <\/strong>Veturissa on digitaalinen dekooderi ja erityinen vauhtipy\u00f6r\u00e4moottori. Kaikki 4 akselia ovat vet\u00e4vi\u00e4. Kaikki py\u00f6r\u00e4t ovat luistonestopy\u00f6r\u00e4t. Veturissa on 3 etujarrua, jotka kytkeytyv\u00e4t kulkusuunnan mukaan. Toimii sek\u00e4 perinteisell\u00e4 ohjauksella ett\u00e4 digitaalisella j\u00e4rjestelm\u00e4ll\u00e4. Huoltovapaat LED-valot.     <\/p>\n<p>Junassa on yksi matalareunainen laiturivaunu (tyyppi X 05), jossa on aikakauden mukainen vaunu, yksi tavaravaunu (tyyppi om 12), yksi VTG-tyylill\u00e4 maalattu s\u00e4ili\u00f6vaunu ja yksi suljettu matkatavaravaunu (tyyppi Pwgs 41). Kaikissa vaunuissa on ohjauskytkimet. <\/p>\n<h2>T\u00e4rkeimm\u00e4t ominaisuudet:<\/h2>\n<div>\n<ul>\n<li>Mobile Station -ohjauspaneelissa on jo valmiiksi ohjelmoitu veturin muistikortti.<\/li>\n<li>Mukana muovinen rakennussarja<\/li>\n<li>Tyypillinen aikakauden III (1945-1970) junakokoonpano<\/li>\n<li>C-kiskosarja on nopea ja helppo koota, ja se on helposti laajennettavissa.<\/li>\n<li>Aloitussarjaa voidaan helposti laajentaa ratojen ja junien osalta.<\/li>\n<li>Sopii k\u00e4ytett\u00e4v\u00e4ksi 15-vuotiaasta alkaen<\/li>\n<\/ul>\n<div><\/div>\n<\/div>\n<h2>Valaistus ja \u00e4\u00e4nitehosteet:<\/h2>\n<ul>\n<li>asteikko H0 (1:87)<\/li>\n<li>digitaalinen dekooderi FX (junassa voidaan ohjata digitaalisesti jopa 4 eri toimintoa).<\/li>\n<li>aikakausi III (1945-1070)<\/li>\n<li>veturissa on metallirunko<\/li>\n<li>luistamattomat py\u00f6r\u00e4t<\/li>\n<li>4 vetoakselia<\/li>\n<li>vaijerik\u00e4ytt\u00f6isten vaunujen kytkimet<\/li>\n<li>suora hallinnointi<\/li>\n<\/ul>\n<div><strong>Varoitukset<\/strong><\/div>\n<div>Ei tarkoitettu alle 15-vuotiaille lapsille<\/div>\n<div><a href=\"https:\/\/rodoaed.ee\/fi\/tootekategooria\/harrastukset-ja-lelut\/mallijunat\/\">k\u00e4ynnist\u00e4<\/a><\/div>\n","protected":false},"excerpt":{"rendered":"<p>Digitaalinen pienoisjunan aloituspakkaus yli 15-vuotiaille. Sopii erinomaiseksi lahjaksi sek\u00e4 teini-ik\u00e4iselle ett\u00e4 keski-ik\u00e4iselle uteliaalle. Prototyyppi: Saksan valtionrautateiden (DB) V 80 -luokan dieselveturi ja 4 erilaista tavaravaunua. Juna n\u00e4ytt\u00e4\u00e4 silt\u00e4 kuin se olisi ollut vuosina 1967\/68. Malli: Veturissa on digitaalinen dekooderi ja erityinen vauhtipy\u00f6r\u00e4moottori. Kaikki 4 akselia ovat vet\u00e4vi\u00e4. Kaikki py\u00f6r\u00e4t ovat luistonestopy\u00f6r\u00e4t. Veturissa on 3 etujarrua, jotka kytkeytyv\u00e4t kulkusuunnan mukaan. Toimii sek\u00e4 perinteisell\u00e4 ohjauksella ett\u00e4 digitaalisella&#8230;<\/p>\n","protected":false},"featured_media":29036,"template":"","meta":{"_acf_changed":false},"product_brand":[],"product_cat":[1763,1743,1764,1765],"product_tag":[],"class_list":{"0":"post-53656","1":"product","2":"type-product","3":"status-publish","4":"has-post-thumbnail","6":"product_cat-harrastukset-ja-lelut","7":"product_cat-lisalahjat-lahjat","8":"product_cat-mallijunat","9":"product_cat-marklin-h0-mallijunat-yli-15-vuotiaille-ja-enintaan-99-vuotiaille","10":"product_shipping_class-toimitus-1-3-tyopaivan-kuluessa","11":"pa_variatsioon-junamalli-saksan-valtion-rautatiet-digitaalinen-aloitussarja","13":"first","14":"outofstock","15":"taxable","16":"shipping-taxable","17":"purchasable","18":"product-type-simple"},"acf":[],"yoast_head":"<!-- This site is optimized with the Yoast SEO Premium plugin v27.3 (Yoast SEO v27.3) - https:\/\/yoast.com\/product\/yoast-seo-premium-wordpress\/ -->\n<title>Mallijuna &quot;Saksan kansallinen rautatie&quot; Digitaalinen aloitussarja - Rodoaed<\/title>\n<meta name=\"robots\" content=\"index, follow, max-snippet:-1, max-image-preview:large, max-video-preview:-1\" \/>\n<link rel=\"canonical\" href=\"https:\/\/rodoaed.ee\/fi\/toode\/mallijuna-saksan-kansallinen-rautatie-digitaalinen-aloitussarja\/\" \/>\n<meta property=\"og:locale\" content=\"fi_FI\" \/>\n<meta property=\"og:type\" content=\"article\" \/>\n<meta property=\"og:title\" content=\"Mallijuna &quot;Saksan kansallinen rautatie&quot; Digitaalinen aloitussarja\" \/>\n<meta property=\"og:description\" content=\"Digitaalinen pienoisjunan aloituspakkaus yli 15-vuotiaille. Sopii erinomaiseksi lahjaksi sek\u00e4 teini-ik\u00e4iselle ett\u00e4 keski-ik\u00e4iselle uteliaalle.\" \/>\n<meta property=\"og:url\" content=\"https:\/\/rodoaed.ee\/fi\/toode\/mallijuna-saksan-kansallinen-rautatie-digitaalinen-aloitussarja\/\" \/>\n<meta property=\"og:site_name\" content=\"Rodoaed\" \/>\n<meta property=\"article:publisher\" content=\"https:\/\/www.facebook.com\/kasvuhooned\/\" \/>\n<meta property=\"article:modified_time\" content=\"2026-04-13T08:09:40+00:00\" \/>\n<meta property=\"og:image\" content=\"https:\/\/rodoaed.ee\/wp-content\/uploads\/2019\/08\/mudelrongid_digitaalne-stardikas_29711_01.jpg\" \/>\n\t<meta property=\"og:image:width\" content=\"1500\" \/>\n\t<meta property=\"og:image:height\" content=\"1069\" \/>\n\t<meta property=\"og:image:type\" content=\"image\/jpeg\" \/>\n<meta name=\"twitter:card\" content=\"summary_large_image\" \/>\n<meta name=\"twitter:label1\" content=\"Arvioitu lukuaika\" \/>\n\t<meta name=\"twitter:data1\" content=\"1 minuutti\" \/>\n<script type=\"application\/ld+json\" class=\"yoast-schema-graph\">{\"@context\":\"https:\\\/\\\/schema.org\",\"@graph\":[{\"@type\":\"WebPage\",\"@id\":\"https:\\\/\\\/rodoaed.ee\\\/fi\\\/toode\\\/mallijuna-saksan-kansallinen-rautatie-digitaalinen-aloitussarja\\\/\",\"url\":\"https:\\\/\\\/rodoaed.ee\\\/fi\\\/toode\\\/mallijuna-saksan-kansallinen-rautatie-digitaalinen-aloitussarja\\\/\",\"name\":\"Mallijuna \\\"Saksan kansallinen rautatie\\\" Digitaalinen aloitussarja - Rodoaed\",\"isPartOf\":{\"@id\":\"https:\\\/\\\/rodoaed.ee\\\/#website\"},\"primaryImageOfPage\":{\"@id\":\"https:\\\/\\\/rodoaed.ee\\\/fi\\\/toode\\\/mallijuna-saksan-kansallinen-rautatie-digitaalinen-aloitussarja\\\/#primaryimage\"},\"image\":{\"@id\":\"https:\\\/\\\/rodoaed.ee\\\/fi\\\/toode\\\/mallijuna-saksan-kansallinen-rautatie-digitaalinen-aloitussarja\\\/#primaryimage\"},\"thumbnailUrl\":\"https:\\\/\\\/rodoaed.ee\\\/wp-content\\\/uploads\\\/2019\\\/08\\\/mudelrongid_digitaalne-stardikas_29711_01.jpg\",\"datePublished\":\"2019-08-02T09:56:21+00:00\",\"dateModified\":\"2026-04-13T08:09:40+00:00\",\"breadcrumb\":{\"@id\":\"https:\\\/\\\/rodoaed.ee\\\/fi\\\/toode\\\/mallijuna-saksan-kansallinen-rautatie-digitaalinen-aloitussarja\\\/#breadcrumb\"},\"inLanguage\":\"fi\",\"potentialAction\":[{\"@type\":\"ReadAction\",\"target\":[\"https:\\\/\\\/rodoaed.ee\\\/fi\\\/toode\\\/mallijuna-saksan-kansallinen-rautatie-digitaalinen-aloitussarja\\\/\"]}]},{\"@type\":\"ImageObject\",\"inLanguage\":\"fi\",\"@id\":\"https:\\\/\\\/rodoaed.ee\\\/fi\\\/toode\\\/mallijuna-saksan-kansallinen-rautatie-digitaalinen-aloitussarja\\\/#primaryimage\",\"url\":\"https:\\\/\\\/rodoaed.ee\\\/wp-content\\\/uploads\\\/2019\\\/08\\\/mudelrongid_digitaalne-stardikas_29711_01.jpg\",\"contentUrl\":\"https:\\\/\\\/rodoaed.ee\\\/wp-content\\\/uploads\\\/2019\\\/08\\\/mudelrongid_digitaalne-stardikas_29711_01.jpg\",\"width\":1500,\"height\":1069},{\"@type\":\"BreadcrumbList\",\"@id\":\"https:\\\/\\\/rodoaed.ee\\\/fi\\\/toode\\\/mallijuna-saksan-kansallinen-rautatie-digitaalinen-aloitussarja\\\/#breadcrumb\",\"itemListElement\":[{\"@type\":\"ListItem\",\"position\":1,\"name\":\"Home\",\"item\":\"https:\\\/\\\/rodoaed.ee\\\/fi\\\/\"},{\"@type\":\"ListItem\",\"position\":2,\"name\":\"Osta osoitteessa\",\"item\":\"https:\\\/\\\/rodoaed.ee\\\/osta-osoitteessa\\\/\"},{\"@type\":\"ListItem\",\"position\":3,\"name\":\"Mallijuna &#8220;Saksan kansallinen rautatie&#8221; Digitaalinen aloitussarja\"}]},{\"@type\":\"WebSite\",\"@id\":\"https:\\\/\\\/rodoaed.ee\\\/#website\",\"url\":\"https:\\\/\\\/rodoaed.ee\\\/\",\"name\":\"Rodoaed\",\"description\":\"\",\"publisher\":{\"@id\":\"https:\\\/\\\/rodoaed.ee\\\/#organization\"},\"potentialAction\":[{\"@type\":\"SearchAction\",\"target\":{\"@type\":\"EntryPoint\",\"urlTemplate\":\"https:\\\/\\\/rodoaed.ee\\\/?s={search_term_string}\"},\"query-input\":{\"@type\":\"PropertyValueSpecification\",\"valueRequired\":true,\"valueName\":\"search_term_string\"}}],\"inLanguage\":\"fi\"},{\"@type\":\"Organization\",\"@id\":\"https:\\\/\\\/rodoaed.ee\\\/#organization\",\"name\":\"Rodoaed\",\"url\":\"https:\\\/\\\/rodoaed.ee\\\/\",\"logo\":{\"@type\":\"ImageObject\",\"inLanguage\":\"fi\",\"@id\":\"https:\\\/\\\/rodoaed.ee\\\/#\\\/schema\\\/logo\\\/image\\\/\",\"url\":\"https:\\\/\\\/rodoaed.ee\\\/wp-content\\\/uploads\\\/2019\\\/11\\\/rodoaed-logo-ilma-taustata.jpg\",\"contentUrl\":\"https:\\\/\\\/rodoaed.ee\\\/wp-content\\\/uploads\\\/2019\\\/11\\\/rodoaed-logo-ilma-taustata.jpg\",\"width\":769,\"height\":268,\"caption\":\"Rodoaed\"},\"image\":{\"@id\":\"https:\\\/\\\/rodoaed.ee\\\/#\\\/schema\\\/logo\\\/image\\\/\"},\"sameAs\":[\"https:\\\/\\\/www.facebook.com\\\/kasvuhooned\\\/\",\"https:\\\/\\\/rodoaed.ee\"]}]}<\/script>\n<!-- \/ Yoast SEO Premium plugin. -->","yoast_head_json":{"title":"Mallijuna \"Saksan kansallinen rautatie\" Digitaalinen aloitussarja - Rodoaed","robots":{"index":"index","follow":"follow","max-snippet":"max-snippet:-1","max-image-preview":"max-image-preview:large","max-video-preview":"max-video-preview:-1"},"canonical":"https:\/\/rodoaed.ee\/fi\/toode\/mallijuna-saksan-kansallinen-rautatie-digitaalinen-aloitussarja\/","og_locale":"fi_FI","og_type":"article","og_title":"Mallijuna \"Saksan kansallinen rautatie\" Digitaalinen aloitussarja","og_description":"Digitaalinen pienoisjunan aloituspakkaus yli 15-vuotiaille. Sopii erinomaiseksi lahjaksi sek\u00e4 teini-ik\u00e4iselle ett\u00e4 keski-ik\u00e4iselle uteliaalle.","og_url":"https:\/\/rodoaed.ee\/fi\/toode\/mallijuna-saksan-kansallinen-rautatie-digitaalinen-aloitussarja\/","og_site_name":"Rodoaed","article_publisher":"https:\/\/www.facebook.com\/kasvuhooned\/","article_modified_time":"2026-04-13T08:09:40+00:00","og_image":[{"width":1500,"height":1069,"url":"https:\/\/rodoaed.ee\/wp-content\/uploads\/2019\/08\/mudelrongid_digitaalne-stardikas_29711_01.jpg","type":"image\/jpeg"}],"twitter_card":"summary_large_image","twitter_misc":{"Arvioitu lukuaika":"1 minuutti"},"schema":{"@context":"https:\/\/schema.org","@graph":[{"@type":"WebPage","@id":"https:\/\/rodoaed.ee\/fi\/toode\/mallijuna-saksan-kansallinen-rautatie-digitaalinen-aloitussarja\/","url":"https:\/\/rodoaed.ee\/fi\/toode\/mallijuna-saksan-kansallinen-rautatie-digitaalinen-aloitussarja\/","name":"Mallijuna \"Saksan kansallinen rautatie\" Digitaalinen aloitussarja - Rodoaed","isPartOf":{"@id":"https:\/\/rodoaed.ee\/#website"},"primaryImageOfPage":{"@id":"https:\/\/rodoaed.ee\/fi\/toode\/mallijuna-saksan-kansallinen-rautatie-digitaalinen-aloitussarja\/#primaryimage"},"image":{"@id":"https:\/\/rodoaed.ee\/fi\/toode\/mallijuna-saksan-kansallinen-rautatie-digitaalinen-aloitussarja\/#primaryimage"},"thumbnailUrl":"https:\/\/rodoaed.ee\/wp-content\/uploads\/2019\/08\/mudelrongid_digitaalne-stardikas_29711_01.jpg","datePublished":"2019-08-02T09:56:21+00:00","dateModified":"2026-04-13T08:09:40+00:00","breadcrumb":{"@id":"https:\/\/rodoaed.ee\/fi\/toode\/mallijuna-saksan-kansallinen-rautatie-digitaalinen-aloitussarja\/#breadcrumb"},"inLanguage":"fi","potentialAction":[{"@type":"ReadAction","target":["https:\/\/rodoaed.ee\/fi\/toode\/mallijuna-saksan-kansallinen-rautatie-digitaalinen-aloitussarja\/"]}]},{"@type":"ImageObject","inLanguage":"fi","@id":"https:\/\/rodoaed.ee\/fi\/toode\/mallijuna-saksan-kansallinen-rautatie-digitaalinen-aloitussarja\/#primaryimage","url":"https:\/\/rodoaed.ee\/wp-content\/uploads\/2019\/08\/mudelrongid_digitaalne-stardikas_29711_01.jpg","contentUrl":"https:\/\/rodoaed.ee\/wp-content\/uploads\/2019\/08\/mudelrongid_digitaalne-stardikas_29711_01.jpg","width":1500,"height":1069},{"@type":"BreadcrumbList","@id":"https:\/\/rodoaed.ee\/fi\/toode\/mallijuna-saksan-kansallinen-rautatie-digitaalinen-aloitussarja\/#breadcrumb","itemListElement":[{"@type":"ListItem","position":1,"name":"Home","item":"https:\/\/rodoaed.ee\/fi\/"},{"@type":"ListItem","position":2,"name":"Osta osoitteessa","item":"https:\/\/rodoaed.ee\/osta-osoitteessa\/"},{"@type":"ListItem","position":3,"name":"Mallijuna &#8220;Saksan kansallinen rautatie&#8221; Digitaalinen aloitussarja"}]},{"@type":"WebSite","@id":"https:\/\/rodoaed.ee\/#website","url":"https:\/\/rodoaed.ee\/","name":"Rodoaed","description":"","publisher":{"@id":"https:\/\/rodoaed.ee\/#organization"},"potentialAction":[{"@type":"SearchAction","target":{"@type":"EntryPoint","urlTemplate":"https:\/\/rodoaed.ee\/?s={search_term_string}"},"query-input":{"@type":"PropertyValueSpecification","valueRequired":true,"valueName":"search_term_string"}}],"inLanguage":"fi"},{"@type":"Organization","@id":"https:\/\/rodoaed.ee\/#organization","name":"Rodoaed","url":"https:\/\/rodoaed.ee\/","logo":{"@type":"ImageObject","inLanguage":"fi","@id":"https:\/\/rodoaed.ee\/#\/schema\/logo\/image\/","url":"https:\/\/rodoaed.ee\/wp-content\/uploads\/2019\/11\/rodoaed-logo-ilma-taustata.jpg","contentUrl":"https:\/\/rodoaed.ee\/wp-content\/uploads\/2019\/11\/rodoaed-logo-ilma-taustata.jpg","width":769,"height":268,"caption":"Rodoaed"},"image":{"@id":"https:\/\/rodoaed.ee\/#\/schema\/logo\/image\/"},"sameAs":["https:\/\/www.facebook.com\/kasvuhooned\/","https:\/\/rodoaed.ee"]}]}},"_links":{"self":[{"href":"https:\/\/rodoaed.ee\/fi\/wp-json\/wp\/v2\/product\/53656","targetHints":{"allow":["GET"]}}],"collection":[{"href":"https:\/\/rodoaed.ee\/fi\/wp-json\/wp\/v2\/product"}],"about":[{"href":"https:\/\/rodoaed.ee\/fi\/wp-json\/wp\/v2\/types\/product"}],"wp:featuredmedia":[{"embeddable":true,"href":"https:\/\/rodoaed.ee\/fi\/wp-json\/wp\/v2\/media\/29036"}],"wp:attachment":[{"href":"https:\/\/rodoaed.ee\/fi\/wp-json\/wp\/v2\/media?parent=53656"}],"wp:term":[{"taxonomy":"product_brand","embeddable":true,"href":"https:\/\/rodoaed.ee\/fi\/wp-json\/wp\/v2\/product_brand?post=53656"},{"taxonomy":"product_cat","embeddable":true,"href":"https:\/\/rodoaed.ee\/fi\/wp-json\/wp\/v2\/product_cat?post=53656"},{"taxonomy":"product_tag","embeddable":true,"href":"https:\/\/rodoaed.ee\/fi\/wp-json\/wp\/v2\/product_tag?post=53656"}],"curies":[{"name":"wp","href":"https:\/\/api.w.org\/{rel}","templated":true}]}}