{"id":53659,"date":"2019-08-02T12:56:21","date_gmt":"2019-08-02T09:56:21","guid":{"rendered":"https:\/\/rodoaed.ee\/toode\/wrotter-of-wrotter-of-wrotter-of-wrotter-of-wrotter-ruoho\/"},"modified":"2026-04-13T11:09:41","modified_gmt":"2026-04-13T08:09:41","slug":"wrotter-of-wrotter-of-wrotter-of-wrotter-of-wrotter-ruoho","status":"publish","type":"product","link":"https:\/\/rodoaed.ee\/fi\/tuote\/wrotter-of-wrotter-of-wrotter-of-wrotter-of-wrotter-ruoho\/","title":{"rendered":"Wrotter of Wrotter of Wrotter of Wrotter of Wrotter ruoho"},"content":{"rendered":"<h2>Stubborn Weed Wrotter on erikoisty\u00f6kalu itsep\u00e4isten rikkaruohojen kitkemiseen.<\/h2>\n<h2>Soveltuu sek\u00e4 harraste- ett\u00e4 ammattipuutarhureille.<\/h2>\n<p>Tuotekoodi: 8018-140250<\/p>\n<p>Tyylik\u00e4s ja yksinkertainen ratkaisu monivuotisia rikkaruohoja vastaan. Ty\u00f6kalun nimi &#8221;Wrotter&#8221; tulee vanhan hollannin kielen sanasta &#8221;Visa Workman&#8221;, joka kuvaa t\u00e4t\u00e4 ty\u00f6kalua t\u00e4ydellisesti. <\/p>\n<p>Wrotter on muotoiltu ainutlaatuisesti, ja siin\u00e4 on tarkasti kulmautunut ter\u00e4 eli p\u00e4\u00e4, jonka avulla saat helposti kiinni hankalat suuret rikkaruohot olemassa olevien perennojen juurien v\u00e4list\u00e4. Ter\u00e4 on helppo ty\u00f6nt\u00e4\u00e4 maahan ja poistaa suuret rikkaruohot leikkaamatta juuria. N\u00e4in saat koko rikkaruohon irti koko juurineen. T\u00e4ll\u00e4 ty\u00f6kalulla on suuri etu perinteiseen kaivinkoneeseen verrattuna, koska s\u00e4nkyyn ei j\u00e4\u00e4 juurenpalasia.   <\/p>\n<p>Erinomainen my\u00f6s rikkaruohojen taimien poistoon. Se on erityisen edullinen muihin kitkent\u00e4ty\u00f6kaluihin verrattuna ahtaissa tiloissa, kasvien v\u00e4liss\u00e4 ja s\u00e4ngyn reunoilla, joihin suuret ty\u00f6kalut eiv\u00e4t yll\u00e4 tai joissa on vaara vahingoittaa kasveja. <\/p>\n<p><em>Sneeboer &amp; Zn on perinteinen hollantilainen ty\u00f6kaluyritys, joka on valmistanut laadukkaita puutarhaty\u00f6kaluja vuodesta 1913. Sneeboer &amp; Zn valmistaa p\u00e4\u00e4asiassa k\u00e4sin taottuja ruostumattomasta ter\u00e4ksest\u00e4 valmistettuja puutarhaty\u00f6kaluja, joiden k\u00e4ytt\u00f6ik\u00e4 on v\u00e4hint\u00e4\u00e4n yksi sukupolvi. Mutta se, mik\u00e4 tekee heid\u00e4n tuotannostaan hyvin erikoista ja on tehnyt heist\u00e4 maailmankuuluja, on heid\u00e4n sovellusinnovaationsa. T\u00e4m\u00e4 tarkoittaa, ett\u00e4 keksij\u00e4t ymp\u00e4ri maailmaa ovat lis\u00e4nneet omia innovaatioitaan heid\u00e4n tuotevalikoimaansa.    Joskus hyvin innovatiivisia ratkaisuja, joskus melko pieni\u00e4 keksint\u00f6j\u00e4, mutta ne tekev\u00e4t puutarhanhoidosta ja ty\u00f6kalun k\u00e4yt\u00f6st\u00e4 paljon helpompaa.<\/em><\/p>\n<p><em>Voit n\u00e4hd\u00e4 sen itse, kun tutustut valikoimaan.<\/em><\/p>\n<p>Hemmottele itse\u00e4si parhaalla. El\u00e4mme vain kerran. <\/p>\n<h2>Tekniset tiedot:<\/h2>\n<ul>\n<li>Ty\u00f6kalun p\u00e4\u00e4n leveys: 3 cm<\/li>\n<li>Ty\u00f6kalun p\u00e4\u00e4n pituus: 17 cm<\/li>\n<li>Kahvan pituus: 14cm<\/li>\n<li>Kokonaispituus: 31 cm<\/li>\n<li>Kahvan materiaali: saarni<\/li>\n<li>Paino: 200g<\/li>\n<\/ul>\n<p>https:\/\/youtu.be\/WvRQxlNKvV0<\/p>\n<p>&nbsp;<\/p>\n","protected":false},"excerpt":{"rendered":"<p>Stubborn Weed Wrotter on erikoisty\u00f6kalu itsep\u00e4isten rikkaruohojen kitkemiseen. Soveltuu sek\u00e4 harraste- ett\u00e4 ammattipuutarhureille. Tuotekoodi: 8018-140250 Tyylik\u00e4s ja yksinkertainen ratkaisu monivuotisia rikkaruohoja vastaan. Ty\u00f6kalun nimi &#8221;Wrotter&#8221; tulee vanhan hollannin kielen sanasta &#8221;Visa Workman&#8221;, joka kuvaa t\u00e4t\u00e4 ty\u00f6kalua t\u00e4ydellisesti. Wrotter on muotoiltu ainutlaatuisesti, ja siin\u00e4 on tarkasti kulmautunut ter\u00e4 eli p\u00e4\u00e4, jonka avulla saat helposti kiinni hankalat suuret rikkaruohot olemassa olevien perennojen juurien v\u00e4list\u00e4. Ter\u00e4 on helppo&#8230;<\/p>\n","protected":false},"featured_media":27600,"template":"","meta":{"_acf_changed":false},"product_brand":[],"product_cat":[1743,2193,1889],"product_tag":[],"class_list":{"0":"post-53659","1":"product","2":"type-product","3":"status-publish","4":"has-post-thumbnail","6":"product_cat-lisalahjat-lahjat","7":"product_cat-nykyt-ja-kokkareet","8":"product_cat-puutarhatyokalut","9":"product_shipping_class-toimitus-1-3-tyopaivan-kuluessa","10":"pa_variatsioon-wrotter-tai-pysyva-hajunpoistoaine","12":"first","13":"instock","14":"taxable","15":"shipping-taxable","16":"purchasable","17":"product-type-simple"},"acf":[],"yoast_head":"<!-- This site is optimized with the Yoast SEO Premium plugin v27.3 (Yoast SEO v27.3) - https:\/\/yoast.com\/product\/yoast-seo-premium-wordpress\/ -->\n<title>Wrotter of Wrotter of Wrotter of Wrotter of Wrotter ruoho -% Puutarhaty\u00f6kalut puutarhaan Puutarha Puutarha<\/title>\n<meta name=\"description\" content=\"Wrotter&#039;s Wormwood Wrotter on hyv\u00e4 monivuotisia rikkakasveja vastaan. Wrotterissa on erityinen ter\u00e4, joka tunkeutuu helposti rikkaruohojen juuriin.\" \/>\n<meta name=\"robots\" content=\"index, follow, max-snippet:-1, max-image-preview:large, max-video-preview:-1\" \/>\n<link rel=\"canonical\" href=\"https:\/\/rodoaed.ee\/fi\/toode\/wrotter-of-wrotter-of-wrotter-of-wrotter-of-wrotter-ruoho\/\" \/>\n<meta property=\"og:locale\" content=\"fi_FI\" \/>\n<meta property=\"og:type\" content=\"article\" \/>\n<meta property=\"og:title\" content=\"Wrotter of Wrotter of Wrotter of Wrotter of Wrotter ruoho\" \/>\n<meta property=\"og:description\" content=\"Stubborn Weed Wrotter on erikoisty\u00f6kalu itsep\u00e4isten rikkaruohojen kitkemiseen. Soveltuu sek\u00e4 harraste- ett\u00e4 ammattipuutarhureille. Tuotekoodi: 8018-140250\" \/>\n<meta property=\"og:url\" content=\"https:\/\/rodoaed.ee\/fi\/toode\/wrotter-of-wrotter-of-wrotter-of-wrotter-of-wrotter-ruoho\/\" \/>\n<meta property=\"og:site_name\" content=\"Rodoaed\" \/>\n<meta property=\"article:publisher\" content=\"https:\/\/www.facebook.com\/kasvuhooned\/\" \/>\n<meta property=\"article:modified_time\" content=\"2026-04-13T08:09:41+00:00\" \/>\n<meta property=\"og:image\" content=\"https:\/\/rodoaed.ee\/wp-content\/uploads\/2019\/08\/Aiat\u00f6\u00f6riistad_K\u00f5bla-Wrotter_8018-140250_01.jpg\" \/>\n\t<meta property=\"og:image:width\" content=\"3343\" \/>\n\t<meta property=\"og:image:height\" content=\"3343\" \/>\n\t<meta property=\"og:image:type\" content=\"image\/jpeg\" \/>\n<meta name=\"twitter:card\" content=\"summary_large_image\" \/>\n<meta name=\"twitter:label1\" content=\"Arvioitu lukuaika\" \/>\n\t<meta name=\"twitter:data1\" content=\"1 minuutti\" \/>\n<script type=\"application\/ld+json\" class=\"yoast-schema-graph\">{\"@context\":\"https:\\\/\\\/schema.org\",\"@graph\":[{\"@type\":\"WebPage\",\"@id\":\"https:\\\/\\\/rodoaed.ee\\\/fi\\\/toode\\\/wrotter-of-wrotter-of-wrotter-of-wrotter-of-wrotter-ruoho\\\/\",\"url\":\"https:\\\/\\\/rodoaed.ee\\\/fi\\\/toode\\\/wrotter-of-wrotter-of-wrotter-of-wrotter-of-wrotter-ruoho\\\/\",\"name\":\"Wrotter of Wrotter of Wrotter of Wrotter of Wrotter ruoho -% Puutarhaty\u00f6kalut puutarhaan Puutarha Puutarha\",\"isPartOf\":{\"@id\":\"https:\\\/\\\/rodoaed.ee\\\/#website\"},\"primaryImageOfPage\":{\"@id\":\"https:\\\/\\\/rodoaed.ee\\\/fi\\\/toode\\\/wrotter-of-wrotter-of-wrotter-of-wrotter-of-wrotter-ruoho\\\/#primaryimage\"},\"image\":{\"@id\":\"https:\\\/\\\/rodoaed.ee\\\/fi\\\/toode\\\/wrotter-of-wrotter-of-wrotter-of-wrotter-of-wrotter-ruoho\\\/#primaryimage\"},\"thumbnailUrl\":\"https:\\\/\\\/rodoaed.ee\\\/wp-content\\\/uploads\\\/2019\\\/08\\\/Aiat\u00f6\u00f6riistad_K\u00f5bla-Wrotter_8018-140250_01.jpg\",\"datePublished\":\"2019-08-02T09:56:21+00:00\",\"dateModified\":\"2026-04-13T08:09:41+00:00\",\"description\":\"Wrotter's Wormwood Wrotter on hyv\u00e4 monivuotisia rikkakasveja vastaan. Wrotterissa on erityinen ter\u00e4, joka tunkeutuu helposti rikkaruohojen juuriin.\",\"breadcrumb\":{\"@id\":\"https:\\\/\\\/rodoaed.ee\\\/fi\\\/toode\\\/wrotter-of-wrotter-of-wrotter-of-wrotter-of-wrotter-ruoho\\\/#breadcrumb\"},\"inLanguage\":\"fi\",\"potentialAction\":[{\"@type\":\"ReadAction\",\"target\":[\"https:\\\/\\\/rodoaed.ee\\\/fi\\\/toode\\\/wrotter-of-wrotter-of-wrotter-of-wrotter-of-wrotter-ruoho\\\/\"]}]},{\"@type\":\"ImageObject\",\"inLanguage\":\"fi\",\"@id\":\"https:\\\/\\\/rodoaed.ee\\\/fi\\\/toode\\\/wrotter-of-wrotter-of-wrotter-of-wrotter-of-wrotter-ruoho\\\/#primaryimage\",\"url\":\"https:\\\/\\\/rodoaed.ee\\\/wp-content\\\/uploads\\\/2019\\\/08\\\/Aiat\u00f6\u00f6riistad_K\u00f5bla-Wrotter_8018-140250_01.jpg\",\"contentUrl\":\"https:\\\/\\\/rodoaed.ee\\\/wp-content\\\/uploads\\\/2019\\\/08\\\/Aiat\u00f6\u00f6riistad_K\u00f5bla-Wrotter_8018-140250_01.jpg\",\"width\":3343,\"height\":3343,\"caption\":\"OLYMPUS DIGIKAMERA\"},{\"@type\":\"BreadcrumbList\",\"@id\":\"https:\\\/\\\/rodoaed.ee\\\/fi\\\/toode\\\/wrotter-of-wrotter-of-wrotter-of-wrotter-of-wrotter-ruoho\\\/#breadcrumb\",\"itemListElement\":[{\"@type\":\"ListItem\",\"position\":1,\"name\":\"Home\",\"item\":\"https:\\\/\\\/rodoaed.ee\\\/fi\\\/\"},{\"@type\":\"ListItem\",\"position\":2,\"name\":\"Osta osoitteessa\",\"item\":\"https:\\\/\\\/rodoaed.ee\\\/osta-osoitteessa\\\/\"},{\"@type\":\"ListItem\",\"position\":3,\"name\":\"Wrotter of Wrotter of Wrotter of Wrotter of Wrotter ruoho\"}]},{\"@type\":\"WebSite\",\"@id\":\"https:\\\/\\\/rodoaed.ee\\\/#website\",\"url\":\"https:\\\/\\\/rodoaed.ee\\\/\",\"name\":\"Rodoaed\",\"description\":\"\",\"publisher\":{\"@id\":\"https:\\\/\\\/rodoaed.ee\\\/#organization\"},\"potentialAction\":[{\"@type\":\"SearchAction\",\"target\":{\"@type\":\"EntryPoint\",\"urlTemplate\":\"https:\\\/\\\/rodoaed.ee\\\/?s={search_term_string}\"},\"query-input\":{\"@type\":\"PropertyValueSpecification\",\"valueRequired\":true,\"valueName\":\"search_term_string\"}}],\"inLanguage\":\"fi\"},{\"@type\":\"Organization\",\"@id\":\"https:\\\/\\\/rodoaed.ee\\\/#organization\",\"name\":\"Rodoaed\",\"url\":\"https:\\\/\\\/rodoaed.ee\\\/\",\"logo\":{\"@type\":\"ImageObject\",\"inLanguage\":\"fi\",\"@id\":\"https:\\\/\\\/rodoaed.ee\\\/#\\\/schema\\\/logo\\\/image\\\/\",\"url\":\"https:\\\/\\\/rodoaed.ee\\\/wp-content\\\/uploads\\\/2019\\\/11\\\/rodoaed-logo-ilma-taustata.jpg\",\"contentUrl\":\"https:\\\/\\\/rodoaed.ee\\\/wp-content\\\/uploads\\\/2019\\\/11\\\/rodoaed-logo-ilma-taustata.jpg\",\"width\":769,\"height\":268,\"caption\":\"Rodoaed\"},\"image\":{\"@id\":\"https:\\\/\\\/rodoaed.ee\\\/#\\\/schema\\\/logo\\\/image\\\/\"},\"sameAs\":[\"https:\\\/\\\/www.facebook.com\\\/kasvuhooned\\\/\",\"https:\\\/\\\/rodoaed.ee\"]}]}<\/script>\n<!-- \/ Yoast SEO Premium plugin. -->","yoast_head_json":{"title":"Wrotter of Wrotter of Wrotter of Wrotter of Wrotter ruoho -% Puutarhaty\u00f6kalut puutarhaan Puutarha Puutarha","description":"Wrotter's Wormwood Wrotter on hyv\u00e4 monivuotisia rikkakasveja vastaan. Wrotterissa on erityinen ter\u00e4, joka tunkeutuu helposti rikkaruohojen juuriin.","robots":{"index":"index","follow":"follow","max-snippet":"max-snippet:-1","max-image-preview":"max-image-preview:large","max-video-preview":"max-video-preview:-1"},"canonical":"https:\/\/rodoaed.ee\/fi\/toode\/wrotter-of-wrotter-of-wrotter-of-wrotter-of-wrotter-ruoho\/","og_locale":"fi_FI","og_type":"article","og_title":"Wrotter of Wrotter of Wrotter of Wrotter of Wrotter ruoho","og_description":"Stubborn Weed Wrotter on erikoisty\u00f6kalu itsep\u00e4isten rikkaruohojen kitkemiseen. Soveltuu sek\u00e4 harraste- ett\u00e4 ammattipuutarhureille. Tuotekoodi: 8018-140250","og_url":"https:\/\/rodoaed.ee\/fi\/toode\/wrotter-of-wrotter-of-wrotter-of-wrotter-of-wrotter-ruoho\/","og_site_name":"Rodoaed","article_publisher":"https:\/\/www.facebook.com\/kasvuhooned\/","article_modified_time":"2026-04-13T08:09:41+00:00","og_image":[{"width":3343,"height":3343,"url":"https:\/\/rodoaed.ee\/wp-content\/uploads\/2019\/08\/Aiat\u00f6\u00f6riistad_K\u00f5bla-Wrotter_8018-140250_01.jpg","type":"image\/jpeg"}],"twitter_card":"summary_large_image","twitter_misc":{"Arvioitu lukuaika":"1 minuutti"},"schema":{"@context":"https:\/\/schema.org","@graph":[{"@type":"WebPage","@id":"https:\/\/rodoaed.ee\/fi\/toode\/wrotter-of-wrotter-of-wrotter-of-wrotter-of-wrotter-ruoho\/","url":"https:\/\/rodoaed.ee\/fi\/toode\/wrotter-of-wrotter-of-wrotter-of-wrotter-of-wrotter-ruoho\/","name":"Wrotter of Wrotter of Wrotter of Wrotter of Wrotter ruoho -% Puutarhaty\u00f6kalut puutarhaan Puutarha Puutarha","isPartOf":{"@id":"https:\/\/rodoaed.ee\/#website"},"primaryImageOfPage":{"@id":"https:\/\/rodoaed.ee\/fi\/toode\/wrotter-of-wrotter-of-wrotter-of-wrotter-of-wrotter-ruoho\/#primaryimage"},"image":{"@id":"https:\/\/rodoaed.ee\/fi\/toode\/wrotter-of-wrotter-of-wrotter-of-wrotter-of-wrotter-ruoho\/#primaryimage"},"thumbnailUrl":"https:\/\/rodoaed.ee\/wp-content\/uploads\/2019\/08\/Aiat\u00f6\u00f6riistad_K\u00f5bla-Wrotter_8018-140250_01.jpg","datePublished":"2019-08-02T09:56:21+00:00","dateModified":"2026-04-13T08:09:41+00:00","description":"Wrotter's Wormwood Wrotter on hyv\u00e4 monivuotisia rikkakasveja vastaan. Wrotterissa on erityinen ter\u00e4, joka tunkeutuu helposti rikkaruohojen juuriin.","breadcrumb":{"@id":"https:\/\/rodoaed.ee\/fi\/toode\/wrotter-of-wrotter-of-wrotter-of-wrotter-of-wrotter-ruoho\/#breadcrumb"},"inLanguage":"fi","potentialAction":[{"@type":"ReadAction","target":["https:\/\/rodoaed.ee\/fi\/toode\/wrotter-of-wrotter-of-wrotter-of-wrotter-of-wrotter-ruoho\/"]}]},{"@type":"ImageObject","inLanguage":"fi","@id":"https:\/\/rodoaed.ee\/fi\/toode\/wrotter-of-wrotter-of-wrotter-of-wrotter-of-wrotter-ruoho\/#primaryimage","url":"https:\/\/rodoaed.ee\/wp-content\/uploads\/2019\/08\/Aiat\u00f6\u00f6riistad_K\u00f5bla-Wrotter_8018-140250_01.jpg","contentUrl":"https:\/\/rodoaed.ee\/wp-content\/uploads\/2019\/08\/Aiat\u00f6\u00f6riistad_K\u00f5bla-Wrotter_8018-140250_01.jpg","width":3343,"height":3343,"caption":"OLYMPUS DIGIKAMERA"},{"@type":"BreadcrumbList","@id":"https:\/\/rodoaed.ee\/fi\/toode\/wrotter-of-wrotter-of-wrotter-of-wrotter-of-wrotter-ruoho\/#breadcrumb","itemListElement":[{"@type":"ListItem","position":1,"name":"Home","item":"https:\/\/rodoaed.ee\/fi\/"},{"@type":"ListItem","position":2,"name":"Osta osoitteessa","item":"https:\/\/rodoaed.ee\/osta-osoitteessa\/"},{"@type":"ListItem","position":3,"name":"Wrotter of Wrotter of Wrotter of Wrotter of Wrotter ruoho"}]},{"@type":"WebSite","@id":"https:\/\/rodoaed.ee\/#website","url":"https:\/\/rodoaed.ee\/","name":"Rodoaed","description":"","publisher":{"@id":"https:\/\/rodoaed.ee\/#organization"},"potentialAction":[{"@type":"SearchAction","target":{"@type":"EntryPoint","urlTemplate":"https:\/\/rodoaed.ee\/?s={search_term_string}"},"query-input":{"@type":"PropertyValueSpecification","valueRequired":true,"valueName":"search_term_string"}}],"inLanguage":"fi"},{"@type":"Organization","@id":"https:\/\/rodoaed.ee\/#organization","name":"Rodoaed","url":"https:\/\/rodoaed.ee\/","logo":{"@type":"ImageObject","inLanguage":"fi","@id":"https:\/\/rodoaed.ee\/#\/schema\/logo\/image\/","url":"https:\/\/rodoaed.ee\/wp-content\/uploads\/2019\/11\/rodoaed-logo-ilma-taustata.jpg","contentUrl":"https:\/\/rodoaed.ee\/wp-content\/uploads\/2019\/11\/rodoaed-logo-ilma-taustata.jpg","width":769,"height":268,"caption":"Rodoaed"},"image":{"@id":"https:\/\/rodoaed.ee\/#\/schema\/logo\/image\/"},"sameAs":["https:\/\/www.facebook.com\/kasvuhooned\/","https:\/\/rodoaed.ee"]}]}},"_links":{"self":[{"href":"https:\/\/rodoaed.ee\/fi\/wp-json\/wp\/v2\/product\/53659","targetHints":{"allow":["GET"]}}],"collection":[{"href":"https:\/\/rodoaed.ee\/fi\/wp-json\/wp\/v2\/product"}],"about":[{"href":"https:\/\/rodoaed.ee\/fi\/wp-json\/wp\/v2\/types\/product"}],"wp:featuredmedia":[{"embeddable":true,"href":"https:\/\/rodoaed.ee\/fi\/wp-json\/wp\/v2\/media\/27600"}],"wp:attachment":[{"href":"https:\/\/rodoaed.ee\/fi\/wp-json\/wp\/v2\/media?parent=53659"}],"wp:term":[{"taxonomy":"product_brand","embeddable":true,"href":"https:\/\/rodoaed.ee\/fi\/wp-json\/wp\/v2\/product_brand?post=53659"},{"taxonomy":"product_cat","embeddable":true,"href":"https:\/\/rodoaed.ee\/fi\/wp-json\/wp\/v2\/product_cat?post=53659"},{"taxonomy":"product_tag","embeddable":true,"href":"https:\/\/rodoaed.ee\/fi\/wp-json\/wp\/v2\/product_tag?post=53659"}],"curies":[{"name":"wp","href":"https:\/\/api.w.org\/{rel}","templated":true}]}}