{"id":53661,"date":"2019-08-02T12:56:21","date_gmt":"2019-08-02T09:56:21","guid":{"rendered":"https:\/\/rodoaed.ee\/toode\/lapio-jossa-on-kulutuspinnan-reuna\/"},"modified":"2026-04-13T11:09:42","modified_gmt":"2026-04-13T08:09:42","slug":"lapio-jossa-on-kulutuspinnan-reuna","status":"publish","type":"product","link":"https:\/\/rodoaed.ee\/fi\/tuote\/lapio-jossa-on-kulutuspinnan-reuna\/","title":{"rendered":"Lapio, jossa on kulutuspinnan reuna"},"content":{"rendered":"<h2>Ruostumattomasta ter\u00e4ksest\u00e4 valmistettu lapio, jossa on kulutuspinta kaikkiin puutarhanhoitot\u00f6ihin<\/h2>\n<h2>Soveltuu sek\u00e4 harraste- ett\u00e4 ammattipuutarhureille.<\/h2>\n<p>Tuotekoodi: 3024-210786<\/p>\n<p>Loistava ruostumattomasta ter\u00e4ksest\u00e4 valmistettu kulutuspintainen lapio kaikkiin puutarhanhoitot\u00f6ihin, olipa kyse sitten syksyn kaivamisesta, vihannespuutarhan tekemisest\u00e4 tai omenapuun istutuskuopan kaivamisesta. Lapiossa on kevyt ja ter\u00e4v\u00e4 reuna, mik\u00e4 helpottaa kaivamista huomattavasti. Siin\u00e4 on tuhkakahva, jossa on kunnollinen ote, ja ruostumattomasta ter\u00e4ksest\u00e4 valmistettu ter\u00e4. Lapion ter\u00e4ss\u00e4 on mukavat kulutusreunat jalkineiden vahingoittumisen v\u00e4ltt\u00e4miseksi. Lapionter\u00e4 menee kaikenlaiseen maaper\u00e4\u00e4n helposti ja on hyvin tasapainossa nostettaessa.    <\/p>\n<p><em>Sneeboer &amp; Zn on perinteinen hollantilainen ty\u00f6kaluyritys, joka on valmistanut laadukkaita puutarhaty\u00f6kaluja vuodesta 1913. Sneeboer &amp; Zn valmistaa p\u00e4\u00e4asiassa k\u00e4sin taottuja ruostumattomasta ter\u00e4ksest\u00e4 valmistettuja puutarhaty\u00f6kaluja, joiden k\u00e4ytt\u00f6ik\u00e4 on v\u00e4hint\u00e4\u00e4n yksi sukupolvi. Mutta se, mik\u00e4 tekee heid\u00e4n tuotannostaan hyvin erikoista ja on tehnyt heist\u00e4 maailmankuuluja, on heid\u00e4n sovellusinnovaationsa. T\u00e4m\u00e4 tarkoittaa, ett\u00e4 keksij\u00e4t ymp\u00e4ri maailmaa ovat lis\u00e4nneet omia innovaatioitaan heid\u00e4n tuotevalikoimaansa.    Joskus hyvin innovatiivisia ratkaisuja, joskus melko pieni\u00e4 keksint\u00f6j\u00e4, mutta ne tekev\u00e4t puutarhanhoidosta ja ty\u00f6kalun k\u00e4yt\u00f6st\u00e4 paljon helpompaa.<\/em><\/p>\n<p><em>Voit n\u00e4hd\u00e4 sen itse, kun katsot heid\u00e4n valikoimaansa.<\/em><\/p>\n<p>Hemmottele itse\u00e4si parhaalla. El\u00e4mme vain kerran. <\/p>\n<h2>Tekniset tiedot:<\/h2>\n<ul>\n<li>Ty\u00f6kalun p\u00e4\u00e4n leveys: 16 cm<\/li>\n<li>Ty\u00f6kalun p\u00e4\u00e4n pituus: 28 cm<\/li>\n<li>Kahvan pituus: 90 cm<\/li>\n<li>Kokonaispituus: 116 cm<\/li>\n<li>Kahvan materiaali: saarni<\/li>\n<li>Paino: 1,7 kg<\/li>\n<\/ul>\n","protected":false},"excerpt":{"rendered":"<p>Ruostumattomasta ter\u00e4ksest\u00e4 valmistettu lapio, jossa on kulutuspinta kaikkiin puutarhanhoitot\u00f6ihin Soveltuu sek\u00e4 harraste- ett\u00e4 ammattipuutarhureille. Tuotekoodi: 3024-210786 Loistava ruostumattomasta ter\u00e4ksest\u00e4 valmistettu kulutuspintainen lapio kaikkiin puutarhanhoitot\u00f6ihin, olipa kyse sitten syksyn kaivamisesta, vihannespuutarhan tekemisest\u00e4 tai omenapuun istutuskuopan kaivamisesta. Lapiossa on kevyt ja ter\u00e4v\u00e4 reuna, mik\u00e4 helpottaa kaivamista huomattavasti. Siin\u00e4 on tuhkakahva, jossa on kunnollinen ote, ja ruostumattomasta ter\u00e4ksest\u00e4 valmistettu ter\u00e4. Lapion ter\u00e4ss\u00e4 on mukavat kulutusreunat jalkineiden vahingoittumisen v\u00e4ltt\u00e4miseksi&#8230;.<\/p>\n","protected":false},"featured_media":27678,"template":"","meta":{"_acf_changed":false},"product_brand":[],"product_cat":[1743,1889,1922],"product_tag":[],"class_list":{"0":"post-53661","1":"product","2":"type-product","3":"status-publish","4":"has-post-thumbnail","6":"product_cat-lisalahjat-lahjat","7":"product_cat-puutarhatyokalut","8":"product_cat-renkaat-ja-lapiot","9":"product_shipping_class-kuljetus-ainoastaan-kuriiripalvelun-valityksella","10":"pa_variatsioon-ruostumattomasta-teraksesta-valmistettu-lapio-jossa-on-kulutuspintainen-reuna","12":"first","13":"onbackorder","14":"taxable","15":"shipping-taxable","16":"purchasable","17":"product-type-simple"},"acf":[],"yoast_head":"<!-- This site is optimized with the Yoast SEO Premium plugin v27.5 (Yoast SEO v27.5) - https:\/\/yoast.com\/product\/yoast-seo-premium-wordpress\/ -->\n<title>Lapio, jossa on kulutuspinnan reuna% % -% Kelkkailulapio astinlaudoilla.<\/title>\n<meta name=\"description\" content=\"Ruostumattomasta ter\u00e4ksest\u00e4 valmistettu tallainen lapio, joka soveltuu kaikkiin puutarhat\u00f6ihin. Sit\u00e4 on mukava painaa jalalla eik\u00e4 se riko jalkineita.\" \/>\n<meta name=\"robots\" content=\"index, follow, max-snippet:-1, max-image-preview:large, max-video-preview:-1\" \/>\n<link rel=\"canonical\" href=\"https:\/\/rodoaed.ee\/fi\/toode\/lapio-jossa-on-kulutuspinnan-reuna\/\" \/>\n<meta property=\"og:locale\" content=\"fi_FI\" \/>\n<meta property=\"og:type\" content=\"article\" \/>\n<meta property=\"og:title\" content=\"Lapio, jossa on kulutuspinnan reuna\" \/>\n<meta property=\"og:description\" content=\"Ruostumattomasta ter\u00e4ksest\u00e4 valmistettu lapio, jossa on kulutuspinta kaikkiin puutarhanhoitot\u00f6ihin Soveltuu sek\u00e4 harraste- ett\u00e4 ammattipuutarhureille.\" \/>\n<meta property=\"og:url\" content=\"https:\/\/rodoaed.ee\/fi\/toode\/lapio-jossa-on-kulutuspinnan-reuna\/\" \/>\n<meta property=\"og:site_name\" content=\"Rodoaed\" \/>\n<meta property=\"article:publisher\" content=\"https:\/\/www.facebook.com\/kasvuhooned\/\" \/>\n<meta property=\"article:modified_time\" content=\"2026-04-13T08:09:42+00:00\" \/>\n<meta property=\"og:image\" content=\"https:\/\/rodoaed.ee\/wp-content\/uploads\/2019\/08\/Aiat\u00f6\u00f6riistad_labidas_3024-210786_03s.jpg\" \/>\n\t<meta property=\"og:image:width\" content=\"2551\" \/>\n\t<meta property=\"og:image:height\" content=\"2551\" \/>\n\t<meta property=\"og:image:type\" content=\"image\/jpeg\" \/>\n<meta name=\"twitter:card\" content=\"summary_large_image\" \/>\n<meta name=\"twitter:label1\" content=\"Arvioitu lukuaika\" \/>\n\t<meta name=\"twitter:data1\" content=\"1 minuutti\" \/>\n<script type=\"application\/ld+json\" class=\"yoast-schema-graph\">{\"@context\":\"https:\\\/\\\/schema.org\",\"@graph\":[{\"@type\":\"WebPage\",\"@id\":\"https:\\\/\\\/rodoaed.ee\\\/fi\\\/toode\\\/lapio-jossa-on-kulutuspinnan-reuna\\\/\",\"url\":\"https:\\\/\\\/rodoaed.ee\\\/fi\\\/toode\\\/lapio-jossa-on-kulutuspinnan-reuna\\\/\",\"name\":\"Lapio, jossa on kulutuspinnan reuna% % -% Kelkkailulapio astinlaudoilla.\",\"isPartOf\":{\"@id\":\"https:\\\/\\\/rodoaed.ee\\\/#website\"},\"primaryImageOfPage\":{\"@id\":\"https:\\\/\\\/rodoaed.ee\\\/fi\\\/toode\\\/lapio-jossa-on-kulutuspinnan-reuna\\\/#primaryimage\"},\"image\":{\"@id\":\"https:\\\/\\\/rodoaed.ee\\\/fi\\\/toode\\\/lapio-jossa-on-kulutuspinnan-reuna\\\/#primaryimage\"},\"thumbnailUrl\":\"https:\\\/\\\/rodoaed.ee\\\/wp-content\\\/uploads\\\/2019\\\/08\\\/Aiat\u00f6\u00f6riistad_labidas_3024-210786_03s.jpg\",\"datePublished\":\"2019-08-02T09:56:21+00:00\",\"dateModified\":\"2026-04-13T08:09:42+00:00\",\"description\":\"Ruostumattomasta ter\u00e4ksest\u00e4 valmistettu tallainen lapio, joka soveltuu kaikkiin puutarhat\u00f6ihin. Sit\u00e4 on mukava painaa jalalla eik\u00e4 se riko jalkineita.\",\"breadcrumb\":{\"@id\":\"https:\\\/\\\/rodoaed.ee\\\/fi\\\/toode\\\/lapio-jossa-on-kulutuspinnan-reuna\\\/#breadcrumb\"},\"inLanguage\":\"fi\",\"potentialAction\":[{\"@type\":\"ReadAction\",\"target\":[\"https:\\\/\\\/rodoaed.ee\\\/fi\\\/toode\\\/lapio-jossa-on-kulutuspinnan-reuna\\\/\"]}]},{\"@type\":\"ImageObject\",\"inLanguage\":\"fi\",\"@id\":\"https:\\\/\\\/rodoaed.ee\\\/fi\\\/toode\\\/lapio-jossa-on-kulutuspinnan-reuna\\\/#primaryimage\",\"url\":\"https:\\\/\\\/rodoaed.ee\\\/wp-content\\\/uploads\\\/2019\\\/08\\\/Aiat\u00f6\u00f6riistad_labidas_3024-210786_03s.jpg\",\"contentUrl\":\"https:\\\/\\\/rodoaed.ee\\\/wp-content\\\/uploads\\\/2019\\\/08\\\/Aiat\u00f6\u00f6riistad_labidas_3024-210786_03s.jpg\",\"width\":2551,\"height\":2551,\"caption\":\"OLYMPUS DIGIKAMERA\"},{\"@type\":\"BreadcrumbList\",\"@id\":\"https:\\\/\\\/rodoaed.ee\\\/fi\\\/toode\\\/lapio-jossa-on-kulutuspinnan-reuna\\\/#breadcrumb\",\"itemListElement\":[{\"@type\":\"ListItem\",\"position\":1,\"name\":\"Home\",\"item\":\"https:\\\/\\\/rodoaed.ee\\\/fi\\\/\"},{\"@type\":\"ListItem\",\"position\":2,\"name\":\"Osta osoitteessa\",\"item\":\"https:\\\/\\\/rodoaed.ee\\\/osta-osoitteessa\\\/\"},{\"@type\":\"ListItem\",\"position\":3,\"name\":\"Lapio, jossa on kulutuspinnan reuna\"}]},{\"@type\":\"WebSite\",\"@id\":\"https:\\\/\\\/rodoaed.ee\\\/#website\",\"url\":\"https:\\\/\\\/rodoaed.ee\\\/\",\"name\":\"Rodoaed\",\"description\":\"\",\"publisher\":{\"@id\":\"https:\\\/\\\/rodoaed.ee\\\/#organization\"},\"potentialAction\":[{\"@type\":\"SearchAction\",\"target\":{\"@type\":\"EntryPoint\",\"urlTemplate\":\"https:\\\/\\\/rodoaed.ee\\\/?s={search_term_string}\"},\"query-input\":{\"@type\":\"PropertyValueSpecification\",\"valueRequired\":true,\"valueName\":\"search_term_string\"}}],\"inLanguage\":\"fi\"},{\"@type\":\"Organization\",\"@id\":\"https:\\\/\\\/rodoaed.ee\\\/#organization\",\"name\":\"Rodoaed\",\"url\":\"https:\\\/\\\/rodoaed.ee\\\/\",\"logo\":{\"@type\":\"ImageObject\",\"inLanguage\":\"fi\",\"@id\":\"https:\\\/\\\/rodoaed.ee\\\/#\\\/schema\\\/logo\\\/image\\\/\",\"url\":\"https:\\\/\\\/rodoaed.ee\\\/wp-content\\\/uploads\\\/2019\\\/11\\\/rodoaed-logo-ilma-taustata.jpg\",\"contentUrl\":\"https:\\\/\\\/rodoaed.ee\\\/wp-content\\\/uploads\\\/2019\\\/11\\\/rodoaed-logo-ilma-taustata.jpg\",\"width\":769,\"height\":268,\"caption\":\"Rodoaed\"},\"image\":{\"@id\":\"https:\\\/\\\/rodoaed.ee\\\/#\\\/schema\\\/logo\\\/image\\\/\"},\"sameAs\":[\"https:\\\/\\\/www.facebook.com\\\/kasvuhooned\\\/\",\"https:\\\/\\\/rodoaed.ee\"]}]}<\/script>\n<!-- \/ Yoast SEO Premium plugin. -->","yoast_head_json":{"title":"Lapio, jossa on kulutuspinnan reuna% % -% Kelkkailulapio astinlaudoilla.","description":"Ruostumattomasta ter\u00e4ksest\u00e4 valmistettu tallainen lapio, joka soveltuu kaikkiin puutarhat\u00f6ihin. Sit\u00e4 on mukava painaa jalalla eik\u00e4 se riko jalkineita.","robots":{"index":"index","follow":"follow","max-snippet":"max-snippet:-1","max-image-preview":"max-image-preview:large","max-video-preview":"max-video-preview:-1"},"canonical":"https:\/\/rodoaed.ee\/fi\/toode\/lapio-jossa-on-kulutuspinnan-reuna\/","og_locale":"fi_FI","og_type":"article","og_title":"Lapio, jossa on kulutuspinnan reuna","og_description":"Ruostumattomasta ter\u00e4ksest\u00e4 valmistettu lapio, jossa on kulutuspinta kaikkiin puutarhanhoitot\u00f6ihin Soveltuu sek\u00e4 harraste- ett\u00e4 ammattipuutarhureille.","og_url":"https:\/\/rodoaed.ee\/fi\/toode\/lapio-jossa-on-kulutuspinnan-reuna\/","og_site_name":"Rodoaed","article_publisher":"https:\/\/www.facebook.com\/kasvuhooned\/","article_modified_time":"2026-04-13T08:09:42+00:00","og_image":[{"width":2551,"height":2551,"url":"https:\/\/rodoaed.ee\/wp-content\/uploads\/2019\/08\/Aiat\u00f6\u00f6riistad_labidas_3024-210786_03s.jpg","type":"image\/jpeg"}],"twitter_card":"summary_large_image","twitter_misc":{"Arvioitu lukuaika":"1 minuutti"},"schema":{"@context":"https:\/\/schema.org","@graph":[{"@type":"WebPage","@id":"https:\/\/rodoaed.ee\/fi\/toode\/lapio-jossa-on-kulutuspinnan-reuna\/","url":"https:\/\/rodoaed.ee\/fi\/toode\/lapio-jossa-on-kulutuspinnan-reuna\/","name":"Lapio, jossa on kulutuspinnan reuna% % -% Kelkkailulapio astinlaudoilla.","isPartOf":{"@id":"https:\/\/rodoaed.ee\/#website"},"primaryImageOfPage":{"@id":"https:\/\/rodoaed.ee\/fi\/toode\/lapio-jossa-on-kulutuspinnan-reuna\/#primaryimage"},"image":{"@id":"https:\/\/rodoaed.ee\/fi\/toode\/lapio-jossa-on-kulutuspinnan-reuna\/#primaryimage"},"thumbnailUrl":"https:\/\/rodoaed.ee\/wp-content\/uploads\/2019\/08\/Aiat\u00f6\u00f6riistad_labidas_3024-210786_03s.jpg","datePublished":"2019-08-02T09:56:21+00:00","dateModified":"2026-04-13T08:09:42+00:00","description":"Ruostumattomasta ter\u00e4ksest\u00e4 valmistettu tallainen lapio, joka soveltuu kaikkiin puutarhat\u00f6ihin. Sit\u00e4 on mukava painaa jalalla eik\u00e4 se riko jalkineita.","breadcrumb":{"@id":"https:\/\/rodoaed.ee\/fi\/toode\/lapio-jossa-on-kulutuspinnan-reuna\/#breadcrumb"},"inLanguage":"fi","potentialAction":[{"@type":"ReadAction","target":["https:\/\/rodoaed.ee\/fi\/toode\/lapio-jossa-on-kulutuspinnan-reuna\/"]}]},{"@type":"ImageObject","inLanguage":"fi","@id":"https:\/\/rodoaed.ee\/fi\/toode\/lapio-jossa-on-kulutuspinnan-reuna\/#primaryimage","url":"https:\/\/rodoaed.ee\/wp-content\/uploads\/2019\/08\/Aiat\u00f6\u00f6riistad_labidas_3024-210786_03s.jpg","contentUrl":"https:\/\/rodoaed.ee\/wp-content\/uploads\/2019\/08\/Aiat\u00f6\u00f6riistad_labidas_3024-210786_03s.jpg","width":2551,"height":2551,"caption":"OLYMPUS DIGIKAMERA"},{"@type":"BreadcrumbList","@id":"https:\/\/rodoaed.ee\/fi\/toode\/lapio-jossa-on-kulutuspinnan-reuna\/#breadcrumb","itemListElement":[{"@type":"ListItem","position":1,"name":"Home","item":"https:\/\/rodoaed.ee\/fi\/"},{"@type":"ListItem","position":2,"name":"Osta osoitteessa","item":"https:\/\/rodoaed.ee\/osta-osoitteessa\/"},{"@type":"ListItem","position":3,"name":"Lapio, jossa on kulutuspinnan reuna"}]},{"@type":"WebSite","@id":"https:\/\/rodoaed.ee\/#website","url":"https:\/\/rodoaed.ee\/","name":"Rodoaed","description":"","publisher":{"@id":"https:\/\/rodoaed.ee\/#organization"},"potentialAction":[{"@type":"SearchAction","target":{"@type":"EntryPoint","urlTemplate":"https:\/\/rodoaed.ee\/?s={search_term_string}"},"query-input":{"@type":"PropertyValueSpecification","valueRequired":true,"valueName":"search_term_string"}}],"inLanguage":"fi"},{"@type":"Organization","@id":"https:\/\/rodoaed.ee\/#organization","name":"Rodoaed","url":"https:\/\/rodoaed.ee\/","logo":{"@type":"ImageObject","inLanguage":"fi","@id":"https:\/\/rodoaed.ee\/#\/schema\/logo\/image\/","url":"https:\/\/rodoaed.ee\/wp-content\/uploads\/2019\/11\/rodoaed-logo-ilma-taustata.jpg","contentUrl":"https:\/\/rodoaed.ee\/wp-content\/uploads\/2019\/11\/rodoaed-logo-ilma-taustata.jpg","width":769,"height":268,"caption":"Rodoaed"},"image":{"@id":"https:\/\/rodoaed.ee\/#\/schema\/logo\/image\/"},"sameAs":["https:\/\/www.facebook.com\/kasvuhooned\/","https:\/\/rodoaed.ee"]}]}},"_links":{"self":[{"href":"https:\/\/rodoaed.ee\/fi\/wp-json\/wp\/v2\/product\/53661","targetHints":{"allow":["GET"]}}],"collection":[{"href":"https:\/\/rodoaed.ee\/fi\/wp-json\/wp\/v2\/product"}],"about":[{"href":"https:\/\/rodoaed.ee\/fi\/wp-json\/wp\/v2\/types\/product"}],"wp:featuredmedia":[{"embeddable":true,"href":"https:\/\/rodoaed.ee\/fi\/wp-json\/wp\/v2\/media\/27678"}],"wp:attachment":[{"href":"https:\/\/rodoaed.ee\/fi\/wp-json\/wp\/v2\/media?parent=53661"}],"wp:term":[{"taxonomy":"product_brand","embeddable":true,"href":"https:\/\/rodoaed.ee\/fi\/wp-json\/wp\/v2\/product_brand?post=53661"},{"taxonomy":"product_cat","embeddable":true,"href":"https:\/\/rodoaed.ee\/fi\/wp-json\/wp\/v2\/product_cat?post=53661"},{"taxonomy":"product_tag","embeddable":true,"href":"https:\/\/rodoaed.ee\/fi\/wp-json\/wp\/v2\/product_tag?post=53661"}],"curies":[{"name":"wp","href":"https:\/\/api.w.org\/{rel}","templated":true}]}}