{"id":53664,"date":"2019-08-02T12:56:21","date_gmt":"2019-08-02T09:56:21","guid":{"rendered":"https:\/\/rodoaed.ee\/toode\/pensasleikkurit-tasatera-4590-testivoittaja\/"},"modified":"2026-04-13T11:09:43","modified_gmt":"2026-04-13T08:09:43","slug":"pensasleikkurit-tasatera-4590-testivoittaja","status":"publish","type":"product","link":"https:\/\/rodoaed.ee\/fi\/tuote\/pensasleikkurit-tasatera-4590-testivoittaja\/","title":{"rendered":"Pensasleikkurit- Tasater\u00e4 4590- Testivoittaja"},"content":{"rendered":"<h2>Py\u00f6r\u00f6sakset &#8211; 4590, jossa on aaltoileva ter\u00e4, jossa on kaksi suurta julienne-uraa.<\/h2>\n<h3>Testin voittajat &#8211;<strong>&#8221;Self on mies<\/strong><\/h3>\n<p>Aaltoilevilla terill\u00e4 varustetut pensasleikkurit soveltuvat hyvin kaikenlaisten pensasaitojen leikkaamiseen. Aaltomaisen ter\u00e4n muoto est\u00e4\u00e4 hienompien oksien liukumisen ter\u00e4st\u00e4 leikattaessa. Hiontaura pit\u00e4\u00e4 ter\u00e4n jatkuvasti puhtaana mahlasta ja kuorij\u00e4tteist\u00e4. T\u00e4m\u00e4n ansiosta pensasleikkurin ter\u00e4 on itsepuhdistuva.   <\/p>\n<p><em>Saksalainen Berger-tuotemerkki on tunnettu Euroopassa ja maailmalla vuodesta 1919 l\u00e4htien erityisen mukavien ja korkealaatuisten puutarhav\u00e4lineiden valmistajana. Puutarhaty\u00f6kalut valmistetaan edelleen Euroopassa, Saksan Wuppertalissa sijaitsevassa tehtaassa. Valmistuksessa k\u00e4ytet\u00e4\u00e4n vain kest\u00e4vimpi\u00e4 materiaaleja, kuten ruostumatonta ter\u00e4st\u00e4, valettua alumiinia ja puuta.  <\/em><\/p>\n<p><em>Jokainen puutarhuri tiet\u00e4\u00e4, kuinka t\u00e4rke\u00e4\u00e4 on, ett\u00e4 h\u00e4nell\u00e4 on hyv\u00e4 ty\u00f6kalu. Ty\u00f6kaluja voi olla monenlaisia ja erikokoisia, mutta on aina muutama suosikki &#8211; oksasakset, oksasakset tai sahat &#8211; joita k\u00e4yt\u00e4mme mielell\u00e4mme. Ne ovat k\u00e4tevi\u00e4 ja niit\u00e4 on mukava k\u00e4ytt\u00e4\u00e4. Me vain suosimme niit\u00e4.   <\/em><\/p>\n<p><em>Itse asiassa kaikkien ty\u00f6kalujen pit\u00e4isi olla sellaisia, joita on aina hyv\u00e4 k\u00e4ytt\u00e4\u00e4 ja jotka eiv\u00e4t vaivaa k\u00e4si\u00e4. My\u00f6s ammattik\u00e4ytt\u00e4j\u00e4t tiet\u00e4v\u00e4t hyvin eron yksinkertaisen ty\u00f6kalun ja hyv\u00e4n ty\u00f6kalun v\u00e4lill\u00e4. Hyv\u00e4 ty\u00f6kalu ei v\u00e4syt\u00e4 yht\u00e4 paljon kuin yksinkertainen ty\u00f6kalu, edes pitk\u00e4n ty\u00f6p\u00e4iv\u00e4n aikana.  <\/em><\/p>\n<p>Hemmottele itse\u00e4si parhaalla!<\/p>\n<h2>T\u00e4rkeimm\u00e4t ominaisuudet:<\/h2>\n<ul>\n<li>Itsekantavat kromatut ter\u00e4t<\/li>\n<li>Ruosteen kest\u00e4v\u00e4 ter\u00e4k\u00e4sittely<\/li>\n<li>Kaksi syv\u00e4\u00e4 mahlarakoilua (leikattaessa mehu ei valu ter\u00e4lle).<\/li>\n<li>Itsepuhdistuvat ter\u00e4t<\/li>\n<li>S\u00e4\u00e4dett\u00e4v\u00e4 leikkuuter\u00e4n kireys<\/li>\n<li>Kevyt malli<\/li>\n<li>Ergonomisesti muotoillut py\u00f6kkipuiset kahvat mukavaa k\u00e4ytt\u00f6\u00e4 varten.<\/li>\n<li>Iskunvaimennin terien v\u00e4liss\u00e4<\/li>\n<\/ul>\n<div><\/div>\n<h2>Tekniset tiedot:<\/h2>\n<ul>\n<li>Suurin sopiva haaran halkaisija: 25 mm<\/li>\n<li>Paino: 1010 g<\/li>\n<li>Leikkuuter\u00e4n pituus: 240 mm<\/li>\n<li>Pituus: 570 mm<\/li>\n<\/ul>\n","protected":false},"excerpt":{"rendered":"<p>Py\u00f6r\u00f6sakset &#8211; 4590, jossa on aaltoileva ter\u00e4, jossa on kaksi suurta julienne-uraa. Testin voittajat &#8211;&#8221;Self on mies Aaltoilevilla terill\u00e4 varustetut pensasleikkurit soveltuvat hyvin kaikenlaisten pensasaitojen leikkaamiseen. Aaltomaisen ter\u00e4n muoto est\u00e4\u00e4 hienompien oksien liukumisen ter\u00e4st\u00e4 leikattaessa. Hiontaura pit\u00e4\u00e4 ter\u00e4n jatkuvasti puhtaana mahlasta ja kuorij\u00e4tteist\u00e4. T\u00e4m\u00e4n ansiosta pensasleikkurin ter\u00e4 on itsepuhdistuva. Saksalainen Berger-tuotemerkki on tunnettu Euroopassa ja maailmalla vuodesta 1919 l\u00e4htien erityisen mukavien ja korkealaatuisten puutarhav\u00e4lineiden valmistajana&#8230;.<\/p>\n","protected":false},"featured_media":27562,"template":"","meta":{"_acf_changed":false},"product_brand":[],"product_cat":[1889,1890],"product_tag":[],"class_list":{"0":"post-53664","1":"product","2":"type-product","3":"status-publish","4":"has-post-thumbnail","6":"product_cat-puutarhatyokalut","7":"product_cat-suuret-oksasakset","8":"product_shipping_class-kuljetus-ainoastaan-kuriiripalvelun-valityksella","9":"pa_variatsioon-pyoreat-oksasakset-4590-aaltomaisella-teralla-testivoittaja","11":"first","12":"onbackorder","13":"sale","14":"taxable","15":"shipping-taxable","16":"purchasable","17":"product-type-simple"},"acf":[],"yoast_head":"<!-- This site is optimized with the Yoast SEO Premium plugin v27.3 (Yoast SEO v27.3) - https:\/\/yoast.com\/product\/yoast-seo-premium-wordpress\/ -->\n<title>Pensasleikkurit- Tasater\u00e4 4590- Testivoittaja - Rodoaed<\/title>\n<meta name=\"description\" content=\"Saksalaiset Berger-pensassakset, joissa on litte\u00e4t ter\u00e4t. Sopii harrastepuutarhureille ja ammattilaisille. Pensassaksissa on vahva ter\u00e4ksinen ter\u00e4.\" \/>\n<meta name=\"robots\" content=\"index, follow, max-snippet:-1, max-image-preview:large, max-video-preview:-1\" \/>\n<link rel=\"canonical\" href=\"https:\/\/rodoaed.ee\/fi\/toode\/pensasleikkurit-tasatera-4590-testivoittaja\/\" \/>\n<meta property=\"og:locale\" content=\"fi_FI\" \/>\n<meta property=\"og:type\" content=\"article\" \/>\n<meta property=\"og:title\" content=\"Pensasleikkurit- Tasater\u00e4 4590- Testivoittaja\" \/>\n<meta property=\"og:description\" content=\"Py\u00f6r\u00f6sakset - 4590, jossa on aaltoileva ter\u00e4, jossa on kaksi suurta julienne-uraa. Testin voittajat -&quot;Self on mies Aaltoilevilla terill\u00e4 varustetut\" \/>\n<meta property=\"og:url\" content=\"https:\/\/rodoaed.ee\/fi\/toode\/pensasleikkurit-tasatera-4590-testivoittaja\/\" \/>\n<meta property=\"og:site_name\" content=\"Rodoaed\" \/>\n<meta property=\"article:publisher\" content=\"https:\/\/www.facebook.com\/kasvuhooned\/\" \/>\n<meta property=\"article:modified_time\" content=\"2026-04-13T08:09:43+00:00\" \/>\n<meta property=\"og:image\" content=\"https:\/\/rodoaed.ee\/wp-content\/uploads\/2019\/08\/Hekik\u00e4\u00e4rid_4590-1s-scaled.jpg\" \/>\n\t<meta property=\"og:image:width\" content=\"2560\" \/>\n\t<meta property=\"og:image:height\" content=\"1978\" \/>\n\t<meta property=\"og:image:type\" content=\"image\/jpeg\" \/>\n<meta name=\"twitter:card\" content=\"summary_large_image\" \/>\n<meta name=\"twitter:label1\" content=\"Arvioitu lukuaika\" \/>\n\t<meta name=\"twitter:data1\" content=\"1 minuutti\" \/>\n<script type=\"application\/ld+json\" class=\"yoast-schema-graph\">{\"@context\":\"https:\\\/\\\/schema.org\",\"@graph\":[{\"@type\":\"WebPage\",\"@id\":\"https:\\\/\\\/rodoaed.ee\\\/fi\\\/toode\\\/pensasleikkurit-tasatera-4590-testivoittaja\\\/\",\"url\":\"https:\\\/\\\/rodoaed.ee\\\/fi\\\/toode\\\/pensasleikkurit-tasatera-4590-testivoittaja\\\/\",\"name\":\"Pensasleikkurit- Tasater\u00e4 4590- Testivoittaja - Rodoaed\",\"isPartOf\":{\"@id\":\"https:\\\/\\\/rodoaed.ee\\\/#website\"},\"primaryImageOfPage\":{\"@id\":\"https:\\\/\\\/rodoaed.ee\\\/fi\\\/toode\\\/pensasleikkurit-tasatera-4590-testivoittaja\\\/#primaryimage\"},\"image\":{\"@id\":\"https:\\\/\\\/rodoaed.ee\\\/fi\\\/toode\\\/pensasleikkurit-tasatera-4590-testivoittaja\\\/#primaryimage\"},\"thumbnailUrl\":\"https:\\\/\\\/rodoaed.ee\\\/wp-content\\\/uploads\\\/2019\\\/08\\\/Hekik\u00e4\u00e4rid_4590-1s.jpg\",\"datePublished\":\"2019-08-02T09:56:21+00:00\",\"dateModified\":\"2026-04-13T08:09:43+00:00\",\"description\":\"Saksalaiset Berger-pensassakset, joissa on litte\u00e4t ter\u00e4t. Sopii harrastepuutarhureille ja ammattilaisille. Pensassaksissa on vahva ter\u00e4ksinen ter\u00e4.\",\"breadcrumb\":{\"@id\":\"https:\\\/\\\/rodoaed.ee\\\/fi\\\/toode\\\/pensasleikkurit-tasatera-4590-testivoittaja\\\/#breadcrumb\"},\"inLanguage\":\"fi\",\"potentialAction\":[{\"@type\":\"ReadAction\",\"target\":[\"https:\\\/\\\/rodoaed.ee\\\/fi\\\/toode\\\/pensasleikkurit-tasatera-4590-testivoittaja\\\/\"]}]},{\"@type\":\"ImageObject\",\"inLanguage\":\"fi\",\"@id\":\"https:\\\/\\\/rodoaed.ee\\\/fi\\\/toode\\\/pensasleikkurit-tasatera-4590-testivoittaja\\\/#primaryimage\",\"url\":\"https:\\\/\\\/rodoaed.ee\\\/wp-content\\\/uploads\\\/2019\\\/08\\\/Hekik\u00e4\u00e4rid_4590-1s.jpg\",\"contentUrl\":\"https:\\\/\\\/rodoaed.ee\\\/wp-content\\\/uploads\\\/2019\\\/08\\\/Hekik\u00e4\u00e4rid_4590-1s.jpg\",\"width\":5397,\"height\":4169,\"caption\":\"Pensasleikkurit, joissa on litte\u00e4 ter\u00e4\"},{\"@type\":\"BreadcrumbList\",\"@id\":\"https:\\\/\\\/rodoaed.ee\\\/fi\\\/toode\\\/pensasleikkurit-tasatera-4590-testivoittaja\\\/#breadcrumb\",\"itemListElement\":[{\"@type\":\"ListItem\",\"position\":1,\"name\":\"Home\",\"item\":\"https:\\\/\\\/rodoaed.ee\\\/fi\\\/\"},{\"@type\":\"ListItem\",\"position\":2,\"name\":\"Osta osoitteessa\",\"item\":\"https:\\\/\\\/rodoaed.ee\\\/osta-osoitteessa\\\/\"},{\"@type\":\"ListItem\",\"position\":3,\"name\":\"Pensasleikkurit- Tasater\u00e4 4590- Testivoittaja\"}]},{\"@type\":\"WebSite\",\"@id\":\"https:\\\/\\\/rodoaed.ee\\\/#website\",\"url\":\"https:\\\/\\\/rodoaed.ee\\\/\",\"name\":\"Rodoaed\",\"description\":\"\",\"publisher\":{\"@id\":\"https:\\\/\\\/rodoaed.ee\\\/#organization\"},\"potentialAction\":[{\"@type\":\"SearchAction\",\"target\":{\"@type\":\"EntryPoint\",\"urlTemplate\":\"https:\\\/\\\/rodoaed.ee\\\/?s={search_term_string}\"},\"query-input\":{\"@type\":\"PropertyValueSpecification\",\"valueRequired\":true,\"valueName\":\"search_term_string\"}}],\"inLanguage\":\"fi\"},{\"@type\":\"Organization\",\"@id\":\"https:\\\/\\\/rodoaed.ee\\\/#organization\",\"name\":\"Rodoaed\",\"url\":\"https:\\\/\\\/rodoaed.ee\\\/\",\"logo\":{\"@type\":\"ImageObject\",\"inLanguage\":\"fi\",\"@id\":\"https:\\\/\\\/rodoaed.ee\\\/#\\\/schema\\\/logo\\\/image\\\/\",\"url\":\"https:\\\/\\\/rodoaed.ee\\\/wp-content\\\/uploads\\\/2019\\\/11\\\/rodoaed-logo-ilma-taustata.jpg\",\"contentUrl\":\"https:\\\/\\\/rodoaed.ee\\\/wp-content\\\/uploads\\\/2019\\\/11\\\/rodoaed-logo-ilma-taustata.jpg\",\"width\":769,\"height\":268,\"caption\":\"Rodoaed\"},\"image\":{\"@id\":\"https:\\\/\\\/rodoaed.ee\\\/#\\\/schema\\\/logo\\\/image\\\/\"},\"sameAs\":[\"https:\\\/\\\/www.facebook.com\\\/kasvuhooned\\\/\",\"https:\\\/\\\/rodoaed.ee\"]}]}<\/script>\n<!-- \/ Yoast SEO Premium plugin. -->","yoast_head_json":{"title":"Pensasleikkurit- Tasater\u00e4 4590- Testivoittaja - Rodoaed","description":"Saksalaiset Berger-pensassakset, joissa on litte\u00e4t ter\u00e4t. Sopii harrastepuutarhureille ja ammattilaisille. Pensassaksissa on vahva ter\u00e4ksinen ter\u00e4.","robots":{"index":"index","follow":"follow","max-snippet":"max-snippet:-1","max-image-preview":"max-image-preview:large","max-video-preview":"max-video-preview:-1"},"canonical":"https:\/\/rodoaed.ee\/fi\/toode\/pensasleikkurit-tasatera-4590-testivoittaja\/","og_locale":"fi_FI","og_type":"article","og_title":"Pensasleikkurit- Tasater\u00e4 4590- Testivoittaja","og_description":"Py\u00f6r\u00f6sakset - 4590, jossa on aaltoileva ter\u00e4, jossa on kaksi suurta julienne-uraa. Testin voittajat -\"Self on mies Aaltoilevilla terill\u00e4 varustetut","og_url":"https:\/\/rodoaed.ee\/fi\/toode\/pensasleikkurit-tasatera-4590-testivoittaja\/","og_site_name":"Rodoaed","article_publisher":"https:\/\/www.facebook.com\/kasvuhooned\/","article_modified_time":"2026-04-13T08:09:43+00:00","og_image":[{"width":2560,"height":1978,"url":"https:\/\/rodoaed.ee\/wp-content\/uploads\/2019\/08\/Hekik\u00e4\u00e4rid_4590-1s-scaled.jpg","type":"image\/jpeg"}],"twitter_card":"summary_large_image","twitter_misc":{"Arvioitu lukuaika":"1 minuutti"},"schema":{"@context":"https:\/\/schema.org","@graph":[{"@type":"WebPage","@id":"https:\/\/rodoaed.ee\/fi\/toode\/pensasleikkurit-tasatera-4590-testivoittaja\/","url":"https:\/\/rodoaed.ee\/fi\/toode\/pensasleikkurit-tasatera-4590-testivoittaja\/","name":"Pensasleikkurit- Tasater\u00e4 4590- Testivoittaja - Rodoaed","isPartOf":{"@id":"https:\/\/rodoaed.ee\/#website"},"primaryImageOfPage":{"@id":"https:\/\/rodoaed.ee\/fi\/toode\/pensasleikkurit-tasatera-4590-testivoittaja\/#primaryimage"},"image":{"@id":"https:\/\/rodoaed.ee\/fi\/toode\/pensasleikkurit-tasatera-4590-testivoittaja\/#primaryimage"},"thumbnailUrl":"https:\/\/rodoaed.ee\/wp-content\/uploads\/2019\/08\/Hekik\u00e4\u00e4rid_4590-1s.jpg","datePublished":"2019-08-02T09:56:21+00:00","dateModified":"2026-04-13T08:09:43+00:00","description":"Saksalaiset Berger-pensassakset, joissa on litte\u00e4t ter\u00e4t. Sopii harrastepuutarhureille ja ammattilaisille. Pensassaksissa on vahva ter\u00e4ksinen ter\u00e4.","breadcrumb":{"@id":"https:\/\/rodoaed.ee\/fi\/toode\/pensasleikkurit-tasatera-4590-testivoittaja\/#breadcrumb"},"inLanguage":"fi","potentialAction":[{"@type":"ReadAction","target":["https:\/\/rodoaed.ee\/fi\/toode\/pensasleikkurit-tasatera-4590-testivoittaja\/"]}]},{"@type":"ImageObject","inLanguage":"fi","@id":"https:\/\/rodoaed.ee\/fi\/toode\/pensasleikkurit-tasatera-4590-testivoittaja\/#primaryimage","url":"https:\/\/rodoaed.ee\/wp-content\/uploads\/2019\/08\/Hekik\u00e4\u00e4rid_4590-1s.jpg","contentUrl":"https:\/\/rodoaed.ee\/wp-content\/uploads\/2019\/08\/Hekik\u00e4\u00e4rid_4590-1s.jpg","width":5397,"height":4169,"caption":"Pensasleikkurit, joissa on litte\u00e4 ter\u00e4"},{"@type":"BreadcrumbList","@id":"https:\/\/rodoaed.ee\/fi\/toode\/pensasleikkurit-tasatera-4590-testivoittaja\/#breadcrumb","itemListElement":[{"@type":"ListItem","position":1,"name":"Home","item":"https:\/\/rodoaed.ee\/fi\/"},{"@type":"ListItem","position":2,"name":"Osta osoitteessa","item":"https:\/\/rodoaed.ee\/osta-osoitteessa\/"},{"@type":"ListItem","position":3,"name":"Pensasleikkurit- Tasater\u00e4 4590- Testivoittaja"}]},{"@type":"WebSite","@id":"https:\/\/rodoaed.ee\/#website","url":"https:\/\/rodoaed.ee\/","name":"Rodoaed","description":"","publisher":{"@id":"https:\/\/rodoaed.ee\/#organization"},"potentialAction":[{"@type":"SearchAction","target":{"@type":"EntryPoint","urlTemplate":"https:\/\/rodoaed.ee\/?s={search_term_string}"},"query-input":{"@type":"PropertyValueSpecification","valueRequired":true,"valueName":"search_term_string"}}],"inLanguage":"fi"},{"@type":"Organization","@id":"https:\/\/rodoaed.ee\/#organization","name":"Rodoaed","url":"https:\/\/rodoaed.ee\/","logo":{"@type":"ImageObject","inLanguage":"fi","@id":"https:\/\/rodoaed.ee\/#\/schema\/logo\/image\/","url":"https:\/\/rodoaed.ee\/wp-content\/uploads\/2019\/11\/rodoaed-logo-ilma-taustata.jpg","contentUrl":"https:\/\/rodoaed.ee\/wp-content\/uploads\/2019\/11\/rodoaed-logo-ilma-taustata.jpg","width":769,"height":268,"caption":"Rodoaed"},"image":{"@id":"https:\/\/rodoaed.ee\/#\/schema\/logo\/image\/"},"sameAs":["https:\/\/www.facebook.com\/kasvuhooned\/","https:\/\/rodoaed.ee"]}]}},"_links":{"self":[{"href":"https:\/\/rodoaed.ee\/fi\/wp-json\/wp\/v2\/product\/53664","targetHints":{"allow":["GET"]}}],"collection":[{"href":"https:\/\/rodoaed.ee\/fi\/wp-json\/wp\/v2\/product"}],"about":[{"href":"https:\/\/rodoaed.ee\/fi\/wp-json\/wp\/v2\/types\/product"}],"wp:featuredmedia":[{"embeddable":true,"href":"https:\/\/rodoaed.ee\/fi\/wp-json\/wp\/v2\/media\/27562"}],"wp:attachment":[{"href":"https:\/\/rodoaed.ee\/fi\/wp-json\/wp\/v2\/media?parent=53664"}],"wp:term":[{"taxonomy":"product_brand","embeddable":true,"href":"https:\/\/rodoaed.ee\/fi\/wp-json\/wp\/v2\/product_brand?post=53664"},{"taxonomy":"product_cat","embeddable":true,"href":"https:\/\/rodoaed.ee\/fi\/wp-json\/wp\/v2\/product_cat?post=53664"},{"taxonomy":"product_tag","embeddable":true,"href":"https:\/\/rodoaed.ee\/fi\/wp-json\/wp\/v2\/product_tag?post=53664"}],"curies":[{"name":"wp","href":"https:\/\/api.w.org\/{rel}","templated":true}]}}