{"id":53665,"date":"2019-08-02T12:56:21","date_gmt":"2019-08-02T09:56:21","guid":{"rendered":"https:\/\/rodoaed.ee\/toode\/kobla-royal-dutch\/"},"modified":"2026-04-13T11:09:44","modified_gmt":"2026-04-13T08:09:44","slug":"kobla-royal-dutch","status":"publish","type":"product","link":"https:\/\/rodoaed.ee\/fi\/tuote\/kobla-royal-dutch\/","title":{"rendered":"K\u00f5bla Royal Dutch"},"content":{"rendered":"<h2>Hyvin tasapainotettu ruostumattomasta ter\u00e4ksest\u00e4 valmistettu ter\u00e4 K\u00f5bla Royal Dutch<\/h2>\n<h2>Soveltuu sek\u00e4 harraste- ett\u00e4 ammattipuutarhureille.<\/h2>\n<p>Tuotekoodi: 2252-112252<\/p>\n<p>K\u00f5bla Royal Dutch luotiin yhteisty\u00f6ss\u00e4 kuuluisan englantilaisen ruusunjalostajan John Scarmanin kanssa. Se syntyi tanskalaisten ja englantilaisten puutarhureiden sek\u00e4 hollantilaisten ty\u00f6kaluvalmistajien hedelm\u00e4llisest\u00e4 yhteisty\u00f6st\u00e4. <\/p>\n<p>K\u00f5pla-ter\u00e4n erityinen muoto on testattu ja osoittautunut parhaaksi ratkaisuksi koville ja savisille maille. Tavallisen suorater\u00e4isen haravan ongelmana on, ett\u00e4 haravan ter\u00e4\u00e4 on vaikea painaa maahan, ja kaikki rikkaruohot tarttuvat haravan ter\u00e4\u00e4n ja haittaavat ty\u00f6t\u00e4. T\u00e4m\u00e4n vuoksi harava on puhdistettava ja teroitettava usein, ja silloinkin ter\u00e4 ei leikkaa kaikkia juuria kunnolla.  <\/p>\n<p>T\u00e4m\u00e4n lastan etu- ja takareunat ovat hammastetut, ja ter\u00e4 on hieman kulmassa maahan n\u00e4hden, mik\u00e4 helpottaa lastan painamista maahan. K\u00e4yt\u00f6n aikana selk\u00e4osa siirtyy eteenp\u00e4in, jolloin j\u00e4ljelle j\u00e4\u00e4 p\u00f6rr\u00f6inen kauhottu maa. Sel\u00e4n siirt\u00e4minen eteen est\u00e4\u00e4 my\u00f6s uusien rikkaruohojen kylv\u00e4misen maahan jaloilla.  <\/p>\n<p>Pitk\u00e4, suora kahva est\u00e4\u00e4 kumartumisen ja siit\u00e4 johtuvat selk\u00e4kivut. Kaarevat ter\u00e4t lis\u00e4\u00e4v\u00e4t leikkuupintaa 35 %, mik\u00e4 keskitt\u00e4\u00e4 energian maaper\u00e4\u00e4n ja helpottaa k\u00e4ytt\u00f6\u00e4 erityisesti kovalla maalla. Ter\u00e4v\u00e4t leikkuuk\u00e4rjet helpottavat rikkaruohojen leikkaamista tarkasti muiden kasvien v\u00e4list\u00e4. Ter\u00e4 toimii molempiin suuntiin, eli edestakaista liikett\u00e4 k\u00e4ytt\u00e4en rikkaruohot poistetaan molempiin suuntiin. Varren p\u00e4\u00e4ss\u00e4 on k\u00e4tev\u00e4 kahva &#8211; siit\u00e4 kiinni pit\u00e4m\u00e4ll\u00e4 on mukava k\u00e4ytt\u00e4\u00e4 painetta v\u00e4sytt\u00e4m\u00e4tt\u00e4 k\u00e4tt\u00e4 tai aiheuttamatta vesirakkuloita. Koko kahva ja varsi on valmistettu l\u00e4mpim\u00e4st\u00e4 ja kest\u00e4v\u00e4st\u00e4 tuhkapuusta.     <\/p>\n<p>Kaikkien n\u00e4iden hyvien ominaisuuksien lis\u00e4ksi koko ty\u00f6kalu painaa vain 900 grammaa, mik\u00e4 on huomattavasti kevyempi kuin mik\u00e4\u00e4n muu lastauslasta &#8211; tarkka ja vakava k\u00e4ytt\u00f6 on helpompaa ja v\u00e4hemm\u00e4n v\u00e4sytt\u00e4v\u00e4\u00e4.<\/p>\n<p>Kuninkaallinen hollantilainen walesilainen palkittiin vuonna 2013 RHS Chelsean kukkan\u00e4yttelyn vuoden ty\u00f6kaluna.<\/p>\n<p>&nbsp;<\/p>\n<p><em style=\"font-family: inherit; font-size: inherit; font-variant-caps: inherit;\">Sneeboer &amp; Zn on perinteinen hollantilainen ty\u00f6kaluyritys, joka on valmistanut laadukkaita puutarhaty\u00f6kaluja vuodesta 1913. Sneeboer &amp; Zn valmistaa p\u00e4\u00e4asiassa k\u00e4sin taottuja ruostumattomasta ter\u00e4ksest\u00e4 valmistettuja puutarhaty\u00f6kaluja, joiden k\u00e4ytt\u00f6ik\u00e4 on v\u00e4hint\u00e4\u00e4n yksi sukupolvi. Mutta se, mik\u00e4 tekee heid\u00e4n tuotannostaan hyvin erikoista ja on tehnyt heist\u00e4 maailmankuuluja, on heid\u00e4n sovellusinnovaationsa. T\u00e4m\u00e4 tarkoittaa, ett\u00e4 keksij\u00e4t ymp\u00e4ri maailmaa ovat lis\u00e4nneet omia innovaatioitaan heid\u00e4n tuotevalikoimaansa.    Joskus hyvin innovatiivisia ratkaisuja, joskus melko pieni\u00e4 keksint\u00f6j\u00e4, mutta ne tekev\u00e4t puutarhanhoidosta ja ty\u00f6kalun k\u00e4yt\u00f6st\u00e4 paljon helpompaa.<\/em><\/p>\n<p><em>Voit n\u00e4hd\u00e4 sen itse, kun katsot heid\u00e4n valikoimaansa.<\/em><\/p>\n<p>Hemmottele itse\u00e4si parhaalla. El\u00e4mme vain kerran. <\/p>\n<h2>Tekniset tiedot:<\/h2>\n<ul>\n<li>Ty\u00f6kalun p\u00e4\u00e4n leveys: 12,5 cm<\/li>\n<li>Ty\u00f6kalun p\u00e4\u00e4n pituus: 12 cm<\/li>\n<li>Kahvan pituus: 145 cm<\/li>\n<li>Kokonaispituus: 165 cm<\/li>\n<li>Kahvan materiaali: saarni<\/li>\n<li>Paino: 0,95 kg<\/li>\n<\/ul>\n<div data-fullscreen=\"disabled\" data-mode=\"normal\" data-oembed=\"1\" data-provider=\"youtube\" data-reset-after-played id=\"arve-youtube-vzzzao9jasu\" class=\"arve\">\n<div class=\"arve-inner\">\n<div style=\"aspect-ratio:1140\/641\" class=\"arve-embed arve-embed--has-aspect-ratio\">\n<div class=\"arve-ar\" style=\"padding-top:56.228070%\"><\/div>\n<p>\t\t\t<iframe allow=\"accelerometer &apos;none&apos;;autoplay &apos;none&apos;;bluetooth &apos;none&apos;;browsing-topics &apos;none&apos;;camera &apos;none&apos;;clipboard-read &apos;none&apos;;clipboard-write;display-capture &apos;none&apos;;encrypted-media &apos;none&apos;;gamepad &apos;none&apos;;geolocation &apos;none&apos;;gyroscope &apos;none&apos;;hid &apos;none&apos;;identity-credentials-get &apos;none&apos;;idle-detection &apos;none&apos;;keyboard-map &apos;none&apos;;local-fonts;magnetometer &apos;none&apos;;microphone &apos;none&apos;;midi &apos;none&apos;;otp-credentials &apos;none&apos;;payment &apos;none&apos;;picture-in-picture;publickey-credentials-create &apos;none&apos;;publickey-credentials-get &apos;none&apos;;screen-wake-lock &apos;none&apos;;serial &apos;none&apos;;summarizer &apos;none&apos;;sync-xhr;usb &apos;none&apos;;web-share;window-management &apos;none&apos;;xr-spatial-tracking &apos;none&apos;;\" allowfullscreen=\"\" class=\"arve-iframe fitvidsignore\" credentialless data-arve=\"arve-youtube-vzzzao9jasu\" data-lenis-prevent=\"\" data-src-no-ap=\"https:\/\/www.youtube-nocookie.com\/embed\/vZzzaO9JAsU?feature=oembed&amp;iv_load_policy=3&amp;modestbranding=1&amp;rel=0&amp;autohide=1&amp;playsinline=0&amp;autoplay=0&amp;enablejsapi=1\" frameborder=\"0\" height=\"0\" loading=\"lazy\" name=\"\" referrerpolicy=\"strict-origin-when-cross-origin\" sandbox=\"allow-scripts allow-same-origin allow-presentation allow-popups allow-popups-to-escape-sandbox\" scrolling=\"no\" src=\"https:\/\/www.youtube-nocookie.com\/embed\/vZzzaO9JAsU?feature=oembed&#038;iv_load_policy=3&#038;modestbranding=1&#038;rel=0&#038;autohide=1&#038;playsinline=0&#038;autoplay=0&#038;enablejsapi=1\" title=\"Royal Dutch Hoe\" width=\"0\"><\/iframe><\/p><\/div>\n<\/p><\/div>\n<p>\t<script type=\"application\/ld+json\">{\"@context\":\"http:\\\/\\\/schema.org\\\/\",\"@id\":\"https:\\\/\\\/rodoaed.ee\\\/fi\\\/tuote\\\/kobla-royal-dutch\\\/#arve-youtube-vzzzao9jasu\",\"type\":\"VideoObject\",\"embedURL\":\"https:\\\/\\\/www.youtube-nocookie.com\\\/embed\\\/vZzzaO9JAsU?feature=oembed&iv_load_policy=3&modestbranding=1&rel=0&autohide=1&playsinline=0&autoplay=0&enablejsapi=1\",\"name\":\"Royal Dutch Hoe\",\"thumbnailUrl\":\"https:\\\/\\\/i.ytimg.com\\\/vi\\\/vZzzaO9JAsU\\\/hqdefault.jpg\",\"uploadDate\":\"2026-04-20T20:21:56+03:00\",\"author\":\"John Scarman & Landhaus Ettenb\\u00fchl\",\"description\":\"Hyvin tasapainotettu ruostumattomasta ter\\u00e4ksest\\u00e4 valmistettu ter\\u00e4 K\\u00f5bla Royal Dutch Soveltuu sek\\u00e4 harraste- ett\\u00e4 ammattipuutarhureille. Tuotekoodi: 2252-112252 K\\u00f5bla Royal Dutch luotiin yhteisty\\u00f6ss\\u00e4 kuuluisan englantilaisen ruusunjalostajan John Scarmanin kanssa. Se syntyi tanskalaisten ja englantil\"}<\/script><\/p>\n<\/div>\n","protected":false},"excerpt":{"rendered":"<p>Hyvin tasapainotettu ruostumattomasta ter\u00e4ksest\u00e4 valmistettu ter\u00e4 K\u00f5bla Royal Dutch Soveltuu sek\u00e4 harraste- ett\u00e4 ammattipuutarhureille. Tuotekoodi: 2252-112252 K\u00f5bla Royal Dutch luotiin yhteisty\u00f6ss\u00e4 kuuluisan englantilaisen ruusunjalostajan John Scarmanin kanssa. Se syntyi tanskalaisten ja englantilaisten puutarhureiden sek\u00e4 hollantilaisten ty\u00f6kaluvalmistajien hedelm\u00e4llisest\u00e4 yhteisty\u00f6st\u00e4. K\u00f5pla-ter\u00e4n erityinen muoto on testattu ja osoittautunut parhaaksi ratkaisuksi koville ja savisille maille. Tavallisen suorater\u00e4isen haravan ongelmana on, ett\u00e4 haravan ter\u00e4\u00e4 on vaikea painaa maahan, ja kaikki&#8230;<\/p>\n","protected":false},"featured_media":27642,"template":"","meta":{"_acf_changed":false},"product_brand":[],"product_cat":[1743,2193,1889],"product_tag":[],"class_list":{"0":"post-53665","1":"product","2":"type-product","3":"status-publish","4":"has-post-thumbnail","6":"product_cat-lisalahjat-lahjat","7":"product_cat-nykyt-ja-kokkareet","8":"product_cat-puutarhatyokalut","9":"product_shipping_class-kuljetus-ainoastaan-kuriiripalvelun-valityksella","10":"pa_variatsioon-kobla-royal-dutch","12":"first","13":"onbackorder","14":"taxable","15":"shipping-taxable","16":"purchasable","17":"product-type-simple"},"acf":[],"yoast_head":"<!-- This site is optimized with the Yoast SEO Premium plugin v27.3 (Yoast SEO v27.3) - https:\/\/yoast.com\/product\/yoast-seo-premium-wordpress\/ -->\n<title>K\u00f5bla Royal Dutch -% Puutarhaty\u00f6kalut K\u00f5bla Royal Dutch<\/title>\n<meta name=\"description\" content=\"K\u00f5bla Royal Dutch on tanskalaisten puutarhureiden ja hollantilaisten ty\u00f6kaluvalmistajien yhteisty\u00f6. K\u00f5bla Royal Dutchin erityisen muodon ansiosta sill\u00e4 on helppo ty\u00f6skennell\u00e4 my\u00f6s raskaassa maaper\u00e4ss\u00e4.\" \/>\n<meta name=\"robots\" content=\"index, follow, max-snippet:-1, max-image-preview:large, max-video-preview:-1\" \/>\n<link rel=\"canonical\" href=\"https:\/\/rodoaed.ee\/fi\/toode\/kobla-royal-dutch\/\" \/>\n<meta property=\"og:locale\" content=\"fi_FI\" \/>\n<meta property=\"og:type\" content=\"article\" \/>\n<meta property=\"og:title\" content=\"K\u00f5bla Royal Dutch\" \/>\n<meta property=\"og:description\" content=\"Hyvin tasapainotettu ruostumattomasta ter\u00e4ksest\u00e4 valmistettu ter\u00e4 K\u00f5bla Royal Dutch Soveltuu sek\u00e4 harraste- ett\u00e4 ammattipuutarhureille. Tuotekoodi:\" \/>\n<meta property=\"og:url\" content=\"https:\/\/rodoaed.ee\/fi\/toode\/kobla-royal-dutch\/\" \/>\n<meta property=\"og:site_name\" content=\"Rodoaed\" \/>\n<meta property=\"article:publisher\" content=\"https:\/\/www.facebook.com\/kasvuhooned\/\" \/>\n<meta property=\"article:modified_time\" content=\"2026-04-13T08:09:44+00:00\" \/>\n<meta property=\"og:image\" content=\"https:\/\/rodoaed.ee\/wp-content\/uploads\/2019\/08\/Aiat\u00f6\u00f6riistad_Royal-Dutch-k\u00f5bla_2252-112252_03.jpg\" \/>\n\t<meta property=\"og:image:width\" content=\"2132\" \/>\n\t<meta property=\"og:image:height\" content=\"2132\" \/>\n\t<meta property=\"og:image:type\" content=\"image\/jpeg\" \/>\n<meta name=\"twitter:card\" content=\"summary_large_image\" \/>\n<meta name=\"twitter:label1\" content=\"Arvioitu lukuaika\" \/>\n\t<meta name=\"twitter:data1\" content=\"2 minuuttia\" \/>\n<script type=\"application\/ld+json\" class=\"yoast-schema-graph\">{\"@context\":\"https:\\\/\\\/schema.org\",\"@graph\":[{\"@type\":\"WebPage\",\"@id\":\"https:\\\/\\\/rodoaed.ee\\\/fi\\\/toode\\\/kobla-royal-dutch\\\/\",\"url\":\"https:\\\/\\\/rodoaed.ee\\\/fi\\\/toode\\\/kobla-royal-dutch\\\/\",\"name\":\"K\u00f5bla Royal Dutch -% Puutarhaty\u00f6kalut K\u00f5bla Royal Dutch\",\"isPartOf\":{\"@id\":\"https:\\\/\\\/rodoaed.ee\\\/#website\"},\"primaryImageOfPage\":{\"@id\":\"https:\\\/\\\/rodoaed.ee\\\/fi\\\/toode\\\/kobla-royal-dutch\\\/#primaryimage\"},\"image\":{\"@id\":\"https:\\\/\\\/rodoaed.ee\\\/fi\\\/toode\\\/kobla-royal-dutch\\\/#primaryimage\"},\"thumbnailUrl\":\"https:\\\/\\\/rodoaed.ee\\\/wp-content\\\/uploads\\\/2019\\\/08\\\/Aiat\u00f6\u00f6riistad_Royal-Dutch-k\u00f5bla_2252-112252_03.jpg\",\"datePublished\":\"2019-08-02T09:56:21+00:00\",\"dateModified\":\"2026-04-13T08:09:44+00:00\",\"description\":\"K\u00f5bla Royal Dutch on tanskalaisten puutarhureiden ja hollantilaisten ty\u00f6kaluvalmistajien yhteisty\u00f6. K\u00f5bla Royal Dutchin erityisen muodon ansiosta sill\u00e4 on helppo ty\u00f6skennell\u00e4 my\u00f6s raskaassa maaper\u00e4ss\u00e4.\",\"breadcrumb\":{\"@id\":\"https:\\\/\\\/rodoaed.ee\\\/fi\\\/toode\\\/kobla-royal-dutch\\\/#breadcrumb\"},\"inLanguage\":\"fi\",\"potentialAction\":[{\"@type\":\"ReadAction\",\"target\":[\"https:\\\/\\\/rodoaed.ee\\\/fi\\\/toode\\\/kobla-royal-dutch\\\/\"]}]},{\"@type\":\"ImageObject\",\"inLanguage\":\"fi\",\"@id\":\"https:\\\/\\\/rodoaed.ee\\\/fi\\\/toode\\\/kobla-royal-dutch\\\/#primaryimage\",\"url\":\"https:\\\/\\\/rodoaed.ee\\\/wp-content\\\/uploads\\\/2019\\\/08\\\/Aiat\u00f6\u00f6riistad_Royal-Dutch-k\u00f5bla_2252-112252_03.jpg\",\"contentUrl\":\"https:\\\/\\\/rodoaed.ee\\\/wp-content\\\/uploads\\\/2019\\\/08\\\/Aiat\u00f6\u00f6riistad_Royal-Dutch-k\u00f5bla_2252-112252_03.jpg\",\"width\":2132,\"height\":2132,\"caption\":\"OLYMPUS DIGIKAMERA\"},{\"@type\":\"BreadcrumbList\",\"@id\":\"https:\\\/\\\/rodoaed.ee\\\/fi\\\/toode\\\/kobla-royal-dutch\\\/#breadcrumb\",\"itemListElement\":[{\"@type\":\"ListItem\",\"position\":1,\"name\":\"Home\",\"item\":\"https:\\\/\\\/rodoaed.ee\\\/fi\\\/\"},{\"@type\":\"ListItem\",\"position\":2,\"name\":\"Osta osoitteessa\",\"item\":\"https:\\\/\\\/rodoaed.ee\\\/osta-osoitteessa\\\/\"},{\"@type\":\"ListItem\",\"position\":3,\"name\":\"K\u00f5bla Royal Dutch\"}]},{\"@type\":\"WebSite\",\"@id\":\"https:\\\/\\\/rodoaed.ee\\\/#website\",\"url\":\"https:\\\/\\\/rodoaed.ee\\\/\",\"name\":\"Rodoaed\",\"description\":\"\",\"publisher\":{\"@id\":\"https:\\\/\\\/rodoaed.ee\\\/#organization\"},\"potentialAction\":[{\"@type\":\"SearchAction\",\"target\":{\"@type\":\"EntryPoint\",\"urlTemplate\":\"https:\\\/\\\/rodoaed.ee\\\/?s={search_term_string}\"},\"query-input\":{\"@type\":\"PropertyValueSpecification\",\"valueRequired\":true,\"valueName\":\"search_term_string\"}}],\"inLanguage\":\"fi\"},{\"@type\":\"Organization\",\"@id\":\"https:\\\/\\\/rodoaed.ee\\\/#organization\",\"name\":\"Rodoaed\",\"url\":\"https:\\\/\\\/rodoaed.ee\\\/\",\"logo\":{\"@type\":\"ImageObject\",\"inLanguage\":\"fi\",\"@id\":\"https:\\\/\\\/rodoaed.ee\\\/#\\\/schema\\\/logo\\\/image\\\/\",\"url\":\"https:\\\/\\\/rodoaed.ee\\\/wp-content\\\/uploads\\\/2019\\\/11\\\/rodoaed-logo-ilma-taustata.jpg\",\"contentUrl\":\"https:\\\/\\\/rodoaed.ee\\\/wp-content\\\/uploads\\\/2019\\\/11\\\/rodoaed-logo-ilma-taustata.jpg\",\"width\":769,\"height\":268,\"caption\":\"Rodoaed\"},\"image\":{\"@id\":\"https:\\\/\\\/rodoaed.ee\\\/#\\\/schema\\\/logo\\\/image\\\/\"},\"sameAs\":[\"https:\\\/\\\/www.facebook.com\\\/kasvuhooned\\\/\",\"https:\\\/\\\/rodoaed.ee\"]}]}<\/script>\n<!-- \/ Yoast SEO Premium plugin. -->","yoast_head_json":{"title":"K\u00f5bla Royal Dutch -% Puutarhaty\u00f6kalut K\u00f5bla Royal Dutch","description":"K\u00f5bla Royal Dutch on tanskalaisten puutarhureiden ja hollantilaisten ty\u00f6kaluvalmistajien yhteisty\u00f6. K\u00f5bla Royal Dutchin erityisen muodon ansiosta sill\u00e4 on helppo ty\u00f6skennell\u00e4 my\u00f6s raskaassa maaper\u00e4ss\u00e4.","robots":{"index":"index","follow":"follow","max-snippet":"max-snippet:-1","max-image-preview":"max-image-preview:large","max-video-preview":"max-video-preview:-1"},"canonical":"https:\/\/rodoaed.ee\/fi\/toode\/kobla-royal-dutch\/","og_locale":"fi_FI","og_type":"article","og_title":"K\u00f5bla Royal Dutch","og_description":"Hyvin tasapainotettu ruostumattomasta ter\u00e4ksest\u00e4 valmistettu ter\u00e4 K\u00f5bla Royal Dutch Soveltuu sek\u00e4 harraste- ett\u00e4 ammattipuutarhureille. Tuotekoodi:","og_url":"https:\/\/rodoaed.ee\/fi\/toode\/kobla-royal-dutch\/","og_site_name":"Rodoaed","article_publisher":"https:\/\/www.facebook.com\/kasvuhooned\/","article_modified_time":"2026-04-13T08:09:44+00:00","og_image":[{"width":2132,"height":2132,"url":"https:\/\/rodoaed.ee\/wp-content\/uploads\/2019\/08\/Aiat\u00f6\u00f6riistad_Royal-Dutch-k\u00f5bla_2252-112252_03.jpg","type":"image\/jpeg"}],"twitter_card":"summary_large_image","twitter_misc":{"Arvioitu lukuaika":"2 minuuttia"},"schema":{"@context":"https:\/\/schema.org","@graph":[{"@type":"WebPage","@id":"https:\/\/rodoaed.ee\/fi\/toode\/kobla-royal-dutch\/","url":"https:\/\/rodoaed.ee\/fi\/toode\/kobla-royal-dutch\/","name":"K\u00f5bla Royal Dutch -% Puutarhaty\u00f6kalut K\u00f5bla Royal Dutch","isPartOf":{"@id":"https:\/\/rodoaed.ee\/#website"},"primaryImageOfPage":{"@id":"https:\/\/rodoaed.ee\/fi\/toode\/kobla-royal-dutch\/#primaryimage"},"image":{"@id":"https:\/\/rodoaed.ee\/fi\/toode\/kobla-royal-dutch\/#primaryimage"},"thumbnailUrl":"https:\/\/rodoaed.ee\/wp-content\/uploads\/2019\/08\/Aiat\u00f6\u00f6riistad_Royal-Dutch-k\u00f5bla_2252-112252_03.jpg","datePublished":"2019-08-02T09:56:21+00:00","dateModified":"2026-04-13T08:09:44+00:00","description":"K\u00f5bla Royal Dutch on tanskalaisten puutarhureiden ja hollantilaisten ty\u00f6kaluvalmistajien yhteisty\u00f6. K\u00f5bla Royal Dutchin erityisen muodon ansiosta sill\u00e4 on helppo ty\u00f6skennell\u00e4 my\u00f6s raskaassa maaper\u00e4ss\u00e4.","breadcrumb":{"@id":"https:\/\/rodoaed.ee\/fi\/toode\/kobla-royal-dutch\/#breadcrumb"},"inLanguage":"fi","potentialAction":[{"@type":"ReadAction","target":["https:\/\/rodoaed.ee\/fi\/toode\/kobla-royal-dutch\/"]}]},{"@type":"ImageObject","inLanguage":"fi","@id":"https:\/\/rodoaed.ee\/fi\/toode\/kobla-royal-dutch\/#primaryimage","url":"https:\/\/rodoaed.ee\/wp-content\/uploads\/2019\/08\/Aiat\u00f6\u00f6riistad_Royal-Dutch-k\u00f5bla_2252-112252_03.jpg","contentUrl":"https:\/\/rodoaed.ee\/wp-content\/uploads\/2019\/08\/Aiat\u00f6\u00f6riistad_Royal-Dutch-k\u00f5bla_2252-112252_03.jpg","width":2132,"height":2132,"caption":"OLYMPUS DIGIKAMERA"},{"@type":"BreadcrumbList","@id":"https:\/\/rodoaed.ee\/fi\/toode\/kobla-royal-dutch\/#breadcrumb","itemListElement":[{"@type":"ListItem","position":1,"name":"Home","item":"https:\/\/rodoaed.ee\/fi\/"},{"@type":"ListItem","position":2,"name":"Osta osoitteessa","item":"https:\/\/rodoaed.ee\/osta-osoitteessa\/"},{"@type":"ListItem","position":3,"name":"K\u00f5bla Royal Dutch"}]},{"@type":"WebSite","@id":"https:\/\/rodoaed.ee\/#website","url":"https:\/\/rodoaed.ee\/","name":"Rodoaed","description":"","publisher":{"@id":"https:\/\/rodoaed.ee\/#organization"},"potentialAction":[{"@type":"SearchAction","target":{"@type":"EntryPoint","urlTemplate":"https:\/\/rodoaed.ee\/?s={search_term_string}"},"query-input":{"@type":"PropertyValueSpecification","valueRequired":true,"valueName":"search_term_string"}}],"inLanguage":"fi"},{"@type":"Organization","@id":"https:\/\/rodoaed.ee\/#organization","name":"Rodoaed","url":"https:\/\/rodoaed.ee\/","logo":{"@type":"ImageObject","inLanguage":"fi","@id":"https:\/\/rodoaed.ee\/#\/schema\/logo\/image\/","url":"https:\/\/rodoaed.ee\/wp-content\/uploads\/2019\/11\/rodoaed-logo-ilma-taustata.jpg","contentUrl":"https:\/\/rodoaed.ee\/wp-content\/uploads\/2019\/11\/rodoaed-logo-ilma-taustata.jpg","width":769,"height":268,"caption":"Rodoaed"},"image":{"@id":"https:\/\/rodoaed.ee\/#\/schema\/logo\/image\/"},"sameAs":["https:\/\/www.facebook.com\/kasvuhooned\/","https:\/\/rodoaed.ee"]}]}},"_links":{"self":[{"href":"https:\/\/rodoaed.ee\/fi\/wp-json\/wp\/v2\/product\/53665","targetHints":{"allow":["GET"]}}],"collection":[{"href":"https:\/\/rodoaed.ee\/fi\/wp-json\/wp\/v2\/product"}],"about":[{"href":"https:\/\/rodoaed.ee\/fi\/wp-json\/wp\/v2\/types\/product"}],"wp:featuredmedia":[{"embeddable":true,"href":"https:\/\/rodoaed.ee\/fi\/wp-json\/wp\/v2\/media\/27642"}],"wp:attachment":[{"href":"https:\/\/rodoaed.ee\/fi\/wp-json\/wp\/v2\/media?parent=53665"}],"wp:term":[{"taxonomy":"product_brand","embeddable":true,"href":"https:\/\/rodoaed.ee\/fi\/wp-json\/wp\/v2\/product_brand?post=53665"},{"taxonomy":"product_cat","embeddable":true,"href":"https:\/\/rodoaed.ee\/fi\/wp-json\/wp\/v2\/product_cat?post=53665"},{"taxonomy":"product_tag","embeddable":true,"href":"https:\/\/rodoaed.ee\/fi\/wp-json\/wp\/v2\/product_tag?post=53665"}],"curies":[{"name":"wp","href":"https:\/\/api.w.org\/{rel}","templated":true}]}}