{"id":53666,"date":"2019-08-02T12:56:21","date_gmt":"2019-08-02T09:56:21","guid":{"rendered":"https:\/\/rodoaed.ee\/toode\/kaivurihaka-jossa-on-4-oksaa-ja-saarni-varsi\/"},"modified":"2026-04-13T11:09:52","modified_gmt":"2026-04-13T08:09:52","slug":"kaivurihaka-jossa-on-4-oksaa-ja-saarni-varsi","status":"publish","type":"product","link":"https:\/\/rodoaed.ee\/fi\/tuote\/kaivurihaka-jossa-on-4-oksaa-ja-saarni-varsi\/","title":{"rendered":"Kaivurihaka, jossa on 4 oksaa ja saarni varsi"},"content":{"rendered":"<h2>Eritt\u00e4in ergonominen ruostumattomasta ter\u00e4ksest\u00e4 valmistettu litte\u00e4ter\u00e4inen kaivuharava<\/h2>\n<h2>Soveltuu sek\u00e4 harraste- ett\u00e4 ammattipuutarhureille.<\/h2>\n<p>Tuotekoodi: 5088-210779<\/p>\n<p>T\u00e4m\u00e4 kaivukauha on kaivukauhaa suurempi, ja se on riitt\u00e4v\u00e4n vahva ja kest\u00e4v\u00e4 hyvin suurten alueiden kaivamiseen. T\u00e4m\u00e4n eritt\u00e4in ergonomisen kaivuharavan kokonaispituus on 117 cm ja litte\u00e4ter\u00e4isen haravan leveys 24 cm. T\u00e4ll\u00e4 haravalla voidaan kaivaa vaikeuksitta kaikenlaista maata, my\u00f6s eritt\u00e4in tiivist\u00e4 ja kovaa, kuivunutta maata.  <\/p>\n<p><em style=\"font-family: inherit; font-size: inherit; font-variant-caps: inherit;\">Sneeboer &amp; Zn on perinteinen hollantilainen ty\u00f6kaluyritys, joka on valmistanut laadukkaita puutarhaty\u00f6kaluja vuodesta 1913. Sneeboer &amp; Zn valmistaa p\u00e4\u00e4asiassa k\u00e4sin taottuja ruostumattomasta ter\u00e4ksest\u00e4 valmistettuja puutarhaty\u00f6kaluja, joiden k\u00e4ytt\u00f6ik\u00e4 on v\u00e4hint\u00e4\u00e4n yksi sukupolvi. Mutta se, mik\u00e4 tekee heid\u00e4n tuotannostaan hyvin erikoista ja on tehnyt heist\u00e4 maailmankuuluja, on heid\u00e4n sovellusinnovaationsa. T\u00e4m\u00e4 tarkoittaa, ett\u00e4 keksij\u00e4t ymp\u00e4ri maailmaa ovat lis\u00e4nneet omia innovaatioitaan heid\u00e4n tuotevalikoimaansa.    Joskus hyvin innovatiivisia ratkaisuja, joskus melko pieni\u00e4 keksint\u00f6j\u00e4, mutta ne tekev\u00e4t puutarhanhoidosta ja ty\u00f6kalun k\u00e4yt\u00f6st\u00e4 paljon helpompaa.<\/em><\/p>\n<p><em>Voit n\u00e4hd\u00e4 sen itse, kun katsot heid\u00e4n valikoimaansa.<\/em><\/p>\n<p>Hemmottele itse\u00e4si parhaalla. El\u00e4mme vain kerran. <\/p>\n<h2>Tekniset tiedot:<\/h2>\n<ul>\n<li>Ty\u00f6kalun p\u00e4\u00e4n leveys: 18 cm<\/li>\n<li>Ty\u00f6kalun p\u00e4\u00e4n pituus: 24,5 cm<\/li>\n<li>Kahvan pituus: 90 cm<\/li>\n<li>Kokonaispituus: 117 cm<\/li>\n<li>Haarojen lukum\u00e4\u00e4r\u00e4: 4<\/li>\n<li>Haravan oksien pituus: 23 cm<\/li>\n<li>Oksien v\u00e4li: 4 cm<\/li>\n<li>Kahvan materiaali: saarni<\/li>\n<li>Paino: 2 kg<\/li>\n<\/ul>\n","protected":false},"excerpt":{"rendered":"<p>Eritt\u00e4in ergonominen ruostumattomasta ter\u00e4ksest\u00e4 valmistettu litte\u00e4ter\u00e4inen kaivuharava Soveltuu sek\u00e4 harraste- ett\u00e4 ammattipuutarhureille. Tuotekoodi: 5088-210779 T\u00e4m\u00e4 kaivukauha on kaivukauhaa suurempi, ja se on riitt\u00e4v\u00e4n vahva ja kest\u00e4v\u00e4 hyvin suurten alueiden kaivamiseen. T\u00e4m\u00e4n eritt\u00e4in ergonomisen kaivuharavan kokonaispituus on 117 cm ja litte\u00e4ter\u00e4isen haravan leveys 24 cm. T\u00e4ll\u00e4 haravalla voidaan kaivaa vaikeuksitta kaikenlaista maata, my\u00f6s eritt\u00e4in tiivist\u00e4 ja kovaa, kuivunutta maata. Sneeboer &amp; Zn on perinteinen hollantilainen ty\u00f6kaluyritys,&#8230;<\/p>\n","protected":false},"featured_media":27687,"template":"","meta":{"_acf_changed":false},"product_brand":[],"product_cat":[1836,1743,1889,1922],"product_tag":[],"class_list":{"0":"post-53666","1":"product","2":"type-product","3":"status-publish","4":"has-post-thumbnail","6":"product_cat-lahjat-miehille","7":"product_cat-lisalahjat-lahjat","8":"product_cat-puutarhatyokalut","9":"product_cat-renkaat-ja-lapiot","10":"product_shipping_class-kuljetus-ainoastaan-kuriiripalvelun-valityksella","11":"pa_variatsioon-4-haarainen-nosturikuori-jossa-on-tuhkapuun-varsi","13":"first","14":"onbackorder","15":"taxable","16":"shipping-taxable","17":"purchasable","18":"product-type-simple"},"acf":[],"yoast_head":"<!-- This site is optimized with the Yoast SEO Premium plugin v27.3 (Yoast SEO v27.3) - https:\/\/yoast.com\/product\/yoast-seo-premium-wordpress\/ -->\n<title>Kaivurihaka, jossa on 4 oksaa ja saarni varsi -% Rodoaed kaivoharava<\/title>\n<meta name=\"description\" content=\"Kaivinkuori, jossa on 4 oksaa ja tuhkapuun varsi. Ter\u00e4 ruostumatonta ter\u00e4st\u00e4. Kaivinkone sopii kaikenlaiseen puutarhanhoitoon, sopii mukavasti k\u00e4teen.\" \/>\n<meta name=\"robots\" content=\"index, follow, max-snippet:-1, max-image-preview:large, max-video-preview:-1\" \/>\n<link rel=\"canonical\" href=\"https:\/\/rodoaed.ee\/fi\/toode\/kaivurihaka-jossa-on-4-oksaa-ja-saarni-varsi\/\" \/>\n<meta property=\"og:locale\" content=\"fi_FI\" \/>\n<meta property=\"og:type\" content=\"article\" \/>\n<meta property=\"og:title\" content=\"Kaivurihaka, jossa on 4 oksaa ja saarni varsi\" \/>\n<meta property=\"og:description\" content=\"Eritt\u00e4in ergonominen ruostumattomasta ter\u00e4ksest\u00e4 valmistettu litte\u00e4ter\u00e4inen kaivuharava Soveltuu sek\u00e4 harraste- ett\u00e4 ammattipuutarhureille. Tuotekoodi:\" \/>\n<meta property=\"og:url\" content=\"https:\/\/rodoaed.ee\/fi\/toode\/kaivurihaka-jossa-on-4-oksaa-ja-saarni-varsi\/\" \/>\n<meta property=\"og:site_name\" content=\"Rodoaed\" \/>\n<meta property=\"article:publisher\" content=\"https:\/\/www.facebook.com\/kasvuhooned\/\" \/>\n<meta property=\"article:modified_time\" content=\"2026-04-13T08:09:52+00:00\" \/>\n<meta property=\"og:image\" content=\"https:\/\/rodoaed.ee\/wp-content\/uploads\/2019\/08\/Aiat\u00f6\u00f6riistad_kaevehark_5088-210779_01.jpg\" \/>\n\t<meta property=\"og:image:width\" content=\"3127\" \/>\n\t<meta property=\"og:image:height\" content=\"3127\" \/>\n\t<meta property=\"og:image:type\" content=\"image\/jpeg\" \/>\n<meta name=\"twitter:card\" content=\"summary_large_image\" \/>\n<meta name=\"twitter:label1\" content=\"Arvioitu lukuaika\" \/>\n\t<meta name=\"twitter:data1\" content=\"1 minuutti\" \/>\n<script type=\"application\/ld+json\" class=\"yoast-schema-graph\">{\"@context\":\"https:\\\/\\\/schema.org\",\"@graph\":[{\"@type\":\"WebPage\",\"@id\":\"https:\\\/\\\/rodoaed.ee\\\/fi\\\/toode\\\/kaivurihaka-jossa-on-4-oksaa-ja-saarni-varsi\\\/\",\"url\":\"https:\\\/\\\/rodoaed.ee\\\/fi\\\/toode\\\/kaivurihaka-jossa-on-4-oksaa-ja-saarni-varsi\\\/\",\"name\":\"Kaivurihaka, jossa on 4 oksaa ja saarni varsi -% Rodoaed kaivoharava\",\"isPartOf\":{\"@id\":\"https:\\\/\\\/rodoaed.ee\\\/#website\"},\"primaryImageOfPage\":{\"@id\":\"https:\\\/\\\/rodoaed.ee\\\/fi\\\/toode\\\/kaivurihaka-jossa-on-4-oksaa-ja-saarni-varsi\\\/#primaryimage\"},\"image\":{\"@id\":\"https:\\\/\\\/rodoaed.ee\\\/fi\\\/toode\\\/kaivurihaka-jossa-on-4-oksaa-ja-saarni-varsi\\\/#primaryimage\"},\"thumbnailUrl\":\"https:\\\/\\\/rodoaed.ee\\\/wp-content\\\/uploads\\\/2019\\\/08\\\/Aiat\u00f6\u00f6riistad_kaevehark_5088-210779_01.jpg\",\"datePublished\":\"2019-08-02T09:56:21+00:00\",\"dateModified\":\"2026-04-13T08:09:52+00:00\",\"description\":\"Kaivinkuori, jossa on 4 oksaa ja tuhkapuun varsi. Ter\u00e4 ruostumatonta ter\u00e4st\u00e4. Kaivinkone sopii kaikenlaiseen puutarhanhoitoon, sopii mukavasti k\u00e4teen.\",\"breadcrumb\":{\"@id\":\"https:\\\/\\\/rodoaed.ee\\\/fi\\\/toode\\\/kaivurihaka-jossa-on-4-oksaa-ja-saarni-varsi\\\/#breadcrumb\"},\"inLanguage\":\"fi\",\"potentialAction\":[{\"@type\":\"ReadAction\",\"target\":[\"https:\\\/\\\/rodoaed.ee\\\/fi\\\/toode\\\/kaivurihaka-jossa-on-4-oksaa-ja-saarni-varsi\\\/\"]}]},{\"@type\":\"ImageObject\",\"inLanguage\":\"fi\",\"@id\":\"https:\\\/\\\/rodoaed.ee\\\/fi\\\/toode\\\/kaivurihaka-jossa-on-4-oksaa-ja-saarni-varsi\\\/#primaryimage\",\"url\":\"https:\\\/\\\/rodoaed.ee\\\/wp-content\\\/uploads\\\/2019\\\/08\\\/Aiat\u00f6\u00f6riistad_kaevehark_5088-210779_01.jpg\",\"contentUrl\":\"https:\\\/\\\/rodoaed.ee\\\/wp-content\\\/uploads\\\/2019\\\/08\\\/Aiat\u00f6\u00f6riistad_kaevehark_5088-210779_01.jpg\",\"width\":3127,\"height\":3127,\"caption\":\"OLYMPUS DIGIKAMERA\"},{\"@type\":\"BreadcrumbList\",\"@id\":\"https:\\\/\\\/rodoaed.ee\\\/fi\\\/toode\\\/kaivurihaka-jossa-on-4-oksaa-ja-saarni-varsi\\\/#breadcrumb\",\"itemListElement\":[{\"@type\":\"ListItem\",\"position\":1,\"name\":\"Home\",\"item\":\"https:\\\/\\\/rodoaed.ee\\\/fi\\\/\"},{\"@type\":\"ListItem\",\"position\":2,\"name\":\"Osta osoitteessa\",\"item\":\"https:\\\/\\\/rodoaed.ee\\\/osta-osoitteessa\\\/\"},{\"@type\":\"ListItem\",\"position\":3,\"name\":\"Kaivurihaka, jossa on 4 oksaa ja saarni varsi\"}]},{\"@type\":\"WebSite\",\"@id\":\"https:\\\/\\\/rodoaed.ee\\\/#website\",\"url\":\"https:\\\/\\\/rodoaed.ee\\\/\",\"name\":\"Rodoaed\",\"description\":\"\",\"publisher\":{\"@id\":\"https:\\\/\\\/rodoaed.ee\\\/#organization\"},\"potentialAction\":[{\"@type\":\"SearchAction\",\"target\":{\"@type\":\"EntryPoint\",\"urlTemplate\":\"https:\\\/\\\/rodoaed.ee\\\/?s={search_term_string}\"},\"query-input\":{\"@type\":\"PropertyValueSpecification\",\"valueRequired\":true,\"valueName\":\"search_term_string\"}}],\"inLanguage\":\"fi\"},{\"@type\":\"Organization\",\"@id\":\"https:\\\/\\\/rodoaed.ee\\\/#organization\",\"name\":\"Rodoaed\",\"url\":\"https:\\\/\\\/rodoaed.ee\\\/\",\"logo\":{\"@type\":\"ImageObject\",\"inLanguage\":\"fi\",\"@id\":\"https:\\\/\\\/rodoaed.ee\\\/#\\\/schema\\\/logo\\\/image\\\/\",\"url\":\"https:\\\/\\\/rodoaed.ee\\\/wp-content\\\/uploads\\\/2019\\\/11\\\/rodoaed-logo-ilma-taustata.jpg\",\"contentUrl\":\"https:\\\/\\\/rodoaed.ee\\\/wp-content\\\/uploads\\\/2019\\\/11\\\/rodoaed-logo-ilma-taustata.jpg\",\"width\":769,\"height\":268,\"caption\":\"Rodoaed\"},\"image\":{\"@id\":\"https:\\\/\\\/rodoaed.ee\\\/#\\\/schema\\\/logo\\\/image\\\/\"},\"sameAs\":[\"https:\\\/\\\/www.facebook.com\\\/kasvuhooned\\\/\",\"https:\\\/\\\/rodoaed.ee\"]}]}<\/script>\n<!-- \/ Yoast SEO Premium plugin. -->","yoast_head_json":{"title":"Kaivurihaka, jossa on 4 oksaa ja saarni varsi -% Rodoaed kaivoharava","description":"Kaivinkuori, jossa on 4 oksaa ja tuhkapuun varsi. Ter\u00e4 ruostumatonta ter\u00e4st\u00e4. Kaivinkone sopii kaikenlaiseen puutarhanhoitoon, sopii mukavasti k\u00e4teen.","robots":{"index":"index","follow":"follow","max-snippet":"max-snippet:-1","max-image-preview":"max-image-preview:large","max-video-preview":"max-video-preview:-1"},"canonical":"https:\/\/rodoaed.ee\/fi\/toode\/kaivurihaka-jossa-on-4-oksaa-ja-saarni-varsi\/","og_locale":"fi_FI","og_type":"article","og_title":"Kaivurihaka, jossa on 4 oksaa ja saarni varsi","og_description":"Eritt\u00e4in ergonominen ruostumattomasta ter\u00e4ksest\u00e4 valmistettu litte\u00e4ter\u00e4inen kaivuharava Soveltuu sek\u00e4 harraste- ett\u00e4 ammattipuutarhureille. Tuotekoodi:","og_url":"https:\/\/rodoaed.ee\/fi\/toode\/kaivurihaka-jossa-on-4-oksaa-ja-saarni-varsi\/","og_site_name":"Rodoaed","article_publisher":"https:\/\/www.facebook.com\/kasvuhooned\/","article_modified_time":"2026-04-13T08:09:52+00:00","og_image":[{"width":3127,"height":3127,"url":"https:\/\/rodoaed.ee\/wp-content\/uploads\/2019\/08\/Aiat\u00f6\u00f6riistad_kaevehark_5088-210779_01.jpg","type":"image\/jpeg"}],"twitter_card":"summary_large_image","twitter_misc":{"Arvioitu lukuaika":"1 minuutti"},"schema":{"@context":"https:\/\/schema.org","@graph":[{"@type":"WebPage","@id":"https:\/\/rodoaed.ee\/fi\/toode\/kaivurihaka-jossa-on-4-oksaa-ja-saarni-varsi\/","url":"https:\/\/rodoaed.ee\/fi\/toode\/kaivurihaka-jossa-on-4-oksaa-ja-saarni-varsi\/","name":"Kaivurihaka, jossa on 4 oksaa ja saarni varsi -% Rodoaed kaivoharava","isPartOf":{"@id":"https:\/\/rodoaed.ee\/#website"},"primaryImageOfPage":{"@id":"https:\/\/rodoaed.ee\/fi\/toode\/kaivurihaka-jossa-on-4-oksaa-ja-saarni-varsi\/#primaryimage"},"image":{"@id":"https:\/\/rodoaed.ee\/fi\/toode\/kaivurihaka-jossa-on-4-oksaa-ja-saarni-varsi\/#primaryimage"},"thumbnailUrl":"https:\/\/rodoaed.ee\/wp-content\/uploads\/2019\/08\/Aiat\u00f6\u00f6riistad_kaevehark_5088-210779_01.jpg","datePublished":"2019-08-02T09:56:21+00:00","dateModified":"2026-04-13T08:09:52+00:00","description":"Kaivinkuori, jossa on 4 oksaa ja tuhkapuun varsi. Ter\u00e4 ruostumatonta ter\u00e4st\u00e4. Kaivinkone sopii kaikenlaiseen puutarhanhoitoon, sopii mukavasti k\u00e4teen.","breadcrumb":{"@id":"https:\/\/rodoaed.ee\/fi\/toode\/kaivurihaka-jossa-on-4-oksaa-ja-saarni-varsi\/#breadcrumb"},"inLanguage":"fi","potentialAction":[{"@type":"ReadAction","target":["https:\/\/rodoaed.ee\/fi\/toode\/kaivurihaka-jossa-on-4-oksaa-ja-saarni-varsi\/"]}]},{"@type":"ImageObject","inLanguage":"fi","@id":"https:\/\/rodoaed.ee\/fi\/toode\/kaivurihaka-jossa-on-4-oksaa-ja-saarni-varsi\/#primaryimage","url":"https:\/\/rodoaed.ee\/wp-content\/uploads\/2019\/08\/Aiat\u00f6\u00f6riistad_kaevehark_5088-210779_01.jpg","contentUrl":"https:\/\/rodoaed.ee\/wp-content\/uploads\/2019\/08\/Aiat\u00f6\u00f6riistad_kaevehark_5088-210779_01.jpg","width":3127,"height":3127,"caption":"OLYMPUS DIGIKAMERA"},{"@type":"BreadcrumbList","@id":"https:\/\/rodoaed.ee\/fi\/toode\/kaivurihaka-jossa-on-4-oksaa-ja-saarni-varsi\/#breadcrumb","itemListElement":[{"@type":"ListItem","position":1,"name":"Home","item":"https:\/\/rodoaed.ee\/fi\/"},{"@type":"ListItem","position":2,"name":"Osta osoitteessa","item":"https:\/\/rodoaed.ee\/osta-osoitteessa\/"},{"@type":"ListItem","position":3,"name":"Kaivurihaka, jossa on 4 oksaa ja saarni varsi"}]},{"@type":"WebSite","@id":"https:\/\/rodoaed.ee\/#website","url":"https:\/\/rodoaed.ee\/","name":"Rodoaed","description":"","publisher":{"@id":"https:\/\/rodoaed.ee\/#organization"},"potentialAction":[{"@type":"SearchAction","target":{"@type":"EntryPoint","urlTemplate":"https:\/\/rodoaed.ee\/?s={search_term_string}"},"query-input":{"@type":"PropertyValueSpecification","valueRequired":true,"valueName":"search_term_string"}}],"inLanguage":"fi"},{"@type":"Organization","@id":"https:\/\/rodoaed.ee\/#organization","name":"Rodoaed","url":"https:\/\/rodoaed.ee\/","logo":{"@type":"ImageObject","inLanguage":"fi","@id":"https:\/\/rodoaed.ee\/#\/schema\/logo\/image\/","url":"https:\/\/rodoaed.ee\/wp-content\/uploads\/2019\/11\/rodoaed-logo-ilma-taustata.jpg","contentUrl":"https:\/\/rodoaed.ee\/wp-content\/uploads\/2019\/11\/rodoaed-logo-ilma-taustata.jpg","width":769,"height":268,"caption":"Rodoaed"},"image":{"@id":"https:\/\/rodoaed.ee\/#\/schema\/logo\/image\/"},"sameAs":["https:\/\/www.facebook.com\/kasvuhooned\/","https:\/\/rodoaed.ee"]}]}},"_links":{"self":[{"href":"https:\/\/rodoaed.ee\/fi\/wp-json\/wp\/v2\/product\/53666","targetHints":{"allow":["GET"]}}],"collection":[{"href":"https:\/\/rodoaed.ee\/fi\/wp-json\/wp\/v2\/product"}],"about":[{"href":"https:\/\/rodoaed.ee\/fi\/wp-json\/wp\/v2\/types\/product"}],"wp:featuredmedia":[{"embeddable":true,"href":"https:\/\/rodoaed.ee\/fi\/wp-json\/wp\/v2\/media\/27687"}],"wp:attachment":[{"href":"https:\/\/rodoaed.ee\/fi\/wp-json\/wp\/v2\/media?parent=53666"}],"wp:term":[{"taxonomy":"product_brand","embeddable":true,"href":"https:\/\/rodoaed.ee\/fi\/wp-json\/wp\/v2\/product_brand?post=53666"},{"taxonomy":"product_cat","embeddable":true,"href":"https:\/\/rodoaed.ee\/fi\/wp-json\/wp\/v2\/product_cat?post=53666"},{"taxonomy":"product_tag","embeddable":true,"href":"https:\/\/rodoaed.ee\/fi\/wp-json\/wp\/v2\/product_tag?post=53666"}],"curies":[{"name":"wp","href":"https:\/\/api.w.org\/{rel}","templated":true}]}}