{"id":53667,"date":"2019-08-02T12:56:40","date_gmt":"2019-08-02T09:56:40","guid":{"rendered":"https:\/\/rodoaed.ee\/toode\/ilmansuodattimen-vaihtosarja-3kpl-ruoankuivaajille\/"},"modified":"2026-04-13T11:09:52","modified_gmt":"2026-04-13T08:09:52","slug":"ilmansuodattimen-vaihtosarja-3kpl-ruoankuivaajille","status":"publish","type":"product","link":"https:\/\/rodoaed.ee\/fi\/tuote\/ilmansuodattimen-vaihtosarja-3kpl-ruoankuivaajille\/","title":{"rendered":"Ilmansuodattimen vaihtosarja 3kpl ruoankuivaajille"},"content":{"rendered":"<h2>Ilmansuodatin suodattaa elintarvikekuivuriin tulevan ilman, mik\u00e4 takaa kuivattaville elintarvikkeille mahdollisimman hygieeniset olosuhteet.<\/h2>\n<p>3 vaihdettavaa biologista ilmansuodatinta sis\u00e4ltyy sarjaan.<\/p>\n<p>Suodatin koostuu luonnollisista biologisista materiaaleista valmistetusta suodattimesta ja ruostumattomasta ter\u00e4ksest\u00e4 valmistetusta suodatinkehyksest\u00e4. Sopii kaikkiin TRE Spade Atacama -ruokakuivaimiin. <\/p>\n<p><a href=\"https:\/\/rodoaed.ee\/fi\/\">kotisivu<\/a> <a href=\"https:\/\/rodoaed.ee\/fi\/tootekategooria\/keittiolaitteet\/\">k\u00e4ynnist\u00e4<\/a> <a href=\"https:\/\/rodoaed.ee\/fi\/tootekategooria\/keittiolaitteet\/elintarvikkeiden-kuivausrummut\/\">elintarvikekuivurit<\/a><\/p>\n<p>&nbsp;<\/p>\n","protected":false},"excerpt":{"rendered":"<p>Ilmansuodatin suodattaa elintarvikekuivuriin tulevan ilman, mik\u00e4 takaa kuivattaville elintarvikkeille mahdollisimman hygieeniset olosuhteet. 3 vaihdettavaa biologista ilmansuodatinta sis\u00e4ltyy sarjaan. Suodatin koostuu luonnollisista biologisista materiaaleista valmistetusta suodattimesta ja ruostumattomasta ter\u00e4ksest\u00e4 valmistetusta suodatinkehyksest\u00e4. Sopii kaikkiin TRE Spade Atacama -ruokakuivaimiin. kotisivu k\u00e4ynnist\u00e4 elintarvikekuivurit &nbsp;<\/p>\n","protected":false},"featured_media":17235,"template":"","meta":{"_acf_changed":false},"product_brand":[],"product_cat":[1770],"product_tag":[],"class_list":{"0":"post-53667","1":"product","2":"type-product","3":"status-publish","4":"has-post-thumbnail","6":"product_cat-elintarvikkeiden-kuivausrummut","7":"product_shipping_class-toimitus-1-3-tyopaivan-kuluessa","8":"pa_variatsioon-uutuus-ilmansuodattimen-vaihtosarja-3kpl-ruoankuivaimiin-uutuus","10":"first","11":"instock","12":"sale","13":"taxable","14":"shipping-taxable","15":"purchasable","16":"product-type-simple"},"acf":[],"yoast_head":"<!-- This site is optimized with the Yoast SEO Premium plugin v27.3 (Yoast SEO v27.3) - https:\/\/yoast.com\/product\/yoast-seo-premium-wordpress\/ -->\n<title>Ilmansuodattimen vaihtosarja 3kpl ruoankuivaajille - Rodoaed<\/title>\n<meta name=\"description\" content=\"Ilmansuodatin suodattaa elintarvikekuivuriin tulevan ilman, mik\u00e4 takaa kuivattaville elintarvikkeille mahdollisimman hygieeniset olosuhteet.\" \/>\n<meta name=\"robots\" content=\"index, follow, max-snippet:-1, max-image-preview:large, max-video-preview:-1\" \/>\n<link rel=\"canonical\" href=\"https:\/\/rodoaed.ee\/fi\/toode\/ilmansuodattimen-vaihtosarja-3kpl-ruoankuivaajille\/\" \/>\n<meta property=\"og:locale\" content=\"fi_FI\" \/>\n<meta property=\"og:type\" content=\"article\" \/>\n<meta property=\"og:title\" content=\"Ilmansuodattimen vaihtosarja 3kpl ruoankuivaajille\" \/>\n<meta property=\"og:description\" content=\"Ilmansuodatin suodattaa elintarvikekuivuriin tulevan ilman, mik\u00e4 takaa kuivattaville elintarvikkeille mahdollisimman hygieeniset olosuhteet. 3\" \/>\n<meta property=\"og:url\" content=\"https:\/\/rodoaed.ee\/fi\/toode\/ilmansuodattimen-vaihtosarja-3kpl-ruoankuivaajille\/\" \/>\n<meta property=\"og:site_name\" content=\"Rodoaed\" \/>\n<meta property=\"article:publisher\" content=\"https:\/\/www.facebook.com\/kasvuhooned\/\" \/>\n<meta property=\"article:modified_time\" content=\"2026-04-13T08:09:52+00:00\" \/>\n<meta property=\"og:image\" content=\"https:\/\/rodoaed.ee\/wp-content\/uploads\/2019\/07\/toidukuivati-\u00f5hu-filter_3kompl.jpg\" \/>\n\t<meta property=\"og:image:width\" content=\"1140\" \/>\n\t<meta property=\"og:image:height\" content=\"761\" \/>\n\t<meta property=\"og:image:type\" content=\"image\/jpeg\" \/>\n<meta name=\"twitter:card\" content=\"summary_large_image\" \/>\n<script type=\"application\/ld+json\" class=\"yoast-schema-graph\">{\"@context\":\"https:\\\/\\\/schema.org\",\"@graph\":[{\"@type\":\"WebPage\",\"@id\":\"https:\\\/\\\/rodoaed.ee\\\/fi\\\/toode\\\/ilmansuodattimen-vaihtosarja-3kpl-ruoankuivaajille\\\/\",\"url\":\"https:\\\/\\\/rodoaed.ee\\\/fi\\\/toode\\\/ilmansuodattimen-vaihtosarja-3kpl-ruoankuivaajille\\\/\",\"name\":\"Ilmansuodattimen vaihtosarja 3kpl ruoankuivaajille - Rodoaed\",\"isPartOf\":{\"@id\":\"https:\\\/\\\/rodoaed.ee\\\/#website\"},\"primaryImageOfPage\":{\"@id\":\"https:\\\/\\\/rodoaed.ee\\\/fi\\\/toode\\\/ilmansuodattimen-vaihtosarja-3kpl-ruoankuivaajille\\\/#primaryimage\"},\"image\":{\"@id\":\"https:\\\/\\\/rodoaed.ee\\\/fi\\\/toode\\\/ilmansuodattimen-vaihtosarja-3kpl-ruoankuivaajille\\\/#primaryimage\"},\"thumbnailUrl\":\"https:\\\/\\\/rodoaed.ee\\\/wp-content\\\/uploads\\\/2019\\\/07\\\/toidukuivati-\u00f5hu-filter_3kompl.jpg\",\"datePublished\":\"2019-08-02T09:56:40+00:00\",\"dateModified\":\"2026-04-13T08:09:52+00:00\",\"description\":\"Ilmansuodatin suodattaa elintarvikekuivuriin tulevan ilman, mik\u00e4 takaa kuivattaville elintarvikkeille mahdollisimman hygieeniset olosuhteet.\",\"breadcrumb\":{\"@id\":\"https:\\\/\\\/rodoaed.ee\\\/fi\\\/toode\\\/ilmansuodattimen-vaihtosarja-3kpl-ruoankuivaajille\\\/#breadcrumb\"},\"inLanguage\":\"fi\",\"potentialAction\":[{\"@type\":\"ReadAction\",\"target\":[\"https:\\\/\\\/rodoaed.ee\\\/fi\\\/toode\\\/ilmansuodattimen-vaihtosarja-3kpl-ruoankuivaajille\\\/\"]}]},{\"@type\":\"ImageObject\",\"inLanguage\":\"fi\",\"@id\":\"https:\\\/\\\/rodoaed.ee\\\/fi\\\/toode\\\/ilmansuodattimen-vaihtosarja-3kpl-ruoankuivaajille\\\/#primaryimage\",\"url\":\"https:\\\/\\\/rodoaed.ee\\\/wp-content\\\/uploads\\\/2019\\\/07\\\/toidukuivati-\u00f5hu-filter_3kompl.jpg\",\"contentUrl\":\"https:\\\/\\\/rodoaed.ee\\\/wp-content\\\/uploads\\\/2019\\\/07\\\/toidukuivati-\u00f5hu-filter_3kompl.jpg\",\"width\":7360,\"height\":4912},{\"@type\":\"BreadcrumbList\",\"@id\":\"https:\\\/\\\/rodoaed.ee\\\/fi\\\/toode\\\/ilmansuodattimen-vaihtosarja-3kpl-ruoankuivaajille\\\/#breadcrumb\",\"itemListElement\":[{\"@type\":\"ListItem\",\"position\":1,\"name\":\"Home\",\"item\":\"https:\\\/\\\/rodoaed.ee\\\/fi\\\/\"},{\"@type\":\"ListItem\",\"position\":2,\"name\":\"Osta osoitteessa\",\"item\":\"https:\\\/\\\/rodoaed.ee\\\/osta-osoitteessa\\\/\"},{\"@type\":\"ListItem\",\"position\":3,\"name\":\"Ilmansuodattimen vaihtosarja 3kpl ruoankuivaajille\"}]},{\"@type\":\"WebSite\",\"@id\":\"https:\\\/\\\/rodoaed.ee\\\/#website\",\"url\":\"https:\\\/\\\/rodoaed.ee\\\/\",\"name\":\"Rodoaed\",\"description\":\"\",\"publisher\":{\"@id\":\"https:\\\/\\\/rodoaed.ee\\\/#organization\"},\"potentialAction\":[{\"@type\":\"SearchAction\",\"target\":{\"@type\":\"EntryPoint\",\"urlTemplate\":\"https:\\\/\\\/rodoaed.ee\\\/?s={search_term_string}\"},\"query-input\":{\"@type\":\"PropertyValueSpecification\",\"valueRequired\":true,\"valueName\":\"search_term_string\"}}],\"inLanguage\":\"fi\"},{\"@type\":\"Organization\",\"@id\":\"https:\\\/\\\/rodoaed.ee\\\/#organization\",\"name\":\"Rodoaed\",\"url\":\"https:\\\/\\\/rodoaed.ee\\\/\",\"logo\":{\"@type\":\"ImageObject\",\"inLanguage\":\"fi\",\"@id\":\"https:\\\/\\\/rodoaed.ee\\\/#\\\/schema\\\/logo\\\/image\\\/\",\"url\":\"https:\\\/\\\/rodoaed.ee\\\/wp-content\\\/uploads\\\/2019\\\/11\\\/rodoaed-logo-ilma-taustata.jpg\",\"contentUrl\":\"https:\\\/\\\/rodoaed.ee\\\/wp-content\\\/uploads\\\/2019\\\/11\\\/rodoaed-logo-ilma-taustata.jpg\",\"width\":769,\"height\":268,\"caption\":\"Rodoaed\"},\"image\":{\"@id\":\"https:\\\/\\\/rodoaed.ee\\\/#\\\/schema\\\/logo\\\/image\\\/\"},\"sameAs\":[\"https:\\\/\\\/www.facebook.com\\\/kasvuhooned\\\/\",\"https:\\\/\\\/rodoaed.ee\"]}]}<\/script>\n<!-- \/ Yoast SEO Premium plugin. -->","yoast_head_json":{"title":"Ilmansuodattimen vaihtosarja 3kpl ruoankuivaajille - Rodoaed","description":"Ilmansuodatin suodattaa elintarvikekuivuriin tulevan ilman, mik\u00e4 takaa kuivattaville elintarvikkeille mahdollisimman hygieeniset olosuhteet.","robots":{"index":"index","follow":"follow","max-snippet":"max-snippet:-1","max-image-preview":"max-image-preview:large","max-video-preview":"max-video-preview:-1"},"canonical":"https:\/\/rodoaed.ee\/fi\/toode\/ilmansuodattimen-vaihtosarja-3kpl-ruoankuivaajille\/","og_locale":"fi_FI","og_type":"article","og_title":"Ilmansuodattimen vaihtosarja 3kpl ruoankuivaajille","og_description":"Ilmansuodatin suodattaa elintarvikekuivuriin tulevan ilman, mik\u00e4 takaa kuivattaville elintarvikkeille mahdollisimman hygieeniset olosuhteet. 3","og_url":"https:\/\/rodoaed.ee\/fi\/toode\/ilmansuodattimen-vaihtosarja-3kpl-ruoankuivaajille\/","og_site_name":"Rodoaed","article_publisher":"https:\/\/www.facebook.com\/kasvuhooned\/","article_modified_time":"2026-04-13T08:09:52+00:00","og_image":[{"url":"https:\/\/rodoaed.ee\/wp-content\/uploads\/2019\/07\/toidukuivati-\u00f5hu-filter_3kompl.jpg","width":1140,"height":761,"type":"image\/jpeg"}],"twitter_card":"summary_large_image","schema":{"@context":"https:\/\/schema.org","@graph":[{"@type":"WebPage","@id":"https:\/\/rodoaed.ee\/fi\/toode\/ilmansuodattimen-vaihtosarja-3kpl-ruoankuivaajille\/","url":"https:\/\/rodoaed.ee\/fi\/toode\/ilmansuodattimen-vaihtosarja-3kpl-ruoankuivaajille\/","name":"Ilmansuodattimen vaihtosarja 3kpl ruoankuivaajille - Rodoaed","isPartOf":{"@id":"https:\/\/rodoaed.ee\/#website"},"primaryImageOfPage":{"@id":"https:\/\/rodoaed.ee\/fi\/toode\/ilmansuodattimen-vaihtosarja-3kpl-ruoankuivaajille\/#primaryimage"},"image":{"@id":"https:\/\/rodoaed.ee\/fi\/toode\/ilmansuodattimen-vaihtosarja-3kpl-ruoankuivaajille\/#primaryimage"},"thumbnailUrl":"https:\/\/rodoaed.ee\/wp-content\/uploads\/2019\/07\/toidukuivati-\u00f5hu-filter_3kompl.jpg","datePublished":"2019-08-02T09:56:40+00:00","dateModified":"2026-04-13T08:09:52+00:00","description":"Ilmansuodatin suodattaa elintarvikekuivuriin tulevan ilman, mik\u00e4 takaa kuivattaville elintarvikkeille mahdollisimman hygieeniset olosuhteet.","breadcrumb":{"@id":"https:\/\/rodoaed.ee\/fi\/toode\/ilmansuodattimen-vaihtosarja-3kpl-ruoankuivaajille\/#breadcrumb"},"inLanguage":"fi","potentialAction":[{"@type":"ReadAction","target":["https:\/\/rodoaed.ee\/fi\/toode\/ilmansuodattimen-vaihtosarja-3kpl-ruoankuivaajille\/"]}]},{"@type":"ImageObject","inLanguage":"fi","@id":"https:\/\/rodoaed.ee\/fi\/toode\/ilmansuodattimen-vaihtosarja-3kpl-ruoankuivaajille\/#primaryimage","url":"https:\/\/rodoaed.ee\/wp-content\/uploads\/2019\/07\/toidukuivati-\u00f5hu-filter_3kompl.jpg","contentUrl":"https:\/\/rodoaed.ee\/wp-content\/uploads\/2019\/07\/toidukuivati-\u00f5hu-filter_3kompl.jpg","width":7360,"height":4912},{"@type":"BreadcrumbList","@id":"https:\/\/rodoaed.ee\/fi\/toode\/ilmansuodattimen-vaihtosarja-3kpl-ruoankuivaajille\/#breadcrumb","itemListElement":[{"@type":"ListItem","position":1,"name":"Home","item":"https:\/\/rodoaed.ee\/fi\/"},{"@type":"ListItem","position":2,"name":"Osta osoitteessa","item":"https:\/\/rodoaed.ee\/osta-osoitteessa\/"},{"@type":"ListItem","position":3,"name":"Ilmansuodattimen vaihtosarja 3kpl ruoankuivaajille"}]},{"@type":"WebSite","@id":"https:\/\/rodoaed.ee\/#website","url":"https:\/\/rodoaed.ee\/","name":"Rodoaed","description":"","publisher":{"@id":"https:\/\/rodoaed.ee\/#organization"},"potentialAction":[{"@type":"SearchAction","target":{"@type":"EntryPoint","urlTemplate":"https:\/\/rodoaed.ee\/?s={search_term_string}"},"query-input":{"@type":"PropertyValueSpecification","valueRequired":true,"valueName":"search_term_string"}}],"inLanguage":"fi"},{"@type":"Organization","@id":"https:\/\/rodoaed.ee\/#organization","name":"Rodoaed","url":"https:\/\/rodoaed.ee\/","logo":{"@type":"ImageObject","inLanguage":"fi","@id":"https:\/\/rodoaed.ee\/#\/schema\/logo\/image\/","url":"https:\/\/rodoaed.ee\/wp-content\/uploads\/2019\/11\/rodoaed-logo-ilma-taustata.jpg","contentUrl":"https:\/\/rodoaed.ee\/wp-content\/uploads\/2019\/11\/rodoaed-logo-ilma-taustata.jpg","width":769,"height":268,"caption":"Rodoaed"},"image":{"@id":"https:\/\/rodoaed.ee\/#\/schema\/logo\/image\/"},"sameAs":["https:\/\/www.facebook.com\/kasvuhooned\/","https:\/\/rodoaed.ee"]}]}},"_links":{"self":[{"href":"https:\/\/rodoaed.ee\/fi\/wp-json\/wp\/v2\/product\/53667","targetHints":{"allow":["GET"]}}],"collection":[{"href":"https:\/\/rodoaed.ee\/fi\/wp-json\/wp\/v2\/product"}],"about":[{"href":"https:\/\/rodoaed.ee\/fi\/wp-json\/wp\/v2\/types\/product"}],"wp:featuredmedia":[{"embeddable":true,"href":"https:\/\/rodoaed.ee\/fi\/wp-json\/wp\/v2\/media\/17235"}],"wp:attachment":[{"href":"https:\/\/rodoaed.ee\/fi\/wp-json\/wp\/v2\/media?parent=53667"}],"wp:term":[{"taxonomy":"product_brand","embeddable":true,"href":"https:\/\/rodoaed.ee\/fi\/wp-json\/wp\/v2\/product_brand?post=53667"},{"taxonomy":"product_cat","embeddable":true,"href":"https:\/\/rodoaed.ee\/fi\/wp-json\/wp\/v2\/product_cat?post=53667"},{"taxonomy":"product_tag","embeddable":true,"href":"https:\/\/rodoaed.ee\/fi\/wp-json\/wp\/v2\/product_tag?post=53667"}],"curies":[{"name":"wp","href":"https:\/\/api.w.org\/{rel}","templated":true}]}}