{"id":53668,"date":"2019-08-02T12:56:40","date_gmt":"2019-08-02T09:56:40","guid":{"rendered":"https:\/\/rodoaed.ee\/toode\/rapukynsi-10cm-kuunsirppi-kuun-puolikuu\/"},"modified":"2026-04-13T11:09:52","modified_gmt":"2026-04-13T08:09:52","slug":"rapukynsi-10cm-kuunsirppi-kuun-puolikuu","status":"publish","type":"product","link":"https:\/\/rodoaed.ee\/fi\/tuote\/rapukynsi-10cm-kuunsirppi-kuun-puolikuu\/","title":{"rendered":"Rapukynsi 10cm kuunsirppi kuun puolikuu"},"content":{"rendered":"<h2>K\u00e4siveitsi, jossa on 10 cm pitk\u00e4 puolikuun muotoinen ruostumattomasta ter\u00e4ksest\u00e4 valmistettu ter\u00e4.<\/h2>\n<h2>Soveltuu sek\u00e4 harraste- ett\u00e4 ammattipuutarhureille.<\/h2>\n<p>Tuotekoodi: 9013-140250<\/p>\n<p>T\u00e4m\u00e4 Sneeboerin k\u00e4siveitsi, jossa on 10 cm pitk\u00e4 puolikuun muotoinen ter\u00e4, tunnetaan ammattilaisten keskuudessa my\u00f6s nimell\u00e4 &#8221;sipuliveitsi&#8221;. Se on kooltaan melko pieni, mutta se on suunniteltu kest\u00e4m\u00e4\u00e4n eritt\u00e4in voimakasta painetta rikkaruohojen juurien leikkaamiseksi maan alta. Sopii pienille alueille tai tihe\u00e4\u00e4n kasvaneiden kukkapenkkien sek\u00e4 vihannes- ja kasvimaiden muokkaukseen ja kitkemiseen. Se on my\u00f6s erinomainen maanmuokkaukseen. Kahva on valmistettu l\u00e4mpim\u00e4st\u00e4 ja vahvasta saarnipuusta.    <\/p>\n<p><em style=\"font-family: inherit; font-size: inherit; font-variant-caps: inherit;\">Sneeboer &amp; Zn on perinteinen hollantilainen ty\u00f6kaluyritys, joka on valmistanut laadukkaita puutarhaty\u00f6kaluja vuodesta 1913. Sneeboer &amp; Zn valmistaa p\u00e4\u00e4asiassa k\u00e4sin taottuja ruostumattomasta ter\u00e4ksest\u00e4 valmistettuja puutarhaty\u00f6kaluja, joiden k\u00e4ytt\u00f6ik\u00e4 on v\u00e4hint\u00e4\u00e4n yksi sukupolvi. Mutta se, mik\u00e4 tekee heid\u00e4n tuotannostaan hyvin erikoista ja on tehnyt heist\u00e4 maailmankuuluja, on heid\u00e4n sovellusinnovaationsa. T\u00e4m\u00e4 tarkoittaa, ett\u00e4 keksij\u00e4t ymp\u00e4ri maailmaa ovat lis\u00e4nneet omia innovaatioitaan heid\u00e4n tuotevalikoimaansa.    Joskus hyvin innovatiivisia ratkaisuja, joskus melko pieni\u00e4 keksint\u00f6j\u00e4, mutta ne tekev\u00e4t puutarhanhoidosta ja ty\u00f6kalun k\u00e4yt\u00f6st\u00e4 paljon helpompaa.<\/em><\/p>\n<p><em>Voit n\u00e4hd\u00e4 sen itse, kun katsot heid\u00e4n valikoimaansa.<\/em><\/p>\n<p>Hemmottele itse\u00e4si parhaalla. El\u00e4mme vain kerran. <\/p>\n<h2>Tekniset tiedot:<\/h2>\n<ul>\n<li>Ty\u00f6kalun p\u00e4\u00e4n leveys: 10 cm<\/li>\n<li>Ty\u00f6kalun p\u00e4\u00e4n pituus: 4 cm<\/li>\n<li>Kahvan pituus: 14 cm<\/li>\n<li>Kokonaispituus: 33 cm<\/li>\n<li>Kahvan materiaali: saarni<\/li>\n<li>Paino: 250 g<\/li>\n<\/ul>\n<p>&nbsp;<\/p>\n","protected":false},"excerpt":{"rendered":"<p>K\u00e4siveitsi, jossa on 10 cm pitk\u00e4 puolikuun muotoinen ruostumattomasta ter\u00e4ksest\u00e4 valmistettu ter\u00e4. Soveltuu sek\u00e4 harraste- ett\u00e4 ammattipuutarhureille. Tuotekoodi: 9013-140250 T\u00e4m\u00e4 Sneeboerin k\u00e4siveitsi, jossa on 10 cm pitk\u00e4 puolikuun muotoinen ter\u00e4, tunnetaan ammattilaisten keskuudessa my\u00f6s nimell\u00e4 &#8221;sipuliveitsi&#8221;. Se on kooltaan melko pieni, mutta se on suunniteltu kest\u00e4m\u00e4\u00e4n eritt\u00e4in voimakasta painetta rikkaruohojen juurien leikkaamiseksi maan alta. Sopii pienille alueille tai tihe\u00e4\u00e4n kasvaneiden kukkapenkkien sek\u00e4 vihannes- ja kasvimaiden&#8230;<\/p>\n","protected":false},"featured_media":27581,"template":"","meta":{"_acf_changed":false},"product_brand":[],"product_cat":[1772,1743,2193,1889],"product_tag":[],"class_list":{"0":"post-53668","1":"product","2":"type-product","3":"status-publish","4":"has-post-thumbnail","6":"product_cat-lahjat-puutarhurille","7":"product_cat-lisalahjat-lahjat","8":"product_cat-nykyt-ja-kokkareet","9":"product_cat-puutarhatyokalut","10":"product_shipping_class-toimitus-1-3-tyopaivan-kuluessa","11":"pa_variatsioon-kahva-10cm-tuhkapuun-kahva","13":"first","14":"instock","15":"taxable","16":"shipping-taxable","17":"purchasable","18":"product-type-simple"},"acf":[],"yoast_head":"<!-- This site is optimized with the Yoast SEO Premium plugin v27.3 (Yoast SEO v27.3) - https:\/\/yoast.com\/product\/yoast-seo-premium-wordpress\/ -->\n<title>Rapukynsi 10cm kuunsirppi kuun puolikuu -% Rod puutarha puutarhaty\u00f6kalut k\u00e4sity\u00f6kalut k\u00e4sity\u00f6kalu<\/title>\n<meta name=\"description\" content=\"Ammattilaisten keskuudessa 10 cm:n puolikuu tunnetaan my\u00f6s nimell\u00e4 &quot;sipulirapu&quot;. 10 cm:n puolipallo on k\u00e4tev\u00e4 ty\u00f6kalu miss\u00e4 tahansa puutarhassa. Vahva ter\u00e4 ja kevyt kahva.\" \/>\n<meta name=\"robots\" content=\"index, follow, max-snippet:-1, max-image-preview:large, max-video-preview:-1\" \/>\n<link rel=\"canonical\" href=\"https:\/\/rodoaed.ee\/fi\/toode\/rapukynsi-10cm-kuunsirppi-kuun-puolikuu\/\" \/>\n<meta property=\"og:locale\" content=\"fi_FI\" \/>\n<meta property=\"og:type\" content=\"article\" \/>\n<meta property=\"og:title\" content=\"Rapukynsi 10cm kuunsirppi kuun puolikuu\" \/>\n<meta property=\"og:description\" content=\"K\u00e4siveitsi, jossa on 10 cm pitk\u00e4 puolikuun muotoinen ruostumattomasta ter\u00e4ksest\u00e4 valmistettu ter\u00e4. Soveltuu sek\u00e4 harraste- ett\u00e4 ammattipuutarhureille.\" \/>\n<meta property=\"og:url\" content=\"https:\/\/rodoaed.ee\/fi\/toode\/rapukynsi-10cm-kuunsirppi-kuun-puolikuu\/\" \/>\n<meta property=\"og:site_name\" content=\"Rodoaed\" \/>\n<meta property=\"article:publisher\" content=\"https:\/\/www.facebook.com\/kasvuhooned\/\" \/>\n<meta property=\"article:modified_time\" content=\"2026-04-13T08:09:52+00:00\" \/>\n<meta property=\"og:image\" content=\"https:\/\/rodoaed.ee\/wp-content\/uploads\/2019\/08\/Aiat\u00f6\u00f6riistad_k\u00e4sik\u00f5bla_01.jpg\" \/>\n\t<meta property=\"og:image:width\" content=\"1024\" \/>\n\t<meta property=\"og:image:height\" content=\"1024\" \/>\n\t<meta property=\"og:image:type\" content=\"image\/jpeg\" \/>\n<meta name=\"twitter:card\" content=\"summary_large_image\" \/>\n<meta name=\"twitter:label1\" content=\"Arvioitu lukuaika\" \/>\n\t<meta name=\"twitter:data1\" content=\"1 minuutti\" \/>\n<script type=\"application\/ld+json\" class=\"yoast-schema-graph\">{\"@context\":\"https:\\\/\\\/schema.org\",\"@graph\":[{\"@type\":\"WebPage\",\"@id\":\"https:\\\/\\\/rodoaed.ee\\\/fi\\\/toode\\\/rapukynsi-10cm-kuunsirppi-kuun-puolikuu\\\/\",\"url\":\"https:\\\/\\\/rodoaed.ee\\\/fi\\\/toode\\\/rapukynsi-10cm-kuunsirppi-kuun-puolikuu\\\/\",\"name\":\"Rapukynsi 10cm kuunsirppi kuun puolikuu -% Rod puutarha puutarhaty\u00f6kalut k\u00e4sity\u00f6kalut k\u00e4sity\u00f6kalu\",\"isPartOf\":{\"@id\":\"https:\\\/\\\/rodoaed.ee\\\/#website\"},\"primaryImageOfPage\":{\"@id\":\"https:\\\/\\\/rodoaed.ee\\\/fi\\\/toode\\\/rapukynsi-10cm-kuunsirppi-kuun-puolikuu\\\/#primaryimage\"},\"image\":{\"@id\":\"https:\\\/\\\/rodoaed.ee\\\/fi\\\/toode\\\/rapukynsi-10cm-kuunsirppi-kuun-puolikuu\\\/#primaryimage\"},\"thumbnailUrl\":\"https:\\\/\\\/rodoaed.ee\\\/wp-content\\\/uploads\\\/2019\\\/08\\\/Aiat\u00f6\u00f6riistad_k\u00e4sik\u00f5bla_01.jpg\",\"datePublished\":\"2019-08-02T09:56:40+00:00\",\"dateModified\":\"2026-04-13T08:09:52+00:00\",\"description\":\"Ammattilaisten keskuudessa 10 cm:n puolikuu tunnetaan my\u00f6s nimell\u00e4 \\\"sipulirapu\\\". 10 cm:n puolipallo on k\u00e4tev\u00e4 ty\u00f6kalu miss\u00e4 tahansa puutarhassa. Vahva ter\u00e4 ja kevyt kahva.\",\"breadcrumb\":{\"@id\":\"https:\\\/\\\/rodoaed.ee\\\/fi\\\/toode\\\/rapukynsi-10cm-kuunsirppi-kuun-puolikuu\\\/#breadcrumb\"},\"inLanguage\":\"fi\",\"potentialAction\":[{\"@type\":\"ReadAction\",\"target\":[\"https:\\\/\\\/rodoaed.ee\\\/fi\\\/toode\\\/rapukynsi-10cm-kuunsirppi-kuun-puolikuu\\\/\"]}]},{\"@type\":\"ImageObject\",\"inLanguage\":\"fi\",\"@id\":\"https:\\\/\\\/rodoaed.ee\\\/fi\\\/toode\\\/rapukynsi-10cm-kuunsirppi-kuun-puolikuu\\\/#primaryimage\",\"url\":\"https:\\\/\\\/rodoaed.ee\\\/wp-content\\\/uploads\\\/2019\\\/08\\\/Aiat\u00f6\u00f6riistad_k\u00e4sik\u00f5bla_01.jpg\",\"contentUrl\":\"https:\\\/\\\/rodoaed.ee\\\/wp-content\\\/uploads\\\/2019\\\/08\\\/Aiat\u00f6\u00f6riistad_k\u00e4sik\u00f5bla_01.jpg\",\"width\":1024,\"height\":1024,\"caption\":\"K\u00e4sikauha 10cm puolikuu puutarhaty\u00f6kalut\"},{\"@type\":\"BreadcrumbList\",\"@id\":\"https:\\\/\\\/rodoaed.ee\\\/fi\\\/toode\\\/rapukynsi-10cm-kuunsirppi-kuun-puolikuu\\\/#breadcrumb\",\"itemListElement\":[{\"@type\":\"ListItem\",\"position\":1,\"name\":\"Home\",\"item\":\"https:\\\/\\\/rodoaed.ee\\\/fi\\\/\"},{\"@type\":\"ListItem\",\"position\":2,\"name\":\"Osta osoitteessa\",\"item\":\"https:\\\/\\\/rodoaed.ee\\\/osta-osoitteessa\\\/\"},{\"@type\":\"ListItem\",\"position\":3,\"name\":\"Rapukynsi 10cm kuunsirppi kuun puolikuu\"}]},{\"@type\":\"WebSite\",\"@id\":\"https:\\\/\\\/rodoaed.ee\\\/#website\",\"url\":\"https:\\\/\\\/rodoaed.ee\\\/\",\"name\":\"Rodoaed\",\"description\":\"\",\"publisher\":{\"@id\":\"https:\\\/\\\/rodoaed.ee\\\/#organization\"},\"potentialAction\":[{\"@type\":\"SearchAction\",\"target\":{\"@type\":\"EntryPoint\",\"urlTemplate\":\"https:\\\/\\\/rodoaed.ee\\\/?s={search_term_string}\"},\"query-input\":{\"@type\":\"PropertyValueSpecification\",\"valueRequired\":true,\"valueName\":\"search_term_string\"}}],\"inLanguage\":\"fi\"},{\"@type\":\"Organization\",\"@id\":\"https:\\\/\\\/rodoaed.ee\\\/#organization\",\"name\":\"Rodoaed\",\"url\":\"https:\\\/\\\/rodoaed.ee\\\/\",\"logo\":{\"@type\":\"ImageObject\",\"inLanguage\":\"fi\",\"@id\":\"https:\\\/\\\/rodoaed.ee\\\/#\\\/schema\\\/logo\\\/image\\\/\",\"url\":\"https:\\\/\\\/rodoaed.ee\\\/wp-content\\\/uploads\\\/2019\\\/11\\\/rodoaed-logo-ilma-taustata.jpg\",\"contentUrl\":\"https:\\\/\\\/rodoaed.ee\\\/wp-content\\\/uploads\\\/2019\\\/11\\\/rodoaed-logo-ilma-taustata.jpg\",\"width\":769,\"height\":268,\"caption\":\"Rodoaed\"},\"image\":{\"@id\":\"https:\\\/\\\/rodoaed.ee\\\/#\\\/schema\\\/logo\\\/image\\\/\"},\"sameAs\":[\"https:\\\/\\\/www.facebook.com\\\/kasvuhooned\\\/\",\"https:\\\/\\\/rodoaed.ee\"]}]}<\/script>\n<!-- \/ Yoast SEO Premium plugin. -->","yoast_head_json":{"title":"Rapukynsi 10cm kuunsirppi kuun puolikuu -% Rod puutarha puutarhaty\u00f6kalut k\u00e4sity\u00f6kalut k\u00e4sity\u00f6kalu","description":"Ammattilaisten keskuudessa 10 cm:n puolikuu tunnetaan my\u00f6s nimell\u00e4 \"sipulirapu\". 10 cm:n puolipallo on k\u00e4tev\u00e4 ty\u00f6kalu miss\u00e4 tahansa puutarhassa. Vahva ter\u00e4 ja kevyt kahva.","robots":{"index":"index","follow":"follow","max-snippet":"max-snippet:-1","max-image-preview":"max-image-preview:large","max-video-preview":"max-video-preview:-1"},"canonical":"https:\/\/rodoaed.ee\/fi\/toode\/rapukynsi-10cm-kuunsirppi-kuun-puolikuu\/","og_locale":"fi_FI","og_type":"article","og_title":"Rapukynsi 10cm kuunsirppi kuun puolikuu","og_description":"K\u00e4siveitsi, jossa on 10 cm pitk\u00e4 puolikuun muotoinen ruostumattomasta ter\u00e4ksest\u00e4 valmistettu ter\u00e4. Soveltuu sek\u00e4 harraste- ett\u00e4 ammattipuutarhureille.","og_url":"https:\/\/rodoaed.ee\/fi\/toode\/rapukynsi-10cm-kuunsirppi-kuun-puolikuu\/","og_site_name":"Rodoaed","article_publisher":"https:\/\/www.facebook.com\/kasvuhooned\/","article_modified_time":"2026-04-13T08:09:52+00:00","og_image":[{"width":1024,"height":1024,"url":"https:\/\/rodoaed.ee\/wp-content\/uploads\/2019\/08\/Aiat\u00f6\u00f6riistad_k\u00e4sik\u00f5bla_01.jpg","type":"image\/jpeg"}],"twitter_card":"summary_large_image","twitter_misc":{"Arvioitu lukuaika":"1 minuutti"},"schema":{"@context":"https:\/\/schema.org","@graph":[{"@type":"WebPage","@id":"https:\/\/rodoaed.ee\/fi\/toode\/rapukynsi-10cm-kuunsirppi-kuun-puolikuu\/","url":"https:\/\/rodoaed.ee\/fi\/toode\/rapukynsi-10cm-kuunsirppi-kuun-puolikuu\/","name":"Rapukynsi 10cm kuunsirppi kuun puolikuu -% Rod puutarha puutarhaty\u00f6kalut k\u00e4sity\u00f6kalut k\u00e4sity\u00f6kalu","isPartOf":{"@id":"https:\/\/rodoaed.ee\/#website"},"primaryImageOfPage":{"@id":"https:\/\/rodoaed.ee\/fi\/toode\/rapukynsi-10cm-kuunsirppi-kuun-puolikuu\/#primaryimage"},"image":{"@id":"https:\/\/rodoaed.ee\/fi\/toode\/rapukynsi-10cm-kuunsirppi-kuun-puolikuu\/#primaryimage"},"thumbnailUrl":"https:\/\/rodoaed.ee\/wp-content\/uploads\/2019\/08\/Aiat\u00f6\u00f6riistad_k\u00e4sik\u00f5bla_01.jpg","datePublished":"2019-08-02T09:56:40+00:00","dateModified":"2026-04-13T08:09:52+00:00","description":"Ammattilaisten keskuudessa 10 cm:n puolikuu tunnetaan my\u00f6s nimell\u00e4 \"sipulirapu\". 10 cm:n puolipallo on k\u00e4tev\u00e4 ty\u00f6kalu miss\u00e4 tahansa puutarhassa. Vahva ter\u00e4 ja kevyt kahva.","breadcrumb":{"@id":"https:\/\/rodoaed.ee\/fi\/toode\/rapukynsi-10cm-kuunsirppi-kuun-puolikuu\/#breadcrumb"},"inLanguage":"fi","potentialAction":[{"@type":"ReadAction","target":["https:\/\/rodoaed.ee\/fi\/toode\/rapukynsi-10cm-kuunsirppi-kuun-puolikuu\/"]}]},{"@type":"ImageObject","inLanguage":"fi","@id":"https:\/\/rodoaed.ee\/fi\/toode\/rapukynsi-10cm-kuunsirppi-kuun-puolikuu\/#primaryimage","url":"https:\/\/rodoaed.ee\/wp-content\/uploads\/2019\/08\/Aiat\u00f6\u00f6riistad_k\u00e4sik\u00f5bla_01.jpg","contentUrl":"https:\/\/rodoaed.ee\/wp-content\/uploads\/2019\/08\/Aiat\u00f6\u00f6riistad_k\u00e4sik\u00f5bla_01.jpg","width":1024,"height":1024,"caption":"K\u00e4sikauha 10cm puolikuu puutarhaty\u00f6kalut"},{"@type":"BreadcrumbList","@id":"https:\/\/rodoaed.ee\/fi\/toode\/rapukynsi-10cm-kuunsirppi-kuun-puolikuu\/#breadcrumb","itemListElement":[{"@type":"ListItem","position":1,"name":"Home","item":"https:\/\/rodoaed.ee\/fi\/"},{"@type":"ListItem","position":2,"name":"Osta osoitteessa","item":"https:\/\/rodoaed.ee\/osta-osoitteessa\/"},{"@type":"ListItem","position":3,"name":"Rapukynsi 10cm kuunsirppi kuun puolikuu"}]},{"@type":"WebSite","@id":"https:\/\/rodoaed.ee\/#website","url":"https:\/\/rodoaed.ee\/","name":"Rodoaed","description":"","publisher":{"@id":"https:\/\/rodoaed.ee\/#organization"},"potentialAction":[{"@type":"SearchAction","target":{"@type":"EntryPoint","urlTemplate":"https:\/\/rodoaed.ee\/?s={search_term_string}"},"query-input":{"@type":"PropertyValueSpecification","valueRequired":true,"valueName":"search_term_string"}}],"inLanguage":"fi"},{"@type":"Organization","@id":"https:\/\/rodoaed.ee\/#organization","name":"Rodoaed","url":"https:\/\/rodoaed.ee\/","logo":{"@type":"ImageObject","inLanguage":"fi","@id":"https:\/\/rodoaed.ee\/#\/schema\/logo\/image\/","url":"https:\/\/rodoaed.ee\/wp-content\/uploads\/2019\/11\/rodoaed-logo-ilma-taustata.jpg","contentUrl":"https:\/\/rodoaed.ee\/wp-content\/uploads\/2019\/11\/rodoaed-logo-ilma-taustata.jpg","width":769,"height":268,"caption":"Rodoaed"},"image":{"@id":"https:\/\/rodoaed.ee\/#\/schema\/logo\/image\/"},"sameAs":["https:\/\/www.facebook.com\/kasvuhooned\/","https:\/\/rodoaed.ee"]}]}},"_links":{"self":[{"href":"https:\/\/rodoaed.ee\/fi\/wp-json\/wp\/v2\/product\/53668","targetHints":{"allow":["GET"]}}],"collection":[{"href":"https:\/\/rodoaed.ee\/fi\/wp-json\/wp\/v2\/product"}],"about":[{"href":"https:\/\/rodoaed.ee\/fi\/wp-json\/wp\/v2\/types\/product"}],"wp:featuredmedia":[{"embeddable":true,"href":"https:\/\/rodoaed.ee\/fi\/wp-json\/wp\/v2\/media\/27581"}],"wp:attachment":[{"href":"https:\/\/rodoaed.ee\/fi\/wp-json\/wp\/v2\/media?parent=53668"}],"wp:term":[{"taxonomy":"product_brand","embeddable":true,"href":"https:\/\/rodoaed.ee\/fi\/wp-json\/wp\/v2\/product_brand?post=53668"},{"taxonomy":"product_cat","embeddable":true,"href":"https:\/\/rodoaed.ee\/fi\/wp-json\/wp\/v2\/product_cat?post=53668"},{"taxonomy":"product_tag","embeddable":true,"href":"https:\/\/rodoaed.ee\/fi\/wp-json\/wp\/v2\/product_tag?post=53668"}],"curies":[{"name":"wp","href":"https:\/\/api.w.org\/{rel}","templated":true}]}}