{"id":53669,"date":"2019-08-02T12:56:40","date_gmt":"2019-08-02T09:56:40","guid":{"rendered":"https:\/\/rodoaed.ee\/toode\/rungon-jatke-5500cm2-pro-ja-deluxe-ruoankuivaimille\/"},"modified":"2026-04-13T11:09:53","modified_gmt":"2026-04-13T08:09:53","slug":"rungon-jatke-5500cm2-pro-ja-deluxe-ruoankuivaimille","status":"publish","type":"product","link":"https:\/\/rodoaed.ee\/fi\/tuote\/rungon-jatke-5500cm2-pro-ja-deluxe-ruoankuivaimille\/","title":{"rendered":"Rungon jatke 5500cm2- Pro- ja Deluxe-ruoankuivaimille."},"content":{"rendered":"<h2><span style=\"font-family: Tahoma, Geneva, sans-serif; font-size: 16px; font-style: normal; font-variant-caps: normal; font-weight: bold;\">Rungon jatkeella voit kasvattaa Atacama Pro- tai Deluxe-ruoankuivauslaitteesi kapasiteettia v\u00e4litt\u00f6m\u00e4sti 2-kertaiseksi. Tai voit ostaa omasi nyt pidennetyll\u00e4 rungolla. <\/span><\/h2>\n<p><strong>Voit helposti kaksinkertaistaa kuivausalueen ja s\u00e4\u00e4st\u00e4\u00e4 energiaa, koska tehokas moottorilohko pysyy samana.<\/strong><\/p>\n<p>T\u00e4ll\u00e4 kuivauslaitteella voit kuivata k\u00e4yt\u00e4nn\u00f6ss\u00e4 mit\u00e4 tahansa niin, ett\u00e4 vitamiinit, kivenn\u00e4isaineet ja aurinkoenergia s\u00e4ilyv\u00e4t. L\u00e4\u00e4kekasvit, juuret, mukulat, kasvimateriaali, kuten kukat, lehdet, hedelm\u00e4t ja juuret. My\u00f6s sienet, marjat mets\u00e4st\u00e4 ja puutarhasta. Hedelm\u00e4t &#8211; omenat, p\u00e4\u00e4ryn\u00e4t, luumut&#8230; Mutta ei vain. Voit k\u00e4ytt\u00e4\u00e4 dehydraattoria my\u00f6s lihan, kalan ja muiden elintarvikkeiden kuivattamiseen.<\/p>\n<p>Raakaruoan yst\u00e4v\u00e4t voivat kuivata omia leip\u00e4- ja vihannessekoituksiaan. Retkeilij\u00e4t voivat valmistaa pitk\u00e4\u00e4n s\u00e4ilyvi\u00e4 jouluherkkuja mukaansa. T\u00e4m\u00e4n kuivauslaitteen k\u00e4yt\u00e4nn\u00f6n sovelluksia on liian paljon lueteltavaksi t\u00e4ss\u00e4.  <\/p>\n<p><strong>Tre Spade -ruokakuivaimet ovat Euroopan suosituimpia ja luotettavimpia ruokakuivaimia. Tre Spade Takaje -tyhji\u00f6pakkauslaitteet puolestaan voittivat hiljattain Euroopan parhaat muotoilupalkinnot vuosina 2014 ja 2016. <\/strong><\/p>\n<h2>T\u00e4rkeimm\u00e4t ominaisuudet:<\/h2>\n<ul>\n<li><strong>Maalattua ter\u00e4st\u00e4 ja vahvistettua nailonkuitua <\/strong>sis\u00e4lt\u00e4v\u00e4 kotelo.<\/li>\n<li>Toimitetaan rungon ja 6 lis\u00e4laatikon kanssa<\/li>\n<li>S\u00e4\u00e4st\u00e4 energiaa pit\u00e4m\u00e4ll\u00e4 sama tehokas moottorilohko ruoankuivaajassasi.<\/li>\n<li>Liukumista ja t\u00e4rin\u00e4\u00e4 kest\u00e4v\u00e4t kumijalat<\/li>\n<li>Helppo k\u00e4ytt\u00e4\u00e4<\/li>\n<li>Kompakti ja kevyt<\/li>\n<\/ul>\n<h2>Tekniset tiedot:<\/h2>\n<ul>\n<li>Mitat: 27x26x50 cm<\/li>\n<li><strong>6 elintarvikeyst\u00e4v\u00e4llist\u00e4 ABS-materiaalista valmistettua kuivauslaatikkoa<\/strong><\/li>\n<li><strong>Hy\u00f6dyllinen kuivauspinta-ala 5500 cm2<\/strong><\/li>\n<li><strong>P\u00e4\u00e4moduuli mukaan luettuna kuivausrummun kokonaishy\u00f6typinta-ala on nyt jo 11 000 cm2.<\/strong><\/li>\n<\/ul>\n<div>\n<p><a href=\"https:\/\/rodoaed.ee\/fi\/\">kotisivu<\/a> <a href=\"https:\/\/rodoaed.ee\/fi\/tootekategooria\/keittiolaitteet\/\">k\u00e4ynnist\u00e4<\/a> <a href=\"https:\/\/rodoaed.ee\/fi\/tootekategooria\/keittiolaitteet\/elintarvikkeiden-kuivausrummut\/\">elintarvikekuivurit<\/a><\/p>\n<p>&nbsp;<\/p>\n<\/div>\n<div>\n<p>&nbsp;<\/p>\n<\/div>\n","protected":false},"excerpt":{"rendered":"<p>Rungon jatkeella voit kasvattaa Atacama Pro- tai Deluxe-ruoankuivauslaitteesi kapasiteettia v\u00e4litt\u00f6m\u00e4sti 2-kertaiseksi. Tai voit ostaa omasi nyt pidennetyll\u00e4 rungolla. Voit helposti kaksinkertaistaa kuivausalueen ja s\u00e4\u00e4st\u00e4\u00e4 energiaa, koska tehokas moottorilohko pysyy samana. T\u00e4ll\u00e4 kuivauslaitteella voit kuivata k\u00e4yt\u00e4nn\u00f6ss\u00e4 mit\u00e4 tahansa niin, ett\u00e4 vitamiinit, kivenn\u00e4isaineet ja aurinkoenergia s\u00e4ilyv\u00e4t. L\u00e4\u00e4kekasvit, juuret, mukulat, kasvimateriaali, kuten kukat, lehdet, hedelm\u00e4t ja juuret. My\u00f6s sienet, marjat mets\u00e4st\u00e4 ja puutarhasta. Hedelm\u00e4t &#8211; omenat, p\u00e4\u00e4ryn\u00e4t, luumut&#8230;&#8230;<\/p>\n","protected":false},"featured_media":17226,"template":"","meta":{"_acf_changed":false},"product_brand":[],"product_cat":[1770],"product_tag":[],"class_list":{"0":"post-53669","1":"product","2":"type-product","3":"status-publish","4":"has-post-thumbnail","6":"product_cat-elintarvikkeiden-kuivausrummut","7":"product_shipping_class-toimitus-1-3-tyopaivan-kuluessa","8":"pa_variatsioon-17-uutta-ruoankuivain-atacama-pro-laajennussarja","10":"first","11":"instock","12":"sale","13":"taxable","14":"shipping-taxable","15":"purchasable","16":"product-type-simple"},"acf":[],"yoast_head":"<!-- This site is optimized with the Yoast SEO Premium plugin v27.3 (Yoast SEO v27.3) - https:\/\/yoast.com\/product\/yoast-seo-premium-wordpress\/ -->\n<title>Rungon jatke 5500cm2- Pro- ja Deluxe-ruoankuivaimille. - Rodoaed<\/title>\n<meta name=\"description\" content=\"T\u00e4ll\u00e4 kuivauslaitteella voit kuivata k\u00e4yt\u00e4nn\u00f6ss\u00e4 mit\u00e4 tahansa s\u00e4ilytt\u00e4en vitamiineja, kivenn\u00e4isaineita ja aurinkoenergiaa. Liha, kala, raakaruoka, sienet ja yrtit.\" \/>\n<meta name=\"robots\" content=\"index, follow, max-snippet:-1, max-image-preview:large, max-video-preview:-1\" \/>\n<link rel=\"canonical\" href=\"https:\/\/rodoaed.ee\/fi\/toode\/rungon-jatke-5500cm2-pro-ja-deluxe-ruoankuivaimille\/\" \/>\n<meta property=\"og:locale\" content=\"fi_FI\" \/>\n<meta property=\"og:type\" content=\"article\" \/>\n<meta property=\"og:title\" content=\"Rungon jatke 5500cm2- Pro- ja Deluxe-ruoankuivaimille.\" \/>\n<meta property=\"og:description\" content=\"Rungon jatkeella voit kasvattaa Atacama Pro- tai Deluxe-ruoankuivauslaitteesi kapasiteettia v\u00e4litt\u00f6m\u00e4sti 2-kertaiseksi. Tai voit ostaa omasi nyt\" \/>\n<meta property=\"og:url\" content=\"https:\/\/rodoaed.ee\/fi\/toode\/rungon-jatke-5500cm2-pro-ja-deluxe-ruoankuivaimille\/\" \/>\n<meta property=\"og:site_name\" content=\"Rodoaed\" \/>\n<meta property=\"article:publisher\" content=\"https:\/\/www.facebook.com\/kasvuhooned\/\" \/>\n<meta property=\"article:modified_time\" content=\"2026-04-13T08:09:53+00:00\" \/>\n<meta property=\"og:image\" content=\"https:\/\/rodoaed.ee\/wp-content\/uploads\/2019\/07\/toidukuivati-tarvikud-1.jpg\" \/>\n\t<meta property=\"og:image:width\" content=\"5629\" \/>\n\t<meta property=\"og:image:height\" content=\"3757\" \/>\n\t<meta property=\"og:image:type\" content=\"image\/jpeg\" \/>\n<meta name=\"twitter:card\" content=\"summary_large_image\" \/>\n<meta name=\"twitter:label1\" content=\"Arvioitu lukuaika\" \/>\n\t<meta name=\"twitter:data1\" content=\"1 minuutti\" \/>\n<script type=\"application\/ld+json\" class=\"yoast-schema-graph\">{\"@context\":\"https:\\\/\\\/schema.org\",\"@graph\":[{\"@type\":\"WebPage\",\"@id\":\"https:\\\/\\\/rodoaed.ee\\\/fi\\\/toode\\\/rungon-jatke-5500cm2-pro-ja-deluxe-ruoankuivaimille\\\/\",\"url\":\"https:\\\/\\\/rodoaed.ee\\\/fi\\\/toode\\\/rungon-jatke-5500cm2-pro-ja-deluxe-ruoankuivaimille\\\/\",\"name\":\"Rungon jatke 5500cm2- Pro- ja Deluxe-ruoankuivaimille. - Rodoaed\",\"isPartOf\":{\"@id\":\"https:\\\/\\\/rodoaed.ee\\\/#website\"},\"primaryImageOfPage\":{\"@id\":\"https:\\\/\\\/rodoaed.ee\\\/fi\\\/toode\\\/rungon-jatke-5500cm2-pro-ja-deluxe-ruoankuivaimille\\\/#primaryimage\"},\"image\":{\"@id\":\"https:\\\/\\\/rodoaed.ee\\\/fi\\\/toode\\\/rungon-jatke-5500cm2-pro-ja-deluxe-ruoankuivaimille\\\/#primaryimage\"},\"thumbnailUrl\":\"https:\\\/\\\/rodoaed.ee\\\/wp-content\\\/uploads\\\/2019\\\/07\\\/toidukuivati-tarvikud-1.jpg\",\"datePublished\":\"2019-08-02T09:56:40+00:00\",\"dateModified\":\"2026-04-13T08:09:53+00:00\",\"description\":\"T\u00e4ll\u00e4 kuivauslaitteella voit kuivata k\u00e4yt\u00e4nn\u00f6ss\u00e4 mit\u00e4 tahansa s\u00e4ilytt\u00e4en vitamiineja, kivenn\u00e4isaineita ja aurinkoenergiaa. Liha, kala, raakaruoka, sienet ja yrtit.\",\"breadcrumb\":{\"@id\":\"https:\\\/\\\/rodoaed.ee\\\/fi\\\/toode\\\/rungon-jatke-5500cm2-pro-ja-deluxe-ruoankuivaimille\\\/#breadcrumb\"},\"inLanguage\":\"fi\",\"potentialAction\":[{\"@type\":\"ReadAction\",\"target\":[\"https:\\\/\\\/rodoaed.ee\\\/fi\\\/toode\\\/rungon-jatke-5500cm2-pro-ja-deluxe-ruoankuivaimille\\\/\"]}]},{\"@type\":\"ImageObject\",\"inLanguage\":\"fi\",\"@id\":\"https:\\\/\\\/rodoaed.ee\\\/fi\\\/toode\\\/rungon-jatke-5500cm2-pro-ja-deluxe-ruoankuivaimille\\\/#primaryimage\",\"url\":\"https:\\\/\\\/rodoaed.ee\\\/wp-content\\\/uploads\\\/2019\\\/07\\\/toidukuivati-tarvikud-1.jpg\",\"contentUrl\":\"https:\\\/\\\/rodoaed.ee\\\/wp-content\\\/uploads\\\/2019\\\/07\\\/toidukuivati-tarvikud-1.jpg\",\"width\":5629,\"height\":3757},{\"@type\":\"BreadcrumbList\",\"@id\":\"https:\\\/\\\/rodoaed.ee\\\/fi\\\/toode\\\/rungon-jatke-5500cm2-pro-ja-deluxe-ruoankuivaimille\\\/#breadcrumb\",\"itemListElement\":[{\"@type\":\"ListItem\",\"position\":1,\"name\":\"Home\",\"item\":\"https:\\\/\\\/rodoaed.ee\\\/fi\\\/\"},{\"@type\":\"ListItem\",\"position\":2,\"name\":\"Osta osoitteessa\",\"item\":\"https:\\\/\\\/rodoaed.ee\\\/osta-osoitteessa\\\/\"},{\"@type\":\"ListItem\",\"position\":3,\"name\":\"Rungon jatke 5500cm2- Pro- ja Deluxe-ruoankuivaimille.\"}]},{\"@type\":\"WebSite\",\"@id\":\"https:\\\/\\\/rodoaed.ee\\\/#website\",\"url\":\"https:\\\/\\\/rodoaed.ee\\\/\",\"name\":\"Rodoaed\",\"description\":\"\",\"publisher\":{\"@id\":\"https:\\\/\\\/rodoaed.ee\\\/#organization\"},\"potentialAction\":[{\"@type\":\"SearchAction\",\"target\":{\"@type\":\"EntryPoint\",\"urlTemplate\":\"https:\\\/\\\/rodoaed.ee\\\/?s={search_term_string}\"},\"query-input\":{\"@type\":\"PropertyValueSpecification\",\"valueRequired\":true,\"valueName\":\"search_term_string\"}}],\"inLanguage\":\"fi\"},{\"@type\":\"Organization\",\"@id\":\"https:\\\/\\\/rodoaed.ee\\\/#organization\",\"name\":\"Rodoaed\",\"url\":\"https:\\\/\\\/rodoaed.ee\\\/\",\"logo\":{\"@type\":\"ImageObject\",\"inLanguage\":\"fi\",\"@id\":\"https:\\\/\\\/rodoaed.ee\\\/#\\\/schema\\\/logo\\\/image\\\/\",\"url\":\"https:\\\/\\\/rodoaed.ee\\\/wp-content\\\/uploads\\\/2019\\\/11\\\/rodoaed-logo-ilma-taustata.jpg\",\"contentUrl\":\"https:\\\/\\\/rodoaed.ee\\\/wp-content\\\/uploads\\\/2019\\\/11\\\/rodoaed-logo-ilma-taustata.jpg\",\"width\":769,\"height\":268,\"caption\":\"Rodoaed\"},\"image\":{\"@id\":\"https:\\\/\\\/rodoaed.ee\\\/#\\\/schema\\\/logo\\\/image\\\/\"},\"sameAs\":[\"https:\\\/\\\/www.facebook.com\\\/kasvuhooned\\\/\",\"https:\\\/\\\/rodoaed.ee\"]}]}<\/script>\n<!-- \/ Yoast SEO Premium plugin. -->","yoast_head_json":{"title":"Rungon jatke 5500cm2- Pro- ja Deluxe-ruoankuivaimille. - Rodoaed","description":"T\u00e4ll\u00e4 kuivauslaitteella voit kuivata k\u00e4yt\u00e4nn\u00f6ss\u00e4 mit\u00e4 tahansa s\u00e4ilytt\u00e4en vitamiineja, kivenn\u00e4isaineita ja aurinkoenergiaa. Liha, kala, raakaruoka, sienet ja yrtit.","robots":{"index":"index","follow":"follow","max-snippet":"max-snippet:-1","max-image-preview":"max-image-preview:large","max-video-preview":"max-video-preview:-1"},"canonical":"https:\/\/rodoaed.ee\/fi\/toode\/rungon-jatke-5500cm2-pro-ja-deluxe-ruoankuivaimille\/","og_locale":"fi_FI","og_type":"article","og_title":"Rungon jatke 5500cm2- Pro- ja Deluxe-ruoankuivaimille.","og_description":"Rungon jatkeella voit kasvattaa Atacama Pro- tai Deluxe-ruoankuivauslaitteesi kapasiteettia v\u00e4litt\u00f6m\u00e4sti 2-kertaiseksi. Tai voit ostaa omasi nyt","og_url":"https:\/\/rodoaed.ee\/fi\/toode\/rungon-jatke-5500cm2-pro-ja-deluxe-ruoankuivaimille\/","og_site_name":"Rodoaed","article_publisher":"https:\/\/www.facebook.com\/kasvuhooned\/","article_modified_time":"2026-04-13T08:09:53+00:00","og_image":[{"width":5629,"height":3757,"url":"https:\/\/rodoaed.ee\/wp-content\/uploads\/2019\/07\/toidukuivati-tarvikud-1.jpg","type":"image\/jpeg"}],"twitter_card":"summary_large_image","twitter_misc":{"Arvioitu lukuaika":"1 minuutti"},"schema":{"@context":"https:\/\/schema.org","@graph":[{"@type":"WebPage","@id":"https:\/\/rodoaed.ee\/fi\/toode\/rungon-jatke-5500cm2-pro-ja-deluxe-ruoankuivaimille\/","url":"https:\/\/rodoaed.ee\/fi\/toode\/rungon-jatke-5500cm2-pro-ja-deluxe-ruoankuivaimille\/","name":"Rungon jatke 5500cm2- Pro- ja Deluxe-ruoankuivaimille. - Rodoaed","isPartOf":{"@id":"https:\/\/rodoaed.ee\/#website"},"primaryImageOfPage":{"@id":"https:\/\/rodoaed.ee\/fi\/toode\/rungon-jatke-5500cm2-pro-ja-deluxe-ruoankuivaimille\/#primaryimage"},"image":{"@id":"https:\/\/rodoaed.ee\/fi\/toode\/rungon-jatke-5500cm2-pro-ja-deluxe-ruoankuivaimille\/#primaryimage"},"thumbnailUrl":"https:\/\/rodoaed.ee\/wp-content\/uploads\/2019\/07\/toidukuivati-tarvikud-1.jpg","datePublished":"2019-08-02T09:56:40+00:00","dateModified":"2026-04-13T08:09:53+00:00","description":"T\u00e4ll\u00e4 kuivauslaitteella voit kuivata k\u00e4yt\u00e4nn\u00f6ss\u00e4 mit\u00e4 tahansa s\u00e4ilytt\u00e4en vitamiineja, kivenn\u00e4isaineita ja aurinkoenergiaa. Liha, kala, raakaruoka, sienet ja yrtit.","breadcrumb":{"@id":"https:\/\/rodoaed.ee\/fi\/toode\/rungon-jatke-5500cm2-pro-ja-deluxe-ruoankuivaimille\/#breadcrumb"},"inLanguage":"fi","potentialAction":[{"@type":"ReadAction","target":["https:\/\/rodoaed.ee\/fi\/toode\/rungon-jatke-5500cm2-pro-ja-deluxe-ruoankuivaimille\/"]}]},{"@type":"ImageObject","inLanguage":"fi","@id":"https:\/\/rodoaed.ee\/fi\/toode\/rungon-jatke-5500cm2-pro-ja-deluxe-ruoankuivaimille\/#primaryimage","url":"https:\/\/rodoaed.ee\/wp-content\/uploads\/2019\/07\/toidukuivati-tarvikud-1.jpg","contentUrl":"https:\/\/rodoaed.ee\/wp-content\/uploads\/2019\/07\/toidukuivati-tarvikud-1.jpg","width":5629,"height":3757},{"@type":"BreadcrumbList","@id":"https:\/\/rodoaed.ee\/fi\/toode\/rungon-jatke-5500cm2-pro-ja-deluxe-ruoankuivaimille\/#breadcrumb","itemListElement":[{"@type":"ListItem","position":1,"name":"Home","item":"https:\/\/rodoaed.ee\/fi\/"},{"@type":"ListItem","position":2,"name":"Osta osoitteessa","item":"https:\/\/rodoaed.ee\/osta-osoitteessa\/"},{"@type":"ListItem","position":3,"name":"Rungon jatke 5500cm2- Pro- ja Deluxe-ruoankuivaimille."}]},{"@type":"WebSite","@id":"https:\/\/rodoaed.ee\/#website","url":"https:\/\/rodoaed.ee\/","name":"Rodoaed","description":"","publisher":{"@id":"https:\/\/rodoaed.ee\/#organization"},"potentialAction":[{"@type":"SearchAction","target":{"@type":"EntryPoint","urlTemplate":"https:\/\/rodoaed.ee\/?s={search_term_string}"},"query-input":{"@type":"PropertyValueSpecification","valueRequired":true,"valueName":"search_term_string"}}],"inLanguage":"fi"},{"@type":"Organization","@id":"https:\/\/rodoaed.ee\/#organization","name":"Rodoaed","url":"https:\/\/rodoaed.ee\/","logo":{"@type":"ImageObject","inLanguage":"fi","@id":"https:\/\/rodoaed.ee\/#\/schema\/logo\/image\/","url":"https:\/\/rodoaed.ee\/wp-content\/uploads\/2019\/11\/rodoaed-logo-ilma-taustata.jpg","contentUrl":"https:\/\/rodoaed.ee\/wp-content\/uploads\/2019\/11\/rodoaed-logo-ilma-taustata.jpg","width":769,"height":268,"caption":"Rodoaed"},"image":{"@id":"https:\/\/rodoaed.ee\/#\/schema\/logo\/image\/"},"sameAs":["https:\/\/www.facebook.com\/kasvuhooned\/","https:\/\/rodoaed.ee"]}]}},"_links":{"self":[{"href":"https:\/\/rodoaed.ee\/fi\/wp-json\/wp\/v2\/product\/53669","targetHints":{"allow":["GET"]}}],"collection":[{"href":"https:\/\/rodoaed.ee\/fi\/wp-json\/wp\/v2\/product"}],"about":[{"href":"https:\/\/rodoaed.ee\/fi\/wp-json\/wp\/v2\/types\/product"}],"wp:featuredmedia":[{"embeddable":true,"href":"https:\/\/rodoaed.ee\/fi\/wp-json\/wp\/v2\/media\/17226"}],"wp:attachment":[{"href":"https:\/\/rodoaed.ee\/fi\/wp-json\/wp\/v2\/media?parent=53669"}],"wp:term":[{"taxonomy":"product_brand","embeddable":true,"href":"https:\/\/rodoaed.ee\/fi\/wp-json\/wp\/v2\/product_brand?post=53669"},{"taxonomy":"product_cat","embeddable":true,"href":"https:\/\/rodoaed.ee\/fi\/wp-json\/wp\/v2\/product_cat?post=53669"},{"taxonomy":"product_tag","embeddable":true,"href":"https:\/\/rodoaed.ee\/fi\/wp-json\/wp\/v2\/product_tag?post=53669"}],"curies":[{"name":"wp","href":"https:\/\/api.w.org\/{rel}","templated":true}]}}