{"id":53670,"date":"2019-08-02T12:56:40","date_gmt":"2019-08-02T09:56:40","guid":{"rendered":"https:\/\/rodoaed.ee\/toode\/sneeboer-puutarhatyokalujen-huoltosarja\/"},"modified":"2026-04-13T11:09:53","modified_gmt":"2026-04-13T08:09:53","slug":"sneeboer-puutarhatyokalujen-huoltosarja","status":"publish","type":"product","link":"https:\/\/rodoaed.ee\/fi\/tuote\/sneeboer-puutarhatyokalujen-huoltosarja\/","title":{"rendered":"Sneeboer puutarhaty\u00f6kalujen huoltosarja"},"content":{"rendered":"<h2>Sneeboer-puutarhaty\u00f6kalujen huoltopakkaus sis\u00e4lt\u00e4\u00e4 kaikki puutarhaty\u00f6kalujen huoltoon tarvittavat ty\u00f6kalut.<\/h2>\n<p>Tuotekoodi: 5035<\/p>\n<p>Sneeboer Garden Tool Maintenance Kit -huoltosarjan avulla voit pit\u00e4\u00e4 kaikki arvokkaat k\u00e4sin taotut puutarhaty\u00f6kalusi t\u00e4ydellisess\u00e4 kunnossa puutarhasi maaper\u00e4olosuhteista riippumatta. Sneeboer-huoltosarja sis\u00e4lt\u00e4\u00e4 pellava\u00f6ljy\u00e4, erityisen teroittimen ja metalliharjan. N\u00e4m\u00e4 ovat v\u00e4ltt\u00e4m\u00e4tt\u00f6mi\u00e4 ty\u00f6kaluja, joilla pid\u00e4t puutarhav\u00e4lineesi ter\u00e4st\u00e4 puukahvaan asti huippukunnossa.  <\/p>\n<p>Tuhka- ja kirsikkakahvat voi pyyhki\u00e4 \u00f6ljyll\u00e4. \u00d6ljy on my\u00f6s eritt\u00e4in hy\u00f6dyllinen v\u00e4line hiiliter\u00e4ksisten ty\u00f6kalupintojen puhdistamiseen ja pinnoittamiseen. K\u00e4yt\u00e4 teroitinta, jotta ty\u00f6kalujen ter\u00e4t, kuten lapionter\u00e4t, lapionter\u00e4t jne. pysyv\u00e4t ter\u00e4vin\u00e4. On my\u00f6s metalliharja, jolla saat kaiken irti ty\u00f6kaluistasi, sek\u00e4 metalliosista ett\u00e4 puukahvoista. Kun olet poistanut irtonaisen lian, kostuta laatikossa olevaa pehme\u00e4\u00e4 liinaa kevyesti pellava\u00f6ljyll\u00e4 ja pyyhi sek\u00e4 metalliosat ett\u00e4 puukahva. Levit\u00e4 hieman lis\u00e4\u00e4 \u00f6ljy\u00e4 puuosiin, kunnes puu on kokonaan kasassa. T\u00e4m\u00e4 vet\u00e4\u00e4 \u00f6ljyn hiljaa puuhun ja suojaa sit\u00e4 sek\u00e4 kosteudelta ett\u00e4 lialta.      <\/p>\n<p>Itse asiassa puuosat kannattaa \u00f6ljyt\u00e4 jo ennen ensimm\u00e4ist\u00e4 k\u00e4ytt\u00f6kertaa, sill\u00e4 ne ovat viel\u00e4 t\u00e4ysin puhtaat.<\/p>\n<p>Jos aiot ostaa Sneeboer-ty\u00f6kalun tai olet jo t\u00e4llaisen ty\u00f6kalun onnellinen omistaja, lis\u00e4\u00e4 hoitosarja ostoskoriin mahdollisimman pian.<\/p>\n<p><em style=\"font-family: inherit; font-size: inherit; font-variant-caps: inherit;\">Sneeboer &amp; Zn on perinteinen hollantilainen ty\u00f6kaluyritys, joka on valmistanut laadukkaita puutarhaty\u00f6kaluja vuodesta 1913. Sneeboer &amp; Zn valmistaa p\u00e4\u00e4asiassa k\u00e4sin taottuja ruostumattomasta ter\u00e4ksest\u00e4 valmistettuja puutarhaty\u00f6kaluja, joiden k\u00e4ytt\u00f6ik\u00e4 on v\u00e4hint\u00e4\u00e4n yksi sukupolvi. Mutta se, mik\u00e4 tekee heid\u00e4n tuotannostaan hyvin erikoista ja on tehnyt heist\u00e4 maailmankuuluja, on heid\u00e4n sovellusinnovaationsa. T\u00e4m\u00e4 tarkoittaa, ett\u00e4 keksij\u00e4t ymp\u00e4ri maailmaa ovat lis\u00e4nneet omia innovaatioitaan heid\u00e4n tuotevalikoimaansa.    Joskus hyvin innovatiivisia ratkaisuja, joskus melko pieni\u00e4 keksint\u00f6j\u00e4, mutta ne tekev\u00e4t puutarhanhoidosta ja ty\u00f6kalun k\u00e4yt\u00f6st\u00e4 paljon helpompaa.<\/em><\/p>\n<p><em>Voit n\u00e4hd\u00e4 sen itse, kun katsot heid\u00e4n valikoimaansa.<\/em><\/p>\n<p>Hemmottele itse\u00e4si parhaalla. El\u00e4mme vain kerran. <\/p>\n<h2>Tekniset tiedot:<\/h2>\n<ul>\n<li>Puisen hoitolaatikon korkeus: 6 cm<\/li>\n<li>leveys: 15 cm<\/li>\n<li>pituus: 28 cm<\/li>\n<li>Paino: 1,5 kg<\/li>\n<\/ul>\n<h2>Mukana:<\/h2>\n<ul>\n<li>Pellava\u00f6ljy puun ja ter\u00e4ksen hoitoon ja kunnossapitoon<\/li>\n<li>Pehme\u00e4 liina superin kanssa ty\u00f6skentelyyn<\/li>\n<li>Metalliharja ty\u00f6kalujen puhdistamiseen maaper\u00e4st\u00e4 ja liasta<\/li>\n<li>Teroitin lapion reunojen teroittamiseen, lapiot<\/li>\n<li>Luonnollinen puulaatikko pakkaamiseen<\/li>\n<\/ul>\n<div data-fullscreen=\"disabled\" data-mode=\"normal\" data-oembed=\"1\" data-provider=\"youtube\" data-reset-after-played id=\"arve-youtube-xxpdw-op8zm\" class=\"arve\">\n<div class=\"arve-inner\">\n<div style=\"aspect-ratio:1140\/641\" class=\"arve-embed arve-embed--has-aspect-ratio\">\n<div class=\"arve-ar\" style=\"padding-top:56.228070%\"><\/div>\n<p>\t\t\t<iframe allow=\"accelerometer &apos;none&apos;;autoplay &apos;none&apos;;bluetooth &apos;none&apos;;browsing-topics &apos;none&apos;;camera &apos;none&apos;;clipboard-read &apos;none&apos;;clipboard-write;display-capture &apos;none&apos;;encrypted-media &apos;none&apos;;gamepad &apos;none&apos;;geolocation &apos;none&apos;;gyroscope &apos;none&apos;;hid &apos;none&apos;;identity-credentials-get &apos;none&apos;;idle-detection &apos;none&apos;;keyboard-map &apos;none&apos;;local-fonts;magnetometer &apos;none&apos;;microphone &apos;none&apos;;midi &apos;none&apos;;otp-credentials &apos;none&apos;;payment &apos;none&apos;;picture-in-picture;publickey-credentials-create &apos;none&apos;;publickey-credentials-get &apos;none&apos;;screen-wake-lock &apos;none&apos;;serial &apos;none&apos;;summarizer &apos;none&apos;;sync-xhr;usb &apos;none&apos;;web-share;window-management &apos;none&apos;;xr-spatial-tracking &apos;none&apos;;\" allowfullscreen=\"\" class=\"arve-iframe fitvidsignore\" credentialless data-arve=\"arve-youtube-xxpdw-op8zm\" data-lenis-prevent=\"\" data-src-no-ap=\"https:\/\/www.youtube-nocookie.com\/embed\/xXPdw-oP8zM?feature=oembed&amp;iv_load_policy=3&amp;modestbranding=1&amp;rel=0&amp;autohide=1&amp;playsinline=0&amp;autoplay=0&amp;enablejsapi=1\" frameborder=\"0\" height=\"0\" loading=\"lazy\" name=\"\" referrerpolicy=\"strict-origin-when-cross-origin\" sandbox=\"allow-scripts allow-same-origin allow-presentation allow-popups allow-popups-to-escape-sandbox\" scrolling=\"no\" src=\"https:\/\/www.youtube-nocookie.com\/embed\/xXPdw-oP8zM?feature=oembed&#038;iv_load_policy=3&#038;modestbranding=1&#038;rel=0&#038;autohide=1&#038;playsinline=0&#038;autoplay=0&#038;enablejsapi=1\" title=\"Tool Maintenance Kit\" width=\"0\"><\/iframe><\/p><\/div>\n<\/p><\/div>\n<p>\t<script type=\"application\/ld+json\">{\"@context\":\"http:\\\/\\\/schema.org\\\/\",\"@id\":\"https:\\\/\\\/rodoaed.ee\\\/fi\\\/tuote\\\/sneeboer-puutarhatyokalujen-huoltosarja\\\/#arve-youtube-xxpdw-op8zm\",\"type\":\"VideoObject\",\"embedURL\":\"https:\\\/\\\/www.youtube-nocookie.com\\\/embed\\\/xXPdw-oP8zM?feature=oembed&iv_load_policy=3&modestbranding=1&rel=0&autohide=1&playsinline=0&autoplay=0&enablejsapi=1\",\"name\":\"Tool Maintenance Kit\",\"thumbnailUrl\":\"https:\\\/\\\/i.ytimg.com\\\/vi\\\/xXPdw-oP8zM\\\/hqdefault.jpg\",\"uploadDate\":\"2026-04-20T17:40:35+03:00\",\"author\":\"Sneeboer\",\"description\":\"Sneeboer-puutarhaty\\u00f6kalujen huoltopakkaus sis\\u00e4lt\\u00e4\\u00e4 kaikki puutarhaty\\u00f6kalujen huoltoon tarvittavat ty\\u00f6kalut. Tuotekoodi: 5035 Sneeboer Garden Tool Maintenance Kit -huoltosarjan avulla voit pit\\u00e4\\u00e4 kaikki arvokkaat k\\u00e4sin taotut puutarhaty\\u00f6kalusi t\\u00e4ydellisess\\u00e4 kunnossa puutarhasi maaper\\u00e4olosuhteista riip\"}<\/script><\/p>\n<\/div>\n","protected":false},"excerpt":{"rendered":"<p>Sneeboer-puutarhaty\u00f6kalujen huoltopakkaus sis\u00e4lt\u00e4\u00e4 kaikki puutarhaty\u00f6kalujen huoltoon tarvittavat ty\u00f6kalut. Tuotekoodi: 5035 Sneeboer Garden Tool Maintenance Kit -huoltosarjan avulla voit pit\u00e4\u00e4 kaikki arvokkaat k\u00e4sin taotut puutarhaty\u00f6kalusi t\u00e4ydellisess\u00e4 kunnossa puutarhasi maaper\u00e4olosuhteista riippumatta. Sneeboer-huoltosarja sis\u00e4lt\u00e4\u00e4 pellava\u00f6ljy\u00e4, erityisen teroittimen ja metalliharjan. N\u00e4m\u00e4 ovat v\u00e4ltt\u00e4m\u00e4tt\u00f6mi\u00e4 ty\u00f6kaluja, joilla pid\u00e4t puutarhav\u00e4lineesi ter\u00e4st\u00e4 puukahvaan asti huippukunnossa. Tuhka- ja kirsikkakahvat voi pyyhki\u00e4 \u00f6ljyll\u00e4. \u00d6ljy on my\u00f6s eritt\u00e4in hy\u00f6dyllinen v\u00e4line hiiliter\u00e4ksisten ty\u00f6kalupintojen puhdistamiseen ja pinnoittamiseen. K\u00e4yt\u00e4&#8230;<\/p>\n","protected":false},"featured_media":33613,"template":"","meta":{"_acf_changed":false},"product_brand":[],"product_cat":[1859,1836,1743,2193,1889,1786,1922,1857],"product_tag":[],"class_list":{"0":"post-53670","1":"product","2":"type-product","3":"status-publish","4":"has-post-thumbnail","6":"product_cat-istutuskauhat","7":"product_cat-lahjat-miehille","8":"product_cat-lisalahjat-lahjat","9":"product_cat-nykyt-ja-kokkareet","10":"product_cat-puutarhatyokalut","11":"product_cat-puutarhatyokalut-lapsille","12":"product_cat-renkaat-ja-lapiot","13":"product_cat-tyokalupaketit","14":"product_shipping_class-toimitus-1-3-tyopaivan-kuluessa","15":"pa_variatsioon-sneeboer-tyokalujen-huoltosarja","17":"first","18":"onbackorder","19":"taxable","20":"shipping-taxable","21":"purchasable","22":"product-type-simple"},"acf":[],"yoast_head":"<!-- This site is optimized with the Yoast SEO Premium plugin v27.3 (Yoast SEO v27.3) - https:\/\/yoast.com\/product\/yoast-seo-premium-wordpress\/ -->\n<title>Sneeboer puutarhaty\u00f6kalujen huoltosarja - Rodoaed<\/title>\n<meta name=\"description\" content=\"Sneeboerin puutarhaty\u00f6kalujen huoltosarja auttaa sinua pit\u00e4m\u00e4\u00e4n kaikki arvokkaat puutarhaty\u00f6kalusi t\u00e4ydellisess\u00e4 kunnossa. Sneeboer-puutarhaty\u00f6kalujen huoltosarja.\" \/>\n<meta name=\"robots\" content=\"index, follow, max-snippet:-1, max-image-preview:large, max-video-preview:-1\" \/>\n<link rel=\"canonical\" href=\"https:\/\/rodoaed.ee\/fi\/toode\/sneeboer-puutarhatyokalujen-huoltosarja\/\" \/>\n<meta property=\"og:locale\" content=\"fi_FI\" \/>\n<meta property=\"og:type\" content=\"article\" \/>\n<meta property=\"og:title\" content=\"Sneeboer puutarhaty\u00f6kalujen huoltosarja\" \/>\n<meta property=\"og:description\" content=\"Sneeboer-puutarhaty\u00f6kalujen huoltopakkaus sis\u00e4lt\u00e4\u00e4 kaikki puutarhaty\u00f6kalujen huoltoon tarvittavat ty\u00f6kalut. Tuotekoodi: 5035 Sneeboer Garden Tool\" \/>\n<meta property=\"og:url\" content=\"https:\/\/rodoaed.ee\/fi\/toode\/sneeboer-puutarhatyokalujen-huoltosarja\/\" \/>\n<meta property=\"og:site_name\" content=\"Rodoaed\" \/>\n<meta property=\"article:publisher\" content=\"https:\/\/www.facebook.com\/kasvuhooned\/\" \/>\n<meta property=\"article:modified_time\" content=\"2026-04-13T08:09:53+00:00\" \/>\n<meta property=\"og:image\" content=\"https:\/\/rodoaed.ee\/wp-content\/uploads\/2019\/08\/Aiatooriistade-Hoolduskomplekt-Sneeboer_12.png\" \/>\n\t<meta property=\"og:image:width\" content=\"1514\" \/>\n\t<meta property=\"og:image:height\" content=\"1330\" \/>\n\t<meta property=\"og:image:type\" content=\"image\/png\" \/>\n<meta name=\"twitter:card\" content=\"summary_large_image\" \/>\n<meta name=\"twitter:label1\" content=\"Arvioitu lukuaika\" \/>\n\t<meta name=\"twitter:data1\" content=\"2 minuuttia\" \/>\n<script type=\"application\/ld+json\" class=\"yoast-schema-graph\">{\"@context\":\"https:\\\/\\\/schema.org\",\"@graph\":[{\"@type\":\"WebPage\",\"@id\":\"https:\\\/\\\/rodoaed.ee\\\/fi\\\/toode\\\/sneeboer-puutarhatyokalujen-huoltosarja\\\/\",\"url\":\"https:\\\/\\\/rodoaed.ee\\\/fi\\\/toode\\\/sneeboer-puutarhatyokalujen-huoltosarja\\\/\",\"name\":\"Sneeboer puutarhaty\u00f6kalujen huoltosarja - Rodoaed\",\"isPartOf\":{\"@id\":\"https:\\\/\\\/rodoaed.ee\\\/#website\"},\"primaryImageOfPage\":{\"@id\":\"https:\\\/\\\/rodoaed.ee\\\/fi\\\/toode\\\/sneeboer-puutarhatyokalujen-huoltosarja\\\/#primaryimage\"},\"image\":{\"@id\":\"https:\\\/\\\/rodoaed.ee\\\/fi\\\/toode\\\/sneeboer-puutarhatyokalujen-huoltosarja\\\/#primaryimage\"},\"thumbnailUrl\":\"https:\\\/\\\/rodoaed.ee\\\/wp-content\\\/uploads\\\/2019\\\/08\\\/Aiatooriistade-Hoolduskomplekt-Sneeboer_12.png\",\"datePublished\":\"2019-08-02T09:56:40+00:00\",\"dateModified\":\"2026-04-13T08:09:53+00:00\",\"description\":\"Sneeboerin puutarhaty\u00f6kalujen huoltosarja auttaa sinua pit\u00e4m\u00e4\u00e4n kaikki arvokkaat puutarhaty\u00f6kalusi t\u00e4ydellisess\u00e4 kunnossa. Sneeboer-puutarhaty\u00f6kalujen huoltosarja.\",\"breadcrumb\":{\"@id\":\"https:\\\/\\\/rodoaed.ee\\\/fi\\\/toode\\\/sneeboer-puutarhatyokalujen-huoltosarja\\\/#breadcrumb\"},\"inLanguage\":\"fi\",\"potentialAction\":[{\"@type\":\"ReadAction\",\"target\":[\"https:\\\/\\\/rodoaed.ee\\\/fi\\\/toode\\\/sneeboer-puutarhatyokalujen-huoltosarja\\\/\"]}]},{\"@type\":\"ImageObject\",\"inLanguage\":\"fi\",\"@id\":\"https:\\\/\\\/rodoaed.ee\\\/fi\\\/toode\\\/sneeboer-puutarhatyokalujen-huoltosarja\\\/#primaryimage\",\"url\":\"https:\\\/\\\/rodoaed.ee\\\/wp-content\\\/uploads\\\/2019\\\/08\\\/Aiatooriistade-Hoolduskomplekt-Sneeboer_12.png\",\"contentUrl\":\"https:\\\/\\\/rodoaed.ee\\\/wp-content\\\/uploads\\\/2019\\\/08\\\/Aiatooriistade-Hoolduskomplekt-Sneeboer_12.png\",\"width\":1514,\"height\":1330,\"caption\":\"Sneeboer Puutarhaty\u00f6kalujen huoltosarja\"},{\"@type\":\"BreadcrumbList\",\"@id\":\"https:\\\/\\\/rodoaed.ee\\\/fi\\\/toode\\\/sneeboer-puutarhatyokalujen-huoltosarja\\\/#breadcrumb\",\"itemListElement\":[{\"@type\":\"ListItem\",\"position\":1,\"name\":\"Home\",\"item\":\"https:\\\/\\\/rodoaed.ee\\\/fi\\\/\"},{\"@type\":\"ListItem\",\"position\":2,\"name\":\"Osta osoitteessa\",\"item\":\"https:\\\/\\\/rodoaed.ee\\\/osta-osoitteessa\\\/\"},{\"@type\":\"ListItem\",\"position\":3,\"name\":\"Sneeboer puutarhaty\u00f6kalujen huoltosarja\"}]},{\"@type\":\"WebSite\",\"@id\":\"https:\\\/\\\/rodoaed.ee\\\/#website\",\"url\":\"https:\\\/\\\/rodoaed.ee\\\/\",\"name\":\"Rodoaed\",\"description\":\"\",\"publisher\":{\"@id\":\"https:\\\/\\\/rodoaed.ee\\\/#organization\"},\"potentialAction\":[{\"@type\":\"SearchAction\",\"target\":{\"@type\":\"EntryPoint\",\"urlTemplate\":\"https:\\\/\\\/rodoaed.ee\\\/?s={search_term_string}\"},\"query-input\":{\"@type\":\"PropertyValueSpecification\",\"valueRequired\":true,\"valueName\":\"search_term_string\"}}],\"inLanguage\":\"fi\"},{\"@type\":\"Organization\",\"@id\":\"https:\\\/\\\/rodoaed.ee\\\/#organization\",\"name\":\"Rodoaed\",\"url\":\"https:\\\/\\\/rodoaed.ee\\\/\",\"logo\":{\"@type\":\"ImageObject\",\"inLanguage\":\"fi\",\"@id\":\"https:\\\/\\\/rodoaed.ee\\\/#\\\/schema\\\/logo\\\/image\\\/\",\"url\":\"https:\\\/\\\/rodoaed.ee\\\/wp-content\\\/uploads\\\/2019\\\/11\\\/rodoaed-logo-ilma-taustata.jpg\",\"contentUrl\":\"https:\\\/\\\/rodoaed.ee\\\/wp-content\\\/uploads\\\/2019\\\/11\\\/rodoaed-logo-ilma-taustata.jpg\",\"width\":769,\"height\":268,\"caption\":\"Rodoaed\"},\"image\":{\"@id\":\"https:\\\/\\\/rodoaed.ee\\\/#\\\/schema\\\/logo\\\/image\\\/\"},\"sameAs\":[\"https:\\\/\\\/www.facebook.com\\\/kasvuhooned\\\/\",\"https:\\\/\\\/rodoaed.ee\"]}]}<\/script>\n<!-- \/ Yoast SEO Premium plugin. -->","yoast_head_json":{"title":"Sneeboer puutarhaty\u00f6kalujen huoltosarja - Rodoaed","description":"Sneeboerin puutarhaty\u00f6kalujen huoltosarja auttaa sinua pit\u00e4m\u00e4\u00e4n kaikki arvokkaat puutarhaty\u00f6kalusi t\u00e4ydellisess\u00e4 kunnossa. Sneeboer-puutarhaty\u00f6kalujen huoltosarja.","robots":{"index":"index","follow":"follow","max-snippet":"max-snippet:-1","max-image-preview":"max-image-preview:large","max-video-preview":"max-video-preview:-1"},"canonical":"https:\/\/rodoaed.ee\/fi\/toode\/sneeboer-puutarhatyokalujen-huoltosarja\/","og_locale":"fi_FI","og_type":"article","og_title":"Sneeboer puutarhaty\u00f6kalujen huoltosarja","og_description":"Sneeboer-puutarhaty\u00f6kalujen huoltopakkaus sis\u00e4lt\u00e4\u00e4 kaikki puutarhaty\u00f6kalujen huoltoon tarvittavat ty\u00f6kalut. Tuotekoodi: 5035 Sneeboer Garden Tool","og_url":"https:\/\/rodoaed.ee\/fi\/toode\/sneeboer-puutarhatyokalujen-huoltosarja\/","og_site_name":"Rodoaed","article_publisher":"https:\/\/www.facebook.com\/kasvuhooned\/","article_modified_time":"2026-04-13T08:09:53+00:00","og_image":[{"width":1514,"height":1330,"url":"https:\/\/rodoaed.ee\/wp-content\/uploads\/2019\/08\/Aiatooriistade-Hoolduskomplekt-Sneeboer_12.png","type":"image\/png"}],"twitter_card":"summary_large_image","twitter_misc":{"Arvioitu lukuaika":"2 minuuttia"},"schema":{"@context":"https:\/\/schema.org","@graph":[{"@type":"WebPage","@id":"https:\/\/rodoaed.ee\/fi\/toode\/sneeboer-puutarhatyokalujen-huoltosarja\/","url":"https:\/\/rodoaed.ee\/fi\/toode\/sneeboer-puutarhatyokalujen-huoltosarja\/","name":"Sneeboer puutarhaty\u00f6kalujen huoltosarja - Rodoaed","isPartOf":{"@id":"https:\/\/rodoaed.ee\/#website"},"primaryImageOfPage":{"@id":"https:\/\/rodoaed.ee\/fi\/toode\/sneeboer-puutarhatyokalujen-huoltosarja\/#primaryimage"},"image":{"@id":"https:\/\/rodoaed.ee\/fi\/toode\/sneeboer-puutarhatyokalujen-huoltosarja\/#primaryimage"},"thumbnailUrl":"https:\/\/rodoaed.ee\/wp-content\/uploads\/2019\/08\/Aiatooriistade-Hoolduskomplekt-Sneeboer_12.png","datePublished":"2019-08-02T09:56:40+00:00","dateModified":"2026-04-13T08:09:53+00:00","description":"Sneeboerin puutarhaty\u00f6kalujen huoltosarja auttaa sinua pit\u00e4m\u00e4\u00e4n kaikki arvokkaat puutarhaty\u00f6kalusi t\u00e4ydellisess\u00e4 kunnossa. Sneeboer-puutarhaty\u00f6kalujen huoltosarja.","breadcrumb":{"@id":"https:\/\/rodoaed.ee\/fi\/toode\/sneeboer-puutarhatyokalujen-huoltosarja\/#breadcrumb"},"inLanguage":"fi","potentialAction":[{"@type":"ReadAction","target":["https:\/\/rodoaed.ee\/fi\/toode\/sneeboer-puutarhatyokalujen-huoltosarja\/"]}]},{"@type":"ImageObject","inLanguage":"fi","@id":"https:\/\/rodoaed.ee\/fi\/toode\/sneeboer-puutarhatyokalujen-huoltosarja\/#primaryimage","url":"https:\/\/rodoaed.ee\/wp-content\/uploads\/2019\/08\/Aiatooriistade-Hoolduskomplekt-Sneeboer_12.png","contentUrl":"https:\/\/rodoaed.ee\/wp-content\/uploads\/2019\/08\/Aiatooriistade-Hoolduskomplekt-Sneeboer_12.png","width":1514,"height":1330,"caption":"Sneeboer Puutarhaty\u00f6kalujen huoltosarja"},{"@type":"BreadcrumbList","@id":"https:\/\/rodoaed.ee\/fi\/toode\/sneeboer-puutarhatyokalujen-huoltosarja\/#breadcrumb","itemListElement":[{"@type":"ListItem","position":1,"name":"Home","item":"https:\/\/rodoaed.ee\/fi\/"},{"@type":"ListItem","position":2,"name":"Osta osoitteessa","item":"https:\/\/rodoaed.ee\/osta-osoitteessa\/"},{"@type":"ListItem","position":3,"name":"Sneeboer puutarhaty\u00f6kalujen huoltosarja"}]},{"@type":"WebSite","@id":"https:\/\/rodoaed.ee\/#website","url":"https:\/\/rodoaed.ee\/","name":"Rodoaed","description":"","publisher":{"@id":"https:\/\/rodoaed.ee\/#organization"},"potentialAction":[{"@type":"SearchAction","target":{"@type":"EntryPoint","urlTemplate":"https:\/\/rodoaed.ee\/?s={search_term_string}"},"query-input":{"@type":"PropertyValueSpecification","valueRequired":true,"valueName":"search_term_string"}}],"inLanguage":"fi"},{"@type":"Organization","@id":"https:\/\/rodoaed.ee\/#organization","name":"Rodoaed","url":"https:\/\/rodoaed.ee\/","logo":{"@type":"ImageObject","inLanguage":"fi","@id":"https:\/\/rodoaed.ee\/#\/schema\/logo\/image\/","url":"https:\/\/rodoaed.ee\/wp-content\/uploads\/2019\/11\/rodoaed-logo-ilma-taustata.jpg","contentUrl":"https:\/\/rodoaed.ee\/wp-content\/uploads\/2019\/11\/rodoaed-logo-ilma-taustata.jpg","width":769,"height":268,"caption":"Rodoaed"},"image":{"@id":"https:\/\/rodoaed.ee\/#\/schema\/logo\/image\/"},"sameAs":["https:\/\/www.facebook.com\/kasvuhooned\/","https:\/\/rodoaed.ee"]}]}},"_links":{"self":[{"href":"https:\/\/rodoaed.ee\/fi\/wp-json\/wp\/v2\/product\/53670","targetHints":{"allow":["GET"]}}],"collection":[{"href":"https:\/\/rodoaed.ee\/fi\/wp-json\/wp\/v2\/product"}],"about":[{"href":"https:\/\/rodoaed.ee\/fi\/wp-json\/wp\/v2\/types\/product"}],"wp:featuredmedia":[{"embeddable":true,"href":"https:\/\/rodoaed.ee\/fi\/wp-json\/wp\/v2\/media\/33613"}],"wp:attachment":[{"href":"https:\/\/rodoaed.ee\/fi\/wp-json\/wp\/v2\/media?parent=53670"}],"wp:term":[{"taxonomy":"product_brand","embeddable":true,"href":"https:\/\/rodoaed.ee\/fi\/wp-json\/wp\/v2\/product_brand?post=53670"},{"taxonomy":"product_cat","embeddable":true,"href":"https:\/\/rodoaed.ee\/fi\/wp-json\/wp\/v2\/product_cat?post=53670"},{"taxonomy":"product_tag","embeddable":true,"href":"https:\/\/rodoaed.ee\/fi\/wp-json\/wp\/v2\/product_tag?post=53670"}],"curies":[{"name":"wp","href":"https:\/\/api.w.org\/{rel}","templated":true}]}}