{"id":53671,"date":"2019-08-02T12:56:40","date_gmt":"2019-08-02T09:56:40","guid":{"rendered":"https:\/\/rodoaed.ee\/toode\/teflonliimapaperit-6kpl-uunin-hyllyille-tarjoushinta\/"},"modified":"2026-04-13T11:09:53","modified_gmt":"2026-04-13T08:09:53","slug":"teflonliimapaperit-6kpl-uunin-hyllyille-tarjoushinta","status":"publish","type":"product","link":"https:\/\/rodoaed.ee\/fi\/tuote\/teflonliimapaperit-6kpl-uunin-hyllyille-tarjoushinta\/","title":{"rendered":"Teflonliimapaperit 6kpl uunin hyllyille &#8211; tarjoushinta!"},"content":{"rendered":"<h2>Joukko tarttumattomia teflonlevyj\u00e4 ruoankuivausrumpua varten. N\u00e4in voit kuivata jopa hyvin nestem\u00e4isi\u00e4 elintarvikkeita, kuten smoothieita, soseet ja keitot. <\/h2>\n<p><strong>6 vaihdettavan tarttumattoman teflonlevyn sarja.<\/strong><\/p>\n<p>Pohjalevyjen k\u00e4ytt\u00f6 helpottaa nesteiden, kuten keittojen, soseiden ja smoothieiden kuivaamista. Se on my\u00f6s yleist\u00e4 retkeilij\u00f6iden keskuudessa v\u00e4lipalojen, kuten raakojen kananmunien, hernekeiton jne. kuivaamiseen. <\/p>\n<p>Tarjottimet ovat hy\u00f6dyllisi\u00e4 my\u00f6s kuivattaessa hienorakeisia elintarvikkeita, jotka muuten putoavat kuivaustelineen reikien l\u00e4pi.<\/p>\n<p>Soveltuu k\u00e4ytett\u00e4v\u00e4ksi kaikissa TRE Spade -kuivausrummuissa ja my\u00f6s muiden valmistajien malleissa.<\/p>\n<p>Yhden teflonlevyn mitat: n. 25x36cm.<\/p>\n<p><a href=\"https:\/\/rodoaed.ee\/fi\/\">kotisivu<\/a> <a href=\"https:\/\/rodoaed.ee\/fi\/tootekategooria\/keittiolaitteet\/\">k\u00e4ynnist\u00e4<\/a> <a href=\"https:\/\/rodoaed.ee\/fi\/tootekategooria\/keittiolaitteet\/elintarvikkeiden-kuivausrummut\/\">elintarvikekuivurit<\/a><\/p>\n<p>&nbsp;<\/p>\n","protected":false},"excerpt":{"rendered":"<p>Joukko tarttumattomia teflonlevyj\u00e4 ruoankuivausrumpua varten. N\u00e4in voit kuivata jopa hyvin nestem\u00e4isi\u00e4 elintarvikkeita, kuten smoothieita, soseet ja keitot. 6 vaihdettavan tarttumattoman teflonlevyn sarja. Pohjalevyjen k\u00e4ytt\u00f6 helpottaa nesteiden, kuten keittojen, soseiden ja smoothieiden kuivaamista. Se on my\u00f6s yleist\u00e4 retkeilij\u00f6iden keskuudessa v\u00e4lipalojen, kuten raakojen kananmunien, hernekeiton jne. kuivaamiseen. Tarjottimet ovat hy\u00f6dyllisi\u00e4 my\u00f6s kuivattaessa hienorakeisia elintarvikkeita, jotka muuten putoavat kuivaustelineen reikien l\u00e4pi. Soveltuu k\u00e4ytett\u00e4v\u00e4ksi kaikissa TRE Spade -kuivausrummuissa ja&#8230;<\/p>\n","protected":false},"featured_media":17223,"template":"","meta":{"_acf_changed":false},"product_brand":[],"product_cat":[1770],"product_tag":[],"class_list":{"0":"post-53671","1":"product","2":"type-product","3":"status-publish","4":"has-post-thumbnail","6":"product_cat-elintarvikkeiden-kuivausrummut","7":"product_shipping_class-toimitus-1-3-tyopaivan-kuluessa","8":"pa_variatsioon-uutuus-teflon-levyja-6kpl-elintarvikekuivaushyllyihin","10":"first","11":"instock","12":"sale","13":"taxable","14":"shipping-taxable","15":"purchasable","16":"product-type-simple"},"acf":[],"yoast_head":"<!-- This site is optimized with the Yoast SEO Premium plugin v27.3 (Yoast SEO v27.3) - https:\/\/yoast.com\/product\/yoast-seo-premium-wordpress\/ -->\n<title>Teflonliimapaperit 6kpl uunin hyllyille - tarjoushinta! - Rodoaed<\/title>\n<meta name=\"description\" content=\"Joukko tarttumattomia teflonlevyj\u00e4 ruoankuivausrumpua varten. N\u00e4in voit kuivata jopa hyvin nestem\u00e4isi\u00e4 elintarvikkeita, kuten smoothieita, soseet ja keitot.\" \/>\n<meta name=\"robots\" content=\"index, follow, max-snippet:-1, max-image-preview:large, max-video-preview:-1\" \/>\n<link rel=\"canonical\" href=\"https:\/\/rodoaed.ee\/fi\/toode\/teflonliimapaperit-6kpl-uunin-hyllyille-tarjoushinta\/\" \/>\n<meta property=\"og:locale\" content=\"fi_FI\" \/>\n<meta property=\"og:type\" content=\"article\" \/>\n<meta property=\"og:title\" content=\"Teflonliimapaperit 6kpl uunin hyllyille - tarjoushinta!\" \/>\n<meta property=\"og:description\" content=\"Joukko tarttumattomia teflonlevyj\u00e4 ruoankuivausrumpua varten. N\u00e4in voit kuivata jopa hyvin nestem\u00e4isi\u00e4 elintarvikkeita, kuten smoothieita, soseet ja\" \/>\n<meta property=\"og:url\" content=\"https:\/\/rodoaed.ee\/fi\/toode\/teflonliimapaperit-6kpl-uunin-hyllyille-tarjoushinta\/\" \/>\n<meta property=\"og:site_name\" content=\"Rodoaed\" \/>\n<meta property=\"article:publisher\" content=\"https:\/\/www.facebook.com\/kasvuhooned\/\" \/>\n<meta property=\"article:modified_time\" content=\"2026-04-13T08:09:53+00:00\" \/>\n<meta property=\"og:image\" content=\"https:\/\/rodoaed.ee\/wp-content\/uploads\/2019\/07\/toidukuivati-tarvikud-4.jpg\" \/>\n\t<meta property=\"og:image:width\" content=\"5376\" \/>\n\t<meta property=\"og:image:height\" content=\"3536\" \/>\n\t<meta property=\"og:image:type\" content=\"image\/jpeg\" \/>\n<meta name=\"twitter:card\" content=\"summary_large_image\" \/>\n<script type=\"application\/ld+json\" class=\"yoast-schema-graph\">{\"@context\":\"https:\\\/\\\/schema.org\",\"@graph\":[{\"@type\":\"WebPage\",\"@id\":\"https:\\\/\\\/rodoaed.ee\\\/fi\\\/toode\\\/teflonliimapaperit-6kpl-uunin-hyllyille-tarjoushinta\\\/\",\"url\":\"https:\\\/\\\/rodoaed.ee\\\/fi\\\/toode\\\/teflonliimapaperit-6kpl-uunin-hyllyille-tarjoushinta\\\/\",\"name\":\"Teflonliimapaperit 6kpl uunin hyllyille - tarjoushinta! - Rodoaed\",\"isPartOf\":{\"@id\":\"https:\\\/\\\/rodoaed.ee\\\/#website\"},\"primaryImageOfPage\":{\"@id\":\"https:\\\/\\\/rodoaed.ee\\\/fi\\\/toode\\\/teflonliimapaperit-6kpl-uunin-hyllyille-tarjoushinta\\\/#primaryimage\"},\"image\":{\"@id\":\"https:\\\/\\\/rodoaed.ee\\\/fi\\\/toode\\\/teflonliimapaperit-6kpl-uunin-hyllyille-tarjoushinta\\\/#primaryimage\"},\"thumbnailUrl\":\"https:\\\/\\\/rodoaed.ee\\\/wp-content\\\/uploads\\\/2019\\\/07\\\/toidukuivati-tarvikud-4.jpg\",\"datePublished\":\"2019-08-02T09:56:40+00:00\",\"dateModified\":\"2026-04-13T08:09:53+00:00\",\"description\":\"Joukko tarttumattomia teflonlevyj\u00e4 ruoankuivausrumpua varten. N\u00e4in voit kuivata jopa hyvin nestem\u00e4isi\u00e4 elintarvikkeita, kuten smoothieita, soseet ja keitot.\",\"breadcrumb\":{\"@id\":\"https:\\\/\\\/rodoaed.ee\\\/fi\\\/toode\\\/teflonliimapaperit-6kpl-uunin-hyllyille-tarjoushinta\\\/#breadcrumb\"},\"inLanguage\":\"fi\",\"potentialAction\":[{\"@type\":\"ReadAction\",\"target\":[\"https:\\\/\\\/rodoaed.ee\\\/fi\\\/toode\\\/teflonliimapaperit-6kpl-uunin-hyllyille-tarjoushinta\\\/\"]}]},{\"@type\":\"ImageObject\",\"inLanguage\":\"fi\",\"@id\":\"https:\\\/\\\/rodoaed.ee\\\/fi\\\/toode\\\/teflonliimapaperit-6kpl-uunin-hyllyille-tarjoushinta\\\/#primaryimage\",\"url\":\"https:\\\/\\\/rodoaed.ee\\\/wp-content\\\/uploads\\\/2019\\\/07\\\/toidukuivati-tarvikud-4.jpg\",\"contentUrl\":\"https:\\\/\\\/rodoaed.ee\\\/wp-content\\\/uploads\\\/2019\\\/07\\\/toidukuivati-tarvikud-4.jpg\",\"width\":5376,\"height\":3536},{\"@type\":\"BreadcrumbList\",\"@id\":\"https:\\\/\\\/rodoaed.ee\\\/fi\\\/toode\\\/teflonliimapaperit-6kpl-uunin-hyllyille-tarjoushinta\\\/#breadcrumb\",\"itemListElement\":[{\"@type\":\"ListItem\",\"position\":1,\"name\":\"Home\",\"item\":\"https:\\\/\\\/rodoaed.ee\\\/fi\\\/\"},{\"@type\":\"ListItem\",\"position\":2,\"name\":\"Osta osoitteessa\",\"item\":\"https:\\\/\\\/rodoaed.ee\\\/osta-osoitteessa\\\/\"},{\"@type\":\"ListItem\",\"position\":3,\"name\":\"Teflonliimapaperit 6kpl uunin hyllyille &#8211; tarjoushinta!\"}]},{\"@type\":\"WebSite\",\"@id\":\"https:\\\/\\\/rodoaed.ee\\\/#website\",\"url\":\"https:\\\/\\\/rodoaed.ee\\\/\",\"name\":\"Rodoaed\",\"description\":\"\",\"publisher\":{\"@id\":\"https:\\\/\\\/rodoaed.ee\\\/#organization\"},\"potentialAction\":[{\"@type\":\"SearchAction\",\"target\":{\"@type\":\"EntryPoint\",\"urlTemplate\":\"https:\\\/\\\/rodoaed.ee\\\/?s={search_term_string}\"},\"query-input\":{\"@type\":\"PropertyValueSpecification\",\"valueRequired\":true,\"valueName\":\"search_term_string\"}}],\"inLanguage\":\"fi\"},{\"@type\":\"Organization\",\"@id\":\"https:\\\/\\\/rodoaed.ee\\\/#organization\",\"name\":\"Rodoaed\",\"url\":\"https:\\\/\\\/rodoaed.ee\\\/\",\"logo\":{\"@type\":\"ImageObject\",\"inLanguage\":\"fi\",\"@id\":\"https:\\\/\\\/rodoaed.ee\\\/#\\\/schema\\\/logo\\\/image\\\/\",\"url\":\"https:\\\/\\\/rodoaed.ee\\\/wp-content\\\/uploads\\\/2019\\\/11\\\/rodoaed-logo-ilma-taustata.jpg\",\"contentUrl\":\"https:\\\/\\\/rodoaed.ee\\\/wp-content\\\/uploads\\\/2019\\\/11\\\/rodoaed-logo-ilma-taustata.jpg\",\"width\":769,\"height\":268,\"caption\":\"Rodoaed\"},\"image\":{\"@id\":\"https:\\\/\\\/rodoaed.ee\\\/#\\\/schema\\\/logo\\\/image\\\/\"},\"sameAs\":[\"https:\\\/\\\/www.facebook.com\\\/kasvuhooned\\\/\",\"https:\\\/\\\/rodoaed.ee\"]}]}<\/script>\n<!-- \/ Yoast SEO Premium plugin. -->","yoast_head_json":{"title":"Teflonliimapaperit 6kpl uunin hyllyille - tarjoushinta! - Rodoaed","description":"Joukko tarttumattomia teflonlevyj\u00e4 ruoankuivausrumpua varten. N\u00e4in voit kuivata jopa hyvin nestem\u00e4isi\u00e4 elintarvikkeita, kuten smoothieita, soseet ja keitot.","robots":{"index":"index","follow":"follow","max-snippet":"max-snippet:-1","max-image-preview":"max-image-preview:large","max-video-preview":"max-video-preview:-1"},"canonical":"https:\/\/rodoaed.ee\/fi\/toode\/teflonliimapaperit-6kpl-uunin-hyllyille-tarjoushinta\/","og_locale":"fi_FI","og_type":"article","og_title":"Teflonliimapaperit 6kpl uunin hyllyille - tarjoushinta!","og_description":"Joukko tarttumattomia teflonlevyj\u00e4 ruoankuivausrumpua varten. N\u00e4in voit kuivata jopa hyvin nestem\u00e4isi\u00e4 elintarvikkeita, kuten smoothieita, soseet ja","og_url":"https:\/\/rodoaed.ee\/fi\/toode\/teflonliimapaperit-6kpl-uunin-hyllyille-tarjoushinta\/","og_site_name":"Rodoaed","article_publisher":"https:\/\/www.facebook.com\/kasvuhooned\/","article_modified_time":"2026-04-13T08:09:53+00:00","og_image":[{"width":5376,"height":3536,"url":"https:\/\/rodoaed.ee\/wp-content\/uploads\/2019\/07\/toidukuivati-tarvikud-4.jpg","type":"image\/jpeg"}],"twitter_card":"summary_large_image","schema":{"@context":"https:\/\/schema.org","@graph":[{"@type":"WebPage","@id":"https:\/\/rodoaed.ee\/fi\/toode\/teflonliimapaperit-6kpl-uunin-hyllyille-tarjoushinta\/","url":"https:\/\/rodoaed.ee\/fi\/toode\/teflonliimapaperit-6kpl-uunin-hyllyille-tarjoushinta\/","name":"Teflonliimapaperit 6kpl uunin hyllyille - tarjoushinta! - Rodoaed","isPartOf":{"@id":"https:\/\/rodoaed.ee\/#website"},"primaryImageOfPage":{"@id":"https:\/\/rodoaed.ee\/fi\/toode\/teflonliimapaperit-6kpl-uunin-hyllyille-tarjoushinta\/#primaryimage"},"image":{"@id":"https:\/\/rodoaed.ee\/fi\/toode\/teflonliimapaperit-6kpl-uunin-hyllyille-tarjoushinta\/#primaryimage"},"thumbnailUrl":"https:\/\/rodoaed.ee\/wp-content\/uploads\/2019\/07\/toidukuivati-tarvikud-4.jpg","datePublished":"2019-08-02T09:56:40+00:00","dateModified":"2026-04-13T08:09:53+00:00","description":"Joukko tarttumattomia teflonlevyj\u00e4 ruoankuivausrumpua varten. N\u00e4in voit kuivata jopa hyvin nestem\u00e4isi\u00e4 elintarvikkeita, kuten smoothieita, soseet ja keitot.","breadcrumb":{"@id":"https:\/\/rodoaed.ee\/fi\/toode\/teflonliimapaperit-6kpl-uunin-hyllyille-tarjoushinta\/#breadcrumb"},"inLanguage":"fi","potentialAction":[{"@type":"ReadAction","target":["https:\/\/rodoaed.ee\/fi\/toode\/teflonliimapaperit-6kpl-uunin-hyllyille-tarjoushinta\/"]}]},{"@type":"ImageObject","inLanguage":"fi","@id":"https:\/\/rodoaed.ee\/fi\/toode\/teflonliimapaperit-6kpl-uunin-hyllyille-tarjoushinta\/#primaryimage","url":"https:\/\/rodoaed.ee\/wp-content\/uploads\/2019\/07\/toidukuivati-tarvikud-4.jpg","contentUrl":"https:\/\/rodoaed.ee\/wp-content\/uploads\/2019\/07\/toidukuivati-tarvikud-4.jpg","width":5376,"height":3536},{"@type":"BreadcrumbList","@id":"https:\/\/rodoaed.ee\/fi\/toode\/teflonliimapaperit-6kpl-uunin-hyllyille-tarjoushinta\/#breadcrumb","itemListElement":[{"@type":"ListItem","position":1,"name":"Home","item":"https:\/\/rodoaed.ee\/fi\/"},{"@type":"ListItem","position":2,"name":"Osta osoitteessa","item":"https:\/\/rodoaed.ee\/osta-osoitteessa\/"},{"@type":"ListItem","position":3,"name":"Teflonliimapaperit 6kpl uunin hyllyille &#8211; tarjoushinta!"}]},{"@type":"WebSite","@id":"https:\/\/rodoaed.ee\/#website","url":"https:\/\/rodoaed.ee\/","name":"Rodoaed","description":"","publisher":{"@id":"https:\/\/rodoaed.ee\/#organization"},"potentialAction":[{"@type":"SearchAction","target":{"@type":"EntryPoint","urlTemplate":"https:\/\/rodoaed.ee\/?s={search_term_string}"},"query-input":{"@type":"PropertyValueSpecification","valueRequired":true,"valueName":"search_term_string"}}],"inLanguage":"fi"},{"@type":"Organization","@id":"https:\/\/rodoaed.ee\/#organization","name":"Rodoaed","url":"https:\/\/rodoaed.ee\/","logo":{"@type":"ImageObject","inLanguage":"fi","@id":"https:\/\/rodoaed.ee\/#\/schema\/logo\/image\/","url":"https:\/\/rodoaed.ee\/wp-content\/uploads\/2019\/11\/rodoaed-logo-ilma-taustata.jpg","contentUrl":"https:\/\/rodoaed.ee\/wp-content\/uploads\/2019\/11\/rodoaed-logo-ilma-taustata.jpg","width":769,"height":268,"caption":"Rodoaed"},"image":{"@id":"https:\/\/rodoaed.ee\/#\/schema\/logo\/image\/"},"sameAs":["https:\/\/www.facebook.com\/kasvuhooned\/","https:\/\/rodoaed.ee"]}]}},"_links":{"self":[{"href":"https:\/\/rodoaed.ee\/fi\/wp-json\/wp\/v2\/product\/53671","targetHints":{"allow":["GET"]}}],"collection":[{"href":"https:\/\/rodoaed.ee\/fi\/wp-json\/wp\/v2\/product"}],"about":[{"href":"https:\/\/rodoaed.ee\/fi\/wp-json\/wp\/v2\/types\/product"}],"wp:featuredmedia":[{"embeddable":true,"href":"https:\/\/rodoaed.ee\/fi\/wp-json\/wp\/v2\/media\/17223"}],"wp:attachment":[{"href":"https:\/\/rodoaed.ee\/fi\/wp-json\/wp\/v2\/media?parent=53671"}],"wp:term":[{"taxonomy":"product_brand","embeddable":true,"href":"https:\/\/rodoaed.ee\/fi\/wp-json\/wp\/v2\/product_brand?post=53671"},{"taxonomy":"product_cat","embeddable":true,"href":"https:\/\/rodoaed.ee\/fi\/wp-json\/wp\/v2\/product_cat?post=53671"},{"taxonomy":"product_tag","embeddable":true,"href":"https:\/\/rodoaed.ee\/fi\/wp-json\/wp\/v2\/product_tag?post=53671"}],"curies":[{"name":"wp","href":"https:\/\/api.w.org\/{rel}","templated":true}]}}