{"id":53674,"date":"2019-08-02T12:56:40","date_gmt":"2019-08-02T09:56:40","guid":{"rendered":"https:\/\/rodoaed.ee\/toode\/sakset-1010-suora-tera-kaantyva-kahva-testivoittaja\/"},"modified":"2026-04-13T11:09:55","modified_gmt":"2026-04-13T08:09:55","slug":"sakset-1010-suora-tera-kaantyva-kahva-testivoittaja","status":"publish","type":"product","link":"https:\/\/rodoaed.ee\/fi\/tuote\/sakset-1010-suora-tera-kaantyva-kahva-testivoittaja\/","title":{"rendered":"Sakset 1010- suora ter\u00e4, k\u00e4\u00e4ntyv\u00e4 kahva- Testivoittaja"},"content":{"rendered":"<h2>Oksasakset, joissa on suora leikkuup\u00e4\u00e4 ja py\u00f6riv\u00e4 kahva. Py\u00f6riv\u00e4 kahva ei v\u00e4syt\u00e4 k\u00e4tt\u00e4, koska se liikkuu kahvan mukana leikatessa. <\/h2>\n<h2>Sakset harrastepuutarhurille ja ammattik\u00e4ytt\u00e4j\u00e4lle<\/h2>\n<h3>Saksan testivoittaja 5\/2016<\/h3>\n<p>Py\u00f6riv\u00e4 kahva tekee n\u00e4iden oksasaksien pitk\u00e4aikaisesta k\u00e4yt\u00f6st\u00e4 paljon mukavampaa kuin perinteisten oksasaksien k\u00e4yt\u00f6st\u00e4. Koska kahva py\u00f6rii ranteen mukana, kun sit\u00e4 painetaan, ranteeseen ei kohdistu j\u00e4nnityst\u00e4 ja k\u00e4si v\u00e4syy paljon v\u00e4hemm\u00e4n. Testivoittajan malli. Tunnustettu vuoden 2016 parhaiksi oksasaksiksi.   <\/p>\n<p><em>Saksalainen Berger-tuotemerkki on tunnettu Euroopassa ja maailmalla vuodesta 1919 l\u00e4htien erityisen mukavien ja korkealaatuisten puutarhav\u00e4lineiden valmistajana. Puutarhaty\u00f6kalut valmistetaan edelleen Euroopassa, Saksan Wuppertalissa sijaitsevassa tehtaassa. Valmistuksessa k\u00e4ytet\u00e4\u00e4n vain kest\u00e4vimpi\u00e4 materiaaleja, kuten ruostumatonta ter\u00e4st\u00e4, valettua alumiinia ja puuta.  <\/em><\/p>\n<p><em>Jokainen puutarhuri tiet\u00e4\u00e4, kuinka t\u00e4rke\u00e4\u00e4 on, ett\u00e4 h\u00e4nell\u00e4 on hyv\u00e4 ty\u00f6kalu. Ty\u00f6kaluja voi olla monenlaisia ja erikokoisia, mutta on aina muutama suosikki &#8211; oksasakset, oksasakset tai sahat &#8211; joita k\u00e4yt\u00e4mme mielell\u00e4mme. Ne ovat k\u00e4tevi\u00e4 ja niit\u00e4 on mukava k\u00e4ytt\u00e4\u00e4. Me vain suosimme niit\u00e4.   <\/em><\/p>\n<p><em>Itse asiassa kaikkien ty\u00f6kalujen pit\u00e4isi olla sellaisia, joita on aina hyv\u00e4 k\u00e4ytt\u00e4\u00e4 ja jotka eiv\u00e4t vaivaa k\u00e4si\u00e4. My\u00f6s ammattik\u00e4ytt\u00e4j\u00e4t tiet\u00e4v\u00e4t hyvin eron yksinkertaisen ty\u00f6kalun ja hyv\u00e4n ty\u00f6kalun v\u00e4lill\u00e4. Hyv\u00e4 ty\u00f6kalu ei v\u00e4syt\u00e4 yht\u00e4 paljon kuin yksinkertainen ty\u00f6kalu, edes pitk\u00e4n ty\u00f6p\u00e4iv\u00e4n aikana.  <\/em><\/p>\n<p>Hemmottele itse\u00e4si parhaalla!<\/p>\n<h2>T\u00e4rkeimm\u00e4t ominaisuudet:<\/h2>\n<ul>\n<li><strong>Py\u00f6riv\u00e4 kahva tekee pitk\u00e4aikaisesta k\u00e4yt\u00f6st\u00e4 paljon mukavampaa (ranne ei v\u00e4sy).<\/strong><\/li>\n<li>Taotusta ter\u00e4ksest\u00e4 valmistettu ter\u00e4<\/li>\n<li>Ruosteen kest\u00e4v\u00e4 ter\u00e4k\u00e4sittely<\/li>\n<li>Syv\u00e4 mehuura (mehu ei valu ter\u00e4lle leikattaessa).<\/li>\n<li>Malli, jossa on vaihdettavat ter\u00e4t (sek\u00e4 yl\u00e4- ett\u00e4 alater\u00e4t voidaan vaihtaa).<\/li>\n<li>Kevyt malli<\/li>\n<li>Terassa on k\u00e4tev\u00e4 \u00f6ljy\u00e4ukko<\/li>\n<li>Ergonomisesti muotoiltu kahva takaa miellytt\u00e4v\u00e4n k\u00e4yt\u00f6n<\/li>\n<li>Kahva ja leikkuukulma ovat eritt\u00e4in ranneyst\u00e4v\u00e4lliset (v\u00e4hemm\u00e4n ranteen rasitusta kuin perinteisill\u00e4 saksilla).<\/li>\n<li>Iskunvaimennin terien v\u00e4liss\u00e4<\/li>\n<li>Kiinnitin lukittuu v\u00e4liasentoon, jotta sakset eiv\u00e4t avaudu liian leveiksi hienojen oksien leikkaamista varten. Suojaa k\u00e4tt\u00e4 v\u00e4symykselt\u00e4. <\/li>\n<li><strong>PLUS<\/strong> lankaleikkuri ter\u00e4n alussa (ei tarvitse hakea erillist\u00e4 ty\u00f6kalua langan tai puutarhaverkon leikkaamiseen).<\/li>\n<\/ul>\n<h2>Tekniset tiedot:<\/h2>\n<ul>\n<li>Suurin sopiva haaran halkaisija: 25 mm<\/li>\n<li>Paino: 250g<\/li>\n<li>Pituus: 220 mm<\/li>\n<\/ul>\n","protected":false},"excerpt":{"rendered":"<p>Oksasakset, joissa on suora leikkuup\u00e4\u00e4 ja py\u00f6riv\u00e4 kahva. Py\u00f6riv\u00e4 kahva ei v\u00e4syt\u00e4 k\u00e4tt\u00e4, koska se liikkuu kahvan mukana leikatessa. Sakset harrastepuutarhurille ja ammattik\u00e4ytt\u00e4j\u00e4lle Saksan testivoittaja 5\/2016 Py\u00f6riv\u00e4 kahva tekee n\u00e4iden oksasaksien pitk\u00e4aikaisesta k\u00e4yt\u00f6st\u00e4 paljon mukavampaa kuin perinteisten oksasaksien k\u00e4yt\u00f6st\u00e4. Koska kahva py\u00f6rii ranteen mukana, kun sit\u00e4 painetaan, ranteeseen ei kohdistu j\u00e4nnityst\u00e4 ja k\u00e4si v\u00e4syy paljon v\u00e4hemm\u00e4n. Testivoittajan malli. Tunnustettu vuoden 2016 parhaiksi oksasaksiksi. Saksalainen Berger-tuotemerkki&#8230;<\/p>\n","protected":false},"featured_media":27398,"template":"","meta":{"_acf_changed":false},"product_brand":[],"product_cat":[1743,1891,1889],"product_tag":[],"class_list":{"0":"post-53674","1":"product","2":"type-product","3":"status-publish","4":"has-post-thumbnail","6":"product_cat-lisalahjat-lahjat","7":"product_cat-oksasakset","8":"product_cat-puutarhatyokalut","9":"product_shipping_class-toimitus-1-3-tyopaivan-kuluessa","10":"pa_variatsioon-sakset-1010-suora-tera-kaantyva-kahva-testivoittaja","12":"first","13":"outofstock","14":"sale","15":"taxable","16":"shipping-taxable","17":"purchasable","18":"product-type-simple"},"acf":[],"yoast_head":"<!-- This site is optimized with the Yoast SEO Premium plugin v27.3 (Yoast SEO v27.3) - https:\/\/yoast.com\/product\/yoast-seo-premium-wordpress\/ -->\n<title>Sakset 1010- suora ter\u00e4, k\u00e4\u00e4ntyv\u00e4 kahva- Testivoittaja -% Rodoaed<\/title>\n<meta name=\"description\" content=\"Saksalaiset Berger oksasakset, joissa on suora ter\u00e4 ja k\u00e4\u00e4ntyv\u00e4 kahva. Sopii harrastepuutarhureille ja ammattilaisille. Leikkuusakset, joissa on vahva ter\u00e4st\u00e4 oleva ter\u00e4.\" \/>\n<meta name=\"robots\" content=\"index, follow, max-snippet:-1, max-image-preview:large, max-video-preview:-1\" \/>\n<link rel=\"canonical\" href=\"https:\/\/rodoaed.ee\/fi\/toode\/sakset-1010-suora-tera-kaantyva-kahva-testivoittaja\/\" \/>\n<meta property=\"og:locale\" content=\"fi_FI\" \/>\n<meta property=\"og:type\" content=\"article\" \/>\n<meta property=\"og:title\" content=\"Sakset 1010- suora ter\u00e4, k\u00e4\u00e4ntyv\u00e4 kahva- Testivoittaja\" \/>\n<meta property=\"og:description\" content=\"Oksasakset, joissa on suora leikkuup\u00e4\u00e4 ja py\u00f6riv\u00e4 kahva. Py\u00f6riv\u00e4 kahva ei v\u00e4syt\u00e4 k\u00e4tt\u00e4, koska se liikkuu kahvan mukana leikatessa. Sakset\" \/>\n<meta property=\"og:url\" content=\"https:\/\/rodoaed.ee\/fi\/toode\/sakset-1010-suora-tera-kaantyva-kahva-testivoittaja\/\" \/>\n<meta property=\"og:site_name\" content=\"Rodoaed\" \/>\n<meta property=\"article:publisher\" content=\"https:\/\/www.facebook.com\/kasvuhooned\/\" \/>\n<meta property=\"article:modified_time\" content=\"2026-04-13T08:09:55+00:00\" \/>\n<meta property=\"og:image\" content=\"https:\/\/rodoaed.ee\/wp-content\/uploads\/2019\/08\/Oksak\u00e4\u00e4rid_1010-1-scaled.jpg\" \/>\n\t<meta property=\"og:image:width\" content=\"2560\" \/>\n\t<meta property=\"og:image:height\" content=\"911\" \/>\n\t<meta property=\"og:image:type\" content=\"image\/jpeg\" \/>\n<meta name=\"twitter:card\" content=\"summary_large_image\" \/>\n<meta name=\"twitter:label1\" content=\"Arvioitu lukuaika\" \/>\n\t<meta name=\"twitter:data1\" content=\"2 minuuttia\" \/>\n<script type=\"application\/ld+json\" class=\"yoast-schema-graph\">{\"@context\":\"https:\\\/\\\/schema.org\",\"@graph\":[{\"@type\":\"WebPage\",\"@id\":\"https:\\\/\\\/rodoaed.ee\\\/fi\\\/toode\\\/sakset-1010-suora-tera-kaantyva-kahva-testivoittaja\\\/\",\"url\":\"https:\\\/\\\/rodoaed.ee\\\/fi\\\/toode\\\/sakset-1010-suora-tera-kaantyva-kahva-testivoittaja\\\/\",\"name\":\"Sakset 1010- suora ter\u00e4, k\u00e4\u00e4ntyv\u00e4 kahva- Testivoittaja -% Rodoaed\",\"isPartOf\":{\"@id\":\"https:\\\/\\\/rodoaed.ee\\\/#website\"},\"primaryImageOfPage\":{\"@id\":\"https:\\\/\\\/rodoaed.ee\\\/fi\\\/toode\\\/sakset-1010-suora-tera-kaantyva-kahva-testivoittaja\\\/#primaryimage\"},\"image\":{\"@id\":\"https:\\\/\\\/rodoaed.ee\\\/fi\\\/toode\\\/sakset-1010-suora-tera-kaantyva-kahva-testivoittaja\\\/#primaryimage\"},\"thumbnailUrl\":\"https:\\\/\\\/rodoaed.ee\\\/wp-content\\\/uploads\\\/2019\\\/08\\\/Oksak\u00e4\u00e4rid_1010-1.jpg\",\"datePublished\":\"2019-08-02T09:56:40+00:00\",\"dateModified\":\"2026-04-13T08:09:55+00:00\",\"description\":\"Saksalaiset Berger oksasakset, joissa on suora ter\u00e4 ja k\u00e4\u00e4ntyv\u00e4 kahva. Sopii harrastepuutarhureille ja ammattilaisille. Leikkuusakset, joissa on vahva ter\u00e4st\u00e4 oleva ter\u00e4.\",\"breadcrumb\":{\"@id\":\"https:\\\/\\\/rodoaed.ee\\\/fi\\\/toode\\\/sakset-1010-suora-tera-kaantyva-kahva-testivoittaja\\\/#breadcrumb\"},\"inLanguage\":\"fi\",\"potentialAction\":[{\"@type\":\"ReadAction\",\"target\":[\"https:\\\/\\\/rodoaed.ee\\\/fi\\\/toode\\\/sakset-1010-suora-tera-kaantyva-kahva-testivoittaja\\\/\"]}]},{\"@type\":\"ImageObject\",\"inLanguage\":\"fi\",\"@id\":\"https:\\\/\\\/rodoaed.ee\\\/fi\\\/toode\\\/sakset-1010-suora-tera-kaantyva-kahva-testivoittaja\\\/#primaryimage\",\"url\":\"https:\\\/\\\/rodoaed.ee\\\/wp-content\\\/uploads\\\/2019\\\/08\\\/Oksak\u00e4\u00e4rid_1010-1.jpg\",\"contentUrl\":\"https:\\\/\\\/rodoaed.ee\\\/wp-content\\\/uploads\\\/2019\\\/08\\\/Oksak\u00e4\u00e4rid_1010-1.jpg\",\"width\":4000,\"height\":1424,\"caption\":\"puutarhaty\u00f6kalut 1010\"},{\"@type\":\"BreadcrumbList\",\"@id\":\"https:\\\/\\\/rodoaed.ee\\\/fi\\\/toode\\\/sakset-1010-suora-tera-kaantyva-kahva-testivoittaja\\\/#breadcrumb\",\"itemListElement\":[{\"@type\":\"ListItem\",\"position\":1,\"name\":\"Home\",\"item\":\"https:\\\/\\\/rodoaed.ee\\\/fi\\\/\"},{\"@type\":\"ListItem\",\"position\":2,\"name\":\"Osta osoitteessa\",\"item\":\"https:\\\/\\\/rodoaed.ee\\\/osta-osoitteessa\\\/\"},{\"@type\":\"ListItem\",\"position\":3,\"name\":\"Sakset 1010- suora ter\u00e4, k\u00e4\u00e4ntyv\u00e4 kahva- Testivoittaja\"}]},{\"@type\":\"WebSite\",\"@id\":\"https:\\\/\\\/rodoaed.ee\\\/#website\",\"url\":\"https:\\\/\\\/rodoaed.ee\\\/\",\"name\":\"Rodoaed\",\"description\":\"\",\"publisher\":{\"@id\":\"https:\\\/\\\/rodoaed.ee\\\/#organization\"},\"potentialAction\":[{\"@type\":\"SearchAction\",\"target\":{\"@type\":\"EntryPoint\",\"urlTemplate\":\"https:\\\/\\\/rodoaed.ee\\\/?s={search_term_string}\"},\"query-input\":{\"@type\":\"PropertyValueSpecification\",\"valueRequired\":true,\"valueName\":\"search_term_string\"}}],\"inLanguage\":\"fi\"},{\"@type\":\"Organization\",\"@id\":\"https:\\\/\\\/rodoaed.ee\\\/#organization\",\"name\":\"Rodoaed\",\"url\":\"https:\\\/\\\/rodoaed.ee\\\/\",\"logo\":{\"@type\":\"ImageObject\",\"inLanguage\":\"fi\",\"@id\":\"https:\\\/\\\/rodoaed.ee\\\/#\\\/schema\\\/logo\\\/image\\\/\",\"url\":\"https:\\\/\\\/rodoaed.ee\\\/wp-content\\\/uploads\\\/2019\\\/11\\\/rodoaed-logo-ilma-taustata.jpg\",\"contentUrl\":\"https:\\\/\\\/rodoaed.ee\\\/wp-content\\\/uploads\\\/2019\\\/11\\\/rodoaed-logo-ilma-taustata.jpg\",\"width\":769,\"height\":268,\"caption\":\"Rodoaed\"},\"image\":{\"@id\":\"https:\\\/\\\/rodoaed.ee\\\/#\\\/schema\\\/logo\\\/image\\\/\"},\"sameAs\":[\"https:\\\/\\\/www.facebook.com\\\/kasvuhooned\\\/\",\"https:\\\/\\\/rodoaed.ee\"]}]}<\/script>\n<!-- \/ Yoast SEO Premium plugin. -->","yoast_head_json":{"title":"Sakset 1010- suora ter\u00e4, k\u00e4\u00e4ntyv\u00e4 kahva- Testivoittaja -% Rodoaed","description":"Saksalaiset Berger oksasakset, joissa on suora ter\u00e4 ja k\u00e4\u00e4ntyv\u00e4 kahva. Sopii harrastepuutarhureille ja ammattilaisille. Leikkuusakset, joissa on vahva ter\u00e4st\u00e4 oleva ter\u00e4.","robots":{"index":"index","follow":"follow","max-snippet":"max-snippet:-1","max-image-preview":"max-image-preview:large","max-video-preview":"max-video-preview:-1"},"canonical":"https:\/\/rodoaed.ee\/fi\/toode\/sakset-1010-suora-tera-kaantyva-kahva-testivoittaja\/","og_locale":"fi_FI","og_type":"article","og_title":"Sakset 1010- suora ter\u00e4, k\u00e4\u00e4ntyv\u00e4 kahva- Testivoittaja","og_description":"Oksasakset, joissa on suora leikkuup\u00e4\u00e4 ja py\u00f6riv\u00e4 kahva. Py\u00f6riv\u00e4 kahva ei v\u00e4syt\u00e4 k\u00e4tt\u00e4, koska se liikkuu kahvan mukana leikatessa. Sakset","og_url":"https:\/\/rodoaed.ee\/fi\/toode\/sakset-1010-suora-tera-kaantyva-kahva-testivoittaja\/","og_site_name":"Rodoaed","article_publisher":"https:\/\/www.facebook.com\/kasvuhooned\/","article_modified_time":"2026-04-13T08:09:55+00:00","og_image":[{"width":2560,"height":911,"url":"https:\/\/rodoaed.ee\/wp-content\/uploads\/2019\/08\/Oksak\u00e4\u00e4rid_1010-1-scaled.jpg","type":"image\/jpeg"}],"twitter_card":"summary_large_image","twitter_misc":{"Arvioitu lukuaika":"2 minuuttia"},"schema":{"@context":"https:\/\/schema.org","@graph":[{"@type":"WebPage","@id":"https:\/\/rodoaed.ee\/fi\/toode\/sakset-1010-suora-tera-kaantyva-kahva-testivoittaja\/","url":"https:\/\/rodoaed.ee\/fi\/toode\/sakset-1010-suora-tera-kaantyva-kahva-testivoittaja\/","name":"Sakset 1010- suora ter\u00e4, k\u00e4\u00e4ntyv\u00e4 kahva- Testivoittaja -% Rodoaed","isPartOf":{"@id":"https:\/\/rodoaed.ee\/#website"},"primaryImageOfPage":{"@id":"https:\/\/rodoaed.ee\/fi\/toode\/sakset-1010-suora-tera-kaantyva-kahva-testivoittaja\/#primaryimage"},"image":{"@id":"https:\/\/rodoaed.ee\/fi\/toode\/sakset-1010-suora-tera-kaantyva-kahva-testivoittaja\/#primaryimage"},"thumbnailUrl":"https:\/\/rodoaed.ee\/wp-content\/uploads\/2019\/08\/Oksak\u00e4\u00e4rid_1010-1.jpg","datePublished":"2019-08-02T09:56:40+00:00","dateModified":"2026-04-13T08:09:55+00:00","description":"Saksalaiset Berger oksasakset, joissa on suora ter\u00e4 ja k\u00e4\u00e4ntyv\u00e4 kahva. Sopii harrastepuutarhureille ja ammattilaisille. Leikkuusakset, joissa on vahva ter\u00e4st\u00e4 oleva ter\u00e4.","breadcrumb":{"@id":"https:\/\/rodoaed.ee\/fi\/toode\/sakset-1010-suora-tera-kaantyva-kahva-testivoittaja\/#breadcrumb"},"inLanguage":"fi","potentialAction":[{"@type":"ReadAction","target":["https:\/\/rodoaed.ee\/fi\/toode\/sakset-1010-suora-tera-kaantyva-kahva-testivoittaja\/"]}]},{"@type":"ImageObject","inLanguage":"fi","@id":"https:\/\/rodoaed.ee\/fi\/toode\/sakset-1010-suora-tera-kaantyva-kahva-testivoittaja\/#primaryimage","url":"https:\/\/rodoaed.ee\/wp-content\/uploads\/2019\/08\/Oksak\u00e4\u00e4rid_1010-1.jpg","contentUrl":"https:\/\/rodoaed.ee\/wp-content\/uploads\/2019\/08\/Oksak\u00e4\u00e4rid_1010-1.jpg","width":4000,"height":1424,"caption":"puutarhaty\u00f6kalut 1010"},{"@type":"BreadcrumbList","@id":"https:\/\/rodoaed.ee\/fi\/toode\/sakset-1010-suora-tera-kaantyva-kahva-testivoittaja\/#breadcrumb","itemListElement":[{"@type":"ListItem","position":1,"name":"Home","item":"https:\/\/rodoaed.ee\/fi\/"},{"@type":"ListItem","position":2,"name":"Osta osoitteessa","item":"https:\/\/rodoaed.ee\/osta-osoitteessa\/"},{"@type":"ListItem","position":3,"name":"Sakset 1010- suora ter\u00e4, k\u00e4\u00e4ntyv\u00e4 kahva- Testivoittaja"}]},{"@type":"WebSite","@id":"https:\/\/rodoaed.ee\/#website","url":"https:\/\/rodoaed.ee\/","name":"Rodoaed","description":"","publisher":{"@id":"https:\/\/rodoaed.ee\/#organization"},"potentialAction":[{"@type":"SearchAction","target":{"@type":"EntryPoint","urlTemplate":"https:\/\/rodoaed.ee\/?s={search_term_string}"},"query-input":{"@type":"PropertyValueSpecification","valueRequired":true,"valueName":"search_term_string"}}],"inLanguage":"fi"},{"@type":"Organization","@id":"https:\/\/rodoaed.ee\/#organization","name":"Rodoaed","url":"https:\/\/rodoaed.ee\/","logo":{"@type":"ImageObject","inLanguage":"fi","@id":"https:\/\/rodoaed.ee\/#\/schema\/logo\/image\/","url":"https:\/\/rodoaed.ee\/wp-content\/uploads\/2019\/11\/rodoaed-logo-ilma-taustata.jpg","contentUrl":"https:\/\/rodoaed.ee\/wp-content\/uploads\/2019\/11\/rodoaed-logo-ilma-taustata.jpg","width":769,"height":268,"caption":"Rodoaed"},"image":{"@id":"https:\/\/rodoaed.ee\/#\/schema\/logo\/image\/"},"sameAs":["https:\/\/www.facebook.com\/kasvuhooned\/","https:\/\/rodoaed.ee"]}]}},"_links":{"self":[{"href":"https:\/\/rodoaed.ee\/fi\/wp-json\/wp\/v2\/product\/53674","targetHints":{"allow":["GET"]}}],"collection":[{"href":"https:\/\/rodoaed.ee\/fi\/wp-json\/wp\/v2\/product"}],"about":[{"href":"https:\/\/rodoaed.ee\/fi\/wp-json\/wp\/v2\/types\/product"}],"wp:featuredmedia":[{"embeddable":true,"href":"https:\/\/rodoaed.ee\/fi\/wp-json\/wp\/v2\/media\/27398"}],"wp:attachment":[{"href":"https:\/\/rodoaed.ee\/fi\/wp-json\/wp\/v2\/media?parent=53674"}],"wp:term":[{"taxonomy":"product_brand","embeddable":true,"href":"https:\/\/rodoaed.ee\/fi\/wp-json\/wp\/v2\/product_brand?post=53674"},{"taxonomy":"product_cat","embeddable":true,"href":"https:\/\/rodoaed.ee\/fi\/wp-json\/wp\/v2\/product_cat?post=53674"},{"taxonomy":"product_tag","embeddable":true,"href":"https:\/\/rodoaed.ee\/fi\/wp-json\/wp\/v2\/product_tag?post=53674"}],"curies":[{"name":"wp","href":"https:\/\/api.w.org\/{rel}","templated":true}]}}