{"id":53678,"date":"2019-08-02T12:56:59","date_gmt":"2019-08-02T09:56:59","guid":{"rendered":"https:\/\/rodoaed.ee\/toode\/korkea-poyta-orgaanisista-lehdista-valmistetuilla-jaloilla-100x60x75cm\/"},"modified":"2026-04-13T11:10:00","modified_gmt":"2026-04-13T08:10:00","slug":"korkea-poyta-orgaanisista-lehdista-valmistetuilla-jaloilla-100x60x75cm","status":"publish","type":"product","link":"https:\/\/rodoaed.ee\/fi\/tuote\/korkea-poyta-orgaanisista-lehdista-valmistetuilla-jaloilla-100x60x75cm\/","title":{"rendered":"Korkea p\u00f6yt\u00e4 orgaanisista lehdist\u00e4 valmistetuilla jaloilla 100x60x75cm"},"content":{"rendered":"<h2>Massiivisesta kovapuusta valmistettu korkea p\u00e4\u00e4ty suojaa selk\u00e4\u00e4si liialliselta kumartumiselta.<\/h2>\n<p><span style=\"color: #125e29;\"><strong>Luo oma vihre\u00e4 keidas puutarhaan !<\/strong><\/span><\/p>\n<p>Pihlaja on kest\u00e4v\u00e4\u00e4 puuta, ja se kest\u00e4\u00e4 monta vuotta. Korotetun s\u00e4ngyn suuri etu perinteiseen s\u00e4nkyyn verrattuna on se, ett\u00e4 pid\u00e4t selk\u00e4si. Sen sijaan, ett\u00e4 kyykistyisit tai kumartuisit matalalle, voit ty\u00f6skennell\u00e4 oikealla korkeudella ilman selv\u00e4\u00e4 rasitusta. Toiseksi korotetun s\u00e4ngyn maaper\u00e4 l\u00e4mpenee alkukev\u00e4\u00e4ll\u00e4 nopeammin kuin maapenkiss\u00e4.   <\/p>\n<p>Voit koota peniksen ilman ty\u00f6kaluja.<\/p>\n<div>\n<p><strong style=\"font-family: inherit; font-size: inherit; font-style: inherit; font-variant-caps: inherit;\">Eritt\u00e4in helppo asentaa ja eritt\u00e4in k\u00e4tev\u00e4 k\u00e4ytt\u00e4\u00e4. Eritt\u00e4in luotettava. <\/strong><\/p>\n<\/div>\n<ul>\n<li>\u00c4lyk\u00e4s liit\u00e4nt\u00e4liit\u00e4nt\u00e4 &#8211; kokoonpanoon ei tarvita ty\u00f6kaluja<\/li>\n<li>100% FCS-sertifioitu k\u00e4sittelem\u00e4t\u00f6n lehtipuu<\/li>\n<li>h\u00f6yl\u00e4ttyj\u00e4 lehtilaudat massiivipuusta<\/li>\n<li>Lehtipuu pit\u00e4\u00e4 monet tuholaiset loitolla kasveista.<\/li>\n<li>Voidaan laajentaa loputtomiin lis\u00e4moduuleilla.<\/li>\n<li>Soveltuu erityisesti syv\u00e4juurisille kasveille, kuten porkkanoille, retiiseille, punajuurille jne.<\/li>\n<li>Mitat: 1000 x 600 x 750 mm<\/li>\n<li>Tilavuus: 115 L<\/li>\n<li>Paino: 25 kg<\/li>\n<\/ul>\n","protected":false},"excerpt":{"rendered":"<p>Massiivisesta kovapuusta valmistettu korkea p\u00e4\u00e4ty suojaa selk\u00e4\u00e4si liialliselta kumartumiselta. Luo oma vihre\u00e4 keidas puutarhaan ! Pihlaja on kest\u00e4v\u00e4\u00e4 puuta, ja se kest\u00e4\u00e4 monta vuotta. Korotetun s\u00e4ngyn suuri etu perinteiseen s\u00e4nkyyn verrattuna on se, ett\u00e4 pid\u00e4t selk\u00e4si. Sen sijaan, ett\u00e4 kyykistyisit tai kumartuisit matalalle, voit ty\u00f6skennell\u00e4 oikealla korkeudella ilman selv\u00e4\u00e4 rasitusta. Toiseksi korotetun s\u00e4ngyn maaper\u00e4 l\u00e4mpenee alkukev\u00e4\u00e4ll\u00e4 nopeammin kuin maapenkiss\u00e4. Voit koota peniksen ilman ty\u00f6kaluja. Eritt\u00e4in&#8230;<\/p>\n","protected":false},"featured_media":17181,"template":"","meta":{"_acf_changed":false},"product_brand":[],"product_cat":[1980,1743],"product_tag":[],"class_list":{"0":"post-53678","1":"product","2":"type-product","3":"status-publish","4":"has-post-thumbnail","6":"product_cat-korotetut-penkit-ja-istutusastiat","7":"product_cat-lisalahjat-lahjat","8":"product_shipping_class-kuljetus-ainoastaan-kuriiripalvelun-valityksella","9":"pa_variatsioon-korkea-poyta-orgaanisista-lehdista-valmistetuilla-jaloilla-100x100x75cm","11":"first","12":"outofstock","13":"sale","14":"taxable","15":"shipping-taxable","16":"purchasable","17":"product-type-simple"},"acf":[],"yoast_head":"<!-- This site is optimized with the Yoast SEO Premium plugin v27.3 (Yoast SEO v27.3) - https:\/\/yoast.com\/product\/yoast-seo-premium-wordpress\/ -->\n<title>Korkea p\u00f6yt\u00e4 orgaanisista lehdist\u00e4 valmistetuilla jaloilla 100x60x75cm - Rodoaed<\/title>\n<meta name=\"robots\" content=\"index, follow, max-snippet:-1, max-image-preview:large, max-video-preview:-1\" \/>\n<link rel=\"canonical\" href=\"https:\/\/rodoaed.ee\/fi\/toode\/korkea-poyta-orgaanisista-lehdista-valmistetuilla-jaloilla-100x60x75cm\/\" \/>\n<meta property=\"og:locale\" content=\"fi_FI\" \/>\n<meta property=\"og:type\" content=\"article\" \/>\n<meta property=\"og:title\" content=\"Korkea p\u00f6yt\u00e4 orgaanisista lehdist\u00e4 valmistetuilla jaloilla 100x60x75cm\" \/>\n<meta property=\"og:description\" content=\"Massiivisesta kovapuusta valmistettu korkea p\u00e4\u00e4ty suojaa selk\u00e4\u00e4si liialliselta kumartumiselta. Luo oma vihre\u00e4 keidas puutarhaan ! Pihlaja on kest\u00e4v\u00e4\u00e4\" \/>\n<meta property=\"og:url\" content=\"https:\/\/rodoaed.ee\/fi\/toode\/korkea-poyta-orgaanisista-lehdista-valmistetuilla-jaloilla-100x60x75cm\/\" \/>\n<meta property=\"og:site_name\" content=\"Rodoaed\" \/>\n<meta property=\"article:publisher\" content=\"https:\/\/www.facebook.com\/kasvuhooned\/\" \/>\n<meta property=\"article:modified_time\" content=\"2026-04-13T08:10:00+00:00\" \/>\n<meta property=\"og:image\" content=\"https:\/\/rodoaed.ee\/wp-content\/uploads\/2019\/07\/k\u00f5rgpeenar_bhb-100.jpg\" \/>\n\t<meta property=\"og:image:width\" content=\"700\" \/>\n\t<meta property=\"og:image:height\" content=\"700\" \/>\n\t<meta property=\"og:image:type\" content=\"image\/jpeg\" \/>\n<meta name=\"twitter:card\" content=\"summary_large_image\" \/>\n<meta name=\"twitter:label1\" content=\"Arvioitu lukuaika\" \/>\n\t<meta name=\"twitter:data1\" content=\"1 minuutti\" \/>\n<script type=\"application\/ld+json\" class=\"yoast-schema-graph\">{\"@context\":\"https:\\\/\\\/schema.org\",\"@graph\":[{\"@type\":\"WebPage\",\"@id\":\"https:\\\/\\\/rodoaed.ee\\\/fi\\\/toode\\\/korkea-poyta-orgaanisista-lehdista-valmistetuilla-jaloilla-100x60x75cm\\\/\",\"url\":\"https:\\\/\\\/rodoaed.ee\\\/fi\\\/toode\\\/korkea-poyta-orgaanisista-lehdista-valmistetuilla-jaloilla-100x60x75cm\\\/\",\"name\":\"Korkea p\u00f6yt\u00e4 orgaanisista lehdist\u00e4 valmistetuilla jaloilla 100x60x75cm - Rodoaed\",\"isPartOf\":{\"@id\":\"https:\\\/\\\/rodoaed.ee\\\/#website\"},\"primaryImageOfPage\":{\"@id\":\"https:\\\/\\\/rodoaed.ee\\\/fi\\\/toode\\\/korkea-poyta-orgaanisista-lehdista-valmistetuilla-jaloilla-100x60x75cm\\\/#primaryimage\"},\"image\":{\"@id\":\"https:\\\/\\\/rodoaed.ee\\\/fi\\\/toode\\\/korkea-poyta-orgaanisista-lehdista-valmistetuilla-jaloilla-100x60x75cm\\\/#primaryimage\"},\"thumbnailUrl\":\"https:\\\/\\\/rodoaed.ee\\\/wp-content\\\/uploads\\\/2019\\\/07\\\/k\u00f5rgpeenar_bhb-100.jpg\",\"datePublished\":\"2019-08-02T09:56:59+00:00\",\"dateModified\":\"2026-04-13T08:10:00+00:00\",\"breadcrumb\":{\"@id\":\"https:\\\/\\\/rodoaed.ee\\\/fi\\\/toode\\\/korkea-poyta-orgaanisista-lehdista-valmistetuilla-jaloilla-100x60x75cm\\\/#breadcrumb\"},\"inLanguage\":\"fi\",\"potentialAction\":[{\"@type\":\"ReadAction\",\"target\":[\"https:\\\/\\\/rodoaed.ee\\\/fi\\\/toode\\\/korkea-poyta-orgaanisista-lehdista-valmistetuilla-jaloilla-100x60x75cm\\\/\"]}]},{\"@type\":\"ImageObject\",\"inLanguage\":\"fi\",\"@id\":\"https:\\\/\\\/rodoaed.ee\\\/fi\\\/toode\\\/korkea-poyta-orgaanisista-lehdista-valmistetuilla-jaloilla-100x60x75cm\\\/#primaryimage\",\"url\":\"https:\\\/\\\/rodoaed.ee\\\/wp-content\\\/uploads\\\/2019\\\/07\\\/k\u00f5rgpeenar_bhb-100.jpg\",\"contentUrl\":\"https:\\\/\\\/rodoaed.ee\\\/wp-content\\\/uploads\\\/2019\\\/07\\\/k\u00f5rgpeenar_bhb-100.jpg\",\"width\":700,\"height\":700},{\"@type\":\"BreadcrumbList\",\"@id\":\"https:\\\/\\\/rodoaed.ee\\\/fi\\\/toode\\\/korkea-poyta-orgaanisista-lehdista-valmistetuilla-jaloilla-100x60x75cm\\\/#breadcrumb\",\"itemListElement\":[{\"@type\":\"ListItem\",\"position\":1,\"name\":\"Home\",\"item\":\"https:\\\/\\\/rodoaed.ee\\\/fi\\\/\"},{\"@type\":\"ListItem\",\"position\":2,\"name\":\"Osta osoitteessa\",\"item\":\"https:\\\/\\\/rodoaed.ee\\\/osta-osoitteessa\\\/\"},{\"@type\":\"ListItem\",\"position\":3,\"name\":\"Korkea p\u00f6yt\u00e4 orgaanisista lehdist\u00e4 valmistetuilla jaloilla 100x60x75cm\"}]},{\"@type\":\"WebSite\",\"@id\":\"https:\\\/\\\/rodoaed.ee\\\/#website\",\"url\":\"https:\\\/\\\/rodoaed.ee\\\/\",\"name\":\"Rodoaed\",\"description\":\"\",\"publisher\":{\"@id\":\"https:\\\/\\\/rodoaed.ee\\\/#organization\"},\"potentialAction\":[{\"@type\":\"SearchAction\",\"target\":{\"@type\":\"EntryPoint\",\"urlTemplate\":\"https:\\\/\\\/rodoaed.ee\\\/?s={search_term_string}\"},\"query-input\":{\"@type\":\"PropertyValueSpecification\",\"valueRequired\":true,\"valueName\":\"search_term_string\"}}],\"inLanguage\":\"fi\"},{\"@type\":\"Organization\",\"@id\":\"https:\\\/\\\/rodoaed.ee\\\/#organization\",\"name\":\"Rodoaed\",\"url\":\"https:\\\/\\\/rodoaed.ee\\\/\",\"logo\":{\"@type\":\"ImageObject\",\"inLanguage\":\"fi\",\"@id\":\"https:\\\/\\\/rodoaed.ee\\\/#\\\/schema\\\/logo\\\/image\\\/\",\"url\":\"https:\\\/\\\/rodoaed.ee\\\/wp-content\\\/uploads\\\/2019\\\/11\\\/rodoaed-logo-ilma-taustata.jpg\",\"contentUrl\":\"https:\\\/\\\/rodoaed.ee\\\/wp-content\\\/uploads\\\/2019\\\/11\\\/rodoaed-logo-ilma-taustata.jpg\",\"width\":769,\"height\":268,\"caption\":\"Rodoaed\"},\"image\":{\"@id\":\"https:\\\/\\\/rodoaed.ee\\\/#\\\/schema\\\/logo\\\/image\\\/\"},\"sameAs\":[\"https:\\\/\\\/www.facebook.com\\\/kasvuhooned\\\/\",\"https:\\\/\\\/rodoaed.ee\"]}]}<\/script>\n<!-- \/ Yoast SEO Premium plugin. -->","yoast_head_json":{"title":"Korkea p\u00f6yt\u00e4 orgaanisista lehdist\u00e4 valmistetuilla jaloilla 100x60x75cm - Rodoaed","robots":{"index":"index","follow":"follow","max-snippet":"max-snippet:-1","max-image-preview":"max-image-preview:large","max-video-preview":"max-video-preview:-1"},"canonical":"https:\/\/rodoaed.ee\/fi\/toode\/korkea-poyta-orgaanisista-lehdista-valmistetuilla-jaloilla-100x60x75cm\/","og_locale":"fi_FI","og_type":"article","og_title":"Korkea p\u00f6yt\u00e4 orgaanisista lehdist\u00e4 valmistetuilla jaloilla 100x60x75cm","og_description":"Massiivisesta kovapuusta valmistettu korkea p\u00e4\u00e4ty suojaa selk\u00e4\u00e4si liialliselta kumartumiselta. Luo oma vihre\u00e4 keidas puutarhaan ! Pihlaja on kest\u00e4v\u00e4\u00e4","og_url":"https:\/\/rodoaed.ee\/fi\/toode\/korkea-poyta-orgaanisista-lehdista-valmistetuilla-jaloilla-100x60x75cm\/","og_site_name":"Rodoaed","article_publisher":"https:\/\/www.facebook.com\/kasvuhooned\/","article_modified_time":"2026-04-13T08:10:00+00:00","og_image":[{"width":700,"height":700,"url":"https:\/\/rodoaed.ee\/wp-content\/uploads\/2019\/07\/k\u00f5rgpeenar_bhb-100.jpg","type":"image\/jpeg"}],"twitter_card":"summary_large_image","twitter_misc":{"Arvioitu lukuaika":"1 minuutti"},"schema":{"@context":"https:\/\/schema.org","@graph":[{"@type":"WebPage","@id":"https:\/\/rodoaed.ee\/fi\/toode\/korkea-poyta-orgaanisista-lehdista-valmistetuilla-jaloilla-100x60x75cm\/","url":"https:\/\/rodoaed.ee\/fi\/toode\/korkea-poyta-orgaanisista-lehdista-valmistetuilla-jaloilla-100x60x75cm\/","name":"Korkea p\u00f6yt\u00e4 orgaanisista lehdist\u00e4 valmistetuilla jaloilla 100x60x75cm - Rodoaed","isPartOf":{"@id":"https:\/\/rodoaed.ee\/#website"},"primaryImageOfPage":{"@id":"https:\/\/rodoaed.ee\/fi\/toode\/korkea-poyta-orgaanisista-lehdista-valmistetuilla-jaloilla-100x60x75cm\/#primaryimage"},"image":{"@id":"https:\/\/rodoaed.ee\/fi\/toode\/korkea-poyta-orgaanisista-lehdista-valmistetuilla-jaloilla-100x60x75cm\/#primaryimage"},"thumbnailUrl":"https:\/\/rodoaed.ee\/wp-content\/uploads\/2019\/07\/k\u00f5rgpeenar_bhb-100.jpg","datePublished":"2019-08-02T09:56:59+00:00","dateModified":"2026-04-13T08:10:00+00:00","breadcrumb":{"@id":"https:\/\/rodoaed.ee\/fi\/toode\/korkea-poyta-orgaanisista-lehdista-valmistetuilla-jaloilla-100x60x75cm\/#breadcrumb"},"inLanguage":"fi","potentialAction":[{"@type":"ReadAction","target":["https:\/\/rodoaed.ee\/fi\/toode\/korkea-poyta-orgaanisista-lehdista-valmistetuilla-jaloilla-100x60x75cm\/"]}]},{"@type":"ImageObject","inLanguage":"fi","@id":"https:\/\/rodoaed.ee\/fi\/toode\/korkea-poyta-orgaanisista-lehdista-valmistetuilla-jaloilla-100x60x75cm\/#primaryimage","url":"https:\/\/rodoaed.ee\/wp-content\/uploads\/2019\/07\/k\u00f5rgpeenar_bhb-100.jpg","contentUrl":"https:\/\/rodoaed.ee\/wp-content\/uploads\/2019\/07\/k\u00f5rgpeenar_bhb-100.jpg","width":700,"height":700},{"@type":"BreadcrumbList","@id":"https:\/\/rodoaed.ee\/fi\/toode\/korkea-poyta-orgaanisista-lehdista-valmistetuilla-jaloilla-100x60x75cm\/#breadcrumb","itemListElement":[{"@type":"ListItem","position":1,"name":"Home","item":"https:\/\/rodoaed.ee\/fi\/"},{"@type":"ListItem","position":2,"name":"Osta osoitteessa","item":"https:\/\/rodoaed.ee\/osta-osoitteessa\/"},{"@type":"ListItem","position":3,"name":"Korkea p\u00f6yt\u00e4 orgaanisista lehdist\u00e4 valmistetuilla jaloilla 100x60x75cm"}]},{"@type":"WebSite","@id":"https:\/\/rodoaed.ee\/#website","url":"https:\/\/rodoaed.ee\/","name":"Rodoaed","description":"","publisher":{"@id":"https:\/\/rodoaed.ee\/#organization"},"potentialAction":[{"@type":"SearchAction","target":{"@type":"EntryPoint","urlTemplate":"https:\/\/rodoaed.ee\/?s={search_term_string}"},"query-input":{"@type":"PropertyValueSpecification","valueRequired":true,"valueName":"search_term_string"}}],"inLanguage":"fi"},{"@type":"Organization","@id":"https:\/\/rodoaed.ee\/#organization","name":"Rodoaed","url":"https:\/\/rodoaed.ee\/","logo":{"@type":"ImageObject","inLanguage":"fi","@id":"https:\/\/rodoaed.ee\/#\/schema\/logo\/image\/","url":"https:\/\/rodoaed.ee\/wp-content\/uploads\/2019\/11\/rodoaed-logo-ilma-taustata.jpg","contentUrl":"https:\/\/rodoaed.ee\/wp-content\/uploads\/2019\/11\/rodoaed-logo-ilma-taustata.jpg","width":769,"height":268,"caption":"Rodoaed"},"image":{"@id":"https:\/\/rodoaed.ee\/#\/schema\/logo\/image\/"},"sameAs":["https:\/\/www.facebook.com\/kasvuhooned\/","https:\/\/rodoaed.ee"]}]}},"_links":{"self":[{"href":"https:\/\/rodoaed.ee\/fi\/wp-json\/wp\/v2\/product\/53678","targetHints":{"allow":["GET"]}}],"collection":[{"href":"https:\/\/rodoaed.ee\/fi\/wp-json\/wp\/v2\/product"}],"about":[{"href":"https:\/\/rodoaed.ee\/fi\/wp-json\/wp\/v2\/types\/product"}],"wp:featuredmedia":[{"embeddable":true,"href":"https:\/\/rodoaed.ee\/fi\/wp-json\/wp\/v2\/media\/17181"}],"wp:attachment":[{"href":"https:\/\/rodoaed.ee\/fi\/wp-json\/wp\/v2\/media?parent=53678"}],"wp:term":[{"taxonomy":"product_brand","embeddable":true,"href":"https:\/\/rodoaed.ee\/fi\/wp-json\/wp\/v2\/product_brand?post=53678"},{"taxonomy":"product_cat","embeddable":true,"href":"https:\/\/rodoaed.ee\/fi\/wp-json\/wp\/v2\/product_cat?post=53678"},{"taxonomy":"product_tag","embeddable":true,"href":"https:\/\/rodoaed.ee\/fi\/wp-json\/wp\/v2\/product_tag?post=53678"}],"curies":[{"name":"wp","href":"https:\/\/api.w.org\/{rel}","templated":true}]}}