{"id":53680,"date":"2019-08-02T12:56:59","date_gmt":"2019-08-02T09:56:59","guid":{"rendered":"https:\/\/rodoaed.ee\/toode\/scoppi-hiekkakauha-siivila-antrasiittia\/"},"modified":"2026-04-13T11:10:01","modified_gmt":"2026-04-13T08:10:01","slug":"scoppi-hiekkakauha-siivila-antrasiittia","status":"publish","type":"product","link":"https:\/\/rodoaed.ee\/fi\/tuote\/scoppi-hiekkakauha-siivila-antrasiittia\/","title":{"rendered":"Scoppi &#8211; hiekkakauha + siivil\u00e4 &#8211; antrasiittia"},"content":{"rendered":"<h2>Hanki heti supersankarin voimat!<\/h2>\n<p>T\u00e4m\u00e4 ergonominen lasten hiekkalapio her\u00e4tt\u00e4\u00e4 heti lasten huomion. Todellinen hitti. Lapset rakastavat v\u00e4rej\u00e4.Lapio voidaan kaivaa k\u00e4sill\u00e4 tai jaloilla.  <\/p>\n<p>Ja se on yht\u00e4 tehokas lumen kaivamiseen ja lumiesteiden rakentamiseen talvella.<\/p>\n<h2>Quut-rantalelut on suunniteltu erityisesti lapsille. Valmistettu turvallisista materiaaleista ja mukava lapsille. <\/h2>\n<p>Quut-rantalelut ovat paras esimerkki belgialaisesta muotoilusta &#8211; ne ovat eritt\u00e4in k\u00e4yt\u00e4nn\u00f6llisi\u00e4 ja mukavia k\u00e4ytt\u00e4\u00e4 sek\u00e4 eritt\u00e4in kest\u00e4vi\u00e4 ja pitk\u00e4ik\u00e4isi\u00e4. Ne ovat luontoyst\u00e4v\u00e4llisi\u00e4 &#8211; et unohda niit\u00e4 rannalle etk\u00e4 osta joka kerta uusia &#8211; n\u00e4m\u00e4 lelut ovat lasten suosikkeja. <\/p>\n<p>&nbsp;<\/p>\n","protected":false},"excerpt":{"rendered":"<p>Hanki heti supersankarin voimat! T\u00e4m\u00e4 ergonominen lasten hiekkalapio her\u00e4tt\u00e4\u00e4 heti lasten huomion. Todellinen hitti. Lapset rakastavat v\u00e4rej\u00e4.Lapio voidaan kaivaa k\u00e4sill\u00e4 tai jaloilla. Ja se on yht\u00e4 tehokas lumen kaivamiseen ja lumiesteiden rakentamiseen talvella. Quut-rantalelut on suunniteltu erityisesti lapsille. Valmistettu turvallisista materiaaleista ja mukava lapsille. Quut-rantalelut ovat paras esimerkki belgialaisesta muotoilusta &#8211; ne ovat eritt\u00e4in k\u00e4yt\u00e4nn\u00f6llisi\u00e4 ja mukavia k\u00e4ytt\u00e4\u00e4 sek\u00e4 eritt\u00e4in kest\u00e4vi\u00e4 ja pitk\u00e4ik\u00e4isi\u00e4. Ne ovat&#8230;<\/p>\n","protected":false},"featured_media":27106,"template":"","meta":{"_acf_changed":false},"product_brand":[],"product_cat":[1763,1783,1785,1779,1743,1786,1781,1745],"product_tag":[],"class_list":{"0":"post-53680","1":"product","2":"type-product","3":"status-publish","4":"has-post-thumbnail","6":"product_cat-harrastukset-ja-lelut","7":"product_cat-lahjat-lapsille-1-6-vuotta","8":"product_cat-lahjat-lapsille-6-12a","9":"product_cat-lelut-puutarhassa","10":"product_cat-lisalahjat-lahjat","11":"product_cat-puutarhatyokalut-lapsille","12":"product_cat-rantalelut-hiekkamuotit-ja-kylpylelut","13":"product_cat-suuri-varaston-tyhjennysmyynti","14":"product_shipping_class-toimitus-1-3-tyopaivan-kuluessa","15":"pa_variatsioon-scoppi-hiekkalapio-seula","17":"first","18":"instock","19":"sale","20":"taxable","21":"shipping-taxable","22":"purchasable","23":"product-type-simple"},"acf":[],"yoast_head":"<!-- This site is optimized with the Yoast SEO Premium plugin v27.3 (Yoast SEO v27.3) - https:\/\/yoast.com\/product\/yoast-seo-premium-wordpress\/ -->\n<title>Scoppi - hiekkakauha + siivil\u00e4 - antrasiittia% % -% Rodoaed Beach Toys (rantalelut)<\/title>\n<meta name=\"description\" content=\"Quut-rantalelut on suunniteltu erityisesti lapsille. Valmistettu turvallisista materiaaleista, haalistumaton maali ja mukava lapsille.\" \/>\n<meta name=\"robots\" content=\"index, follow, max-snippet:-1, max-image-preview:large, max-video-preview:-1\" \/>\n<link rel=\"canonical\" href=\"https:\/\/rodoaed.ee\/fi\/toode\/scoppi-hiekkakauha-siivila-antrasiittia\/\" \/>\n<meta property=\"og:locale\" content=\"fi_FI\" \/>\n<meta property=\"og:type\" content=\"article\" \/>\n<meta property=\"og:title\" content=\"Scoppi - hiekkakauha + siivil\u00e4 - antrasiittia\" \/>\n<meta property=\"og:description\" content=\"Hanki heti supersankarin voimat! T\u00e4m\u00e4 ergonominen lasten hiekkalapio her\u00e4tt\u00e4\u00e4 heti lasten huomion. Todellinen hitti. Lapset rakastavat v\u00e4rej\u00e4.Lapio\" \/>\n<meta property=\"og:url\" content=\"https:\/\/rodoaed.ee\/fi\/toode\/scoppi-hiekkakauha-siivila-antrasiittia\/\" \/>\n<meta property=\"og:site_name\" content=\"Rodoaed\" \/>\n<meta property=\"article:publisher\" content=\"https:\/\/www.facebook.com\/kasvuhooned\/\" \/>\n<meta property=\"article:modified_time\" content=\"2026-04-13T08:10:01+00:00\" \/>\n<meta property=\"og:image\" content=\"https:\/\/rodoaed.ee\/wp-content\/uploads\/2019\/08\/Quut_SCOPPI_onwhite_product_all-colors.jpg\" \/>\n\t<meta property=\"og:image:width\" content=\"1326\" \/>\n\t<meta property=\"og:image:height\" content=\"1084\" \/>\n\t<meta property=\"og:image:type\" content=\"image\/jpeg\" \/>\n<meta name=\"twitter:card\" content=\"summary_large_image\" \/>\n<meta name=\"twitter:label1\" content=\"Arvioitu lukuaika\" \/>\n\t<meta name=\"twitter:data1\" content=\"1 minuutti\" \/>\n<script type=\"application\/ld+json\" class=\"yoast-schema-graph\">{\"@context\":\"https:\\\/\\\/schema.org\",\"@graph\":[{\"@type\":\"WebPage\",\"@id\":\"https:\\\/\\\/rodoaed.ee\\\/fi\\\/toode\\\/scoppi-hiekkakauha-siivila-antrasiittia\\\/\",\"url\":\"https:\\\/\\\/rodoaed.ee\\\/fi\\\/toode\\\/scoppi-hiekkakauha-siivila-antrasiittia\\\/\",\"name\":\"Scoppi - hiekkakauha + siivil\u00e4 - antrasiittia% % -% Rodoaed Beach Toys (rantalelut)\",\"isPartOf\":{\"@id\":\"https:\\\/\\\/rodoaed.ee\\\/#website\"},\"primaryImageOfPage\":{\"@id\":\"https:\\\/\\\/rodoaed.ee\\\/fi\\\/toode\\\/scoppi-hiekkakauha-siivila-antrasiittia\\\/#primaryimage\"},\"image\":{\"@id\":\"https:\\\/\\\/rodoaed.ee\\\/fi\\\/toode\\\/scoppi-hiekkakauha-siivila-antrasiittia\\\/#primaryimage\"},\"thumbnailUrl\":\"https:\\\/\\\/rodoaed.ee\\\/wp-content\\\/uploads\\\/2019\\\/08\\\/Quut_SCOPPI_onwhite_product_all-colors.jpg\",\"datePublished\":\"2019-08-02T09:56:59+00:00\",\"dateModified\":\"2026-04-13T08:10:01+00:00\",\"description\":\"Quut-rantalelut on suunniteltu erityisesti lapsille. Valmistettu turvallisista materiaaleista, haalistumaton maali ja mukava lapsille.\",\"breadcrumb\":{\"@id\":\"https:\\\/\\\/rodoaed.ee\\\/fi\\\/toode\\\/scoppi-hiekkakauha-siivila-antrasiittia\\\/#breadcrumb\"},\"inLanguage\":\"fi\",\"potentialAction\":[{\"@type\":\"ReadAction\",\"target\":[\"https:\\\/\\\/rodoaed.ee\\\/fi\\\/toode\\\/scoppi-hiekkakauha-siivila-antrasiittia\\\/\"]}]},{\"@type\":\"ImageObject\",\"inLanguage\":\"fi\",\"@id\":\"https:\\\/\\\/rodoaed.ee\\\/fi\\\/toode\\\/scoppi-hiekkakauha-siivila-antrasiittia\\\/#primaryimage\",\"url\":\"https:\\\/\\\/rodoaed.ee\\\/wp-content\\\/uploads\\\/2019\\\/08\\\/Quut_SCOPPI_onwhite_product_all-colors.jpg\",\"contentUrl\":\"https:\\\/\\\/rodoaed.ee\\\/wp-content\\\/uploads\\\/2019\\\/08\\\/Quut_SCOPPI_onwhite_product_all-colors.jpg\",\"width\":1326,\"height\":1084},{\"@type\":\"BreadcrumbList\",\"@id\":\"https:\\\/\\\/rodoaed.ee\\\/fi\\\/toode\\\/scoppi-hiekkakauha-siivila-antrasiittia\\\/#breadcrumb\",\"itemListElement\":[{\"@type\":\"ListItem\",\"position\":1,\"name\":\"Home\",\"item\":\"https:\\\/\\\/rodoaed.ee\\\/fi\\\/\"},{\"@type\":\"ListItem\",\"position\":2,\"name\":\"Osta osoitteessa\",\"item\":\"https:\\\/\\\/rodoaed.ee\\\/osta-osoitteessa\\\/\"},{\"@type\":\"ListItem\",\"position\":3,\"name\":\"Scoppi &#8211; hiekkakauha + siivil\u00e4 &#8211; antrasiittia\"}]},{\"@type\":\"WebSite\",\"@id\":\"https:\\\/\\\/rodoaed.ee\\\/#website\",\"url\":\"https:\\\/\\\/rodoaed.ee\\\/\",\"name\":\"Rodoaed\",\"description\":\"\",\"publisher\":{\"@id\":\"https:\\\/\\\/rodoaed.ee\\\/#organization\"},\"potentialAction\":[{\"@type\":\"SearchAction\",\"target\":{\"@type\":\"EntryPoint\",\"urlTemplate\":\"https:\\\/\\\/rodoaed.ee\\\/?s={search_term_string}\"},\"query-input\":{\"@type\":\"PropertyValueSpecification\",\"valueRequired\":true,\"valueName\":\"search_term_string\"}}],\"inLanguage\":\"fi\"},{\"@type\":\"Organization\",\"@id\":\"https:\\\/\\\/rodoaed.ee\\\/#organization\",\"name\":\"Rodoaed\",\"url\":\"https:\\\/\\\/rodoaed.ee\\\/\",\"logo\":{\"@type\":\"ImageObject\",\"inLanguage\":\"fi\",\"@id\":\"https:\\\/\\\/rodoaed.ee\\\/#\\\/schema\\\/logo\\\/image\\\/\",\"url\":\"https:\\\/\\\/rodoaed.ee\\\/wp-content\\\/uploads\\\/2019\\\/11\\\/rodoaed-logo-ilma-taustata.jpg\",\"contentUrl\":\"https:\\\/\\\/rodoaed.ee\\\/wp-content\\\/uploads\\\/2019\\\/11\\\/rodoaed-logo-ilma-taustata.jpg\",\"width\":769,\"height\":268,\"caption\":\"Rodoaed\"},\"image\":{\"@id\":\"https:\\\/\\\/rodoaed.ee\\\/#\\\/schema\\\/logo\\\/image\\\/\"},\"sameAs\":[\"https:\\\/\\\/www.facebook.com\\\/kasvuhooned\\\/\",\"https:\\\/\\\/rodoaed.ee\"]}]}<\/script>\n<!-- \/ Yoast SEO Premium plugin. -->","yoast_head_json":{"title":"Scoppi - hiekkakauha + siivil\u00e4 - antrasiittia% % -% Rodoaed Beach Toys (rantalelut)","description":"Quut-rantalelut on suunniteltu erityisesti lapsille. Valmistettu turvallisista materiaaleista, haalistumaton maali ja mukava lapsille.","robots":{"index":"index","follow":"follow","max-snippet":"max-snippet:-1","max-image-preview":"max-image-preview:large","max-video-preview":"max-video-preview:-1"},"canonical":"https:\/\/rodoaed.ee\/fi\/toode\/scoppi-hiekkakauha-siivila-antrasiittia\/","og_locale":"fi_FI","og_type":"article","og_title":"Scoppi - hiekkakauha + siivil\u00e4 - antrasiittia","og_description":"Hanki heti supersankarin voimat! T\u00e4m\u00e4 ergonominen lasten hiekkalapio her\u00e4tt\u00e4\u00e4 heti lasten huomion. Todellinen hitti. Lapset rakastavat v\u00e4rej\u00e4.Lapio","og_url":"https:\/\/rodoaed.ee\/fi\/toode\/scoppi-hiekkakauha-siivila-antrasiittia\/","og_site_name":"Rodoaed","article_publisher":"https:\/\/www.facebook.com\/kasvuhooned\/","article_modified_time":"2026-04-13T08:10:01+00:00","og_image":[{"width":1326,"height":1084,"url":"https:\/\/rodoaed.ee\/wp-content\/uploads\/2019\/08\/Quut_SCOPPI_onwhite_product_all-colors.jpg","type":"image\/jpeg"}],"twitter_card":"summary_large_image","twitter_misc":{"Arvioitu lukuaika":"1 minuutti"},"schema":{"@context":"https:\/\/schema.org","@graph":[{"@type":"WebPage","@id":"https:\/\/rodoaed.ee\/fi\/toode\/scoppi-hiekkakauha-siivila-antrasiittia\/","url":"https:\/\/rodoaed.ee\/fi\/toode\/scoppi-hiekkakauha-siivila-antrasiittia\/","name":"Scoppi - hiekkakauha + siivil\u00e4 - antrasiittia% % -% Rodoaed Beach Toys (rantalelut)","isPartOf":{"@id":"https:\/\/rodoaed.ee\/#website"},"primaryImageOfPage":{"@id":"https:\/\/rodoaed.ee\/fi\/toode\/scoppi-hiekkakauha-siivila-antrasiittia\/#primaryimage"},"image":{"@id":"https:\/\/rodoaed.ee\/fi\/toode\/scoppi-hiekkakauha-siivila-antrasiittia\/#primaryimage"},"thumbnailUrl":"https:\/\/rodoaed.ee\/wp-content\/uploads\/2019\/08\/Quut_SCOPPI_onwhite_product_all-colors.jpg","datePublished":"2019-08-02T09:56:59+00:00","dateModified":"2026-04-13T08:10:01+00:00","description":"Quut-rantalelut on suunniteltu erityisesti lapsille. Valmistettu turvallisista materiaaleista, haalistumaton maali ja mukava lapsille.","breadcrumb":{"@id":"https:\/\/rodoaed.ee\/fi\/toode\/scoppi-hiekkakauha-siivila-antrasiittia\/#breadcrumb"},"inLanguage":"fi","potentialAction":[{"@type":"ReadAction","target":["https:\/\/rodoaed.ee\/fi\/toode\/scoppi-hiekkakauha-siivila-antrasiittia\/"]}]},{"@type":"ImageObject","inLanguage":"fi","@id":"https:\/\/rodoaed.ee\/fi\/toode\/scoppi-hiekkakauha-siivila-antrasiittia\/#primaryimage","url":"https:\/\/rodoaed.ee\/wp-content\/uploads\/2019\/08\/Quut_SCOPPI_onwhite_product_all-colors.jpg","contentUrl":"https:\/\/rodoaed.ee\/wp-content\/uploads\/2019\/08\/Quut_SCOPPI_onwhite_product_all-colors.jpg","width":1326,"height":1084},{"@type":"BreadcrumbList","@id":"https:\/\/rodoaed.ee\/fi\/toode\/scoppi-hiekkakauha-siivila-antrasiittia\/#breadcrumb","itemListElement":[{"@type":"ListItem","position":1,"name":"Home","item":"https:\/\/rodoaed.ee\/fi\/"},{"@type":"ListItem","position":2,"name":"Osta osoitteessa","item":"https:\/\/rodoaed.ee\/osta-osoitteessa\/"},{"@type":"ListItem","position":3,"name":"Scoppi &#8211; hiekkakauha + siivil\u00e4 &#8211; antrasiittia"}]},{"@type":"WebSite","@id":"https:\/\/rodoaed.ee\/#website","url":"https:\/\/rodoaed.ee\/","name":"Rodoaed","description":"","publisher":{"@id":"https:\/\/rodoaed.ee\/#organization"},"potentialAction":[{"@type":"SearchAction","target":{"@type":"EntryPoint","urlTemplate":"https:\/\/rodoaed.ee\/?s={search_term_string}"},"query-input":{"@type":"PropertyValueSpecification","valueRequired":true,"valueName":"search_term_string"}}],"inLanguage":"fi"},{"@type":"Organization","@id":"https:\/\/rodoaed.ee\/#organization","name":"Rodoaed","url":"https:\/\/rodoaed.ee\/","logo":{"@type":"ImageObject","inLanguage":"fi","@id":"https:\/\/rodoaed.ee\/#\/schema\/logo\/image\/","url":"https:\/\/rodoaed.ee\/wp-content\/uploads\/2019\/11\/rodoaed-logo-ilma-taustata.jpg","contentUrl":"https:\/\/rodoaed.ee\/wp-content\/uploads\/2019\/11\/rodoaed-logo-ilma-taustata.jpg","width":769,"height":268,"caption":"Rodoaed"},"image":{"@id":"https:\/\/rodoaed.ee\/#\/schema\/logo\/image\/"},"sameAs":["https:\/\/www.facebook.com\/kasvuhooned\/","https:\/\/rodoaed.ee"]}]}},"_links":{"self":[{"href":"https:\/\/rodoaed.ee\/fi\/wp-json\/wp\/v2\/product\/53680","targetHints":{"allow":["GET"]}}],"collection":[{"href":"https:\/\/rodoaed.ee\/fi\/wp-json\/wp\/v2\/product"}],"about":[{"href":"https:\/\/rodoaed.ee\/fi\/wp-json\/wp\/v2\/types\/product"}],"wp:featuredmedia":[{"embeddable":true,"href":"https:\/\/rodoaed.ee\/fi\/wp-json\/wp\/v2\/media\/27106"}],"wp:attachment":[{"href":"https:\/\/rodoaed.ee\/fi\/wp-json\/wp\/v2\/media?parent=53680"}],"wp:term":[{"taxonomy":"product_brand","embeddable":true,"href":"https:\/\/rodoaed.ee\/fi\/wp-json\/wp\/v2\/product_brand?post=53680"},{"taxonomy":"product_cat","embeddable":true,"href":"https:\/\/rodoaed.ee\/fi\/wp-json\/wp\/v2\/product_cat?post=53680"},{"taxonomy":"product_tag","embeddable":true,"href":"https:\/\/rodoaed.ee\/fi\/wp-json\/wp\/v2\/product_tag?post=53680"}],"curies":[{"name":"wp","href":"https:\/\/api.w.org\/{rel}","templated":true}]}}