{"id":53681,"date":"2019-08-02T12:56:40","date_gmt":"2019-08-02T09:56:40","guid":{"rendered":"https:\/\/rodoaed.ee\/toode\/suuret-oksasakset-4255-testivoittaja-40mm-oksille\/"},"modified":"2026-04-13T11:10:02","modified_gmt":"2026-04-13T08:10:02","slug":"suuret-oksasakset-4255-testivoittaja-40mm-oksille","status":"publish","type":"product","link":"https:\/\/rodoaed.ee\/fi\/tuote\/suuret-oksasakset-4255-testivoittaja-40mm-oksille\/","title":{"rendered":"Suuret oksasakset 4255- Testivoittaja -40mm oksille."},"content":{"rendered":"<h2>Suuret oksasakset 4255 karkeille oksille<\/h2>\n<h2>Sopii sek\u00e4 harrastepuutarhurille ett\u00e4 ammattik\u00e4ytt\u00e4j\u00e4lle.<\/h2>\n<h3>Testin voittaja &#8211; &#8221;Signum Test&#8221;<\/h3>\n<h3>Erityisen karkeiden, halkaisijaltaan enint\u00e4\u00e4n 40 mm:n oksien k\u00e4tev\u00e4\u00e4n katkaisuun.<\/h3>\n<p><em>Saksalainen Berger-tuotemerkki on tunnettu Euroopassa ja maailmalla vuodesta 1919 l\u00e4htien erityisen mukavien ja korkealaatuisten puutarhav\u00e4lineiden valmistajana. Puutarhaty\u00f6kalut valmistetaan edelleen Euroopassa, Saksan Wuppertalissa sijaitsevassa tehtaassa. Valmistuksessa k\u00e4ytet\u00e4\u00e4n vain kest\u00e4vimpi\u00e4 materiaaleja, kuten ruostumatonta ter\u00e4st\u00e4, valettua alumiinia ja puuta.  <\/em><\/p>\n<p><em>Jokainen puutarhuri tiet\u00e4\u00e4, kuinka t\u00e4rke\u00e4\u00e4 on, ett\u00e4 h\u00e4nell\u00e4 on hyv\u00e4 ty\u00f6kalu. Ty\u00f6kaluja voi olla monenlaisia ja erikokoisia, mutta on aina muutama suosikki &#8211; oksasakset, oksasakset tai sahat &#8211; joita k\u00e4yt\u00e4mme mielell\u00e4mme. Ne ovat k\u00e4tevi\u00e4 ja niit\u00e4 on mukava k\u00e4ytt\u00e4\u00e4. Me vain suosimme niit\u00e4.   <\/em><\/p>\n<p><em>Itse asiassa kaikkien ty\u00f6kalujen pit\u00e4isi olla sellaisia, joita on aina hyv\u00e4 k\u00e4ytt\u00e4\u00e4 ja jotka eiv\u00e4t vaivaa k\u00e4si\u00e4. My\u00f6s ammattik\u00e4ytt\u00e4j\u00e4t tiet\u00e4v\u00e4t hyvin eron yksinkertaisen ty\u00f6kalun ja hyv\u00e4n ty\u00f6kalun v\u00e4lill\u00e4. Hyv\u00e4 ty\u00f6kalu ei v\u00e4syt\u00e4 yht\u00e4 paljon kuin yksinkertainen ty\u00f6kalu, edes pitk\u00e4n ty\u00f6p\u00e4iv\u00e4n aikana.  <\/em><\/p>\n<p>Hemmottele itse\u00e4si parhaalla!<\/p>\n<h2>T\u00e4rkeimm\u00e4t ominaisuudet:<\/h2>\n<ul>\n<li>Taottu eritt\u00e4in kova ter\u00e4ter\u00e4<\/li>\n<li>Ruosteen kest\u00e4v\u00e4 ter\u00e4k\u00e4sittely kromipinnoituksella.<\/li>\n<li>Tarttumaton ter\u00e4tekniikka<\/li>\n<li>Sis\u00e4\u00e4nrakennettu vetomekanismi helpottaa vahvojen karkeiden oksien leikkaamista.<\/li>\n<li>Ter\u00e4n tyvess\u00e4 on koukku, jonka avulla oksat voidaan irrottaa pensaasta.<\/li>\n<li>Leikkuuter\u00e4n juuressa on hampaat, jotka pit\u00e4v\u00e4t oksan tiukasti paikallaan.<\/li>\n<li>Vaihdettavat ter\u00e4t<\/li>\n<li>Vahvat alumiiniseoksesta valmistetut kahvaputket ja liukumattomat mukavat kahvat.<\/li>\n<li>Terassa on k\u00e4tev\u00e4 \u00f6ljynvaihtoreik\u00e4 (mutteria ei tarvitse avata \u00f6ljy\u00e4 varten eik\u00e4 \u00f6ljy\u00e4 tipu ulos).<\/li>\n<li>Iskunvaimennin terien v\u00e4liss\u00e4<\/li>\n<\/ul>\n<h2>Tekniset tiedot:<\/h2>\n<ul>\n<li>Suurin sopiva haaran halkaisija: 40 mm<\/li>\n<li>Paino: 1500 g<\/li>\n<li>Pituus: 800 mm<\/li>\n<\/ul>\n<p>&nbsp;<\/p>\n","protected":false},"excerpt":{"rendered":"<p>Suuret oksasakset 4255 karkeille oksille Sopii sek\u00e4 harrastepuutarhurille ett\u00e4 ammattik\u00e4ytt\u00e4j\u00e4lle. Testin voittaja &#8211; &#8221;Signum Test&#8221; Erityisen karkeiden, halkaisijaltaan enint\u00e4\u00e4n 40 mm:n oksien k\u00e4tev\u00e4\u00e4n katkaisuun. Saksalainen Berger-tuotemerkki on tunnettu Euroopassa ja maailmalla vuodesta 1919 l\u00e4htien erityisen mukavien ja korkealaatuisten puutarhav\u00e4lineiden valmistajana. Puutarhaty\u00f6kalut valmistetaan edelleen Euroopassa, Saksan Wuppertalissa sijaitsevassa tehtaassa. Valmistuksessa k\u00e4ytet\u00e4\u00e4n vain kest\u00e4vimpi\u00e4 materiaaleja, kuten ruostumatonta ter\u00e4st\u00e4, valettua alumiinia ja puuta. Jokainen puutarhuri tiet\u00e4\u00e4, kuinka t\u00e4rke\u00e4\u00e4&#8230;<\/p>\n","protected":false},"featured_media":27465,"template":"","meta":{"_acf_changed":false},"product_brand":[],"product_cat":[1836,1743,1889,1890],"product_tag":[],"class_list":{"0":"post-53681","1":"product","2":"type-product","3":"status-publish","4":"has-post-thumbnail","6":"product_cat-lahjat-miehille","7":"product_cat-lisalahjat-lahjat","8":"product_cat-puutarhatyokalut","9":"product_cat-suuret-oksasakset","10":"product_shipping_class-kuljetus-ainoastaan-kuriiripalvelun-valityksella","11":"pa_variatsioon-suuret-oksasakset-4255-testivoittaja","13":"first","14":"onbackorder","15":"sale","16":"taxable","17":"shipping-taxable","18":"purchasable","19":"product-type-simple"},"acf":[],"yoast_head":"<!-- This site is optimized with the Yoast SEO Premium plugin v27.3 (Yoast SEO v27.3) - https:\/\/yoast.com\/product\/yoast-seo-premium-wordpress\/ -->\n<title>Suuret oksasakset 4255- Testivoittaja -40mm oksille. -% Puutarhan oksasakset sauvalla<\/title>\n<meta name=\"description\" content=\"Suuret oksasakset 4255 erityisen karkeille oksille. Sopii harrastepuutarhureille ja ammattilaisille. Suurissa oksasaksissa 4255 on vahva ter\u00e4ksinen ter\u00e4.\" \/>\n<meta name=\"robots\" content=\"index, follow, max-snippet:-1, max-image-preview:large, max-video-preview:-1\" \/>\n<link rel=\"canonical\" href=\"https:\/\/rodoaed.ee\/fi\/toode\/suuret-oksasakset-4255-testivoittaja-40mm-oksille\/\" \/>\n<meta property=\"og:locale\" content=\"fi_FI\" \/>\n<meta property=\"og:type\" content=\"article\" \/>\n<meta property=\"og:title\" content=\"Suuret oksasakset 4255- Testivoittaja -40mm oksille.\" \/>\n<meta property=\"og:description\" content=\"Suuret oksasakset 4255 karkeille oksille Sopii sek\u00e4 harrastepuutarhurille ett\u00e4 ammattik\u00e4ytt\u00e4j\u00e4lle. Testin voittaja - &quot;Signum Test&quot; Erityisen karkeiden,\" \/>\n<meta property=\"og:url\" content=\"https:\/\/rodoaed.ee\/fi\/toode\/suuret-oksasakset-4255-testivoittaja-40mm-oksille\/\" \/>\n<meta property=\"og:site_name\" content=\"Rodoaed\" \/>\n<meta property=\"article:publisher\" content=\"https:\/\/www.facebook.com\/kasvuhooned\/\" \/>\n<meta property=\"article:modified_time\" content=\"2026-04-13T08:10:02+00:00\" \/>\n<meta property=\"og:image\" content=\"https:\/\/rodoaed.ee\/wp-content\/uploads\/2019\/08\/Suured-oksak\u00e4\u00e4rid_4255-2.jpg\" \/>\n\t<meta property=\"og:image:width\" content=\"2764\" \/>\n\t<meta property=\"og:image:height\" content=\"1162\" \/>\n\t<meta property=\"og:image:type\" content=\"image\/jpeg\" \/>\n<meta name=\"twitter:card\" content=\"summary_large_image\" \/>\n<meta name=\"twitter:label1\" content=\"Arvioitu lukuaika\" \/>\n\t<meta name=\"twitter:data1\" content=\"1 minuutti\" \/>\n<script type=\"application\/ld+json\" class=\"yoast-schema-graph\">{\"@context\":\"https:\\\/\\\/schema.org\",\"@graph\":[{\"@type\":\"WebPage\",\"@id\":\"https:\\\/\\\/rodoaed.ee\\\/fi\\\/toode\\\/suuret-oksasakset-4255-testivoittaja-40mm-oksille\\\/\",\"url\":\"https:\\\/\\\/rodoaed.ee\\\/fi\\\/toode\\\/suuret-oksasakset-4255-testivoittaja-40mm-oksille\\\/\",\"name\":\"Suuret oksasakset 4255- Testivoittaja -40mm oksille. -% Puutarhan oksasakset sauvalla\",\"isPartOf\":{\"@id\":\"https:\\\/\\\/rodoaed.ee\\\/#website\"},\"primaryImageOfPage\":{\"@id\":\"https:\\\/\\\/rodoaed.ee\\\/fi\\\/toode\\\/suuret-oksasakset-4255-testivoittaja-40mm-oksille\\\/#primaryimage\"},\"image\":{\"@id\":\"https:\\\/\\\/rodoaed.ee\\\/fi\\\/toode\\\/suuret-oksasakset-4255-testivoittaja-40mm-oksille\\\/#primaryimage\"},\"thumbnailUrl\":\"https:\\\/\\\/rodoaed.ee\\\/wp-content\\\/uploads\\\/2019\\\/08\\\/Suured-oksak\u00e4\u00e4rid_4255-2.jpg\",\"datePublished\":\"2019-08-02T09:56:40+00:00\",\"dateModified\":\"2026-04-13T08:10:02+00:00\",\"description\":\"Suuret oksasakset 4255 erityisen karkeille oksille. Sopii harrastepuutarhureille ja ammattilaisille. Suurissa oksasaksissa 4255 on vahva ter\u00e4ksinen ter\u00e4.\",\"breadcrumb\":{\"@id\":\"https:\\\/\\\/rodoaed.ee\\\/fi\\\/toode\\\/suuret-oksasakset-4255-testivoittaja-40mm-oksille\\\/#breadcrumb\"},\"inLanguage\":\"fi\",\"potentialAction\":[{\"@type\":\"ReadAction\",\"target\":[\"https:\\\/\\\/rodoaed.ee\\\/fi\\\/toode\\\/suuret-oksasakset-4255-testivoittaja-40mm-oksille\\\/\"]}]},{\"@type\":\"ImageObject\",\"inLanguage\":\"fi\",\"@id\":\"https:\\\/\\\/rodoaed.ee\\\/fi\\\/toode\\\/suuret-oksasakset-4255-testivoittaja-40mm-oksille\\\/#primaryimage\",\"url\":\"https:\\\/\\\/rodoaed.ee\\\/wp-content\\\/uploads\\\/2019\\\/08\\\/Suured-oksak\u00e4\u00e4rid_4255-2.jpg\",\"contentUrl\":\"https:\\\/\\\/rodoaed.ee\\\/wp-content\\\/uploads\\\/2019\\\/08\\\/Suured-oksak\u00e4\u00e4rid_4255-2.jpg\",\"width\":2764,\"height\":1162,\"caption\":\"Suuret oksasakset 4255 puutarhaty\u00f6kalut\"},{\"@type\":\"BreadcrumbList\",\"@id\":\"https:\\\/\\\/rodoaed.ee\\\/fi\\\/toode\\\/suuret-oksasakset-4255-testivoittaja-40mm-oksille\\\/#breadcrumb\",\"itemListElement\":[{\"@type\":\"ListItem\",\"position\":1,\"name\":\"Home\",\"item\":\"https:\\\/\\\/rodoaed.ee\\\/fi\\\/\"},{\"@type\":\"ListItem\",\"position\":2,\"name\":\"Osta osoitteessa\",\"item\":\"https:\\\/\\\/rodoaed.ee\\\/osta-osoitteessa\\\/\"},{\"@type\":\"ListItem\",\"position\":3,\"name\":\"Suuret oksasakset 4255- Testivoittaja -40mm oksille.\"}]},{\"@type\":\"WebSite\",\"@id\":\"https:\\\/\\\/rodoaed.ee\\\/#website\",\"url\":\"https:\\\/\\\/rodoaed.ee\\\/\",\"name\":\"Rodoaed\",\"description\":\"\",\"publisher\":{\"@id\":\"https:\\\/\\\/rodoaed.ee\\\/#organization\"},\"potentialAction\":[{\"@type\":\"SearchAction\",\"target\":{\"@type\":\"EntryPoint\",\"urlTemplate\":\"https:\\\/\\\/rodoaed.ee\\\/?s={search_term_string}\"},\"query-input\":{\"@type\":\"PropertyValueSpecification\",\"valueRequired\":true,\"valueName\":\"search_term_string\"}}],\"inLanguage\":\"fi\"},{\"@type\":\"Organization\",\"@id\":\"https:\\\/\\\/rodoaed.ee\\\/#organization\",\"name\":\"Rodoaed\",\"url\":\"https:\\\/\\\/rodoaed.ee\\\/\",\"logo\":{\"@type\":\"ImageObject\",\"inLanguage\":\"fi\",\"@id\":\"https:\\\/\\\/rodoaed.ee\\\/#\\\/schema\\\/logo\\\/image\\\/\",\"url\":\"https:\\\/\\\/rodoaed.ee\\\/wp-content\\\/uploads\\\/2019\\\/11\\\/rodoaed-logo-ilma-taustata.jpg\",\"contentUrl\":\"https:\\\/\\\/rodoaed.ee\\\/wp-content\\\/uploads\\\/2019\\\/11\\\/rodoaed-logo-ilma-taustata.jpg\",\"width\":769,\"height\":268,\"caption\":\"Rodoaed\"},\"image\":{\"@id\":\"https:\\\/\\\/rodoaed.ee\\\/#\\\/schema\\\/logo\\\/image\\\/\"},\"sameAs\":[\"https:\\\/\\\/www.facebook.com\\\/kasvuhooned\\\/\",\"https:\\\/\\\/rodoaed.ee\"]}]}<\/script>\n<!-- \/ Yoast SEO Premium plugin. -->","yoast_head_json":{"title":"Suuret oksasakset 4255- Testivoittaja -40mm oksille. -% Puutarhan oksasakset sauvalla","description":"Suuret oksasakset 4255 erityisen karkeille oksille. Sopii harrastepuutarhureille ja ammattilaisille. Suurissa oksasaksissa 4255 on vahva ter\u00e4ksinen ter\u00e4.","robots":{"index":"index","follow":"follow","max-snippet":"max-snippet:-1","max-image-preview":"max-image-preview:large","max-video-preview":"max-video-preview:-1"},"canonical":"https:\/\/rodoaed.ee\/fi\/toode\/suuret-oksasakset-4255-testivoittaja-40mm-oksille\/","og_locale":"fi_FI","og_type":"article","og_title":"Suuret oksasakset 4255- Testivoittaja -40mm oksille.","og_description":"Suuret oksasakset 4255 karkeille oksille Sopii sek\u00e4 harrastepuutarhurille ett\u00e4 ammattik\u00e4ytt\u00e4j\u00e4lle. Testin voittaja - \"Signum Test\" Erityisen karkeiden,","og_url":"https:\/\/rodoaed.ee\/fi\/toode\/suuret-oksasakset-4255-testivoittaja-40mm-oksille\/","og_site_name":"Rodoaed","article_publisher":"https:\/\/www.facebook.com\/kasvuhooned\/","article_modified_time":"2026-04-13T08:10:02+00:00","og_image":[{"width":2764,"height":1162,"url":"https:\/\/rodoaed.ee\/wp-content\/uploads\/2019\/08\/Suured-oksak\u00e4\u00e4rid_4255-2.jpg","type":"image\/jpeg"}],"twitter_card":"summary_large_image","twitter_misc":{"Arvioitu lukuaika":"1 minuutti"},"schema":{"@context":"https:\/\/schema.org","@graph":[{"@type":"WebPage","@id":"https:\/\/rodoaed.ee\/fi\/toode\/suuret-oksasakset-4255-testivoittaja-40mm-oksille\/","url":"https:\/\/rodoaed.ee\/fi\/toode\/suuret-oksasakset-4255-testivoittaja-40mm-oksille\/","name":"Suuret oksasakset 4255- Testivoittaja -40mm oksille. -% Puutarhan oksasakset sauvalla","isPartOf":{"@id":"https:\/\/rodoaed.ee\/#website"},"primaryImageOfPage":{"@id":"https:\/\/rodoaed.ee\/fi\/toode\/suuret-oksasakset-4255-testivoittaja-40mm-oksille\/#primaryimage"},"image":{"@id":"https:\/\/rodoaed.ee\/fi\/toode\/suuret-oksasakset-4255-testivoittaja-40mm-oksille\/#primaryimage"},"thumbnailUrl":"https:\/\/rodoaed.ee\/wp-content\/uploads\/2019\/08\/Suured-oksak\u00e4\u00e4rid_4255-2.jpg","datePublished":"2019-08-02T09:56:40+00:00","dateModified":"2026-04-13T08:10:02+00:00","description":"Suuret oksasakset 4255 erityisen karkeille oksille. Sopii harrastepuutarhureille ja ammattilaisille. Suurissa oksasaksissa 4255 on vahva ter\u00e4ksinen ter\u00e4.","breadcrumb":{"@id":"https:\/\/rodoaed.ee\/fi\/toode\/suuret-oksasakset-4255-testivoittaja-40mm-oksille\/#breadcrumb"},"inLanguage":"fi","potentialAction":[{"@type":"ReadAction","target":["https:\/\/rodoaed.ee\/fi\/toode\/suuret-oksasakset-4255-testivoittaja-40mm-oksille\/"]}]},{"@type":"ImageObject","inLanguage":"fi","@id":"https:\/\/rodoaed.ee\/fi\/toode\/suuret-oksasakset-4255-testivoittaja-40mm-oksille\/#primaryimage","url":"https:\/\/rodoaed.ee\/wp-content\/uploads\/2019\/08\/Suured-oksak\u00e4\u00e4rid_4255-2.jpg","contentUrl":"https:\/\/rodoaed.ee\/wp-content\/uploads\/2019\/08\/Suured-oksak\u00e4\u00e4rid_4255-2.jpg","width":2764,"height":1162,"caption":"Suuret oksasakset 4255 puutarhaty\u00f6kalut"},{"@type":"BreadcrumbList","@id":"https:\/\/rodoaed.ee\/fi\/toode\/suuret-oksasakset-4255-testivoittaja-40mm-oksille\/#breadcrumb","itemListElement":[{"@type":"ListItem","position":1,"name":"Home","item":"https:\/\/rodoaed.ee\/fi\/"},{"@type":"ListItem","position":2,"name":"Osta osoitteessa","item":"https:\/\/rodoaed.ee\/osta-osoitteessa\/"},{"@type":"ListItem","position":3,"name":"Suuret oksasakset 4255- Testivoittaja -40mm oksille."}]},{"@type":"WebSite","@id":"https:\/\/rodoaed.ee\/#website","url":"https:\/\/rodoaed.ee\/","name":"Rodoaed","description":"","publisher":{"@id":"https:\/\/rodoaed.ee\/#organization"},"potentialAction":[{"@type":"SearchAction","target":{"@type":"EntryPoint","urlTemplate":"https:\/\/rodoaed.ee\/?s={search_term_string}"},"query-input":{"@type":"PropertyValueSpecification","valueRequired":true,"valueName":"search_term_string"}}],"inLanguage":"fi"},{"@type":"Organization","@id":"https:\/\/rodoaed.ee\/#organization","name":"Rodoaed","url":"https:\/\/rodoaed.ee\/","logo":{"@type":"ImageObject","inLanguage":"fi","@id":"https:\/\/rodoaed.ee\/#\/schema\/logo\/image\/","url":"https:\/\/rodoaed.ee\/wp-content\/uploads\/2019\/11\/rodoaed-logo-ilma-taustata.jpg","contentUrl":"https:\/\/rodoaed.ee\/wp-content\/uploads\/2019\/11\/rodoaed-logo-ilma-taustata.jpg","width":769,"height":268,"caption":"Rodoaed"},"image":{"@id":"https:\/\/rodoaed.ee\/#\/schema\/logo\/image\/"},"sameAs":["https:\/\/www.facebook.com\/kasvuhooned\/","https:\/\/rodoaed.ee"]}]}},"_links":{"self":[{"href":"https:\/\/rodoaed.ee\/fi\/wp-json\/wp\/v2\/product\/53681","targetHints":{"allow":["GET"]}}],"collection":[{"href":"https:\/\/rodoaed.ee\/fi\/wp-json\/wp\/v2\/product"}],"about":[{"href":"https:\/\/rodoaed.ee\/fi\/wp-json\/wp\/v2\/types\/product"}],"wp:featuredmedia":[{"embeddable":true,"href":"https:\/\/rodoaed.ee\/fi\/wp-json\/wp\/v2\/media\/27465"}],"wp:attachment":[{"href":"https:\/\/rodoaed.ee\/fi\/wp-json\/wp\/v2\/media?parent=53681"}],"wp:term":[{"taxonomy":"product_brand","embeddable":true,"href":"https:\/\/rodoaed.ee\/fi\/wp-json\/wp\/v2\/product_brand?post=53681"},{"taxonomy":"product_cat","embeddable":true,"href":"https:\/\/rodoaed.ee\/fi\/wp-json\/wp\/v2\/product_cat?post=53681"},{"taxonomy":"product_tag","embeddable":true,"href":"https:\/\/rodoaed.ee\/fi\/wp-json\/wp\/v2\/product_tag?post=53681"}],"curies":[{"name":"wp","href":"https:\/\/api.w.org\/{rel}","templated":true}]}}