{"id":53683,"date":"2019-08-02T12:56:40","date_gmt":"2019-08-02T09:56:40","guid":{"rendered":"https:\/\/rodoaed.ee\/toode\/peenra-automaattinen-kastelujarjestelma-hydromax-s\/"},"modified":"2026-04-13T11:10:02","modified_gmt":"2026-04-13T08:10:02","slug":"peenra-automaattinen-kastelujarjestelma-hydromax-s","status":"publish","type":"product","link":"https:\/\/rodoaed.ee\/fi\/tuote\/peenra-automaattinen-kastelujarjestelma-hydromax-s\/","title":{"rendered":"Peenra automaattinen kasteluj\u00e4rjestelm\u00e4 &#8211; Hydromax S"},"content":{"rendered":"<h2>Vapauta itsesi velvoitteista ja kasvit janosta!<\/h2>\n<p><strong>Hydro Max on itses\u00e4\u00e4tyv\u00e4 kasteluj\u00e4rjestelm\u00e4, joka s\u00e4\u00e4st\u00e4\u00e4 vett\u00e4 ja aikaa.<\/strong><\/p>\n<p>S\u00e4nkyyn kaivetaan keraaminen vesis\u00e4ili\u00f6, joka t\u00e4ytet\u00e4\u00e4n vedell\u00e4. S\u00e4ili\u00f6 luovuttaa kosteutta sananmukaisesti juuri sen verran kuin kasvit ottavat maaper\u00e4st\u00e4. S\u00e4ili\u00f6 t\u00e4ytet\u00e4\u00e4n parin p\u00e4iv\u00e4n v\u00e4lein. Vedenkulutus on jopa 70 % pienempi kuin ylh\u00e4\u00e4lt\u00e4p\u00e4in kasteltaessa.   <\/p>\n<p>Viron luonto kiitt\u00e4\u00e4 sinua t\u00e4st\u00e4!<\/p>\n<div>\n<h2>Yksinkertainen j\u00e4rjestelm\u00e4 kasvien kasteluun kaikenlaisissa s\u00e4ngyiss\u00e4 ja korotetuissa s\u00e4ngyiss\u00e4.<\/h2>\n<p><strong style=\"font-family: inherit; font-size: inherit; font-style: inherit; font-variant-caps: inherit;\">Eritt\u00e4in helppo asentaa ja eritt\u00e4in k\u00e4tev\u00e4 k\u00e4ytt\u00e4\u00e4. Eritt\u00e4in luotettava. <\/strong><\/p>\n<\/div>\n<ul>\n<li>Suunniteltu koristeellinen keraaminen astia kolmessa koossa<\/li>\n<li>Sopii kaikkiin s\u00e4nkyihin<\/li>\n<li>Ei pelkoa ylikulkeutumisesta tai puhkeamisesta.<\/li>\n<li>S-koon tilavuus: 1,0 L<\/li>\n<li>S-koon mitat: 20x 15x 15cm<\/li>\n<\/ul>\n<p>&nbsp;<\/p>\n","protected":false},"excerpt":{"rendered":"<p>Vapauta itsesi velvoitteista ja kasvit janosta! Hydro Max on itses\u00e4\u00e4tyv\u00e4 kasteluj\u00e4rjestelm\u00e4, joka s\u00e4\u00e4st\u00e4\u00e4 vett\u00e4 ja aikaa. S\u00e4nkyyn kaivetaan keraaminen vesis\u00e4ili\u00f6, joka t\u00e4ytet\u00e4\u00e4n vedell\u00e4. S\u00e4ili\u00f6 luovuttaa kosteutta sananmukaisesti juuri sen verran kuin kasvit ottavat maaper\u00e4st\u00e4. S\u00e4ili\u00f6 t\u00e4ytet\u00e4\u00e4n parin p\u00e4iv\u00e4n v\u00e4lein. Vedenkulutus on jopa 70 % pienempi kuin ylh\u00e4\u00e4lt\u00e4p\u00e4in kasteltaessa. Viron luonto kiitt\u00e4\u00e4 sinua t\u00e4st\u00e4! Yksinkertainen j\u00e4rjestelm\u00e4 kasvien kasteluun kaikenlaisissa s\u00e4ngyiss\u00e4 ja korotetuissa s\u00e4ngyiss\u00e4. Eritt\u00e4in helppo asentaa&#8230;<\/p>\n","protected":false},"featured_media":17196,"template":"","meta":{"_acf_changed":false},"product_brand":[],"product_cat":[2224,1984,1980,1743],"product_tag":[],"class_list":{"0":"post-53683","1":"product","2":"type-product","3":"status-publish","4":"has-post-thumbnail","6":"product_cat-hienojen-kasvien-ja-pensaiden-kastelu","7":"product_cat-kastijarjestelmat","8":"product_cat-korotetut-penkit-ja-istutusastiat","9":"product_cat-lisalahjat-lahjat","10":"product_shipping_class-toimitus-1-3-tyopaivan-kuluessa","11":"pa_variatsioon-peenra-automaattinen-kastelujarjestelma-hydromax-s","13":"first","14":"onbackorder","15":"sale","16":"taxable","17":"shipping-taxable","18":"purchasable","19":"product-type-simple"},"acf":[],"yoast_head":"<!-- This site is optimized with the Yoast SEO Premium plugin v27.3 (Yoast SEO v27.3) - https:\/\/yoast.com\/product\/yoast-seo-premium-wordpress\/ -->\n<title>Peenra automaattinen kasteluj\u00e4rjestelm\u00e4 - Hydromax S - Rodoaed<\/title>\n<meta name=\"robots\" content=\"index, follow, max-snippet:-1, max-image-preview:large, max-video-preview:-1\" \/>\n<link rel=\"canonical\" href=\"https:\/\/rodoaed.ee\/fi\/toode\/peenra-automaattinen-kastelujarjestelma-hydromax-s\/\" \/>\n<meta property=\"og:locale\" content=\"fi_FI\" \/>\n<meta property=\"og:type\" content=\"article\" \/>\n<meta property=\"og:title\" content=\"Peenra automaattinen kasteluj\u00e4rjestelm\u00e4 - Hydromax S\" \/>\n<meta property=\"og:description\" content=\"Vapauta itsesi velvoitteista ja kasvit janosta! Hydro Max on itses\u00e4\u00e4tyv\u00e4 kasteluj\u00e4rjestelm\u00e4, joka s\u00e4\u00e4st\u00e4\u00e4 vett\u00e4 ja aikaa. S\u00e4nkyyn kaivetaan keraaminen\" \/>\n<meta property=\"og:url\" content=\"https:\/\/rodoaed.ee\/fi\/toode\/peenra-automaattinen-kastelujarjestelma-hydromax-s\/\" \/>\n<meta property=\"og:site_name\" content=\"Rodoaed\" \/>\n<meta property=\"article:publisher\" content=\"https:\/\/www.facebook.com\/kasvuhooned\/\" \/>\n<meta property=\"article:modified_time\" content=\"2026-04-13T08:10:02+00:00\" \/>\n<meta property=\"og:image\" content=\"https:\/\/rodoaed.ee\/wp-content\/uploads\/2019\/07\/kastmiss\u00fcsteem_hydromax_01.jpg\" \/>\n\t<meta property=\"og:image:width\" content=\"700\" \/>\n\t<meta property=\"og:image:height\" content=\"700\" \/>\n\t<meta property=\"og:image:type\" content=\"image\/jpeg\" \/>\n<meta name=\"twitter:card\" content=\"summary_large_image\" \/>\n<meta name=\"twitter:label1\" content=\"Arvioitu lukuaika\" \/>\n\t<meta name=\"twitter:data1\" content=\"1 minuutti\" \/>\n<script type=\"application\/ld+json\" class=\"yoast-schema-graph\">{\"@context\":\"https:\\\/\\\/schema.org\",\"@graph\":[{\"@type\":\"WebPage\",\"@id\":\"https:\\\/\\\/rodoaed.ee\\\/fi\\\/toode\\\/peenra-automaattinen-kastelujarjestelma-hydromax-s\\\/\",\"url\":\"https:\\\/\\\/rodoaed.ee\\\/fi\\\/toode\\\/peenra-automaattinen-kastelujarjestelma-hydromax-s\\\/\",\"name\":\"Peenra automaattinen kasteluj\u00e4rjestelm\u00e4 - Hydromax S - Rodoaed\",\"isPartOf\":{\"@id\":\"https:\\\/\\\/rodoaed.ee\\\/#website\"},\"primaryImageOfPage\":{\"@id\":\"https:\\\/\\\/rodoaed.ee\\\/fi\\\/toode\\\/peenra-automaattinen-kastelujarjestelma-hydromax-s\\\/#primaryimage\"},\"image\":{\"@id\":\"https:\\\/\\\/rodoaed.ee\\\/fi\\\/toode\\\/peenra-automaattinen-kastelujarjestelma-hydromax-s\\\/#primaryimage\"},\"thumbnailUrl\":\"https:\\\/\\\/rodoaed.ee\\\/wp-content\\\/uploads\\\/2019\\\/07\\\/kastmiss\u00fcsteem_hydromax_01.jpg\",\"datePublished\":\"2019-08-02T09:56:40+00:00\",\"dateModified\":\"2026-04-13T08:10:02+00:00\",\"breadcrumb\":{\"@id\":\"https:\\\/\\\/rodoaed.ee\\\/fi\\\/toode\\\/peenra-automaattinen-kastelujarjestelma-hydromax-s\\\/#breadcrumb\"},\"inLanguage\":\"fi\",\"potentialAction\":[{\"@type\":\"ReadAction\",\"target\":[\"https:\\\/\\\/rodoaed.ee\\\/fi\\\/toode\\\/peenra-automaattinen-kastelujarjestelma-hydromax-s\\\/\"]}]},{\"@type\":\"ImageObject\",\"inLanguage\":\"fi\",\"@id\":\"https:\\\/\\\/rodoaed.ee\\\/fi\\\/toode\\\/peenra-automaattinen-kastelujarjestelma-hydromax-s\\\/#primaryimage\",\"url\":\"https:\\\/\\\/rodoaed.ee\\\/wp-content\\\/uploads\\\/2019\\\/07\\\/kastmiss\u00fcsteem_hydromax_01.jpg\",\"contentUrl\":\"https:\\\/\\\/rodoaed.ee\\\/wp-content\\\/uploads\\\/2019\\\/07\\\/kastmiss\u00fcsteem_hydromax_01.jpg\",\"width\":700,\"height\":700,\"caption\":\"s\u00e4nkykasvien kastelu\"},{\"@type\":\"BreadcrumbList\",\"@id\":\"https:\\\/\\\/rodoaed.ee\\\/fi\\\/toode\\\/peenra-automaattinen-kastelujarjestelma-hydromax-s\\\/#breadcrumb\",\"itemListElement\":[{\"@type\":\"ListItem\",\"position\":1,\"name\":\"Home\",\"item\":\"https:\\\/\\\/rodoaed.ee\\\/fi\\\/\"},{\"@type\":\"ListItem\",\"position\":2,\"name\":\"Osta osoitteessa\",\"item\":\"https:\\\/\\\/rodoaed.ee\\\/osta-osoitteessa\\\/\"},{\"@type\":\"ListItem\",\"position\":3,\"name\":\"Peenra automaattinen kasteluj\u00e4rjestelm\u00e4 &#8211; Hydromax S\"}]},{\"@type\":\"WebSite\",\"@id\":\"https:\\\/\\\/rodoaed.ee\\\/#website\",\"url\":\"https:\\\/\\\/rodoaed.ee\\\/\",\"name\":\"Rodoaed\",\"description\":\"\",\"publisher\":{\"@id\":\"https:\\\/\\\/rodoaed.ee\\\/#organization\"},\"potentialAction\":[{\"@type\":\"SearchAction\",\"target\":{\"@type\":\"EntryPoint\",\"urlTemplate\":\"https:\\\/\\\/rodoaed.ee\\\/?s={search_term_string}\"},\"query-input\":{\"@type\":\"PropertyValueSpecification\",\"valueRequired\":true,\"valueName\":\"search_term_string\"}}],\"inLanguage\":\"fi\"},{\"@type\":\"Organization\",\"@id\":\"https:\\\/\\\/rodoaed.ee\\\/#organization\",\"name\":\"Rodoaed\",\"url\":\"https:\\\/\\\/rodoaed.ee\\\/\",\"logo\":{\"@type\":\"ImageObject\",\"inLanguage\":\"fi\",\"@id\":\"https:\\\/\\\/rodoaed.ee\\\/#\\\/schema\\\/logo\\\/image\\\/\",\"url\":\"https:\\\/\\\/rodoaed.ee\\\/wp-content\\\/uploads\\\/2019\\\/11\\\/rodoaed-logo-ilma-taustata.jpg\",\"contentUrl\":\"https:\\\/\\\/rodoaed.ee\\\/wp-content\\\/uploads\\\/2019\\\/11\\\/rodoaed-logo-ilma-taustata.jpg\",\"width\":769,\"height\":268,\"caption\":\"Rodoaed\"},\"image\":{\"@id\":\"https:\\\/\\\/rodoaed.ee\\\/#\\\/schema\\\/logo\\\/image\\\/\"},\"sameAs\":[\"https:\\\/\\\/www.facebook.com\\\/kasvuhooned\\\/\",\"https:\\\/\\\/rodoaed.ee\"]}]}<\/script>\n<!-- \/ Yoast SEO Premium plugin. -->","yoast_head_json":{"title":"Peenra automaattinen kasteluj\u00e4rjestelm\u00e4 - Hydromax S - Rodoaed","robots":{"index":"index","follow":"follow","max-snippet":"max-snippet:-1","max-image-preview":"max-image-preview:large","max-video-preview":"max-video-preview:-1"},"canonical":"https:\/\/rodoaed.ee\/fi\/toode\/peenra-automaattinen-kastelujarjestelma-hydromax-s\/","og_locale":"fi_FI","og_type":"article","og_title":"Peenra automaattinen kasteluj\u00e4rjestelm\u00e4 - Hydromax S","og_description":"Vapauta itsesi velvoitteista ja kasvit janosta! Hydro Max on itses\u00e4\u00e4tyv\u00e4 kasteluj\u00e4rjestelm\u00e4, joka s\u00e4\u00e4st\u00e4\u00e4 vett\u00e4 ja aikaa. S\u00e4nkyyn kaivetaan keraaminen","og_url":"https:\/\/rodoaed.ee\/fi\/toode\/peenra-automaattinen-kastelujarjestelma-hydromax-s\/","og_site_name":"Rodoaed","article_publisher":"https:\/\/www.facebook.com\/kasvuhooned\/","article_modified_time":"2026-04-13T08:10:02+00:00","og_image":[{"width":700,"height":700,"url":"https:\/\/rodoaed.ee\/wp-content\/uploads\/2019\/07\/kastmiss\u00fcsteem_hydromax_01.jpg","type":"image\/jpeg"}],"twitter_card":"summary_large_image","twitter_misc":{"Arvioitu lukuaika":"1 minuutti"},"schema":{"@context":"https:\/\/schema.org","@graph":[{"@type":"WebPage","@id":"https:\/\/rodoaed.ee\/fi\/toode\/peenra-automaattinen-kastelujarjestelma-hydromax-s\/","url":"https:\/\/rodoaed.ee\/fi\/toode\/peenra-automaattinen-kastelujarjestelma-hydromax-s\/","name":"Peenra automaattinen kasteluj\u00e4rjestelm\u00e4 - Hydromax S - Rodoaed","isPartOf":{"@id":"https:\/\/rodoaed.ee\/#website"},"primaryImageOfPage":{"@id":"https:\/\/rodoaed.ee\/fi\/toode\/peenra-automaattinen-kastelujarjestelma-hydromax-s\/#primaryimage"},"image":{"@id":"https:\/\/rodoaed.ee\/fi\/toode\/peenra-automaattinen-kastelujarjestelma-hydromax-s\/#primaryimage"},"thumbnailUrl":"https:\/\/rodoaed.ee\/wp-content\/uploads\/2019\/07\/kastmiss\u00fcsteem_hydromax_01.jpg","datePublished":"2019-08-02T09:56:40+00:00","dateModified":"2026-04-13T08:10:02+00:00","breadcrumb":{"@id":"https:\/\/rodoaed.ee\/fi\/toode\/peenra-automaattinen-kastelujarjestelma-hydromax-s\/#breadcrumb"},"inLanguage":"fi","potentialAction":[{"@type":"ReadAction","target":["https:\/\/rodoaed.ee\/fi\/toode\/peenra-automaattinen-kastelujarjestelma-hydromax-s\/"]}]},{"@type":"ImageObject","inLanguage":"fi","@id":"https:\/\/rodoaed.ee\/fi\/toode\/peenra-automaattinen-kastelujarjestelma-hydromax-s\/#primaryimage","url":"https:\/\/rodoaed.ee\/wp-content\/uploads\/2019\/07\/kastmiss\u00fcsteem_hydromax_01.jpg","contentUrl":"https:\/\/rodoaed.ee\/wp-content\/uploads\/2019\/07\/kastmiss\u00fcsteem_hydromax_01.jpg","width":700,"height":700,"caption":"s\u00e4nkykasvien kastelu"},{"@type":"BreadcrumbList","@id":"https:\/\/rodoaed.ee\/fi\/toode\/peenra-automaattinen-kastelujarjestelma-hydromax-s\/#breadcrumb","itemListElement":[{"@type":"ListItem","position":1,"name":"Home","item":"https:\/\/rodoaed.ee\/fi\/"},{"@type":"ListItem","position":2,"name":"Osta osoitteessa","item":"https:\/\/rodoaed.ee\/osta-osoitteessa\/"},{"@type":"ListItem","position":3,"name":"Peenra automaattinen kasteluj\u00e4rjestelm\u00e4 &#8211; Hydromax S"}]},{"@type":"WebSite","@id":"https:\/\/rodoaed.ee\/#website","url":"https:\/\/rodoaed.ee\/","name":"Rodoaed","description":"","publisher":{"@id":"https:\/\/rodoaed.ee\/#organization"},"potentialAction":[{"@type":"SearchAction","target":{"@type":"EntryPoint","urlTemplate":"https:\/\/rodoaed.ee\/?s={search_term_string}"},"query-input":{"@type":"PropertyValueSpecification","valueRequired":true,"valueName":"search_term_string"}}],"inLanguage":"fi"},{"@type":"Organization","@id":"https:\/\/rodoaed.ee\/#organization","name":"Rodoaed","url":"https:\/\/rodoaed.ee\/","logo":{"@type":"ImageObject","inLanguage":"fi","@id":"https:\/\/rodoaed.ee\/#\/schema\/logo\/image\/","url":"https:\/\/rodoaed.ee\/wp-content\/uploads\/2019\/11\/rodoaed-logo-ilma-taustata.jpg","contentUrl":"https:\/\/rodoaed.ee\/wp-content\/uploads\/2019\/11\/rodoaed-logo-ilma-taustata.jpg","width":769,"height":268,"caption":"Rodoaed"},"image":{"@id":"https:\/\/rodoaed.ee\/#\/schema\/logo\/image\/"},"sameAs":["https:\/\/www.facebook.com\/kasvuhooned\/","https:\/\/rodoaed.ee"]}]}},"_links":{"self":[{"href":"https:\/\/rodoaed.ee\/fi\/wp-json\/wp\/v2\/product\/53683","targetHints":{"allow":["GET"]}}],"collection":[{"href":"https:\/\/rodoaed.ee\/fi\/wp-json\/wp\/v2\/product"}],"about":[{"href":"https:\/\/rodoaed.ee\/fi\/wp-json\/wp\/v2\/types\/product"}],"wp:featuredmedia":[{"embeddable":true,"href":"https:\/\/rodoaed.ee\/fi\/wp-json\/wp\/v2\/media\/17196"}],"wp:attachment":[{"href":"https:\/\/rodoaed.ee\/fi\/wp-json\/wp\/v2\/media?parent=53683"}],"wp:term":[{"taxonomy":"product_brand","embeddable":true,"href":"https:\/\/rodoaed.ee\/fi\/wp-json\/wp\/v2\/product_brand?post=53683"},{"taxonomy":"product_cat","embeddable":true,"href":"https:\/\/rodoaed.ee\/fi\/wp-json\/wp\/v2\/product_cat?post=53683"},{"taxonomy":"product_tag","embeddable":true,"href":"https:\/\/rodoaed.ee\/fi\/wp-json\/wp\/v2\/product_tag?post=53683"}],"curies":[{"name":"wp","href":"https:\/\/api.w.org\/{rel}","templated":true}]}}