{"id":53691,"date":"2019-08-02T12:40:43","date_gmt":"2019-08-02T09:40:43","guid":{"rendered":"https:\/\/rodoaed.ee\/toode\/r-oktenoli-sienialkoholi-3-kpl\/"},"modified":"2026-04-13T11:10:15","modified_gmt":"2026-04-13T08:10:15","slug":"r-oktenoli-sienialkoholi-3-kpl","status":"publish","type":"product","link":"https:\/\/rodoaed.ee\/fi\/tuote\/r-oktenoli-sienialkoholi-3-kpl\/","title":{"rendered":"R-oktenoli (sienialkoholi) 3 kpl"},"content":{"rendered":"<h2>R-oktenoli on uusi oktenoli, jonka vaikutus on 40 prosenttia pidempi.<\/h2>\n<p>Sopii kaikkiin hyttysverkkoihin.<\/p>\n<p>Karkottaa kaikki hyttyset ja hyttyset, joita meill\u00e4 on. 40 % pidempivaikutteinen. <\/p>\n<h2>Octenolin vaihtosarja<\/h2>\n<p>Oktenoli tehostaa hyttysloukun toimintaa. Propaanista syntyv\u00e4 hiilidioksidi houkuttelee hyttysi\u00e4 kaukaa, kun taas oktenoli on voimakkaampi ja houkuttelee hyttysi\u00e4 l\u00e4hiet\u00e4isyydelt\u00e4. Tuore annos oktenolia parantaa ansan tehoa kolmanneksella. Vaihda aina, kun kaasupullo on vaihdettava (noin 24 p\u00e4iv\u00e4n v\u00e4lein). Parempien ansastustulosten saavuttamiseksi se voidaan vaihtaa kahden viikon v\u00e4lein.    <\/p>\n<p>Sopii kaikkiin hyttyssieppareihin<\/p>\n<p>Karkottaa kaikki hyttyset ja hyttyset, joita meill\u00e4 on tarjota.<\/p>\n","protected":false},"excerpt":{"rendered":"<p>R-oktenoli on uusi oktenoli, jonka vaikutus on 40 prosenttia pidempi. Sopii kaikkiin hyttysverkkoihin. Karkottaa kaikki hyttyset ja hyttyset, joita meill\u00e4 on. 40 % pidempivaikutteinen. Octenolin vaihtosarja Oktenoli tehostaa hyttysloukun toimintaa. Propaanista syntyv\u00e4 hiilidioksidi houkuttelee hyttysi\u00e4 kaukaa, kun taas oktenoli on voimakkaampi ja houkuttelee hyttysi\u00e4 l\u00e4hiet\u00e4isyydelt\u00e4. Tuore annos oktenolia parantaa ansan tehoa kolmanneksella. Vaihda aina, kun kaasupullo on vaihdettava (noin 24 p\u00e4iv\u00e4n v\u00e4lein). Parempien ansastustulosten saavuttamiseksi&#8230;<\/p>\n","protected":false},"featured_media":19081,"template":"","meta":{"_acf_changed":false},"product_brand":[],"product_cat":[2233],"product_tag":[],"class_list":{"0":"post-53691","1":"product","2":"type-product","3":"status-publish","4":"has-post-thumbnail","6":"product_cat-hyttyssiepparit-ja-hyttyssiepparit","7":"pa_variatsioon-r-oktenoli-sienialkoholi-3-kpl","9":"first","10":"instock","11":"taxable","12":"shipping-taxable","13":"purchasable","14":"product-type-simple"},"acf":[],"yoast_head":"<!-- This site is optimized with the Yoast SEO Premium plugin v27.3 (Yoast SEO v27.3) - https:\/\/yoast.com\/product\/yoast-seo-premium-wordpress\/ -->\n<title>R-oktenoli (sienialkoholi) 3 kpl - Rodoaed<\/title>\n<meta name=\"robots\" content=\"index, follow, max-snippet:-1, max-image-preview:large, max-video-preview:-1\" \/>\n<link rel=\"canonical\" href=\"https:\/\/rodoaed.ee\/toode\/r-oktenoli-sienialkoholi-3-kpl\/\" \/>\n<meta property=\"og:locale\" content=\"fi_FI\" \/>\n<meta property=\"og:type\" content=\"article\" \/>\n<meta property=\"og:title\" content=\"R-oktenoli (sienialkoholi) 3 kpl\" \/>\n<meta property=\"og:description\" content=\"R-oktenoli on uusi oktenoli, jonka vaikutus on 40 prosenttia pidempi. Sopii kaikkiin hyttysverkkoihin. Karkottaa kaikki hyttyset ja hyttyset, joita meill\u00e4\" \/>\n<meta property=\"og:url\" content=\"https:\/\/rodoaed.ee\/toode\/r-oktenoli-sienialkoholi-3-kpl\/\" \/>\n<meta property=\"og:site_name\" content=\"Rodoaed\" \/>\n<meta property=\"article:publisher\" content=\"https:\/\/www.facebook.com\/kasvuhooned\/\" \/>\n<meta property=\"article:modified_time\" content=\"2026-04-13T08:10:15+00:00\" \/>\n<meta name=\"twitter:card\" content=\"summary_large_image\" \/>\n<script type=\"application\/ld+json\" class=\"yoast-schema-graph\">{\"@context\":\"https:\\\/\\\/schema.org\",\"@graph\":[{\"@type\":\"WebPage\",\"@id\":\"https:\\\/\\\/rodoaed.ee\\\/toode\\\/r-oktenoli-sienialkoholi-3-kpl\\\/\",\"url\":\"https:\\\/\\\/rodoaed.ee\\\/toode\\\/r-oktenoli-sienialkoholi-3-kpl\\\/\",\"name\":\"R-oktenoli (sienialkoholi) 3 kpl - Rodoaed\",\"isPartOf\":{\"@id\":\"https:\\\/\\\/rodoaed.ee\\\/#website\"},\"primaryImageOfPage\":{\"@id\":\"https:\\\/\\\/rodoaed.ee\\\/toode\\\/r-oktenoli-sienialkoholi-3-kpl\\\/#primaryimage\"},\"image\":{\"@id\":\"https:\\\/\\\/rodoaed.ee\\\/toode\\\/r-oktenoli-sienialkoholi-3-kpl\\\/#primaryimage\"},\"thumbnailUrl\":\"https:\\\/\\\/rodoaed.ee\\\/wp-content\\\/uploads\\\/2019\\\/07\\\/R-oktenool_1.jpg\",\"datePublished\":\"2019-08-02T09:40:43+00:00\",\"dateModified\":\"2026-04-13T08:10:15+00:00\",\"breadcrumb\":{\"@id\":\"https:\\\/\\\/rodoaed.ee\\\/toode\\\/r-oktenoli-sienialkoholi-3-kpl\\\/#breadcrumb\"},\"inLanguage\":\"fi\",\"potentialAction\":[{\"@type\":\"ReadAction\",\"target\":[\"https:\\\/\\\/rodoaed.ee\\\/toode\\\/r-oktenoli-sienialkoholi-3-kpl\\\/\"]}]},{\"@type\":\"ImageObject\",\"inLanguage\":\"fi\",\"@id\":\"https:\\\/\\\/rodoaed.ee\\\/toode\\\/r-oktenoli-sienialkoholi-3-kpl\\\/#primaryimage\",\"url\":\"https:\\\/\\\/rodoaed.ee\\\/wp-content\\\/uploads\\\/2019\\\/07\\\/R-oktenool_1.jpg\",\"contentUrl\":\"https:\\\/\\\/rodoaed.ee\\\/wp-content\\\/uploads\\\/2019\\\/07\\\/R-oktenool_1.jpg\",\"width\":368,\"height\":368},{\"@type\":\"BreadcrumbList\",\"@id\":\"https:\\\/\\\/rodoaed.ee\\\/toode\\\/r-oktenoli-sienialkoholi-3-kpl\\\/#breadcrumb\",\"itemListElement\":[{\"@type\":\"ListItem\",\"position\":1,\"name\":\"Home\",\"item\":\"https:\\\/\\\/rodoaed.ee\\\/fi\\\/\"},{\"@type\":\"ListItem\",\"position\":2,\"name\":\"Osta osoitteessa\",\"item\":\"https:\\\/\\\/rodoaed.ee\\\/osta-osoitteessa\\\/\"},{\"@type\":\"ListItem\",\"position\":3,\"name\":\"R-oktenoli (sienialkoholi) 3 kpl\"}]},{\"@type\":\"WebSite\",\"@id\":\"https:\\\/\\\/rodoaed.ee\\\/#website\",\"url\":\"https:\\\/\\\/rodoaed.ee\\\/\",\"name\":\"Rodoaed\",\"description\":\"\",\"publisher\":{\"@id\":\"https:\\\/\\\/rodoaed.ee\\\/#organization\"},\"potentialAction\":[{\"@type\":\"SearchAction\",\"target\":{\"@type\":\"EntryPoint\",\"urlTemplate\":\"https:\\\/\\\/rodoaed.ee\\\/?s={search_term_string}\"},\"query-input\":{\"@type\":\"PropertyValueSpecification\",\"valueRequired\":true,\"valueName\":\"search_term_string\"}}],\"inLanguage\":\"fi\"},{\"@type\":\"Organization\",\"@id\":\"https:\\\/\\\/rodoaed.ee\\\/#organization\",\"name\":\"Rodoaed\",\"url\":\"https:\\\/\\\/rodoaed.ee\\\/\",\"logo\":{\"@type\":\"ImageObject\",\"inLanguage\":\"fi\",\"@id\":\"https:\\\/\\\/rodoaed.ee\\\/#\\\/schema\\\/logo\\\/image\\\/\",\"url\":\"https:\\\/\\\/rodoaed.ee\\\/wp-content\\\/uploads\\\/2019\\\/11\\\/rodoaed-logo-ilma-taustata.jpg\",\"contentUrl\":\"https:\\\/\\\/rodoaed.ee\\\/wp-content\\\/uploads\\\/2019\\\/11\\\/rodoaed-logo-ilma-taustata.jpg\",\"width\":769,\"height\":268,\"caption\":\"Rodoaed\"},\"image\":{\"@id\":\"https:\\\/\\\/rodoaed.ee\\\/#\\\/schema\\\/logo\\\/image\\\/\"},\"sameAs\":[\"https:\\\/\\\/www.facebook.com\\\/kasvuhooned\\\/\",\"https:\\\/\\\/rodoaed.ee\"]}]}<\/script>\n<!-- \/ Yoast SEO Premium plugin. -->","yoast_head_json":{"title":"R-oktenoli (sienialkoholi) 3 kpl - Rodoaed","robots":{"index":"index","follow":"follow","max-snippet":"max-snippet:-1","max-image-preview":"max-image-preview:large","max-video-preview":"max-video-preview:-1"},"canonical":"https:\/\/rodoaed.ee\/toode\/r-oktenoli-sienialkoholi-3-kpl\/","og_locale":"fi_FI","og_type":"article","og_title":"R-oktenoli (sienialkoholi) 3 kpl","og_description":"R-oktenoli on uusi oktenoli, jonka vaikutus on 40 prosenttia pidempi. Sopii kaikkiin hyttysverkkoihin. Karkottaa kaikki hyttyset ja hyttyset, joita meill\u00e4","og_url":"https:\/\/rodoaed.ee\/toode\/r-oktenoli-sienialkoholi-3-kpl\/","og_site_name":"Rodoaed","article_publisher":"https:\/\/www.facebook.com\/kasvuhooned\/","article_modified_time":"2026-04-13T08:10:15+00:00","twitter_card":"summary_large_image","schema":{"@context":"https:\/\/schema.org","@graph":[{"@type":"WebPage","@id":"https:\/\/rodoaed.ee\/toode\/r-oktenoli-sienialkoholi-3-kpl\/","url":"https:\/\/rodoaed.ee\/toode\/r-oktenoli-sienialkoholi-3-kpl\/","name":"R-oktenoli (sienialkoholi) 3 kpl - Rodoaed","isPartOf":{"@id":"https:\/\/rodoaed.ee\/#website"},"primaryImageOfPage":{"@id":"https:\/\/rodoaed.ee\/toode\/r-oktenoli-sienialkoholi-3-kpl\/#primaryimage"},"image":{"@id":"https:\/\/rodoaed.ee\/toode\/r-oktenoli-sienialkoholi-3-kpl\/#primaryimage"},"thumbnailUrl":"https:\/\/rodoaed.ee\/wp-content\/uploads\/2019\/07\/R-oktenool_1.jpg","datePublished":"2019-08-02T09:40:43+00:00","dateModified":"2026-04-13T08:10:15+00:00","breadcrumb":{"@id":"https:\/\/rodoaed.ee\/toode\/r-oktenoli-sienialkoholi-3-kpl\/#breadcrumb"},"inLanguage":"fi","potentialAction":[{"@type":"ReadAction","target":["https:\/\/rodoaed.ee\/toode\/r-oktenoli-sienialkoholi-3-kpl\/"]}]},{"@type":"ImageObject","inLanguage":"fi","@id":"https:\/\/rodoaed.ee\/toode\/r-oktenoli-sienialkoholi-3-kpl\/#primaryimage","url":"https:\/\/rodoaed.ee\/wp-content\/uploads\/2019\/07\/R-oktenool_1.jpg","contentUrl":"https:\/\/rodoaed.ee\/wp-content\/uploads\/2019\/07\/R-oktenool_1.jpg","width":368,"height":368},{"@type":"BreadcrumbList","@id":"https:\/\/rodoaed.ee\/toode\/r-oktenoli-sienialkoholi-3-kpl\/#breadcrumb","itemListElement":[{"@type":"ListItem","position":1,"name":"Home","item":"https:\/\/rodoaed.ee\/fi\/"},{"@type":"ListItem","position":2,"name":"Osta osoitteessa","item":"https:\/\/rodoaed.ee\/osta-osoitteessa\/"},{"@type":"ListItem","position":3,"name":"R-oktenoli (sienialkoholi) 3 kpl"}]},{"@type":"WebSite","@id":"https:\/\/rodoaed.ee\/#website","url":"https:\/\/rodoaed.ee\/","name":"Rodoaed","description":"","publisher":{"@id":"https:\/\/rodoaed.ee\/#organization"},"potentialAction":[{"@type":"SearchAction","target":{"@type":"EntryPoint","urlTemplate":"https:\/\/rodoaed.ee\/?s={search_term_string}"},"query-input":{"@type":"PropertyValueSpecification","valueRequired":true,"valueName":"search_term_string"}}],"inLanguage":"fi"},{"@type":"Organization","@id":"https:\/\/rodoaed.ee\/#organization","name":"Rodoaed","url":"https:\/\/rodoaed.ee\/","logo":{"@type":"ImageObject","inLanguage":"fi","@id":"https:\/\/rodoaed.ee\/#\/schema\/logo\/image\/","url":"https:\/\/rodoaed.ee\/wp-content\/uploads\/2019\/11\/rodoaed-logo-ilma-taustata.jpg","contentUrl":"https:\/\/rodoaed.ee\/wp-content\/uploads\/2019\/11\/rodoaed-logo-ilma-taustata.jpg","width":769,"height":268,"caption":"Rodoaed"},"image":{"@id":"https:\/\/rodoaed.ee\/#\/schema\/logo\/image\/"},"sameAs":["https:\/\/www.facebook.com\/kasvuhooned\/","https:\/\/rodoaed.ee"]}]}},"_links":{"self":[{"href":"https:\/\/rodoaed.ee\/fi\/wp-json\/wp\/v2\/product\/53691","targetHints":{"allow":["GET"]}}],"collection":[{"href":"https:\/\/rodoaed.ee\/fi\/wp-json\/wp\/v2\/product"}],"about":[{"href":"https:\/\/rodoaed.ee\/fi\/wp-json\/wp\/v2\/types\/product"}],"wp:featuredmedia":[{"embeddable":true,"href":"https:\/\/rodoaed.ee\/fi\/wp-json\/wp\/v2\/media\/19081"}],"wp:attachment":[{"href":"https:\/\/rodoaed.ee\/fi\/wp-json\/wp\/v2\/media?parent=53691"}],"wp:term":[{"taxonomy":"product_brand","embeddable":true,"href":"https:\/\/rodoaed.ee\/fi\/wp-json\/wp\/v2\/product_brand?post=53691"},{"taxonomy":"product_cat","embeddable":true,"href":"https:\/\/rodoaed.ee\/fi\/wp-json\/wp\/v2\/product_cat?post=53691"},{"taxonomy":"product_tag","embeddable":true,"href":"https:\/\/rodoaed.ee\/fi\/wp-json\/wp\/v2\/product_tag?post=53691"}],"curies":[{"name":"wp","href":"https:\/\/api.w.org\/{rel}","templated":true}]}}