{"id":53697,"date":"2019-08-02T12:40:43","date_gmt":"2019-08-02T09:40:43","guid":{"rendered":"https:\/\/rodoaed.ee\/toode\/keraamiset-kasteluanturit-2kpl\/"},"modified":"2026-04-13T11:10:22","modified_gmt":"2026-04-13T08:10:22","slug":"keraamiset-kasteluanturit-2kpl","status":"publish","type":"product","link":"https:\/\/rodoaed.ee\/fi\/tuote\/keraamiset-kasteluanturit-2kpl\/","title":{"rendered":"Keraamiset kasteluanturit, 2kpl"},"content":{"rendered":"<p><strong>Keraamiset kasteluanturit voidaan helposti lis\u00e4t\u00e4 olemassa olevaan Blumat-kasteluj\u00e4rjestelm\u00e4\u00e4si ja laajentaa tarvittaessa jopa 500 anturiin. Yksi kasteluanturi kastelee noin 25 cm:n alueen. <\/strong><\/p>\n<h2>Miksi kasteluantureita on erikokoisia?<\/h2>\n<p>Eri kasveille ja erikokoisille kasvualustoille on erilaisia antureita. Esimerkiksi tomaattien, paprikoiden ja kurkkujen kasvihuoneen mullassa tai ruukussa tai \u00e4mp\u00e4riss\u00e4 kasvaville tomaateille, paprikoille ja kurkuille vakiokokoiset anturit toimivat hyvin. T\u00e4m\u00e4 johtuu siit\u00e4, ett\u00e4 n\u00e4iden kasvien juuret ovat p\u00e4\u00e4asiassa pinnallisia eiv\u00e4tk\u00e4 tunkeudu kovin syv\u00e4lle, ja niiden ruukut ja astiat ovat yleens\u00e4 melko matalia.  <\/p>\n<p>Jos kuitenkin haluat asentaa automaattisen kastelun kasveille, joiden juuret ovat syv\u00e4ll\u00e4 maaper\u00e4ss\u00e4, tai kasveille, joilla on suuremmat ruukut, kannattaa k\u00e4ytt\u00e4\u00e4 Maxi-keraamisia antureita, joissa on pidemm\u00e4t jalat. Syy on yksinkertainen. Kasvin kasvualustan pintakerros kuivuu auringossa melko nopeasti, mutta ruukun syvyydess\u00e4 on itse asiassa viel\u00e4 melko paljon vett\u00e4. Lyhyell\u00e4 anturilla anturi tekee nyt hieman ennenaikaisen johtop\u00e4\u00e4t\u00f6ksen, kun se mittaa ylimm\u00e4n maakerroksen, joka on kuiva, ja aloittaa kastelun. Tuloksena voi helposti olla ylikyll\u00e4stys &#8211; maan ylin kerros on kohtuullisen kostea, mutta alemmat maakerrokset eiv\u00e4t koskaan saa tarpeeksi ilmaa ja k\u00e4rsiv\u00e4t liiallisesta kosteudesta.    <\/p>\n<p>Jos k\u00e4yt\u00e4t oikeita antureita oikeassa paikassa, tulet h\u00e4mm\u00e4stym\u00e4\u00e4n tuloksista.<\/p>\n<p>Lue lis\u00e4\u00e4 <a title=\"Kasvihuoneen kasteluj\u00e4rjestelm\u00e4\" href=\"https:\/\/rodoaed.ee\/fi\/kasvihuoneen-kastelujarjestelma-automaattinen-kasvien-kastelu\/\">kasteluj\u00e4rjestelm\u00e4n k\u00e4yt\u00f6st\u00e4 ja asentamisesta<\/a>.<\/p>\n<p><a href=\"https:\/\/rodoaed.ee\/fi\/\">kotisivu<\/a> <a href=\"https:\/\/rodoaed.ee\/tootekategooria\/kasvuhooned-ja-talveaiad\/\">k\u00e4ynnist\u00e4<\/a> <a href=\"https:\/\/rodoaed.ee\/fi\/tootekategooria\/kasvihuoneen-tarvikkeet\/\">tarvikkeet<\/a> <a href=\"https:\/\/rodoaed.ee\/fi\/tootekategooria\/kasvihuoneen-tarvikkeet\/kasvihuoneen-kastelu\/\">kastelu<\/a> <a href=\"https:\/\/rodoaed.ee\/?post_type=product&#038;p=22828\">suuri Blumat<\/a><\/p>\n<p>&nbsp;<\/p>\n","protected":false},"excerpt":{"rendered":"<p>Keraamiset kasteluanturit voidaan helposti lis\u00e4t\u00e4 olemassa olevaan Blumat-kasteluj\u00e4rjestelm\u00e4\u00e4si ja laajentaa tarvittaessa jopa 500 anturiin. Yksi kasteluanturi kastelee noin 25 cm:n alueen. Miksi kasteluantureita on erikokoisia? Eri kasveille ja erikokoisille kasvualustoille on erilaisia antureita. Esimerkiksi tomaattien, paprikoiden ja kurkkujen kasvihuoneen mullassa tai ruukussa tai \u00e4mp\u00e4riss\u00e4 kasvaville tomaateille, paprikoille ja kurkuille vakiokokoiset anturit toimivat hyvin. T\u00e4m\u00e4 johtuu siit\u00e4, ett\u00e4 n\u00e4iden kasvien juuret ovat p\u00e4\u00e4asiassa pinnallisia eiv\u00e4tk\u00e4 tunkeudu&#8230;<\/p>\n","protected":false},"featured_media":48118,"template":"","meta":{"_acf_changed":false},"product_brand":[],"product_cat":[1989,1984,1987,1869],"product_tag":[],"class_list":{"0":"post-53697","1":"product","2":"type-product","3":"status-publish","4":"has-post-thumbnail","6":"product_cat-automaattiset-kastelujarjestelmat-joissa-on-keraamiset-anturit","7":"product_cat-kastijarjestelmat","8":"product_cat-kasvihuoneen-kastelu","9":"product_cat-kasvihuoneen-tarvikkeet","10":"product_shipping_class-toimitus-1-3-tyopaivan-kuluessa","11":"pa_variatsioon-keraamiset-kasteluanturit-2kpl","13":"first","14":"instock","15":"sale","16":"featured","17":"taxable","18":"shipping-taxable","19":"purchasable","20":"product-type-simple"},"acf":[],"yoast_head":"<!-- This site is optimized with the Yoast SEO Premium plugin v27.3 (Yoast SEO v27.3) - https:\/\/yoast.com\/product\/yoast-seo-premium-wordpress\/ -->\n<title>Keraamiset kasteluanturit, 2kpl - Rodoaed<\/title>\n<meta name=\"description\" content=\"Keraamiset kasteluanturit Blumatin automaattiseen kasteluj\u00e4rjestelm\u00e4\u00e4n. Pakkaus sis\u00e4lt\u00e4\u00e4 2 anturia jo letkun ja kolmion kanssa.\" \/>\n<meta name=\"robots\" content=\"index, follow, max-snippet:-1, max-image-preview:large, max-video-preview:-1\" \/>\n<link rel=\"canonical\" href=\"https:\/\/rodoaed.ee\/fi\/toode\/keraamiset-kasteluanturit-2kpl\/\" \/>\n<meta property=\"og:locale\" content=\"fi_FI\" \/>\n<meta property=\"og:type\" content=\"article\" \/>\n<meta property=\"og:title\" content=\"Keraamiset kasteluanturit, 2kpl\" \/>\n<meta property=\"og:description\" content=\"Keraamiset kasteluanturit voidaan helposti lis\u00e4t\u00e4 olemassa olevaan Blumat-kasteluj\u00e4rjestelm\u00e4\u00e4si ja laajentaa tarvittaessa jopa 500 anturiin. Yksi\" \/>\n<meta property=\"og:url\" content=\"https:\/\/rodoaed.ee\/fi\/toode\/keraamiset-kasteluanturit-2kpl\/\" \/>\n<meta property=\"og:site_name\" content=\"Rodoaed\" \/>\n<meta property=\"article:publisher\" content=\"https:\/\/www.facebook.com\/kasvuhooned\/\" \/>\n<meta property=\"article:modified_time\" content=\"2026-04-13T08:10:22+00:00\" \/>\n<meta property=\"og:image\" content=\"https:\/\/rodoaed.ee\/wp-content\/uploads\/2019\/08\/keraamilised-andurid_6.jpg\" \/>\n\t<meta property=\"og:image:width\" content=\"1500\" \/>\n\t<meta property=\"og:image:height\" content=\"939\" \/>\n\t<meta property=\"og:image:type\" content=\"image\/jpeg\" \/>\n<meta name=\"twitter:card\" content=\"summary_large_image\" \/>\n<meta name=\"twitter:label1\" content=\"Arvioitu lukuaika\" \/>\n\t<meta name=\"twitter:data1\" content=\"1 minuutti\" \/>\n<script type=\"application\/ld+json\" class=\"yoast-schema-graph\">{\"@context\":\"https:\\\/\\\/schema.org\",\"@graph\":[{\"@type\":\"WebPage\",\"@id\":\"https:\\\/\\\/rodoaed.ee\\\/fi\\\/toode\\\/keraamiset-kasteluanturit-2kpl\\\/\",\"url\":\"https:\\\/\\\/rodoaed.ee\\\/fi\\\/toode\\\/keraamiset-kasteluanturit-2kpl\\\/\",\"name\":\"Keraamiset kasteluanturit, 2kpl - Rodoaed\",\"isPartOf\":{\"@id\":\"https:\\\/\\\/rodoaed.ee\\\/#website\"},\"primaryImageOfPage\":{\"@id\":\"https:\\\/\\\/rodoaed.ee\\\/fi\\\/toode\\\/keraamiset-kasteluanturit-2kpl\\\/#primaryimage\"},\"image\":{\"@id\":\"https:\\\/\\\/rodoaed.ee\\\/fi\\\/toode\\\/keraamiset-kasteluanturit-2kpl\\\/#primaryimage\"},\"thumbnailUrl\":\"https:\\\/\\\/rodoaed.ee\\\/wp-content\\\/uploads\\\/2019\\\/08\\\/keraamilised-andurid_6.jpg\",\"datePublished\":\"2019-08-02T09:40:43+00:00\",\"dateModified\":\"2026-04-13T08:10:22+00:00\",\"description\":\"Keraamiset kasteluanturit Blumatin automaattiseen kasteluj\u00e4rjestelm\u00e4\u00e4n. Pakkaus sis\u00e4lt\u00e4\u00e4 2 anturia jo letkun ja kolmion kanssa.\",\"breadcrumb\":{\"@id\":\"https:\\\/\\\/rodoaed.ee\\\/fi\\\/toode\\\/keraamiset-kasteluanturit-2kpl\\\/#breadcrumb\"},\"inLanguage\":\"fi\",\"potentialAction\":[{\"@type\":\"ReadAction\",\"target\":[\"https:\\\/\\\/rodoaed.ee\\\/fi\\\/toode\\\/keraamiset-kasteluanturit-2kpl\\\/\"]}]},{\"@type\":\"ImageObject\",\"inLanguage\":\"fi\",\"@id\":\"https:\\\/\\\/rodoaed.ee\\\/fi\\\/toode\\\/keraamiset-kasteluanturit-2kpl\\\/#primaryimage\",\"url\":\"https:\\\/\\\/rodoaed.ee\\\/wp-content\\\/uploads\\\/2019\\\/08\\\/keraamilised-andurid_6.jpg\",\"contentUrl\":\"https:\\\/\\\/rodoaed.ee\\\/wp-content\\\/uploads\\\/2019\\\/08\\\/keraamilised-andurid_6.jpg\",\"width\":1500,\"height\":939},{\"@type\":\"BreadcrumbList\",\"@id\":\"https:\\\/\\\/rodoaed.ee\\\/fi\\\/toode\\\/keraamiset-kasteluanturit-2kpl\\\/#breadcrumb\",\"itemListElement\":[{\"@type\":\"ListItem\",\"position\":1,\"name\":\"Home\",\"item\":\"https:\\\/\\\/rodoaed.ee\\\/fi\\\/\"},{\"@type\":\"ListItem\",\"position\":2,\"name\":\"Osta osoitteessa\",\"item\":\"https:\\\/\\\/rodoaed.ee\\\/osta-osoitteessa\\\/\"},{\"@type\":\"ListItem\",\"position\":3,\"name\":\"Keraamiset kasteluanturit, 2kpl\"}]},{\"@type\":\"WebSite\",\"@id\":\"https:\\\/\\\/rodoaed.ee\\\/#website\",\"url\":\"https:\\\/\\\/rodoaed.ee\\\/\",\"name\":\"Rodoaed\",\"description\":\"\",\"publisher\":{\"@id\":\"https:\\\/\\\/rodoaed.ee\\\/#organization\"},\"potentialAction\":[{\"@type\":\"SearchAction\",\"target\":{\"@type\":\"EntryPoint\",\"urlTemplate\":\"https:\\\/\\\/rodoaed.ee\\\/?s={search_term_string}\"},\"query-input\":{\"@type\":\"PropertyValueSpecification\",\"valueRequired\":true,\"valueName\":\"search_term_string\"}}],\"inLanguage\":\"fi\"},{\"@type\":\"Organization\",\"@id\":\"https:\\\/\\\/rodoaed.ee\\\/#organization\",\"name\":\"Rodoaed\",\"url\":\"https:\\\/\\\/rodoaed.ee\\\/\",\"logo\":{\"@type\":\"ImageObject\",\"inLanguage\":\"fi\",\"@id\":\"https:\\\/\\\/rodoaed.ee\\\/#\\\/schema\\\/logo\\\/image\\\/\",\"url\":\"https:\\\/\\\/rodoaed.ee\\\/wp-content\\\/uploads\\\/2019\\\/11\\\/rodoaed-logo-ilma-taustata.jpg\",\"contentUrl\":\"https:\\\/\\\/rodoaed.ee\\\/wp-content\\\/uploads\\\/2019\\\/11\\\/rodoaed-logo-ilma-taustata.jpg\",\"width\":769,\"height\":268,\"caption\":\"Rodoaed\"},\"image\":{\"@id\":\"https:\\\/\\\/rodoaed.ee\\\/#\\\/schema\\\/logo\\\/image\\\/\"},\"sameAs\":[\"https:\\\/\\\/www.facebook.com\\\/kasvuhooned\\\/\",\"https:\\\/\\\/rodoaed.ee\"]}]}<\/script>\n<!-- \/ Yoast SEO Premium plugin. -->","yoast_head_json":{"title":"Keraamiset kasteluanturit, 2kpl - Rodoaed","description":"Keraamiset kasteluanturit Blumatin automaattiseen kasteluj\u00e4rjestelm\u00e4\u00e4n. Pakkaus sis\u00e4lt\u00e4\u00e4 2 anturia jo letkun ja kolmion kanssa.","robots":{"index":"index","follow":"follow","max-snippet":"max-snippet:-1","max-image-preview":"max-image-preview:large","max-video-preview":"max-video-preview:-1"},"canonical":"https:\/\/rodoaed.ee\/fi\/toode\/keraamiset-kasteluanturit-2kpl\/","og_locale":"fi_FI","og_type":"article","og_title":"Keraamiset kasteluanturit, 2kpl","og_description":"Keraamiset kasteluanturit voidaan helposti lis\u00e4t\u00e4 olemassa olevaan Blumat-kasteluj\u00e4rjestelm\u00e4\u00e4si ja laajentaa tarvittaessa jopa 500 anturiin. Yksi","og_url":"https:\/\/rodoaed.ee\/fi\/toode\/keraamiset-kasteluanturit-2kpl\/","og_site_name":"Rodoaed","article_publisher":"https:\/\/www.facebook.com\/kasvuhooned\/","article_modified_time":"2026-04-13T08:10:22+00:00","og_image":[{"width":1500,"height":939,"url":"https:\/\/rodoaed.ee\/wp-content\/uploads\/2019\/08\/keraamilised-andurid_6.jpg","type":"image\/jpeg"}],"twitter_card":"summary_large_image","twitter_misc":{"Arvioitu lukuaika":"1 minuutti"},"schema":{"@context":"https:\/\/schema.org","@graph":[{"@type":"WebPage","@id":"https:\/\/rodoaed.ee\/fi\/toode\/keraamiset-kasteluanturit-2kpl\/","url":"https:\/\/rodoaed.ee\/fi\/toode\/keraamiset-kasteluanturit-2kpl\/","name":"Keraamiset kasteluanturit, 2kpl - Rodoaed","isPartOf":{"@id":"https:\/\/rodoaed.ee\/#website"},"primaryImageOfPage":{"@id":"https:\/\/rodoaed.ee\/fi\/toode\/keraamiset-kasteluanturit-2kpl\/#primaryimage"},"image":{"@id":"https:\/\/rodoaed.ee\/fi\/toode\/keraamiset-kasteluanturit-2kpl\/#primaryimage"},"thumbnailUrl":"https:\/\/rodoaed.ee\/wp-content\/uploads\/2019\/08\/keraamilised-andurid_6.jpg","datePublished":"2019-08-02T09:40:43+00:00","dateModified":"2026-04-13T08:10:22+00:00","description":"Keraamiset kasteluanturit Blumatin automaattiseen kasteluj\u00e4rjestelm\u00e4\u00e4n. Pakkaus sis\u00e4lt\u00e4\u00e4 2 anturia jo letkun ja kolmion kanssa.","breadcrumb":{"@id":"https:\/\/rodoaed.ee\/fi\/toode\/keraamiset-kasteluanturit-2kpl\/#breadcrumb"},"inLanguage":"fi","potentialAction":[{"@type":"ReadAction","target":["https:\/\/rodoaed.ee\/fi\/toode\/keraamiset-kasteluanturit-2kpl\/"]}]},{"@type":"ImageObject","inLanguage":"fi","@id":"https:\/\/rodoaed.ee\/fi\/toode\/keraamiset-kasteluanturit-2kpl\/#primaryimage","url":"https:\/\/rodoaed.ee\/wp-content\/uploads\/2019\/08\/keraamilised-andurid_6.jpg","contentUrl":"https:\/\/rodoaed.ee\/wp-content\/uploads\/2019\/08\/keraamilised-andurid_6.jpg","width":1500,"height":939},{"@type":"BreadcrumbList","@id":"https:\/\/rodoaed.ee\/fi\/toode\/keraamiset-kasteluanturit-2kpl\/#breadcrumb","itemListElement":[{"@type":"ListItem","position":1,"name":"Home","item":"https:\/\/rodoaed.ee\/fi\/"},{"@type":"ListItem","position":2,"name":"Osta osoitteessa","item":"https:\/\/rodoaed.ee\/osta-osoitteessa\/"},{"@type":"ListItem","position":3,"name":"Keraamiset kasteluanturit, 2kpl"}]},{"@type":"WebSite","@id":"https:\/\/rodoaed.ee\/#website","url":"https:\/\/rodoaed.ee\/","name":"Rodoaed","description":"","publisher":{"@id":"https:\/\/rodoaed.ee\/#organization"},"potentialAction":[{"@type":"SearchAction","target":{"@type":"EntryPoint","urlTemplate":"https:\/\/rodoaed.ee\/?s={search_term_string}"},"query-input":{"@type":"PropertyValueSpecification","valueRequired":true,"valueName":"search_term_string"}}],"inLanguage":"fi"},{"@type":"Organization","@id":"https:\/\/rodoaed.ee\/#organization","name":"Rodoaed","url":"https:\/\/rodoaed.ee\/","logo":{"@type":"ImageObject","inLanguage":"fi","@id":"https:\/\/rodoaed.ee\/#\/schema\/logo\/image\/","url":"https:\/\/rodoaed.ee\/wp-content\/uploads\/2019\/11\/rodoaed-logo-ilma-taustata.jpg","contentUrl":"https:\/\/rodoaed.ee\/wp-content\/uploads\/2019\/11\/rodoaed-logo-ilma-taustata.jpg","width":769,"height":268,"caption":"Rodoaed"},"image":{"@id":"https:\/\/rodoaed.ee\/#\/schema\/logo\/image\/"},"sameAs":["https:\/\/www.facebook.com\/kasvuhooned\/","https:\/\/rodoaed.ee"]}]}},"_links":{"self":[{"href":"https:\/\/rodoaed.ee\/fi\/wp-json\/wp\/v2\/product\/53697","targetHints":{"allow":["GET"]}}],"collection":[{"href":"https:\/\/rodoaed.ee\/fi\/wp-json\/wp\/v2\/product"}],"about":[{"href":"https:\/\/rodoaed.ee\/fi\/wp-json\/wp\/v2\/types\/product"}],"wp:featuredmedia":[{"embeddable":true,"href":"https:\/\/rodoaed.ee\/fi\/wp-json\/wp\/v2\/media\/48118"}],"wp:attachment":[{"href":"https:\/\/rodoaed.ee\/fi\/wp-json\/wp\/v2\/media?parent=53697"}],"wp:term":[{"taxonomy":"product_brand","embeddable":true,"href":"https:\/\/rodoaed.ee\/fi\/wp-json\/wp\/v2\/product_brand?post=53697"},{"taxonomy":"product_cat","embeddable":true,"href":"https:\/\/rodoaed.ee\/fi\/wp-json\/wp\/v2\/product_cat?post=53697"},{"taxonomy":"product_tag","embeddable":true,"href":"https:\/\/rodoaed.ee\/fi\/wp-json\/wp\/v2\/product_tag?post=53697"}],"curies":[{"name":"wp","href":"https:\/\/api.w.org\/{rel}","templated":true}]}}