{"id":53702,"date":"2019-08-02T12:41:02","date_gmt":"2019-08-02T09:41:02","guid":{"rendered":"https:\/\/rodoaed.ee\/toode\/talvipuutarha-pyrola-309x380cm-117m2\/"},"modified":"2026-04-13T11:10:23","modified_gmt":"2026-04-13T08:10:23","slug":"talvipuutarha-pyrola-309x380cm-117m2","status":"publish","type":"product","link":"https:\/\/rodoaed.ee\/fi\/tuote\/talvipuutarha-pyrola-309x380cm-117m2\/","title":{"rendered":"Talvipuutarha Pyrola 309x380cm 11<sup>,7m2<\/sup>"},"content":{"rendered":"<h2>Kasvihuoneen ja konservatorion mitat<\/h2>\n<p>Kasvihuoneen <strong>leveys on 309 cm<\/strong> ja pituus 309 cm &#8211; 604 cm. <strong>Kattoharjan korkeus peruskehyksen kanssa on 275cm ja sivusein\u00e4n korkeus <\/strong>peruskehyksen kanssa<strong> 205cm.<\/strong> Suuret sein\u00e4- tai kattoaukot takaavat hyv\u00e4n ilmankierron. Kukin sein\u00e4n aukko on noin 75cm leve\u00e4. Kasvihuone on varustettu leveill\u00e4 kouruilla ja asianmukaisilla alumiinisilla sy\u00f6ksyputkilla.    <\/p>\n<h2>Joustava oviasettelu<\/h2>\n<p>84 cm leve\u00e4 liukuovi asennetaan oletusarvoisesti p\u00e4\u00e4tysein\u00e4\u00e4n, mutta se voidaan asentaa mihin tahansa sein\u00e4\u00e4n pyynn\u00f6st\u00e4. Vakiona rullilla varustettu liukuovi toimitetaan karvaisella tuulensuojalevyn tiivisteell\u00e4 ja lukolla varustettuna. Vakiovet voidaan korvata tai p\u00e4ivitt\u00e4\u00e4 2x 70cm:n pariovella tai 144cm:n leve\u00e4ll\u00e4 ovella.  <\/p>\n<h2>Polykarbonaatti tai lasi<\/h2>\n<p>Voit valita kasvihuoneen katteeksi joko polykarbonaatin tai lasin. Vakiona on vahva kolmikerroksinen 8 mm:n kirkas polykarbonaatti. Polykarbonaatin No-Drop-pinnoite est\u00e4\u00e4 kondenssiveden muodostumista ja parantaa l\u00e4pin\u00e4kyvyytt\u00e4. Voit halutessasi peitt\u00e4\u00e4 kasvihuoneen 4 mm:n karkaistulla lasilla.   <\/p>\n<h2>Alusraam<\/h2>\n<p>Tukeva alumiininen pohjakehys antaa kasvihuoneelle enemm\u00e4n vakautta ja helpottaa kokoamista huomattavasti. Pohjakehys on valmistettu vahvasta karppiprofiilista, jonka korkeus on noin 13 cm.  Pohjakehykseen on kiinnitetty ankkurik\u00f6ydet, jotka voidaan kaivaa maahan tai kaataa sekaan. N\u00e4in ollen aluskehyst\u00e4 voidaan k\u00e4ytt\u00e4\u00e4 erillisen perustuksen korvikkeena. <\/p>\n<h2>RAL maalattu runko<\/h2>\n<p>Kasvihuoneen runko on tavallisesti matta-alumiinia, mutta se voidaan my\u00f6s tilata pulverimaalattuna RAL-v\u00e4reiss\u00e4 (9010, 8019, 5010, 7016, 6005, 3005, 6009 ja 3011).<\/p>\n<p>T\u00e4t\u00e4 mallia on k\u00e4ytetty k\u00e4yt\u00e4nn\u00f6ss\u00e4 perheen ruokailu- ja kokoontumispaikkana, kasvien kasvihuoneena ja ammattivalokuvaajien valokuvausstudiona luonnonvalon hy\u00f6dynt\u00e4miseksi.<\/p>\n<p><a href=\"https:\/\/www.rodoaed.ee\/wp-content\/uploads\/2012\/02\/pyra.pdf\" target=\"_blank\" rel=\"noopener noreferrer\">Kokoonpano-ohjeet<\/a><\/p>\n<p><a href=\"https:\/\/rodoaed.ee\/fi\/\">kotisivu<\/a> <a href=\"https:\/\/rodoaed.ee\/tootekategooria\/kasvuhooned-ja-talveaiad\/\">k\u00e4ynnist\u00e4<\/a> <a href=\"https:\/\/rodoaed.ee\/fi\/tootekategooria\/euro-serren-talvipuutarhat\/\">konservatoriot<\/a><\/p>\n<p>&nbsp;<\/p>\n","protected":false},"excerpt":{"rendered":"<p>Kasvihuoneen ja konservatorion mitat Kasvihuoneen leveys on 309 cm ja pituus 309 cm &#8211; 604 cm. Kattoharjan korkeus peruskehyksen kanssa on 275cm ja sivusein\u00e4n korkeus peruskehyksen kanssa 205cm. Suuret sein\u00e4- tai kattoaukot takaavat hyv\u00e4n ilmankierron. Kukin sein\u00e4n aukko on noin 75cm leve\u00e4. Kasvihuone on varustettu leveill\u00e4 kouruilla ja asianmukaisilla alumiinisilla sy\u00f6ksyputkilla. Joustava oviasettelu 84 cm leve\u00e4 liukuovi asennetaan oletusarvoisesti p\u00e4\u00e4tysein\u00e4\u00e4n, mutta se voidaan asentaa mihin&#8230;<\/p>\n","protected":false},"featured_media":19050,"template":"","meta":{"_acf_changed":false},"product_brand":[],"product_cat":[1828,2434],"product_tag":[],"class_list":{"0":"post-53702","1":"product","2":"type-product","3":"status-publish","4":"has-post-thumbnail","6":"product_cat-euro-serren-talvipuutarhat","7":"product_cat-talvipuutarha-pyrola","8":"pa_variatsioon-konservatorio-pyrola-309x380cm-117m2-maalattu-runko-ral-varilla-maalattu-runko","9":"pa_variatsioon-talvipuutarha-pyrola-309x380cm-117m2","10":"pa_variatsioon-talvipuutarha-pyrola-309x380cm-117m2-maalattu-runko-alumiinirunko","12":"first","13":"instock","14":"taxable","15":"shipping-taxable","16":"purchasable","17":"product-type-simple"},"acf":[],"yoast_head":"<!-- This site is optimized with the Yoast SEO Premium plugin v27.3 (Yoast SEO v27.3) - https:\/\/yoast.com\/product\/yoast-seo-premium-wordpress\/ -->\n<title>Talvipuutarha Pyrola 309x380cm 11,7m2 - Rodoaed<\/title>\n<meta name=\"robots\" content=\"index, follow, max-snippet:-1, max-image-preview:large, max-video-preview:-1\" \/>\n<link rel=\"canonical\" href=\"https:\/\/rodoaed.ee\/fi\/toode\/talvipuutarha-pyrola-309x380cm-117m2\/\" \/>\n<meta property=\"og:locale\" content=\"fi_FI\" \/>\n<meta property=\"og:type\" content=\"article\" \/>\n<meta property=\"og:title\" content=\"Talvipuutarha Pyrola 309x380cm 11,7m2\" \/>\n<meta property=\"og:description\" content=\"Kasvihuoneen ja konservatorion mitat Kasvihuoneen leveys on 309 cm ja pituus 309 cm - 604 cm. Kattoharjan korkeus peruskehyksen kanssa on 275cm ja\" \/>\n<meta property=\"og:url\" content=\"https:\/\/rodoaed.ee\/fi\/toode\/talvipuutarha-pyrola-309x380cm-117m2\/\" \/>\n<meta property=\"og:site_name\" content=\"Rodoaed\" \/>\n<meta property=\"article:publisher\" content=\"https:\/\/www.facebook.com\/kasvuhooned\/\" \/>\n<meta property=\"article:modified_time\" content=\"2026-04-13T08:10:23+00:00\" \/>\n<meta property=\"og:image\" content=\"https:\/\/rodoaed.ee\/wp-content\/uploads\/2019\/07\/kasvuhoone_pyrola_1.jpg\" \/>\n\t<meta property=\"og:image:width\" content=\"900\" \/>\n\t<meta property=\"og:image:height\" content=\"675\" \/>\n\t<meta property=\"og:image:type\" content=\"image\/jpeg\" \/>\n<meta name=\"twitter:card\" content=\"summary_large_image\" \/>\n<meta name=\"twitter:label1\" content=\"Arvioitu lukuaika\" \/>\n\t<meta name=\"twitter:data1\" content=\"1 minuutti\" \/>\n<script type=\"application\/ld+json\" class=\"yoast-schema-graph\">{\"@context\":\"https:\\\/\\\/schema.org\",\"@graph\":[{\"@type\":\"WebPage\",\"@id\":\"https:\\\/\\\/rodoaed.ee\\\/fi\\\/toode\\\/talvipuutarha-pyrola-309x380cm-117m2\\\/\",\"url\":\"https:\\\/\\\/rodoaed.ee\\\/fi\\\/toode\\\/talvipuutarha-pyrola-309x380cm-117m2\\\/\",\"name\":\"Talvipuutarha Pyrola 309x380cm 11,7m2 - Rodoaed\",\"isPartOf\":{\"@id\":\"https:\\\/\\\/rodoaed.ee\\\/#website\"},\"primaryImageOfPage\":{\"@id\":\"https:\\\/\\\/rodoaed.ee\\\/fi\\\/toode\\\/talvipuutarha-pyrola-309x380cm-117m2\\\/#primaryimage\"},\"image\":{\"@id\":\"https:\\\/\\\/rodoaed.ee\\\/fi\\\/toode\\\/talvipuutarha-pyrola-309x380cm-117m2\\\/#primaryimage\"},\"thumbnailUrl\":\"https:\\\/\\\/rodoaed.ee\\\/wp-content\\\/uploads\\\/2019\\\/07\\\/kasvuhoone_pyrola_1.jpg\",\"datePublished\":\"2019-08-02T09:41:02+00:00\",\"dateModified\":\"2026-04-13T08:10:23+00:00\",\"breadcrumb\":{\"@id\":\"https:\\\/\\\/rodoaed.ee\\\/fi\\\/toode\\\/talvipuutarha-pyrola-309x380cm-117m2\\\/#breadcrumb\"},\"inLanguage\":\"fi\",\"potentialAction\":[{\"@type\":\"ReadAction\",\"target\":[\"https:\\\/\\\/rodoaed.ee\\\/fi\\\/toode\\\/talvipuutarha-pyrola-309x380cm-117m2\\\/\"]}]},{\"@type\":\"ImageObject\",\"inLanguage\":\"fi\",\"@id\":\"https:\\\/\\\/rodoaed.ee\\\/fi\\\/toode\\\/talvipuutarha-pyrola-309x380cm-117m2\\\/#primaryimage\",\"url\":\"https:\\\/\\\/rodoaed.ee\\\/wp-content\\\/uploads\\\/2019\\\/07\\\/kasvuhoone_pyrola_1.jpg\",\"contentUrl\":\"https:\\\/\\\/rodoaed.ee\\\/wp-content\\\/uploads\\\/2019\\\/07\\\/kasvuhoone_pyrola_1.jpg\",\"width\":900,\"height\":675},{\"@type\":\"BreadcrumbList\",\"@id\":\"https:\\\/\\\/rodoaed.ee\\\/fi\\\/toode\\\/talvipuutarha-pyrola-309x380cm-117m2\\\/#breadcrumb\",\"itemListElement\":[{\"@type\":\"ListItem\",\"position\":1,\"name\":\"Home\",\"item\":\"https:\\\/\\\/rodoaed.ee\\\/fi\\\/\"},{\"@type\":\"ListItem\",\"position\":2,\"name\":\"Osta osoitteessa\",\"item\":\"https:\\\/\\\/rodoaed.ee\\\/osta-osoitteessa\\\/\"},{\"@type\":\"ListItem\",\"position\":3,\"name\":\"Talvipuutarha Pyrola 309x380cm 11,7m2\"}]},{\"@type\":\"WebSite\",\"@id\":\"https:\\\/\\\/rodoaed.ee\\\/#website\",\"url\":\"https:\\\/\\\/rodoaed.ee\\\/\",\"name\":\"Rodoaed\",\"description\":\"\",\"publisher\":{\"@id\":\"https:\\\/\\\/rodoaed.ee\\\/#organization\"},\"potentialAction\":[{\"@type\":\"SearchAction\",\"target\":{\"@type\":\"EntryPoint\",\"urlTemplate\":\"https:\\\/\\\/rodoaed.ee\\\/?s={search_term_string}\"},\"query-input\":{\"@type\":\"PropertyValueSpecification\",\"valueRequired\":true,\"valueName\":\"search_term_string\"}}],\"inLanguage\":\"fi\"},{\"@type\":\"Organization\",\"@id\":\"https:\\\/\\\/rodoaed.ee\\\/#organization\",\"name\":\"Rodoaed\",\"url\":\"https:\\\/\\\/rodoaed.ee\\\/\",\"logo\":{\"@type\":\"ImageObject\",\"inLanguage\":\"fi\",\"@id\":\"https:\\\/\\\/rodoaed.ee\\\/#\\\/schema\\\/logo\\\/image\\\/\",\"url\":\"https:\\\/\\\/rodoaed.ee\\\/wp-content\\\/uploads\\\/2019\\\/11\\\/rodoaed-logo-ilma-taustata.jpg\",\"contentUrl\":\"https:\\\/\\\/rodoaed.ee\\\/wp-content\\\/uploads\\\/2019\\\/11\\\/rodoaed-logo-ilma-taustata.jpg\",\"width\":769,\"height\":268,\"caption\":\"Rodoaed\"},\"image\":{\"@id\":\"https:\\\/\\\/rodoaed.ee\\\/#\\\/schema\\\/logo\\\/image\\\/\"},\"sameAs\":[\"https:\\\/\\\/www.facebook.com\\\/kasvuhooned\\\/\",\"https:\\\/\\\/rodoaed.ee\"]}]}<\/script>\n<!-- \/ Yoast SEO Premium plugin. -->","yoast_head_json":{"title":"Talvipuutarha Pyrola 309x380cm 11,7m2 - Rodoaed","robots":{"index":"index","follow":"follow","max-snippet":"max-snippet:-1","max-image-preview":"max-image-preview:large","max-video-preview":"max-video-preview:-1"},"canonical":"https:\/\/rodoaed.ee\/fi\/toode\/talvipuutarha-pyrola-309x380cm-117m2\/","og_locale":"fi_FI","og_type":"article","og_title":"Talvipuutarha Pyrola 309x380cm 11,7m2","og_description":"Kasvihuoneen ja konservatorion mitat Kasvihuoneen leveys on 309 cm ja pituus 309 cm - 604 cm. Kattoharjan korkeus peruskehyksen kanssa on 275cm ja","og_url":"https:\/\/rodoaed.ee\/fi\/toode\/talvipuutarha-pyrola-309x380cm-117m2\/","og_site_name":"Rodoaed","article_publisher":"https:\/\/www.facebook.com\/kasvuhooned\/","article_modified_time":"2026-04-13T08:10:23+00:00","og_image":[{"width":900,"height":675,"url":"https:\/\/rodoaed.ee\/wp-content\/uploads\/2019\/07\/kasvuhoone_pyrola_1.jpg","type":"image\/jpeg"}],"twitter_card":"summary_large_image","twitter_misc":{"Arvioitu lukuaika":"1 minuutti"},"schema":{"@context":"https:\/\/schema.org","@graph":[{"@type":"WebPage","@id":"https:\/\/rodoaed.ee\/fi\/toode\/talvipuutarha-pyrola-309x380cm-117m2\/","url":"https:\/\/rodoaed.ee\/fi\/toode\/talvipuutarha-pyrola-309x380cm-117m2\/","name":"Talvipuutarha Pyrola 309x380cm 11,7m2 - Rodoaed","isPartOf":{"@id":"https:\/\/rodoaed.ee\/#website"},"primaryImageOfPage":{"@id":"https:\/\/rodoaed.ee\/fi\/toode\/talvipuutarha-pyrola-309x380cm-117m2\/#primaryimage"},"image":{"@id":"https:\/\/rodoaed.ee\/fi\/toode\/talvipuutarha-pyrola-309x380cm-117m2\/#primaryimage"},"thumbnailUrl":"https:\/\/rodoaed.ee\/wp-content\/uploads\/2019\/07\/kasvuhoone_pyrola_1.jpg","datePublished":"2019-08-02T09:41:02+00:00","dateModified":"2026-04-13T08:10:23+00:00","breadcrumb":{"@id":"https:\/\/rodoaed.ee\/fi\/toode\/talvipuutarha-pyrola-309x380cm-117m2\/#breadcrumb"},"inLanguage":"fi","potentialAction":[{"@type":"ReadAction","target":["https:\/\/rodoaed.ee\/fi\/toode\/talvipuutarha-pyrola-309x380cm-117m2\/"]}]},{"@type":"ImageObject","inLanguage":"fi","@id":"https:\/\/rodoaed.ee\/fi\/toode\/talvipuutarha-pyrola-309x380cm-117m2\/#primaryimage","url":"https:\/\/rodoaed.ee\/wp-content\/uploads\/2019\/07\/kasvuhoone_pyrola_1.jpg","contentUrl":"https:\/\/rodoaed.ee\/wp-content\/uploads\/2019\/07\/kasvuhoone_pyrola_1.jpg","width":900,"height":675},{"@type":"BreadcrumbList","@id":"https:\/\/rodoaed.ee\/fi\/toode\/talvipuutarha-pyrola-309x380cm-117m2\/#breadcrumb","itemListElement":[{"@type":"ListItem","position":1,"name":"Home","item":"https:\/\/rodoaed.ee\/fi\/"},{"@type":"ListItem","position":2,"name":"Osta osoitteessa","item":"https:\/\/rodoaed.ee\/osta-osoitteessa\/"},{"@type":"ListItem","position":3,"name":"Talvipuutarha Pyrola 309x380cm 11,7m2"}]},{"@type":"WebSite","@id":"https:\/\/rodoaed.ee\/#website","url":"https:\/\/rodoaed.ee\/","name":"Rodoaed","description":"","publisher":{"@id":"https:\/\/rodoaed.ee\/#organization"},"potentialAction":[{"@type":"SearchAction","target":{"@type":"EntryPoint","urlTemplate":"https:\/\/rodoaed.ee\/?s={search_term_string}"},"query-input":{"@type":"PropertyValueSpecification","valueRequired":true,"valueName":"search_term_string"}}],"inLanguage":"fi"},{"@type":"Organization","@id":"https:\/\/rodoaed.ee\/#organization","name":"Rodoaed","url":"https:\/\/rodoaed.ee\/","logo":{"@type":"ImageObject","inLanguage":"fi","@id":"https:\/\/rodoaed.ee\/#\/schema\/logo\/image\/","url":"https:\/\/rodoaed.ee\/wp-content\/uploads\/2019\/11\/rodoaed-logo-ilma-taustata.jpg","contentUrl":"https:\/\/rodoaed.ee\/wp-content\/uploads\/2019\/11\/rodoaed-logo-ilma-taustata.jpg","width":769,"height":268,"caption":"Rodoaed"},"image":{"@id":"https:\/\/rodoaed.ee\/#\/schema\/logo\/image\/"},"sameAs":["https:\/\/www.facebook.com\/kasvuhooned\/","https:\/\/rodoaed.ee"]}]}},"_links":{"self":[{"href":"https:\/\/rodoaed.ee\/fi\/wp-json\/wp\/v2\/product\/53702","targetHints":{"allow":["GET"]}}],"collection":[{"href":"https:\/\/rodoaed.ee\/fi\/wp-json\/wp\/v2\/product"}],"about":[{"href":"https:\/\/rodoaed.ee\/fi\/wp-json\/wp\/v2\/types\/product"}],"wp:featuredmedia":[{"embeddable":true,"href":"https:\/\/rodoaed.ee\/fi\/wp-json\/wp\/v2\/media\/19050"}],"wp:attachment":[{"href":"https:\/\/rodoaed.ee\/fi\/wp-json\/wp\/v2\/media?parent=53702"}],"wp:term":[{"taxonomy":"product_brand","embeddable":true,"href":"https:\/\/rodoaed.ee\/fi\/wp-json\/wp\/v2\/product_brand?post=53702"},{"taxonomy":"product_cat","embeddable":true,"href":"https:\/\/rodoaed.ee\/fi\/wp-json\/wp\/v2\/product_cat?post=53702"},{"taxonomy":"product_tag","embeddable":true,"href":"https:\/\/rodoaed.ee\/fi\/wp-json\/wp\/v2\/product_tag?post=53702"}],"curies":[{"name":"wp","href":"https:\/\/api.w.org\/{rel}","templated":true}]}}