{"id":53703,"date":"2019-08-02T12:40:43","date_gmt":"2019-08-02T09:40:43","guid":{"rendered":"https:\/\/rodoaed.ee\/toode\/vesihanan-liitanta-ja-paineensaadin\/"},"modified":"2026-04-13T11:10:24","modified_gmt":"2026-04-13T08:10:24","slug":"vesihanan-liitanta-ja-paineensaadin","status":"publish","type":"product","link":"https:\/\/rodoaed.ee\/fi\/tuote\/vesihanan-liitanta-ja-paineensaadin\/","title":{"rendered":"Vesihanan liit\u00e4nt\u00e4 ja paineens\u00e4\u00e4din"},"content":{"rendered":"<p>Vesihanaliit\u00e4nt\u00e4 ja paineens\u00e4\u00e4din Blumat-kasteluj\u00e4rjestelmi\u00e4 varten.<\/p>\n<p>Se on saatavana suuressa sarjassa. Pieness\u00e4 setiss\u00e4 niit\u00e4 on ostettava lis\u00e4\u00e4. <\/p>\n<ul>\n<li>liitet\u00e4\u00e4n suoraan \u00be&#8221; vesihanaan.<\/li>\n<li>muuntaa vedenpaineen 1 baarin k\u00e4ytt\u00f6paineeksi.<\/li>\n<li>voidaan k\u00e4ytt\u00e4\u00e4 kasvien kasteluun jopa 4 metrin korkeuteen tai 3 metrin syvyyteen maanpinnan alapuolelle asti<\/li>\n<li>k\u00e4ytt\u00f6paine riitt\u00e4\u00e4 jopa 500 Blumat-kasteluanturin sy\u00f6tt\u00e4miseen.<\/li>\n<li>pysy poissa pakkaselta<\/li>\n<\/ul>\n<p><a href=\"https:\/\/rodoaed.ee\/fi\/\">kotisivu<\/a> <a href=\"https:\/\/rodoaed.ee\/tootekategooria\/kasvuhooned-ja-talveaiad\/\">k\u00e4ynnist\u00e4<\/a> <a href=\"https:\/\/rodoaed.ee\/fi\/tootekategooria\/kasvihuoneen-tarvikkeet\/\">tarvikkeet<\/a> <a href=\"https:\/\/rodoaed.ee\/fi\/tootekategooria\/kasvihuoneen-tarvikkeet\/kasvihuoneen-kastelu\/\">kastelu<\/a> <a href=\"https:\/\/rodoaed.ee\/?post_type=product&#038;p=22828\">suuri Blumat<\/a><\/p>\n<p>&nbsp;<\/p>\n","protected":false},"excerpt":{"rendered":"<p>Vesihanaliit\u00e4nt\u00e4 ja paineens\u00e4\u00e4din Blumat-kasteluj\u00e4rjestelmi\u00e4 varten. Se on saatavana suuressa sarjassa. Pieness\u00e4 setiss\u00e4 niit\u00e4 on ostettava lis\u00e4\u00e4. liitet\u00e4\u00e4n suoraan \u00be&#8221; vesihanaan. muuntaa vedenpaineen 1 baarin k\u00e4ytt\u00f6paineeksi. voidaan k\u00e4ytt\u00e4\u00e4 kasvien kasteluun jopa 4 metrin korkeuteen tai 3 metrin syvyyteen maanpinnan alapuolelle asti k\u00e4ytt\u00f6paine riitt\u00e4\u00e4 jopa 500 Blumat-kasteluanturin sy\u00f6tt\u00e4miseen. pysy poissa pakkaselta kotisivu k\u00e4ynnist\u00e4 tarvikkeet kastelu suuri Blumat &nbsp;<\/p>\n","protected":false},"featured_media":48082,"template":"","meta":{"_acf_changed":false},"product_brand":[],"product_cat":[1989,1996,1984,1987,1869],"product_tag":[],"class_list":{"0":"post-53703","1":"product","2":"type-product","3":"status-publish","4":"has-post-thumbnail","6":"product_cat-automaattiset-kastelujarjestelmat-joissa-on-keraamiset-anturit","7":"product_cat-blumat-liittimet-ja-adapterit","8":"product_cat-kastijarjestelmat","9":"product_cat-kasvihuoneen-kastelu","10":"product_cat-kasvihuoneen-tarvikkeet","11":"product_shipping_class-toimitus-1-3-tyopaivan-kuluessa","12":"pa_variatsioon-vesihanan-liitanta-ja-paineensaadin","14":"first","15":"instock","16":"sale","17":"taxable","18":"shipping-taxable","19":"purchasable","20":"product-type-simple"},"acf":[],"yoast_head":"<!-- This site is optimized with the Yoast SEO Premium plugin v27.3 (Yoast SEO v27.3) - https:\/\/yoast.com\/product\/yoast-seo-premium-wordpress\/ -->\n<title>Vesihanan liit\u00e4nt\u00e4 ja paineens\u00e4\u00e4din - Rodoaed<\/title>\n<meta name=\"robots\" content=\"index, follow, max-snippet:-1, max-image-preview:large, max-video-preview:-1\" \/>\n<link rel=\"canonical\" href=\"https:\/\/rodoaed.ee\/fi\/toode\/vesihanan-liitanta-ja-paineensaadin\/\" \/>\n<meta property=\"og:locale\" content=\"fi_FI\" \/>\n<meta property=\"og:type\" content=\"article\" \/>\n<meta property=\"og:title\" content=\"Vesihanan liit\u00e4nt\u00e4 ja paineens\u00e4\u00e4din\" \/>\n<meta property=\"og:description\" content=\"Vesihanaliit\u00e4nt\u00e4 ja paineens\u00e4\u00e4din Blumat-kasteluj\u00e4rjestelmi\u00e4 varten. Se on saatavana suuressa sarjassa. Pieness\u00e4 setiss\u00e4 niit\u00e4 on ostettava lis\u00e4\u00e4.\" \/>\n<meta property=\"og:url\" content=\"https:\/\/rodoaed.ee\/fi\/toode\/vesihanan-liitanta-ja-paineensaadin\/\" \/>\n<meta property=\"og:site_name\" content=\"Rodoaed\" \/>\n<meta property=\"article:publisher\" content=\"https:\/\/www.facebook.com\/kasvuhooned\/\" \/>\n<meta property=\"article:modified_time\" content=\"2026-04-13T08:10:24+00:00\" \/>\n<meta property=\"og:image\" content=\"https:\/\/rodoaed.ee\/wp-content\/uploads\/2019\/08\/surveuhtlustaja_1.jpg\" \/>\n\t<meta property=\"og:image:width\" content=\"803\" \/>\n\t<meta property=\"og:image:height\" content=\"1000\" \/>\n\t<meta property=\"og:image:type\" content=\"image\/jpeg\" \/>\n<meta name=\"twitter:card\" content=\"summary_large_image\" \/>\n<script type=\"application\/ld+json\" class=\"yoast-schema-graph\">{\"@context\":\"https:\\\/\\\/schema.org\",\"@graph\":[{\"@type\":\"WebPage\",\"@id\":\"https:\\\/\\\/rodoaed.ee\\\/fi\\\/toode\\\/vesihanan-liitanta-ja-paineensaadin\\\/\",\"url\":\"https:\\\/\\\/rodoaed.ee\\\/fi\\\/toode\\\/vesihanan-liitanta-ja-paineensaadin\\\/\",\"name\":\"Vesihanan liit\u00e4nt\u00e4 ja paineens\u00e4\u00e4din - Rodoaed\",\"isPartOf\":{\"@id\":\"https:\\\/\\\/rodoaed.ee\\\/#website\"},\"primaryImageOfPage\":{\"@id\":\"https:\\\/\\\/rodoaed.ee\\\/fi\\\/toode\\\/vesihanan-liitanta-ja-paineensaadin\\\/#primaryimage\"},\"image\":{\"@id\":\"https:\\\/\\\/rodoaed.ee\\\/fi\\\/toode\\\/vesihanan-liitanta-ja-paineensaadin\\\/#primaryimage\"},\"thumbnailUrl\":\"https:\\\/\\\/rodoaed.ee\\\/wp-content\\\/uploads\\\/2019\\\/08\\\/surveuhtlustaja_1.jpg\",\"datePublished\":\"2019-08-02T09:40:43+00:00\",\"dateModified\":\"2026-04-13T08:10:24+00:00\",\"breadcrumb\":{\"@id\":\"https:\\\/\\\/rodoaed.ee\\\/fi\\\/toode\\\/vesihanan-liitanta-ja-paineensaadin\\\/#breadcrumb\"},\"inLanguage\":\"fi\",\"potentialAction\":[{\"@type\":\"ReadAction\",\"target\":[\"https:\\\/\\\/rodoaed.ee\\\/fi\\\/toode\\\/vesihanan-liitanta-ja-paineensaadin\\\/\"]}]},{\"@type\":\"ImageObject\",\"inLanguage\":\"fi\",\"@id\":\"https:\\\/\\\/rodoaed.ee\\\/fi\\\/toode\\\/vesihanan-liitanta-ja-paineensaadin\\\/#primaryimage\",\"url\":\"https:\\\/\\\/rodoaed.ee\\\/wp-content\\\/uploads\\\/2019\\\/08\\\/surveuhtlustaja_1.jpg\",\"contentUrl\":\"https:\\\/\\\/rodoaed.ee\\\/wp-content\\\/uploads\\\/2019\\\/08\\\/surveuhtlustaja_1.jpg\",\"width\":803,\"height\":1000},{\"@type\":\"BreadcrumbList\",\"@id\":\"https:\\\/\\\/rodoaed.ee\\\/fi\\\/toode\\\/vesihanan-liitanta-ja-paineensaadin\\\/#breadcrumb\",\"itemListElement\":[{\"@type\":\"ListItem\",\"position\":1,\"name\":\"Home\",\"item\":\"https:\\\/\\\/rodoaed.ee\\\/fi\\\/\"},{\"@type\":\"ListItem\",\"position\":2,\"name\":\"Osta osoitteessa\",\"item\":\"https:\\\/\\\/rodoaed.ee\\\/osta-osoitteessa\\\/\"},{\"@type\":\"ListItem\",\"position\":3,\"name\":\"Vesihanan liit\u00e4nt\u00e4 ja paineens\u00e4\u00e4din\"}]},{\"@type\":\"WebSite\",\"@id\":\"https:\\\/\\\/rodoaed.ee\\\/#website\",\"url\":\"https:\\\/\\\/rodoaed.ee\\\/\",\"name\":\"Rodoaed\",\"description\":\"\",\"publisher\":{\"@id\":\"https:\\\/\\\/rodoaed.ee\\\/#organization\"},\"potentialAction\":[{\"@type\":\"SearchAction\",\"target\":{\"@type\":\"EntryPoint\",\"urlTemplate\":\"https:\\\/\\\/rodoaed.ee\\\/?s={search_term_string}\"},\"query-input\":{\"@type\":\"PropertyValueSpecification\",\"valueRequired\":true,\"valueName\":\"search_term_string\"}}],\"inLanguage\":\"fi\"},{\"@type\":\"Organization\",\"@id\":\"https:\\\/\\\/rodoaed.ee\\\/#organization\",\"name\":\"Rodoaed\",\"url\":\"https:\\\/\\\/rodoaed.ee\\\/\",\"logo\":{\"@type\":\"ImageObject\",\"inLanguage\":\"fi\",\"@id\":\"https:\\\/\\\/rodoaed.ee\\\/#\\\/schema\\\/logo\\\/image\\\/\",\"url\":\"https:\\\/\\\/rodoaed.ee\\\/wp-content\\\/uploads\\\/2019\\\/11\\\/rodoaed-logo-ilma-taustata.jpg\",\"contentUrl\":\"https:\\\/\\\/rodoaed.ee\\\/wp-content\\\/uploads\\\/2019\\\/11\\\/rodoaed-logo-ilma-taustata.jpg\",\"width\":769,\"height\":268,\"caption\":\"Rodoaed\"},\"image\":{\"@id\":\"https:\\\/\\\/rodoaed.ee\\\/#\\\/schema\\\/logo\\\/image\\\/\"},\"sameAs\":[\"https:\\\/\\\/www.facebook.com\\\/kasvuhooned\\\/\",\"https:\\\/\\\/rodoaed.ee\"]}]}<\/script>\n<!-- \/ Yoast SEO Premium plugin. -->","yoast_head_json":{"title":"Vesihanan liit\u00e4nt\u00e4 ja paineens\u00e4\u00e4din - Rodoaed","robots":{"index":"index","follow":"follow","max-snippet":"max-snippet:-1","max-image-preview":"max-image-preview:large","max-video-preview":"max-video-preview:-1"},"canonical":"https:\/\/rodoaed.ee\/fi\/toode\/vesihanan-liitanta-ja-paineensaadin\/","og_locale":"fi_FI","og_type":"article","og_title":"Vesihanan liit\u00e4nt\u00e4 ja paineens\u00e4\u00e4din","og_description":"Vesihanaliit\u00e4nt\u00e4 ja paineens\u00e4\u00e4din Blumat-kasteluj\u00e4rjestelmi\u00e4 varten. Se on saatavana suuressa sarjassa. Pieness\u00e4 setiss\u00e4 niit\u00e4 on ostettava lis\u00e4\u00e4.","og_url":"https:\/\/rodoaed.ee\/fi\/toode\/vesihanan-liitanta-ja-paineensaadin\/","og_site_name":"Rodoaed","article_publisher":"https:\/\/www.facebook.com\/kasvuhooned\/","article_modified_time":"2026-04-13T08:10:24+00:00","og_image":[{"width":803,"height":1000,"url":"https:\/\/rodoaed.ee\/wp-content\/uploads\/2019\/08\/surveuhtlustaja_1.jpg","type":"image\/jpeg"}],"twitter_card":"summary_large_image","schema":{"@context":"https:\/\/schema.org","@graph":[{"@type":"WebPage","@id":"https:\/\/rodoaed.ee\/fi\/toode\/vesihanan-liitanta-ja-paineensaadin\/","url":"https:\/\/rodoaed.ee\/fi\/toode\/vesihanan-liitanta-ja-paineensaadin\/","name":"Vesihanan liit\u00e4nt\u00e4 ja paineens\u00e4\u00e4din - Rodoaed","isPartOf":{"@id":"https:\/\/rodoaed.ee\/#website"},"primaryImageOfPage":{"@id":"https:\/\/rodoaed.ee\/fi\/toode\/vesihanan-liitanta-ja-paineensaadin\/#primaryimage"},"image":{"@id":"https:\/\/rodoaed.ee\/fi\/toode\/vesihanan-liitanta-ja-paineensaadin\/#primaryimage"},"thumbnailUrl":"https:\/\/rodoaed.ee\/wp-content\/uploads\/2019\/08\/surveuhtlustaja_1.jpg","datePublished":"2019-08-02T09:40:43+00:00","dateModified":"2026-04-13T08:10:24+00:00","breadcrumb":{"@id":"https:\/\/rodoaed.ee\/fi\/toode\/vesihanan-liitanta-ja-paineensaadin\/#breadcrumb"},"inLanguage":"fi","potentialAction":[{"@type":"ReadAction","target":["https:\/\/rodoaed.ee\/fi\/toode\/vesihanan-liitanta-ja-paineensaadin\/"]}]},{"@type":"ImageObject","inLanguage":"fi","@id":"https:\/\/rodoaed.ee\/fi\/toode\/vesihanan-liitanta-ja-paineensaadin\/#primaryimage","url":"https:\/\/rodoaed.ee\/wp-content\/uploads\/2019\/08\/surveuhtlustaja_1.jpg","contentUrl":"https:\/\/rodoaed.ee\/wp-content\/uploads\/2019\/08\/surveuhtlustaja_1.jpg","width":803,"height":1000},{"@type":"BreadcrumbList","@id":"https:\/\/rodoaed.ee\/fi\/toode\/vesihanan-liitanta-ja-paineensaadin\/#breadcrumb","itemListElement":[{"@type":"ListItem","position":1,"name":"Home","item":"https:\/\/rodoaed.ee\/fi\/"},{"@type":"ListItem","position":2,"name":"Osta osoitteessa","item":"https:\/\/rodoaed.ee\/osta-osoitteessa\/"},{"@type":"ListItem","position":3,"name":"Vesihanan liit\u00e4nt\u00e4 ja paineens\u00e4\u00e4din"}]},{"@type":"WebSite","@id":"https:\/\/rodoaed.ee\/#website","url":"https:\/\/rodoaed.ee\/","name":"Rodoaed","description":"","publisher":{"@id":"https:\/\/rodoaed.ee\/#organization"},"potentialAction":[{"@type":"SearchAction","target":{"@type":"EntryPoint","urlTemplate":"https:\/\/rodoaed.ee\/?s={search_term_string}"},"query-input":{"@type":"PropertyValueSpecification","valueRequired":true,"valueName":"search_term_string"}}],"inLanguage":"fi"},{"@type":"Organization","@id":"https:\/\/rodoaed.ee\/#organization","name":"Rodoaed","url":"https:\/\/rodoaed.ee\/","logo":{"@type":"ImageObject","inLanguage":"fi","@id":"https:\/\/rodoaed.ee\/#\/schema\/logo\/image\/","url":"https:\/\/rodoaed.ee\/wp-content\/uploads\/2019\/11\/rodoaed-logo-ilma-taustata.jpg","contentUrl":"https:\/\/rodoaed.ee\/wp-content\/uploads\/2019\/11\/rodoaed-logo-ilma-taustata.jpg","width":769,"height":268,"caption":"Rodoaed"},"image":{"@id":"https:\/\/rodoaed.ee\/#\/schema\/logo\/image\/"},"sameAs":["https:\/\/www.facebook.com\/kasvuhooned\/","https:\/\/rodoaed.ee"]}]}},"_links":{"self":[{"href":"https:\/\/rodoaed.ee\/fi\/wp-json\/wp\/v2\/product\/53703","targetHints":{"allow":["GET"]}}],"collection":[{"href":"https:\/\/rodoaed.ee\/fi\/wp-json\/wp\/v2\/product"}],"about":[{"href":"https:\/\/rodoaed.ee\/fi\/wp-json\/wp\/v2\/types\/product"}],"wp:featuredmedia":[{"embeddable":true,"href":"https:\/\/rodoaed.ee\/fi\/wp-json\/wp\/v2\/media\/48082"}],"wp:attachment":[{"href":"https:\/\/rodoaed.ee\/fi\/wp-json\/wp\/v2\/media?parent=53703"}],"wp:term":[{"taxonomy":"product_brand","embeddable":true,"href":"https:\/\/rodoaed.ee\/fi\/wp-json\/wp\/v2\/product_brand?post=53703"},{"taxonomy":"product_cat","embeddable":true,"href":"https:\/\/rodoaed.ee\/fi\/wp-json\/wp\/v2\/product_cat?post=53703"},{"taxonomy":"product_tag","embeddable":true,"href":"https:\/\/rodoaed.ee\/fi\/wp-json\/wp\/v2\/product_tag?post=53703"}],"curies":[{"name":"wp","href":"https:\/\/api.w.org\/{rel}","templated":true}]}}