{"id":53709,"date":"2019-08-02T12:41:02","date_gmt":"2019-08-02T09:41:02","guid":{"rendered":"https:\/\/rodoaed.ee\/toode\/paviljonki-rondon-300cm-75m2\/"},"modified":"2026-04-13T11:10:32","modified_gmt":"2026-04-13T08:10:32","slug":"paviljonki-rondon-300cm-75m2","status":"publish","type":"product","link":"https:\/\/rodoaed.ee\/fi\/tuote\/paviljonki-rondon-300cm-75m2\/","title":{"rendered":"Paviljonki Rondon 300cm 7<sup>,5m2<\/sup>"},"content":{"rendered":"<h2>Kasvihuoneen mitat<\/h2>\n<p>Rondon-puutarhapaviljonki on saatavana kahdessa koossa &#8211; halkaisijaltaan 300 cm ja 400 cm. Harjan korkeus pohjakehyksen kanssa on 270cm ja 300cm ja sivusein\u00e4n korkeus 13cm pohjakehyksell\u00e4 on 201cm. Suuret sein\u00e4ikkunat takaavat hyv\u00e4n ilmankierron.  <\/p>\n<h2>Ovet ja ikkunat<\/h2>\n<p>Rondonin vakiomallissa on saranoitu k\u00e4\u00e4ntyv\u00e4 ovi ja kaksi sein\u00e4ikkunaa. Rondon 3m on 70 cm leve\u00e4 ja Rondon 4m on 90 cm leve\u00e4 saranaovella. <\/p>\n<h2>Polykarbonaatti tai lasi<\/h2>\n<p>Voit valita kasvihuoneen katteeksi joko polykarbonaatin tai lasin. Vakiona on 4 mm:n karkaistu lasi. <\/p>\n<h2>Alusraam<\/h2>\n<p>Tukeva alumiininen pohjakehys antaa kasvihuoneelle enemm\u00e4n vakautta ja helpottaa kokoamista huomattavasti. Pohjakehys on valmistettu vahvasta karppiprofiilista, jonka korkeus on noin 13 cm.  Pohjakehykseen on kiinnitetty ankkurik\u00f6ydet, jotka voidaan kaivaa maahan tai kaataa sekaan. N\u00e4in ollen aluskehyst\u00e4 voidaan k\u00e4ytt\u00e4\u00e4 erillisen perustuksen korvikkeena. <\/p>\n<p>Pohjakehys sis\u00e4ltyy hintaan.<\/p>\n<h2>RAL maalattu runko<\/h2>\n<p>Kasvihuoneen runko on tavallisesti matta-alumiinia, mutta se voidaan my\u00f6s tilata pulverimaalattuna RAL-v\u00e4reiss\u00e4 (9010, 6005, 6009, 7016, 1013, 3004, 3011, 9005, 6013 ja 1019).<\/p>\n<p>Huomaa, ett\u00e4 tuotekuvat ovat vain havainnollistavia, eiv\u00e4tk\u00e4 ne v\u00e4ltt\u00e4m\u00e4tt\u00e4 vastaa tuotteen tarkkoja ominaisuuksia ja v\u00e4ris\u00e4vy\u00e4.<\/p>\n<p><a href=\"https:\/\/www.rodoaed.ee\/wp-content\/uploads\/2012\/02\/rondon.pdf\" target=\"_blank\" rel=\"noopener noreferrer\">Kokoonpano-ohjeet<\/a><\/p>\n<p><a href=\"https:\/\/rodoaed.ee\/fi\/\">kotisivu<\/a> <a href=\"https:\/\/rodoaed.ee\/tootekategooria\/kasvuhooned-ja-talveaiad\/\">k\u00e4ynnist\u00e4<\/a> <a href=\"https:\/\/rodoaed.ee\/fi\/tootekategooria\/euro-serren-kasvihuoneet\/\">Euro-Serre<\/a><\/p>\n<p>&nbsp;<\/p>\n","protected":false},"excerpt":{"rendered":"<p>Kasvihuoneen mitat Rondon-puutarhapaviljonki on saatavana kahdessa koossa &#8211; halkaisijaltaan 300 cm ja 400 cm. Harjan korkeus pohjakehyksen kanssa on 270cm ja 300cm ja sivusein\u00e4n korkeus 13cm pohjakehyksell\u00e4 on 201cm. Suuret sein\u00e4ikkunat takaavat hyv\u00e4n ilmankierron. Ovet ja ikkunat Rondonin vakiomallissa on saranoitu k\u00e4\u00e4ntyv\u00e4 ovi ja kaksi sein\u00e4ikkunaa. Rondon 3m on 70 cm leve\u00e4 ja Rondon 4m on 90 cm leve\u00e4 saranaovella. Polykarbonaatti tai lasi Voit valita&#8230;<\/p>\n","protected":false},"featured_media":19037,"template":"","meta":{"_acf_changed":false},"product_brand":[],"product_cat":[1907,2213],"product_tag":[],"class_list":{"0":"post-53709","1":"product","2":"type-product","3":"status-publish","4":"has-post-thumbnail","6":"product_cat-euro-serren-kasvihuoneet","7":"product_cat-kasvihuone-rondon","8":"pa_variatsioon-paviljonki-rondon-300cm-75m2","9":"pa_variatsioon-paviljonki-rondon-300cm-75m2-maalattu-runko-alumiinirunko","10":"pa_variatsioon-paviljonki-rondon-300cm-75m2-maalattu-runko-ral-varilla-maalatut-kehykset","12":"first","13":"instock","14":"sale","15":"taxable","16":"shipping-taxable","17":"purchasable","18":"product-type-simple"},"acf":[],"yoast_head":"<!-- This site is optimized with the Yoast SEO Premium plugin v27.3 (Yoast SEO v27.3) - https:\/\/yoast.com\/product\/yoast-seo-premium-wordpress\/ -->\n<title>Paviljonki Rondon 300cm 7,5m2 - Rodoaed<\/title>\n<meta name=\"robots\" content=\"index, follow, max-snippet:-1, max-image-preview:large, max-video-preview:-1\" \/>\n<link rel=\"canonical\" href=\"https:\/\/rodoaed.ee\/fi\/toode\/paviljonki-rondon-300cm-75m2\/\" \/>\n<meta property=\"og:locale\" content=\"fi_FI\" \/>\n<meta property=\"og:type\" content=\"article\" \/>\n<meta property=\"og:title\" content=\"Paviljonki Rondon 300cm 7,5m2\" \/>\n<meta property=\"og:description\" content=\"Kasvihuoneen mitat Rondon-puutarhapaviljonki on saatavana kahdessa koossa - halkaisijaltaan 300 cm ja 400 cm. Harjan korkeus pohjakehyksen kanssa on 270cm\" \/>\n<meta property=\"og:url\" content=\"https:\/\/rodoaed.ee\/fi\/toode\/paviljonki-rondon-300cm-75m2\/\" \/>\n<meta property=\"og:site_name\" content=\"Rodoaed\" \/>\n<meta property=\"article:publisher\" content=\"https:\/\/www.facebook.com\/kasvuhooned\/\" \/>\n<meta property=\"article:modified_time\" content=\"2026-04-13T08:10:32+00:00\" \/>\n<meta property=\"og:image\" content=\"https:\/\/rodoaed.ee\/wp-content\/uploads\/2019\/07\/kasvuhoone_Rondon_06.jpg\" \/>\n\t<meta property=\"og:image:width\" content=\"1176\" \/>\n\t<meta property=\"og:image:height\" content=\"857\" \/>\n\t<meta property=\"og:image:type\" content=\"image\/jpeg\" \/>\n<meta name=\"twitter:card\" content=\"summary_large_image\" \/>\n<meta name=\"twitter:label1\" content=\"Arvioitu lukuaika\" \/>\n\t<meta name=\"twitter:data1\" content=\"1 minuutti\" \/>\n<script type=\"application\/ld+json\" class=\"yoast-schema-graph\">{\"@context\":\"https:\\\/\\\/schema.org\",\"@graph\":[{\"@type\":\"WebPage\",\"@id\":\"https:\\\/\\\/rodoaed.ee\\\/fi\\\/toode\\\/paviljonki-rondon-300cm-75m2\\\/\",\"url\":\"https:\\\/\\\/rodoaed.ee\\\/fi\\\/toode\\\/paviljonki-rondon-300cm-75m2\\\/\",\"name\":\"Paviljonki Rondon 300cm 7,5m2 - Rodoaed\",\"isPartOf\":{\"@id\":\"https:\\\/\\\/rodoaed.ee\\\/#website\"},\"primaryImageOfPage\":{\"@id\":\"https:\\\/\\\/rodoaed.ee\\\/fi\\\/toode\\\/paviljonki-rondon-300cm-75m2\\\/#primaryimage\"},\"image\":{\"@id\":\"https:\\\/\\\/rodoaed.ee\\\/fi\\\/toode\\\/paviljonki-rondon-300cm-75m2\\\/#primaryimage\"},\"thumbnailUrl\":\"https:\\\/\\\/rodoaed.ee\\\/wp-content\\\/uploads\\\/2019\\\/07\\\/kasvuhoone_Rondon_06.jpg\",\"datePublished\":\"2019-08-02T09:41:02+00:00\",\"dateModified\":\"2026-04-13T08:10:32+00:00\",\"breadcrumb\":{\"@id\":\"https:\\\/\\\/rodoaed.ee\\\/fi\\\/toode\\\/paviljonki-rondon-300cm-75m2\\\/#breadcrumb\"},\"inLanguage\":\"fi\",\"potentialAction\":[{\"@type\":\"ReadAction\",\"target\":[\"https:\\\/\\\/rodoaed.ee\\\/fi\\\/toode\\\/paviljonki-rondon-300cm-75m2\\\/\"]}]},{\"@type\":\"ImageObject\",\"inLanguage\":\"fi\",\"@id\":\"https:\\\/\\\/rodoaed.ee\\\/fi\\\/toode\\\/paviljonki-rondon-300cm-75m2\\\/#primaryimage\",\"url\":\"https:\\\/\\\/rodoaed.ee\\\/wp-content\\\/uploads\\\/2019\\\/07\\\/kasvuhoone_Rondon_06.jpg\",\"contentUrl\":\"https:\\\/\\\/rodoaed.ee\\\/wp-content\\\/uploads\\\/2019\\\/07\\\/kasvuhoone_Rondon_06.jpg\",\"width\":1176,\"height\":857},{\"@type\":\"BreadcrumbList\",\"@id\":\"https:\\\/\\\/rodoaed.ee\\\/fi\\\/toode\\\/paviljonki-rondon-300cm-75m2\\\/#breadcrumb\",\"itemListElement\":[{\"@type\":\"ListItem\",\"position\":1,\"name\":\"Home\",\"item\":\"https:\\\/\\\/rodoaed.ee\\\/fi\\\/\"},{\"@type\":\"ListItem\",\"position\":2,\"name\":\"Osta osoitteessa\",\"item\":\"https:\\\/\\\/rodoaed.ee\\\/osta-osoitteessa\\\/\"},{\"@type\":\"ListItem\",\"position\":3,\"name\":\"Paviljonki Rondon 300cm 7,5m2\"}]},{\"@type\":\"WebSite\",\"@id\":\"https:\\\/\\\/rodoaed.ee\\\/#website\",\"url\":\"https:\\\/\\\/rodoaed.ee\\\/\",\"name\":\"Rodoaed\",\"description\":\"\",\"publisher\":{\"@id\":\"https:\\\/\\\/rodoaed.ee\\\/#organization\"},\"potentialAction\":[{\"@type\":\"SearchAction\",\"target\":{\"@type\":\"EntryPoint\",\"urlTemplate\":\"https:\\\/\\\/rodoaed.ee\\\/?s={search_term_string}\"},\"query-input\":{\"@type\":\"PropertyValueSpecification\",\"valueRequired\":true,\"valueName\":\"search_term_string\"}}],\"inLanguage\":\"fi\"},{\"@type\":\"Organization\",\"@id\":\"https:\\\/\\\/rodoaed.ee\\\/#organization\",\"name\":\"Rodoaed\",\"url\":\"https:\\\/\\\/rodoaed.ee\\\/\",\"logo\":{\"@type\":\"ImageObject\",\"inLanguage\":\"fi\",\"@id\":\"https:\\\/\\\/rodoaed.ee\\\/#\\\/schema\\\/logo\\\/image\\\/\",\"url\":\"https:\\\/\\\/rodoaed.ee\\\/wp-content\\\/uploads\\\/2019\\\/11\\\/rodoaed-logo-ilma-taustata.jpg\",\"contentUrl\":\"https:\\\/\\\/rodoaed.ee\\\/wp-content\\\/uploads\\\/2019\\\/11\\\/rodoaed-logo-ilma-taustata.jpg\",\"width\":769,\"height\":268,\"caption\":\"Rodoaed\"},\"image\":{\"@id\":\"https:\\\/\\\/rodoaed.ee\\\/#\\\/schema\\\/logo\\\/image\\\/\"},\"sameAs\":[\"https:\\\/\\\/www.facebook.com\\\/kasvuhooned\\\/\",\"https:\\\/\\\/rodoaed.ee\"]}]}<\/script>\n<!-- \/ Yoast SEO Premium plugin. -->","yoast_head_json":{"title":"Paviljonki Rondon 300cm 7,5m2 - Rodoaed","robots":{"index":"index","follow":"follow","max-snippet":"max-snippet:-1","max-image-preview":"max-image-preview:large","max-video-preview":"max-video-preview:-1"},"canonical":"https:\/\/rodoaed.ee\/fi\/toode\/paviljonki-rondon-300cm-75m2\/","og_locale":"fi_FI","og_type":"article","og_title":"Paviljonki Rondon 300cm 7,5m2","og_description":"Kasvihuoneen mitat Rondon-puutarhapaviljonki on saatavana kahdessa koossa - halkaisijaltaan 300 cm ja 400 cm. Harjan korkeus pohjakehyksen kanssa on 270cm","og_url":"https:\/\/rodoaed.ee\/fi\/toode\/paviljonki-rondon-300cm-75m2\/","og_site_name":"Rodoaed","article_publisher":"https:\/\/www.facebook.com\/kasvuhooned\/","article_modified_time":"2026-04-13T08:10:32+00:00","og_image":[{"width":1176,"height":857,"url":"https:\/\/rodoaed.ee\/wp-content\/uploads\/2019\/07\/kasvuhoone_Rondon_06.jpg","type":"image\/jpeg"}],"twitter_card":"summary_large_image","twitter_misc":{"Arvioitu lukuaika":"1 minuutti"},"schema":{"@context":"https:\/\/schema.org","@graph":[{"@type":"WebPage","@id":"https:\/\/rodoaed.ee\/fi\/toode\/paviljonki-rondon-300cm-75m2\/","url":"https:\/\/rodoaed.ee\/fi\/toode\/paviljonki-rondon-300cm-75m2\/","name":"Paviljonki Rondon 300cm 7,5m2 - Rodoaed","isPartOf":{"@id":"https:\/\/rodoaed.ee\/#website"},"primaryImageOfPage":{"@id":"https:\/\/rodoaed.ee\/fi\/toode\/paviljonki-rondon-300cm-75m2\/#primaryimage"},"image":{"@id":"https:\/\/rodoaed.ee\/fi\/toode\/paviljonki-rondon-300cm-75m2\/#primaryimage"},"thumbnailUrl":"https:\/\/rodoaed.ee\/wp-content\/uploads\/2019\/07\/kasvuhoone_Rondon_06.jpg","datePublished":"2019-08-02T09:41:02+00:00","dateModified":"2026-04-13T08:10:32+00:00","breadcrumb":{"@id":"https:\/\/rodoaed.ee\/fi\/toode\/paviljonki-rondon-300cm-75m2\/#breadcrumb"},"inLanguage":"fi","potentialAction":[{"@type":"ReadAction","target":["https:\/\/rodoaed.ee\/fi\/toode\/paviljonki-rondon-300cm-75m2\/"]}]},{"@type":"ImageObject","inLanguage":"fi","@id":"https:\/\/rodoaed.ee\/fi\/toode\/paviljonki-rondon-300cm-75m2\/#primaryimage","url":"https:\/\/rodoaed.ee\/wp-content\/uploads\/2019\/07\/kasvuhoone_Rondon_06.jpg","contentUrl":"https:\/\/rodoaed.ee\/wp-content\/uploads\/2019\/07\/kasvuhoone_Rondon_06.jpg","width":1176,"height":857},{"@type":"BreadcrumbList","@id":"https:\/\/rodoaed.ee\/fi\/toode\/paviljonki-rondon-300cm-75m2\/#breadcrumb","itemListElement":[{"@type":"ListItem","position":1,"name":"Home","item":"https:\/\/rodoaed.ee\/fi\/"},{"@type":"ListItem","position":2,"name":"Osta osoitteessa","item":"https:\/\/rodoaed.ee\/osta-osoitteessa\/"},{"@type":"ListItem","position":3,"name":"Paviljonki Rondon 300cm 7,5m2"}]},{"@type":"WebSite","@id":"https:\/\/rodoaed.ee\/#website","url":"https:\/\/rodoaed.ee\/","name":"Rodoaed","description":"","publisher":{"@id":"https:\/\/rodoaed.ee\/#organization"},"potentialAction":[{"@type":"SearchAction","target":{"@type":"EntryPoint","urlTemplate":"https:\/\/rodoaed.ee\/?s={search_term_string}"},"query-input":{"@type":"PropertyValueSpecification","valueRequired":true,"valueName":"search_term_string"}}],"inLanguage":"fi"},{"@type":"Organization","@id":"https:\/\/rodoaed.ee\/#organization","name":"Rodoaed","url":"https:\/\/rodoaed.ee\/","logo":{"@type":"ImageObject","inLanguage":"fi","@id":"https:\/\/rodoaed.ee\/#\/schema\/logo\/image\/","url":"https:\/\/rodoaed.ee\/wp-content\/uploads\/2019\/11\/rodoaed-logo-ilma-taustata.jpg","contentUrl":"https:\/\/rodoaed.ee\/wp-content\/uploads\/2019\/11\/rodoaed-logo-ilma-taustata.jpg","width":769,"height":268,"caption":"Rodoaed"},"image":{"@id":"https:\/\/rodoaed.ee\/#\/schema\/logo\/image\/"},"sameAs":["https:\/\/www.facebook.com\/kasvuhooned\/","https:\/\/rodoaed.ee"]}]}},"_links":{"self":[{"href":"https:\/\/rodoaed.ee\/fi\/wp-json\/wp\/v2\/product\/53709","targetHints":{"allow":["GET"]}}],"collection":[{"href":"https:\/\/rodoaed.ee\/fi\/wp-json\/wp\/v2\/product"}],"about":[{"href":"https:\/\/rodoaed.ee\/fi\/wp-json\/wp\/v2\/types\/product"}],"wp:featuredmedia":[{"embeddable":true,"href":"https:\/\/rodoaed.ee\/fi\/wp-json\/wp\/v2\/media\/19037"}],"wp:attachment":[{"href":"https:\/\/rodoaed.ee\/fi\/wp-json\/wp\/v2\/media?parent=53709"}],"wp:term":[{"taxonomy":"product_brand","embeddable":true,"href":"https:\/\/rodoaed.ee\/fi\/wp-json\/wp\/v2\/product_brand?post=53709"},{"taxonomy":"product_cat","embeddable":true,"href":"https:\/\/rodoaed.ee\/fi\/wp-json\/wp\/v2\/product_cat?post=53709"},{"taxonomy":"product_tag","embeddable":true,"href":"https:\/\/rodoaed.ee\/fi\/wp-json\/wp\/v2\/product_tag?post=53709"}],"curies":[{"name":"wp","href":"https:\/\/api.w.org\/{rel}","templated":true}]}}