{"id":53711,"date":"2019-08-02T12:41:02","date_gmt":"2019-08-02T09:41:02","guid":{"rendered":"https:\/\/rodoaed.ee\/toode\/kasvihuonehylly-bruno-vihrea-120x40-cm\/"},"modified":"2026-04-13T11:10:33","modified_gmt":"2026-04-13T08:10:33","slug":"kasvihuonehylly-bruno-vihrea-120x40-cm","status":"publish","type":"product","link":"https:\/\/rodoaed.ee\/fi\/tuote\/kasvihuonehylly-bruno-vihrea-120x40-cm\/","title":{"rendered":"Kasvihuonehylly Bruno, vihre\u00e4 120\u00d740 cm."},"content":{"rendered":"<h3>Kasvihuoneen hylly, joka voidaan ripustaa sein\u00e4n alle, kun sit\u00e4 ei k\u00e4ytet\u00e4.<\/h3>\n<p><strong>Kasvihuonehylly, jossa on vihre\u00e4 kansi 120 x 40 cm, nopea asentaa ja tarvittaessa laskea alas.<\/strong><\/p>\n<p>Hylly voidaan taittaa k\u00e4tev\u00e4sti sein\u00e4\u00e4 vasten, kun et tarvitse sit\u00e4, joten voit k\u00e4ytt\u00e4\u00e4 sit\u00e4 jopa kasvihyllyn\u00e4. Hylly on valmistettu ruostumattomasta ter\u00e4ksest\u00e4, jossa on vihre\u00e4 muovipinnoite, ja se sis\u00e4lt\u00e4\u00e4 kokoontaitettavat alumiinituet (2 kpl) ja kiinnikkeet. <\/p>\n<p>Voidaan asentaa kaikkiin kasvihuoneisiin, joissa on sein\u00e4profiilit, joissa on kiinnityslinjat. Voidaan my\u00f6s asentaa kauniisti puuhun tai kiveen tukien avulla. <\/p>\n<p><a href=\"https:\/\/rodoaed.ee\/fi\/\">kotisivu<\/a> <a href=\"https:\/\/rodoaed.ee\/tootekategooria\/kasvuhooned-ja-talveaiad\/\">k\u00e4ynnist\u00e4<\/a> <a href=\"https:\/\/rodoaed.ee\/fi\/tootekategooria\/euro-serren-kasvihuoneet\/\">Euro-Serre<\/a> <a href=\"https:\/\/rodoaed.ee\/fi\/tootekategooria\/kasvihuoneen-tarvikkeet\/\">tarvikkeet<\/a> <a href=\"https:\/\/rodoaed.ee\/fi\/tootekategooria\/kasvihuoneen-tarvikkeet\/kasvihuoneen-hyllyt\/\">hyllyt<\/a><\/p>\n\n<div data-fullscreen=\"disabled\" data-mode=\"normal\" data-oembed=\"1\" data-provider=\"youtube\" data-reset-after-played id=\"arve-youtube-nrdjct7etec\" class=\"arve\">\n\t<div class=\"arve-inner\">\n\t\t<div style=\"aspect-ratio:4\/3\" class=\"arve-embed arve-embed--has-aspect-ratio\">\n\t\t\t<div class=\"arve-ar\" style=\"padding-top:75.000000%\"><\/div>\n\t\t\t<iframe allow=\"accelerometer &apos;none&apos;;autoplay &apos;none&apos;;bluetooth &apos;none&apos;;browsing-topics &apos;none&apos;;camera &apos;none&apos;;clipboard-read &apos;none&apos;;clipboard-write;display-capture &apos;none&apos;;encrypted-media &apos;none&apos;;gamepad &apos;none&apos;;geolocation &apos;none&apos;;gyroscope &apos;none&apos;;hid &apos;none&apos;;identity-credentials-get &apos;none&apos;;idle-detection &apos;none&apos;;keyboard-map &apos;none&apos;;local-fonts;magnetometer &apos;none&apos;;microphone &apos;none&apos;;midi &apos;none&apos;;otp-credentials &apos;none&apos;;payment &apos;none&apos;;picture-in-picture;publickey-credentials-create &apos;none&apos;;publickey-credentials-get &apos;none&apos;;screen-wake-lock &apos;none&apos;;serial &apos;none&apos;;summarizer &apos;none&apos;;sync-xhr;usb &apos;none&apos;;web-share;window-management &apos;none&apos;;xr-spatial-tracking &apos;none&apos;;\" allowfullscreen=\"\" class=\"arve-iframe fitvidsignore\" credentialless data-arve=\"arve-youtube-nrdjct7etec\" data-lenis-prevent=\"\" data-src-no-ap=\"https:\/\/www.youtube-nocookie.com\/embed\/NrDjCT7etEc?feature=oembed&amp;iv_load_policy=3&amp;modestbranding=1&amp;rel=0&amp;autohide=1&amp;playsinline=0&amp;autoplay=0&amp;enablejsapi=1\" frameborder=\"0\" height=\"0\" loading=\"lazy\" name=\"\" referrerpolicy=\"strict-origin-when-cross-origin\" sandbox=\"allow-scripts allow-same-origin allow-presentation allow-popups allow-popups-to-escape-sandbox\" scrolling=\"no\" src=\"https:\/\/www.youtube-nocookie.com\/embed\/NrDjCT7etEc?feature=oembed&#038;iv_load_policy=3&#038;modestbranding=1&#038;rel=0&#038;autohide=1&#038;playsinline=0&#038;autoplay=0&#038;enablejsapi=1\" title=\"Klapptisch Bruno\" width=\"0\"><\/iframe>\n\t\t\t\n\t\t<\/div>\n\t\t\n\t<\/div>\n\t\n\t\n\t<script type=\"application\/ld+json\">{\"@context\":\"http:\\\/\\\/schema.org\\\/\",\"@id\":\"https:\\\/\\\/rodoaed.ee\\\/fi\\\/tuote\\\/kasvihuonehylly-bruno-vihrea-120x40-cm\\\/#arve-youtube-nrdjct7etec\",\"type\":\"VideoObject\",\"embedURL\":\"https:\\\/\\\/www.youtube-nocookie.com\\\/embed\\\/NrDjCT7etEc?feature=oembed&iv_load_policy=3&modestbranding=1&rel=0&autohide=1&playsinline=0&autoplay=0&enablejsapi=1\",\"name\":\"Klapptisch Bruno\",\"thumbnailUrl\":\"https:\\\/\\\/i.ytimg.com\\\/vi\\\/NrDjCT7etEc\\\/hqdefault.jpg\",\"uploadDate\":\"2026-04-20T21:19:15+03:00\",\"author\":\"Bio Green Academy\",\"description\":\"Kasvihuoneen hylly, joka voidaan ripustaa sein\\u00e4n alle, kun sit\\u00e4 ei k\\u00e4ytet\\u00e4. Kasvihuonehylly, jossa on vihre\\u00e4 kansi 120 x 40 cm, nopea asentaa ja tarvittaessa laskea alas. Hylly voidaan taittaa k\\u00e4tev\\u00e4sti sein\\u00e4\\u00e4 vasten, kun et tarvitse sit\\u00e4, joten voit k\\u00e4ytt\\u00e4\\u00e4 sit\\u00e4 jopa kasvihyllyn\\u00e4. Hylly on valmiste\"}<\/script>\n\t\n<\/div>\n","protected":false},"excerpt":{"rendered":"<p>Kasvihuoneen hylly, joka voidaan ripustaa sein\u00e4n alle, kun sit\u00e4 ei k\u00e4ytet\u00e4. Kasvihuonehylly, jossa on vihre\u00e4 kansi 120 x 40 cm, nopea asentaa ja tarvittaessa laskea alas. Hylly voidaan taittaa k\u00e4tev\u00e4sti sein\u00e4\u00e4 vasten, kun et tarvitse sit\u00e4, joten voit k\u00e4ytt\u00e4\u00e4 sit\u00e4 jopa kasvihyllyn\u00e4. Hylly on valmistettu ruostumattomasta ter\u00e4ksest\u00e4, jossa on vihre\u00e4 muovipinnoite, ja se sis\u00e4lt\u00e4\u00e4 kokoontaitettavat alumiinituet (2 kpl) ja kiinnikkeet. Voidaan asentaa kaikkiin kasvihuoneisiin, joissa&#8230;<\/p>\n","protected":false},"featured_media":26392,"template":"","meta":{"_acf_changed":false},"product_brand":[],"product_cat":[2274,1869],"product_tag":[],"class_list":{"0":"post-53711","1":"product","2":"type-product","3":"status-publish","4":"has-post-thumbnail","6":"product_cat-kasvihuoneen-hyllyt","7":"product_cat-kasvihuoneen-tarvikkeet","8":"product_shipping_class-kuljetus-ainoastaan-kuriiripalvelun-valityksella","9":"pa_variatsioon-27-hylly-terasverkolla-vihrea-120x40-cm","11":"first","12":"outofstock","13":"sale","14":"taxable","15":"shipping-taxable","16":"purchasable","17":"product-type-simple"},"acf":[],"yoast_head":"<!-- This site is optimized with the Yoast SEO Premium plugin v27.3 (Yoast SEO v27.3) - https:\/\/yoast.com\/product\/yoast-seo-premium-wordpress\/ -->\n<title>Kasvihuonehylly Bruno, vihre\u00e4 120\u00d740 cm. - Rodoaed<\/title>\n<meta name=\"description\" content=\"Kasvihuonehylly, jossa on vihre\u00e4 kansi 120 x 40 cm, nopea asentaa ja tarvittaessa laskea alas.\" \/>\n<meta name=\"robots\" content=\"index, follow, max-snippet:-1, max-image-preview:large, max-video-preview:-1\" \/>\n<link rel=\"canonical\" href=\"https:\/\/rodoaed.ee\/fi\/toode\/kasvihuonehylly-bruno-vihrea-120x40-cm\/\" \/>\n<meta property=\"og:locale\" content=\"fi_FI\" \/>\n<meta property=\"og:type\" content=\"article\" \/>\n<meta property=\"og:title\" content=\"Kasvihuonehylly Bruno, vihre\u00e4 120\u00d740 cm.\" \/>\n<meta property=\"og:description\" content=\"Kasvihuoneen hylly, joka voidaan ripustaa sein\u00e4n alle, kun sit\u00e4 ei k\u00e4ytet\u00e4. Kasvihuonehylly, jossa on vihre\u00e4 kansi 120 x 40 cm, nopea asentaa ja\" \/>\n<meta property=\"og:url\" content=\"https:\/\/rodoaed.ee\/fi\/toode\/kasvihuonehylly-bruno-vihrea-120x40-cm\/\" \/>\n<meta property=\"og:site_name\" content=\"Rodoaed\" \/>\n<meta property=\"article:publisher\" content=\"https:\/\/www.facebook.com\/kasvuhooned\/\" \/>\n<meta property=\"article:modified_time\" content=\"2026-04-13T08:10:33+00:00\" \/>\n<meta property=\"og:image\" content=\"https:\/\/rodoaed.ee\/wp-content\/uploads\/2019\/08\/kasvuhoone-riiul-Bruno_02-1400x1147.jpg\" \/>\n\t<meta property=\"og:image:width\" content=\"1400\" \/>\n\t<meta property=\"og:image:height\" content=\"1147\" \/>\n\t<meta property=\"og:image:type\" content=\"image\/jpeg\" \/>\n<meta name=\"twitter:card\" content=\"summary_large_image\" \/>\n<meta name=\"twitter:label1\" content=\"Arvioitu lukuaika\" \/>\n\t<meta name=\"twitter:data1\" content=\"1 minuutti\" \/>\n<script type=\"application\/ld+json\" class=\"yoast-schema-graph\">{\"@context\":\"https:\\\/\\\/schema.org\",\"@graph\":[{\"@type\":\"WebPage\",\"@id\":\"https:\\\/\\\/rodoaed.ee\\\/fi\\\/toode\\\/kasvihuonehylly-bruno-vihrea-120x40-cm\\\/\",\"url\":\"https:\\\/\\\/rodoaed.ee\\\/fi\\\/toode\\\/kasvihuonehylly-bruno-vihrea-120x40-cm\\\/\",\"name\":\"Kasvihuonehylly Bruno, vihre\u00e4 120\u00d740 cm. - Rodoaed\",\"isPartOf\":{\"@id\":\"https:\\\/\\\/rodoaed.ee\\\/#website\"},\"primaryImageOfPage\":{\"@id\":\"https:\\\/\\\/rodoaed.ee\\\/fi\\\/toode\\\/kasvihuonehylly-bruno-vihrea-120x40-cm\\\/#primaryimage\"},\"image\":{\"@id\":\"https:\\\/\\\/rodoaed.ee\\\/fi\\\/toode\\\/kasvihuonehylly-bruno-vihrea-120x40-cm\\\/#primaryimage\"},\"thumbnailUrl\":\"https:\\\/\\\/rodoaed.ee\\\/wp-content\\\/uploads\\\/2019\\\/08\\\/kasvuhoone-riiul-Bruno_02-scaled.jpg\",\"datePublished\":\"2019-08-02T09:41:02+00:00\",\"dateModified\":\"2026-04-13T08:10:33+00:00\",\"description\":\"Kasvihuonehylly, jossa on vihre\u00e4 kansi 120 x 40 cm, nopea asentaa ja tarvittaessa laskea alas.\",\"breadcrumb\":{\"@id\":\"https:\\\/\\\/rodoaed.ee\\\/fi\\\/toode\\\/kasvihuonehylly-bruno-vihrea-120x40-cm\\\/#breadcrumb\"},\"inLanguage\":\"fi\",\"potentialAction\":[{\"@type\":\"ReadAction\",\"target\":[\"https:\\\/\\\/rodoaed.ee\\\/fi\\\/toode\\\/kasvihuonehylly-bruno-vihrea-120x40-cm\\\/\"]}]},{\"@type\":\"ImageObject\",\"inLanguage\":\"fi\",\"@id\":\"https:\\\/\\\/rodoaed.ee\\\/fi\\\/toode\\\/kasvihuonehylly-bruno-vihrea-120x40-cm\\\/#primaryimage\",\"url\":\"https:\\\/\\\/rodoaed.ee\\\/wp-content\\\/uploads\\\/2019\\\/08\\\/kasvuhoone-riiul-Bruno_02-scaled.jpg\",\"contentUrl\":\"https:\\\/\\\/rodoaed.ee\\\/wp-content\\\/uploads\\\/2019\\\/08\\\/kasvuhoone-riiul-Bruno_02-scaled.jpg\",\"width\":4052,\"height\":3319},{\"@type\":\"BreadcrumbList\",\"@id\":\"https:\\\/\\\/rodoaed.ee\\\/fi\\\/toode\\\/kasvihuonehylly-bruno-vihrea-120x40-cm\\\/#breadcrumb\",\"itemListElement\":[{\"@type\":\"ListItem\",\"position\":1,\"name\":\"Home\",\"item\":\"https:\\\/\\\/rodoaed.ee\\\/fi\\\/\"},{\"@type\":\"ListItem\",\"position\":2,\"name\":\"Osta osoitteessa\",\"item\":\"https:\\\/\\\/rodoaed.ee\\\/osta-osoitteessa\\\/\"},{\"@type\":\"ListItem\",\"position\":3,\"name\":\"Kasvihuonehylly Bruno, vihre\u00e4 120\u00d740 cm.\"}]},{\"@type\":\"WebSite\",\"@id\":\"https:\\\/\\\/rodoaed.ee\\\/#website\",\"url\":\"https:\\\/\\\/rodoaed.ee\\\/\",\"name\":\"Rodoaed\",\"description\":\"\",\"publisher\":{\"@id\":\"https:\\\/\\\/rodoaed.ee\\\/#organization\"},\"potentialAction\":[{\"@type\":\"SearchAction\",\"target\":{\"@type\":\"EntryPoint\",\"urlTemplate\":\"https:\\\/\\\/rodoaed.ee\\\/?s={search_term_string}\"},\"query-input\":{\"@type\":\"PropertyValueSpecification\",\"valueRequired\":true,\"valueName\":\"search_term_string\"}}],\"inLanguage\":\"fi\"},{\"@type\":\"Organization\",\"@id\":\"https:\\\/\\\/rodoaed.ee\\\/#organization\",\"name\":\"Rodoaed\",\"url\":\"https:\\\/\\\/rodoaed.ee\\\/\",\"logo\":{\"@type\":\"ImageObject\",\"inLanguage\":\"fi\",\"@id\":\"https:\\\/\\\/rodoaed.ee\\\/#\\\/schema\\\/logo\\\/image\\\/\",\"url\":\"https:\\\/\\\/rodoaed.ee\\\/wp-content\\\/uploads\\\/2019\\\/11\\\/rodoaed-logo-ilma-taustata.jpg\",\"contentUrl\":\"https:\\\/\\\/rodoaed.ee\\\/wp-content\\\/uploads\\\/2019\\\/11\\\/rodoaed-logo-ilma-taustata.jpg\",\"width\":769,\"height\":268,\"caption\":\"Rodoaed\"},\"image\":{\"@id\":\"https:\\\/\\\/rodoaed.ee\\\/#\\\/schema\\\/logo\\\/image\\\/\"},\"sameAs\":[\"https:\\\/\\\/www.facebook.com\\\/kasvuhooned\\\/\",\"https:\\\/\\\/rodoaed.ee\"]}]}<\/script>\n<!-- \/ Yoast SEO Premium plugin. -->","yoast_head_json":{"title":"Kasvihuonehylly Bruno, vihre\u00e4 120\u00d740 cm. - Rodoaed","description":"Kasvihuonehylly, jossa on vihre\u00e4 kansi 120 x 40 cm, nopea asentaa ja tarvittaessa laskea alas.","robots":{"index":"index","follow":"follow","max-snippet":"max-snippet:-1","max-image-preview":"max-image-preview:large","max-video-preview":"max-video-preview:-1"},"canonical":"https:\/\/rodoaed.ee\/fi\/toode\/kasvihuonehylly-bruno-vihrea-120x40-cm\/","og_locale":"fi_FI","og_type":"article","og_title":"Kasvihuonehylly Bruno, vihre\u00e4 120\u00d740 cm.","og_description":"Kasvihuoneen hylly, joka voidaan ripustaa sein\u00e4n alle, kun sit\u00e4 ei k\u00e4ytet\u00e4. Kasvihuonehylly, jossa on vihre\u00e4 kansi 120 x 40 cm, nopea asentaa ja","og_url":"https:\/\/rodoaed.ee\/fi\/toode\/kasvihuonehylly-bruno-vihrea-120x40-cm\/","og_site_name":"Rodoaed","article_publisher":"https:\/\/www.facebook.com\/kasvuhooned\/","article_modified_time":"2026-04-13T08:10:33+00:00","og_image":[{"width":1400,"height":1147,"url":"https:\/\/rodoaed.ee\/wp-content\/uploads\/2019\/08\/kasvuhoone-riiul-Bruno_02-1400x1147.jpg","type":"image\/jpeg"}],"twitter_card":"summary_large_image","twitter_misc":{"Arvioitu lukuaika":"1 minuutti"},"schema":{"@context":"https:\/\/schema.org","@graph":[{"@type":"WebPage","@id":"https:\/\/rodoaed.ee\/fi\/toode\/kasvihuonehylly-bruno-vihrea-120x40-cm\/","url":"https:\/\/rodoaed.ee\/fi\/toode\/kasvihuonehylly-bruno-vihrea-120x40-cm\/","name":"Kasvihuonehylly Bruno, vihre\u00e4 120\u00d740 cm. - Rodoaed","isPartOf":{"@id":"https:\/\/rodoaed.ee\/#website"},"primaryImageOfPage":{"@id":"https:\/\/rodoaed.ee\/fi\/toode\/kasvihuonehylly-bruno-vihrea-120x40-cm\/#primaryimage"},"image":{"@id":"https:\/\/rodoaed.ee\/fi\/toode\/kasvihuonehylly-bruno-vihrea-120x40-cm\/#primaryimage"},"thumbnailUrl":"https:\/\/rodoaed.ee\/wp-content\/uploads\/2019\/08\/kasvuhoone-riiul-Bruno_02-scaled.jpg","datePublished":"2019-08-02T09:41:02+00:00","dateModified":"2026-04-13T08:10:33+00:00","description":"Kasvihuonehylly, jossa on vihre\u00e4 kansi 120 x 40 cm, nopea asentaa ja tarvittaessa laskea alas.","breadcrumb":{"@id":"https:\/\/rodoaed.ee\/fi\/toode\/kasvihuonehylly-bruno-vihrea-120x40-cm\/#breadcrumb"},"inLanguage":"fi","potentialAction":[{"@type":"ReadAction","target":["https:\/\/rodoaed.ee\/fi\/toode\/kasvihuonehylly-bruno-vihrea-120x40-cm\/"]}]},{"@type":"ImageObject","inLanguage":"fi","@id":"https:\/\/rodoaed.ee\/fi\/toode\/kasvihuonehylly-bruno-vihrea-120x40-cm\/#primaryimage","url":"https:\/\/rodoaed.ee\/wp-content\/uploads\/2019\/08\/kasvuhoone-riiul-Bruno_02-scaled.jpg","contentUrl":"https:\/\/rodoaed.ee\/wp-content\/uploads\/2019\/08\/kasvuhoone-riiul-Bruno_02-scaled.jpg","width":4052,"height":3319},{"@type":"BreadcrumbList","@id":"https:\/\/rodoaed.ee\/fi\/toode\/kasvihuonehylly-bruno-vihrea-120x40-cm\/#breadcrumb","itemListElement":[{"@type":"ListItem","position":1,"name":"Home","item":"https:\/\/rodoaed.ee\/fi\/"},{"@type":"ListItem","position":2,"name":"Osta osoitteessa","item":"https:\/\/rodoaed.ee\/osta-osoitteessa\/"},{"@type":"ListItem","position":3,"name":"Kasvihuonehylly Bruno, vihre\u00e4 120\u00d740 cm."}]},{"@type":"WebSite","@id":"https:\/\/rodoaed.ee\/#website","url":"https:\/\/rodoaed.ee\/","name":"Rodoaed","description":"","publisher":{"@id":"https:\/\/rodoaed.ee\/#organization"},"potentialAction":[{"@type":"SearchAction","target":{"@type":"EntryPoint","urlTemplate":"https:\/\/rodoaed.ee\/?s={search_term_string}"},"query-input":{"@type":"PropertyValueSpecification","valueRequired":true,"valueName":"search_term_string"}}],"inLanguage":"fi"},{"@type":"Organization","@id":"https:\/\/rodoaed.ee\/#organization","name":"Rodoaed","url":"https:\/\/rodoaed.ee\/","logo":{"@type":"ImageObject","inLanguage":"fi","@id":"https:\/\/rodoaed.ee\/#\/schema\/logo\/image\/","url":"https:\/\/rodoaed.ee\/wp-content\/uploads\/2019\/11\/rodoaed-logo-ilma-taustata.jpg","contentUrl":"https:\/\/rodoaed.ee\/wp-content\/uploads\/2019\/11\/rodoaed-logo-ilma-taustata.jpg","width":769,"height":268,"caption":"Rodoaed"},"image":{"@id":"https:\/\/rodoaed.ee\/#\/schema\/logo\/image\/"},"sameAs":["https:\/\/www.facebook.com\/kasvuhooned\/","https:\/\/rodoaed.ee"]}]}},"_links":{"self":[{"href":"https:\/\/rodoaed.ee\/fi\/wp-json\/wp\/v2\/product\/53711","targetHints":{"allow":["GET"]}}],"collection":[{"href":"https:\/\/rodoaed.ee\/fi\/wp-json\/wp\/v2\/product"}],"about":[{"href":"https:\/\/rodoaed.ee\/fi\/wp-json\/wp\/v2\/types\/product"}],"wp:featuredmedia":[{"embeddable":true,"href":"https:\/\/rodoaed.ee\/fi\/wp-json\/wp\/v2\/media\/26392"}],"wp:attachment":[{"href":"https:\/\/rodoaed.ee\/fi\/wp-json\/wp\/v2\/media?parent=53711"}],"wp:term":[{"taxonomy":"product_brand","embeddable":true,"href":"https:\/\/rodoaed.ee\/fi\/wp-json\/wp\/v2\/product_brand?post=53711"},{"taxonomy":"product_cat","embeddable":true,"href":"https:\/\/rodoaed.ee\/fi\/wp-json\/wp\/v2\/product_cat?post=53711"},{"taxonomy":"product_tag","embeddable":true,"href":"https:\/\/rodoaed.ee\/fi\/wp-json\/wp\/v2\/product_tag?post=53711"}],"curies":[{"name":"wp","href":"https:\/\/api.w.org\/{rel}","templated":true}]}}