{"id":53714,"date":"2019-08-02T12:41:47","date_gmt":"2019-08-02T09:41:47","guid":{"rendered":"https:\/\/rodoaed.ee\/toode\/erikoiskiinnityspultit-ja-mutterit-2020kpl\/"},"modified":"2026-04-13T11:10:34","modified_gmt":"2026-04-13T08:10:34","slug":"erikoiskiinnityspultit-ja-mutterit-2020kpl","status":"publish","type":"product","link":"https:\/\/rodoaed.ee\/fi\/tuote\/erikoiskiinnityspultit-ja-mutterit-2020kpl\/","title":{"rendered":"Erikoiskiinnityspultit ja mutterit, 20+20kpl"},"content":{"rendered":"<h3>K\u00e4tev\u00e4 erikoiskiinnityspultti, jota voidaan k\u00e4ytt\u00e4\u00e4 sein\u00e4rasioiden, termostaattien ja erilaisten kiinnikkeiden ja putkien kiinnitt\u00e4miseen kasvien sitomiseksi kasvihuoneen profiiliin. Valot ja tuulettimet jne. voidaan ripustaa kattoon. <\/h3>\n<h4><strong>Pakkaus 20+20 ruostumattomasta ter\u00e4ksest\u00e4 valmistettua pulttia ja mutteria<\/strong><\/h4>\n<p>T\u00e4ll\u00e4 viistetyll\u00e4 pultilla voit kiinnitt\u00e4\u00e4 ja ripustaa k\u00e4yt\u00e4nn\u00f6ss\u00e4 mit\u00e4 tahansa Euro-Serre-, Juliana- ja muiden urakehyksisten kasvihuoneiden seiniin ja kattoihin. Koska pultit ovat ruostumatonta ter\u00e4st\u00e4, ne kest\u00e4v\u00e4t eritt\u00e4in suuria kuormituksia. Voit esimerkiksi ripustaa yli 10 kg painavia natriumvalaisimia kasvihuoneen katosta n\u00e4iden pulttien avulla. Tietenkin on otettava huomioon itse kasvihuoneen rakenteen lujuus, eli vain belgialaiset Euro-Serre-kasvihuonekehykset kest\u00e4v\u00e4t hyvin suuria kuormia. Muilta valmistajilta on kysytt\u00e4v\u00e4, kuinka suuren kuorman ne kest\u00e4v\u00e4t.    <\/p>\n<p><a href=\"https:\/\/rodoaed.ee\/fi\/\">kotisivu<\/a> <a href=\"https:\/\/rodoaed.ee\/tootekategooria\/kasvuhooned-ja-talveaiad\/\">k\u00e4ynnist\u00e4<\/a> <a href=\"https:\/\/rodoaed.ee\/fi\/tootekategooria\/kasvihuoneen-tarvikkeet\/\">tarvikkeet<\/a> <a href=\"https:\/\/rodoaed.ee\/fi\/tootekategooria\/kasvihuoneen-tarvikkeet\/kasvihuoneen-tarvikkeet-2\/\">tarvikkeet<\/a><\/p>\n<div>\n<div><\/div>\n<\/div>\n","protected":false},"excerpt":{"rendered":"<p>K\u00e4tev\u00e4 erikoiskiinnityspultti, jota voidaan k\u00e4ytt\u00e4\u00e4 sein\u00e4rasioiden, termostaattien ja erilaisten kiinnikkeiden ja putkien kiinnitt\u00e4miseen kasvien sitomiseksi kasvihuoneen profiiliin. Valot ja tuulettimet jne. voidaan ripustaa kattoon. Pakkaus 20+20 ruostumattomasta ter\u00e4ksest\u00e4 valmistettua pulttia ja mutteria T\u00e4ll\u00e4 viistetyll\u00e4 pultilla voit kiinnitt\u00e4\u00e4 ja ripustaa k\u00e4yt\u00e4nn\u00f6ss\u00e4 mit\u00e4 tahansa Euro-Serre-, Juliana- ja muiden urakehyksisten kasvihuoneiden seiniin ja kattoihin. Koska pultit ovat ruostumatonta ter\u00e4st\u00e4, ne kest\u00e4v\u00e4t eritt\u00e4in suuria kuormituksia. Voit esimerkiksi ripustaa yli&#8230;<\/p>\n","protected":false},"featured_media":21530,"template":"","meta":{"_acf_changed":false},"product_brand":[],"product_cat":[2276,1869],"product_tag":[],"class_list":{"0":"post-53714","1":"product","2":"type-product","3":"status-publish","4":"has-post-thumbnail","6":"product_cat-kasvihuoneen-tarvikkeet-2","7":"product_cat-kasvihuoneen-tarvikkeet","8":"product_shipping_class-toimitus-1-3-tyopaivan-kuluessa","9":"pa_variatsioon-erikoiskiinnityspultit-ja-mutterit-2020kpl","11":"first","12":"instock","13":"sale","14":"taxable","15":"shipping-taxable","16":"purchasable","17":"product-type-simple"},"acf":[],"yoast_head":"<!-- This site is optimized with the Yoast SEO Premium plugin v27.3 (Yoast SEO v27.3) - https:\/\/yoast.com\/product\/yoast-seo-premium-wordpress\/ -->\n<title>Erikoiskiinnityspultit ja mutterit, 20+20kpl - Rodoaed<\/title>\n<meta name=\"description\" content=\"K\u00e4tev\u00e4 erikoiskiinnityspultti, jota voidaan k\u00e4ytt\u00e4\u00e4 hyllyjen, puhaltimien, valaisimien ja putkien kiinnitt\u00e4miseen kasvien sitomiseksi kasvihuoneen profiiliin. Kaikki mit\u00e4 tarvitset.\" \/>\n<meta name=\"robots\" content=\"index, follow, max-snippet:-1, max-image-preview:large, max-video-preview:-1\" \/>\n<link rel=\"canonical\" href=\"https:\/\/rodoaed.ee\/fi\/toode\/erikoiskiinnityspultit-ja-mutterit-2020kpl\/\" \/>\n<meta property=\"og:locale\" content=\"fi_FI\" \/>\n<meta property=\"og:type\" content=\"article\" \/>\n<meta property=\"og:title\" content=\"Erikoiskiinnityspultit ja mutterit, 20+20kpl\" \/>\n<meta property=\"og:description\" content=\"K\u00e4tev\u00e4 erikoiskiinnityspultti, jota voidaan k\u00e4ytt\u00e4\u00e4 sein\u00e4rasioiden, termostaattien ja erilaisten kiinnikkeiden ja putkien kiinnitt\u00e4miseen kasvien\" \/>\n<meta property=\"og:url\" content=\"https:\/\/rodoaed.ee\/fi\/toode\/erikoiskiinnityspultit-ja-mutterit-2020kpl\/\" \/>\n<meta property=\"og:site_name\" content=\"Rodoaed\" \/>\n<meta property=\"article:publisher\" content=\"https:\/\/www.facebook.com\/kasvuhooned\/\" \/>\n<meta property=\"article:modified_time\" content=\"2026-04-13T08:10:34+00:00\" \/>\n<meta property=\"og:image\" content=\"https:\/\/rodoaed.ee\/wp-content\/uploads\/2019\/07\/kinnituskruvid.jpg\" \/>\n\t<meta property=\"og:image:width\" content=\"250\" \/>\n\t<meta property=\"og:image:height\" content=\"250\" \/>\n\t<meta property=\"og:image:type\" content=\"image\/jpeg\" \/>\n<meta name=\"twitter:card\" content=\"summary_large_image\" \/>\n<meta name=\"twitter:label1\" content=\"Arvioitu lukuaika\" \/>\n\t<meta name=\"twitter:data1\" content=\"1 minuutti\" \/>\n<script type=\"application\/ld+json\" class=\"yoast-schema-graph\">{\"@context\":\"https:\\\/\\\/schema.org\",\"@graph\":[{\"@type\":\"WebPage\",\"@id\":\"https:\\\/\\\/rodoaed.ee\\\/fi\\\/toode\\\/erikoiskiinnityspultit-ja-mutterit-2020kpl\\\/\",\"url\":\"https:\\\/\\\/rodoaed.ee\\\/fi\\\/toode\\\/erikoiskiinnityspultit-ja-mutterit-2020kpl\\\/\",\"name\":\"Erikoiskiinnityspultit ja mutterit, 20+20kpl - Rodoaed\",\"isPartOf\":{\"@id\":\"https:\\\/\\\/rodoaed.ee\\\/#website\"},\"primaryImageOfPage\":{\"@id\":\"https:\\\/\\\/rodoaed.ee\\\/fi\\\/toode\\\/erikoiskiinnityspultit-ja-mutterit-2020kpl\\\/#primaryimage\"},\"image\":{\"@id\":\"https:\\\/\\\/rodoaed.ee\\\/fi\\\/toode\\\/erikoiskiinnityspultit-ja-mutterit-2020kpl\\\/#primaryimage\"},\"thumbnailUrl\":\"https:\\\/\\\/rodoaed.ee\\\/wp-content\\\/uploads\\\/2019\\\/07\\\/kinnituskruvid.jpg\",\"datePublished\":\"2019-08-02T09:41:47+00:00\",\"dateModified\":\"2026-04-13T08:10:34+00:00\",\"description\":\"K\u00e4tev\u00e4 erikoiskiinnityspultti, jota voidaan k\u00e4ytt\u00e4\u00e4 hyllyjen, puhaltimien, valaisimien ja putkien kiinnitt\u00e4miseen kasvien sitomiseksi kasvihuoneen profiiliin. Kaikki mit\u00e4 tarvitset.\",\"breadcrumb\":{\"@id\":\"https:\\\/\\\/rodoaed.ee\\\/fi\\\/toode\\\/erikoiskiinnityspultit-ja-mutterit-2020kpl\\\/#breadcrumb\"},\"inLanguage\":\"fi\",\"potentialAction\":[{\"@type\":\"ReadAction\",\"target\":[\"https:\\\/\\\/rodoaed.ee\\\/fi\\\/toode\\\/erikoiskiinnityspultit-ja-mutterit-2020kpl\\\/\"]}]},{\"@type\":\"ImageObject\",\"inLanguage\":\"fi\",\"@id\":\"https:\\\/\\\/rodoaed.ee\\\/fi\\\/toode\\\/erikoiskiinnityspultit-ja-mutterit-2020kpl\\\/#primaryimage\",\"url\":\"https:\\\/\\\/rodoaed.ee\\\/wp-content\\\/uploads\\\/2019\\\/07\\\/kinnituskruvid.jpg\",\"contentUrl\":\"https:\\\/\\\/rodoaed.ee\\\/wp-content\\\/uploads\\\/2019\\\/07\\\/kinnituskruvid.jpg\",\"width\":250,\"height\":250},{\"@type\":\"BreadcrumbList\",\"@id\":\"https:\\\/\\\/rodoaed.ee\\\/fi\\\/toode\\\/erikoiskiinnityspultit-ja-mutterit-2020kpl\\\/#breadcrumb\",\"itemListElement\":[{\"@type\":\"ListItem\",\"position\":1,\"name\":\"Home\",\"item\":\"https:\\\/\\\/rodoaed.ee\\\/fi\\\/\"},{\"@type\":\"ListItem\",\"position\":2,\"name\":\"Osta osoitteessa\",\"item\":\"https:\\\/\\\/rodoaed.ee\\\/osta-osoitteessa\\\/\"},{\"@type\":\"ListItem\",\"position\":3,\"name\":\"Erikoiskiinnityspultit ja mutterit, 20+20kpl\"}]},{\"@type\":\"WebSite\",\"@id\":\"https:\\\/\\\/rodoaed.ee\\\/#website\",\"url\":\"https:\\\/\\\/rodoaed.ee\\\/\",\"name\":\"Rodoaed\",\"description\":\"\",\"publisher\":{\"@id\":\"https:\\\/\\\/rodoaed.ee\\\/#organization\"},\"potentialAction\":[{\"@type\":\"SearchAction\",\"target\":{\"@type\":\"EntryPoint\",\"urlTemplate\":\"https:\\\/\\\/rodoaed.ee\\\/?s={search_term_string}\"},\"query-input\":{\"@type\":\"PropertyValueSpecification\",\"valueRequired\":true,\"valueName\":\"search_term_string\"}}],\"inLanguage\":\"fi\"},{\"@type\":\"Organization\",\"@id\":\"https:\\\/\\\/rodoaed.ee\\\/#organization\",\"name\":\"Rodoaed\",\"url\":\"https:\\\/\\\/rodoaed.ee\\\/\",\"logo\":{\"@type\":\"ImageObject\",\"inLanguage\":\"fi\",\"@id\":\"https:\\\/\\\/rodoaed.ee\\\/#\\\/schema\\\/logo\\\/image\\\/\",\"url\":\"https:\\\/\\\/rodoaed.ee\\\/wp-content\\\/uploads\\\/2019\\\/11\\\/rodoaed-logo-ilma-taustata.jpg\",\"contentUrl\":\"https:\\\/\\\/rodoaed.ee\\\/wp-content\\\/uploads\\\/2019\\\/11\\\/rodoaed-logo-ilma-taustata.jpg\",\"width\":769,\"height\":268,\"caption\":\"Rodoaed\"},\"image\":{\"@id\":\"https:\\\/\\\/rodoaed.ee\\\/#\\\/schema\\\/logo\\\/image\\\/\"},\"sameAs\":[\"https:\\\/\\\/www.facebook.com\\\/kasvuhooned\\\/\",\"https:\\\/\\\/rodoaed.ee\"]}]}<\/script>\n<!-- \/ Yoast SEO Premium plugin. -->","yoast_head_json":{"title":"Erikoiskiinnityspultit ja mutterit, 20+20kpl - Rodoaed","description":"K\u00e4tev\u00e4 erikoiskiinnityspultti, jota voidaan k\u00e4ytt\u00e4\u00e4 hyllyjen, puhaltimien, valaisimien ja putkien kiinnitt\u00e4miseen kasvien sitomiseksi kasvihuoneen profiiliin. Kaikki mit\u00e4 tarvitset.","robots":{"index":"index","follow":"follow","max-snippet":"max-snippet:-1","max-image-preview":"max-image-preview:large","max-video-preview":"max-video-preview:-1"},"canonical":"https:\/\/rodoaed.ee\/fi\/toode\/erikoiskiinnityspultit-ja-mutterit-2020kpl\/","og_locale":"fi_FI","og_type":"article","og_title":"Erikoiskiinnityspultit ja mutterit, 20+20kpl","og_description":"K\u00e4tev\u00e4 erikoiskiinnityspultti, jota voidaan k\u00e4ytt\u00e4\u00e4 sein\u00e4rasioiden, termostaattien ja erilaisten kiinnikkeiden ja putkien kiinnitt\u00e4miseen kasvien","og_url":"https:\/\/rodoaed.ee\/fi\/toode\/erikoiskiinnityspultit-ja-mutterit-2020kpl\/","og_site_name":"Rodoaed","article_publisher":"https:\/\/www.facebook.com\/kasvuhooned\/","article_modified_time":"2026-04-13T08:10:34+00:00","og_image":[{"width":250,"height":250,"url":"https:\/\/rodoaed.ee\/wp-content\/uploads\/2019\/07\/kinnituskruvid.jpg","type":"image\/jpeg"}],"twitter_card":"summary_large_image","twitter_misc":{"Arvioitu lukuaika":"1 minuutti"},"schema":{"@context":"https:\/\/schema.org","@graph":[{"@type":"WebPage","@id":"https:\/\/rodoaed.ee\/fi\/toode\/erikoiskiinnityspultit-ja-mutterit-2020kpl\/","url":"https:\/\/rodoaed.ee\/fi\/toode\/erikoiskiinnityspultit-ja-mutterit-2020kpl\/","name":"Erikoiskiinnityspultit ja mutterit, 20+20kpl - Rodoaed","isPartOf":{"@id":"https:\/\/rodoaed.ee\/#website"},"primaryImageOfPage":{"@id":"https:\/\/rodoaed.ee\/fi\/toode\/erikoiskiinnityspultit-ja-mutterit-2020kpl\/#primaryimage"},"image":{"@id":"https:\/\/rodoaed.ee\/fi\/toode\/erikoiskiinnityspultit-ja-mutterit-2020kpl\/#primaryimage"},"thumbnailUrl":"https:\/\/rodoaed.ee\/wp-content\/uploads\/2019\/07\/kinnituskruvid.jpg","datePublished":"2019-08-02T09:41:47+00:00","dateModified":"2026-04-13T08:10:34+00:00","description":"K\u00e4tev\u00e4 erikoiskiinnityspultti, jota voidaan k\u00e4ytt\u00e4\u00e4 hyllyjen, puhaltimien, valaisimien ja putkien kiinnitt\u00e4miseen kasvien sitomiseksi kasvihuoneen profiiliin. Kaikki mit\u00e4 tarvitset.","breadcrumb":{"@id":"https:\/\/rodoaed.ee\/fi\/toode\/erikoiskiinnityspultit-ja-mutterit-2020kpl\/#breadcrumb"},"inLanguage":"fi","potentialAction":[{"@type":"ReadAction","target":["https:\/\/rodoaed.ee\/fi\/toode\/erikoiskiinnityspultit-ja-mutterit-2020kpl\/"]}]},{"@type":"ImageObject","inLanguage":"fi","@id":"https:\/\/rodoaed.ee\/fi\/toode\/erikoiskiinnityspultit-ja-mutterit-2020kpl\/#primaryimage","url":"https:\/\/rodoaed.ee\/wp-content\/uploads\/2019\/07\/kinnituskruvid.jpg","contentUrl":"https:\/\/rodoaed.ee\/wp-content\/uploads\/2019\/07\/kinnituskruvid.jpg","width":250,"height":250},{"@type":"BreadcrumbList","@id":"https:\/\/rodoaed.ee\/fi\/toode\/erikoiskiinnityspultit-ja-mutterit-2020kpl\/#breadcrumb","itemListElement":[{"@type":"ListItem","position":1,"name":"Home","item":"https:\/\/rodoaed.ee\/fi\/"},{"@type":"ListItem","position":2,"name":"Osta osoitteessa","item":"https:\/\/rodoaed.ee\/osta-osoitteessa\/"},{"@type":"ListItem","position":3,"name":"Erikoiskiinnityspultit ja mutterit, 20+20kpl"}]},{"@type":"WebSite","@id":"https:\/\/rodoaed.ee\/#website","url":"https:\/\/rodoaed.ee\/","name":"Rodoaed","description":"","publisher":{"@id":"https:\/\/rodoaed.ee\/#organization"},"potentialAction":[{"@type":"SearchAction","target":{"@type":"EntryPoint","urlTemplate":"https:\/\/rodoaed.ee\/?s={search_term_string}"},"query-input":{"@type":"PropertyValueSpecification","valueRequired":true,"valueName":"search_term_string"}}],"inLanguage":"fi"},{"@type":"Organization","@id":"https:\/\/rodoaed.ee\/#organization","name":"Rodoaed","url":"https:\/\/rodoaed.ee\/","logo":{"@type":"ImageObject","inLanguage":"fi","@id":"https:\/\/rodoaed.ee\/#\/schema\/logo\/image\/","url":"https:\/\/rodoaed.ee\/wp-content\/uploads\/2019\/11\/rodoaed-logo-ilma-taustata.jpg","contentUrl":"https:\/\/rodoaed.ee\/wp-content\/uploads\/2019\/11\/rodoaed-logo-ilma-taustata.jpg","width":769,"height":268,"caption":"Rodoaed"},"image":{"@id":"https:\/\/rodoaed.ee\/#\/schema\/logo\/image\/"},"sameAs":["https:\/\/www.facebook.com\/kasvuhooned\/","https:\/\/rodoaed.ee"]}]}},"_links":{"self":[{"href":"https:\/\/rodoaed.ee\/fi\/wp-json\/wp\/v2\/product\/53714","targetHints":{"allow":["GET"]}}],"collection":[{"href":"https:\/\/rodoaed.ee\/fi\/wp-json\/wp\/v2\/product"}],"about":[{"href":"https:\/\/rodoaed.ee\/fi\/wp-json\/wp\/v2\/types\/product"}],"wp:featuredmedia":[{"embeddable":true,"href":"https:\/\/rodoaed.ee\/fi\/wp-json\/wp\/v2\/media\/21530"}],"wp:attachment":[{"href":"https:\/\/rodoaed.ee\/fi\/wp-json\/wp\/v2\/media?parent=53714"}],"wp:term":[{"taxonomy":"product_brand","embeddable":true,"href":"https:\/\/rodoaed.ee\/fi\/wp-json\/wp\/v2\/product_brand?post=53714"},{"taxonomy":"product_cat","embeddable":true,"href":"https:\/\/rodoaed.ee\/fi\/wp-json\/wp\/v2\/product_cat?post=53714"},{"taxonomy":"product_tag","embeddable":true,"href":"https:\/\/rodoaed.ee\/fi\/wp-json\/wp\/v2\/product_tag?post=53714"}],"curies":[{"name":"wp","href":"https:\/\/api.w.org\/{rel}","templated":true}]}}