{"id":53726,"date":"2019-08-02T12:46:04","date_gmt":"2019-08-02T09:46:04","guid":{"rendered":"https:\/\/rodoaed.ee\/toode\/digitaalinen-kosteusmittari-blumat-digital\/"},"modified":"2026-04-13T11:10:49","modified_gmt":"2026-04-13T08:10:49","slug":"digitaalinen-kosteusmittari-blumat-digital","status":"publish","type":"product","link":"https:\/\/rodoaed.ee\/fi\/tuote\/digitaalinen-kosteusmittari-blumat-digital\/","title":{"rendered":"Digitaalinen kosteusmittari &#8211; Blumat digital"},"content":{"rendered":"<p><strong>Blumatin digitaalinen kosteusmittari on loistavan yksinkertainen ja luotettava anturi maaper\u00e4n kosteuden mittaamiseen. Auttaa tekem\u00e4\u00e4n oikeita p\u00e4\u00e4t\u00f6ksi\u00e4 kasteluohjelmien muuttamiseksi, erityisesti suuremmissa ruukuissa, ulkokontissa ja maahan istutetuissa ruukuissa. My\u00f6s konservatorioissa ja kasvitieteellisiss\u00e4 puutarhoissa, joissa istutetaan suuria kasveja maaper\u00e4\u00e4n ja joissa todellista kosteusj\u00e4rjestelm\u00e4\u00e4 on vaikea m\u00e4\u00e4ritt\u00e4\u00e4.  <\/strong><\/p>\n<p>Ruukkujen kosteutta on hyvin vaikea arvioida oikein vain koskettamalla maan pintakerrosta. Ruukun pohjalla oleva multa voi olla viel\u00e4 hyvin kosteaa, vaikka ruukun pinta on jo t\u00e4ysin kuiva. Liiallinen kastelu tappaa aina enemm\u00e4n kasveja kuin kuivuus, varsinkin jos t\u00e4m\u00e4 tehd\u00e4\u00e4n pintapuolisen arvioinnin perusteella. Vaikka kasvi ei kuolisi ylikastelun vuoksi, se joutuu kuitenkin kest\u00e4m\u00e4\u00e4n paljon stressi\u00e4, koska sit\u00e4 kastellaan jatkuvasti v\u00e4\u00e4r\u00e4ll\u00e4 nopeudella.   <\/p>\n<p>Anturin tensiometri mittaa kosteuden tasoa voimalla, joka on samanlainen kuin kasvin juurien k\u00e4ytt\u00e4m\u00e4 voima, jolla ne imev\u00e4t kosteutta maaper\u00e4st\u00e4. T\u00e4m\u00e4 voima, joka mitataan mbar-yksik\u00f6iss\u00e4 alipaineena, n\u00e4ytet\u00e4\u00e4n kosteustasojen vaihteluv\u00e4lin\u00e4: korkea = kuiva, matala = kostea. Kosteusmittausalue on 10-750 mbar, kun taas normaalit kosteusmittaustulokset ovat noin 100-300 mbar v\u00e4lill\u00e4. Anturi pystyy mittaamaan kosteuden kaikissa maalajeissa sek\u00e4 turpeessa ja rakeisissa maalajeissa.   <\/p>\n<p>Anturin pituus on 24 cm ja suurin k\u00e4ytt\u00f6syvyys 18 cm.<\/p>\n<p>Mukana on kosteusanturi, jossa on anturivarsi.<\/p>\n<h2>Lyhyesti digitaalisen kosteusanturin asennuksesta ja k\u00e4yt\u00f6st\u00e4<\/h2>\n<p>Blumat Digital -kosteusanturi on t\u00e4ytett\u00e4v\u00e4 vedell\u00e4 ennen k\u00e4ytt\u00f6\u00e4. Ruuvaa anturin korkki irti, t\u00e4yt\u00e4 se vedell\u00e4 hanan alla ja aseta korkki takaisin paikalleen. <\/p>\n<p>Ty\u00f6nn\u00e4 seuraavaksi kosteusanturi kasviruukun multaan niin syv\u00e4lle kuin mahdollista tai anturin korkin kaulaan asti.<\/p>\n<p>&nbsp;<\/p>\n<p>Kosteusanturi N\u00e4ytt\u00e4\u00e4ksesi Blumat Digital -lukeman, paina jog-painiketta lyhyesti, jolloin anturi n\u00e4ytt\u00e4\u00e4 maaper\u00e4n hetkellisen kosteuslukeman. T\u00e4m\u00e4n j\u00e4lkeen kosteus mitataan anturin keraamisen kartion alta, joten voit tiet\u00e4\u00e4, mik\u00e4 on todellinen kosteus esimerkiksi ruukun sis\u00e4ll\u00e4. Mit\u00e4 korkeampi luku, sit\u00e4 kuivempi multa, mit\u00e4 pienempi, sit\u00e4 kosteampi.  <\/p>\n<p>Kun olet kokeillut kosteusmittaria ja tottunut siihen, et halua kastella kasveja liikaa tunneittain. N\u00e4in sanovat kaikki k\u00e4ytt\u00e4j\u00e4t, jotka ovat ottaneet t\u00e4m\u00e4n ty\u00f6kalun k\u00e4ytt\u00f6\u00f6n. Kokeile sit\u00e4.  <\/p>\n<p>&nbsp;<\/p>\n<p><a href=\"https:\/\/rodoaed.ee\/fi\/\">kotisivu<\/a> <a href=\"https:\/\/rodoaed.ee\/tootekategooria\/kasvuhooned-ja-talveaiad\/\">k\u00e4ynnist\u00e4<\/a> <a href=\"https:\/\/rodoaed.ee\/fi\/tootekategooria\/kasvihuoneen-tarvikkeet\/\">tarvikkeet<\/a> <a href=\"https:\/\/rodoaed.ee\/fi\/tootekategooria\/kasvihuoneen-tarvikkeet\/kasvihuoneen-kastelu\/\">kastelu<\/a> <a href=\"https:\/\/rodoaed.ee\/?post_type=product&#038;p=22828\">suuri Blumat<\/a><\/p>\n<p>&nbsp;<\/p>\n","protected":false},"excerpt":{"rendered":"<p>Blumatin digitaalinen kosteusmittari on loistavan yksinkertainen ja luotettava anturi maaper\u00e4n kosteuden mittaamiseen. Auttaa tekem\u00e4\u00e4n oikeita p\u00e4\u00e4t\u00f6ksi\u00e4 kasteluohjelmien muuttamiseksi, erityisesti suuremmissa ruukuissa, ulkokontissa ja maahan istutetuissa ruukuissa. My\u00f6s konservatorioissa ja kasvitieteellisiss\u00e4 puutarhoissa, joissa istutetaan suuria kasveja maaper\u00e4\u00e4n ja joissa todellista kosteusj\u00e4rjestelm\u00e4\u00e4 on vaikea m\u00e4\u00e4ritt\u00e4\u00e4. Ruukkujen kosteutta on hyvin vaikea arvioida oikein vain koskettamalla maan pintakerrosta. Ruukun pohjalla oleva multa voi olla viel\u00e4 hyvin kosteaa, vaikka ruukun&#8230;<\/p>\n","protected":false},"featured_media":28783,"template":"","meta":{"_acf_changed":false},"product_brand":[],"product_cat":[1989,2224,1866,1984,1987,1869],"product_tag":[],"class_list":{"0":"post-53726","1":"product","2":"type-product","3":"status-publish","4":"has-post-thumbnail","6":"product_cat-automaattiset-kastelujarjestelmat-joissa-on-keraamiset-anturit","7":"product_cat-hienojen-kasvien-ja-pensaiden-kastelu","8":"product_cat-huonekasvien-ja-ikkunalaatikoiden-kastelu","9":"product_cat-kastijarjestelmat","10":"product_cat-kasvihuoneen-kastelu","11":"product_cat-kasvihuoneen-tarvikkeet","12":"product_shipping_class-toimitus-1-3-tyopaivan-kuluessa","13":"pa_variatsioon-digitaalinen-kosteusmittari-blumat-digital","15":"first","16":"instock","17":"sale","18":"taxable","19":"shipping-taxable","20":"purchasable","21":"product-type-simple"},"acf":[],"yoast_head":"<!-- This site is optimized with the Yoast SEO Premium plugin v27.3 (Yoast SEO v27.3) - https:\/\/yoast.com\/product\/yoast-seo-premium-wordpress\/ -->\n<title>Digitaalinen kosteusmittari - Blumat digital - Rodoaed<\/title>\n<meta name=\"robots\" content=\"index, follow, max-snippet:-1, max-image-preview:large, max-video-preview:-1\" \/>\n<link rel=\"canonical\" href=\"https:\/\/rodoaed.ee\/fi\/toode\/digitaalinen-kosteusmittari-blumat-digital\/\" \/>\n<meta property=\"og:locale\" content=\"fi_FI\" \/>\n<meta property=\"og:type\" content=\"article\" \/>\n<meta property=\"og:title\" content=\"Digitaalinen kosteusmittari - Blumat digital\" \/>\n<meta property=\"og:description\" content=\"Blumatin digitaalinen kosteusmittari on loistavan yksinkertainen ja luotettava anturi maaper\u00e4n kosteuden mittaamiseen. Auttaa tekem\u00e4\u00e4n oikeita p\u00e4\u00e4t\u00f6ksi\u00e4\" \/>\n<meta property=\"og:url\" content=\"https:\/\/rodoaed.ee\/fi\/toode\/digitaalinen-kosteusmittari-blumat-digital\/\" \/>\n<meta property=\"og:site_name\" content=\"Rodoaed\" \/>\n<meta property=\"article:publisher\" content=\"https:\/\/www.facebook.com\/kasvuhooned\/\" \/>\n<meta property=\"article:modified_time\" content=\"2026-04-13T08:10:49+00:00\" \/>\n<meta property=\"og:image\" content=\"https:\/\/rodoaed.ee\/wp-content\/uploads\/2019\/08\/Blumat-digital_01.png\" \/>\n\t<meta property=\"og:image:width\" content=\"706\" \/>\n\t<meta property=\"og:image:height\" content=\"1418\" \/>\n\t<meta property=\"og:image:type\" content=\"image\/png\" \/>\n<meta name=\"twitter:card\" content=\"summary_large_image\" \/>\n<meta name=\"twitter:label1\" content=\"Arvioitu lukuaika\" \/>\n\t<meta name=\"twitter:data1\" content=\"2 minuuttia\" \/>\n<script type=\"application\/ld+json\" class=\"yoast-schema-graph\">{\"@context\":\"https:\\\/\\\/schema.org\",\"@graph\":[{\"@type\":\"WebPage\",\"@id\":\"https:\\\/\\\/rodoaed.ee\\\/fi\\\/toode\\\/digitaalinen-kosteusmittari-blumat-digital\\\/\",\"url\":\"https:\\\/\\\/rodoaed.ee\\\/fi\\\/toode\\\/digitaalinen-kosteusmittari-blumat-digital\\\/\",\"name\":\"Digitaalinen kosteusmittari - Blumat digital - Rodoaed\",\"isPartOf\":{\"@id\":\"https:\\\/\\\/rodoaed.ee\\\/#website\"},\"primaryImageOfPage\":{\"@id\":\"https:\\\/\\\/rodoaed.ee\\\/fi\\\/toode\\\/digitaalinen-kosteusmittari-blumat-digital\\\/#primaryimage\"},\"image\":{\"@id\":\"https:\\\/\\\/rodoaed.ee\\\/fi\\\/toode\\\/digitaalinen-kosteusmittari-blumat-digital\\\/#primaryimage\"},\"thumbnailUrl\":\"https:\\\/\\\/rodoaed.ee\\\/wp-content\\\/uploads\\\/2019\\\/08\\\/Blumat-digital_01.png\",\"datePublished\":\"2019-08-02T09:46:04+00:00\",\"dateModified\":\"2026-04-13T08:10:49+00:00\",\"breadcrumb\":{\"@id\":\"https:\\\/\\\/rodoaed.ee\\\/fi\\\/toode\\\/digitaalinen-kosteusmittari-blumat-digital\\\/#breadcrumb\"},\"inLanguage\":\"fi\",\"potentialAction\":[{\"@type\":\"ReadAction\",\"target\":[\"https:\\\/\\\/rodoaed.ee\\\/fi\\\/toode\\\/digitaalinen-kosteusmittari-blumat-digital\\\/\"]}]},{\"@type\":\"ImageObject\",\"inLanguage\":\"fi\",\"@id\":\"https:\\\/\\\/rodoaed.ee\\\/fi\\\/toode\\\/digitaalinen-kosteusmittari-blumat-digital\\\/#primaryimage\",\"url\":\"https:\\\/\\\/rodoaed.ee\\\/wp-content\\\/uploads\\\/2019\\\/08\\\/Blumat-digital_01.png\",\"contentUrl\":\"https:\\\/\\\/rodoaed.ee\\\/wp-content\\\/uploads\\\/2019\\\/08\\\/Blumat-digital_01.png\",\"width\":706,\"height\":1418},{\"@type\":\"BreadcrumbList\",\"@id\":\"https:\\\/\\\/rodoaed.ee\\\/fi\\\/toode\\\/digitaalinen-kosteusmittari-blumat-digital\\\/#breadcrumb\",\"itemListElement\":[{\"@type\":\"ListItem\",\"position\":1,\"name\":\"Home\",\"item\":\"https:\\\/\\\/rodoaed.ee\\\/fi\\\/\"},{\"@type\":\"ListItem\",\"position\":2,\"name\":\"Osta osoitteessa\",\"item\":\"https:\\\/\\\/rodoaed.ee\\\/osta-osoitteessa\\\/\"},{\"@type\":\"ListItem\",\"position\":3,\"name\":\"Digitaalinen kosteusmittari &#8211; Blumat digital\"}]},{\"@type\":\"WebSite\",\"@id\":\"https:\\\/\\\/rodoaed.ee\\\/#website\",\"url\":\"https:\\\/\\\/rodoaed.ee\\\/\",\"name\":\"Rodoaed\",\"description\":\"\",\"publisher\":{\"@id\":\"https:\\\/\\\/rodoaed.ee\\\/#organization\"},\"potentialAction\":[{\"@type\":\"SearchAction\",\"target\":{\"@type\":\"EntryPoint\",\"urlTemplate\":\"https:\\\/\\\/rodoaed.ee\\\/?s={search_term_string}\"},\"query-input\":{\"@type\":\"PropertyValueSpecification\",\"valueRequired\":true,\"valueName\":\"search_term_string\"}}],\"inLanguage\":\"fi\"},{\"@type\":\"Organization\",\"@id\":\"https:\\\/\\\/rodoaed.ee\\\/#organization\",\"name\":\"Rodoaed\",\"url\":\"https:\\\/\\\/rodoaed.ee\\\/\",\"logo\":{\"@type\":\"ImageObject\",\"inLanguage\":\"fi\",\"@id\":\"https:\\\/\\\/rodoaed.ee\\\/#\\\/schema\\\/logo\\\/image\\\/\",\"url\":\"https:\\\/\\\/rodoaed.ee\\\/wp-content\\\/uploads\\\/2019\\\/11\\\/rodoaed-logo-ilma-taustata.jpg\",\"contentUrl\":\"https:\\\/\\\/rodoaed.ee\\\/wp-content\\\/uploads\\\/2019\\\/11\\\/rodoaed-logo-ilma-taustata.jpg\",\"width\":769,\"height\":268,\"caption\":\"Rodoaed\"},\"image\":{\"@id\":\"https:\\\/\\\/rodoaed.ee\\\/#\\\/schema\\\/logo\\\/image\\\/\"},\"sameAs\":[\"https:\\\/\\\/www.facebook.com\\\/kasvuhooned\\\/\",\"https:\\\/\\\/rodoaed.ee\"]}]}<\/script>\n<!-- \/ Yoast SEO Premium plugin. -->","yoast_head_json":{"title":"Digitaalinen kosteusmittari - Blumat digital - Rodoaed","robots":{"index":"index","follow":"follow","max-snippet":"max-snippet:-1","max-image-preview":"max-image-preview:large","max-video-preview":"max-video-preview:-1"},"canonical":"https:\/\/rodoaed.ee\/fi\/toode\/digitaalinen-kosteusmittari-blumat-digital\/","og_locale":"fi_FI","og_type":"article","og_title":"Digitaalinen kosteusmittari - Blumat digital","og_description":"Blumatin digitaalinen kosteusmittari on loistavan yksinkertainen ja luotettava anturi maaper\u00e4n kosteuden mittaamiseen. Auttaa tekem\u00e4\u00e4n oikeita p\u00e4\u00e4t\u00f6ksi\u00e4","og_url":"https:\/\/rodoaed.ee\/fi\/toode\/digitaalinen-kosteusmittari-blumat-digital\/","og_site_name":"Rodoaed","article_publisher":"https:\/\/www.facebook.com\/kasvuhooned\/","article_modified_time":"2026-04-13T08:10:49+00:00","og_image":[{"width":706,"height":1418,"url":"https:\/\/rodoaed.ee\/wp-content\/uploads\/2019\/08\/Blumat-digital_01.png","type":"image\/png"}],"twitter_card":"summary_large_image","twitter_misc":{"Arvioitu lukuaika":"2 minuuttia"},"schema":{"@context":"https:\/\/schema.org","@graph":[{"@type":"WebPage","@id":"https:\/\/rodoaed.ee\/fi\/toode\/digitaalinen-kosteusmittari-blumat-digital\/","url":"https:\/\/rodoaed.ee\/fi\/toode\/digitaalinen-kosteusmittari-blumat-digital\/","name":"Digitaalinen kosteusmittari - Blumat digital - Rodoaed","isPartOf":{"@id":"https:\/\/rodoaed.ee\/#website"},"primaryImageOfPage":{"@id":"https:\/\/rodoaed.ee\/fi\/toode\/digitaalinen-kosteusmittari-blumat-digital\/#primaryimage"},"image":{"@id":"https:\/\/rodoaed.ee\/fi\/toode\/digitaalinen-kosteusmittari-blumat-digital\/#primaryimage"},"thumbnailUrl":"https:\/\/rodoaed.ee\/wp-content\/uploads\/2019\/08\/Blumat-digital_01.png","datePublished":"2019-08-02T09:46:04+00:00","dateModified":"2026-04-13T08:10:49+00:00","breadcrumb":{"@id":"https:\/\/rodoaed.ee\/fi\/toode\/digitaalinen-kosteusmittari-blumat-digital\/#breadcrumb"},"inLanguage":"fi","potentialAction":[{"@type":"ReadAction","target":["https:\/\/rodoaed.ee\/fi\/toode\/digitaalinen-kosteusmittari-blumat-digital\/"]}]},{"@type":"ImageObject","inLanguage":"fi","@id":"https:\/\/rodoaed.ee\/fi\/toode\/digitaalinen-kosteusmittari-blumat-digital\/#primaryimage","url":"https:\/\/rodoaed.ee\/wp-content\/uploads\/2019\/08\/Blumat-digital_01.png","contentUrl":"https:\/\/rodoaed.ee\/wp-content\/uploads\/2019\/08\/Blumat-digital_01.png","width":706,"height":1418},{"@type":"BreadcrumbList","@id":"https:\/\/rodoaed.ee\/fi\/toode\/digitaalinen-kosteusmittari-blumat-digital\/#breadcrumb","itemListElement":[{"@type":"ListItem","position":1,"name":"Home","item":"https:\/\/rodoaed.ee\/fi\/"},{"@type":"ListItem","position":2,"name":"Osta osoitteessa","item":"https:\/\/rodoaed.ee\/osta-osoitteessa\/"},{"@type":"ListItem","position":3,"name":"Digitaalinen kosteusmittari &#8211; Blumat digital"}]},{"@type":"WebSite","@id":"https:\/\/rodoaed.ee\/#website","url":"https:\/\/rodoaed.ee\/","name":"Rodoaed","description":"","publisher":{"@id":"https:\/\/rodoaed.ee\/#organization"},"potentialAction":[{"@type":"SearchAction","target":{"@type":"EntryPoint","urlTemplate":"https:\/\/rodoaed.ee\/?s={search_term_string}"},"query-input":{"@type":"PropertyValueSpecification","valueRequired":true,"valueName":"search_term_string"}}],"inLanguage":"fi"},{"@type":"Organization","@id":"https:\/\/rodoaed.ee\/#organization","name":"Rodoaed","url":"https:\/\/rodoaed.ee\/","logo":{"@type":"ImageObject","inLanguage":"fi","@id":"https:\/\/rodoaed.ee\/#\/schema\/logo\/image\/","url":"https:\/\/rodoaed.ee\/wp-content\/uploads\/2019\/11\/rodoaed-logo-ilma-taustata.jpg","contentUrl":"https:\/\/rodoaed.ee\/wp-content\/uploads\/2019\/11\/rodoaed-logo-ilma-taustata.jpg","width":769,"height":268,"caption":"Rodoaed"},"image":{"@id":"https:\/\/rodoaed.ee\/#\/schema\/logo\/image\/"},"sameAs":["https:\/\/www.facebook.com\/kasvuhooned\/","https:\/\/rodoaed.ee"]}]}},"_links":{"self":[{"href":"https:\/\/rodoaed.ee\/fi\/wp-json\/wp\/v2\/product\/53726","targetHints":{"allow":["GET"]}}],"collection":[{"href":"https:\/\/rodoaed.ee\/fi\/wp-json\/wp\/v2\/product"}],"about":[{"href":"https:\/\/rodoaed.ee\/fi\/wp-json\/wp\/v2\/types\/product"}],"wp:featuredmedia":[{"embeddable":true,"href":"https:\/\/rodoaed.ee\/fi\/wp-json\/wp\/v2\/media\/28783"}],"wp:attachment":[{"href":"https:\/\/rodoaed.ee\/fi\/wp-json\/wp\/v2\/media?parent=53726"}],"wp:term":[{"taxonomy":"product_brand","embeddable":true,"href":"https:\/\/rodoaed.ee\/fi\/wp-json\/wp\/v2\/product_brand?post=53726"},{"taxonomy":"product_cat","embeddable":true,"href":"https:\/\/rodoaed.ee\/fi\/wp-json\/wp\/v2\/product_cat?post=53726"},{"taxonomy":"product_tag","embeddable":true,"href":"https:\/\/rodoaed.ee\/fi\/wp-json\/wp\/v2\/product_tag?post=53726"}],"curies":[{"name":"wp","href":"https:\/\/api.w.org\/{rel}","templated":true}]}}